{"id":131774,"date":"2026-02-16T14:18:53","date_gmt":"2026-02-16T13:18:53","guid":{"rendered":"https:\/\/clair.si\/izdelek\/repelent-protiv-insekata-stubben\/"},"modified":"2026-02-16T14:18:53","modified_gmt":"2026-02-16T13:18:53","slug":"repelent-protiv-insekata-stubben","status":"publish","type":"product","link":"https:\/\/clair.si\/hr\/izdelek\/repelent-protiv-insekata-stubben\/","title":{"rendered":"Repelent protiv insekata Stubben"},"content":{"rendered":"<p data-start=\"53\" data-end=\"389\">St\u00fcbben <strong data-start=\"61\" data-end=\"78\">F** Off Deo<\/strong> je <strong data-start=\"82\" data-end=\"109\">prirodni, uljni repelent<\/strong> za konje, osmi\u0161ljen da razvije <strong data-start=\"146\" data-end=\"166\">dugotrajan miris<\/strong> koji poma\u017ee <strong data-start=\"178\" data-end=\"214\">otjerati muhe i dosadne insekte<\/strong>. Razvijen je u suradnji s njema\u010dkim majstorom kova\u010dem <strong data-start=\"272\" data-end=\"297\">Gustavom Optenplatzom<\/strong> i namijenjen je svakodnevnoj upotrebi tijekom sezone insekata. <\/p>\n<ol data-start=\"662\" data-end=\"1007\">\n<li data-start=\"662\" data-end=\"806\">\n<p data-start=\"665\" data-end=\"806\"><strong data-start=\"665\" data-end=\"690\">Najprije napravite test<\/strong> na povr\u0161ini pribli\u017eno <strong data-start=\"704\" data-end=\"723\">veli\u010dine dlana<\/strong> (patch test), kako biste provjerili kompatibilnost.<\/p>\n<\/li>\n<li data-start=\"807\" data-end=\"921\">\n<p data-start=\"810\" data-end=\"921\">Zatim ravnomjerno raspr\u0161ite <strong data-start=\"825\" data-end=\"849\">po tijelu<\/strong> s udaljenosti od pribli\u017eno <strong data-start=\"871\" data-end=\"880\">40 cm<\/strong>.<\/p>\n<\/li>\n<li data-start=\"922\" data-end=\"1007\">\n<p data-start=\"925\" data-end=\"1007\"><strong data-start=\"925\" data-end=\"942\">Izbjegavajte<\/strong> o\u010di, nosnice i usta.<\/p>\n<\/li>\n<\/ol>\n<p data-start=\"1047\" data-end=\"1143\">\u0160tetno za vodene organizme s dugotrajnim u\u010dincima. \u010cuvati izvan dohvata djece. Sprije\u010diti ispu\u0161tanje u okoli\u0161.  <\/p>\n<p data-start=\"1331\" data-end=\"1465\"><strong>Sastojci:<\/strong> Eukaliptol, Eugenol, L-Metanon, Limonen, Pinen \u2013 mogu izazvati alergijske reakcije.<\/p>\n<p data-start=\"1331\" data-end=\"1465\"><strong>Koli\u010dina:<\/strong> 500 ml<\/p>\n","protected":false},"excerpt":{"rendered":"<ul data-start=\"424\" data-end=\"632\">\n<li data-start=\"424\" data-end=\"537\">\n<p data-start=\"426\" data-end=\"537\">uljna formula s dugotrajnim \u201cdeo\u201d u\u010dinkom (miris kao odvra\u0107aju\u0107i faktor)<\/p>\n<\/li>\n<li data-start=\"538\" data-end=\"565\">\n<p data-start=\"540\" data-end=\"565\">jednostavno nano\u0161enje sprejem<\/p>\n<\/li>\n<li data-start=\"566\" data-end=\"632\">\n<p data-start=\"568\" data-end=\"632\">prikladno za rutinsku upotrebu u staji, na pa\u0161njaku i tijekom treninga<\/p>\n<\/li>\n<\/ul>\n","protected":false},"featured_media":130660,"template":"","meta":{"footnotes":""},"product_brand":[],"product_cat":[5624,5675,5677,5769,5625,5628,5627,5679],"product_tag":[],"class_list":{"0":"post-131774","1":"product","2":"type-product","3":"status-publish","4":"has-post-thumbnail","6":"product_cat-konj-hr","7":"product_cat-kozmetika-za-konje-hr","8":"product_cat-kozmetika-za-konje-hr-2","9":"product_cat-must-have","10":"product_cat-njega-konja","11":"product_cat-njega-konja-hr","12":"product_cat-stala-i-pasnjak","13":"product_cat-zastita-od-insekata-hr","15":"first","16":"instock","17":"shipping-taxable","18":"purchasable","19":"product-type-simple"},"yoast_head":"<!-- This site is optimized with the Yoast SEO plugin v27.3 - https:\/\/yoast.com\/product\/yoast-seo-wordpress\/ -->\n<title>Repelent protiv insekata Stubben - Clair<\/title>\n<meta name=\"description\" content=\"uljna formula s dugotrajnim \u201cdeo\u201d u\u010dinkom (miris kao odvra\u0107aju\u0107i faktor)   jednostavno nano\u0161enje sprejem   prikladno za rutinsku upotrebu u staji, na pa\u0161njaku i tijekom treninga\" \/>\n<meta name=\"robots\" content=\"index, follow, max-snippet:-1, max-image-preview:large, max-video-preview:-1\" \/>\n<link rel=\"canonical\" href=\"https:\/\/clair.si\/hr\/izdelek\/repelent-protiv-insekata-stubben\/\" \/>\n<meta property=\"og:locale\" content=\"hr_HR\" \/>\n<meta property=\"og:type\" content=\"article\" \/>\n<meta property=\"og:title\" content=\"Repelent protiv insekata Stubben - Clair\" \/>\n<meta property=\"og:description\" content=\"uljna formula s dugotrajnim \u201cdeo\u201d u\u010dinkom (miris kao odvra\u0107aju\u0107i faktor)   jednostavno nano\u0161enje sprejem   prikladno za rutinsku upotrebu u staji, na pa\u0161njaku i tijekom treninga\" \/>\n<meta property=\"og:url\" content=\"https:\/\/clair.si\/hr\/izdelek\/repelent-protiv-insekata-stubben\/\" \/>\n<meta property=\"og:site_name\" content=\"Clair\" \/>\n<meta property=\"article:publisher\" content=\"https:\/\/www.facebook.com\/TrgovinaClair\/\" \/>\n<meta property=\"og:image\" content=\"https:\/\/clair.si\/wp-content\/uploads\/2026\/02\/stubben-proti-mrcesu-clair.webp\" \/>\n\t<meta property=\"og:image:width\" content=\"700\" \/>\n\t<meta property=\"og:image:height\" content=\"700\" \/>\n\t<meta property=\"og:image:type\" content=\"image\/png\" \/>\n<meta name=\"twitter:card\" content=\"summary_large_image\" \/>\n<meta name=\"twitter:label1\" content=\"Procijenjeno vrijeme \u010ditanja\" \/>\n\t<meta name=\"twitter:data1\" content=\"1 minuta\" \/>\n<script type=\"application\/ld+json\" class=\"yoast-schema-graph\">{\"@context\":\"https:\\\/\\\/schema.org\",\"@graph\":[{\"@type\":\"WebPage\",\"@id\":\"https:\\\/\\\/clair.si\\\/hr\\\/izdelek\\\/repelent-protiv-insekata-stubben\\\/\",\"url\":\"https:\\\/\\\/clair.si\\\/hr\\\/izdelek\\\/repelent-protiv-insekata-stubben\\\/\",\"name\":\"Repelent protiv insekata Stubben - Clair\",\"isPartOf\":{\"@id\":\"https:\\\/\\\/clair.si\\\/#website\"},\"primaryImageOfPage\":{\"@id\":\"https:\\\/\\\/clair.si\\\/hr\\\/izdelek\\\/repelent-protiv-insekata-stubben\\\/#primaryimage\"},\"image\":{\"@id\":\"https:\\\/\\\/clair.si\\\/hr\\\/izdelek\\\/repelent-protiv-insekata-stubben\\\/#primaryimage\"},\"thumbnailUrl\":\"https:\\\/\\\/clair.si\\\/wp-content\\\/uploads\\\/2026\\\/02\\\/stubben-proti-mrcesu-clair.webp\",\"datePublished\":\"2026-02-16T13:18:53+00:00\",\"description\":\"uljna formula s dugotrajnim \u201cdeo\u201d u\u010dinkom (miris kao odvra\u0107aju\u0107i faktor) jednostavno nano\u0161enje sprejem prikladno za rutinsku upotrebu u staji, na pa\u0161njaku i tijekom treninga\",\"breadcrumb\":{\"@id\":\"https:\\\/\\\/clair.si\\\/hr\\\/izdelek\\\/repelent-protiv-insekata-stubben\\\/#breadcrumb\"},\"inLanguage\":\"hr\",\"potentialAction\":[{\"@type\":\"ReadAction\",\"target\":[\"https:\\\/\\\/clair.si\\\/hr\\\/izdelek\\\/repelent-protiv-insekata-stubben\\\/\"]}]},{\"@type\":\"ImageObject\",\"inLanguage\":\"hr\",\"@id\":\"https:\\\/\\\/clair.si\\\/hr\\\/izdelek\\\/repelent-protiv-insekata-stubben\\\/#primaryimage\",\"url\":\"https:\\\/\\\/clair.si\\\/wp-content\\\/uploads\\\/2026\\\/02\\\/stubben-proti-mrcesu-clair.webp\",\"contentUrl\":\"https:\\\/\\\/clair.si\\\/wp-content\\\/uploads\\\/2026\\\/02\\\/stubben-proti-mrcesu-clair.webp\",\"width\":700,\"height\":700},{\"@type\":\"BreadcrumbList\",\"@id\":\"https:\\\/\\\/clair.si\\\/hr\\\/izdelek\\\/repelent-protiv-insekata-stubben\\\/#breadcrumb\",\"itemListElement\":[{\"@type\":\"ListItem\",\"position\":1,\"name\":\"Home\",\"item\":\"https:\\\/\\\/clair.si\\\/hr\\\/\"},{\"@type\":\"ListItem\",\"position\":2,\"name\":\"Trgovina\",\"item\":\"https:\\\/\\\/clair.si\\\/trgovina\\\/\"},{\"@type\":\"ListItem\",\"position\":3,\"name\":\"Repelent protiv insekata Stubben\"}]},{\"@type\":\"WebSite\",\"@id\":\"https:\\\/\\\/clair.si\\\/#website\",\"url\":\"https:\\\/\\\/clair.si\\\/\",\"name\":\"Clair\",\"description\":\"Trgovina s konjeni\u0161ko opremo\",\"publisher\":{\"@id\":\"https:\\\/\\\/clair.si\\\/#organization\"},\"potentialAction\":[{\"@type\":\"SearchAction\",\"target\":{\"@type\":\"EntryPoint\",\"urlTemplate\":\"https:\\\/\\\/clair.si\\\/?s={search_term_string}\"},\"query-input\":{\"@type\":\"PropertyValueSpecification\",\"valueRequired\":true,\"valueName\":\"search_term_string\"}}],\"inLanguage\":\"hr\"},{\"@type\":\"Organization\",\"@id\":\"https:\\\/\\\/clair.si\\\/#organization\",\"name\":\"Clair\",\"url\":\"https:\\\/\\\/clair.si\\\/\",\"logo\":{\"@type\":\"ImageObject\",\"inLanguage\":\"hr\",\"@id\":\"https:\\\/\\\/clair.si\\\/#\\\/schema\\\/logo\\\/image\\\/\",\"url\":\"https:\\\/\\\/clair.si\\\/wp-content\\\/uploads\\\/2022\\\/11\\\/clair_logo_2022.jpg\",\"contentUrl\":\"https:\\\/\\\/clair.si\\\/wp-content\\\/uploads\\\/2022\\\/11\\\/clair_logo_2022.jpg\",\"width\":1920,\"height\":1920,\"caption\":\"Clair\"},\"image\":{\"@id\":\"https:\\\/\\\/clair.si\\\/#\\\/schema\\\/logo\\\/image\\\/\"},\"sameAs\":[\"https:\\\/\\\/www.facebook.com\\\/TrgovinaClair\\\/\"]}]}<\/script>\n<!-- \/ Yoast SEO plugin. -->","yoast_head_json":{"title":"Repelent protiv insekata Stubben - Clair","description":"uljna formula s dugotrajnim \u201cdeo\u201d u\u010dinkom (miris kao odvra\u0107aju\u0107i faktor)   jednostavno nano\u0161enje sprejem   prikladno za rutinsku upotrebu u staji, na pa\u0161njaku i tijekom treninga","robots":{"index":"index","follow":"follow","max-snippet":"max-snippet:-1","max-image-preview":"max-image-preview:large","max-video-preview":"max-video-preview:-1"},"canonical":"https:\/\/clair.si\/hr\/izdelek\/repelent-protiv-insekata-stubben\/","og_locale":"hr_HR","og_type":"article","og_title":"Repelent protiv insekata Stubben - Clair","og_description":"uljna formula s dugotrajnim \u201cdeo\u201d u\u010dinkom (miris kao odvra\u0107aju\u0107i faktor)   jednostavno nano\u0161enje sprejem   prikladno za rutinsku upotrebu u staji, na pa\u0161njaku i tijekom treninga","og_url":"https:\/\/clair.si\/hr\/izdelek\/repelent-protiv-insekata-stubben\/","og_site_name":"Clair","article_publisher":"https:\/\/www.facebook.com\/TrgovinaClair\/","og_image":[{"width":700,"height":700,"url":"https:\/\/clair.si\/wp-content\/uploads\/2026\/02\/stubben-proti-mrcesu-clair.webp","type":"image\/png"}],"twitter_card":"summary_large_image","twitter_misc":{"Procijenjeno vrijeme \u010ditanja":"1 minuta"},"schema":{"@context":"https:\/\/schema.org","@graph":[{"@type":"WebPage","@id":"https:\/\/clair.si\/hr\/izdelek\/repelent-protiv-insekata-stubben\/","url":"https:\/\/clair.si\/hr\/izdelek\/repelent-protiv-insekata-stubben\/","name":"Repelent protiv insekata Stubben - Clair","isPartOf":{"@id":"https:\/\/clair.si\/#website"},"primaryImageOfPage":{"@id":"https:\/\/clair.si\/hr\/izdelek\/repelent-protiv-insekata-stubben\/#primaryimage"},"image":{"@id":"https:\/\/clair.si\/hr\/izdelek\/repelent-protiv-insekata-stubben\/#primaryimage"},"thumbnailUrl":"https:\/\/clair.si\/wp-content\/uploads\/2026\/02\/stubben-proti-mrcesu-clair.webp","datePublished":"2026-02-16T13:18:53+00:00","description":"uljna formula s dugotrajnim \u201cdeo\u201d u\u010dinkom (miris kao odvra\u0107aju\u0107i faktor) jednostavno nano\u0161enje sprejem prikladno za rutinsku upotrebu u staji, na pa\u0161njaku i tijekom treninga","breadcrumb":{"@id":"https:\/\/clair.si\/hr\/izdelek\/repelent-protiv-insekata-stubben\/#breadcrumb"},"inLanguage":"hr","potentialAction":[{"@type":"ReadAction","target":["https:\/\/clair.si\/hr\/izdelek\/repelent-protiv-insekata-stubben\/"]}]},{"@type":"ImageObject","inLanguage":"hr","@id":"https:\/\/clair.si\/hr\/izdelek\/repelent-protiv-insekata-stubben\/#primaryimage","url":"https:\/\/clair.si\/wp-content\/uploads\/2026\/02\/stubben-proti-mrcesu-clair.webp","contentUrl":"https:\/\/clair.si\/wp-content\/uploads\/2026\/02\/stubben-proti-mrcesu-clair.webp","width":700,"height":700},{"@type":"BreadcrumbList","@id":"https:\/\/clair.si\/hr\/izdelek\/repelent-protiv-insekata-stubben\/#breadcrumb","itemListElement":[{"@type":"ListItem","position":1,"name":"Home","item":"https:\/\/clair.si\/hr\/"},{"@type":"ListItem","position":2,"name":"Trgovina","item":"https:\/\/clair.si\/trgovina\/"},{"@type":"ListItem","position":3,"name":"Repelent protiv insekata Stubben"}]},{"@type":"WebSite","@id":"https:\/\/clair.si\/#website","url":"https:\/\/clair.si\/","name":"Clair","description":"Trgovina s konjeni\u0161ko opremo","publisher":{"@id":"https:\/\/clair.si\/#organization"},"potentialAction":[{"@type":"SearchAction","target":{"@type":"EntryPoint","urlTemplate":"https:\/\/clair.si\/?s={search_term_string}"},"query-input":{"@type":"PropertyValueSpecification","valueRequired":true,"valueName":"search_term_string"}}],"inLanguage":"hr"},{"@type":"Organization","@id":"https:\/\/clair.si\/#organization","name":"Clair","url":"https:\/\/clair.si\/","logo":{"@type":"ImageObject","inLanguage":"hr","@id":"https:\/\/clair.si\/#\/schema\/logo\/image\/","url":"https:\/\/clair.si\/wp-content\/uploads\/2022\/11\/clair_logo_2022.jpg","contentUrl":"https:\/\/clair.si\/wp-content\/uploads\/2022\/11\/clair_logo_2022.jpg","width":1920,"height":1920,"caption":"Clair"},"image":{"@id":"https:\/\/clair.si\/#\/schema\/logo\/image\/"},"sameAs":["https:\/\/www.facebook.com\/TrgovinaClair\/"]}]}},"_links":{"self":[{"href":"https:\/\/clair.si\/hr\/wp-json\/wp\/v2\/product\/131774","targetHints":{"allow":["GET"]}}],"collection":[{"href":"https:\/\/clair.si\/hr\/wp-json\/wp\/v2\/product"}],"about":[{"href":"https:\/\/clair.si\/hr\/wp-json\/wp\/v2\/types\/product"}],"version-history":[{"count":0,"href":"https:\/\/clair.si\/hr\/wp-json\/wp\/v2\/product\/131774\/revisions"}],"wp:featuredmedia":[{"embeddable":true,"href":"https:\/\/clair.si\/hr\/wp-json\/wp\/v2\/media\/130660"}],"wp:attachment":[{"href":"https:\/\/clair.si\/hr\/wp-json\/wp\/v2\/media?parent=131774"}],"wp:term":[{"taxonomy":"product_brand","embeddable":true,"href":"https:\/\/clair.si\/hr\/wp-json\/wp\/v2\/product_brand?post=131774"},{"taxonomy":"product_cat","embeddable":true,"href":"https:\/\/clair.si\/hr\/wp-json\/wp\/v2\/product_cat?post=131774"},{"taxonomy":"product_tag","embeddable":true,"href":"https:\/\/clair.si\/hr\/wp-json\/wp\/v2\/product_tag?post=131774"}],"curies":[{"name":"wp","href":"https:\/\/api.w.org\/{rel}","templated":true}]}}