{"id":131775,"date":"2026-02-17T10:40:48","date_gmt":"2026-02-17T09:40:48","guid":{"rendered":"https:\/\/clair.si\/izdelek\/uzda-kavalkade-reyna\/"},"modified":"2026-02-17T10:40:48","modified_gmt":"2026-02-17T09:40:48","slug":"uzda-kavalkade-reyna","status":"publish","type":"product","link":"https:\/\/clair.si\/hr\/izdelek\/uzda-kavalkade-reyna\/","title":{"rendered":"Uzda Kavalkade Reyna"},"content":{"rendered":"<p data-start=\"85\" data-end=\"432\">Kavalkade <strong data-start=\"95\" data-end=\"113\">Reyna KavalSH4<\/strong> je elegantna uzda od <strong data-start=\"135\" data-end=\"155\">lakirane ko\u017ee<\/strong>, dizajnirana za precizno pristajanje i \u010dist natjecateljski izgled. Ima <strong data-start=\"220\" data-end=\"257\">\u0161vedski kombinirani nosnik<\/strong>, koji je <strong data-start=\"265\" data-end=\"295\">podesiv s obje strane<\/strong>, anatomski oblikovan potiljni dio te koso postavljen grleni remen za mirniji polo\u017eaj uzde. <\/p>\n<p data-start=\"434\" data-end=\"647\">Posebnost izvedbe <strong data-start=\"452\" data-end=\"464\">KavalSH4<\/strong> je <strong data-start=\"468\" data-end=\"547\">odvojivi podbradni remen bez vidljivog pri\u010dvr\u0161\u0107enja<\/strong> \u2013 kada ga uklonite, uzda i dalje izgleda estetski i \u201e\u010disto\u201d.<\/p>\n<ul data-start=\"671\" data-end=\"1311\">\n<li data-start=\"671\" data-end=\"768\">\n<p data-start=\"673\" data-end=\"768\"><strong data-start=\"673\" data-end=\"702\">\u0160vedski kombinirani nosnik<\/strong>, podesiv s obje strane<\/p>\n<\/li>\n<li data-start=\"878\" data-end=\"956\">\n<p data-start=\"880\" data-end=\"956\"><strong data-start=\"880\" data-end=\"916\">Anatomski oblikovan dio za u\u0161i<\/strong><\/p>\n<\/li>\n<li data-start=\"957\" data-end=\"1080\">\n<p data-start=\"959\" data-end=\"1080\">Potiljni dio, li\u010dnice, nosnik, \u010deoni remen i ko\u017ene om\u010de od <strong data-start=\"1020\" data-end=\"1040\">lakirane ko\u017ee<\/strong><\/p>\n<\/li>\n<li data-start=\"1081\" data-end=\"1211\">\n<p data-start=\"1083\" data-end=\"1211\">Diskretan detalj: <strong data-start=\"1101\" data-end=\"1126\">bijeli kamen\u010di\u0107<\/strong> na dr\u017ea\u010du podbradnog remen\u010di\u0107a i na om\u010dama<\/p>\n<\/li>\n<li data-start=\"1212\" data-end=\"1311\">\n<p data-start=\"1214\" data-end=\"1311\"><strong data-start=\"1214\" data-end=\"1271\">Uklju\u010dene uske gumirane uzde s pre\u010dkama za bolji hvat<\/strong><\/p>\n<\/li>\n<\/ul>\n<p data-start=\"1680\" data-end=\"1788\"><strong data-start=\"1680\" data-end=\"1746\">Materijal: <\/strong>79% ko\u017ea, 10% nehr\u0111aju\u0107i \u010delik, 7% guma, 3% staklo, 1% PU\/EVA.<\/p>\n","protected":false},"excerpt":{"rendered":"<ul>\n<li>elegantna uzda dresurnog tipa<\/li>\n<li>s lakiranim detaljima<\/li>\n<li>crank nosnik, diskretno uklonjiv podbradni remen<\/li>\n<li>prilo\u017eene tanke gumirane uzde<\/li>\n<\/ul>\n","protected":false},"featured_media":130726,"template":"","meta":{"footnotes":""},"product_brand":[],"product_cat":[5624,5843,5697],"product_tag":[],"class_list":{"0":"post-131775","1":"product","2":"type-product","3":"status-publish","4":"has-post-thumbnail","6":"product_cat-konj-hr","7":"product_cat-uzde","8":"product_cat-uzde-i-dizgini","10":"first","11":"instock","12":"shipping-taxable","13":"purchasable","14":"product-type-variable"},"yoast_head":"<!-- This site is optimized with the Yoast SEO plugin v27.3 - https:\/\/yoast.com\/product\/yoast-seo-wordpress\/ -->\n<title>Uzda Kavalkade Reyna - Clair<\/title>\n<meta name=\"description\" content=\"elegantna uzda dresurnog tipa  s lakiranim detaljima  crank nosnik, diskretno uklonjiv podbradni remen  prilo\u017eene tanke gumirane uzde\" \/>\n<meta name=\"robots\" content=\"index, follow, max-snippet:-1, max-image-preview:large, max-video-preview:-1\" \/>\n<link rel=\"canonical\" href=\"https:\/\/clair.si\/hr\/izdelek\/uzda-kavalkade-reyna\/\" \/>\n<meta property=\"og:locale\" content=\"hr_HR\" \/>\n<meta property=\"og:type\" content=\"article\" \/>\n<meta property=\"og:title\" content=\"Uzda Kavalkade Reyna - Clair\" \/>\n<meta property=\"og:description\" content=\"elegantna uzda dresurnog tipa  s lakiranim detaljima  crank nosnik, diskretno uklonjiv podbradni remen  prilo\u017eene tanke gumirane uzde\" \/>\n<meta property=\"og:url\" content=\"https:\/\/clair.si\/hr\/izdelek\/uzda-kavalkade-reyna\/\" \/>\n<meta property=\"og:site_name\" content=\"Clair\" \/>\n<meta property=\"article:publisher\" content=\"https:\/\/www.facebook.com\/TrgovinaClair\/\" \/>\n<meta property=\"og:image\" content=\"https:\/\/clair.si\/wp-content\/uploads\/2026\/02\/uzda-kavalkade-reina.webp\" \/>\n\t<meta property=\"og:image:width\" content=\"800\" \/>\n\t<meta property=\"og:image:height\" content=\"800\" \/>\n\t<meta property=\"og:image:type\" content=\"image\/jpeg\" \/>\n<meta name=\"twitter:card\" content=\"summary_large_image\" \/>\n<meta name=\"twitter:label1\" content=\"Procijenjeno vrijeme \u010ditanja\" \/>\n\t<meta name=\"twitter:data1\" content=\"1 minuta\" \/>\n<script type=\"application\/ld+json\" class=\"yoast-schema-graph\">{\"@context\":\"https:\\\/\\\/schema.org\",\"@graph\":[{\"@type\":\"WebPage\",\"@id\":\"https:\\\/\\\/clair.si\\\/hr\\\/izdelek\\\/uzda-kavalkade-reyna\\\/\",\"url\":\"https:\\\/\\\/clair.si\\\/hr\\\/izdelek\\\/uzda-kavalkade-reyna\\\/\",\"name\":\"Uzda Kavalkade Reyna - Clair\",\"isPartOf\":{\"@id\":\"https:\\\/\\\/clair.si\\\/#website\"},\"primaryImageOfPage\":{\"@id\":\"https:\\\/\\\/clair.si\\\/hr\\\/izdelek\\\/uzda-kavalkade-reyna\\\/#primaryimage\"},\"image\":{\"@id\":\"https:\\\/\\\/clair.si\\\/hr\\\/izdelek\\\/uzda-kavalkade-reyna\\\/#primaryimage\"},\"thumbnailUrl\":\"https:\\\/\\\/clair.si\\\/wp-content\\\/uploads\\\/2026\\\/02\\\/uzda-kavalkade-reina.webp\",\"datePublished\":\"2026-02-17T09:40:48+00:00\",\"description\":\"elegantna uzda dresurnog tipa s lakiranim detaljima crank nosnik, diskretno uklonjiv podbradni remen prilo\u017eene tanke gumirane uzde\",\"breadcrumb\":{\"@id\":\"https:\\\/\\\/clair.si\\\/hr\\\/izdelek\\\/uzda-kavalkade-reyna\\\/#breadcrumb\"},\"inLanguage\":\"hr\",\"potentialAction\":[{\"@type\":\"ReadAction\",\"target\":[\"https:\\\/\\\/clair.si\\\/hr\\\/izdelek\\\/uzda-kavalkade-reyna\\\/\"]}]},{\"@type\":\"ImageObject\",\"inLanguage\":\"hr\",\"@id\":\"https:\\\/\\\/clair.si\\\/hr\\\/izdelek\\\/uzda-kavalkade-reyna\\\/#primaryimage\",\"url\":\"https:\\\/\\\/clair.si\\\/wp-content\\\/uploads\\\/2026\\\/02\\\/uzda-kavalkade-reina.webp\",\"contentUrl\":\"https:\\\/\\\/clair.si\\\/wp-content\\\/uploads\\\/2026\\\/02\\\/uzda-kavalkade-reina.webp\",\"width\":800,\"height\":800},{\"@type\":\"BreadcrumbList\",\"@id\":\"https:\\\/\\\/clair.si\\\/hr\\\/izdelek\\\/uzda-kavalkade-reyna\\\/#breadcrumb\",\"itemListElement\":[{\"@type\":\"ListItem\",\"position\":1,\"name\":\"Home\",\"item\":\"https:\\\/\\\/clair.si\\\/hr\\\/\"},{\"@type\":\"ListItem\",\"position\":2,\"name\":\"Trgovina\",\"item\":\"https:\\\/\\\/clair.si\\\/trgovina\\\/\"},{\"@type\":\"ListItem\",\"position\":3,\"name\":\"Uzda Kavalkade Reyna\"}]},{\"@type\":\"WebSite\",\"@id\":\"https:\\\/\\\/clair.si\\\/#website\",\"url\":\"https:\\\/\\\/clair.si\\\/\",\"name\":\"Clair\",\"description\":\"Trgovina s konjeni\u0161ko opremo\",\"publisher\":{\"@id\":\"https:\\\/\\\/clair.si\\\/#organization\"},\"potentialAction\":[{\"@type\":\"SearchAction\",\"target\":{\"@type\":\"EntryPoint\",\"urlTemplate\":\"https:\\\/\\\/clair.si\\\/?s={search_term_string}\"},\"query-input\":{\"@type\":\"PropertyValueSpecification\",\"valueRequired\":true,\"valueName\":\"search_term_string\"}}],\"inLanguage\":\"hr\"},{\"@type\":\"Organization\",\"@id\":\"https:\\\/\\\/clair.si\\\/#organization\",\"name\":\"Clair\",\"url\":\"https:\\\/\\\/clair.si\\\/\",\"logo\":{\"@type\":\"ImageObject\",\"inLanguage\":\"hr\",\"@id\":\"https:\\\/\\\/clair.si\\\/#\\\/schema\\\/logo\\\/image\\\/\",\"url\":\"https:\\\/\\\/clair.si\\\/wp-content\\\/uploads\\\/2022\\\/11\\\/clair_logo_2022.jpg\",\"contentUrl\":\"https:\\\/\\\/clair.si\\\/wp-content\\\/uploads\\\/2022\\\/11\\\/clair_logo_2022.jpg\",\"width\":1920,\"height\":1920,\"caption\":\"Clair\"},\"image\":{\"@id\":\"https:\\\/\\\/clair.si\\\/#\\\/schema\\\/logo\\\/image\\\/\"},\"sameAs\":[\"https:\\\/\\\/www.facebook.com\\\/TrgovinaClair\\\/\"]}]}<\/script>\n<!-- \/ Yoast SEO plugin. -->","yoast_head_json":{"title":"Uzda Kavalkade Reyna - Clair","description":"elegantna uzda dresurnog tipa  s lakiranim detaljima  crank nosnik, diskretno uklonjiv podbradni remen  prilo\u017eene tanke gumirane uzde","robots":{"index":"index","follow":"follow","max-snippet":"max-snippet:-1","max-image-preview":"max-image-preview:large","max-video-preview":"max-video-preview:-1"},"canonical":"https:\/\/clair.si\/hr\/izdelek\/uzda-kavalkade-reyna\/","og_locale":"hr_HR","og_type":"article","og_title":"Uzda Kavalkade Reyna - Clair","og_description":"elegantna uzda dresurnog tipa  s lakiranim detaljima  crank nosnik, diskretno uklonjiv podbradni remen  prilo\u017eene tanke gumirane uzde","og_url":"https:\/\/clair.si\/hr\/izdelek\/uzda-kavalkade-reyna\/","og_site_name":"Clair","article_publisher":"https:\/\/www.facebook.com\/TrgovinaClair\/","og_image":[{"width":800,"height":800,"url":"https:\/\/clair.si\/wp-content\/uploads\/2026\/02\/uzda-kavalkade-reina.webp","type":"image\/jpeg"}],"twitter_card":"summary_large_image","twitter_misc":{"Procijenjeno vrijeme \u010ditanja":"1 minuta"},"schema":{"@context":"https:\/\/schema.org","@graph":[{"@type":"WebPage","@id":"https:\/\/clair.si\/hr\/izdelek\/uzda-kavalkade-reyna\/","url":"https:\/\/clair.si\/hr\/izdelek\/uzda-kavalkade-reyna\/","name":"Uzda Kavalkade Reyna - Clair","isPartOf":{"@id":"https:\/\/clair.si\/#website"},"primaryImageOfPage":{"@id":"https:\/\/clair.si\/hr\/izdelek\/uzda-kavalkade-reyna\/#primaryimage"},"image":{"@id":"https:\/\/clair.si\/hr\/izdelek\/uzda-kavalkade-reyna\/#primaryimage"},"thumbnailUrl":"https:\/\/clair.si\/wp-content\/uploads\/2026\/02\/uzda-kavalkade-reina.webp","datePublished":"2026-02-17T09:40:48+00:00","description":"elegantna uzda dresurnog tipa s lakiranim detaljima crank nosnik, diskretno uklonjiv podbradni remen prilo\u017eene tanke gumirane uzde","breadcrumb":{"@id":"https:\/\/clair.si\/hr\/izdelek\/uzda-kavalkade-reyna\/#breadcrumb"},"inLanguage":"hr","potentialAction":[{"@type":"ReadAction","target":["https:\/\/clair.si\/hr\/izdelek\/uzda-kavalkade-reyna\/"]}]},{"@type":"ImageObject","inLanguage":"hr","@id":"https:\/\/clair.si\/hr\/izdelek\/uzda-kavalkade-reyna\/#primaryimage","url":"https:\/\/clair.si\/wp-content\/uploads\/2026\/02\/uzda-kavalkade-reina.webp","contentUrl":"https:\/\/clair.si\/wp-content\/uploads\/2026\/02\/uzda-kavalkade-reina.webp","width":800,"height":800},{"@type":"BreadcrumbList","@id":"https:\/\/clair.si\/hr\/izdelek\/uzda-kavalkade-reyna\/#breadcrumb","itemListElement":[{"@type":"ListItem","position":1,"name":"Home","item":"https:\/\/clair.si\/hr\/"},{"@type":"ListItem","position":2,"name":"Trgovina","item":"https:\/\/clair.si\/trgovina\/"},{"@type":"ListItem","position":3,"name":"Uzda Kavalkade Reyna"}]},{"@type":"WebSite","@id":"https:\/\/clair.si\/#website","url":"https:\/\/clair.si\/","name":"Clair","description":"Trgovina s konjeni\u0161ko opremo","publisher":{"@id":"https:\/\/clair.si\/#organization"},"potentialAction":[{"@type":"SearchAction","target":{"@type":"EntryPoint","urlTemplate":"https:\/\/clair.si\/?s={search_term_string}"},"query-input":{"@type":"PropertyValueSpecification","valueRequired":true,"valueName":"search_term_string"}}],"inLanguage":"hr"},{"@type":"Organization","@id":"https:\/\/clair.si\/#organization","name":"Clair","url":"https:\/\/clair.si\/","logo":{"@type":"ImageObject","inLanguage":"hr","@id":"https:\/\/clair.si\/#\/schema\/logo\/image\/","url":"https:\/\/clair.si\/wp-content\/uploads\/2022\/11\/clair_logo_2022.jpg","contentUrl":"https:\/\/clair.si\/wp-content\/uploads\/2022\/11\/clair_logo_2022.jpg","width":1920,"height":1920,"caption":"Clair"},"image":{"@id":"https:\/\/clair.si\/#\/schema\/logo\/image\/"},"sameAs":["https:\/\/www.facebook.com\/TrgovinaClair\/"]}]}},"_links":{"self":[{"href":"https:\/\/clair.si\/hr\/wp-json\/wp\/v2\/product\/131775","targetHints":{"allow":["GET"]}}],"collection":[{"href":"https:\/\/clair.si\/hr\/wp-json\/wp\/v2\/product"}],"about":[{"href":"https:\/\/clair.si\/hr\/wp-json\/wp\/v2\/types\/product"}],"version-history":[{"count":0,"href":"https:\/\/clair.si\/hr\/wp-json\/wp\/v2\/product\/131775\/revisions"}],"wp:featuredmedia":[{"embeddable":true,"href":"https:\/\/clair.si\/hr\/wp-json\/wp\/v2\/media\/130726"}],"wp:attachment":[{"href":"https:\/\/clair.si\/hr\/wp-json\/wp\/v2\/media?parent=131775"}],"wp:term":[{"taxonomy":"product_brand","embeddable":true,"href":"https:\/\/clair.si\/hr\/wp-json\/wp\/v2\/product_brand?post=131775"},{"taxonomy":"product_cat","embeddable":true,"href":"https:\/\/clair.si\/hr\/wp-json\/wp\/v2\/product_cat?post=131775"},{"taxonomy":"product_tag","embeddable":true,"href":"https:\/\/clair.si\/hr\/wp-json\/wp\/v2\/product_tag?post=131775"}],"curies":[{"name":"wp","href":"https:\/\/api.w.org\/{rel}","templated":true}]}}