{"id":131783,"date":"2026-02-16T14:48:06","date_gmt":"2026-02-16T13:48:06","guid":{"rendered":"https:\/\/clair.si\/izdelek\/ulje-za-kopita-stubben\/"},"modified":"2026-02-16T14:48:06","modified_gmt":"2026-02-16T13:48:06","slug":"ulje-za-kopita-stubben","status":"publish","type":"product","link":"https:\/\/clair.si\/hr\/izdelek\/ulje-za-kopita-stubben\/","title":{"rendered":"Ulje za kopita St\u00fcbben"},"content":{"rendered":"<p data-start=\"43\" data-end=\"382\">St\u00fcbben <strong data-start=\"51\" data-end=\"63\">Hoof Oil<\/strong> je premium ulje za njegu kopita, namijenjeno <strong data-start=\"105\" data-end=\"154\">dubokoj kondicioniranju kopitne stijenke i potplata<\/strong>. Prema navodima proizvo\u0111a\u010da <strong data-start=\"183\" data-end=\"198\">brzo se upija<\/strong> i sadr\u017ei <strong data-start=\"238\" data-end=\"254\">prirodna ulja<\/strong> koja podupiru <strong data-start=\"269\" data-end=\"290\">fleksibilnost ro\u017eine<\/strong> te doprinose urednom, njegovanom izgledu kopita. <\/p>\n<ul data-start=\"406\" data-end=\"581\">\n<li data-start=\"406\" data-end=\"439\">\n<p data-start=\"408\" data-end=\"439\">za <strong data-start=\"411\" data-end=\"439\">kopitnu stijenku i potplat<\/strong><\/p>\n<\/li>\n<li data-start=\"440\" data-end=\"484\">\n<p data-start=\"442\" data-end=\"484\"><strong data-start=\"442\" data-end=\"460\">brzo upijanje<\/strong> i &#8220;bez te\u0161kog filma&#8221;<\/p>\n<\/li>\n<li data-start=\"485\" data-end=\"581\">\n<p data-start=\"487\" data-end=\"581\">poma\u017ee odr\u017eavati <strong data-start=\"504\" data-end=\"525\">fleksibilnost ro\u017eine<\/strong> i njegovan izgled<\/p>\n<\/li>\n<\/ul>\n<h2 data-start=\"588\" data-end=\"610\">Upute za upotrebu<\/h2>\n<ul data-start=\"611\" data-end=\"881\">\n<li data-start=\"611\" data-end=\"673\">\n<p data-start=\"613\" data-end=\"673\">Na <strong data-start=\"616\" data-end=\"636\">o\u010di\u0161\u0107ena i suha<\/strong> kopita nanesite <strong data-start=\"653\" data-end=\"667\">tanak sloj<\/strong> ulja.<\/p>\n<\/li>\n<li data-start=\"674\" data-end=\"727\">\n<p data-start=\"676\" data-end=\"727\">Koristite <strong data-start=\"689\" data-end=\"699\">dnevno<\/strong> ili <strong data-start=\"704\" data-end=\"726\">nakon svakog trimanja<\/strong>.<\/p>\n<\/li>\n<li data-start=\"728\" data-end=\"881\">\n<p data-start=\"730\" data-end=\"881\">Usredoto\u010dite se na <strong data-start=\"749\" data-end=\"766\">vanjsku stijenku<\/strong> i <strong data-start=\"770\" data-end=\"781\">potplat<\/strong>, te izbjegavajte pretjeran nanos (kako se ulje ne bi nakupljalo).<\/p>\n<\/li>\n<\/ul>\n<p data-start=\"915\" data-end=\"988\"><strong data-start=\"915\" data-end=\"950\">Sastav: <\/strong>biljna ulja, eteri\u010dna ulja.<\/p>\n","protected":false},"excerpt":{"rendered":"<ul>\n<li>sadr\u017ei <strong data-start=\"238\" data-end=\"254\">prirodna ulja<\/strong><\/li>\n<li>\u010detka prilo\u017eena<\/li>\n<\/ul>\n","protected":false},"featured_media":130675,"template":"","meta":{"footnotes":""},"product_brand":[],"product_cat":[5624,5677,5769,5873,5628,5625,5882,5627,6021],"product_tag":[],"class_list":{"0":"post-131783","1":"product","2":"type-product","3":"status-publish","4":"has-post-thumbnail","6":"product_cat-konj-hr","7":"product_cat-kozmetika-za-konje-hr-2","8":"product_cat-must-have","9":"product_cat-njega-i-zdravlje-kopita","10":"product_cat-njega-konja-hr","11":"product_cat-njega-konja","12":"product_cat-njega-kopita","13":"product_cat-stala-i-pasnjak","14":"product_cat-sve-za-kopita","16":"first","17":"instock","18":"shipping-taxable","19":"purchasable","20":"product-type-simple"},"yoast_head":"<!-- This site is optimized with the Yoast SEO plugin v27.3 - https:\/\/yoast.com\/product\/yoast-seo-wordpress\/ -->\n<title>Ulje za kopita St\u00fcbben - Clair<\/title>\n<meta name=\"description\" content=\"sadr\u017ei prirodna ulja  \u010detka prilo\u017eena\" \/>\n<meta name=\"robots\" content=\"index, follow, max-snippet:-1, max-image-preview:large, max-video-preview:-1\" \/>\n<link rel=\"canonical\" href=\"https:\/\/clair.si\/hr\/izdelek\/ulje-za-kopita-stubben\/\" \/>\n<meta property=\"og:locale\" content=\"hr_HR\" \/>\n<meta property=\"og:type\" content=\"article\" \/>\n<meta property=\"og:title\" content=\"Ulje za kopita St\u00fcbben - Clair\" \/>\n<meta property=\"og:description\" content=\"sadr\u017ei prirodna ulja  \u010detka prilo\u017eena\" \/>\n<meta property=\"og:url\" content=\"https:\/\/clair.si\/hr\/izdelek\/ulje-za-kopita-stubben\/\" \/>\n<meta property=\"og:site_name\" content=\"Clair\" \/>\n<meta property=\"article:publisher\" content=\"https:\/\/www.facebook.com\/TrgovinaClair\/\" \/>\n<meta property=\"og:image\" content=\"https:\/\/clair.si\/wp-content\/uploads\/2026\/02\/olje-za-kopita-stubben.webp\" \/>\n\t<meta property=\"og:image:width\" content=\"1800\" \/>\n\t<meta property=\"og:image:height\" content=\"1800\" \/>\n\t<meta property=\"og:image:type\" content=\"image\/webp\" \/>\n<meta name=\"twitter:card\" content=\"summary_large_image\" \/>\n<meta name=\"twitter:label1\" content=\"Procijenjeno vrijeme \u010ditanja\" \/>\n\t<meta name=\"twitter:data1\" content=\"1 minuta\" \/>\n<script type=\"application\/ld+json\" class=\"yoast-schema-graph\">{\"@context\":\"https:\\\/\\\/schema.org\",\"@graph\":[{\"@type\":\"WebPage\",\"@id\":\"https:\\\/\\\/clair.si\\\/hr\\\/izdelek\\\/ulje-za-kopita-stubben\\\/\",\"url\":\"https:\\\/\\\/clair.si\\\/hr\\\/izdelek\\\/ulje-za-kopita-stubben\\\/\",\"name\":\"Ulje za kopita St\u00fcbben - Clair\",\"isPartOf\":{\"@id\":\"https:\\\/\\\/clair.si\\\/#website\"},\"primaryImageOfPage\":{\"@id\":\"https:\\\/\\\/clair.si\\\/hr\\\/izdelek\\\/ulje-za-kopita-stubben\\\/#primaryimage\"},\"image\":{\"@id\":\"https:\\\/\\\/clair.si\\\/hr\\\/izdelek\\\/ulje-za-kopita-stubben\\\/#primaryimage\"},\"thumbnailUrl\":\"https:\\\/\\\/clair.si\\\/wp-content\\\/uploads\\\/2026\\\/02\\\/olje-za-kopita-stubben.webp\",\"datePublished\":\"2026-02-16T13:48:06+00:00\",\"description\":\"sadr\u017ei prirodna ulja \u010detka prilo\u017eena\",\"breadcrumb\":{\"@id\":\"https:\\\/\\\/clair.si\\\/hr\\\/izdelek\\\/ulje-za-kopita-stubben\\\/#breadcrumb\"},\"inLanguage\":\"hr\",\"potentialAction\":[{\"@type\":\"ReadAction\",\"target\":[\"https:\\\/\\\/clair.si\\\/hr\\\/izdelek\\\/ulje-za-kopita-stubben\\\/\"]}]},{\"@type\":\"ImageObject\",\"inLanguage\":\"hr\",\"@id\":\"https:\\\/\\\/clair.si\\\/hr\\\/izdelek\\\/ulje-za-kopita-stubben\\\/#primaryimage\",\"url\":\"https:\\\/\\\/clair.si\\\/wp-content\\\/uploads\\\/2026\\\/02\\\/olje-za-kopita-stubben.webp\",\"contentUrl\":\"https:\\\/\\\/clair.si\\\/wp-content\\\/uploads\\\/2026\\\/02\\\/olje-za-kopita-stubben.webp\",\"width\":1800,\"height\":1800},{\"@type\":\"BreadcrumbList\",\"@id\":\"https:\\\/\\\/clair.si\\\/hr\\\/izdelek\\\/ulje-za-kopita-stubben\\\/#breadcrumb\",\"itemListElement\":[{\"@type\":\"ListItem\",\"position\":1,\"name\":\"Home\",\"item\":\"https:\\\/\\\/clair.si\\\/hr\\\/\"},{\"@type\":\"ListItem\",\"position\":2,\"name\":\"Trgovina\",\"item\":\"https:\\\/\\\/clair.si\\\/trgovina\\\/\"},{\"@type\":\"ListItem\",\"position\":3,\"name\":\"Ulje za kopita St\u00fcbben\"}]},{\"@type\":\"WebSite\",\"@id\":\"https:\\\/\\\/clair.si\\\/#website\",\"url\":\"https:\\\/\\\/clair.si\\\/\",\"name\":\"Clair\",\"description\":\"Trgovina s konjeni\u0161ko opremo\",\"publisher\":{\"@id\":\"https:\\\/\\\/clair.si\\\/#organization\"},\"potentialAction\":[{\"@type\":\"SearchAction\",\"target\":{\"@type\":\"EntryPoint\",\"urlTemplate\":\"https:\\\/\\\/clair.si\\\/?s={search_term_string}\"},\"query-input\":{\"@type\":\"PropertyValueSpecification\",\"valueRequired\":true,\"valueName\":\"search_term_string\"}}],\"inLanguage\":\"hr\"},{\"@type\":\"Organization\",\"@id\":\"https:\\\/\\\/clair.si\\\/#organization\",\"name\":\"Clair\",\"url\":\"https:\\\/\\\/clair.si\\\/\",\"logo\":{\"@type\":\"ImageObject\",\"inLanguage\":\"hr\",\"@id\":\"https:\\\/\\\/clair.si\\\/#\\\/schema\\\/logo\\\/image\\\/\",\"url\":\"https:\\\/\\\/clair.si\\\/wp-content\\\/uploads\\\/2022\\\/11\\\/clair_logo_2022.jpg\",\"contentUrl\":\"https:\\\/\\\/clair.si\\\/wp-content\\\/uploads\\\/2022\\\/11\\\/clair_logo_2022.jpg\",\"width\":1920,\"height\":1920,\"caption\":\"Clair\"},\"image\":{\"@id\":\"https:\\\/\\\/clair.si\\\/#\\\/schema\\\/logo\\\/image\\\/\"},\"sameAs\":[\"https:\\\/\\\/www.facebook.com\\\/TrgovinaClair\\\/\"]}]}<\/script>\n<!-- \/ Yoast SEO plugin. -->","yoast_head_json":{"title":"Ulje za kopita St\u00fcbben - Clair","description":"sadr\u017ei prirodna ulja  \u010detka prilo\u017eena","robots":{"index":"index","follow":"follow","max-snippet":"max-snippet:-1","max-image-preview":"max-image-preview:large","max-video-preview":"max-video-preview:-1"},"canonical":"https:\/\/clair.si\/hr\/izdelek\/ulje-za-kopita-stubben\/","og_locale":"hr_HR","og_type":"article","og_title":"Ulje za kopita St\u00fcbben - Clair","og_description":"sadr\u017ei prirodna ulja  \u010detka prilo\u017eena","og_url":"https:\/\/clair.si\/hr\/izdelek\/ulje-za-kopita-stubben\/","og_site_name":"Clair","article_publisher":"https:\/\/www.facebook.com\/TrgovinaClair\/","og_image":[{"width":1800,"height":1800,"url":"https:\/\/clair.si\/wp-content\/uploads\/2026\/02\/olje-za-kopita-stubben.webp","type":"image\/webp"}],"twitter_card":"summary_large_image","twitter_misc":{"Procijenjeno vrijeme \u010ditanja":"1 minuta"},"schema":{"@context":"https:\/\/schema.org","@graph":[{"@type":"WebPage","@id":"https:\/\/clair.si\/hr\/izdelek\/ulje-za-kopita-stubben\/","url":"https:\/\/clair.si\/hr\/izdelek\/ulje-za-kopita-stubben\/","name":"Ulje za kopita St\u00fcbben - Clair","isPartOf":{"@id":"https:\/\/clair.si\/#website"},"primaryImageOfPage":{"@id":"https:\/\/clair.si\/hr\/izdelek\/ulje-za-kopita-stubben\/#primaryimage"},"image":{"@id":"https:\/\/clair.si\/hr\/izdelek\/ulje-za-kopita-stubben\/#primaryimage"},"thumbnailUrl":"https:\/\/clair.si\/wp-content\/uploads\/2026\/02\/olje-za-kopita-stubben.webp","datePublished":"2026-02-16T13:48:06+00:00","description":"sadr\u017ei prirodna ulja \u010detka prilo\u017eena","breadcrumb":{"@id":"https:\/\/clair.si\/hr\/izdelek\/ulje-za-kopita-stubben\/#breadcrumb"},"inLanguage":"hr","potentialAction":[{"@type":"ReadAction","target":["https:\/\/clair.si\/hr\/izdelek\/ulje-za-kopita-stubben\/"]}]},{"@type":"ImageObject","inLanguage":"hr","@id":"https:\/\/clair.si\/hr\/izdelek\/ulje-za-kopita-stubben\/#primaryimage","url":"https:\/\/clair.si\/wp-content\/uploads\/2026\/02\/olje-za-kopita-stubben.webp","contentUrl":"https:\/\/clair.si\/wp-content\/uploads\/2026\/02\/olje-za-kopita-stubben.webp","width":1800,"height":1800},{"@type":"BreadcrumbList","@id":"https:\/\/clair.si\/hr\/izdelek\/ulje-za-kopita-stubben\/#breadcrumb","itemListElement":[{"@type":"ListItem","position":1,"name":"Home","item":"https:\/\/clair.si\/hr\/"},{"@type":"ListItem","position":2,"name":"Trgovina","item":"https:\/\/clair.si\/trgovina\/"},{"@type":"ListItem","position":3,"name":"Ulje za kopita St\u00fcbben"}]},{"@type":"WebSite","@id":"https:\/\/clair.si\/#website","url":"https:\/\/clair.si\/","name":"Clair","description":"Trgovina s konjeni\u0161ko opremo","publisher":{"@id":"https:\/\/clair.si\/#organization"},"potentialAction":[{"@type":"SearchAction","target":{"@type":"EntryPoint","urlTemplate":"https:\/\/clair.si\/?s={search_term_string}"},"query-input":{"@type":"PropertyValueSpecification","valueRequired":true,"valueName":"search_term_string"}}],"inLanguage":"hr"},{"@type":"Organization","@id":"https:\/\/clair.si\/#organization","name":"Clair","url":"https:\/\/clair.si\/","logo":{"@type":"ImageObject","inLanguage":"hr","@id":"https:\/\/clair.si\/#\/schema\/logo\/image\/","url":"https:\/\/clair.si\/wp-content\/uploads\/2022\/11\/clair_logo_2022.jpg","contentUrl":"https:\/\/clair.si\/wp-content\/uploads\/2022\/11\/clair_logo_2022.jpg","width":1920,"height":1920,"caption":"Clair"},"image":{"@id":"https:\/\/clair.si\/#\/schema\/logo\/image\/"},"sameAs":["https:\/\/www.facebook.com\/TrgovinaClair\/"]}]}},"_links":{"self":[{"href":"https:\/\/clair.si\/hr\/wp-json\/wp\/v2\/product\/131783","targetHints":{"allow":["GET"]}}],"collection":[{"href":"https:\/\/clair.si\/hr\/wp-json\/wp\/v2\/product"}],"about":[{"href":"https:\/\/clair.si\/hr\/wp-json\/wp\/v2\/types\/product"}],"version-history":[{"count":0,"href":"https:\/\/clair.si\/hr\/wp-json\/wp\/v2\/product\/131783\/revisions"}],"wp:featuredmedia":[{"embeddable":true,"href":"https:\/\/clair.si\/hr\/wp-json\/wp\/v2\/media\/130675"}],"wp:attachment":[{"href":"https:\/\/clair.si\/hr\/wp-json\/wp\/v2\/media?parent=131783"}],"wp:term":[{"taxonomy":"product_brand","embeddable":true,"href":"https:\/\/clair.si\/hr\/wp-json\/wp\/v2\/product_brand?post=131783"},{"taxonomy":"product_cat","embeddable":true,"href":"https:\/\/clair.si\/hr\/wp-json\/wp\/v2\/product_cat?post=131783"},{"taxonomy":"product_tag","embeddable":true,"href":"https:\/\/clair.si\/hr\/wp-json\/wp\/v2\/product_tag?post=131783"}],"curies":[{"name":"wp","href":"https:\/\/api.w.org\/{rel}","templated":true}]}}