{"id":131786,"date":"2026-02-17T15:09:45","date_gmt":"2026-02-17T14:09:45","guid":{"rendered":"https:\/\/clair.si\/izdelek\/stitnici-mesh-soft-back-on-track\/"},"modified":"2026-02-17T15:09:45","modified_gmt":"2026-02-17T14:09:45","slug":"stitnici-mesh-soft-back-on-track","status":"publish","type":"product","link":"https:\/\/clair.si\/hr\/izdelek\/stitnici-mesh-soft-back-on-track\/","title":{"rendered":"\u0160titnici Mesh Soft Back on Track"},"content":{"rendered":"<p data-start=\"55\" data-end=\"419\"><strong>Back on Track 3D Mesh Soft<\/strong> su mekani, prozra\u010dni \u0161titnici za za\u0161titu tetiva tijekom rada pod sedlom ili na lon\u017ei. Kombinacija 3D mre\u017eastog materijala i mekane unutarnje podstave omogu\u0107uje dobro prianjanje, ubla\u017eavanje udaraca te u\u010dinkovitije odvo\u0111enje topline i vlage \u2013 stoga su prikladni i za konje koji se u \u0161titnicima brzo &#8220;pregriju&#8221;. <\/p>\n<ul data-start=\"443\" data-end=\"1186\">\n<li data-start=\"443\" data-end=\"568\">\n<p data-start=\"445\" data-end=\"568\"><strong data-start=\"445\" data-end=\"466\">3D mesh vanj\u0161tina<\/strong>: prozra\u010dan, lagan i udoban materijal koji poma\u017ee pri ventilaciji.<\/p>\n<\/li>\n<li data-start=\"569\" data-end=\"685\">\n<p data-start=\"571\" data-end=\"685\"><strong data-start=\"571\" data-end=\"596\">Mekana neopren podstava<\/strong>: ugodan kontakt s ko\u017eom i stabilnije prianjanje.<\/p>\n<\/li>\n<li data-start=\"686\" data-end=\"849\">\n<p data-start=\"688\" data-end=\"849\"><strong data-start=\"688\" data-end=\"711\">Ubla\u017eavanje i za\u0161tita<\/strong>: podstavljeni dio poma\u017ee smanjiti u\u010dinak udaraca i potresa (npr. pri udaru kopita ili prepreci).<\/p>\n<\/li>\n<li data-start=\"850\" data-end=\"1073\">\n<p data-start=\"852\" data-end=\"1073\"><strong data-start=\"852\" data-end=\"876\">Welltex\u00ae tehnologija<\/strong>: u tkaninu ugra\u0111ena kerami\u010dka vlakna koja odbijaju tjelesnu toplinu kao infracrvenu energiju (\u010desto se koristi kao podr\u0161ka udobnosti i &#8220;zagrijavanju&#8221; tijekom rada).<\/p>\n<\/li>\n<li data-start=\"1074\" data-end=\"1186\">\n<p data-start=\"1076\" data-end=\"1186\"><strong data-start=\"1076\" data-end=\"1100\">Jednostavno zatvaranje<\/strong>: sna\u017eni \u010di\u010dak za brzo postavljanje i skidanje.<\/p>\n<\/li>\n<\/ul>\n<p data-start=\"1211\" data-end=\"1375\">3D mre\u017easta tkanina s Welltex\u00ae (kerami\u010dka vlakna), unutra\u0161njost od mekanog neoprena, \u010di\u010dak (hook &amp; loop) za zatvaranje.<\/p>\n<ul data-start=\"1401\" data-end=\"1588\">\n<li data-start=\"1401\" data-end=\"1507\">\n<p data-start=\"1403\" data-end=\"1507\">\u0160titnik postavite na \u010distu, suhu nogu; poravnajte za\u0161titni dio uz tetivu i ravnomjerno zatvorite \u010di\u010dak.<\/p>\n<\/li>\n<li data-start=\"1508\" data-end=\"1588\">\n<p data-start=\"1510\" data-end=\"1588\">Redovito provjeravajte prianjanje (ne smiju kliziti, ali ne smiju ni stezati).<\/p>\n<\/li>\n<\/ul>\n<p data-start=\"44\" data-end=\"202\">Za najbolje prianjanje izmjerite <strong data-start=\"75\" data-end=\"107\">visinu cjevanice<\/strong>: mjerite <strong data-start=\"114\" data-end=\"156\">od tik ispod koljena<\/strong> do <strong data-start=\"160\" data-end=\"201\">sko\u010dnog zgloba<\/strong>.<\/p>\n<p data-start=\"204\" data-end=\"310\"><strong data-start=\"204\" data-end=\"215\">Savjet:<\/strong> izmjerite <strong data-start=\"223\" data-end=\"250\">prednje i stra\u017enje noge<\/strong>. \u010cesto je za <strong data-start=\"266\" data-end=\"281\">stra\u017enje noge<\/strong> potreban <strong data-start=\"291\" data-end=\"309\">ve\u0107i broj<\/strong>. <\/p>\n<table class=\"w-fit min-w-(--thread-content-width)\" style=\"height: 126px\" width=\"176\" data-start=\"331\" data-end=\"519\">\n<tbody data-start=\"390\" data-end=\"519\">\n<tr data-start=\"390\" data-end=\"420\">\n<td data-start=\"390\" data-end=\"398\" data-col-size=\"sm\">Small<\/td>\n<td data-col-size=\"sm\" data-start=\"398\" data-end=\"405\"><\/td>\n<td data-col-size=\"sm\" data-start=\"405\" data-end=\"420\"><strong data-start=\"407\" data-end=\"418\">24,1 cm<\/strong><\/td>\n<\/tr>\n<tr data-start=\"421\" data-end=\"453\">\n<td data-start=\"421\" data-end=\"430\" data-col-size=\"sm\">Medium<\/td>\n<td data-col-size=\"sm\" data-start=\"430\" data-end=\"438\"><\/td>\n<td data-col-size=\"sm\" data-start=\"438\" data-end=\"453\"><strong data-start=\"440\" data-end=\"451\">26,7 cm<\/strong><\/td>\n<\/tr>\n<tr data-start=\"454\" data-end=\"485\">\n<td data-start=\"454\" data-end=\"462\" data-col-size=\"sm\">Large<\/td>\n<td data-col-size=\"sm\" data-start=\"462\" data-end=\"470\"><\/td>\n<td data-col-size=\"sm\" data-start=\"470\" data-end=\"485\"><strong data-start=\"472\" data-end=\"483\">29,2 cm<\/strong><\/td>\n<\/tr>\n<tr data-start=\"486\" data-end=\"519\">\n<td data-start=\"486\" data-end=\"496\" data-col-size=\"sm\">X-Large<\/td>\n<td data-col-size=\"sm\" data-start=\"496\" data-end=\"504\"><\/td>\n<td data-col-size=\"sm\" data-start=\"504\" data-end=\"519\"><strong data-start=\"506\" data-end=\"517\">31,8 cm<\/strong><\/td>\n<\/tr>\n<\/tbody>\n<\/table>\n<p data-start=\"1606\" data-end=\"1836\">Za za\u0161titnu opremu Back on Track preporu\u010duje se <strong data-start=\"1654\" data-end=\"1671\">ru\u010dno pranje<\/strong> (ili nje\u017ean program kod tekstilnih proizvoda) i <strong data-start=\"1719\" data-end=\"1739\">su\u0161enje na zraku<\/strong>. Izbjegavajte visoke temperature, gla\u010danje i su\u0161ilicu. <\/p>\n","protected":false},"excerpt":{"rendered":"<ul>\n<li>Ugra\u0111ena Welltex\u00ae tehnologija (kerami\u010dka vlakna) odbija dio tjelesne topline kao infracrveno zra\u010denje, \u0161to Back on Track navodi kao podr\u0161ku prokrvljenosti i regeneraciji; 3D mre\u017easti materijal pak osigurava dobru prozra\u010dnost tijekom uporabe.<\/li>\n<\/ul>\n","protected":false},"featured_media":130769,"template":"","meta":{"footnotes":""},"product_brand":[],"product_cat":[5624,5898,5773],"product_tag":[],"class_list":{"0":"post-131786","1":"product","2":"type-product","3":"status-publish","4":"has-post-thumbnail","6":"product_cat-konj-hr","7":"product_cat-stitnici","8":"product_cat-zastitnici-i-bandaze","10":"first","11":"onbackorder","12":"sale","13":"shipping-taxable","14":"purchasable","15":"product-type-variable"},"yoast_head":"<!-- This site is optimized with the Yoast SEO plugin v27.4 - https:\/\/yoast.com\/product\/yoast-seo-wordpress\/ -->\n<title>\u0160titnici Mesh Soft Back on Track - Clair<\/title>\n<meta name=\"description\" content=\"Ugra\u0111ena Welltex\u00ae tehnologija (kerami\u010dka vlakna) odbija dio tjelesne topline kao infracrveno zra\u010denje, \u0161to Back on Track navodi kao podr\u0161ku prokrvljenosti i regeneraciji; 3D mre\u017easti materijal pak osigurava dobru prozra\u010dnost tijekom uporabe.\" \/>\n<meta name=\"robots\" content=\"index, follow, max-snippet:-1, max-image-preview:large, max-video-preview:-1\" \/>\n<link rel=\"canonical\" href=\"https:\/\/clair.si\/hr\/izdelek\/stitnici-mesh-soft-back-on-track\/\" \/>\n<meta property=\"og:locale\" content=\"hr_HR\" \/>\n<meta property=\"og:type\" content=\"article\" \/>\n<meta property=\"og:title\" content=\"\u0160titnici Mesh Soft Back on Track - Clair\" \/>\n<meta property=\"og:description\" content=\"Ugra\u0111ena Welltex\u00ae tehnologija (kerami\u010dka vlakna) odbija dio tjelesne topline kao infracrveno zra\u010denje, \u0161to Back on Track navodi kao podr\u0161ku prokrvljenosti i regeneraciji; 3D mre\u017easti materijal pak osigurava dobru prozra\u010dnost tijekom uporabe.\" \/>\n<meta property=\"og:url\" content=\"https:\/\/clair.si\/hr\/izdelek\/stitnici-mesh-soft-back-on-track\/\" \/>\n<meta property=\"og:site_name\" content=\"Clair\" \/>\n<meta property=\"article:publisher\" content=\"https:\/\/www.facebook.com\/TrgovinaClair\/\" \/>\n<meta property=\"og:image\" content=\"https:\/\/clair.si\/wp-content\/uploads\/2026\/02\/back-on-track-soft-mash-clair.webp\" \/>\n\t<meta property=\"og:image:width\" content=\"458\" \/>\n\t<meta property=\"og:image:height\" content=\"458\" \/>\n\t<meta property=\"og:image:type\" content=\"image\/jpeg\" \/>\n<meta name=\"twitter:card\" content=\"summary_large_image\" \/>\n<meta name=\"twitter:label1\" content=\"Procijenjeno vrijeme \u010ditanja\" \/>\n\t<meta name=\"twitter:data1\" content=\"1 minuta\" \/>\n<script type=\"application\/ld+json\" class=\"yoast-schema-graph\">{\"@context\":\"https:\\\/\\\/schema.org\",\"@graph\":[{\"@type\":\"WebPage\",\"@id\":\"https:\\\/\\\/clair.si\\\/hr\\\/izdelek\\\/stitnici-mesh-soft-back-on-track\\\/\",\"url\":\"https:\\\/\\\/clair.si\\\/hr\\\/izdelek\\\/stitnici-mesh-soft-back-on-track\\\/\",\"name\":\"\u0160titnici Mesh Soft Back on Track - Clair\",\"isPartOf\":{\"@id\":\"https:\\\/\\\/clair.si\\\/#website\"},\"primaryImageOfPage\":{\"@id\":\"https:\\\/\\\/clair.si\\\/hr\\\/izdelek\\\/stitnici-mesh-soft-back-on-track\\\/#primaryimage\"},\"image\":{\"@id\":\"https:\\\/\\\/clair.si\\\/hr\\\/izdelek\\\/stitnici-mesh-soft-back-on-track\\\/#primaryimage\"},\"thumbnailUrl\":\"https:\\\/\\\/clair.si\\\/wp-content\\\/uploads\\\/2026\\\/02\\\/back-on-track-soft-mash-clair.webp\",\"datePublished\":\"2026-02-17T14:09:45+00:00\",\"description\":\"Ugra\u0111ena Welltex\u00ae tehnologija (kerami\u010dka vlakna) odbija dio tjelesne topline kao infracrveno zra\u010denje, \u0161to Back on Track navodi kao podr\u0161ku prokrvljenosti i regeneraciji; 3D mre\u017easti materijal pak osigurava dobru prozra\u010dnost tijekom uporabe.\",\"breadcrumb\":{\"@id\":\"https:\\\/\\\/clair.si\\\/hr\\\/izdelek\\\/stitnici-mesh-soft-back-on-track\\\/#breadcrumb\"},\"inLanguage\":\"hr\",\"potentialAction\":[{\"@type\":\"ReadAction\",\"target\":[\"https:\\\/\\\/clair.si\\\/hr\\\/izdelek\\\/stitnici-mesh-soft-back-on-track\\\/\"]}]},{\"@type\":\"ImageObject\",\"inLanguage\":\"hr\",\"@id\":\"https:\\\/\\\/clair.si\\\/hr\\\/izdelek\\\/stitnici-mesh-soft-back-on-track\\\/#primaryimage\",\"url\":\"https:\\\/\\\/clair.si\\\/wp-content\\\/uploads\\\/2026\\\/02\\\/back-on-track-soft-mash-clair.webp\",\"contentUrl\":\"https:\\\/\\\/clair.si\\\/wp-content\\\/uploads\\\/2026\\\/02\\\/back-on-track-soft-mash-clair.webp\",\"width\":458,\"height\":458},{\"@type\":\"BreadcrumbList\",\"@id\":\"https:\\\/\\\/clair.si\\\/hr\\\/izdelek\\\/stitnici-mesh-soft-back-on-track\\\/#breadcrumb\",\"itemListElement\":[{\"@type\":\"ListItem\",\"position\":1,\"name\":\"Home\",\"item\":\"https:\\\/\\\/clair.si\\\/hr\\\/\"},{\"@type\":\"ListItem\",\"position\":2,\"name\":\"Trgovina\",\"item\":\"https:\\\/\\\/clair.si\\\/trgovina\\\/\"},{\"@type\":\"ListItem\",\"position\":3,\"name\":\"\u0160titnici Mesh Soft Back on Track\"}]},{\"@type\":\"WebSite\",\"@id\":\"https:\\\/\\\/clair.si\\\/#website\",\"url\":\"https:\\\/\\\/clair.si\\\/\",\"name\":\"Clair\",\"description\":\"Trgovina s konjeni\u0161ko opremo\",\"publisher\":{\"@id\":\"https:\\\/\\\/clair.si\\\/#organization\"},\"potentialAction\":[{\"@type\":\"SearchAction\",\"target\":{\"@type\":\"EntryPoint\",\"urlTemplate\":\"https:\\\/\\\/clair.si\\\/?s={search_term_string}\"},\"query-input\":{\"@type\":\"PropertyValueSpecification\",\"valueRequired\":true,\"valueName\":\"search_term_string\"}}],\"inLanguage\":\"hr\"},{\"@type\":\"Organization\",\"@id\":\"https:\\\/\\\/clair.si\\\/#organization\",\"name\":\"Clair\",\"url\":\"https:\\\/\\\/clair.si\\\/\",\"logo\":{\"@type\":\"ImageObject\",\"inLanguage\":\"hr\",\"@id\":\"https:\\\/\\\/clair.si\\\/#\\\/schema\\\/logo\\\/image\\\/\",\"url\":\"https:\\\/\\\/clair.si\\\/wp-content\\\/uploads\\\/2022\\\/11\\\/clair_logo_2022.jpg\",\"contentUrl\":\"https:\\\/\\\/clair.si\\\/wp-content\\\/uploads\\\/2022\\\/11\\\/clair_logo_2022.jpg\",\"width\":1920,\"height\":1920,\"caption\":\"Clair\"},\"image\":{\"@id\":\"https:\\\/\\\/clair.si\\\/#\\\/schema\\\/logo\\\/image\\\/\"},\"sameAs\":[\"https:\\\/\\\/www.facebook.com\\\/TrgovinaClair\\\/\"]}]}<\/script>\n<!-- \/ Yoast SEO plugin. -->","yoast_head_json":{"title":"\u0160titnici Mesh Soft Back on Track - Clair","description":"Ugra\u0111ena Welltex\u00ae tehnologija (kerami\u010dka vlakna) odbija dio tjelesne topline kao infracrveno zra\u010denje, \u0161to Back on Track navodi kao podr\u0161ku prokrvljenosti i regeneraciji; 3D mre\u017easti materijal pak osigurava dobru prozra\u010dnost tijekom uporabe.","robots":{"index":"index","follow":"follow","max-snippet":"max-snippet:-1","max-image-preview":"max-image-preview:large","max-video-preview":"max-video-preview:-1"},"canonical":"https:\/\/clair.si\/hr\/izdelek\/stitnici-mesh-soft-back-on-track\/","og_locale":"hr_HR","og_type":"article","og_title":"\u0160titnici Mesh Soft Back on Track - Clair","og_description":"Ugra\u0111ena Welltex\u00ae tehnologija (kerami\u010dka vlakna) odbija dio tjelesne topline kao infracrveno zra\u010denje, \u0161to Back on Track navodi kao podr\u0161ku prokrvljenosti i regeneraciji; 3D mre\u017easti materijal pak osigurava dobru prozra\u010dnost tijekom uporabe.","og_url":"https:\/\/clair.si\/hr\/izdelek\/stitnici-mesh-soft-back-on-track\/","og_site_name":"Clair","article_publisher":"https:\/\/www.facebook.com\/TrgovinaClair\/","og_image":[{"width":458,"height":458,"url":"https:\/\/clair.si\/wp-content\/uploads\/2026\/02\/back-on-track-soft-mash-clair.webp","type":"image\/jpeg"}],"twitter_card":"summary_large_image","twitter_misc":{"Procijenjeno vrijeme \u010ditanja":"1 minuta"},"schema":{"@context":"https:\/\/schema.org","@graph":[{"@type":"WebPage","@id":"https:\/\/clair.si\/hr\/izdelek\/stitnici-mesh-soft-back-on-track\/","url":"https:\/\/clair.si\/hr\/izdelek\/stitnici-mesh-soft-back-on-track\/","name":"\u0160titnici Mesh Soft Back on Track - Clair","isPartOf":{"@id":"https:\/\/clair.si\/#website"},"primaryImageOfPage":{"@id":"https:\/\/clair.si\/hr\/izdelek\/stitnici-mesh-soft-back-on-track\/#primaryimage"},"image":{"@id":"https:\/\/clair.si\/hr\/izdelek\/stitnici-mesh-soft-back-on-track\/#primaryimage"},"thumbnailUrl":"https:\/\/clair.si\/wp-content\/uploads\/2026\/02\/back-on-track-soft-mash-clair.webp","datePublished":"2026-02-17T14:09:45+00:00","description":"Ugra\u0111ena Welltex\u00ae tehnologija (kerami\u010dka vlakna) odbija dio tjelesne topline kao infracrveno zra\u010denje, \u0161to Back on Track navodi kao podr\u0161ku prokrvljenosti i regeneraciji; 3D mre\u017easti materijal pak osigurava dobru prozra\u010dnost tijekom uporabe.","breadcrumb":{"@id":"https:\/\/clair.si\/hr\/izdelek\/stitnici-mesh-soft-back-on-track\/#breadcrumb"},"inLanguage":"hr","potentialAction":[{"@type":"ReadAction","target":["https:\/\/clair.si\/hr\/izdelek\/stitnici-mesh-soft-back-on-track\/"]}]},{"@type":"ImageObject","inLanguage":"hr","@id":"https:\/\/clair.si\/hr\/izdelek\/stitnici-mesh-soft-back-on-track\/#primaryimage","url":"https:\/\/clair.si\/wp-content\/uploads\/2026\/02\/back-on-track-soft-mash-clair.webp","contentUrl":"https:\/\/clair.si\/wp-content\/uploads\/2026\/02\/back-on-track-soft-mash-clair.webp","width":458,"height":458},{"@type":"BreadcrumbList","@id":"https:\/\/clair.si\/hr\/izdelek\/stitnici-mesh-soft-back-on-track\/#breadcrumb","itemListElement":[{"@type":"ListItem","position":1,"name":"Home","item":"https:\/\/clair.si\/hr\/"},{"@type":"ListItem","position":2,"name":"Trgovina","item":"https:\/\/clair.si\/trgovina\/"},{"@type":"ListItem","position":3,"name":"\u0160titnici Mesh Soft Back on Track"}]},{"@type":"WebSite","@id":"https:\/\/clair.si\/#website","url":"https:\/\/clair.si\/","name":"Clair","description":"Trgovina s konjeni\u0161ko opremo","publisher":{"@id":"https:\/\/clair.si\/#organization"},"potentialAction":[{"@type":"SearchAction","target":{"@type":"EntryPoint","urlTemplate":"https:\/\/clair.si\/?s={search_term_string}"},"query-input":{"@type":"PropertyValueSpecification","valueRequired":true,"valueName":"search_term_string"}}],"inLanguage":"hr"},{"@type":"Organization","@id":"https:\/\/clair.si\/#organization","name":"Clair","url":"https:\/\/clair.si\/","logo":{"@type":"ImageObject","inLanguage":"hr","@id":"https:\/\/clair.si\/#\/schema\/logo\/image\/","url":"https:\/\/clair.si\/wp-content\/uploads\/2022\/11\/clair_logo_2022.jpg","contentUrl":"https:\/\/clair.si\/wp-content\/uploads\/2022\/11\/clair_logo_2022.jpg","width":1920,"height":1920,"caption":"Clair"},"image":{"@id":"https:\/\/clair.si\/#\/schema\/logo\/image\/"},"sameAs":["https:\/\/www.facebook.com\/TrgovinaClair\/"]}]}},"_links":{"self":[{"href":"https:\/\/clair.si\/hr\/wp-json\/wp\/v2\/product\/131786","targetHints":{"allow":["GET"]}}],"collection":[{"href":"https:\/\/clair.si\/hr\/wp-json\/wp\/v2\/product"}],"about":[{"href":"https:\/\/clair.si\/hr\/wp-json\/wp\/v2\/types\/product"}],"version-history":[{"count":0,"href":"https:\/\/clair.si\/hr\/wp-json\/wp\/v2\/product\/131786\/revisions"}],"wp:featuredmedia":[{"embeddable":true,"href":"https:\/\/clair.si\/hr\/wp-json\/wp\/v2\/media\/130769"}],"wp:attachment":[{"href":"https:\/\/clair.si\/hr\/wp-json\/wp\/v2\/media?parent=131786"}],"wp:term":[{"taxonomy":"product_brand","embeddable":true,"href":"https:\/\/clair.si\/hr\/wp-json\/wp\/v2\/product_brand?post=131786"},{"taxonomy":"product_cat","embeddable":true,"href":"https:\/\/clair.si\/hr\/wp-json\/wp\/v2\/product_cat?post=131786"},{"taxonomy":"product_tag","embeddable":true,"href":"https:\/\/clair.si\/hr\/wp-json\/wp\/v2\/product_tag?post=131786"}],"curies":[{"name":"wp","href":"https:\/\/api.w.org\/{rel}","templated":true}]}}