{"id":131791,"date":"2026-02-16T14:34:15","date_gmt":"2026-02-16T13:34:15","guid":{"rendered":"https:\/\/clair.si\/izdelek\/balzam-za-kopita-stubben\/"},"modified":"2026-02-16T14:34:15","modified_gmt":"2026-02-16T13:34:15","slug":"balzam-za-kopita-stubben","status":"publish","type":"product","link":"https:\/\/clair.si\/hr\/izdelek\/balzam-za-kopita-stubben\/","title":{"rendered":"Balzam za kopita St\u00fcbben"},"content":{"rendered":"<h2 data-start=\"0\" data-end=\"41\">Balzam za kopita St\u00fcbben Hoof Balm<\/h2>\n<p data-start=\"43\" data-end=\"509\">St\u00fcbben <strong data-start=\"51\" data-end=\"64\">Hoof Balm<\/strong> je intenzivno njeguju\u010di balzam za kopita, razvijen u suradnji s njema\u010dkim potkiva\u010dkim majstorom <strong data-start=\"156\" data-end=\"181\">Gustavom Optenplatzem<\/strong>. Namijenjen je <strong data-start=\"195\" data-end=\"241\">regeneraciji, za\u0161titi i ja\u010danju rogovine<\/strong>, posebno kod kopita koja su sklona <strong data-start=\"281\" data-end=\"327\">pucanju, krhkosti ili problemima zbog vlage<\/strong>. Aktivni njeguju\u010di sastojci se prema navodima proizvo\u0111a\u010da <strong data-start=\"384\" data-end=\"416\">apsorbiraju toplinom kopita<\/strong>, pri \u010demu <strong data-start=\"429\" data-end=\"450\">ne za\u010depljuju kapilare<\/strong>, tako da kopito &#8220;di\u0161e&#8221;.  <\/p>\n<ul data-start=\"533\" data-end=\"826\">\n<li data-start=\"533\" data-end=\"616\">\n<p data-start=\"535\" data-end=\"616\">podupire <strong data-start=\"543\" data-end=\"564\">kvalitetu rogovine<\/strong> i <strong data-start=\"568\" data-end=\"576\">rast<\/strong><\/p>\n<\/li>\n<li data-start=\"617\" data-end=\"700\">\n<p data-start=\"619\" data-end=\"700\">poma\u017ee kod <strong data-start=\"630\" data-end=\"660\">krhkih, ispucalih kopita<\/strong><\/p>\n<\/li>\n<li data-start=\"701\" data-end=\"826\">\n<p data-start=\"703\" data-end=\"826\">prikladan i kao <strong data-start=\"721\" data-end=\"741\">preventivna njega<\/strong> (i kod kopita sklonima truljenju papka)<\/p>\n<\/li>\n<\/ul>\n<p data-start=\"856\" data-end=\"891\"><strong data-start=\"856\" data-end=\"877\">Nanositi svaki dan<\/strong> kistom na:<\/p>\n<ul data-start=\"892\" data-end=\"945\">\n<li data-start=\"892\" data-end=\"905\">\n<p data-start=\"894\" data-end=\"905\"><strong data-start=\"894\" data-end=\"905\">potplat<\/strong><\/p>\n<\/li>\n<li data-start=\"906\" data-end=\"918\">\n<p data-start=\"908\" data-end=\"918\"><strong data-start=\"908\" data-end=\"918\">papak<\/strong><\/p>\n<\/li>\n<li data-start=\"919\" data-end=\"945\">\n<p data-start=\"921\" data-end=\"945\"><strong data-start=\"921\" data-end=\"945\">vanjsku stijenku kopita<\/strong><\/p>\n<\/li>\n<\/ul>\n<p data-start=\"947\" data-end=\"1098\">Prikladan za <strong data-start=\"959\" data-end=\"986\">krhka, ispucala kopita<\/strong> ili kopita sklona problemima zbog vlage, te za <strong data-start=\"1039\" data-end=\"1059\">redovitu preventivu<\/strong>.<\/p>\n<p data-start=\"1132\" data-end=\"1262\"><strong data-start=\"1132\" data-end=\"1224\">Sastav: <\/strong>biljna ulja, posebna eteri\u010dna ulja, vazelin (petroleum jelly), voskovi, provitamin B5.<\/p>\n<p data-start=\"1132\" data-end=\"1262\"><strong>Koli\u010dina:<\/strong> 1 L<\/p>\n","protected":false},"excerpt":{"rendered":"<ul>\n<li>s eteri\u010dnim uljima<\/li>\n<\/ul>\n","protected":false},"featured_media":130670,"template":"","meta":{"footnotes":""},"product_brand":[],"product_cat":[5624,5677,5769,5873,5625,5628,5882,5627,6021],"product_tag":[],"class_list":{"0":"post-131791","1":"product","2":"type-product","3":"status-publish","4":"has-post-thumbnail","6":"product_cat-konj-hr","7":"product_cat-kozmetika-za-konje-hr-2","8":"product_cat-must-have","9":"product_cat-njega-i-zdravlje-kopita","10":"product_cat-njega-konja","11":"product_cat-njega-konja-hr","12":"product_cat-njega-kopita","13":"product_cat-stala-i-pasnjak","14":"product_cat-sve-za-kopita","16":"first","17":"instock","18":"shipping-taxable","19":"purchasable","20":"product-type-simple"},"yoast_head":"<!-- This site is optimized with the Yoast SEO plugin v27.3 - https:\/\/yoast.com\/product\/yoast-seo-wordpress\/ -->\n<title>Balzam za kopita St\u00fcbben - Clair<\/title>\n<meta name=\"description\" content=\"s eteri\u010dnim uljima\" \/>\n<meta name=\"robots\" content=\"index, follow, max-snippet:-1, max-image-preview:large, max-video-preview:-1\" \/>\n<link rel=\"canonical\" href=\"https:\/\/clair.si\/hr\/izdelek\/balzam-za-kopita-stubben\/\" \/>\n<meta property=\"og:locale\" content=\"hr_HR\" \/>\n<meta property=\"og:type\" content=\"article\" \/>\n<meta property=\"og:title\" content=\"Balzam za kopita St\u00fcbben - Clair\" \/>\n<meta property=\"og:description\" content=\"s eteri\u010dnim uljima\" \/>\n<meta property=\"og:url\" content=\"https:\/\/clair.si\/hr\/izdelek\/balzam-za-kopita-stubben\/\" \/>\n<meta property=\"og:site_name\" content=\"Clair\" \/>\n<meta property=\"article:publisher\" content=\"https:\/\/www.facebook.com\/TrgovinaClair\/\" \/>\n<meta property=\"og:image\" content=\"https:\/\/clair.si\/wp-content\/uploads\/2026\/02\/balzam-za-kopita-stubben.webp\" \/>\n\t<meta property=\"og:image:width\" content=\"1800\" \/>\n\t<meta property=\"og:image:height\" content=\"1800\" \/>\n\t<meta property=\"og:image:type\" content=\"image\/webp\" \/>\n<meta name=\"twitter:card\" content=\"summary_large_image\" \/>\n<meta name=\"twitter:label1\" content=\"Procijenjeno vrijeme \u010ditanja\" \/>\n\t<meta name=\"twitter:data1\" content=\"1 minuta\" \/>\n<script type=\"application\/ld+json\" class=\"yoast-schema-graph\">{\"@context\":\"https:\\\/\\\/schema.org\",\"@graph\":[{\"@type\":\"WebPage\",\"@id\":\"https:\\\/\\\/clair.si\\\/hr\\\/izdelek\\\/balzam-za-kopita-stubben\\\/\",\"url\":\"https:\\\/\\\/clair.si\\\/hr\\\/izdelek\\\/balzam-za-kopita-stubben\\\/\",\"name\":\"Balzam za kopita St\u00fcbben - Clair\",\"isPartOf\":{\"@id\":\"https:\\\/\\\/clair.si\\\/#website\"},\"primaryImageOfPage\":{\"@id\":\"https:\\\/\\\/clair.si\\\/hr\\\/izdelek\\\/balzam-za-kopita-stubben\\\/#primaryimage\"},\"image\":{\"@id\":\"https:\\\/\\\/clair.si\\\/hr\\\/izdelek\\\/balzam-za-kopita-stubben\\\/#primaryimage\"},\"thumbnailUrl\":\"https:\\\/\\\/clair.si\\\/wp-content\\\/uploads\\\/2026\\\/02\\\/balzam-za-kopita-stubben.webp\",\"datePublished\":\"2026-02-16T13:34:15+00:00\",\"description\":\"s eteri\u010dnim uljima\",\"breadcrumb\":{\"@id\":\"https:\\\/\\\/clair.si\\\/hr\\\/izdelek\\\/balzam-za-kopita-stubben\\\/#breadcrumb\"},\"inLanguage\":\"hr\",\"potentialAction\":[{\"@type\":\"ReadAction\",\"target\":[\"https:\\\/\\\/clair.si\\\/hr\\\/izdelek\\\/balzam-za-kopita-stubben\\\/\"]}]},{\"@type\":\"ImageObject\",\"inLanguage\":\"hr\",\"@id\":\"https:\\\/\\\/clair.si\\\/hr\\\/izdelek\\\/balzam-za-kopita-stubben\\\/#primaryimage\",\"url\":\"https:\\\/\\\/clair.si\\\/wp-content\\\/uploads\\\/2026\\\/02\\\/balzam-za-kopita-stubben.webp\",\"contentUrl\":\"https:\\\/\\\/clair.si\\\/wp-content\\\/uploads\\\/2026\\\/02\\\/balzam-za-kopita-stubben.webp\",\"width\":1800,\"height\":1800},{\"@type\":\"BreadcrumbList\",\"@id\":\"https:\\\/\\\/clair.si\\\/hr\\\/izdelek\\\/balzam-za-kopita-stubben\\\/#breadcrumb\",\"itemListElement\":[{\"@type\":\"ListItem\",\"position\":1,\"name\":\"Home\",\"item\":\"https:\\\/\\\/clair.si\\\/hr\\\/\"},{\"@type\":\"ListItem\",\"position\":2,\"name\":\"Trgovina\",\"item\":\"https:\\\/\\\/clair.si\\\/trgovina\\\/\"},{\"@type\":\"ListItem\",\"position\":3,\"name\":\"Balzam za kopita St\u00fcbben\"}]},{\"@type\":\"WebSite\",\"@id\":\"https:\\\/\\\/clair.si\\\/#website\",\"url\":\"https:\\\/\\\/clair.si\\\/\",\"name\":\"Clair\",\"description\":\"Trgovina s konjeni\u0161ko opremo\",\"publisher\":{\"@id\":\"https:\\\/\\\/clair.si\\\/#organization\"},\"potentialAction\":[{\"@type\":\"SearchAction\",\"target\":{\"@type\":\"EntryPoint\",\"urlTemplate\":\"https:\\\/\\\/clair.si\\\/?s={search_term_string}\"},\"query-input\":{\"@type\":\"PropertyValueSpecification\",\"valueRequired\":true,\"valueName\":\"search_term_string\"}}],\"inLanguage\":\"hr\"},{\"@type\":\"Organization\",\"@id\":\"https:\\\/\\\/clair.si\\\/#organization\",\"name\":\"Clair\",\"url\":\"https:\\\/\\\/clair.si\\\/\",\"logo\":{\"@type\":\"ImageObject\",\"inLanguage\":\"hr\",\"@id\":\"https:\\\/\\\/clair.si\\\/#\\\/schema\\\/logo\\\/image\\\/\",\"url\":\"https:\\\/\\\/clair.si\\\/wp-content\\\/uploads\\\/2022\\\/11\\\/clair_logo_2022.jpg\",\"contentUrl\":\"https:\\\/\\\/clair.si\\\/wp-content\\\/uploads\\\/2022\\\/11\\\/clair_logo_2022.jpg\",\"width\":1920,\"height\":1920,\"caption\":\"Clair\"},\"image\":{\"@id\":\"https:\\\/\\\/clair.si\\\/#\\\/schema\\\/logo\\\/image\\\/\"},\"sameAs\":[\"https:\\\/\\\/www.facebook.com\\\/TrgovinaClair\\\/\"]}]}<\/script>\n<!-- \/ Yoast SEO plugin. -->","yoast_head_json":{"title":"Balzam za kopita St\u00fcbben - Clair","description":"s eteri\u010dnim uljima","robots":{"index":"index","follow":"follow","max-snippet":"max-snippet:-1","max-image-preview":"max-image-preview:large","max-video-preview":"max-video-preview:-1"},"canonical":"https:\/\/clair.si\/hr\/izdelek\/balzam-za-kopita-stubben\/","og_locale":"hr_HR","og_type":"article","og_title":"Balzam za kopita St\u00fcbben - Clair","og_description":"s eteri\u010dnim uljima","og_url":"https:\/\/clair.si\/hr\/izdelek\/balzam-za-kopita-stubben\/","og_site_name":"Clair","article_publisher":"https:\/\/www.facebook.com\/TrgovinaClair\/","og_image":[{"width":1800,"height":1800,"url":"https:\/\/clair.si\/wp-content\/uploads\/2026\/02\/balzam-za-kopita-stubben.webp","type":"image\/webp"}],"twitter_card":"summary_large_image","twitter_misc":{"Procijenjeno vrijeme \u010ditanja":"1 minuta"},"schema":{"@context":"https:\/\/schema.org","@graph":[{"@type":"WebPage","@id":"https:\/\/clair.si\/hr\/izdelek\/balzam-za-kopita-stubben\/","url":"https:\/\/clair.si\/hr\/izdelek\/balzam-za-kopita-stubben\/","name":"Balzam za kopita St\u00fcbben - Clair","isPartOf":{"@id":"https:\/\/clair.si\/#website"},"primaryImageOfPage":{"@id":"https:\/\/clair.si\/hr\/izdelek\/balzam-za-kopita-stubben\/#primaryimage"},"image":{"@id":"https:\/\/clair.si\/hr\/izdelek\/balzam-za-kopita-stubben\/#primaryimage"},"thumbnailUrl":"https:\/\/clair.si\/wp-content\/uploads\/2026\/02\/balzam-za-kopita-stubben.webp","datePublished":"2026-02-16T13:34:15+00:00","description":"s eteri\u010dnim uljima","breadcrumb":{"@id":"https:\/\/clair.si\/hr\/izdelek\/balzam-za-kopita-stubben\/#breadcrumb"},"inLanguage":"hr","potentialAction":[{"@type":"ReadAction","target":["https:\/\/clair.si\/hr\/izdelek\/balzam-za-kopita-stubben\/"]}]},{"@type":"ImageObject","inLanguage":"hr","@id":"https:\/\/clair.si\/hr\/izdelek\/balzam-za-kopita-stubben\/#primaryimage","url":"https:\/\/clair.si\/wp-content\/uploads\/2026\/02\/balzam-za-kopita-stubben.webp","contentUrl":"https:\/\/clair.si\/wp-content\/uploads\/2026\/02\/balzam-za-kopita-stubben.webp","width":1800,"height":1800},{"@type":"BreadcrumbList","@id":"https:\/\/clair.si\/hr\/izdelek\/balzam-za-kopita-stubben\/#breadcrumb","itemListElement":[{"@type":"ListItem","position":1,"name":"Home","item":"https:\/\/clair.si\/hr\/"},{"@type":"ListItem","position":2,"name":"Trgovina","item":"https:\/\/clair.si\/trgovina\/"},{"@type":"ListItem","position":3,"name":"Balzam za kopita St\u00fcbben"}]},{"@type":"WebSite","@id":"https:\/\/clair.si\/#website","url":"https:\/\/clair.si\/","name":"Clair","description":"Trgovina s konjeni\u0161ko opremo","publisher":{"@id":"https:\/\/clair.si\/#organization"},"potentialAction":[{"@type":"SearchAction","target":{"@type":"EntryPoint","urlTemplate":"https:\/\/clair.si\/?s={search_term_string}"},"query-input":{"@type":"PropertyValueSpecification","valueRequired":true,"valueName":"search_term_string"}}],"inLanguage":"hr"},{"@type":"Organization","@id":"https:\/\/clair.si\/#organization","name":"Clair","url":"https:\/\/clair.si\/","logo":{"@type":"ImageObject","inLanguage":"hr","@id":"https:\/\/clair.si\/#\/schema\/logo\/image\/","url":"https:\/\/clair.si\/wp-content\/uploads\/2022\/11\/clair_logo_2022.jpg","contentUrl":"https:\/\/clair.si\/wp-content\/uploads\/2022\/11\/clair_logo_2022.jpg","width":1920,"height":1920,"caption":"Clair"},"image":{"@id":"https:\/\/clair.si\/#\/schema\/logo\/image\/"},"sameAs":["https:\/\/www.facebook.com\/TrgovinaClair\/"]}]}},"_links":{"self":[{"href":"https:\/\/clair.si\/hr\/wp-json\/wp\/v2\/product\/131791","targetHints":{"allow":["GET"]}}],"collection":[{"href":"https:\/\/clair.si\/hr\/wp-json\/wp\/v2\/product"}],"about":[{"href":"https:\/\/clair.si\/hr\/wp-json\/wp\/v2\/types\/product"}],"version-history":[{"count":0,"href":"https:\/\/clair.si\/hr\/wp-json\/wp\/v2\/product\/131791\/revisions"}],"wp:featuredmedia":[{"embeddable":true,"href":"https:\/\/clair.si\/hr\/wp-json\/wp\/v2\/media\/130670"}],"wp:attachment":[{"href":"https:\/\/clair.si\/hr\/wp-json\/wp\/v2\/media?parent=131791"}],"wp:term":[{"taxonomy":"product_brand","embeddable":true,"href":"https:\/\/clair.si\/hr\/wp-json\/wp\/v2\/product_brand?post=131791"},{"taxonomy":"product_cat","embeddable":true,"href":"https:\/\/clair.si\/hr\/wp-json\/wp\/v2\/product_cat?post=131791"},{"taxonomy":"product_tag","embeddable":true,"href":"https:\/\/clair.si\/hr\/wp-json\/wp\/v2\/product_tag?post=131791"}],"curies":[{"name":"wp","href":"https:\/\/api.w.org\/{rel}","templated":true}]}}