{"id":131793,"date":"2026-02-16T14:25:08","date_gmt":"2026-02-16T13:25:08","guid":{"rendered":"https:\/\/clair.si\/izdelek\/sprej-za-zabicu-stubben\/"},"modified":"2026-02-16T14:25:08","modified_gmt":"2026-02-16T13:25:08","slug":"sprej-za-zabicu-stubben","status":"publish","type":"product","link":"https:\/\/clair.si\/hr\/izdelek\/sprej-za-zabicu-stubben\/","title":{"rendered":"Sprej za \u017eabicu St\u00fcbben"},"content":{"rendered":"<h2 data-start=\"0\" data-end=\"79\">St\u00fcbben Frog Care 250 ml \u2013 teku\u0107ina za \u017eabicu (3-u-1: njega, obnova, za\u0161tita)<\/h2>\n<p data-start=\"81\" data-end=\"454\">St\u00fcbben <strong data-start=\"89\" data-end=\"102\">Frog Care<\/strong> je 3-u-1 sprej za <strong data-start=\"122\" data-end=\"154\">\u017eabicu, taban i bijelu liniju<\/strong>, razvijen zajedno s njema\u010dkim majstorom kova\u010dem <strong data-start=\"199\" data-end=\"224\">Gustavom Optenplatzom<\/strong>. Formula s <strong data-start=\"236\" data-end=\"278\">ekstraktom jetrenjarke (liverwort extract)<\/strong>, <strong data-start=\"280\" data-end=\"294\">uljem lavande<\/strong> i <strong data-start=\"298\" data-end=\"316\">provitaminom B5<\/strong> intenzivno vla\u017ei, podr\u017eava regeneraciju ro\u017eine te poma\u017ee smanjiti nastanak <strong data-start=\"397\" data-end=\"415\">sitnih pukotina<\/strong>. <\/p>\n<ul data-start=\"470\" data-end=\"942\">\n<li data-start=\"470\" data-end=\"546\">\n<p data-start=\"472\" data-end=\"546\">3-u-1: <strong data-start=\"479\" data-end=\"506\">njega \u2013 obnova \u2013 za\u0161tita<\/strong><\/p>\n<\/li>\n<li data-start=\"547\" data-end=\"633\">\n<p data-start=\"549\" data-end=\"633\">prikladno za <strong data-start=\"561\" data-end=\"593\">\u017eabicu, taban i bijelu liniju<\/strong><\/p>\n<\/li>\n<li data-start=\"634\" data-end=\"734\">\n<p data-start=\"636\" data-end=\"734\">s hidratantnim sastojcima (liverwort, lavanda, provitamin B5)<\/p>\n<\/li>\n<li data-start=\"735\" data-end=\"826\">\n<p data-start=\"737\" data-end=\"826\">sprej dopire i do <strong data-start=\"756\" data-end=\"779\">te\u017ee dostupnih dijelova<\/strong> kopita<\/p>\n<\/li>\n<li data-start=\"827\" data-end=\"942\">\n<p data-start=\"829\" data-end=\"942\">prikladno i za primjenu <strong data-start=\"854\" data-end=\"874\">prije potkivanja<\/strong> (na taban i nosivi rub)<\/p>\n<\/li>\n<\/ul>\n<h2 data-start=\"949\" data-end=\"971\"><\/h2>\n<ol data-start=\"972\" data-end=\"1397\">\n<li data-start=\"972\" data-end=\"1071\">\n<p data-start=\"975\" data-end=\"1071\"><strong data-start=\"975\" data-end=\"992\">Na suho o\u010distite<\/strong> \u017eabicu, taban i bijelu liniju \u010detkom.<\/p>\n<\/li>\n<li data-start=\"1072\" data-end=\"1201\">\n<p data-start=\"1075\" data-end=\"1201\">Po potrebi nanesite <strong data-start=\"1095\" data-end=\"1111\">2\u20134 raspr\u0161ivanja<\/strong> na o\u010di\u0161\u0107ena podru\u010dja (i u manje dostupne dijelove).<\/p>\n<\/li>\n<li data-start=\"1202\" data-end=\"1281\">\n<p data-start=\"1205\" data-end=\"1281\">Prikladno za <strong data-start=\"1217\" data-end=\"1240\">svakodnevnu upotrebu<\/strong>.<\/p>\n<\/li>\n<li data-start=\"1282\" data-end=\"1397\">\n<p data-start=\"1285\" data-end=\"1397\">Mo\u017ee se koristiti i na <strong data-start=\"1310\" data-end=\"1339\">tabanu i nosivom rubu<\/strong> prije potkivanja.<\/p>\n<\/li>\n<\/ol>\n<h2 data-start=\"1404\" data-end=\"1434\"><\/h2>\n<p data-start=\"1435\" data-end=\"1544\"><strong data-start=\"1435\" data-end=\"1464\">Sastav:<\/strong> Linalyl acetate, Linalool \u2013 mogu izazvati alergijske reakcije.<\/p>\n<p data-start=\"1435\" data-end=\"1544\"><strong>Koli\u010dina:<\/strong> 250 ml<\/p>\n","protected":false},"excerpt":{"rendered":"<ul>\n<li>s <strong data-start=\"236\" data-end=\"278\">ekstraktom jetrenjarke (liverwort extract)<\/strong>, <strong data-start=\"280\" data-end=\"294\">uljem lavande<\/strong> i <strong data-start=\"298\" data-end=\"316\">provitaminom B5<\/strong><\/li>\n<li>prikladno za taban, bijelu liniju i \u017eabicu<\/li>\n<\/ul>\n","protected":false},"featured_media":130665,"template":"","meta":{"footnotes":""},"product_brand":[],"product_cat":[5624,5675,5677,5769,5873,5625,5628,5627,6021],"product_tag":[],"class_list":{"0":"post-131793","1":"product","2":"type-product","3":"status-publish","4":"has-post-thumbnail","6":"product_cat-konj-hr","7":"product_cat-kozmetika-za-konje-hr","8":"product_cat-kozmetika-za-konje-hr-2","9":"product_cat-must-have","10":"product_cat-njega-i-zdravlje-kopita","11":"product_cat-njega-konja","12":"product_cat-njega-konja-hr","13":"product_cat-stala-i-pasnjak","14":"product_cat-sve-za-kopita","16":"first","17":"instock","18":"shipping-taxable","19":"purchasable","20":"product-type-simple"},"yoast_head":"<!-- This site is optimized with the Yoast SEO plugin v27.3 - https:\/\/yoast.com\/product\/yoast-seo-wordpress\/ -->\n<title>Sprej za \u017eabicu St\u00fcbben - Clair<\/title>\n<meta name=\"description\" content=\"s ekstraktom jetrenjarke (liverwort extract), uljem lavande i provitaminom B5  prikladno za taban, bijelu liniju i \u017eabicu\" \/>\n<meta name=\"robots\" content=\"index, follow, max-snippet:-1, max-image-preview:large, max-video-preview:-1\" \/>\n<link rel=\"canonical\" href=\"https:\/\/clair.si\/hr\/izdelek\/sprej-za-zabicu-stubben\/\" \/>\n<meta property=\"og:locale\" content=\"hr_HR\" \/>\n<meta property=\"og:type\" content=\"article\" \/>\n<meta property=\"og:title\" content=\"Sprej za \u017eabicu St\u00fcbben - Clair\" \/>\n<meta property=\"og:description\" content=\"s ekstraktom jetrenjarke (liverwort extract), uljem lavande i provitaminom B5  prikladno za taban, bijelu liniju i \u017eabicu\" \/>\n<meta property=\"og:url\" content=\"https:\/\/clair.si\/hr\/izdelek\/sprej-za-zabicu-stubben\/\" \/>\n<meta property=\"og:site_name\" content=\"Clair\" \/>\n<meta property=\"article:publisher\" content=\"https:\/\/www.facebook.com\/TrgovinaClair\/\" \/>\n<meta property=\"og:image\" content=\"https:\/\/clair.si\/wp-content\/uploads\/2026\/02\/tekocina-za-zabico-stubben-clair.webp\" \/>\n\t<meta property=\"og:image:width\" content=\"1800\" \/>\n\t<meta property=\"og:image:height\" content=\"1800\" \/>\n\t<meta property=\"og:image:type\" content=\"image\/webp\" \/>\n<meta name=\"twitter:card\" content=\"summary_large_image\" \/>\n<meta name=\"twitter:label1\" content=\"Procijenjeno vrijeme \u010ditanja\" \/>\n\t<meta name=\"twitter:data1\" content=\"1 minuta\" \/>\n<script type=\"application\/ld+json\" class=\"yoast-schema-graph\">{\"@context\":\"https:\\\/\\\/schema.org\",\"@graph\":[{\"@type\":\"WebPage\",\"@id\":\"https:\\\/\\\/clair.si\\\/hr\\\/izdelek\\\/sprej-za-zabicu-stubben\\\/\",\"url\":\"https:\\\/\\\/clair.si\\\/hr\\\/izdelek\\\/sprej-za-zabicu-stubben\\\/\",\"name\":\"Sprej za \u017eabicu St\u00fcbben - Clair\",\"isPartOf\":{\"@id\":\"https:\\\/\\\/clair.si\\\/#website\"},\"primaryImageOfPage\":{\"@id\":\"https:\\\/\\\/clair.si\\\/hr\\\/izdelek\\\/sprej-za-zabicu-stubben\\\/#primaryimage\"},\"image\":{\"@id\":\"https:\\\/\\\/clair.si\\\/hr\\\/izdelek\\\/sprej-za-zabicu-stubben\\\/#primaryimage\"},\"thumbnailUrl\":\"https:\\\/\\\/clair.si\\\/wp-content\\\/uploads\\\/2026\\\/02\\\/tekocina-za-zabico-stubben-clair.webp\",\"datePublished\":\"2026-02-16T13:25:08+00:00\",\"description\":\"s ekstraktom jetrenjarke (liverwort extract), uljem lavande i provitaminom B5 prikladno za taban, bijelu liniju i \u017eabicu\",\"breadcrumb\":{\"@id\":\"https:\\\/\\\/clair.si\\\/hr\\\/izdelek\\\/sprej-za-zabicu-stubben\\\/#breadcrumb\"},\"inLanguage\":\"hr\",\"potentialAction\":[{\"@type\":\"ReadAction\",\"target\":[\"https:\\\/\\\/clair.si\\\/hr\\\/izdelek\\\/sprej-za-zabicu-stubben\\\/\"]}]},{\"@type\":\"ImageObject\",\"inLanguage\":\"hr\",\"@id\":\"https:\\\/\\\/clair.si\\\/hr\\\/izdelek\\\/sprej-za-zabicu-stubben\\\/#primaryimage\",\"url\":\"https:\\\/\\\/clair.si\\\/wp-content\\\/uploads\\\/2026\\\/02\\\/tekocina-za-zabico-stubben-clair.webp\",\"contentUrl\":\"https:\\\/\\\/clair.si\\\/wp-content\\\/uploads\\\/2026\\\/02\\\/tekocina-za-zabico-stubben-clair.webp\",\"width\":1800,\"height\":1800},{\"@type\":\"BreadcrumbList\",\"@id\":\"https:\\\/\\\/clair.si\\\/hr\\\/izdelek\\\/sprej-za-zabicu-stubben\\\/#breadcrumb\",\"itemListElement\":[{\"@type\":\"ListItem\",\"position\":1,\"name\":\"Home\",\"item\":\"https:\\\/\\\/clair.si\\\/hr\\\/\"},{\"@type\":\"ListItem\",\"position\":2,\"name\":\"Trgovina\",\"item\":\"https:\\\/\\\/clair.si\\\/trgovina\\\/\"},{\"@type\":\"ListItem\",\"position\":3,\"name\":\"Sprej za \u017eabicu St\u00fcbben\"}]},{\"@type\":\"WebSite\",\"@id\":\"https:\\\/\\\/clair.si\\\/#website\",\"url\":\"https:\\\/\\\/clair.si\\\/\",\"name\":\"Clair\",\"description\":\"Trgovina s konjeni\u0161ko opremo\",\"publisher\":{\"@id\":\"https:\\\/\\\/clair.si\\\/#organization\"},\"potentialAction\":[{\"@type\":\"SearchAction\",\"target\":{\"@type\":\"EntryPoint\",\"urlTemplate\":\"https:\\\/\\\/clair.si\\\/?s={search_term_string}\"},\"query-input\":{\"@type\":\"PropertyValueSpecification\",\"valueRequired\":true,\"valueName\":\"search_term_string\"}}],\"inLanguage\":\"hr\"},{\"@type\":\"Organization\",\"@id\":\"https:\\\/\\\/clair.si\\\/#organization\",\"name\":\"Clair\",\"url\":\"https:\\\/\\\/clair.si\\\/\",\"logo\":{\"@type\":\"ImageObject\",\"inLanguage\":\"hr\",\"@id\":\"https:\\\/\\\/clair.si\\\/#\\\/schema\\\/logo\\\/image\\\/\",\"url\":\"https:\\\/\\\/clair.si\\\/wp-content\\\/uploads\\\/2022\\\/11\\\/clair_logo_2022.jpg\",\"contentUrl\":\"https:\\\/\\\/clair.si\\\/wp-content\\\/uploads\\\/2022\\\/11\\\/clair_logo_2022.jpg\",\"width\":1920,\"height\":1920,\"caption\":\"Clair\"},\"image\":{\"@id\":\"https:\\\/\\\/clair.si\\\/#\\\/schema\\\/logo\\\/image\\\/\"},\"sameAs\":[\"https:\\\/\\\/www.facebook.com\\\/TrgovinaClair\\\/\"]}]}<\/script>\n<!-- \/ Yoast SEO plugin. -->","yoast_head_json":{"title":"Sprej za \u017eabicu St\u00fcbben - Clair","description":"s ekstraktom jetrenjarke (liverwort extract), uljem lavande i provitaminom B5  prikladno za taban, bijelu liniju i \u017eabicu","robots":{"index":"index","follow":"follow","max-snippet":"max-snippet:-1","max-image-preview":"max-image-preview:large","max-video-preview":"max-video-preview:-1"},"canonical":"https:\/\/clair.si\/hr\/izdelek\/sprej-za-zabicu-stubben\/","og_locale":"hr_HR","og_type":"article","og_title":"Sprej za \u017eabicu St\u00fcbben - Clair","og_description":"s ekstraktom jetrenjarke (liverwort extract), uljem lavande i provitaminom B5  prikladno za taban, bijelu liniju i \u017eabicu","og_url":"https:\/\/clair.si\/hr\/izdelek\/sprej-za-zabicu-stubben\/","og_site_name":"Clair","article_publisher":"https:\/\/www.facebook.com\/TrgovinaClair\/","og_image":[{"width":1800,"height":1800,"url":"https:\/\/clair.si\/wp-content\/uploads\/2026\/02\/tekocina-za-zabico-stubben-clair.webp","type":"image\/webp"}],"twitter_card":"summary_large_image","twitter_misc":{"Procijenjeno vrijeme \u010ditanja":"1 minuta"},"schema":{"@context":"https:\/\/schema.org","@graph":[{"@type":"WebPage","@id":"https:\/\/clair.si\/hr\/izdelek\/sprej-za-zabicu-stubben\/","url":"https:\/\/clair.si\/hr\/izdelek\/sprej-za-zabicu-stubben\/","name":"Sprej za \u017eabicu St\u00fcbben - Clair","isPartOf":{"@id":"https:\/\/clair.si\/#website"},"primaryImageOfPage":{"@id":"https:\/\/clair.si\/hr\/izdelek\/sprej-za-zabicu-stubben\/#primaryimage"},"image":{"@id":"https:\/\/clair.si\/hr\/izdelek\/sprej-za-zabicu-stubben\/#primaryimage"},"thumbnailUrl":"https:\/\/clair.si\/wp-content\/uploads\/2026\/02\/tekocina-za-zabico-stubben-clair.webp","datePublished":"2026-02-16T13:25:08+00:00","description":"s ekstraktom jetrenjarke (liverwort extract), uljem lavande i provitaminom B5 prikladno za taban, bijelu liniju i \u017eabicu","breadcrumb":{"@id":"https:\/\/clair.si\/hr\/izdelek\/sprej-za-zabicu-stubben\/#breadcrumb"},"inLanguage":"hr","potentialAction":[{"@type":"ReadAction","target":["https:\/\/clair.si\/hr\/izdelek\/sprej-za-zabicu-stubben\/"]}]},{"@type":"ImageObject","inLanguage":"hr","@id":"https:\/\/clair.si\/hr\/izdelek\/sprej-za-zabicu-stubben\/#primaryimage","url":"https:\/\/clair.si\/wp-content\/uploads\/2026\/02\/tekocina-za-zabico-stubben-clair.webp","contentUrl":"https:\/\/clair.si\/wp-content\/uploads\/2026\/02\/tekocina-za-zabico-stubben-clair.webp","width":1800,"height":1800},{"@type":"BreadcrumbList","@id":"https:\/\/clair.si\/hr\/izdelek\/sprej-za-zabicu-stubben\/#breadcrumb","itemListElement":[{"@type":"ListItem","position":1,"name":"Home","item":"https:\/\/clair.si\/hr\/"},{"@type":"ListItem","position":2,"name":"Trgovina","item":"https:\/\/clair.si\/trgovina\/"},{"@type":"ListItem","position":3,"name":"Sprej za \u017eabicu St\u00fcbben"}]},{"@type":"WebSite","@id":"https:\/\/clair.si\/#website","url":"https:\/\/clair.si\/","name":"Clair","description":"Trgovina s konjeni\u0161ko opremo","publisher":{"@id":"https:\/\/clair.si\/#organization"},"potentialAction":[{"@type":"SearchAction","target":{"@type":"EntryPoint","urlTemplate":"https:\/\/clair.si\/?s={search_term_string}"},"query-input":{"@type":"PropertyValueSpecification","valueRequired":true,"valueName":"search_term_string"}}],"inLanguage":"hr"},{"@type":"Organization","@id":"https:\/\/clair.si\/#organization","name":"Clair","url":"https:\/\/clair.si\/","logo":{"@type":"ImageObject","inLanguage":"hr","@id":"https:\/\/clair.si\/#\/schema\/logo\/image\/","url":"https:\/\/clair.si\/wp-content\/uploads\/2022\/11\/clair_logo_2022.jpg","contentUrl":"https:\/\/clair.si\/wp-content\/uploads\/2022\/11\/clair_logo_2022.jpg","width":1920,"height":1920,"caption":"Clair"},"image":{"@id":"https:\/\/clair.si\/#\/schema\/logo\/image\/"},"sameAs":["https:\/\/www.facebook.com\/TrgovinaClair\/"]}]}},"_links":{"self":[{"href":"https:\/\/clair.si\/hr\/wp-json\/wp\/v2\/product\/131793","targetHints":{"allow":["GET"]}}],"collection":[{"href":"https:\/\/clair.si\/hr\/wp-json\/wp\/v2\/product"}],"about":[{"href":"https:\/\/clair.si\/hr\/wp-json\/wp\/v2\/types\/product"}],"version-history":[{"count":0,"href":"https:\/\/clair.si\/hr\/wp-json\/wp\/v2\/product\/131793\/revisions"}],"wp:featuredmedia":[{"embeddable":true,"href":"https:\/\/clair.si\/hr\/wp-json\/wp\/v2\/media\/130665"}],"wp:attachment":[{"href":"https:\/\/clair.si\/hr\/wp-json\/wp\/v2\/media?parent=131793"}],"wp:term":[{"taxonomy":"product_brand","embeddable":true,"href":"https:\/\/clair.si\/hr\/wp-json\/wp\/v2\/product_brand?post=131793"},{"taxonomy":"product_cat","embeddable":true,"href":"https:\/\/clair.si\/hr\/wp-json\/wp\/v2\/product_cat?post=131793"},{"taxonomy":"product_tag","embeddable":true,"href":"https:\/\/clair.si\/hr\/wp-json\/wp\/v2\/product_tag?post=131793"}],"curies":[{"name":"wp","href":"https:\/\/api.w.org\/{rel}","templated":true}]}}