{"id":131795,"date":"2026-02-17T10:53:58","date_gmt":"2026-02-17T09:53:58","guid":{"rendered":"https:\/\/clair.si\/izdelek\/uzda-kavalkade-ivana\/"},"modified":"2026-02-17T10:53:58","modified_gmt":"2026-02-17T09:53:58","slug":"uzda-kavalkade-ivana","status":"publish","type":"product","link":"https:\/\/clair.si\/hr\/izdelek\/uzda-kavalkade-ivana\/","title":{"rendered":"Uzda Kavalkade Ivana"},"content":{"rendered":"<p data-start=\"88\" data-end=\"579\">Kavalkade <strong data-start=\"98\" data-end=\"116\">Ivana KavalSH4<\/strong> je elegantna uzda s <strong data-start=\"137\" data-end=\"193\">engleskim kombiniranim nosa\u0107em<\/strong> i diskretnim <strong data-start=\"209\" data-end=\"224\">lakiranim detaljima<\/strong> na nosa\u010du. Posebnost oblika je \u0161to su <strong data-start=\"295\" data-end=\"363\">bo\u010dni remeni s nosa\u010dem povezani preko luka i fiksno za\u0161iveni<\/strong>, \u010dime se <strong data-start=\"382\" data-end=\"435\">blago rastere\u0107uju \u017eiv\u010dani putovi prema kutu usta<\/strong>. Zau\u0161ki dio je anatomski krojen, a nosa\u010d i zau\u0161ki dio su mekano podstavljeni za udobnije prianjanje.  <\/p>\n<ul data-start=\"603\" data-end=\"1132\">\n<li data-start=\"603\" data-end=\"738\">\n<p data-start=\"605\" data-end=\"738\"><strong data-start=\"605\" data-end=\"617\">KavalSH4<\/strong>: uklonjivi podbradni remen <strong data-start=\"671\" data-end=\"698\">bez vidljivog pri\u010dvr\u0161\u0107enja<\/strong><\/p>\n<\/li>\n<li data-start=\"739\" data-end=\"835\">\n<p data-start=\"741\" data-end=\"835\"><strong data-start=\"741\" data-end=\"774\">Nosa\u010d sa zakrivljenim rezom<\/strong> za bolje prianjanje<\/p>\n<\/li>\n<li data-start=\"836\" data-end=\"944\">\n<p data-start=\"838\" data-end=\"944\"><strong data-start=\"838\" data-end=\"877\">Ekstra \u0161iroki, zakrivljeni tjemeni dio<\/strong> za vi\u0161e prostora kod u\u0161iju<\/p>\n<\/li>\n<li data-start=\"945\" data-end=\"1032\">\n<p data-start=\"947\" data-end=\"1032\"><strong data-start=\"947\" data-end=\"992\">Zakrivljeni \u010delik s \u0161ljokicama<\/strong><\/p>\n<\/li>\n<li data-start=\"1033\" data-end=\"1132\">\n<p data-start=\"1035\" data-end=\"1132\"><strong data-start=\"1035\" data-end=\"1092\">Uklju\u010dene uske gumirane uzde s hvatljivim pre\u010dkama<\/strong><\/p>\n<\/li>\n<\/ul>\n<p data-start=\"1483\" data-end=\"1590\"><strong data-start=\"1483\" data-end=\"1548\">Materijal:<\/strong> 84% ko\u017ea, 7% nehr\u0111aju\u0107i \u010delik, 7% guma, 1% staklo, 1% PU\/EVA.<\/p>\n","protected":false},"excerpt":{"rendered":"<ul>\n<li>elegantna, diskretni lakirani dijelovi<\/li>\n<li>uklju\u010dene uzde<\/li>\n<li>nosa\u010d oblikovan tako da izbjegava osjetljive \u017eivce<\/li>\n<\/ul>\n","protected":false},"featured_media":130741,"template":"","meta":{"footnotes":""},"product_brand":[],"product_cat":[5624,5843,5697],"product_tag":[],"class_list":{"0":"post-131795","1":"product","2":"type-product","3":"status-publish","4":"has-post-thumbnail","6":"product_cat-konj-hr","7":"product_cat-uzde","8":"product_cat-uzde-i-dizgini","10":"first","11":"instock","12":"shipping-taxable","13":"purchasable","14":"product-type-variable"},"yoast_head":"<!-- This site is optimized with the Yoast SEO plugin v27.3 - https:\/\/yoast.com\/product\/yoast-seo-wordpress\/ -->\n<title>Uzda Kavalkade Ivana - Clair<\/title>\n<meta name=\"description\" content=\"elegantna, diskretni lakirani dijelovi  uklju\u010dene uzde  nosa\u010d oblikovan tako da izbjegava osjetljive \u017eivce\" \/>\n<meta name=\"robots\" content=\"index, follow, max-snippet:-1, max-image-preview:large, max-video-preview:-1\" \/>\n<link rel=\"canonical\" href=\"https:\/\/clair.si\/hr\/izdelek\/uzda-kavalkade-ivana\/\" \/>\n<meta property=\"og:locale\" content=\"hr_HR\" \/>\n<meta property=\"og:type\" content=\"article\" \/>\n<meta property=\"og:title\" content=\"Uzda Kavalkade Ivana - Clair\" \/>\n<meta property=\"og:description\" content=\"elegantna, diskretni lakirani dijelovi  uklju\u010dene uzde  nosa\u010d oblikovan tako da izbjegava osjetljive \u017eivce\" \/>\n<meta property=\"og:url\" content=\"https:\/\/clair.si\/hr\/izdelek\/uzda-kavalkade-ivana\/\" \/>\n<meta property=\"og:site_name\" content=\"Clair\" \/>\n<meta property=\"article:publisher\" content=\"https:\/\/www.facebook.com\/TrgovinaClair\/\" \/>\n<meta property=\"og:image\" content=\"https:\/\/clair.si\/wp-content\/uploads\/2026\/02\/ivana-uzda.webp\" \/>\n\t<meta property=\"og:image:width\" content=\"800\" \/>\n\t<meta property=\"og:image:height\" content=\"800\" \/>\n\t<meta property=\"og:image:type\" content=\"image\/jpeg\" \/>\n<meta name=\"twitter:card\" content=\"summary_large_image\" \/>\n<meta name=\"twitter:label1\" content=\"Procijenjeno vrijeme \u010ditanja\" \/>\n\t<meta name=\"twitter:data1\" content=\"1 minuta\" \/>\n<script type=\"application\/ld+json\" class=\"yoast-schema-graph\">{\"@context\":\"https:\\\/\\\/schema.org\",\"@graph\":[{\"@type\":\"WebPage\",\"@id\":\"https:\\\/\\\/clair.si\\\/hr\\\/izdelek\\\/uzda-kavalkade-ivana\\\/\",\"url\":\"https:\\\/\\\/clair.si\\\/hr\\\/izdelek\\\/uzda-kavalkade-ivana\\\/\",\"name\":\"Uzda Kavalkade Ivana - Clair\",\"isPartOf\":{\"@id\":\"https:\\\/\\\/clair.si\\\/#website\"},\"primaryImageOfPage\":{\"@id\":\"https:\\\/\\\/clair.si\\\/hr\\\/izdelek\\\/uzda-kavalkade-ivana\\\/#primaryimage\"},\"image\":{\"@id\":\"https:\\\/\\\/clair.si\\\/hr\\\/izdelek\\\/uzda-kavalkade-ivana\\\/#primaryimage\"},\"thumbnailUrl\":\"https:\\\/\\\/clair.si\\\/wp-content\\\/uploads\\\/2026\\\/02\\\/ivana-uzda.webp\",\"datePublished\":\"2026-02-17T09:53:58+00:00\",\"description\":\"elegantna, diskretni lakirani dijelovi uklju\u010dene uzde nosa\u010d oblikovan tako da izbjegava osjetljive \u017eivce\",\"breadcrumb\":{\"@id\":\"https:\\\/\\\/clair.si\\\/hr\\\/izdelek\\\/uzda-kavalkade-ivana\\\/#breadcrumb\"},\"inLanguage\":\"hr\",\"potentialAction\":[{\"@type\":\"ReadAction\",\"target\":[\"https:\\\/\\\/clair.si\\\/hr\\\/izdelek\\\/uzda-kavalkade-ivana\\\/\"]}]},{\"@type\":\"ImageObject\",\"inLanguage\":\"hr\",\"@id\":\"https:\\\/\\\/clair.si\\\/hr\\\/izdelek\\\/uzda-kavalkade-ivana\\\/#primaryimage\",\"url\":\"https:\\\/\\\/clair.si\\\/wp-content\\\/uploads\\\/2026\\\/02\\\/ivana-uzda.webp\",\"contentUrl\":\"https:\\\/\\\/clair.si\\\/wp-content\\\/uploads\\\/2026\\\/02\\\/ivana-uzda.webp\",\"width\":800,\"height\":800},{\"@type\":\"BreadcrumbList\",\"@id\":\"https:\\\/\\\/clair.si\\\/hr\\\/izdelek\\\/uzda-kavalkade-ivana\\\/#breadcrumb\",\"itemListElement\":[{\"@type\":\"ListItem\",\"position\":1,\"name\":\"Home\",\"item\":\"https:\\\/\\\/clair.si\\\/hr\\\/\"},{\"@type\":\"ListItem\",\"position\":2,\"name\":\"Trgovina\",\"item\":\"https:\\\/\\\/clair.si\\\/trgovina\\\/\"},{\"@type\":\"ListItem\",\"position\":3,\"name\":\"Uzda Kavalkade Ivana\"}]},{\"@type\":\"WebSite\",\"@id\":\"https:\\\/\\\/clair.si\\\/#website\",\"url\":\"https:\\\/\\\/clair.si\\\/\",\"name\":\"Clair\",\"description\":\"Trgovina s konjeni\u0161ko opremo\",\"publisher\":{\"@id\":\"https:\\\/\\\/clair.si\\\/#organization\"},\"potentialAction\":[{\"@type\":\"SearchAction\",\"target\":{\"@type\":\"EntryPoint\",\"urlTemplate\":\"https:\\\/\\\/clair.si\\\/?s={search_term_string}\"},\"query-input\":{\"@type\":\"PropertyValueSpecification\",\"valueRequired\":true,\"valueName\":\"search_term_string\"}}],\"inLanguage\":\"hr\"},{\"@type\":\"Organization\",\"@id\":\"https:\\\/\\\/clair.si\\\/#organization\",\"name\":\"Clair\",\"url\":\"https:\\\/\\\/clair.si\\\/\",\"logo\":{\"@type\":\"ImageObject\",\"inLanguage\":\"hr\",\"@id\":\"https:\\\/\\\/clair.si\\\/#\\\/schema\\\/logo\\\/image\\\/\",\"url\":\"https:\\\/\\\/clair.si\\\/wp-content\\\/uploads\\\/2022\\\/11\\\/clair_logo_2022.jpg\",\"contentUrl\":\"https:\\\/\\\/clair.si\\\/wp-content\\\/uploads\\\/2022\\\/11\\\/clair_logo_2022.jpg\",\"width\":1920,\"height\":1920,\"caption\":\"Clair\"},\"image\":{\"@id\":\"https:\\\/\\\/clair.si\\\/#\\\/schema\\\/logo\\\/image\\\/\"},\"sameAs\":[\"https:\\\/\\\/www.facebook.com\\\/TrgovinaClair\\\/\"]}]}<\/script>\n<!-- \/ Yoast SEO plugin. -->","yoast_head_json":{"title":"Uzda Kavalkade Ivana - Clair","description":"elegantna, diskretni lakirani dijelovi  uklju\u010dene uzde  nosa\u010d oblikovan tako da izbjegava osjetljive \u017eivce","robots":{"index":"index","follow":"follow","max-snippet":"max-snippet:-1","max-image-preview":"max-image-preview:large","max-video-preview":"max-video-preview:-1"},"canonical":"https:\/\/clair.si\/hr\/izdelek\/uzda-kavalkade-ivana\/","og_locale":"hr_HR","og_type":"article","og_title":"Uzda Kavalkade Ivana - Clair","og_description":"elegantna, diskretni lakirani dijelovi  uklju\u010dene uzde  nosa\u010d oblikovan tako da izbjegava osjetljive \u017eivce","og_url":"https:\/\/clair.si\/hr\/izdelek\/uzda-kavalkade-ivana\/","og_site_name":"Clair","article_publisher":"https:\/\/www.facebook.com\/TrgovinaClair\/","og_image":[{"width":800,"height":800,"url":"https:\/\/clair.si\/wp-content\/uploads\/2026\/02\/ivana-uzda.webp","type":"image\/jpeg"}],"twitter_card":"summary_large_image","twitter_misc":{"Procijenjeno vrijeme \u010ditanja":"1 minuta"},"schema":{"@context":"https:\/\/schema.org","@graph":[{"@type":"WebPage","@id":"https:\/\/clair.si\/hr\/izdelek\/uzda-kavalkade-ivana\/","url":"https:\/\/clair.si\/hr\/izdelek\/uzda-kavalkade-ivana\/","name":"Uzda Kavalkade Ivana - Clair","isPartOf":{"@id":"https:\/\/clair.si\/#website"},"primaryImageOfPage":{"@id":"https:\/\/clair.si\/hr\/izdelek\/uzda-kavalkade-ivana\/#primaryimage"},"image":{"@id":"https:\/\/clair.si\/hr\/izdelek\/uzda-kavalkade-ivana\/#primaryimage"},"thumbnailUrl":"https:\/\/clair.si\/wp-content\/uploads\/2026\/02\/ivana-uzda.webp","datePublished":"2026-02-17T09:53:58+00:00","description":"elegantna, diskretni lakirani dijelovi uklju\u010dene uzde nosa\u010d oblikovan tako da izbjegava osjetljive \u017eivce","breadcrumb":{"@id":"https:\/\/clair.si\/hr\/izdelek\/uzda-kavalkade-ivana\/#breadcrumb"},"inLanguage":"hr","potentialAction":[{"@type":"ReadAction","target":["https:\/\/clair.si\/hr\/izdelek\/uzda-kavalkade-ivana\/"]}]},{"@type":"ImageObject","inLanguage":"hr","@id":"https:\/\/clair.si\/hr\/izdelek\/uzda-kavalkade-ivana\/#primaryimage","url":"https:\/\/clair.si\/wp-content\/uploads\/2026\/02\/ivana-uzda.webp","contentUrl":"https:\/\/clair.si\/wp-content\/uploads\/2026\/02\/ivana-uzda.webp","width":800,"height":800},{"@type":"BreadcrumbList","@id":"https:\/\/clair.si\/hr\/izdelek\/uzda-kavalkade-ivana\/#breadcrumb","itemListElement":[{"@type":"ListItem","position":1,"name":"Home","item":"https:\/\/clair.si\/hr\/"},{"@type":"ListItem","position":2,"name":"Trgovina","item":"https:\/\/clair.si\/trgovina\/"},{"@type":"ListItem","position":3,"name":"Uzda Kavalkade Ivana"}]},{"@type":"WebSite","@id":"https:\/\/clair.si\/#website","url":"https:\/\/clair.si\/","name":"Clair","description":"Trgovina s konjeni\u0161ko opremo","publisher":{"@id":"https:\/\/clair.si\/#organization"},"potentialAction":[{"@type":"SearchAction","target":{"@type":"EntryPoint","urlTemplate":"https:\/\/clair.si\/?s={search_term_string}"},"query-input":{"@type":"PropertyValueSpecification","valueRequired":true,"valueName":"search_term_string"}}],"inLanguage":"hr"},{"@type":"Organization","@id":"https:\/\/clair.si\/#organization","name":"Clair","url":"https:\/\/clair.si\/","logo":{"@type":"ImageObject","inLanguage":"hr","@id":"https:\/\/clair.si\/#\/schema\/logo\/image\/","url":"https:\/\/clair.si\/wp-content\/uploads\/2022\/11\/clair_logo_2022.jpg","contentUrl":"https:\/\/clair.si\/wp-content\/uploads\/2022\/11\/clair_logo_2022.jpg","width":1920,"height":1920,"caption":"Clair"},"image":{"@id":"https:\/\/clair.si\/#\/schema\/logo\/image\/"},"sameAs":["https:\/\/www.facebook.com\/TrgovinaClair\/"]}]}},"_links":{"self":[{"href":"https:\/\/clair.si\/hr\/wp-json\/wp\/v2\/product\/131795","targetHints":{"allow":["GET"]}}],"collection":[{"href":"https:\/\/clair.si\/hr\/wp-json\/wp\/v2\/product"}],"about":[{"href":"https:\/\/clair.si\/hr\/wp-json\/wp\/v2\/types\/product"}],"version-history":[{"count":0,"href":"https:\/\/clair.si\/hr\/wp-json\/wp\/v2\/product\/131795\/revisions"}],"wp:featuredmedia":[{"embeddable":true,"href":"https:\/\/clair.si\/hr\/wp-json\/wp\/v2\/media\/130741"}],"wp:attachment":[{"href":"https:\/\/clair.si\/hr\/wp-json\/wp\/v2\/media?parent=131795"}],"wp:term":[{"taxonomy":"product_brand","embeddable":true,"href":"https:\/\/clair.si\/hr\/wp-json\/wp\/v2\/product_brand?post=131795"},{"taxonomy":"product_cat","embeddable":true,"href":"https:\/\/clair.si\/hr\/wp-json\/wp\/v2\/product_cat?post=131795"},{"taxonomy":"product_tag","embeddable":true,"href":"https:\/\/clair.si\/hr\/wp-json\/wp\/v2\/product_tag?post=131795"}],"curies":[{"name":"wp","href":"https:\/\/api.w.org\/{rel}","templated":true}]}}