{"id":131798,"date":"2026-02-18T11:57:02","date_gmt":"2026-02-18T10:57:02","guid":{"rendered":"https:\/\/clair.si\/izdelek\/losion-protiv-svrbeza-hilton-herbs-bye-bye-itch\/"},"modified":"2026-02-18T11:57:02","modified_gmt":"2026-02-18T10:57:02","slug":"losion-protiv-svrbeza-hilton-herbs-bye-bye-itch","status":"publish","type":"product","link":"https:\/\/clair.si\/hr\/izdelek\/losion-protiv-svrbeza-hilton-herbs-bye-bye-itch\/","title":{"rendered":"Losion protiv svrbe\u017ea Hilton Herbs Bye Bye Itch"},"content":{"rendered":"<h2 data-start=\"0\" data-end=\"59\">Hilton Herbs Bye Bye Itch Lotion \u2013 losion protiv svrbe\u017ea<\/h2>\n<p data-start=\"61\" data-end=\"370\"><strong data-start=\"61\" data-end=\"84\">Bye Bye Itch Lotion<\/strong> je nje\u017ean, umiruju\u0107i losion za <strong data-start=\"116\" data-end=\"150\">nadra\u017eenu ili osjetljivu ko\u017eu<\/strong> kod konja i ponija, posebno koristan tijekom \u201esezone \u010de\u0161anja\u201d (npr. ljetni svrbe\u017e, trljanje grive\/repa). Podr\u017eava <strong data-start=\"269\" data-end=\"284\">udobnost ko\u017ee<\/strong> i <strong data-start=\"288\" data-end=\"310\">ponovni rast dlake<\/strong> na zahva\u0107enim mjestima. <\/p>\n<p data-start=\"848\" data-end=\"985\"><strong>Sastav:<\/strong> kokosovo ulje, aloe vera, MSM, eteri\u010dno ulje ru\u017emarina, eteri\u010dno ulje limunske trave (lemongrass).<\/p>\n<p data-start=\"1015\" data-end=\"1233\">Primjena <strong data-start=\"1023\" data-end=\"1047\">lokalno po potrebi<\/strong>: nanesite na zahva\u0107ena mjesta (tijelo, griva, rep, lice, trbuh) i <strong data-start=\"1112\" data-end=\"1130\">dobro umasirajte<\/strong>. U pravilu <strong data-start=\"1142\" data-end=\"1157\">1\u20132\u00d7 dnevno<\/strong> ili po potrebi tijekom \u201esvrbe\u017ene\u201d sezone. <\/p>\n","protected":false},"excerpt":{"rendered":"<ul data-start=\"392\" data-end=\"814\">\n<li data-start=\"392\" data-end=\"533\">\n<p data-start=\"394\" data-end=\"533\"><strong data-start=\"394\" data-end=\"421\">Umiruje nadra\u017eenu ko\u017eu<\/strong> i poma\u017ee smanjiti svrbe\u017e te trljanje (griva, rep, trbuh, lice).<\/p>\n<\/li>\n<li data-start=\"534\" data-end=\"646\">\n<p data-start=\"536\" data-end=\"646\"><strong data-start=\"536\" data-end=\"566\">Podr\u017eava ponovni rast dlake<\/strong> i obnovu ko\u017ee na osjetljivim podru\u010djima.<\/p>\n<\/li>\n<li data-start=\"647\" data-end=\"814\">\n<p data-start=\"649\" data-end=\"814\"><strong data-start=\"649\" data-end=\"666\">Nje\u017ena formula<\/strong> \u2013 prema navodima iz prodajnih opisa <strong data-start=\"698\" data-end=\"733\">ne pe\u010de ni na nadra\u017eenoj ko\u017ei<\/strong>; prikladno za redovitu upotrebu tijekom sezone.<\/p>\n<\/li>\n<\/ul>\n","protected":false},"featured_media":130862,"template":"","meta":{"footnotes":""},"product_brand":[],"product_cat":[7078,5624,5675,5677,5629,5625,5628,5678,5627,5680],"product_tag":[],"class_list":{"0":"post-131798","1":"product","2":"type-product","3":"status-publish","4":"has-post-thumbnail","6":"product_cat-hilton-herbs","7":"product_cat-konj-hr","8":"product_cat-kozmetika-za-konje-hr","9":"product_cat-kozmetika-za-konje-hr-2","10":"product_cat-njega-grive-i-repa","11":"product_cat-njega-konja","12":"product_cat-njega-konja-hr","13":"product_cat-problemi-s-kozom","14":"product_cat-stala-i-pasnjak","15":"product_cat-zdravlje-i-dobrobit","17":"first","18":"instock","19":"shipping-taxable","20":"purchasable","21":"product-type-simple"},"yoast_head":"<!-- This site is optimized with the Yoast SEO plugin v27.3 - https:\/\/yoast.com\/product\/yoast-seo-wordpress\/ -->\n<title>Losion protiv svrbe\u017ea Hilton Herbs Bye Bye Itch - Clair<\/title>\n<meta name=\"description\" content=\"Umiruje nadra\u017eenu ko\u017eu i poma\u017ee smanjiti svrbe\u017e te trljanje (griva, rep, trbuh, lice).   Podr\u017eava ponovni rast dlake i obnovu ko\u017ee na osjetljivim podru\u010djima.   Nje\u017ena formula \u2013 prema navodima iz prodajnih opisa ne pe\u010de ni na nadra\u017eenoj ko\u017ei; prikladno za redovitu upotrebu tijekom sezone.\" \/>\n<meta name=\"robots\" content=\"index, follow, max-snippet:-1, max-image-preview:large, max-video-preview:-1\" \/>\n<link rel=\"canonical\" href=\"https:\/\/clair.si\/hr\/izdelek\/losion-protiv-svrbeza-hilton-herbs-bye-bye-itch\/\" \/>\n<meta property=\"og:locale\" content=\"hr_HR\" \/>\n<meta property=\"og:type\" content=\"article\" \/>\n<meta property=\"og:title\" content=\"Losion protiv svrbe\u017ea Hilton Herbs Bye Bye Itch - Clair\" \/>\n<meta property=\"og:description\" content=\"Umiruje nadra\u017eenu ko\u017eu i poma\u017ee smanjiti svrbe\u017e te trljanje (griva, rep, trbuh, lice).   Podr\u017eava ponovni rast dlake i obnovu ko\u017ee na osjetljivim podru\u010djima.   Nje\u017ena formula \u2013 prema navodima iz prodajnih opisa ne pe\u010de ni na nadra\u017eenoj ko\u017ei; prikladno za redovitu upotrebu tijekom sezone.\" \/>\n<meta property=\"og:url\" content=\"https:\/\/clair.si\/hr\/izdelek\/losion-protiv-svrbeza-hilton-herbs-bye-bye-itch\/\" \/>\n<meta property=\"og:site_name\" content=\"Clair\" \/>\n<meta property=\"article:publisher\" content=\"https:\/\/www.facebook.com\/TrgovinaClair\/\" \/>\n<meta property=\"og:image\" content=\"https:\/\/clair.si\/wp-content\/uploads\/2026\/02\/bye-bye-itch-trgovina-clair.webp\" \/>\n\t<meta property=\"og:image:width\" content=\"458\" \/>\n\t<meta property=\"og:image:height\" content=\"458\" \/>\n\t<meta property=\"og:image:type\" content=\"image\/jpeg\" \/>\n<meta name=\"twitter:card\" content=\"summary_large_image\" \/>\n<meta name=\"twitter:label1\" content=\"Procijenjeno vrijeme \u010ditanja\" \/>\n\t<meta name=\"twitter:data1\" content=\"1 minuta\" \/>\n<script type=\"application\/ld+json\" class=\"yoast-schema-graph\">{\"@context\":\"https:\\\/\\\/schema.org\",\"@graph\":[{\"@type\":\"WebPage\",\"@id\":\"https:\\\/\\\/clair.si\\\/hr\\\/izdelek\\\/losion-protiv-svrbeza-hilton-herbs-bye-bye-itch\\\/\",\"url\":\"https:\\\/\\\/clair.si\\\/hr\\\/izdelek\\\/losion-protiv-svrbeza-hilton-herbs-bye-bye-itch\\\/\",\"name\":\"Losion protiv svrbe\u017ea Hilton Herbs Bye Bye Itch - Clair\",\"isPartOf\":{\"@id\":\"https:\\\/\\\/clair.si\\\/#website\"},\"primaryImageOfPage\":{\"@id\":\"https:\\\/\\\/clair.si\\\/hr\\\/izdelek\\\/losion-protiv-svrbeza-hilton-herbs-bye-bye-itch\\\/#primaryimage\"},\"image\":{\"@id\":\"https:\\\/\\\/clair.si\\\/hr\\\/izdelek\\\/losion-protiv-svrbeza-hilton-herbs-bye-bye-itch\\\/#primaryimage\"},\"thumbnailUrl\":\"https:\\\/\\\/clair.si\\\/wp-content\\\/uploads\\\/2026\\\/02\\\/bye-bye-itch-trgovina-clair.webp\",\"datePublished\":\"2026-02-18T10:57:02+00:00\",\"description\":\"Umiruje nadra\u017eenu ko\u017eu i poma\u017ee smanjiti svrbe\u017e te trljanje (griva, rep, trbuh, lice). Podr\u017eava ponovni rast dlake i obnovu ko\u017ee na osjetljivim podru\u010djima. Nje\u017ena formula \u2013 prema navodima iz prodajnih opisa ne pe\u010de ni na nadra\u017eenoj ko\u017ei; prikladno za redovitu upotrebu tijekom sezone.\",\"breadcrumb\":{\"@id\":\"https:\\\/\\\/clair.si\\\/hr\\\/izdelek\\\/losion-protiv-svrbeza-hilton-herbs-bye-bye-itch\\\/#breadcrumb\"},\"inLanguage\":\"hr\",\"potentialAction\":[{\"@type\":\"ReadAction\",\"target\":[\"https:\\\/\\\/clair.si\\\/hr\\\/izdelek\\\/losion-protiv-svrbeza-hilton-herbs-bye-bye-itch\\\/\"]}]},{\"@type\":\"ImageObject\",\"inLanguage\":\"hr\",\"@id\":\"https:\\\/\\\/clair.si\\\/hr\\\/izdelek\\\/losion-protiv-svrbeza-hilton-herbs-bye-bye-itch\\\/#primaryimage\",\"url\":\"https:\\\/\\\/clair.si\\\/wp-content\\\/uploads\\\/2026\\\/02\\\/bye-bye-itch-trgovina-clair.webp\",\"contentUrl\":\"https:\\\/\\\/clair.si\\\/wp-content\\\/uploads\\\/2026\\\/02\\\/bye-bye-itch-trgovina-clair.webp\",\"width\":458,\"height\":458},{\"@type\":\"BreadcrumbList\",\"@id\":\"https:\\\/\\\/clair.si\\\/hr\\\/izdelek\\\/losion-protiv-svrbeza-hilton-herbs-bye-bye-itch\\\/#breadcrumb\",\"itemListElement\":[{\"@type\":\"ListItem\",\"position\":1,\"name\":\"Home\",\"item\":\"https:\\\/\\\/clair.si\\\/hr\\\/\"},{\"@type\":\"ListItem\",\"position\":2,\"name\":\"Trgovina\",\"item\":\"https:\\\/\\\/clair.si\\\/trgovina\\\/\"},{\"@type\":\"ListItem\",\"position\":3,\"name\":\"Losion protiv svrbe\u017ea Hilton Herbs Bye Bye Itch\"}]},{\"@type\":\"WebSite\",\"@id\":\"https:\\\/\\\/clair.si\\\/#website\",\"url\":\"https:\\\/\\\/clair.si\\\/\",\"name\":\"Clair\",\"description\":\"Trgovina s konjeni\u0161ko opremo\",\"publisher\":{\"@id\":\"https:\\\/\\\/clair.si\\\/#organization\"},\"potentialAction\":[{\"@type\":\"SearchAction\",\"target\":{\"@type\":\"EntryPoint\",\"urlTemplate\":\"https:\\\/\\\/clair.si\\\/?s={search_term_string}\"},\"query-input\":{\"@type\":\"PropertyValueSpecification\",\"valueRequired\":true,\"valueName\":\"search_term_string\"}}],\"inLanguage\":\"hr\"},{\"@type\":\"Organization\",\"@id\":\"https:\\\/\\\/clair.si\\\/#organization\",\"name\":\"Clair\",\"url\":\"https:\\\/\\\/clair.si\\\/\",\"logo\":{\"@type\":\"ImageObject\",\"inLanguage\":\"hr\",\"@id\":\"https:\\\/\\\/clair.si\\\/#\\\/schema\\\/logo\\\/image\\\/\",\"url\":\"https:\\\/\\\/clair.si\\\/wp-content\\\/uploads\\\/2022\\\/11\\\/clair_logo_2022.jpg\",\"contentUrl\":\"https:\\\/\\\/clair.si\\\/wp-content\\\/uploads\\\/2022\\\/11\\\/clair_logo_2022.jpg\",\"width\":1920,\"height\":1920,\"caption\":\"Clair\"},\"image\":{\"@id\":\"https:\\\/\\\/clair.si\\\/#\\\/schema\\\/logo\\\/image\\\/\"},\"sameAs\":[\"https:\\\/\\\/www.facebook.com\\\/TrgovinaClair\\\/\"]}]}<\/script>\n<!-- \/ Yoast SEO plugin. -->","yoast_head_json":{"title":"Losion protiv svrbe\u017ea Hilton Herbs Bye Bye Itch - Clair","description":"Umiruje nadra\u017eenu ko\u017eu i poma\u017ee smanjiti svrbe\u017e te trljanje (griva, rep, trbuh, lice).   Podr\u017eava ponovni rast dlake i obnovu ko\u017ee na osjetljivim podru\u010djima.   Nje\u017ena formula \u2013 prema navodima iz prodajnih opisa ne pe\u010de ni na nadra\u017eenoj ko\u017ei; prikladno za redovitu upotrebu tijekom sezone.","robots":{"index":"index","follow":"follow","max-snippet":"max-snippet:-1","max-image-preview":"max-image-preview:large","max-video-preview":"max-video-preview:-1"},"canonical":"https:\/\/clair.si\/hr\/izdelek\/losion-protiv-svrbeza-hilton-herbs-bye-bye-itch\/","og_locale":"hr_HR","og_type":"article","og_title":"Losion protiv svrbe\u017ea Hilton Herbs Bye Bye Itch - Clair","og_description":"Umiruje nadra\u017eenu ko\u017eu i poma\u017ee smanjiti svrbe\u017e te trljanje (griva, rep, trbuh, lice).   Podr\u017eava ponovni rast dlake i obnovu ko\u017ee na osjetljivim podru\u010djima.   Nje\u017ena formula \u2013 prema navodima iz prodajnih opisa ne pe\u010de ni na nadra\u017eenoj ko\u017ei; prikladno za redovitu upotrebu tijekom sezone.","og_url":"https:\/\/clair.si\/hr\/izdelek\/losion-protiv-svrbeza-hilton-herbs-bye-bye-itch\/","og_site_name":"Clair","article_publisher":"https:\/\/www.facebook.com\/TrgovinaClair\/","og_image":[{"width":458,"height":458,"url":"https:\/\/clair.si\/wp-content\/uploads\/2026\/02\/bye-bye-itch-trgovina-clair.webp","type":"image\/jpeg"}],"twitter_card":"summary_large_image","twitter_misc":{"Procijenjeno vrijeme \u010ditanja":"1 minuta"},"schema":{"@context":"https:\/\/schema.org","@graph":[{"@type":"WebPage","@id":"https:\/\/clair.si\/hr\/izdelek\/losion-protiv-svrbeza-hilton-herbs-bye-bye-itch\/","url":"https:\/\/clair.si\/hr\/izdelek\/losion-protiv-svrbeza-hilton-herbs-bye-bye-itch\/","name":"Losion protiv svrbe\u017ea Hilton Herbs Bye Bye Itch - Clair","isPartOf":{"@id":"https:\/\/clair.si\/#website"},"primaryImageOfPage":{"@id":"https:\/\/clair.si\/hr\/izdelek\/losion-protiv-svrbeza-hilton-herbs-bye-bye-itch\/#primaryimage"},"image":{"@id":"https:\/\/clair.si\/hr\/izdelek\/losion-protiv-svrbeza-hilton-herbs-bye-bye-itch\/#primaryimage"},"thumbnailUrl":"https:\/\/clair.si\/wp-content\/uploads\/2026\/02\/bye-bye-itch-trgovina-clair.webp","datePublished":"2026-02-18T10:57:02+00:00","description":"Umiruje nadra\u017eenu ko\u017eu i poma\u017ee smanjiti svrbe\u017e te trljanje (griva, rep, trbuh, lice). Podr\u017eava ponovni rast dlake i obnovu ko\u017ee na osjetljivim podru\u010djima. Nje\u017ena formula \u2013 prema navodima iz prodajnih opisa ne pe\u010de ni na nadra\u017eenoj ko\u017ei; prikladno za redovitu upotrebu tijekom sezone.","breadcrumb":{"@id":"https:\/\/clair.si\/hr\/izdelek\/losion-protiv-svrbeza-hilton-herbs-bye-bye-itch\/#breadcrumb"},"inLanguage":"hr","potentialAction":[{"@type":"ReadAction","target":["https:\/\/clair.si\/hr\/izdelek\/losion-protiv-svrbeza-hilton-herbs-bye-bye-itch\/"]}]},{"@type":"ImageObject","inLanguage":"hr","@id":"https:\/\/clair.si\/hr\/izdelek\/losion-protiv-svrbeza-hilton-herbs-bye-bye-itch\/#primaryimage","url":"https:\/\/clair.si\/wp-content\/uploads\/2026\/02\/bye-bye-itch-trgovina-clair.webp","contentUrl":"https:\/\/clair.si\/wp-content\/uploads\/2026\/02\/bye-bye-itch-trgovina-clair.webp","width":458,"height":458},{"@type":"BreadcrumbList","@id":"https:\/\/clair.si\/hr\/izdelek\/losion-protiv-svrbeza-hilton-herbs-bye-bye-itch\/#breadcrumb","itemListElement":[{"@type":"ListItem","position":1,"name":"Home","item":"https:\/\/clair.si\/hr\/"},{"@type":"ListItem","position":2,"name":"Trgovina","item":"https:\/\/clair.si\/trgovina\/"},{"@type":"ListItem","position":3,"name":"Losion protiv svrbe\u017ea Hilton Herbs Bye Bye Itch"}]},{"@type":"WebSite","@id":"https:\/\/clair.si\/#website","url":"https:\/\/clair.si\/","name":"Clair","description":"Trgovina s konjeni\u0161ko opremo","publisher":{"@id":"https:\/\/clair.si\/#organization"},"potentialAction":[{"@type":"SearchAction","target":{"@type":"EntryPoint","urlTemplate":"https:\/\/clair.si\/?s={search_term_string}"},"query-input":{"@type":"PropertyValueSpecification","valueRequired":true,"valueName":"search_term_string"}}],"inLanguage":"hr"},{"@type":"Organization","@id":"https:\/\/clair.si\/#organization","name":"Clair","url":"https:\/\/clair.si\/","logo":{"@type":"ImageObject","inLanguage":"hr","@id":"https:\/\/clair.si\/#\/schema\/logo\/image\/","url":"https:\/\/clair.si\/wp-content\/uploads\/2022\/11\/clair_logo_2022.jpg","contentUrl":"https:\/\/clair.si\/wp-content\/uploads\/2022\/11\/clair_logo_2022.jpg","width":1920,"height":1920,"caption":"Clair"},"image":{"@id":"https:\/\/clair.si\/#\/schema\/logo\/image\/"},"sameAs":["https:\/\/www.facebook.com\/TrgovinaClair\/"]}]}},"_links":{"self":[{"href":"https:\/\/clair.si\/hr\/wp-json\/wp\/v2\/product\/131798","targetHints":{"allow":["GET"]}}],"collection":[{"href":"https:\/\/clair.si\/hr\/wp-json\/wp\/v2\/product"}],"about":[{"href":"https:\/\/clair.si\/hr\/wp-json\/wp\/v2\/types\/product"}],"version-history":[{"count":0,"href":"https:\/\/clair.si\/hr\/wp-json\/wp\/v2\/product\/131798\/revisions"}],"wp:featuredmedia":[{"embeddable":true,"href":"https:\/\/clair.si\/hr\/wp-json\/wp\/v2\/media\/130862"}],"wp:attachment":[{"href":"https:\/\/clair.si\/hr\/wp-json\/wp\/v2\/media?parent=131798"}],"wp:term":[{"taxonomy":"product_brand","embeddable":true,"href":"https:\/\/clair.si\/hr\/wp-json\/wp\/v2\/product_brand?post=131798"},{"taxonomy":"product_cat","embeddable":true,"href":"https:\/\/clair.si\/hr\/wp-json\/wp\/v2\/product_cat?post=131798"},{"taxonomy":"product_tag","embeddable":true,"href":"https:\/\/clair.si\/hr\/wp-json\/wp\/v2\/product_tag?post=131798"}],"curies":[{"name":"wp","href":"https:\/\/api.w.org\/{rel}","templated":true}]}}