{"id":131799,"date":"2026-02-18T11:15:47","date_gmt":"2026-02-18T10:15:47","guid":{"rendered":"https:\/\/clair.si\/izdelek\/podloga-za-sedlo-back-on-track\/"},"modified":"2026-02-18T11:15:47","modified_gmt":"2026-02-18T10:15:47","slug":"podloga-za-sedlo-back-on-track","status":"publish","type":"product","link":"https:\/\/clair.si\/hr\/izdelek\/podloga-za-sedlo-back-on-track\/","title":{"rendered":"Podloga za sedlo Back on Track"},"content":{"rendered":"<p data-start=\"60\" data-end=\"413\"><strong>Back on Track<\/strong> <strong data-start=\"74\" data-end=\"91\">Aurora Impact<\/strong> je amortizacijska podloga namijenjena <strong data-start=\"123\" data-end=\"184\">ravnomjernijoj raspodjeli te\u017eine jaha\u010da i pritiska sedla<\/strong> te dodatnoj udobnosti tijekom treninga. Punjenje se sastoji od <strong data-start=\"246\" data-end=\"273\">vi\u0161e razli\u010ditih vrsta pjene<\/strong> koje se prilago\u0111avaju le\u0111noj liniji konja i poma\u017eu stvoriti dodatni volumen tamo gdje je konju potreban. <\/p>\n<ul data-start=\"437\" data-end=\"864\">\n<li data-start=\"437\" data-end=\"573\">\n<p data-start=\"439\" data-end=\"573\"><strong data-start=\"439\" data-end=\"483\">Amortizacija udaraca + raspodjela pritiska<\/strong> za ve\u0107u udobnost i &#8220;mek\u0161i&#8221; osje\u0107aj pod sedlom.<\/p>\n<\/li>\n<li data-start=\"574\" data-end=\"675\">\n<p data-start=\"576\" data-end=\"675\"><strong data-start=\"576\" data-end=\"598\">3D Mesh + Air Tech<\/strong> za visoku prozra\u010dnost i ventilaciju.<\/p>\n<\/li>\n<li data-start=\"676\" data-end=\"766\">\n<p data-start=\"678\" data-end=\"766\"><strong data-start=\"678\" data-end=\"698\">Anatomski oblik<\/strong> za bolje prianjanje uz le\u0111a.<\/p>\n<\/li>\n<li data-start=\"767\" data-end=\"864\">\n<p data-start=\"769\" data-end=\"864\"><strong data-start=\"769\" data-end=\"794\">Neklizaju\u0107i (suede) dijelovi<\/strong> poma\u017eu stabilizirati sedlo.<\/p>\n<\/li>\n<\/ul>\n<p data-start=\"907\" data-end=\"1182\">Podloga je <strong data-start=\"918\" data-end=\"942\">podstavljena s Welltex\u00ae<\/strong> \u2013 tekstilom s ugra\u0111enim kerami\u010dkim \u010desticama koje <strong data-start=\"990\" data-end=\"1052\">odbijaju dio tjelesne topline kao infracrvenu energiju (FIR)<\/strong>. Proizvo\u0111a\u010d to navodi kao potporu <strong data-start=\"1089\" data-end=\"1105\">prokrvljenosti<\/strong> i <strong data-start=\"1109\" data-end=\"1120\">mi\u0161i\u0107ima<\/strong> u podru\u010dju ispod sedla. <\/p>\n<p data-start=\"1217\" data-end=\"1398\"><strong>Materijal:<\/strong> 100% poliester, Materijal 2: 50% PU, 50% poliamid, Punjenje: EVA, PP, PU, SBR (4 vrste pjene)<\/p>\n<p data-start=\"1409\" data-end=\"1627\">Strojno pranje (toplo\/prema uputama na etiketi) s uobi\u010dajenim deterd\u017eentom. <strong data-start=\"1481\" data-end=\"1513\">Bez izbjeljiva\u010da i bez omek\u0161iva\u010da<\/strong>, ne kemijski \u010distiti, ne gla\u010dati. Su\u0161enje na zraku ili pri niskoj temperaturi. <\/p>\n","protected":false},"excerpt":{"rendered":"<ul>\n<li>veli\u010dina full<\/li>\n<li>s Welltex tehnologijom<\/li>\n<li>raspore\u0111uje te\u017einu i pritisak jaha\u010da<\/li>\n<\/ul>\n","protected":false},"featured_media":130849,"template":"","meta":{"footnotes":""},"product_brand":[],"product_cat":[5624,5984,5726],"product_tag":[],"class_list":{"0":"post-131799","1":"product","2":"type-product","3":"status-publish","4":"has-post-thumbnail","6":"product_cat-konj-hr","7":"product_cat-podloge-za-sedlo-i-gelovi","8":"product_cat-podsedlice-i-kapice-za-usi","10":"first","11":"instock","12":"sale","13":"shipping-taxable","14":"purchasable","15":"product-type-simple"},"yoast_head":"<!-- This site is optimized with the Yoast SEO plugin v27.4 - https:\/\/yoast.com\/product\/yoast-seo-wordpress\/ -->\n<title>Podloga za sedlo Back on Track - Clair<\/title>\n<meta name=\"description\" content=\"veli\u010dina full  s Welltex tehnologijom  raspore\u0111uje te\u017einu i pritisak jaha\u010da\" \/>\n<meta name=\"robots\" content=\"index, follow, max-snippet:-1, max-image-preview:large, max-video-preview:-1\" \/>\n<link rel=\"canonical\" href=\"https:\/\/clair.si\/hr\/izdelek\/podloga-za-sedlo-back-on-track\/\" \/>\n<meta property=\"og:locale\" content=\"hr_HR\" \/>\n<meta property=\"og:type\" content=\"article\" \/>\n<meta property=\"og:title\" content=\"Podloga za sedlo Back on Track - Clair\" \/>\n<meta property=\"og:description\" content=\"veli\u010dina full  s Welltex tehnologijom  raspore\u0111uje te\u017einu i pritisak jaha\u010da\" \/>\n<meta property=\"og:url\" content=\"https:\/\/clair.si\/hr\/izdelek\/podloga-za-sedlo-back-on-track\/\" \/>\n<meta property=\"og:site_name\" content=\"Clair\" \/>\n<meta property=\"article:publisher\" content=\"https:\/\/www.facebook.com\/TrgovinaClair\/\" \/>\n<meta property=\"og:image\" content=\"https:\/\/clair.si\/wp-content\/uploads\/2026\/02\/back-on-track-podloga-za-hrbet-clair.webp\" \/>\n\t<meta property=\"og:image:width\" content=\"458\" \/>\n\t<meta property=\"og:image:height\" content=\"458\" \/>\n\t<meta property=\"og:image:type\" content=\"image\/jpeg\" \/>\n<meta name=\"twitter:card\" content=\"summary_large_image\" \/>\n<meta name=\"twitter:label1\" content=\"Procijenjeno vrijeme \u010ditanja\" \/>\n\t<meta name=\"twitter:data1\" content=\"1 minuta\" \/>\n<script type=\"application\/ld+json\" class=\"yoast-schema-graph\">{\"@context\":\"https:\\\/\\\/schema.org\",\"@graph\":[{\"@type\":\"WebPage\",\"@id\":\"https:\\\/\\\/clair.si\\\/hr\\\/izdelek\\\/podloga-za-sedlo-back-on-track\\\/\",\"url\":\"https:\\\/\\\/clair.si\\\/hr\\\/izdelek\\\/podloga-za-sedlo-back-on-track\\\/\",\"name\":\"Podloga za sedlo Back on Track - Clair\",\"isPartOf\":{\"@id\":\"https:\\\/\\\/clair.si\\\/#website\"},\"primaryImageOfPage\":{\"@id\":\"https:\\\/\\\/clair.si\\\/hr\\\/izdelek\\\/podloga-za-sedlo-back-on-track\\\/#primaryimage\"},\"image\":{\"@id\":\"https:\\\/\\\/clair.si\\\/hr\\\/izdelek\\\/podloga-za-sedlo-back-on-track\\\/#primaryimage\"},\"thumbnailUrl\":\"https:\\\/\\\/clair.si\\\/wp-content\\\/uploads\\\/2026\\\/02\\\/back-on-track-podloga-za-hrbet-clair.webp\",\"datePublished\":\"2026-02-18T10:15:47+00:00\",\"description\":\"veli\u010dina full s Welltex tehnologijom raspore\u0111uje te\u017einu i pritisak jaha\u010da\",\"breadcrumb\":{\"@id\":\"https:\\\/\\\/clair.si\\\/hr\\\/izdelek\\\/podloga-za-sedlo-back-on-track\\\/#breadcrumb\"},\"inLanguage\":\"hr\",\"potentialAction\":[{\"@type\":\"ReadAction\",\"target\":[\"https:\\\/\\\/clair.si\\\/hr\\\/izdelek\\\/podloga-za-sedlo-back-on-track\\\/\"]}]},{\"@type\":\"ImageObject\",\"inLanguage\":\"hr\",\"@id\":\"https:\\\/\\\/clair.si\\\/hr\\\/izdelek\\\/podloga-za-sedlo-back-on-track\\\/#primaryimage\",\"url\":\"https:\\\/\\\/clair.si\\\/wp-content\\\/uploads\\\/2026\\\/02\\\/back-on-track-podloga-za-hrbet-clair.webp\",\"contentUrl\":\"https:\\\/\\\/clair.si\\\/wp-content\\\/uploads\\\/2026\\\/02\\\/back-on-track-podloga-za-hrbet-clair.webp\",\"width\":458,\"height\":458},{\"@type\":\"BreadcrumbList\",\"@id\":\"https:\\\/\\\/clair.si\\\/hr\\\/izdelek\\\/podloga-za-sedlo-back-on-track\\\/#breadcrumb\",\"itemListElement\":[{\"@type\":\"ListItem\",\"position\":1,\"name\":\"Home\",\"item\":\"https:\\\/\\\/clair.si\\\/hr\\\/\"},{\"@type\":\"ListItem\",\"position\":2,\"name\":\"Trgovina\",\"item\":\"https:\\\/\\\/clair.si\\\/trgovina\\\/\"},{\"@type\":\"ListItem\",\"position\":3,\"name\":\"Podloga za sedlo Back on Track\"}]},{\"@type\":\"WebSite\",\"@id\":\"https:\\\/\\\/clair.si\\\/#website\",\"url\":\"https:\\\/\\\/clair.si\\\/\",\"name\":\"Clair\",\"description\":\"Trgovina s konjeni\u0161ko opremo\",\"publisher\":{\"@id\":\"https:\\\/\\\/clair.si\\\/#organization\"},\"potentialAction\":[{\"@type\":\"SearchAction\",\"target\":{\"@type\":\"EntryPoint\",\"urlTemplate\":\"https:\\\/\\\/clair.si\\\/?s={search_term_string}\"},\"query-input\":{\"@type\":\"PropertyValueSpecification\",\"valueRequired\":true,\"valueName\":\"search_term_string\"}}],\"inLanguage\":\"hr\"},{\"@type\":\"Organization\",\"@id\":\"https:\\\/\\\/clair.si\\\/#organization\",\"name\":\"Clair\",\"url\":\"https:\\\/\\\/clair.si\\\/\",\"logo\":{\"@type\":\"ImageObject\",\"inLanguage\":\"hr\",\"@id\":\"https:\\\/\\\/clair.si\\\/#\\\/schema\\\/logo\\\/image\\\/\",\"url\":\"https:\\\/\\\/clair.si\\\/wp-content\\\/uploads\\\/2022\\\/11\\\/clair_logo_2022.jpg\",\"contentUrl\":\"https:\\\/\\\/clair.si\\\/wp-content\\\/uploads\\\/2022\\\/11\\\/clair_logo_2022.jpg\",\"width\":1920,\"height\":1920,\"caption\":\"Clair\"},\"image\":{\"@id\":\"https:\\\/\\\/clair.si\\\/#\\\/schema\\\/logo\\\/image\\\/\"},\"sameAs\":[\"https:\\\/\\\/www.facebook.com\\\/TrgovinaClair\\\/\"]}]}<\/script>\n<!-- \/ Yoast SEO plugin. -->","yoast_head_json":{"title":"Podloga za sedlo Back on Track - Clair","description":"veli\u010dina full  s Welltex tehnologijom  raspore\u0111uje te\u017einu i pritisak jaha\u010da","robots":{"index":"index","follow":"follow","max-snippet":"max-snippet:-1","max-image-preview":"max-image-preview:large","max-video-preview":"max-video-preview:-1"},"canonical":"https:\/\/clair.si\/hr\/izdelek\/podloga-za-sedlo-back-on-track\/","og_locale":"hr_HR","og_type":"article","og_title":"Podloga za sedlo Back on Track - Clair","og_description":"veli\u010dina full  s Welltex tehnologijom  raspore\u0111uje te\u017einu i pritisak jaha\u010da","og_url":"https:\/\/clair.si\/hr\/izdelek\/podloga-za-sedlo-back-on-track\/","og_site_name":"Clair","article_publisher":"https:\/\/www.facebook.com\/TrgovinaClair\/","og_image":[{"width":458,"height":458,"url":"https:\/\/clair.si\/wp-content\/uploads\/2026\/02\/back-on-track-podloga-za-hrbet-clair.webp","type":"image\/jpeg"}],"twitter_card":"summary_large_image","twitter_misc":{"Procijenjeno vrijeme \u010ditanja":"1 minuta"},"schema":{"@context":"https:\/\/schema.org","@graph":[{"@type":"WebPage","@id":"https:\/\/clair.si\/hr\/izdelek\/podloga-za-sedlo-back-on-track\/","url":"https:\/\/clair.si\/hr\/izdelek\/podloga-za-sedlo-back-on-track\/","name":"Podloga za sedlo Back on Track - Clair","isPartOf":{"@id":"https:\/\/clair.si\/#website"},"primaryImageOfPage":{"@id":"https:\/\/clair.si\/hr\/izdelek\/podloga-za-sedlo-back-on-track\/#primaryimage"},"image":{"@id":"https:\/\/clair.si\/hr\/izdelek\/podloga-za-sedlo-back-on-track\/#primaryimage"},"thumbnailUrl":"https:\/\/clair.si\/wp-content\/uploads\/2026\/02\/back-on-track-podloga-za-hrbet-clair.webp","datePublished":"2026-02-18T10:15:47+00:00","description":"veli\u010dina full s Welltex tehnologijom raspore\u0111uje te\u017einu i pritisak jaha\u010da","breadcrumb":{"@id":"https:\/\/clair.si\/hr\/izdelek\/podloga-za-sedlo-back-on-track\/#breadcrumb"},"inLanguage":"hr","potentialAction":[{"@type":"ReadAction","target":["https:\/\/clair.si\/hr\/izdelek\/podloga-za-sedlo-back-on-track\/"]}]},{"@type":"ImageObject","inLanguage":"hr","@id":"https:\/\/clair.si\/hr\/izdelek\/podloga-za-sedlo-back-on-track\/#primaryimage","url":"https:\/\/clair.si\/wp-content\/uploads\/2026\/02\/back-on-track-podloga-za-hrbet-clair.webp","contentUrl":"https:\/\/clair.si\/wp-content\/uploads\/2026\/02\/back-on-track-podloga-za-hrbet-clair.webp","width":458,"height":458},{"@type":"BreadcrumbList","@id":"https:\/\/clair.si\/hr\/izdelek\/podloga-za-sedlo-back-on-track\/#breadcrumb","itemListElement":[{"@type":"ListItem","position":1,"name":"Home","item":"https:\/\/clair.si\/hr\/"},{"@type":"ListItem","position":2,"name":"Trgovina","item":"https:\/\/clair.si\/trgovina\/"},{"@type":"ListItem","position":3,"name":"Podloga za sedlo Back on Track"}]},{"@type":"WebSite","@id":"https:\/\/clair.si\/#website","url":"https:\/\/clair.si\/","name":"Clair","description":"Trgovina s konjeni\u0161ko opremo","publisher":{"@id":"https:\/\/clair.si\/#organization"},"potentialAction":[{"@type":"SearchAction","target":{"@type":"EntryPoint","urlTemplate":"https:\/\/clair.si\/?s={search_term_string}"},"query-input":{"@type":"PropertyValueSpecification","valueRequired":true,"valueName":"search_term_string"}}],"inLanguage":"hr"},{"@type":"Organization","@id":"https:\/\/clair.si\/#organization","name":"Clair","url":"https:\/\/clair.si\/","logo":{"@type":"ImageObject","inLanguage":"hr","@id":"https:\/\/clair.si\/#\/schema\/logo\/image\/","url":"https:\/\/clair.si\/wp-content\/uploads\/2022\/11\/clair_logo_2022.jpg","contentUrl":"https:\/\/clair.si\/wp-content\/uploads\/2022\/11\/clair_logo_2022.jpg","width":1920,"height":1920,"caption":"Clair"},"image":{"@id":"https:\/\/clair.si\/#\/schema\/logo\/image\/"},"sameAs":["https:\/\/www.facebook.com\/TrgovinaClair\/"]}]}},"_links":{"self":[{"href":"https:\/\/clair.si\/hr\/wp-json\/wp\/v2\/product\/131799","targetHints":{"allow":["GET"]}}],"collection":[{"href":"https:\/\/clair.si\/hr\/wp-json\/wp\/v2\/product"}],"about":[{"href":"https:\/\/clair.si\/hr\/wp-json\/wp\/v2\/types\/product"}],"version-history":[{"count":0,"href":"https:\/\/clair.si\/hr\/wp-json\/wp\/v2\/product\/131799\/revisions"}],"wp:featuredmedia":[{"embeddable":true,"href":"https:\/\/clair.si\/hr\/wp-json\/wp\/v2\/media\/130849"}],"wp:attachment":[{"href":"https:\/\/clair.si\/hr\/wp-json\/wp\/v2\/media?parent=131799"}],"wp:term":[{"taxonomy":"product_brand","embeddable":true,"href":"https:\/\/clair.si\/hr\/wp-json\/wp\/v2\/product_brand?post=131799"},{"taxonomy":"product_cat","embeddable":true,"href":"https:\/\/clair.si\/hr\/wp-json\/wp\/v2\/product_cat?post=131799"},{"taxonomy":"product_tag","embeddable":true,"href":"https:\/\/clair.si\/hr\/wp-json\/wp\/v2\/product_tag?post=131799"}],"curies":[{"name":"wp","href":"https:\/\/api.w.org\/{rel}","templated":true}]}}