{"id":131801,"date":"2026-02-19T12:16:07","date_gmt":"2026-02-19T11:16:07","guid":{"rendered":"https:\/\/clair.si\/izdelek\/cavalor-tradition-pellet\/"},"modified":"2026-02-25T19:58:41","modified_gmt":"2026-02-25T18:58:41","slug":"cavalor-tradition-pellet","status":"publish","type":"product","link":"https:\/\/clair.si\/hr\/izdelek\/cavalor-tradition-pellet\/","title":{"rendered":"Cavalor Tradition Pellet"},"content":{"rendered":"<h2 data-start=\"0\" data-end=\"104\">Cavalor Tradition Pellet (20 kg) \u2013 peletirana krmna mje\u0161avina za rekreativni do lagani rad<\/h2>\n<h3 data-start=\"106\" data-end=\"128\">Za\u0161to se koristi?<\/h3>\n<p data-start=\"129\" data-end=\"474\">Cavalor <strong data-start=\"137\" data-end=\"157\">Tradition Pellet<\/strong> je <strong data-start=\"161\" data-end=\"175\">peletirana<\/strong> osnovna krma (<em data-start=\"190\" data-end=\"199\">level 1<\/em>) za konje u <strong data-start=\"212\" data-end=\"247\">rekreativnom do laganom treningu<\/strong> ili za <strong data-start=\"255\" data-end=\"275\">osjetljive konje<\/strong> koji ne trebaju \u201ebrzu\u201c energiju iz zobi. Formula je <strong data-start=\"332\" data-end=\"345\">bez zobi<\/strong>, osmi\u0161ljena kao prakti\u010dna, ukusna i uravnote\u017eena dnevna podr\u0161ka uz dobru voluminoznu krmu.<\/p>\n<p data-start=\"1275\" data-end=\"1589\"><strong>Sastav:<\/strong> p\u0161eni\u010dne posije, lucerna, je\u010dam, kukuruzne posije, p\u0161enica, pirove posije, poga\u010da od palminih ko\u0161tica (palm kernel expeller), melasa od \u0161e\u0107erne trske, kalcijev karbonat, suncokretna krmna sirovina, natrijev klorid, sojino ulje, palmino ulje, sojina krma, frukto-oligosaharidi.<\/p>\n<p data-start=\"1614\" data-end=\"1898\"><strong>Analiti\u010dki sastav:<\/strong> sirove bjelan\u010devine <strong data-start=\"1633\" data-end=\"1643\">13,0 %<\/strong>, sirove masti <strong data-start=\"1660\" data-end=\"1669\">3,0 %<\/strong>, sirova vlakna <strong data-start=\"1687\" data-end=\"1697\">11,5 %<\/strong>, sirovi pepeo <strong data-start=\"1712\" data-end=\"1721\">7,5 %<\/strong>, \u0161e\u0107eri <strong data-start=\"1733\" data-end=\"1742\">6,0 %<\/strong>, \u0161krob <strong data-start=\"1750\" data-end=\"1760\">19,0 %<\/strong>, kalcij <strong data-start=\"1769\" data-end=\"1779\">1,10 %<\/strong>, fosfor <strong data-start=\"1788\" data-end=\"1798\">0,60 %<\/strong>, magnezij <strong data-start=\"1809\" data-end=\"1819\">0,35 %<\/strong>, natrij <strong data-start=\"1828\" data-end=\"1838\">0,25 %<\/strong>, DE <strong data-start=\"1843\" data-end=\"1857\">11,1 MJ\/kg<\/strong>.<\/p>\n<p data-start=\"1919\" data-end=\"2240\">Vitamin A <strong data-start=\"1929\" data-end=\"1942\">15.000 IU<\/strong>, vitamin D3 <strong data-start=\"1955\" data-end=\"1967\">1.500 IU<\/strong>, vitamin E <strong data-start=\"1979\" data-end=\"1988\">50 mg<\/strong>, vitamin B1 <strong data-start=\"2001\" data-end=\"2011\">3,0 mg<\/strong>, vitamin B2 <strong data-start=\"2024\" data-end=\"2034\">3,0 mg<\/strong>, biotin <strong data-start=\"2043\" data-end=\"2053\">100 \u00b5g<\/strong>, kolin klorid <strong data-start=\"2068\" data-end=\"2077\">80 mg<\/strong>; \u017eeljezo <strong data-start=\"2086\" data-end=\"2095\">40 mg<\/strong>, jod <strong data-start=\"2101\" data-end=\"2111\">0,2 mg<\/strong>, kobalt <strong data-start=\"2120\" data-end=\"2130\">0,1 mg<\/strong>, bakar <strong data-start=\"2138\" data-end=\"2147\">40 mg<\/strong>, mangan <strong data-start=\"2156\" data-end=\"2166\">100 mg<\/strong>, cink <strong data-start=\"2173\" data-end=\"2183\">100 mg<\/strong>, selen <strong data-start=\"2191\" data-end=\"2201\">0,3 mg<\/strong>.<\/p>\n","protected":false},"excerpt":{"rendered":"<p><strong>Za ovaj proizvod se zbog dimenzija ili te\u017eine obra\u010dunavaju dodatni tro\u0161kovi po\u0161tarine u vrijednosti 15\u20ac \/ kom.<\/strong><\/p>\n<ul>\n<li>Osnovna krma u obliku peleta.<\/li>\n<li>Za konje u lak\u0161em radu.<\/li>\n<\/ul>\n","protected":false},"featured_media":130996,"template":"","meta":{"footnotes":""},"product_brand":[],"product_cat":[5711,5710],"product_tag":[],"class_list":{"0":"post-131801","1":"product","2":"type-product","3":"status-publish","4":"has-post-thumbnail","6":"product_cat-hrana-i-prehrambeni-dodaci-cavalor","7":"product_cat-hrana-za-konje-hr","9":"first","10":"instock","11":"shipping-taxable","12":"purchasable","13":"product-type-simple"},"yoast_head":"<!-- This site is optimized with the Yoast SEO plugin v27.3 - https:\/\/yoast.com\/product\/yoast-seo-wordpress\/ -->\n<title>Cavalor Tradition Pellet - Clair<\/title>\n<meta name=\"description\" content=\"Za ovaj proizvod se zbog dimenzija ili te\u017eine obra\u010dunavaju dodatni tro\u0161kovi po\u0161tarine u vrijednosti 15\u20ac \/ kom.   Osnovna krma u obliku peleta.  Za konje u lak\u0161em radu.\" \/>\n<meta name=\"robots\" content=\"index, follow, max-snippet:-1, max-image-preview:large, max-video-preview:-1\" \/>\n<link rel=\"canonical\" href=\"https:\/\/clair.si\/izdelek\/cavalor-tradition-pellet\/\" \/>\n<meta property=\"og:locale\" content=\"hr_HR\" \/>\n<meta property=\"og:type\" content=\"article\" \/>\n<meta property=\"og:title\" content=\"Cavalor Tradition Pellet - Clair\" \/>\n<meta property=\"og:description\" content=\"Za ovaj proizvod se zbog dimenzija ili te\u017eine obra\u010dunavaju dodatni tro\u0161kovi po\u0161tarine u vrijednosti 15\u20ac \/ kom.   Osnovna krma u obliku peleta.  Za konje u lak\u0161em radu.\" \/>\n<meta property=\"og:url\" content=\"https:\/\/clair.si\/izdelek\/cavalor-tradition-pellet\/\" \/>\n<meta property=\"og:site_name\" content=\"Clair\" \/>\n<meta property=\"article:publisher\" content=\"https:\/\/www.facebook.com\/TrgovinaClair\/\" \/>\n<meta property=\"article:modified_time\" content=\"2026-02-25T18:58:41+00:00\" \/>\n<meta property=\"og:image\" content=\"https:\/\/clair.si\/wp-content\/uploads\/2026\/02\/cavalor-tradition-pellet-clair.webp\" \/>\n\t<meta property=\"og:image:width\" content=\"2560\" \/>\n\t<meta property=\"og:image:height\" content=\"1975\" \/>\n\t<meta property=\"og:image:type\" content=\"image\/webp\" \/>\n<meta name=\"twitter:card\" content=\"summary_large_image\" \/>\n<meta name=\"twitter:label1\" content=\"Procijenjeno vrijeme \u010ditanja\" \/>\n\t<meta name=\"twitter:data1\" content=\"2 minute\" \/>\n<script type=\"application\/ld+json\" class=\"yoast-schema-graph\">{\"@context\":\"https:\\\/\\\/schema.org\",\"@graph\":[{\"@type\":\"WebPage\",\"@id\":\"https:\\\/\\\/clair.si\\\/izdelek\\\/cavalor-tradition-pellet\\\/\",\"url\":\"https:\\\/\\\/clair.si\\\/izdelek\\\/cavalor-tradition-pellet\\\/\",\"name\":\"Cavalor Tradition Pellet - Clair\",\"isPartOf\":{\"@id\":\"https:\\\/\\\/clair.si\\\/#website\"},\"primaryImageOfPage\":{\"@id\":\"https:\\\/\\\/clair.si\\\/izdelek\\\/cavalor-tradition-pellet\\\/#primaryimage\"},\"image\":{\"@id\":\"https:\\\/\\\/clair.si\\\/izdelek\\\/cavalor-tradition-pellet\\\/#primaryimage\"},\"thumbnailUrl\":\"https:\\\/\\\/clair.si\\\/wp-content\\\/uploads\\\/2026\\\/02\\\/cavalor-tradition-pellet-clair.webp\",\"datePublished\":\"2026-02-19T11:16:07+00:00\",\"dateModified\":\"2026-02-25T18:58:41+00:00\",\"description\":\"Za ovaj proizvod se zbog dimenzija ili te\u017eine obra\u010dunavaju dodatni tro\u0161kovi po\u0161tarine u vrijednosti 15\u20ac \\\/ kom. Osnovna krma u obliku peleta. Za konje u lak\u0161em radu.\",\"breadcrumb\":{\"@id\":\"https:\\\/\\\/clair.si\\\/izdelek\\\/cavalor-tradition-pellet\\\/#breadcrumb\"},\"inLanguage\":\"hr\",\"potentialAction\":[{\"@type\":\"ReadAction\",\"target\":[\"https:\\\/\\\/clair.si\\\/izdelek\\\/cavalor-tradition-pellet\\\/\"]}]},{\"@type\":\"ImageObject\",\"inLanguage\":\"hr\",\"@id\":\"https:\\\/\\\/clair.si\\\/izdelek\\\/cavalor-tradition-pellet\\\/#primaryimage\",\"url\":\"https:\\\/\\\/clair.si\\\/wp-content\\\/uploads\\\/2026\\\/02\\\/cavalor-tradition-pellet-clair.webp\",\"contentUrl\":\"https:\\\/\\\/clair.si\\\/wp-content\\\/uploads\\\/2026\\\/02\\\/cavalor-tradition-pellet-clair.webp\",\"width\":2560,\"height\":1975},{\"@type\":\"BreadcrumbList\",\"@id\":\"https:\\\/\\\/clair.si\\\/izdelek\\\/cavalor-tradition-pellet\\\/#breadcrumb\",\"itemListElement\":[{\"@type\":\"ListItem\",\"position\":1,\"name\":\"Home\",\"item\":\"https:\\\/\\\/clair.si\\\/hr\\\/\"},{\"@type\":\"ListItem\",\"position\":2,\"name\":\"Trgovina\",\"item\":\"https:\\\/\\\/clair.si\\\/trgovina\\\/\"},{\"@type\":\"ListItem\",\"position\":3,\"name\":\"Cavalor Tradition Pellet\"}]},{\"@type\":\"WebSite\",\"@id\":\"https:\\\/\\\/clair.si\\\/#website\",\"url\":\"https:\\\/\\\/clair.si\\\/\",\"name\":\"Clair\",\"description\":\"Trgovina s konjeni\u0161ko opremo\",\"publisher\":{\"@id\":\"https:\\\/\\\/clair.si\\\/#organization\"},\"potentialAction\":[{\"@type\":\"SearchAction\",\"target\":{\"@type\":\"EntryPoint\",\"urlTemplate\":\"https:\\\/\\\/clair.si\\\/?s={search_term_string}\"},\"query-input\":{\"@type\":\"PropertyValueSpecification\",\"valueRequired\":true,\"valueName\":\"search_term_string\"}}],\"inLanguage\":\"hr\"},{\"@type\":\"Organization\",\"@id\":\"https:\\\/\\\/clair.si\\\/#organization\",\"name\":\"Clair\",\"url\":\"https:\\\/\\\/clair.si\\\/\",\"logo\":{\"@type\":\"ImageObject\",\"inLanguage\":\"hr\",\"@id\":\"https:\\\/\\\/clair.si\\\/#\\\/schema\\\/logo\\\/image\\\/\",\"url\":\"https:\\\/\\\/clair.si\\\/wp-content\\\/uploads\\\/2022\\\/11\\\/clair_logo_2022.jpg\",\"contentUrl\":\"https:\\\/\\\/clair.si\\\/wp-content\\\/uploads\\\/2022\\\/11\\\/clair_logo_2022.jpg\",\"width\":1920,\"height\":1920,\"caption\":\"Clair\"},\"image\":{\"@id\":\"https:\\\/\\\/clair.si\\\/#\\\/schema\\\/logo\\\/image\\\/\"},\"sameAs\":[\"https:\\\/\\\/www.facebook.com\\\/TrgovinaClair\\\/\"]}]}<\/script>\n<!-- \/ Yoast SEO plugin. -->","yoast_head_json":{"title":"Cavalor Tradition Pellet - Clair","description":"Za ovaj proizvod se zbog dimenzija ili te\u017eine obra\u010dunavaju dodatni tro\u0161kovi po\u0161tarine u vrijednosti 15\u20ac \/ kom.   Osnovna krma u obliku peleta.  Za konje u lak\u0161em radu.","robots":{"index":"index","follow":"follow","max-snippet":"max-snippet:-1","max-image-preview":"max-image-preview:large","max-video-preview":"max-video-preview:-1"},"canonical":"https:\/\/clair.si\/izdelek\/cavalor-tradition-pellet\/","og_locale":"hr_HR","og_type":"article","og_title":"Cavalor Tradition Pellet - Clair","og_description":"Za ovaj proizvod se zbog dimenzija ili te\u017eine obra\u010dunavaju dodatni tro\u0161kovi po\u0161tarine u vrijednosti 15\u20ac \/ kom.   Osnovna krma u obliku peleta.  Za konje u lak\u0161em radu.","og_url":"https:\/\/clair.si\/izdelek\/cavalor-tradition-pellet\/","og_site_name":"Clair","article_publisher":"https:\/\/www.facebook.com\/TrgovinaClair\/","article_modified_time":"2026-02-25T18:58:41+00:00","og_image":[{"width":2560,"height":1975,"url":"https:\/\/clair.si\/wp-content\/uploads\/2026\/02\/cavalor-tradition-pellet-clair.webp","type":"image\/webp"}],"twitter_card":"summary_large_image","twitter_misc":{"Procijenjeno vrijeme \u010ditanja":"2 minute"},"schema":{"@context":"https:\/\/schema.org","@graph":[{"@type":"WebPage","@id":"https:\/\/clair.si\/izdelek\/cavalor-tradition-pellet\/","url":"https:\/\/clair.si\/izdelek\/cavalor-tradition-pellet\/","name":"Cavalor Tradition Pellet - Clair","isPartOf":{"@id":"https:\/\/clair.si\/#website"},"primaryImageOfPage":{"@id":"https:\/\/clair.si\/izdelek\/cavalor-tradition-pellet\/#primaryimage"},"image":{"@id":"https:\/\/clair.si\/izdelek\/cavalor-tradition-pellet\/#primaryimage"},"thumbnailUrl":"https:\/\/clair.si\/wp-content\/uploads\/2026\/02\/cavalor-tradition-pellet-clair.webp","datePublished":"2026-02-19T11:16:07+00:00","dateModified":"2026-02-25T18:58:41+00:00","description":"Za ovaj proizvod se zbog dimenzija ili te\u017eine obra\u010dunavaju dodatni tro\u0161kovi po\u0161tarine u vrijednosti 15\u20ac \/ kom. Osnovna krma u obliku peleta. Za konje u lak\u0161em radu.","breadcrumb":{"@id":"https:\/\/clair.si\/izdelek\/cavalor-tradition-pellet\/#breadcrumb"},"inLanguage":"hr","potentialAction":[{"@type":"ReadAction","target":["https:\/\/clair.si\/izdelek\/cavalor-tradition-pellet\/"]}]},{"@type":"ImageObject","inLanguage":"hr","@id":"https:\/\/clair.si\/izdelek\/cavalor-tradition-pellet\/#primaryimage","url":"https:\/\/clair.si\/wp-content\/uploads\/2026\/02\/cavalor-tradition-pellet-clair.webp","contentUrl":"https:\/\/clair.si\/wp-content\/uploads\/2026\/02\/cavalor-tradition-pellet-clair.webp","width":2560,"height":1975},{"@type":"BreadcrumbList","@id":"https:\/\/clair.si\/izdelek\/cavalor-tradition-pellet\/#breadcrumb","itemListElement":[{"@type":"ListItem","position":1,"name":"Home","item":"https:\/\/clair.si\/hr\/"},{"@type":"ListItem","position":2,"name":"Trgovina","item":"https:\/\/clair.si\/trgovina\/"},{"@type":"ListItem","position":3,"name":"Cavalor Tradition Pellet"}]},{"@type":"WebSite","@id":"https:\/\/clair.si\/#website","url":"https:\/\/clair.si\/","name":"Clair","description":"Trgovina s konjeni\u0161ko opremo","publisher":{"@id":"https:\/\/clair.si\/#organization"},"potentialAction":[{"@type":"SearchAction","target":{"@type":"EntryPoint","urlTemplate":"https:\/\/clair.si\/?s={search_term_string}"},"query-input":{"@type":"PropertyValueSpecification","valueRequired":true,"valueName":"search_term_string"}}],"inLanguage":"hr"},{"@type":"Organization","@id":"https:\/\/clair.si\/#organization","name":"Clair","url":"https:\/\/clair.si\/","logo":{"@type":"ImageObject","inLanguage":"hr","@id":"https:\/\/clair.si\/#\/schema\/logo\/image\/","url":"https:\/\/clair.si\/wp-content\/uploads\/2022\/11\/clair_logo_2022.jpg","contentUrl":"https:\/\/clair.si\/wp-content\/uploads\/2022\/11\/clair_logo_2022.jpg","width":1920,"height":1920,"caption":"Clair"},"image":{"@id":"https:\/\/clair.si\/#\/schema\/logo\/image\/"},"sameAs":["https:\/\/www.facebook.com\/TrgovinaClair\/"]}]}},"_links":{"self":[{"href":"https:\/\/clair.si\/hr\/wp-json\/wp\/v2\/product\/131801","targetHints":{"allow":["GET"]}}],"collection":[{"href":"https:\/\/clair.si\/hr\/wp-json\/wp\/v2\/product"}],"about":[{"href":"https:\/\/clair.si\/hr\/wp-json\/wp\/v2\/types\/product"}],"version-history":[{"count":1,"href":"https:\/\/clair.si\/hr\/wp-json\/wp\/v2\/product\/131801\/revisions"}],"predecessor-version":[{"id":131841,"href":"https:\/\/clair.si\/hr\/wp-json\/wp\/v2\/product\/131801\/revisions\/131841"}],"wp:featuredmedia":[{"embeddable":true,"href":"https:\/\/clair.si\/hr\/wp-json\/wp\/v2\/media\/130996"}],"wp:attachment":[{"href":"https:\/\/clair.si\/hr\/wp-json\/wp\/v2\/media?parent=131801"}],"wp:term":[{"taxonomy":"product_brand","embeddable":true,"href":"https:\/\/clair.si\/hr\/wp-json\/wp\/v2\/product_brand?post=131801"},{"taxonomy":"product_cat","embeddable":true,"href":"https:\/\/clair.si\/hr\/wp-json\/wp\/v2\/product_cat?post=131801"},{"taxonomy":"product_tag","embeddable":true,"href":"https:\/\/clair.si\/hr\/wp-json\/wp\/v2\/product_tag?post=131801"}],"curies":[{"name":"wp","href":"https:\/\/api.w.org\/{rel}","templated":true}]}}