{"id":131802,"date":"2026-02-19T12:27:33","date_gmt":"2026-02-19T11:27:33","guid":{"rendered":"https:\/\/clair.si\/izdelek\/cavalor-perfomix\/"},"modified":"2026-02-25T19:58:50","modified_gmt":"2026-02-25T18:58:50","slug":"cavalor-perfomix","status":"publish","type":"product","link":"https:\/\/clair.si\/hr\/izdelek\/cavalor-perfomix\/","title":{"rendered":"Cavalor Perfomix"},"content":{"rendered":"<h2 data-start=\"0\" data-end=\"76\">Cavalor Perfomix \u2013 sportski m\u00fcsli za <strong data-start=\"47\" data-end=\"66\">intenzivan rad<\/strong> (razina 3)<\/h2>\n<h3 data-start=\"78\" data-end=\"100\">Za\u0161to se koristi?<\/h3>\n<p data-start=\"101\" data-end=\"584\"><strong>Cavalor<\/strong> <strong data-start=\"109\" data-end=\"121\">Perfomix<\/strong> je sportski m\u00fcsli za konje u <strong data-start=\"150\" data-end=\"189\">vrlo redovitom i intenzivnom treningu<\/strong> (<em data-start=\"191\" data-end=\"200\">razina 3<\/em>). Posebnost mje\u0161avine su <strong data-start=\"225\" data-end=\"255\">pahulji\u010dasta i &#8220;puffed&#8221; \u017eita<\/strong> za lak\u0161u probavljivost te <strong data-start=\"283\" data-end=\"311\">prebiotici i probiotici<\/strong> kao podr\u0161ka optimalnom radu probavnog sustava (temelj za dobru otpornost i stabilnu kondiciju). Sadr\u017ei i <strong data-start=\"419\" data-end=\"447\">sportski vitaminski paket<\/strong>; B-vitamine proizvo\u0111a\u010d isti\u010de kao va\u017ene u upravljanju energijom kod natjecateljskih konja.<\/p>\n<p><strong>Sastav:<\/strong> je\u010dmene pahuljice, zob, p\u0161eni\u010dno krmno bra\u0161no (wheat feed flour), lanene ljuske, ekstrudirana kukuruz, p\u0161eni\u010dne mekinje, ekspandirani je\u010dam, suncokretova ekstrakcijska poga\u010da (sunflower seed extract meal feed), melasa, p\u0161eni\u010dna glutenska krma, laneno sjeme, sojine ljuske, pir mekinje, dijelovi uljarica (seed fragments of oilseeds), kukuruz, sojino ulje, lucerna, sojina krma, p\u0161enica, frukto-oligosaharidi, kukuruzna glutenska krma, kalcijev karbonat, natrijev klorid.<\/p>\n<p data-start=\"1729\" data-end=\"2008\"><strong>Analiti\u010dki sastav:<\/strong> sirove bjelan\u010devine <strong data-start=\"1748\" data-end=\"1758\">11,0 %<\/strong>, sirove masti <strong data-start=\"1775\" data-end=\"1784\">4,5 %<\/strong>, sirovi pepeo <strong data-start=\"1799\" data-end=\"1808\">6,7 %<\/strong>, sirova vlaknina <strong data-start=\"1826\" data-end=\"1835\">9,5 %<\/strong>, \u0161e\u0107eri <strong data-start=\"1847\" data-end=\"1856\">4,6 %<\/strong>, \u0161krob <strong data-start=\"1864\" data-end=\"1874\">31,4 %<\/strong>, kalcij <strong data-start=\"1883\" data-end=\"1892\">0,9 %<\/strong>, fosfor <strong data-start=\"1901\" data-end=\"1910\">0,6 %<\/strong>, magnezij <strong data-start=\"1921\" data-end=\"1930\">0,3 %<\/strong>, natrij <strong data-start=\"1939\" data-end=\"1948\">0,3 %<\/strong>; DE <strong data-start=\"1953\" data-end=\"1967\">12,3 MJ\/kg<\/strong>.<\/p>\n<p data-start=\"2029\" data-end=\"2383\">Vitamin A <strong data-start=\"2039\" data-end=\"2052\">15.000 IU<\/strong>, vitamin D3 <strong data-start=\"2065\" data-end=\"2077\">3.000 IU<\/strong>, vitamin E <strong data-start=\"2089\" data-end=\"2099\">350 mg<\/strong>, biotin <strong data-start=\"2108\" data-end=\"2118\">240 \u00b5g<\/strong>, kolin klorid <strong data-start=\"2133\" data-end=\"2143\">190 mg<\/strong>; \u017eeljezo <strong data-start=\"2152\" data-end=\"2161\">90 mg<\/strong>, jod <strong data-start=\"2167\" data-end=\"2177\">1,5 mg<\/strong>, kobalt <strong data-start=\"2186\" data-end=\"2197\">0,36 mg<\/strong>, bakar <strong data-start=\"2205\" data-end=\"2229\">(36 mg + 9 mg kelat)<\/strong>, mangan <strong data-start=\"2238\" data-end=\"2263\">(140 mg + 9 mg kelat)<\/strong>, cink <strong data-start=\"2270\" data-end=\"2296\">(140 mg + 12 mg kelat)<\/strong>, selen <strong data-start=\"2304\" data-end=\"2344\">(0,48 mg + 0,12 mg L-selenometionin)<\/strong>.<\/p>\n","protected":false},"excerpt":{"rendered":"<p><strong>Za ovaj proizvod se zbog dimenzija ili te\u017eine obra\u010dunavaju dodatni tro\u0161kovi po\u0161tarine u vrijednosti 15\u20ac \/ kom.<\/strong><\/p>\n<ul>\n<li>Za konje u redovitom treningu (razina 3).<\/li>\n<li>Ekspandirana i termi\u010dki obra\u0111ena \u017eita.<\/li>\n<\/ul>\n","protected":false},"featured_media":131003,"template":"","meta":{"footnotes":""},"product_brand":[],"product_cat":[5711,5657,5710],"product_tag":[],"class_list":{"0":"post-131802","1":"product","2":"type-product","3":"status-publish","4":"has-post-thumbnail","6":"product_cat-hrana-i-prehrambeni-dodaci-cavalor","7":"product_cat-kategorije-hr","8":"product_cat-hrana-za-konje-hr","10":"first","11":"instock","12":"shipping-taxable","13":"purchasable","14":"product-type-simple"},"yoast_head":"<!-- This site is optimized with the Yoast SEO plugin v27.3 - https:\/\/yoast.com\/product\/yoast-seo-wordpress\/ -->\n<title>Cavalor Perfomix - Clair<\/title>\n<meta name=\"description\" content=\"Za ovaj proizvod se zbog dimenzija ili te\u017eine obra\u010dunavaju dodatni tro\u0161kovi po\u0161tarine u vrijednosti 15\u20ac \/ kom.   Za konje u redovitom treningu (razina 3).  Ekspandirana i termi\u010dki obra\u0111ena \u017eita.\" \/>\n<meta name=\"robots\" content=\"index, follow, max-snippet:-1, max-image-preview:large, max-video-preview:-1\" \/>\n<link rel=\"canonical\" href=\"https:\/\/clair.si\/izdelek\/cavalor-perfomix\/\" \/>\n<meta property=\"og:locale\" content=\"hr_HR\" \/>\n<meta property=\"og:type\" content=\"article\" \/>\n<meta property=\"og:title\" content=\"Cavalor Perfomix - Clair\" \/>\n<meta property=\"og:description\" content=\"Za ovaj proizvod se zbog dimenzija ili te\u017eine obra\u010dunavaju dodatni tro\u0161kovi po\u0161tarine u vrijednosti 15\u20ac \/ kom.   Za konje u redovitom treningu (razina 3).  Ekspandirana i termi\u010dki obra\u0111ena \u017eita.\" \/>\n<meta property=\"og:url\" content=\"https:\/\/clair.si\/izdelek\/cavalor-perfomix\/\" \/>\n<meta property=\"og:site_name\" content=\"Clair\" \/>\n<meta property=\"article:publisher\" content=\"https:\/\/www.facebook.com\/TrgovinaClair\/\" \/>\n<meta property=\"article:modified_time\" content=\"2026-02-25T18:58:50+00:00\" \/>\n<meta property=\"og:image\" content=\"https:\/\/clair.si\/wp-content\/uploads\/2026\/02\/cavalor-perfomix-clair.webp\" \/>\n\t<meta property=\"og:image:width\" content=\"2560\" \/>\n\t<meta property=\"og:image:height\" content=\"1975\" \/>\n\t<meta property=\"og:image:type\" content=\"image\/webp\" \/>\n<meta name=\"twitter:card\" content=\"summary_large_image\" \/>\n<meta name=\"twitter:label1\" content=\"Procijenjeno vrijeme \u010ditanja\" \/>\n\t<meta name=\"twitter:data1\" content=\"2 minute\" \/>\n<script type=\"application\/ld+json\" class=\"yoast-schema-graph\">{\"@context\":\"https:\\\/\\\/schema.org\",\"@graph\":[{\"@type\":\"WebPage\",\"@id\":\"https:\\\/\\\/clair.si\\\/izdelek\\\/cavalor-perfomix\\\/\",\"url\":\"https:\\\/\\\/clair.si\\\/izdelek\\\/cavalor-perfomix\\\/\",\"name\":\"Cavalor Perfomix - Clair\",\"isPartOf\":{\"@id\":\"https:\\\/\\\/clair.si\\\/#website\"},\"primaryImageOfPage\":{\"@id\":\"https:\\\/\\\/clair.si\\\/izdelek\\\/cavalor-perfomix\\\/#primaryimage\"},\"image\":{\"@id\":\"https:\\\/\\\/clair.si\\\/izdelek\\\/cavalor-perfomix\\\/#primaryimage\"},\"thumbnailUrl\":\"https:\\\/\\\/clair.si\\\/wp-content\\\/uploads\\\/2026\\\/02\\\/cavalor-perfomix-clair.webp\",\"datePublished\":\"2026-02-19T11:27:33+00:00\",\"dateModified\":\"2026-02-25T18:58:50+00:00\",\"description\":\"Za ovaj proizvod se zbog dimenzija ili te\u017eine obra\u010dunavaju dodatni tro\u0161kovi po\u0161tarine u vrijednosti 15\u20ac \\\/ kom. Za konje u redovitom treningu (razina 3). Ekspandirana i termi\u010dki obra\u0111ena \u017eita.\",\"breadcrumb\":{\"@id\":\"https:\\\/\\\/clair.si\\\/izdelek\\\/cavalor-perfomix\\\/#breadcrumb\"},\"inLanguage\":\"hr\",\"potentialAction\":[{\"@type\":\"ReadAction\",\"target\":[\"https:\\\/\\\/clair.si\\\/izdelek\\\/cavalor-perfomix\\\/\"]}]},{\"@type\":\"ImageObject\",\"inLanguage\":\"hr\",\"@id\":\"https:\\\/\\\/clair.si\\\/izdelek\\\/cavalor-perfomix\\\/#primaryimage\",\"url\":\"https:\\\/\\\/clair.si\\\/wp-content\\\/uploads\\\/2026\\\/02\\\/cavalor-perfomix-clair.webp\",\"contentUrl\":\"https:\\\/\\\/clair.si\\\/wp-content\\\/uploads\\\/2026\\\/02\\\/cavalor-perfomix-clair.webp\",\"width\":2560,\"height\":1975},{\"@type\":\"BreadcrumbList\",\"@id\":\"https:\\\/\\\/clair.si\\\/izdelek\\\/cavalor-perfomix\\\/#breadcrumb\",\"itemListElement\":[{\"@type\":\"ListItem\",\"position\":1,\"name\":\"Home\",\"item\":\"https:\\\/\\\/clair.si\\\/hr\\\/\"},{\"@type\":\"ListItem\",\"position\":2,\"name\":\"Trgovina\",\"item\":\"https:\\\/\\\/clair.si\\\/trgovina\\\/\"},{\"@type\":\"ListItem\",\"position\":3,\"name\":\"Cavalor Perfomix\"}]},{\"@type\":\"WebSite\",\"@id\":\"https:\\\/\\\/clair.si\\\/#website\",\"url\":\"https:\\\/\\\/clair.si\\\/\",\"name\":\"Clair\",\"description\":\"Trgovina s konjeni\u0161ko opremo\",\"publisher\":{\"@id\":\"https:\\\/\\\/clair.si\\\/#organization\"},\"potentialAction\":[{\"@type\":\"SearchAction\",\"target\":{\"@type\":\"EntryPoint\",\"urlTemplate\":\"https:\\\/\\\/clair.si\\\/?s={search_term_string}\"},\"query-input\":{\"@type\":\"PropertyValueSpecification\",\"valueRequired\":true,\"valueName\":\"search_term_string\"}}],\"inLanguage\":\"hr\"},{\"@type\":\"Organization\",\"@id\":\"https:\\\/\\\/clair.si\\\/#organization\",\"name\":\"Clair\",\"url\":\"https:\\\/\\\/clair.si\\\/\",\"logo\":{\"@type\":\"ImageObject\",\"inLanguage\":\"hr\",\"@id\":\"https:\\\/\\\/clair.si\\\/#\\\/schema\\\/logo\\\/image\\\/\",\"url\":\"https:\\\/\\\/clair.si\\\/wp-content\\\/uploads\\\/2022\\\/11\\\/clair_logo_2022.jpg\",\"contentUrl\":\"https:\\\/\\\/clair.si\\\/wp-content\\\/uploads\\\/2022\\\/11\\\/clair_logo_2022.jpg\",\"width\":1920,\"height\":1920,\"caption\":\"Clair\"},\"image\":{\"@id\":\"https:\\\/\\\/clair.si\\\/#\\\/schema\\\/logo\\\/image\\\/\"},\"sameAs\":[\"https:\\\/\\\/www.facebook.com\\\/TrgovinaClair\\\/\"]}]}<\/script>\n<!-- \/ Yoast SEO plugin. -->","yoast_head_json":{"title":"Cavalor Perfomix - Clair","description":"Za ovaj proizvod se zbog dimenzija ili te\u017eine obra\u010dunavaju dodatni tro\u0161kovi po\u0161tarine u vrijednosti 15\u20ac \/ kom.   Za konje u redovitom treningu (razina 3).  Ekspandirana i termi\u010dki obra\u0111ena \u017eita.","robots":{"index":"index","follow":"follow","max-snippet":"max-snippet:-1","max-image-preview":"max-image-preview:large","max-video-preview":"max-video-preview:-1"},"canonical":"https:\/\/clair.si\/izdelek\/cavalor-perfomix\/","og_locale":"hr_HR","og_type":"article","og_title":"Cavalor Perfomix - Clair","og_description":"Za ovaj proizvod se zbog dimenzija ili te\u017eine obra\u010dunavaju dodatni tro\u0161kovi po\u0161tarine u vrijednosti 15\u20ac \/ kom.   Za konje u redovitom treningu (razina 3).  Ekspandirana i termi\u010dki obra\u0111ena \u017eita.","og_url":"https:\/\/clair.si\/izdelek\/cavalor-perfomix\/","og_site_name":"Clair","article_publisher":"https:\/\/www.facebook.com\/TrgovinaClair\/","article_modified_time":"2026-02-25T18:58:50+00:00","og_image":[{"width":2560,"height":1975,"url":"https:\/\/clair.si\/wp-content\/uploads\/2026\/02\/cavalor-perfomix-clair.webp","type":"image\/webp"}],"twitter_card":"summary_large_image","twitter_misc":{"Procijenjeno vrijeme \u010ditanja":"2 minute"},"schema":{"@context":"https:\/\/schema.org","@graph":[{"@type":"WebPage","@id":"https:\/\/clair.si\/izdelek\/cavalor-perfomix\/","url":"https:\/\/clair.si\/izdelek\/cavalor-perfomix\/","name":"Cavalor Perfomix - Clair","isPartOf":{"@id":"https:\/\/clair.si\/#website"},"primaryImageOfPage":{"@id":"https:\/\/clair.si\/izdelek\/cavalor-perfomix\/#primaryimage"},"image":{"@id":"https:\/\/clair.si\/izdelek\/cavalor-perfomix\/#primaryimage"},"thumbnailUrl":"https:\/\/clair.si\/wp-content\/uploads\/2026\/02\/cavalor-perfomix-clair.webp","datePublished":"2026-02-19T11:27:33+00:00","dateModified":"2026-02-25T18:58:50+00:00","description":"Za ovaj proizvod se zbog dimenzija ili te\u017eine obra\u010dunavaju dodatni tro\u0161kovi po\u0161tarine u vrijednosti 15\u20ac \/ kom. Za konje u redovitom treningu (razina 3). Ekspandirana i termi\u010dki obra\u0111ena \u017eita.","breadcrumb":{"@id":"https:\/\/clair.si\/izdelek\/cavalor-perfomix\/#breadcrumb"},"inLanguage":"hr","potentialAction":[{"@type":"ReadAction","target":["https:\/\/clair.si\/izdelek\/cavalor-perfomix\/"]}]},{"@type":"ImageObject","inLanguage":"hr","@id":"https:\/\/clair.si\/izdelek\/cavalor-perfomix\/#primaryimage","url":"https:\/\/clair.si\/wp-content\/uploads\/2026\/02\/cavalor-perfomix-clair.webp","contentUrl":"https:\/\/clair.si\/wp-content\/uploads\/2026\/02\/cavalor-perfomix-clair.webp","width":2560,"height":1975},{"@type":"BreadcrumbList","@id":"https:\/\/clair.si\/izdelek\/cavalor-perfomix\/#breadcrumb","itemListElement":[{"@type":"ListItem","position":1,"name":"Home","item":"https:\/\/clair.si\/hr\/"},{"@type":"ListItem","position":2,"name":"Trgovina","item":"https:\/\/clair.si\/trgovina\/"},{"@type":"ListItem","position":3,"name":"Cavalor Perfomix"}]},{"@type":"WebSite","@id":"https:\/\/clair.si\/#website","url":"https:\/\/clair.si\/","name":"Clair","description":"Trgovina s konjeni\u0161ko opremo","publisher":{"@id":"https:\/\/clair.si\/#organization"},"potentialAction":[{"@type":"SearchAction","target":{"@type":"EntryPoint","urlTemplate":"https:\/\/clair.si\/?s={search_term_string}"},"query-input":{"@type":"PropertyValueSpecification","valueRequired":true,"valueName":"search_term_string"}}],"inLanguage":"hr"},{"@type":"Organization","@id":"https:\/\/clair.si\/#organization","name":"Clair","url":"https:\/\/clair.si\/","logo":{"@type":"ImageObject","inLanguage":"hr","@id":"https:\/\/clair.si\/#\/schema\/logo\/image\/","url":"https:\/\/clair.si\/wp-content\/uploads\/2022\/11\/clair_logo_2022.jpg","contentUrl":"https:\/\/clair.si\/wp-content\/uploads\/2022\/11\/clair_logo_2022.jpg","width":1920,"height":1920,"caption":"Clair"},"image":{"@id":"https:\/\/clair.si\/#\/schema\/logo\/image\/"},"sameAs":["https:\/\/www.facebook.com\/TrgovinaClair\/"]}]}},"_links":{"self":[{"href":"https:\/\/clair.si\/hr\/wp-json\/wp\/v2\/product\/131802","targetHints":{"allow":["GET"]}}],"collection":[{"href":"https:\/\/clair.si\/hr\/wp-json\/wp\/v2\/product"}],"about":[{"href":"https:\/\/clair.si\/hr\/wp-json\/wp\/v2\/types\/product"}],"version-history":[{"count":1,"href":"https:\/\/clair.si\/hr\/wp-json\/wp\/v2\/product\/131802\/revisions"}],"predecessor-version":[{"id":131842,"href":"https:\/\/clair.si\/hr\/wp-json\/wp\/v2\/product\/131802\/revisions\/131842"}],"wp:featuredmedia":[{"embeddable":true,"href":"https:\/\/clair.si\/hr\/wp-json\/wp\/v2\/media\/131003"}],"wp:attachment":[{"href":"https:\/\/clair.si\/hr\/wp-json\/wp\/v2\/media?parent=131802"}],"wp:term":[{"taxonomy":"product_brand","embeddable":true,"href":"https:\/\/clair.si\/hr\/wp-json\/wp\/v2\/product_brand?post=131802"},{"taxonomy":"product_cat","embeddable":true,"href":"https:\/\/clair.si\/hr\/wp-json\/wp\/v2\/product_cat?post=131802"},{"taxonomy":"product_tag","embeddable":true,"href":"https:\/\/clair.si\/hr\/wp-json\/wp\/v2\/product_tag?post=131802"}],"curies":[{"name":"wp","href":"https:\/\/api.w.org\/{rel}","templated":true}]}}