{"id":131803,"date":"2026-02-18T11:32:06","date_gmt":"2026-02-18T10:32:06","guid":{"rendered":"https:\/\/clair.si\/izdelek\/biljna-tinktura-hilton-herbs-cush-x\/"},"modified":"2026-02-18T11:32:06","modified_gmt":"2026-02-18T10:32:06","slug":"biljna-tinktura-hilton-herbs-cush-x","status":"publish","type":"product","link":"https:\/\/clair.si\/hr\/izdelek\/biljna-tinktura-hilton-herbs-cush-x\/","title":{"rendered":"Biljna tinktura Hilton Herbs Cush X"},"content":{"rendered":"<h2 data-start=\"0\" data-end=\"97\">Hilton Herbs Cush X Liquid \u2013 biljna tinktura za podr\u0161ku endokrinoj ravnote\u017ei<\/h2>\n<p data-start=\"99\" data-end=\"598\">Biljna tinktura Hilton Herbs Cush X je teku\u0107a biljna mje\u0161avina za <strong data-start=\"146\" data-end=\"171\">konje, ponije i magarce<\/strong>, osmi\u0161ljena kao <strong data-start=\"187\" data-end=\"223\">podr\u0161ka zdravoj funkciji hipofize<\/strong> i <strong data-start=\"227\" data-end=\"275\">uravnote\u017eenom radu endokrinog sustava<\/strong>. Prikladna je za \u017eivotinje kojima je potrebna <strong data-start=\"315\" data-end=\"342\">nje\u017ena hormonska podr\u0161ka<\/strong> (npr. pri sezonskim promjenama), jer poma\u017ee u odr\u017eavanju <strong data-start=\"402\" data-end=\"440\">metaboli\u010dke ravnote\u017ee i vitalnosti<\/strong> te podr\u017eava <strong data-start=\"453\" data-end=\"479\">normalnu izmjenu dlake<\/strong>, <strong data-start=\"481\" data-end=\"500\">termoregulaciju<\/strong>, <strong data-start=\"502\" data-end=\"517\">cirkulaciju<\/strong> i <strong data-start=\"521\" data-end=\"559\">funkciju bubrega\/mokra\u0107nog sustava<\/strong>. <\/p>\n<p data-start=\"600\" data-end=\"772\">Proizvod je <strong data-start=\"611\" data-end=\"643\">auditiran u okviru BETA NOPS<\/strong> (prikladnost za FEI natjecanja \u2013 odgovorna osoba uvijek treba provjeriti aktualna pravila saveza).<\/p>\n<ul data-start=\"798\" data-end=\"1332\">\n<li data-start=\"798\" data-end=\"890\">\n<p data-start=\"800\" data-end=\"890\">Podr\u0161ka <strong data-start=\"808\" data-end=\"820\">hipofizi<\/strong> i <strong data-start=\"824\" data-end=\"850\">endokrinoj ravnote\u017ei<\/strong><\/p>\n<\/li>\n<li data-start=\"891\" data-end=\"1073\">\n<p data-start=\"893\" data-end=\"1073\">Biljke odabrane podr\u0161ke: <strong data-start=\"918\" data-end=\"1033\">Vitex agnus-castus (obi\u010dni vitex\/agnus castus), sikavica, borovnica, zlatnica, arti\u010doka, kozja rutica<\/strong><\/p>\n<\/li>\n<li data-start=\"1074\" data-end=\"1218\">\n<p data-start=\"1076\" data-end=\"1218\">Teku\u0107i oblik: mo\u017ee se dodati hrani ili <strong data-start=\"1114\" data-end=\"1151\">primijeniti izravno u usta \u0161pricom<\/strong> ako konj ne prima obrok<\/p>\n<\/li>\n<li data-start=\"1219\" data-end=\"1332\">\n<p data-start=\"1221\" data-end=\"1332\">Za puni u\u010dinak biljaka preporu\u010duje se <strong data-start=\"1258\" data-end=\"1292\">najmanje 1 mjesec redovite uporabe<\/strong><\/p>\n<\/li>\n<\/ul>\n<p data-start=\"1366\" data-end=\"1520\">Sastav: tinktura jabu\u010dnog octa, Vitex agnus castus, sjeme sikavice, borovnica, zlatnica, arti\u010doka, kozja rutica.<\/p>\n<p data-start=\"1563\" data-end=\"1748\">Dodavajte <strong data-start=\"1573\" data-end=\"1583\">svakodnevno<\/strong>; gdje je mogu\u0107e, dnevnu koli\u010dinu <strong data-start=\"1617\" data-end=\"1642\">podijelite u 2 obroka<\/strong>. Teku\u0107i dodatak po potrebi mo\u017eete <strong data-start=\"1676\" data-end=\"1709\">dozirati i izravno u usta<\/strong>. <\/p>\n<table>\n<thead>\n<tr>\n<th>Visina \u017eivotinje<\/th>\n<th align=\"right\">Dnevna koli\u010dina Cush X Gold<\/th>\n<\/tr>\n<\/thead>\n<tbody>\n<tr>\n<td>do <strong>124 cm<\/strong> (\u2264 12.2 hh)<\/td>\n<td align=\"right\"><strong>10 ml\/dan<\/strong><\/td>\n<\/tr>\n<tr>\n<td><strong>124\u2013144 cm<\/strong> (12.2\u201314.2 hh)<\/td>\n<td align=\"right\"><strong>20 ml\/dan<\/strong><\/td>\n<\/tr>\n<tr>\n<td><strong>145\u2013155 cm<\/strong> (14.2\u201315.2 hh)<\/td>\n<td align=\"right\"><strong>25 ml\/dan<\/strong><\/td>\n<\/tr>\n<tr>\n<td><strong>155\u2013165 cm<\/strong> (15.2\u201316.2 hh)<\/td>\n<td align=\"right\"><strong>30 ml\/dan<\/strong><\/td>\n<\/tr>\n<tr>\n<td>iznad <strong>165 cm<\/strong> (&gt; 16.2 hh)<\/td>\n<td align=\"right\"><strong>40 ml\/dan<\/strong><\/td>\n<\/tr>\n<\/tbody>\n<\/table>\n","protected":false},"excerpt":{"rendered":"<ul>\n<li data-start=\"0\" data-end=\"100\">\n<p data-start=\"2\" data-end=\"100\"><strong data-start=\"2\" data-end=\"48\"><strong data-start=\"2\" data-end=\"48\">Podr\u0161ka<\/strong> hipofizi <\/strong>i <strong data-start=\"2\" data-end=\"48\">endokrinoj ravnote\u017ei<\/strong> (za konje s potrebom za podr\u0161kom kod \u201cCushings\/PPID\u201d)<\/p>\n<\/li>\n<li data-start=\"101\" data-end=\"202\">\n<p data-start=\"103\" data-end=\"202\">Biljna tinktura na bazi jabu\u010dnog octa<\/p>\n<\/li>\n<li data-start=\"203\" data-end=\"299\">\n<p data-start=\"205\" data-end=\"299\"><b>Za prosje\u010dnog konja dovoljno za cca 30 dana <\/b><\/p>\n<\/li>\n<\/ul>\n","protected":false},"featured_media":130854,"template":"","meta":{"footnotes":""},"product_brand":[],"product_cat":[7078,5657,5710,5712],"product_tag":[],"class_list":{"0":"post-131803","1":"product","2":"type-product","3":"status-publish","4":"has-post-thumbnail","6":"product_cat-hilton-herbs","7":"product_cat-kategorije-hr","8":"product_cat-hrana-za-konje-hr","9":"product_cat-prehrambeni-dodaci","11":"first","12":"instock","13":"shipping-taxable","14":"purchasable","15":"product-type-simple"},"yoast_head":"<!-- This site is optimized with the Yoast SEO plugin v27.3 - https:\/\/yoast.com\/product\/yoast-seo-wordpress\/ -->\n<title>Biljna tinktura Hilton Herbs Cush X - Clair<\/title>\n<meta name=\"description\" content=\"Podr\u0161ka hipofizi i endokrinoj ravnote\u017ei (za konje s potrebom za podr\u0161kom kod \u201cCushings\/PPID\u201d)   Biljna tinktura na bazi jabu\u010dnog octa   Za prosje\u010dnog konja dovoljno za cca 30 dana\" \/>\n<meta name=\"robots\" content=\"index, follow, max-snippet:-1, max-image-preview:large, max-video-preview:-1\" \/>\n<link rel=\"canonical\" href=\"https:\/\/clair.si\/hr\/izdelek\/biljna-tinktura-hilton-herbs-cush-x\/\" \/>\n<meta property=\"og:locale\" content=\"hr_HR\" \/>\n<meta property=\"og:type\" content=\"article\" \/>\n<meta property=\"og:title\" content=\"Biljna tinktura Hilton Herbs Cush X - Clair\" \/>\n<meta property=\"og:description\" content=\"Podr\u0161ka hipofizi i endokrinoj ravnote\u017ei (za konje s potrebom za podr\u0161kom kod \u201cCushings\/PPID\u201d)   Biljna tinktura na bazi jabu\u010dnog octa   Za prosje\u010dnog konja dovoljno za cca 30 dana\" \/>\n<meta property=\"og:url\" content=\"https:\/\/clair.si\/hr\/izdelek\/biljna-tinktura-hilton-herbs-cush-x\/\" \/>\n<meta property=\"og:site_name\" content=\"Clair\" \/>\n<meta property=\"article:publisher\" content=\"https:\/\/www.facebook.com\/TrgovinaClair\/\" \/>\n<meta property=\"og:image\" content=\"https:\/\/clair.si\/wp-content\/uploads\/2026\/02\/ZELISCNA-TINKTURA-CUSH-X-CLAIr.webp\" \/>\n\t<meta property=\"og:image:width\" content=\"458\" \/>\n\t<meta property=\"og:image:height\" content=\"458\" \/>\n\t<meta property=\"og:image:type\" content=\"image\/jpeg\" \/>\n<meta name=\"twitter:card\" content=\"summary_large_image\" \/>\n<meta name=\"twitter:label1\" content=\"Procijenjeno vrijeme \u010ditanja\" \/>\n\t<meta name=\"twitter:data1\" content=\"1 minuta\" \/>\n<script type=\"application\/ld+json\" class=\"yoast-schema-graph\">{\"@context\":\"https:\\\/\\\/schema.org\",\"@graph\":[{\"@type\":\"WebPage\",\"@id\":\"https:\\\/\\\/clair.si\\\/hr\\\/izdelek\\\/biljna-tinktura-hilton-herbs-cush-x\\\/\",\"url\":\"https:\\\/\\\/clair.si\\\/hr\\\/izdelek\\\/biljna-tinktura-hilton-herbs-cush-x\\\/\",\"name\":\"Biljna tinktura Hilton Herbs Cush X - Clair\",\"isPartOf\":{\"@id\":\"https:\\\/\\\/clair.si\\\/#website\"},\"primaryImageOfPage\":{\"@id\":\"https:\\\/\\\/clair.si\\\/hr\\\/izdelek\\\/biljna-tinktura-hilton-herbs-cush-x\\\/#primaryimage\"},\"image\":{\"@id\":\"https:\\\/\\\/clair.si\\\/hr\\\/izdelek\\\/biljna-tinktura-hilton-herbs-cush-x\\\/#primaryimage\"},\"thumbnailUrl\":\"https:\\\/\\\/clair.si\\\/wp-content\\\/uploads\\\/2026\\\/02\\\/ZELISCNA-TINKTURA-CUSH-X-CLAIr.webp\",\"datePublished\":\"2026-02-18T10:32:06+00:00\",\"description\":\"Podr\u0161ka hipofizi i endokrinoj ravnote\u017ei (za konje s potrebom za podr\u0161kom kod \u201cCushings\\\/PPID\u201d) Biljna tinktura na bazi jabu\u010dnog octa Za prosje\u010dnog konja dovoljno za cca 30 dana\",\"breadcrumb\":{\"@id\":\"https:\\\/\\\/clair.si\\\/hr\\\/izdelek\\\/biljna-tinktura-hilton-herbs-cush-x\\\/#breadcrumb\"},\"inLanguage\":\"hr\",\"potentialAction\":[{\"@type\":\"ReadAction\",\"target\":[\"https:\\\/\\\/clair.si\\\/hr\\\/izdelek\\\/biljna-tinktura-hilton-herbs-cush-x\\\/\"]}]},{\"@type\":\"ImageObject\",\"inLanguage\":\"hr\",\"@id\":\"https:\\\/\\\/clair.si\\\/hr\\\/izdelek\\\/biljna-tinktura-hilton-herbs-cush-x\\\/#primaryimage\",\"url\":\"https:\\\/\\\/clair.si\\\/wp-content\\\/uploads\\\/2026\\\/02\\\/ZELISCNA-TINKTURA-CUSH-X-CLAIr.webp\",\"contentUrl\":\"https:\\\/\\\/clair.si\\\/wp-content\\\/uploads\\\/2026\\\/02\\\/ZELISCNA-TINKTURA-CUSH-X-CLAIr.webp\",\"width\":458,\"height\":458},{\"@type\":\"BreadcrumbList\",\"@id\":\"https:\\\/\\\/clair.si\\\/hr\\\/izdelek\\\/biljna-tinktura-hilton-herbs-cush-x\\\/#breadcrumb\",\"itemListElement\":[{\"@type\":\"ListItem\",\"position\":1,\"name\":\"Home\",\"item\":\"https:\\\/\\\/clair.si\\\/hr\\\/\"},{\"@type\":\"ListItem\",\"position\":2,\"name\":\"Trgovina\",\"item\":\"https:\\\/\\\/clair.si\\\/trgovina\\\/\"},{\"@type\":\"ListItem\",\"position\":3,\"name\":\"Biljna tinktura Hilton Herbs Cush X\"}]},{\"@type\":\"WebSite\",\"@id\":\"https:\\\/\\\/clair.si\\\/#website\",\"url\":\"https:\\\/\\\/clair.si\\\/\",\"name\":\"Clair\",\"description\":\"Trgovina s konjeni\u0161ko opremo\",\"publisher\":{\"@id\":\"https:\\\/\\\/clair.si\\\/#organization\"},\"potentialAction\":[{\"@type\":\"SearchAction\",\"target\":{\"@type\":\"EntryPoint\",\"urlTemplate\":\"https:\\\/\\\/clair.si\\\/?s={search_term_string}\"},\"query-input\":{\"@type\":\"PropertyValueSpecification\",\"valueRequired\":true,\"valueName\":\"search_term_string\"}}],\"inLanguage\":\"hr\"},{\"@type\":\"Organization\",\"@id\":\"https:\\\/\\\/clair.si\\\/#organization\",\"name\":\"Clair\",\"url\":\"https:\\\/\\\/clair.si\\\/\",\"logo\":{\"@type\":\"ImageObject\",\"inLanguage\":\"hr\",\"@id\":\"https:\\\/\\\/clair.si\\\/#\\\/schema\\\/logo\\\/image\\\/\",\"url\":\"https:\\\/\\\/clair.si\\\/wp-content\\\/uploads\\\/2022\\\/11\\\/clair_logo_2022.jpg\",\"contentUrl\":\"https:\\\/\\\/clair.si\\\/wp-content\\\/uploads\\\/2022\\\/11\\\/clair_logo_2022.jpg\",\"width\":1920,\"height\":1920,\"caption\":\"Clair\"},\"image\":{\"@id\":\"https:\\\/\\\/clair.si\\\/#\\\/schema\\\/logo\\\/image\\\/\"},\"sameAs\":[\"https:\\\/\\\/www.facebook.com\\\/TrgovinaClair\\\/\"]}]}<\/script>\n<!-- \/ Yoast SEO plugin. -->","yoast_head_json":{"title":"Biljna tinktura Hilton Herbs Cush X - Clair","description":"Podr\u0161ka hipofizi i endokrinoj ravnote\u017ei (za konje s potrebom za podr\u0161kom kod \u201cCushings\/PPID\u201d)   Biljna tinktura na bazi jabu\u010dnog octa   Za prosje\u010dnog konja dovoljno za cca 30 dana","robots":{"index":"index","follow":"follow","max-snippet":"max-snippet:-1","max-image-preview":"max-image-preview:large","max-video-preview":"max-video-preview:-1"},"canonical":"https:\/\/clair.si\/hr\/izdelek\/biljna-tinktura-hilton-herbs-cush-x\/","og_locale":"hr_HR","og_type":"article","og_title":"Biljna tinktura Hilton Herbs Cush X - Clair","og_description":"Podr\u0161ka hipofizi i endokrinoj ravnote\u017ei (za konje s potrebom za podr\u0161kom kod \u201cCushings\/PPID\u201d)   Biljna tinktura na bazi jabu\u010dnog octa   Za prosje\u010dnog konja dovoljno za cca 30 dana","og_url":"https:\/\/clair.si\/hr\/izdelek\/biljna-tinktura-hilton-herbs-cush-x\/","og_site_name":"Clair","article_publisher":"https:\/\/www.facebook.com\/TrgovinaClair\/","og_image":[{"width":458,"height":458,"url":"https:\/\/clair.si\/wp-content\/uploads\/2026\/02\/ZELISCNA-TINKTURA-CUSH-X-CLAIr.webp","type":"image\/jpeg"}],"twitter_card":"summary_large_image","twitter_misc":{"Procijenjeno vrijeme \u010ditanja":"1 minuta"},"schema":{"@context":"https:\/\/schema.org","@graph":[{"@type":"WebPage","@id":"https:\/\/clair.si\/hr\/izdelek\/biljna-tinktura-hilton-herbs-cush-x\/","url":"https:\/\/clair.si\/hr\/izdelek\/biljna-tinktura-hilton-herbs-cush-x\/","name":"Biljna tinktura Hilton Herbs Cush X - Clair","isPartOf":{"@id":"https:\/\/clair.si\/#website"},"primaryImageOfPage":{"@id":"https:\/\/clair.si\/hr\/izdelek\/biljna-tinktura-hilton-herbs-cush-x\/#primaryimage"},"image":{"@id":"https:\/\/clair.si\/hr\/izdelek\/biljna-tinktura-hilton-herbs-cush-x\/#primaryimage"},"thumbnailUrl":"https:\/\/clair.si\/wp-content\/uploads\/2026\/02\/ZELISCNA-TINKTURA-CUSH-X-CLAIr.webp","datePublished":"2026-02-18T10:32:06+00:00","description":"Podr\u0161ka hipofizi i endokrinoj ravnote\u017ei (za konje s potrebom za podr\u0161kom kod \u201cCushings\/PPID\u201d) Biljna tinktura na bazi jabu\u010dnog octa Za prosje\u010dnog konja dovoljno za cca 30 dana","breadcrumb":{"@id":"https:\/\/clair.si\/hr\/izdelek\/biljna-tinktura-hilton-herbs-cush-x\/#breadcrumb"},"inLanguage":"hr","potentialAction":[{"@type":"ReadAction","target":["https:\/\/clair.si\/hr\/izdelek\/biljna-tinktura-hilton-herbs-cush-x\/"]}]},{"@type":"ImageObject","inLanguage":"hr","@id":"https:\/\/clair.si\/hr\/izdelek\/biljna-tinktura-hilton-herbs-cush-x\/#primaryimage","url":"https:\/\/clair.si\/wp-content\/uploads\/2026\/02\/ZELISCNA-TINKTURA-CUSH-X-CLAIr.webp","contentUrl":"https:\/\/clair.si\/wp-content\/uploads\/2026\/02\/ZELISCNA-TINKTURA-CUSH-X-CLAIr.webp","width":458,"height":458},{"@type":"BreadcrumbList","@id":"https:\/\/clair.si\/hr\/izdelek\/biljna-tinktura-hilton-herbs-cush-x\/#breadcrumb","itemListElement":[{"@type":"ListItem","position":1,"name":"Home","item":"https:\/\/clair.si\/hr\/"},{"@type":"ListItem","position":2,"name":"Trgovina","item":"https:\/\/clair.si\/trgovina\/"},{"@type":"ListItem","position":3,"name":"Biljna tinktura Hilton Herbs Cush X"}]},{"@type":"WebSite","@id":"https:\/\/clair.si\/#website","url":"https:\/\/clair.si\/","name":"Clair","description":"Trgovina s konjeni\u0161ko opremo","publisher":{"@id":"https:\/\/clair.si\/#organization"},"potentialAction":[{"@type":"SearchAction","target":{"@type":"EntryPoint","urlTemplate":"https:\/\/clair.si\/?s={search_term_string}"},"query-input":{"@type":"PropertyValueSpecification","valueRequired":true,"valueName":"search_term_string"}}],"inLanguage":"hr"},{"@type":"Organization","@id":"https:\/\/clair.si\/#organization","name":"Clair","url":"https:\/\/clair.si\/","logo":{"@type":"ImageObject","inLanguage":"hr","@id":"https:\/\/clair.si\/#\/schema\/logo\/image\/","url":"https:\/\/clair.si\/wp-content\/uploads\/2022\/11\/clair_logo_2022.jpg","contentUrl":"https:\/\/clair.si\/wp-content\/uploads\/2022\/11\/clair_logo_2022.jpg","width":1920,"height":1920,"caption":"Clair"},"image":{"@id":"https:\/\/clair.si\/#\/schema\/logo\/image\/"},"sameAs":["https:\/\/www.facebook.com\/TrgovinaClair\/"]}]}},"_links":{"self":[{"href":"https:\/\/clair.si\/hr\/wp-json\/wp\/v2\/product\/131803","targetHints":{"allow":["GET"]}}],"collection":[{"href":"https:\/\/clair.si\/hr\/wp-json\/wp\/v2\/product"}],"about":[{"href":"https:\/\/clair.si\/hr\/wp-json\/wp\/v2\/types\/product"}],"version-history":[{"count":0,"href":"https:\/\/clair.si\/hr\/wp-json\/wp\/v2\/product\/131803\/revisions"}],"wp:featuredmedia":[{"embeddable":true,"href":"https:\/\/clair.si\/hr\/wp-json\/wp\/v2\/media\/130854"}],"wp:attachment":[{"href":"https:\/\/clair.si\/hr\/wp-json\/wp\/v2\/media?parent=131803"}],"wp:term":[{"taxonomy":"product_brand","embeddable":true,"href":"https:\/\/clair.si\/hr\/wp-json\/wp\/v2\/product_brand?post=131803"},{"taxonomy":"product_cat","embeddable":true,"href":"https:\/\/clair.si\/hr\/wp-json\/wp\/v2\/product_cat?post=131803"},{"taxonomy":"product_tag","embeddable":true,"href":"https:\/\/clair.si\/hr\/wp-json\/wp\/v2\/product_tag?post=131803"}],"curies":[{"name":"wp","href":"https:\/\/api.w.org\/{rel}","templated":true}]}}