{"id":131809,"date":"2026-02-19T12:07:14","date_gmt":"2026-02-19T11:07:14","guid":{"rendered":"https:\/\/clair.si\/izdelek\/cavalor-pianissimo\/"},"modified":"2026-02-25T19:58:32","modified_gmt":"2026-02-25T18:58:32","slug":"cavalor-pianissimo","status":"publish","type":"product","link":"https:\/\/clair.si\/hr\/izdelek\/cavalor-pianissimo\/","title":{"rendered":"Cavalor Pianissimo"},"content":{"rendered":"<h2 data-start=\"0\" data-end=\"90\">Cavalor Pianissimo \u2013 sportski m\u00fcsli za <strong data-start=\"49\" data-end=\"78\">osjetljive\/nervozne konje<\/strong> (bez zobi)<\/h2>\n<h3 data-start=\"92\" data-end=\"114\">Za\u0161to se koristi?<\/h3>\n<p data-start=\"115\" data-end=\"251\"><strong>Cavalor<\/strong> <strong data-start=\"123\" data-end=\"137\">Pianissimo<\/strong> je sportski m\u00fcsli za konje koji su <strong data-start=\"171\" data-end=\"192\">brzo pod stresom<\/strong>, \u201chot\u201d tip ili osjetljivi na energiju iz zobi. Posebnosti:<\/p>\n<ul data-start=\"252\" data-end=\"786\">\n<li data-start=\"252\" data-end=\"346\">\n<p data-start=\"254\" data-end=\"346\"><strong data-start=\"254\" data-end=\"267\">Bez zobi<\/strong> (oat-free) \u2013 za mirniju energiju.<\/p>\n<\/li>\n<li data-start=\"347\" data-end=\"453\">\n<p data-start=\"349\" data-end=\"453\"><strong data-start=\"349\" data-end=\"387\">Kontrola stresa \/ za nervozne konje<\/strong> (ciljano osmi\u0161ljen profil).<\/p>\n<\/li>\n<li data-start=\"454\" data-end=\"598\">\n<p data-start=\"456\" data-end=\"598\"><strong data-start=\"456\" data-end=\"483\">Pahuljaste\/obra\u0111ene \u017eitarice<\/strong> za lak\u0161u probavljivost + <strong data-start=\"509\" data-end=\"537\">prebiotici i probiotici<\/strong> za potporu crijevima.<\/p>\n<\/li>\n<li data-start=\"599\" data-end=\"786\">\n<p data-start=\"601\" data-end=\"786\">U PDS-u su istaknuti i koncepti <strong data-start=\"638\" data-end=\"654\">Omega 3 plus<\/strong> (potpora op\u0107oj kondiciji) i <strong data-start=\"686\" data-end=\"704\">Cavalor Calmix<\/strong> (biljna mje\u0161avina za umiruju\u0107i u\u010dinak).<\/p>\n<\/li>\n<\/ul>\n<ul data-start=\"1281\" data-end=\"1522\">\n<li style=\"list-style-type: none;\" data-start=\"1345\" data-end=\"1522\"><\/li>\n<\/ul>\n<p data-start=\"1540\" data-end=\"1745\"><strong data-start=\"79\" data-end=\"91\">Sastav:<\/strong> lanene ljuske, je\u010dmene pahuljice, p\u0161eni\u010dni nusproizvodi (wheat middlings), p\u0161eni\u010dne posije, ekspandirani kukuruz, repina melasa, ekspandirani je\u010dam, laneno sjeme, pljeva pira, zdrobljeno uljano sjeme, sojine ljuske (iz genetski modificirane soje), repi\u010dina poga\u010da\/rep. ekstrakcijska poga\u010da, sojino ulje, suncokretova poga\u010da\/suncokretova krma, p\u0161enica, kalcijev karbonat, natrijev klorid, frukto-oligosaharidi, magnezijev oksid, hidratizirani magnezijev silikat, kukuruzni ekstrakt (maize steep liquor).<\/p>\n<p data-start=\"1770\" data-end=\"2037\"><strong>Analiti\u010dki sastav:<\/strong> Sirove bjelan\u010devine <strong data-start=\"1789\" data-end=\"1799\">10,5 %<\/strong>, sirova mast <strong data-start=\"1816\" data-end=\"1825\">4,0 %<\/strong>, sirova vlaknina <strong data-start=\"1843\" data-end=\"1853\">12,0 %<\/strong>, sirovi pepeo <strong data-start=\"1868\" data-end=\"1877\">7,5 %<\/strong>, \u0161e\u0107eri <strong data-start=\"1889\" data-end=\"1898\">5,3 %<\/strong>, \u0161krob <strong data-start=\"1906\" data-end=\"1916\">26,7 %<\/strong>, kalcij <strong data-start=\"1925\" data-end=\"1935\">0,85 %<\/strong>, fosfor <strong data-start=\"1944\" data-end=\"1954\">0,60 %<\/strong>, magnezij <strong data-start=\"1965\" data-end=\"1975\">0,35 %<\/strong>, natrij <strong data-start=\"1984\" data-end=\"1994\">0,30 %<\/strong>.<\/p>\n<p data-start=\"2058\" data-end=\"2323\"><strong>Vitamini i elementi u tragovima<\/strong> (iz specifikacije): <strong data-start=\"2110\" data-end=\"2133\">vitamin A 12.500 IU<\/strong>, <strong data-start=\"2135\" data-end=\"2158\">vitamin D3 1.250 IU<\/strong>, <strong data-start=\"2160\" data-end=\"2180\">vitamin E 150 mg<\/strong>, <strong data-start=\"2182\" data-end=\"2199\">biotin 200 \u00b5g<\/strong>, <strong data-start=\"2201\" data-end=\"2224\">kolin klorid 160 mg<\/strong> te dodani mikroelementi (npr. Fe, Cu, Zn, Mn, I, Co, Se).<\/p>\n","protected":false},"excerpt":{"rendered":"<p><strong>Za ovaj proizvod se zbog dimenzija ili te\u017eine obra\u010dunavaju dodatni tro\u0161kovi po\u0161tarine u vrijednosti 15\u20ac \/ kom.<\/strong><\/p>\n<ul>\n<li>Za nervozne konje.<\/li>\n<li>Bez zobi.<\/li>\n<\/ul>\n","protected":false},"featured_media":130986,"template":"","meta":{"footnotes":""},"product_brand":[],"product_cat":[5711,5657,5710],"product_tag":[],"class_list":{"0":"post-131809","1":"product","2":"type-product","3":"status-publish","4":"has-post-thumbnail","6":"product_cat-hrana-i-prehrambeni-dodaci-cavalor","7":"product_cat-kategorije-hr","8":"product_cat-hrana-za-konje-hr","10":"first","11":"instock","12":"shipping-taxable","13":"purchasable","14":"product-type-simple"},"yoast_head":"<!-- This site is optimized with the Yoast SEO plugin v27.3 - https:\/\/yoast.com\/product\/yoast-seo-wordpress\/ -->\n<title>Cavalor Pianissimo - Clair<\/title>\n<meta name=\"description\" content=\"Za ovaj proizvod se zbog dimenzija ili te\u017eine obra\u010dunavaju dodatni tro\u0161kovi po\u0161tarine u vrijednosti 15\u20ac \/ kom.   Za nervozne konje.  Bez zobi.\" \/>\n<meta name=\"robots\" content=\"index, follow, max-snippet:-1, max-image-preview:large, max-video-preview:-1\" \/>\n<link rel=\"canonical\" href=\"https:\/\/clair.si\/izdelek\/cavalor-pianissimo\/\" \/>\n<meta property=\"og:locale\" content=\"hr_HR\" \/>\n<meta property=\"og:type\" content=\"article\" \/>\n<meta property=\"og:title\" content=\"Cavalor Pianissimo - Clair\" \/>\n<meta property=\"og:description\" content=\"Za ovaj proizvod se zbog dimenzija ili te\u017eine obra\u010dunavaju dodatni tro\u0161kovi po\u0161tarine u vrijednosti 15\u20ac \/ kom.   Za nervozne konje.  Bez zobi.\" \/>\n<meta property=\"og:url\" content=\"https:\/\/clair.si\/izdelek\/cavalor-pianissimo\/\" \/>\n<meta property=\"og:site_name\" content=\"Clair\" \/>\n<meta property=\"article:publisher\" content=\"https:\/\/www.facebook.com\/TrgovinaClair\/\" \/>\n<meta property=\"article:modified_time\" content=\"2026-02-25T18:58:32+00:00\" \/>\n<meta property=\"og:image\" content=\"https:\/\/clair.si\/wp-content\/uploads\/2026\/02\/cavalor-pianissimo-clair.webp\" \/>\n\t<meta property=\"og:image:width\" content=\"2560\" \/>\n\t<meta property=\"og:image:height\" content=\"1975\" \/>\n\t<meta property=\"og:image:type\" content=\"image\/webp\" \/>\n<meta name=\"twitter:card\" content=\"summary_large_image\" \/>\n<meta name=\"twitter:label1\" content=\"Procijenjeno vrijeme \u010ditanja\" \/>\n\t<meta name=\"twitter:data1\" content=\"2 minute\" \/>\n<script type=\"application\/ld+json\" class=\"yoast-schema-graph\">{\"@context\":\"https:\\\/\\\/schema.org\",\"@graph\":[{\"@type\":\"WebPage\",\"@id\":\"https:\\\/\\\/clair.si\\\/izdelek\\\/cavalor-pianissimo\\\/\",\"url\":\"https:\\\/\\\/clair.si\\\/izdelek\\\/cavalor-pianissimo\\\/\",\"name\":\"Cavalor Pianissimo - Clair\",\"isPartOf\":{\"@id\":\"https:\\\/\\\/clair.si\\\/#website\"},\"primaryImageOfPage\":{\"@id\":\"https:\\\/\\\/clair.si\\\/izdelek\\\/cavalor-pianissimo\\\/#primaryimage\"},\"image\":{\"@id\":\"https:\\\/\\\/clair.si\\\/izdelek\\\/cavalor-pianissimo\\\/#primaryimage\"},\"thumbnailUrl\":\"https:\\\/\\\/clair.si\\\/wp-content\\\/uploads\\\/2026\\\/02\\\/cavalor-pianissimo-clair.webp\",\"datePublished\":\"2026-02-19T11:07:14+00:00\",\"dateModified\":\"2026-02-25T18:58:32+00:00\",\"description\":\"Za ovaj proizvod se zbog dimenzija ili te\u017eine obra\u010dunavaju dodatni tro\u0161kovi po\u0161tarine u vrijednosti 15\u20ac \\\/ kom. Za nervozne konje. Bez zobi.\",\"breadcrumb\":{\"@id\":\"https:\\\/\\\/clair.si\\\/izdelek\\\/cavalor-pianissimo\\\/#breadcrumb\"},\"inLanguage\":\"hr\",\"potentialAction\":[{\"@type\":\"ReadAction\",\"target\":[\"https:\\\/\\\/clair.si\\\/izdelek\\\/cavalor-pianissimo\\\/\"]}]},{\"@type\":\"ImageObject\",\"inLanguage\":\"hr\",\"@id\":\"https:\\\/\\\/clair.si\\\/izdelek\\\/cavalor-pianissimo\\\/#primaryimage\",\"url\":\"https:\\\/\\\/clair.si\\\/wp-content\\\/uploads\\\/2026\\\/02\\\/cavalor-pianissimo-clair.webp\",\"contentUrl\":\"https:\\\/\\\/clair.si\\\/wp-content\\\/uploads\\\/2026\\\/02\\\/cavalor-pianissimo-clair.webp\",\"width\":2560,\"height\":1975},{\"@type\":\"BreadcrumbList\",\"@id\":\"https:\\\/\\\/clair.si\\\/izdelek\\\/cavalor-pianissimo\\\/#breadcrumb\",\"itemListElement\":[{\"@type\":\"ListItem\",\"position\":1,\"name\":\"Home\",\"item\":\"https:\\\/\\\/clair.si\\\/hr\\\/\"},{\"@type\":\"ListItem\",\"position\":2,\"name\":\"Trgovina\",\"item\":\"https:\\\/\\\/clair.si\\\/trgovina\\\/\"},{\"@type\":\"ListItem\",\"position\":3,\"name\":\"Cavalor Pianissimo\"}]},{\"@type\":\"WebSite\",\"@id\":\"https:\\\/\\\/clair.si\\\/#website\",\"url\":\"https:\\\/\\\/clair.si\\\/\",\"name\":\"Clair\",\"description\":\"Trgovina s konjeni\u0161ko opremo\",\"publisher\":{\"@id\":\"https:\\\/\\\/clair.si\\\/#organization\"},\"potentialAction\":[{\"@type\":\"SearchAction\",\"target\":{\"@type\":\"EntryPoint\",\"urlTemplate\":\"https:\\\/\\\/clair.si\\\/?s={search_term_string}\"},\"query-input\":{\"@type\":\"PropertyValueSpecification\",\"valueRequired\":true,\"valueName\":\"search_term_string\"}}],\"inLanguage\":\"hr\"},{\"@type\":\"Organization\",\"@id\":\"https:\\\/\\\/clair.si\\\/#organization\",\"name\":\"Clair\",\"url\":\"https:\\\/\\\/clair.si\\\/\",\"logo\":{\"@type\":\"ImageObject\",\"inLanguage\":\"hr\",\"@id\":\"https:\\\/\\\/clair.si\\\/#\\\/schema\\\/logo\\\/image\\\/\",\"url\":\"https:\\\/\\\/clair.si\\\/wp-content\\\/uploads\\\/2022\\\/11\\\/clair_logo_2022.jpg\",\"contentUrl\":\"https:\\\/\\\/clair.si\\\/wp-content\\\/uploads\\\/2022\\\/11\\\/clair_logo_2022.jpg\",\"width\":1920,\"height\":1920,\"caption\":\"Clair\"},\"image\":{\"@id\":\"https:\\\/\\\/clair.si\\\/#\\\/schema\\\/logo\\\/image\\\/\"},\"sameAs\":[\"https:\\\/\\\/www.facebook.com\\\/TrgovinaClair\\\/\"]}]}<\/script>\n<!-- \/ Yoast SEO plugin. -->","yoast_head_json":{"title":"Cavalor Pianissimo - Clair","description":"Za ovaj proizvod se zbog dimenzija ili te\u017eine obra\u010dunavaju dodatni tro\u0161kovi po\u0161tarine u vrijednosti 15\u20ac \/ kom.   Za nervozne konje.  Bez zobi.","robots":{"index":"index","follow":"follow","max-snippet":"max-snippet:-1","max-image-preview":"max-image-preview:large","max-video-preview":"max-video-preview:-1"},"canonical":"https:\/\/clair.si\/izdelek\/cavalor-pianissimo\/","og_locale":"hr_HR","og_type":"article","og_title":"Cavalor Pianissimo - Clair","og_description":"Za ovaj proizvod se zbog dimenzija ili te\u017eine obra\u010dunavaju dodatni tro\u0161kovi po\u0161tarine u vrijednosti 15\u20ac \/ kom.   Za nervozne konje.  Bez zobi.","og_url":"https:\/\/clair.si\/izdelek\/cavalor-pianissimo\/","og_site_name":"Clair","article_publisher":"https:\/\/www.facebook.com\/TrgovinaClair\/","article_modified_time":"2026-02-25T18:58:32+00:00","og_image":[{"width":2560,"height":1975,"url":"https:\/\/clair.si\/wp-content\/uploads\/2026\/02\/cavalor-pianissimo-clair.webp","type":"image\/webp"}],"twitter_card":"summary_large_image","twitter_misc":{"Procijenjeno vrijeme \u010ditanja":"2 minute"},"schema":{"@context":"https:\/\/schema.org","@graph":[{"@type":"WebPage","@id":"https:\/\/clair.si\/izdelek\/cavalor-pianissimo\/","url":"https:\/\/clair.si\/izdelek\/cavalor-pianissimo\/","name":"Cavalor Pianissimo - Clair","isPartOf":{"@id":"https:\/\/clair.si\/#website"},"primaryImageOfPage":{"@id":"https:\/\/clair.si\/izdelek\/cavalor-pianissimo\/#primaryimage"},"image":{"@id":"https:\/\/clair.si\/izdelek\/cavalor-pianissimo\/#primaryimage"},"thumbnailUrl":"https:\/\/clair.si\/wp-content\/uploads\/2026\/02\/cavalor-pianissimo-clair.webp","datePublished":"2026-02-19T11:07:14+00:00","dateModified":"2026-02-25T18:58:32+00:00","description":"Za ovaj proizvod se zbog dimenzija ili te\u017eine obra\u010dunavaju dodatni tro\u0161kovi po\u0161tarine u vrijednosti 15\u20ac \/ kom. Za nervozne konje. Bez zobi.","breadcrumb":{"@id":"https:\/\/clair.si\/izdelek\/cavalor-pianissimo\/#breadcrumb"},"inLanguage":"hr","potentialAction":[{"@type":"ReadAction","target":["https:\/\/clair.si\/izdelek\/cavalor-pianissimo\/"]}]},{"@type":"ImageObject","inLanguage":"hr","@id":"https:\/\/clair.si\/izdelek\/cavalor-pianissimo\/#primaryimage","url":"https:\/\/clair.si\/wp-content\/uploads\/2026\/02\/cavalor-pianissimo-clair.webp","contentUrl":"https:\/\/clair.si\/wp-content\/uploads\/2026\/02\/cavalor-pianissimo-clair.webp","width":2560,"height":1975},{"@type":"BreadcrumbList","@id":"https:\/\/clair.si\/izdelek\/cavalor-pianissimo\/#breadcrumb","itemListElement":[{"@type":"ListItem","position":1,"name":"Home","item":"https:\/\/clair.si\/hr\/"},{"@type":"ListItem","position":2,"name":"Trgovina","item":"https:\/\/clair.si\/trgovina\/"},{"@type":"ListItem","position":3,"name":"Cavalor Pianissimo"}]},{"@type":"WebSite","@id":"https:\/\/clair.si\/#website","url":"https:\/\/clair.si\/","name":"Clair","description":"Trgovina s konjeni\u0161ko opremo","publisher":{"@id":"https:\/\/clair.si\/#organization"},"potentialAction":[{"@type":"SearchAction","target":{"@type":"EntryPoint","urlTemplate":"https:\/\/clair.si\/?s={search_term_string}"},"query-input":{"@type":"PropertyValueSpecification","valueRequired":true,"valueName":"search_term_string"}}],"inLanguage":"hr"},{"@type":"Organization","@id":"https:\/\/clair.si\/#organization","name":"Clair","url":"https:\/\/clair.si\/","logo":{"@type":"ImageObject","inLanguage":"hr","@id":"https:\/\/clair.si\/#\/schema\/logo\/image\/","url":"https:\/\/clair.si\/wp-content\/uploads\/2022\/11\/clair_logo_2022.jpg","contentUrl":"https:\/\/clair.si\/wp-content\/uploads\/2022\/11\/clair_logo_2022.jpg","width":1920,"height":1920,"caption":"Clair"},"image":{"@id":"https:\/\/clair.si\/#\/schema\/logo\/image\/"},"sameAs":["https:\/\/www.facebook.com\/TrgovinaClair\/"]}]}},"_links":{"self":[{"href":"https:\/\/clair.si\/hr\/wp-json\/wp\/v2\/product\/131809","targetHints":{"allow":["GET"]}}],"collection":[{"href":"https:\/\/clair.si\/hr\/wp-json\/wp\/v2\/product"}],"about":[{"href":"https:\/\/clair.si\/hr\/wp-json\/wp\/v2\/types\/product"}],"version-history":[{"count":1,"href":"https:\/\/clair.si\/hr\/wp-json\/wp\/v2\/product\/131809\/revisions"}],"predecessor-version":[{"id":131839,"href":"https:\/\/clair.si\/hr\/wp-json\/wp\/v2\/product\/131809\/revisions\/131839"}],"wp:featuredmedia":[{"embeddable":true,"href":"https:\/\/clair.si\/hr\/wp-json\/wp\/v2\/media\/130986"}],"wp:attachment":[{"href":"https:\/\/clair.si\/hr\/wp-json\/wp\/v2\/media?parent=131809"}],"wp:term":[{"taxonomy":"product_brand","embeddable":true,"href":"https:\/\/clair.si\/hr\/wp-json\/wp\/v2\/product_brand?post=131809"},{"taxonomy":"product_cat","embeddable":true,"href":"https:\/\/clair.si\/hr\/wp-json\/wp\/v2\/product_cat?post=131809"},{"taxonomy":"product_tag","embeddable":true,"href":"https:\/\/clair.si\/hr\/wp-json\/wp\/v2\/product_tag?post=131809"}],"curies":[{"name":"wp","href":"https:\/\/api.w.org\/{rel}","templated":true}]}}