{"id":131811,"date":"2026-02-18T12:54:22","date_gmt":"2026-02-18T11:54:22","guid":{"rendered":"https:\/\/clair.si\/izdelek\/biljna-mjesavina-hilton-herbs-flex\/"},"modified":"2026-02-18T12:54:22","modified_gmt":"2026-02-18T11:54:22","slug":"biljna-mjesavina-hilton-herbs-flex","status":"publish","type":"product","link":"https:\/\/clair.si\/hr\/izdelek\/biljna-mjesavina-hilton-herbs-flex\/","title":{"rendered":"Biljna mje\u0161avina Hilton Herbs Flex"},"content":{"rendered":"<h2 data-start=\"0\" data-end=\"70\">Hilton Herbs Multi-Flex \u2013 biljna mje\u0161avina za zglobove i pokretljivost<\/h2>\n<p data-start=\"72\" data-end=\"412\"><strong data-start=\"72\" data-end=\"99\">Hilton Herbs Multi-Flex<\/strong> je provjerena biljna mje\u0161avina za <strong data-start=\"136\" data-end=\"159\">potporu pokretljivosti<\/strong> kod konja, ponija i magaraca svih dobi. Namijenjena je odr\u017eavanju <strong data-start=\"228\" data-end=\"247\">fleksibilnih zglobova<\/strong>, <strong data-start=\"249\" data-end=\"269\">elasti\u010dnih mi\u0161i\u0107a<\/strong> i op\u0107e udobnosti pri kretanju \u2013 pri redovnom radu, u razdoblju oporavka ili kod <strong data-start=\"349\" data-end=\"373\">dobne uko\u010denosti<\/strong>. <\/p>\n<p data-start=\"889\" data-end=\"1091\">Sastav: korijen vra\u017ejeg kand\u017ea (Devil&#8217;s claw), vrhunci gloga, suru\u010dica (meadowsweet), sjeme pjegavog badlja, kopriva, ljepljika\/cleavers, zelena (sjeme), korijen gaveza.<\/p>\n<p data-start=\"1121\" data-end=\"1312\">Dodavajte <strong data-start=\"1131\" data-end=\"1148\">dnevno u hranu<\/strong>. Gdje je mogu\u0107e, dnevnu koli\u010dinu <strong data-start=\"1182\" data-end=\"1207\">podijelite na 2 obroka<\/strong>. Za puni u\u010dinak bilja potrebno je <strong data-start=\"1243\" data-end=\"1273\">do ~1 mjeseca redovne uporabe<\/strong>.  <\/p>\n<div class=\"TyagGW_tableContainer\">\n<div class=\"group TyagGW_tableWrapper flex flex-col-reverse w-fit\">\n<table class=\"w-fit min-w-(--thread-content-width)\" data-start=\"1463\" data-end=\"1764\">\n<thead data-start=\"1463\" data-end=\"1496\">\n<tr data-start=\"1463\" data-end=\"1496\">\n<th class=\"\" data-start=\"1463\" data-end=\"1478\" data-col-size=\"sm\">Visina konja<\/th>\n<th class=\"\" data-start=\"1478\" data-end=\"1496\" data-col-size=\"sm\">Doza na dan<\/th>\n<\/tr>\n<\/thead>\n<tbody data-start=\"1508\" data-end=\"1764\">\n<tr data-start=\"1508\" data-end=\"1556\">\n<td data-start=\"1508\" data-end=\"1536\" data-col-size=\"sm\">do <strong data-start=\"1513\" data-end=\"1523\">124 cm<\/strong> (\u2264 12.2 hh)<\/td>\n<td data-col-size=\"sm\" data-start=\"1536\" data-end=\"1556\"><strong data-start=\"1538\" data-end=\"1554\">1 mjerica\/dan<\/strong><\/td>\n<\/tr>\n<tr data-start=\"1557\" data-end=\"1609\">\n<td data-start=\"1557\" data-end=\"1589\" data-col-size=\"sm\"><strong data-start=\"1559\" data-end=\"1573\">124\u2013144 cm<\/strong> (12.2\u201314.2 hh)<\/td>\n<td data-col-size=\"sm\" data-start=\"1589\" data-end=\"1609\"><strong data-start=\"1591\" data-end=\"1607\">2 mjerice\/dan<\/strong><\/td>\n<\/tr>\n<tr data-start=\"1610\" data-end=\"1662\">\n<td data-start=\"1610\" data-end=\"1642\" data-col-size=\"sm\"><strong data-start=\"1612\" data-end=\"1626\">145\u2013155 cm<\/strong> (14.2\u201315.2 hh)<\/td>\n<td data-col-size=\"sm\" data-start=\"1642\" data-end=\"1662\"><strong data-start=\"1644\" data-end=\"1660\">3 mjerice\/dan<\/strong><\/td>\n<\/tr>\n<tr data-start=\"1663\" data-end=\"1715\">\n<td data-start=\"1663\" data-end=\"1695\" data-col-size=\"sm\"><strong data-start=\"1665\" data-end=\"1679\">155\u2013165 cm<\/strong> (15.2\u201316.2 hh)<\/td>\n<td data-col-size=\"sm\" data-start=\"1695\" data-end=\"1715\"><strong data-start=\"1697\" data-end=\"1713\">4 mjerice\/dan<\/strong><\/td>\n<\/tr>\n<tr data-start=\"1716\" data-end=\"1764\">\n<td data-start=\"1716\" data-end=\"1745\" data-col-size=\"sm\">iznad <strong data-start=\"1722\" data-end=\"1732\">165 cm<\/strong> (&gt; 16.2 hh)<\/td>\n<td data-col-size=\"sm\" data-start=\"1745\" data-end=\"1764\"><strong data-start=\"1747\" data-end=\"1762\">5 mjerica\/dan<\/strong><\/td>\n<\/tr>\n<\/tbody>\n<\/table>\n<\/div>\n<\/div>\n<p data-start=\"1766\" data-end=\"1844\">Mjerica je <strong data-start=\"1776\" data-end=\"1785\">50 ml<\/strong> (prilo\u017eena u vre\u0107i).<\/p>\n<h2 data-start=\"1851\" data-end=\"1886\">Va\u017eno za natjecatelje<\/h2>\n<p data-start=\"1887\" data-end=\"2178\">Multi-Flex sadr\u017ei <strong data-start=\"1906\" data-end=\"1926\">vra\u017eji kand\u017e<\/strong> i <strong data-start=\"1930\" data-end=\"1953\">suru\u010dicu (meadowsweet)<\/strong>, koji su navedeni kao <strong data-start=\"1975\" data-end=\"1996\">zabranjene tvari<\/strong> prema pravilima FEI\/BHA; na stranici je naveden preporu\u010deni <strong data-start=\"2051\" data-end=\"2079\">96-satni period isklju\u010denja<\/strong> i upozorenje glede sprje\u010davanja kontaminacije opreme za hranjenje.<\/p>\n<table>\n<thead>\n<tr>\n<th align=\"right\">Dnevna doza<\/th>\n<th align=\"right\">1 kg vre\u0107a traje pribli\u017eno<\/th>\n<\/tr>\n<\/thead>\n<tbody>\n<tr>\n<td align=\"right\">1 mjerica\/dan<\/td>\n<td align=\"right\"><strong>40\u201367 dana<\/strong><\/td>\n<\/tr>\n<tr>\n<td align=\"right\">2 mjerice\/dan<\/td>\n<td align=\"right\"><strong>20\u201333 dana<\/strong><\/td>\n<\/tr>\n<tr>\n<td align=\"right\">3 mjerice\/dan<\/td>\n<td align=\"right\"><strong>13\u201322 dana<\/strong><\/td>\n<\/tr>\n<tr>\n<td align=\"right\">4 mjerice\/dan<\/td>\n<td align=\"right\"><strong>10\u201317 dana<\/strong><\/td>\n<\/tr>\n<tr>\n<td align=\"right\">5 mjerica\/dan<\/td>\n<td align=\"right\"><strong>8\u201313 dana<\/strong><\/td>\n<\/tr>\n<\/tbody>\n<\/table>\n","protected":false},"excerpt":{"rendered":"<ul>\n<li data-start=\"434\" data-end=\"550\">\n<p data-start=\"436\" data-end=\"550\">Potpora <strong data-start=\"444\" data-end=\"486\">zglobovima, mi\u0161i\u0107ima i op\u0107oj pokretljivosti<\/strong> za svakodnevnu uporabu.<\/p>\n<\/li>\n<li data-start=\"551\" data-end=\"723\">\n<p data-start=\"553\" data-end=\"723\">Sadr\u017ei tradicionalno kori\u0161teno bilje (npr. <strong data-start=\"601\" data-end=\"621\">vra\u017eji kand\u017e<\/strong> i <strong data-start=\"625\" data-end=\"636\">kopriva<\/strong>) za potporu vezivnom tkivu i udobnosti kretanja.<\/p>\n<\/li>\n<\/ul>\n","protected":false},"featured_media":130872,"template":"","meta":{"footnotes":""},"product_brand":[],"product_cat":[7078,5710,5712],"product_tag":[],"class_list":{"0":"post-131811","1":"product","2":"type-product","3":"status-publish","4":"has-post-thumbnail","6":"product_cat-hilton-herbs","7":"product_cat-hrana-za-konje-hr","8":"product_cat-prehrambeni-dodaci","10":"first","11":"instock","12":"shipping-taxable","13":"purchasable","14":"product-type-simple"},"yoast_head":"<!-- This site is optimized with the Yoast SEO plugin v27.3 - https:\/\/yoast.com\/product\/yoast-seo-wordpress\/ -->\n<title>Biljna mje\u0161avina Hilton Herbs Flex - Clair<\/title>\n<meta name=\"description\" content=\"Potpora zglobovima, mi\u0161i\u0107ima i op\u0107oj pokretljivosti za svakodnevnu uporabu.   Sadr\u017ei tradicionalno kori\u0161teno bilje (npr. vra\u017eji kand\u017e i kopriva) za potporu vezivnom tkivu i udobnosti kretanja.\" \/>\n<meta name=\"robots\" content=\"index, follow, max-snippet:-1, max-image-preview:large, max-video-preview:-1\" \/>\n<link rel=\"canonical\" href=\"https:\/\/clair.si\/hr\/izdelek\/biljna-mjesavina-hilton-herbs-flex\/\" \/>\n<meta property=\"og:locale\" content=\"hr_HR\" \/>\n<meta property=\"og:type\" content=\"article\" \/>\n<meta property=\"og:title\" content=\"Biljna mje\u0161avina Hilton Herbs Flex - Clair\" \/>\n<meta property=\"og:description\" content=\"Potpora zglobovima, mi\u0161i\u0107ima i op\u0107oj pokretljivosti za svakodnevnu uporabu.   Sadr\u017ei tradicionalno kori\u0161teno bilje (npr. vra\u017eji kand\u017e i kopriva) za potporu vezivnom tkivu i udobnosti kretanja.\" \/>\n<meta property=\"og:url\" content=\"https:\/\/clair.si\/hr\/izdelek\/biljna-mjesavina-hilton-herbs-flex\/\" \/>\n<meta property=\"og:site_name\" content=\"Clair\" \/>\n<meta property=\"article:publisher\" content=\"https:\/\/www.facebook.com\/TrgovinaClair\/\" \/>\n<meta property=\"og:image\" content=\"https:\/\/clair.si\/wp-content\/uploads\/2026\/02\/hilton-trgovina-clair.webp\" \/>\n\t<meta property=\"og:image:width\" content=\"458\" \/>\n\t<meta property=\"og:image:height\" content=\"458\" \/>\n\t<meta property=\"og:image:type\" content=\"image\/jpeg\" \/>\n<meta name=\"twitter:card\" content=\"summary_large_image\" \/>\n<meta name=\"twitter:label1\" content=\"Procijenjeno vrijeme \u010ditanja\" \/>\n\t<meta name=\"twitter:data1\" content=\"1 minuta\" \/>\n<script type=\"application\/ld+json\" class=\"yoast-schema-graph\">{\"@context\":\"https:\\\/\\\/schema.org\",\"@graph\":[{\"@type\":\"WebPage\",\"@id\":\"https:\\\/\\\/clair.si\\\/hr\\\/izdelek\\\/biljna-mjesavina-hilton-herbs-flex\\\/\",\"url\":\"https:\\\/\\\/clair.si\\\/hr\\\/izdelek\\\/biljna-mjesavina-hilton-herbs-flex\\\/\",\"name\":\"Biljna mje\u0161avina Hilton Herbs Flex - Clair\",\"isPartOf\":{\"@id\":\"https:\\\/\\\/clair.si\\\/#website\"},\"primaryImageOfPage\":{\"@id\":\"https:\\\/\\\/clair.si\\\/hr\\\/izdelek\\\/biljna-mjesavina-hilton-herbs-flex\\\/#primaryimage\"},\"image\":{\"@id\":\"https:\\\/\\\/clair.si\\\/hr\\\/izdelek\\\/biljna-mjesavina-hilton-herbs-flex\\\/#primaryimage\"},\"thumbnailUrl\":\"https:\\\/\\\/clair.si\\\/wp-content\\\/uploads\\\/2026\\\/02\\\/hilton-trgovina-clair.webp\",\"datePublished\":\"2026-02-18T11:54:22+00:00\",\"description\":\"Potpora zglobovima, mi\u0161i\u0107ima i op\u0107oj pokretljivosti za svakodnevnu uporabu. Sadr\u017ei tradicionalno kori\u0161teno bilje (npr. vra\u017eji kand\u017e i kopriva) za potporu vezivnom tkivu i udobnosti kretanja.\",\"breadcrumb\":{\"@id\":\"https:\\\/\\\/clair.si\\\/hr\\\/izdelek\\\/biljna-mjesavina-hilton-herbs-flex\\\/#breadcrumb\"},\"inLanguage\":\"hr\",\"potentialAction\":[{\"@type\":\"ReadAction\",\"target\":[\"https:\\\/\\\/clair.si\\\/hr\\\/izdelek\\\/biljna-mjesavina-hilton-herbs-flex\\\/\"]}]},{\"@type\":\"ImageObject\",\"inLanguage\":\"hr\",\"@id\":\"https:\\\/\\\/clair.si\\\/hr\\\/izdelek\\\/biljna-mjesavina-hilton-herbs-flex\\\/#primaryimage\",\"url\":\"https:\\\/\\\/clair.si\\\/wp-content\\\/uploads\\\/2026\\\/02\\\/hilton-trgovina-clair.webp\",\"contentUrl\":\"https:\\\/\\\/clair.si\\\/wp-content\\\/uploads\\\/2026\\\/02\\\/hilton-trgovina-clair.webp\",\"width\":458,\"height\":458},{\"@type\":\"BreadcrumbList\",\"@id\":\"https:\\\/\\\/clair.si\\\/hr\\\/izdelek\\\/biljna-mjesavina-hilton-herbs-flex\\\/#breadcrumb\",\"itemListElement\":[{\"@type\":\"ListItem\",\"position\":1,\"name\":\"Home\",\"item\":\"https:\\\/\\\/clair.si\\\/hr\\\/\"},{\"@type\":\"ListItem\",\"position\":2,\"name\":\"Trgovina\",\"item\":\"https:\\\/\\\/clair.si\\\/trgovina\\\/\"},{\"@type\":\"ListItem\",\"position\":3,\"name\":\"Biljna mje\u0161avina Hilton Herbs Flex\"}]},{\"@type\":\"WebSite\",\"@id\":\"https:\\\/\\\/clair.si\\\/#website\",\"url\":\"https:\\\/\\\/clair.si\\\/\",\"name\":\"Clair\",\"description\":\"Trgovina s konjeni\u0161ko opremo\",\"publisher\":{\"@id\":\"https:\\\/\\\/clair.si\\\/#organization\"},\"potentialAction\":[{\"@type\":\"SearchAction\",\"target\":{\"@type\":\"EntryPoint\",\"urlTemplate\":\"https:\\\/\\\/clair.si\\\/?s={search_term_string}\"},\"query-input\":{\"@type\":\"PropertyValueSpecification\",\"valueRequired\":true,\"valueName\":\"search_term_string\"}}],\"inLanguage\":\"hr\"},{\"@type\":\"Organization\",\"@id\":\"https:\\\/\\\/clair.si\\\/#organization\",\"name\":\"Clair\",\"url\":\"https:\\\/\\\/clair.si\\\/\",\"logo\":{\"@type\":\"ImageObject\",\"inLanguage\":\"hr\",\"@id\":\"https:\\\/\\\/clair.si\\\/#\\\/schema\\\/logo\\\/image\\\/\",\"url\":\"https:\\\/\\\/clair.si\\\/wp-content\\\/uploads\\\/2022\\\/11\\\/clair_logo_2022.jpg\",\"contentUrl\":\"https:\\\/\\\/clair.si\\\/wp-content\\\/uploads\\\/2022\\\/11\\\/clair_logo_2022.jpg\",\"width\":1920,\"height\":1920,\"caption\":\"Clair\"},\"image\":{\"@id\":\"https:\\\/\\\/clair.si\\\/#\\\/schema\\\/logo\\\/image\\\/\"},\"sameAs\":[\"https:\\\/\\\/www.facebook.com\\\/TrgovinaClair\\\/\"]}]}<\/script>\n<!-- \/ Yoast SEO plugin. -->","yoast_head_json":{"title":"Biljna mje\u0161avina Hilton Herbs Flex - Clair","description":"Potpora zglobovima, mi\u0161i\u0107ima i op\u0107oj pokretljivosti za svakodnevnu uporabu.   Sadr\u017ei tradicionalno kori\u0161teno bilje (npr. vra\u017eji kand\u017e i kopriva) za potporu vezivnom tkivu i udobnosti kretanja.","robots":{"index":"index","follow":"follow","max-snippet":"max-snippet:-1","max-image-preview":"max-image-preview:large","max-video-preview":"max-video-preview:-1"},"canonical":"https:\/\/clair.si\/hr\/izdelek\/biljna-mjesavina-hilton-herbs-flex\/","og_locale":"hr_HR","og_type":"article","og_title":"Biljna mje\u0161avina Hilton Herbs Flex - Clair","og_description":"Potpora zglobovima, mi\u0161i\u0107ima i op\u0107oj pokretljivosti za svakodnevnu uporabu.   Sadr\u017ei tradicionalno kori\u0161teno bilje (npr. vra\u017eji kand\u017e i kopriva) za potporu vezivnom tkivu i udobnosti kretanja.","og_url":"https:\/\/clair.si\/hr\/izdelek\/biljna-mjesavina-hilton-herbs-flex\/","og_site_name":"Clair","article_publisher":"https:\/\/www.facebook.com\/TrgovinaClair\/","og_image":[{"width":458,"height":458,"url":"https:\/\/clair.si\/wp-content\/uploads\/2026\/02\/hilton-trgovina-clair.webp","type":"image\/jpeg"}],"twitter_card":"summary_large_image","twitter_misc":{"Procijenjeno vrijeme \u010ditanja":"1 minuta"},"schema":{"@context":"https:\/\/schema.org","@graph":[{"@type":"WebPage","@id":"https:\/\/clair.si\/hr\/izdelek\/biljna-mjesavina-hilton-herbs-flex\/","url":"https:\/\/clair.si\/hr\/izdelek\/biljna-mjesavina-hilton-herbs-flex\/","name":"Biljna mje\u0161avina Hilton Herbs Flex - Clair","isPartOf":{"@id":"https:\/\/clair.si\/#website"},"primaryImageOfPage":{"@id":"https:\/\/clair.si\/hr\/izdelek\/biljna-mjesavina-hilton-herbs-flex\/#primaryimage"},"image":{"@id":"https:\/\/clair.si\/hr\/izdelek\/biljna-mjesavina-hilton-herbs-flex\/#primaryimage"},"thumbnailUrl":"https:\/\/clair.si\/wp-content\/uploads\/2026\/02\/hilton-trgovina-clair.webp","datePublished":"2026-02-18T11:54:22+00:00","description":"Potpora zglobovima, mi\u0161i\u0107ima i op\u0107oj pokretljivosti za svakodnevnu uporabu. Sadr\u017ei tradicionalno kori\u0161teno bilje (npr. vra\u017eji kand\u017e i kopriva) za potporu vezivnom tkivu i udobnosti kretanja.","breadcrumb":{"@id":"https:\/\/clair.si\/hr\/izdelek\/biljna-mjesavina-hilton-herbs-flex\/#breadcrumb"},"inLanguage":"hr","potentialAction":[{"@type":"ReadAction","target":["https:\/\/clair.si\/hr\/izdelek\/biljna-mjesavina-hilton-herbs-flex\/"]}]},{"@type":"ImageObject","inLanguage":"hr","@id":"https:\/\/clair.si\/hr\/izdelek\/biljna-mjesavina-hilton-herbs-flex\/#primaryimage","url":"https:\/\/clair.si\/wp-content\/uploads\/2026\/02\/hilton-trgovina-clair.webp","contentUrl":"https:\/\/clair.si\/wp-content\/uploads\/2026\/02\/hilton-trgovina-clair.webp","width":458,"height":458},{"@type":"BreadcrumbList","@id":"https:\/\/clair.si\/hr\/izdelek\/biljna-mjesavina-hilton-herbs-flex\/#breadcrumb","itemListElement":[{"@type":"ListItem","position":1,"name":"Home","item":"https:\/\/clair.si\/hr\/"},{"@type":"ListItem","position":2,"name":"Trgovina","item":"https:\/\/clair.si\/trgovina\/"},{"@type":"ListItem","position":3,"name":"Biljna mje\u0161avina Hilton Herbs Flex"}]},{"@type":"WebSite","@id":"https:\/\/clair.si\/#website","url":"https:\/\/clair.si\/","name":"Clair","description":"Trgovina s konjeni\u0161ko opremo","publisher":{"@id":"https:\/\/clair.si\/#organization"},"potentialAction":[{"@type":"SearchAction","target":{"@type":"EntryPoint","urlTemplate":"https:\/\/clair.si\/?s={search_term_string}"},"query-input":{"@type":"PropertyValueSpecification","valueRequired":true,"valueName":"search_term_string"}}],"inLanguage":"hr"},{"@type":"Organization","@id":"https:\/\/clair.si\/#organization","name":"Clair","url":"https:\/\/clair.si\/","logo":{"@type":"ImageObject","inLanguage":"hr","@id":"https:\/\/clair.si\/#\/schema\/logo\/image\/","url":"https:\/\/clair.si\/wp-content\/uploads\/2022\/11\/clair_logo_2022.jpg","contentUrl":"https:\/\/clair.si\/wp-content\/uploads\/2022\/11\/clair_logo_2022.jpg","width":1920,"height":1920,"caption":"Clair"},"image":{"@id":"https:\/\/clair.si\/#\/schema\/logo\/image\/"},"sameAs":["https:\/\/www.facebook.com\/TrgovinaClair\/"]}]}},"_links":{"self":[{"href":"https:\/\/clair.si\/hr\/wp-json\/wp\/v2\/product\/131811","targetHints":{"allow":["GET"]}}],"collection":[{"href":"https:\/\/clair.si\/hr\/wp-json\/wp\/v2\/product"}],"about":[{"href":"https:\/\/clair.si\/hr\/wp-json\/wp\/v2\/types\/product"}],"version-history":[{"count":0,"href":"https:\/\/clair.si\/hr\/wp-json\/wp\/v2\/product\/131811\/revisions"}],"wp:featuredmedia":[{"embeddable":true,"href":"https:\/\/clair.si\/hr\/wp-json\/wp\/v2\/media\/130872"}],"wp:attachment":[{"href":"https:\/\/clair.si\/hr\/wp-json\/wp\/v2\/media?parent=131811"}],"wp:term":[{"taxonomy":"product_brand","embeddable":true,"href":"https:\/\/clair.si\/hr\/wp-json\/wp\/v2\/product_brand?post=131811"},{"taxonomy":"product_cat","embeddable":true,"href":"https:\/\/clair.si\/hr\/wp-json\/wp\/v2\/product_cat?post=131811"},{"taxonomy":"product_tag","embeddable":true,"href":"https:\/\/clair.si\/hr\/wp-json\/wp\/v2\/product_tag?post=131811"}],"curies":[{"name":"wp","href":"https:\/\/api.w.org\/{rel}","templated":true}]}}