{"id":131812,"date":"2026-02-18T11:43:30","date_gmt":"2026-02-18T10:43:30","guid":{"rendered":"https:\/\/clair.si\/izdelek\/biljna-tinktura-hilton-herbs-detox\/"},"modified":"2026-02-18T11:43:30","modified_gmt":"2026-02-18T10:43:30","slug":"biljna-tinktura-hilton-herbs-detox","status":"publish","type":"product","link":"https:\/\/clair.si\/hr\/izdelek\/biljna-tinktura-hilton-herbs-detox\/","title":{"rendered":"Biljna tinktura Hilton Herbs Detox"},"content":{"rendered":"<h2 data-start=\"0\" data-end=\"88\">Hilton Herbs DeTox Liquid \u2013 biljna tinktura za podr\u0161ku jetre i bubrega<\/h2>\n<p data-start=\"90\" data-end=\"480\"><strong data-start=\"90\" data-end=\"119\">Hilton Herbs DeTox Liquid<\/strong> je teku\u0107i biljni dodatak za <strong data-start=\"149\" data-end=\"174\">konje, ponije i magarce<\/strong>, formuliran za podr\u0161ku <strong data-start=\"198\" data-end=\"233\">zdravoj funkciji jetre i bubrega<\/strong> te <strong data-start=\"238\" data-end=\"300\">normalnom izlu\u010divanju toksina i metaboli\u010dkih otpadnih tvari<\/strong>. Posebno je koristan u vrijeme <strong data-start=\"329\" data-end=\"369\">sezonskih promjena pa\u0161njaka (prolje\u0107e\/jesen)<\/strong>, pri promjenama hrane ili kao podr\u0161ka <strong data-start=\"406\" data-end=\"441\">uz redoviti program razglistenja<\/strong>. <\/p>\n<p data-start=\"482\" data-end=\"648\">Proizvod je <strong data-start=\"493\" data-end=\"525\">auditiran u okviru BETA NOPS<\/strong> (prikladnost za FEI natjecanja \u2013 odgovorna osoba neka uvijek provjeri aktualna pravila).<\/p>\n<p data-start=\"1147\" data-end=\"1333\"><strong>Sastav<\/strong>: tinktura jabu\u010dnog octa, sjeme pjegavog badlja, korijen slatkog korijena, smetlika (cleavers), kopriva, korijen repinca, korijen i list regrata.<\/p>\n<p data-start=\"1147\" data-end=\"1333\"><strong>Koli\u010dina<\/strong>: 1 L<\/p>\n<h2 data-start=\"1340\" data-end=\"1389\">Upute za uporabu i doziranje<\/h2>\n<p data-start=\"1390\" data-end=\"1647\">Dodavajte <strong data-start=\"1400\" data-end=\"1410\">dnevno<\/strong>; gdje je mogu\u0107e, dnevnu koli\u010dinu <strong data-start=\"1444\" data-end=\"1469\">podijelite na 2 obroka<\/strong>. Ako konj ne prima obrok, teku\u0107ina se mo\u017ee odmjeriti <strong data-start=\"1523\" data-end=\"1542\">direktno u usta<\/strong>. Za puni u\u010dinak bilja uzmite u obzir <strong data-start=\"1578\" data-end=\"1608\">do ~1 mjeseca redovite uporabe<\/strong>.  <\/p>\n<div class=\"TyagGW_tableContainer\">\n<div class=\"group TyagGW_tableWrapper flex flex-col-reverse w-fit\">\n<table class=\"w-fit min-w-(--thread-content-width)\" data-start=\"1692\" data-end=\"1918\">\n<thead data-start=\"1692\" data-end=\"1732\">\n<tr data-start=\"1692\" data-end=\"1732\">\n<th class=\"\" data-start=\"1692\" data-end=\"1713\" data-col-size=\"sm\">Visina \u017eivotinje (cm)<\/th>\n<th class=\"\" data-start=\"1713\" data-end=\"1732\" data-col-size=\"sm\">Dnevna koli\u010dina<\/th>\n<\/tr>\n<\/thead>\n<tbody data-start=\"1745\" data-end=\"1918\">\n<tr data-start=\"1745\" data-end=\"1778\">\n<td data-start=\"1745\" data-end=\"1761\" data-col-size=\"sm\">do <strong data-start=\"1750\" data-end=\"1760\">124 cm<\/strong><\/td>\n<td data-start=\"1761\" data-end=\"1778\" data-col-size=\"sm\"><strong data-start=\"1763\" data-end=\"1776\">10 ml\/dan<\/strong><\/td>\n<\/tr>\n<tr data-start=\"1779\" data-end=\"1813\">\n<td data-start=\"1779\" data-end=\"1796\" data-col-size=\"sm\"><strong data-start=\"1781\" data-end=\"1795\">124\u2013144 cm<\/strong><\/td>\n<td data-start=\"1796\" data-end=\"1813\" data-col-size=\"sm\"><strong data-start=\"1798\" data-end=\"1811\">20 ml\/dan<\/strong><\/td>\n<\/tr>\n<tr data-start=\"1814\" data-end=\"1848\">\n<td data-start=\"1814\" data-end=\"1831\" data-col-size=\"sm\"><strong data-start=\"1816\" data-end=\"1830\">145\u2013155 cm<\/strong><\/td>\n<td data-start=\"1831\" data-end=\"1848\" data-col-size=\"sm\"><strong data-start=\"1833\" data-end=\"1846\">25 ml\/dan<\/strong><\/td>\n<\/tr>\n<tr data-start=\"1849\" data-end=\"1883\">\n<td data-start=\"1849\" data-end=\"1866\" data-col-size=\"sm\"><strong data-start=\"1851\" data-end=\"1865\">155\u2013165 cm<\/strong><\/td>\n<td data-start=\"1866\" data-end=\"1883\" data-col-size=\"sm\"><strong data-start=\"1868\" data-end=\"1881\">30 ml\/dan<\/strong><\/td>\n<\/tr>\n<tr data-start=\"1884\" data-end=\"1918\">\n<td data-start=\"1884\" data-end=\"1901\" data-col-size=\"sm\">iznad <strong data-start=\"1890\" data-end=\"1900\">165 cm<\/strong><\/td>\n<td data-start=\"1901\" data-end=\"1918\" data-col-size=\"sm\"><strong data-start=\"1903\" data-end=\"1916\">40 ml\/dan<\/strong><\/td>\n<\/tr>\n<\/tbody>\n<\/table>\n<\/div>\n<\/div>\n<h2 data-start=\"2032\" data-end=\"2060\">Koliko dugo traje 1 litra?<\/h2>\n<p data-start=\"2061\" data-end=\"2075\">1 L = 1000 ml:<\/p>\n<ul data-start=\"2077\" data-end=\"2202\">\n<li data-start=\"2077\" data-end=\"2102\">\n<p data-start=\"2079\" data-end=\"2102\">10 ml\/dan \u2192 <strong data-start=\"2091\" data-end=\"2102\">100 dana<\/strong><\/p>\n<\/li>\n<li data-start=\"2103\" data-end=\"2127\">\n<p data-start=\"2105\" data-end=\"2127\">20 ml\/dan \u2192 <strong data-start=\"2117\" data-end=\"2127\">50 dana<\/strong><\/p>\n<\/li>\n<li data-start=\"2128\" data-end=\"2152\">\n<p data-start=\"2130\" data-end=\"2152\">25 ml\/dan \u2192 <strong data-start=\"2142\" data-end=\"2152\">40 dana<\/strong><\/p>\n<\/li>\n<li data-start=\"2153\" data-end=\"2177\">\n<p data-start=\"2155\" data-end=\"2177\">30 ml\/dan \u2192 <strong data-start=\"2167\" data-end=\"2177\">33 dana<\/strong><\/p>\n<\/li>\n<li data-start=\"2178\" data-end=\"2202\">\n<p data-start=\"2180\" data-end=\"2202\">40 ml\/dan \u2192 <strong data-start=\"2192\" data-end=\"2202\">25 dana<\/strong><\/p>\n<\/li>\n<\/ul>\n","protected":false},"excerpt":{"rendered":"<ul data-start=\"686\" data-end=\"1113\">\n<li data-start=\"686\" data-end=\"840\">\n<p data-start=\"688\" data-end=\"840\">Podr\u0161ka <strong data-start=\"696\" data-end=\"718\">jetri i bubrezima<\/strong> te <strong data-start=\"723\" data-end=\"759\">prirodnim procesima detoksikacije<\/strong> (sezonske promjene pa\u0161njaka, promjene hrane).<\/p>\n<\/li>\n<li data-start=\"841\" data-end=\"980\">\n<p data-start=\"843\" data-end=\"980\"><strong data-start=\"843\" data-end=\"862\">Teku\u0107a tinktura<\/strong> \u2013 jednostavno odmjeravanje u obrok; po potrebi i <strong data-start=\"911\" data-end=\"939\">direktno u usta \u0161pricom<\/strong>.<\/p>\n<\/li>\n<\/ul>\n","protected":false},"featured_media":130858,"template":"","meta":{"footnotes":""},"product_brand":[],"product_cat":[7069,580,1965],"product_tag":[],"class_list":{"0":"post-131812","1":"product","2":"type-product","3":"status-publish","4":"has-post-thumbnail","6":"product_cat-hilton-herbs","7":"product_cat-hrana-za-konje","8":"product_cat-prehranski-dodatki","10":"first","11":"instock","12":"shipping-taxable","13":"purchasable","14":"product-type-simple"},"yoast_head":"<!-- This site is optimized with the Yoast SEO plugin v27.3 - https:\/\/yoast.com\/product\/yoast-seo-wordpress\/ -->\n<title>Biljna tinktura Hilton Herbs Detox - Clair<\/title>\n<meta name=\"description\" content=\"Podr\u0161ka jetri i bubrezima te prirodnim procesima detoksikacije (sezonske promjene pa\u0161njaka, promjene hrane).   Teku\u0107a tinktura \u2013 jednostavno odmjeravanje u obrok; po potrebi i direktno u usta \u0161pricom.\" \/>\n<meta name=\"robots\" content=\"index, follow, max-snippet:-1, max-image-preview:large, max-video-preview:-1\" \/>\n<link rel=\"canonical\" href=\"https:\/\/clair.si\/hr\/izdelek\/biljna-tinktura-hilton-herbs-detox\/\" \/>\n<meta property=\"og:locale\" content=\"hr_HR\" \/>\n<meta property=\"og:type\" content=\"article\" \/>\n<meta property=\"og:title\" content=\"Biljna tinktura Hilton Herbs Detox - Clair\" \/>\n<meta property=\"og:description\" content=\"Podr\u0161ka jetri i bubrezima te prirodnim procesima detoksikacije (sezonske promjene pa\u0161njaka, promjene hrane).   Teku\u0107a tinktura \u2013 jednostavno odmjeravanje u obrok; po potrebi i direktno u usta \u0161pricom.\" \/>\n<meta property=\"og:url\" content=\"https:\/\/clair.si\/hr\/izdelek\/biljna-tinktura-hilton-herbs-detox\/\" \/>\n<meta property=\"og:site_name\" content=\"Clair\" \/>\n<meta property=\"article:publisher\" content=\"https:\/\/www.facebook.com\/TrgovinaClair\/\" \/>\n<meta property=\"og:image\" content=\"https:\/\/clair.si\/wp-content\/uploads\/2026\/02\/TINKTURA-hilton-herbs-detox-clair-trgovina.webp\" \/>\n\t<meta property=\"og:image:width\" content=\"458\" \/>\n\t<meta property=\"og:image:height\" content=\"458\" \/>\n\t<meta property=\"og:image:type\" content=\"image\/jpeg\" \/>\n<meta name=\"twitter:card\" content=\"summary_large_image\" \/>\n<meta name=\"twitter:label1\" content=\"Procijenjeno vrijeme \u010ditanja\" \/>\n\t<meta name=\"twitter:data1\" content=\"1 minuta\" \/>\n<script type=\"application\/ld+json\" class=\"yoast-schema-graph\">{\"@context\":\"https:\\\/\\\/schema.org\",\"@graph\":[{\"@type\":\"WebPage\",\"@id\":\"https:\\\/\\\/clair.si\\\/hr\\\/izdelek\\\/biljna-tinktura-hilton-herbs-detox\\\/\",\"url\":\"https:\\\/\\\/clair.si\\\/hr\\\/izdelek\\\/biljna-tinktura-hilton-herbs-detox\\\/\",\"name\":\"Biljna tinktura Hilton Herbs Detox - Clair\",\"isPartOf\":{\"@id\":\"https:\\\/\\\/clair.si\\\/#website\"},\"primaryImageOfPage\":{\"@id\":\"https:\\\/\\\/clair.si\\\/hr\\\/izdelek\\\/biljna-tinktura-hilton-herbs-detox\\\/#primaryimage\"},\"image\":{\"@id\":\"https:\\\/\\\/clair.si\\\/hr\\\/izdelek\\\/biljna-tinktura-hilton-herbs-detox\\\/#primaryimage\"},\"thumbnailUrl\":\"https:\\\/\\\/clair.si\\\/wp-content\\\/uploads\\\/2026\\\/02\\\/TINKTURA-hilton-herbs-detox-clair-trgovina.webp\",\"datePublished\":\"2026-02-18T10:43:30+00:00\",\"description\":\"Podr\u0161ka jetri i bubrezima te prirodnim procesima detoksikacije (sezonske promjene pa\u0161njaka, promjene hrane). Teku\u0107a tinktura \u2013 jednostavno odmjeravanje u obrok; po potrebi i direktno u usta \u0161pricom.\",\"breadcrumb\":{\"@id\":\"https:\\\/\\\/clair.si\\\/hr\\\/izdelek\\\/biljna-tinktura-hilton-herbs-detox\\\/#breadcrumb\"},\"inLanguage\":\"hr\",\"potentialAction\":[{\"@type\":\"ReadAction\",\"target\":[\"https:\\\/\\\/clair.si\\\/hr\\\/izdelek\\\/biljna-tinktura-hilton-herbs-detox\\\/\"]}]},{\"@type\":\"ImageObject\",\"inLanguage\":\"hr\",\"@id\":\"https:\\\/\\\/clair.si\\\/hr\\\/izdelek\\\/biljna-tinktura-hilton-herbs-detox\\\/#primaryimage\",\"url\":\"https:\\\/\\\/clair.si\\\/wp-content\\\/uploads\\\/2026\\\/02\\\/TINKTURA-hilton-herbs-detox-clair-trgovina.webp\",\"contentUrl\":\"https:\\\/\\\/clair.si\\\/wp-content\\\/uploads\\\/2026\\\/02\\\/TINKTURA-hilton-herbs-detox-clair-trgovina.webp\",\"width\":458,\"height\":458},{\"@type\":\"BreadcrumbList\",\"@id\":\"https:\\\/\\\/clair.si\\\/hr\\\/izdelek\\\/biljna-tinktura-hilton-herbs-detox\\\/#breadcrumb\",\"itemListElement\":[{\"@type\":\"ListItem\",\"position\":1,\"name\":\"Home\",\"item\":\"https:\\\/\\\/clair.si\\\/hr\\\/\"},{\"@type\":\"ListItem\",\"position\":2,\"name\":\"Trgovina\",\"item\":\"https:\\\/\\\/clair.si\\\/trgovina\\\/\"},{\"@type\":\"ListItem\",\"position\":3,\"name\":\"Biljna tinktura Hilton Herbs Detox\"}]},{\"@type\":\"WebSite\",\"@id\":\"https:\\\/\\\/clair.si\\\/#website\",\"url\":\"https:\\\/\\\/clair.si\\\/\",\"name\":\"Clair\",\"description\":\"Trgovina s konjeni\u0161ko opremo\",\"publisher\":{\"@id\":\"https:\\\/\\\/clair.si\\\/#organization\"},\"potentialAction\":[{\"@type\":\"SearchAction\",\"target\":{\"@type\":\"EntryPoint\",\"urlTemplate\":\"https:\\\/\\\/clair.si\\\/?s={search_term_string}\"},\"query-input\":{\"@type\":\"PropertyValueSpecification\",\"valueRequired\":true,\"valueName\":\"search_term_string\"}}],\"inLanguage\":\"hr\"},{\"@type\":\"Organization\",\"@id\":\"https:\\\/\\\/clair.si\\\/#organization\",\"name\":\"Clair\",\"url\":\"https:\\\/\\\/clair.si\\\/\",\"logo\":{\"@type\":\"ImageObject\",\"inLanguage\":\"hr\",\"@id\":\"https:\\\/\\\/clair.si\\\/#\\\/schema\\\/logo\\\/image\\\/\",\"url\":\"https:\\\/\\\/clair.si\\\/wp-content\\\/uploads\\\/2022\\\/11\\\/clair_logo_2022.jpg\",\"contentUrl\":\"https:\\\/\\\/clair.si\\\/wp-content\\\/uploads\\\/2022\\\/11\\\/clair_logo_2022.jpg\",\"width\":1920,\"height\":1920,\"caption\":\"Clair\"},\"image\":{\"@id\":\"https:\\\/\\\/clair.si\\\/#\\\/schema\\\/logo\\\/image\\\/\"},\"sameAs\":[\"https:\\\/\\\/www.facebook.com\\\/TrgovinaClair\\\/\"]}]}<\/script>\n<!-- \/ Yoast SEO plugin. -->","yoast_head_json":{"title":"Biljna tinktura Hilton Herbs Detox - Clair","description":"Podr\u0161ka jetri i bubrezima te prirodnim procesima detoksikacije (sezonske promjene pa\u0161njaka, promjene hrane).   Teku\u0107a tinktura \u2013 jednostavno odmjeravanje u obrok; po potrebi i direktno u usta \u0161pricom.","robots":{"index":"index","follow":"follow","max-snippet":"max-snippet:-1","max-image-preview":"max-image-preview:large","max-video-preview":"max-video-preview:-1"},"canonical":"https:\/\/clair.si\/hr\/izdelek\/biljna-tinktura-hilton-herbs-detox\/","og_locale":"hr_HR","og_type":"article","og_title":"Biljna tinktura Hilton Herbs Detox - Clair","og_description":"Podr\u0161ka jetri i bubrezima te prirodnim procesima detoksikacije (sezonske promjene pa\u0161njaka, promjene hrane).   Teku\u0107a tinktura \u2013 jednostavno odmjeravanje u obrok; po potrebi i direktno u usta \u0161pricom.","og_url":"https:\/\/clair.si\/hr\/izdelek\/biljna-tinktura-hilton-herbs-detox\/","og_site_name":"Clair","article_publisher":"https:\/\/www.facebook.com\/TrgovinaClair\/","og_image":[{"width":458,"height":458,"url":"https:\/\/clair.si\/wp-content\/uploads\/2026\/02\/TINKTURA-hilton-herbs-detox-clair-trgovina.webp","type":"image\/jpeg"}],"twitter_card":"summary_large_image","twitter_misc":{"Procijenjeno vrijeme \u010ditanja":"1 minuta"},"schema":{"@context":"https:\/\/schema.org","@graph":[{"@type":"WebPage","@id":"https:\/\/clair.si\/hr\/izdelek\/biljna-tinktura-hilton-herbs-detox\/","url":"https:\/\/clair.si\/hr\/izdelek\/biljna-tinktura-hilton-herbs-detox\/","name":"Biljna tinktura Hilton Herbs Detox - Clair","isPartOf":{"@id":"https:\/\/clair.si\/#website"},"primaryImageOfPage":{"@id":"https:\/\/clair.si\/hr\/izdelek\/biljna-tinktura-hilton-herbs-detox\/#primaryimage"},"image":{"@id":"https:\/\/clair.si\/hr\/izdelek\/biljna-tinktura-hilton-herbs-detox\/#primaryimage"},"thumbnailUrl":"https:\/\/clair.si\/wp-content\/uploads\/2026\/02\/TINKTURA-hilton-herbs-detox-clair-trgovina.webp","datePublished":"2026-02-18T10:43:30+00:00","description":"Podr\u0161ka jetri i bubrezima te prirodnim procesima detoksikacije (sezonske promjene pa\u0161njaka, promjene hrane). Teku\u0107a tinktura \u2013 jednostavno odmjeravanje u obrok; po potrebi i direktno u usta \u0161pricom.","breadcrumb":{"@id":"https:\/\/clair.si\/hr\/izdelek\/biljna-tinktura-hilton-herbs-detox\/#breadcrumb"},"inLanguage":"hr","potentialAction":[{"@type":"ReadAction","target":["https:\/\/clair.si\/hr\/izdelek\/biljna-tinktura-hilton-herbs-detox\/"]}]},{"@type":"ImageObject","inLanguage":"hr","@id":"https:\/\/clair.si\/hr\/izdelek\/biljna-tinktura-hilton-herbs-detox\/#primaryimage","url":"https:\/\/clair.si\/wp-content\/uploads\/2026\/02\/TINKTURA-hilton-herbs-detox-clair-trgovina.webp","contentUrl":"https:\/\/clair.si\/wp-content\/uploads\/2026\/02\/TINKTURA-hilton-herbs-detox-clair-trgovina.webp","width":458,"height":458},{"@type":"BreadcrumbList","@id":"https:\/\/clair.si\/hr\/izdelek\/biljna-tinktura-hilton-herbs-detox\/#breadcrumb","itemListElement":[{"@type":"ListItem","position":1,"name":"Home","item":"https:\/\/clair.si\/hr\/"},{"@type":"ListItem","position":2,"name":"Trgovina","item":"https:\/\/clair.si\/trgovina\/"},{"@type":"ListItem","position":3,"name":"Biljna tinktura Hilton Herbs Detox"}]},{"@type":"WebSite","@id":"https:\/\/clair.si\/#website","url":"https:\/\/clair.si\/","name":"Clair","description":"Trgovina s konjeni\u0161ko opremo","publisher":{"@id":"https:\/\/clair.si\/#organization"},"potentialAction":[{"@type":"SearchAction","target":{"@type":"EntryPoint","urlTemplate":"https:\/\/clair.si\/?s={search_term_string}"},"query-input":{"@type":"PropertyValueSpecification","valueRequired":true,"valueName":"search_term_string"}}],"inLanguage":"hr"},{"@type":"Organization","@id":"https:\/\/clair.si\/#organization","name":"Clair","url":"https:\/\/clair.si\/","logo":{"@type":"ImageObject","inLanguage":"hr","@id":"https:\/\/clair.si\/#\/schema\/logo\/image\/","url":"https:\/\/clair.si\/wp-content\/uploads\/2022\/11\/clair_logo_2022.jpg","contentUrl":"https:\/\/clair.si\/wp-content\/uploads\/2022\/11\/clair_logo_2022.jpg","width":1920,"height":1920,"caption":"Clair"},"image":{"@id":"https:\/\/clair.si\/#\/schema\/logo\/image\/"},"sameAs":["https:\/\/www.facebook.com\/TrgovinaClair\/"]}]}},"_links":{"self":[{"href":"https:\/\/clair.si\/hr\/wp-json\/wp\/v2\/product\/131812","targetHints":{"allow":["GET"]}}],"collection":[{"href":"https:\/\/clair.si\/hr\/wp-json\/wp\/v2\/product"}],"about":[{"href":"https:\/\/clair.si\/hr\/wp-json\/wp\/v2\/types\/product"}],"version-history":[{"count":0,"href":"https:\/\/clair.si\/hr\/wp-json\/wp\/v2\/product\/131812\/revisions"}],"wp:featuredmedia":[{"embeddable":true,"href":"https:\/\/clair.si\/hr\/wp-json\/wp\/v2\/media\/130858"}],"wp:attachment":[{"href":"https:\/\/clair.si\/hr\/wp-json\/wp\/v2\/media?parent=131812"}],"wp:term":[{"taxonomy":"product_brand","embeddable":true,"href":"https:\/\/clair.si\/hr\/wp-json\/wp\/v2\/product_brand?post=131812"},{"taxonomy":"product_cat","embeddable":true,"href":"https:\/\/clair.si\/hr\/wp-json\/wp\/v2\/product_cat?post=131812"},{"taxonomy":"product_tag","embeddable":true,"href":"https:\/\/clair.si\/hr\/wp-json\/wp\/v2\/product_tag?post=131812"}],"curies":[{"name":"wp","href":"https:\/\/api.w.org\/{rel}","templated":true}]}}