{"id":131813,"date":"2026-02-19T11:21:04","date_gmt":"2026-02-19T10:21:04","guid":{"rendered":"https:\/\/clair.si\/izdelek\/cavalor-vitamino-balancer\/"},"modified":"2026-02-25T19:58:20","modified_gmt":"2026-02-25T18:58:20","slug":"cavalor-vitamino-balancer","status":"publish","type":"product","link":"https:\/\/clair.si\/hr\/izdelek\/cavalor-vitamino-balancer\/","title":{"rendered":"Cavalor VitAmino Balancer"},"content":{"rendered":"<h2 data-start=\"0\" data-end=\"95\">Cavalor VitAmino \u2013 <strong data-start=\"30\" data-end=\"42\">balancer<\/strong> s visokim udjelom bjelan\u010devina za mi\u0161i\u0107e i linjanje<\/h2>\n<h3 data-start=\"97\" data-end=\"119\">Za\u0161to se koristi?<\/h3>\n<p data-start=\"120\" data-end=\"600\">Cavalor <strong data-start=\"128\" data-end=\"152\">VitAmino je balancer<\/strong> (koncentrirani dodatak obroku), namijenjen konjima kojima je potrebna <strong data-start=\"224\" data-end=\"244\">ve\u0107a mi\u0161i\u0107na masa<\/strong> i bolje <strong data-start=\"255\" data-end=\"267\">linjanje<\/strong>. Izvor je <strong data-start=\"280\" data-end=\"314\">visoko probavljivih bjelan\u010devina<\/strong> s <strong data-start=\"317\" data-end=\"354\">ciljanim aminokiselinskim profilom<\/strong> (npr. lizin, metionin itd.), koje doprinose u\u010dinkovitijoj izgradnji i o\u010duvanju mi\u0161i\u0107a. Sadr\u017ei i <strong data-start=\"458\" data-end=\"482\">vitamine i minerale<\/strong>, stoga je prikladan kao \u201cfine-tuning\u201d uz obrok u kojem je osnova voluminozna krma.<\/p>\n<p data-start=\"602\" data-end=\"619\"><strong>Sastav:<\/strong> sojina krma\/sojina poga\u010da (od genetski modificirane soje), lucerna, krumpirov protein, p\u0161eni\u010dna krupica\/krmno bra\u0161no (wheat meal), repina melasa, p\u0161eni\u010dne mekinje, piskavica (fenugreek), kalcijev karbonat.<\/p>\n<p data-start=\"1879\" data-end=\"2363\"><strong>Analiti\u010dki sastav:<\/strong> sirove bjelan\u010devine <strong data-start=\"1898\" data-end=\"1906\">35 %<\/strong>, sirove masti <strong data-start=\"1923\" data-end=\"1930\">2 %<\/strong>, sirovi pepeo <strong data-start=\"1945\" data-end=\"1953\">10 %<\/strong>, sirova vlaknina <strong data-start=\"1971\" data-end=\"1978\">9 %<\/strong>, \u0161e\u0107eri <strong data-start=\"1990\" data-end=\"1997\">7 %<\/strong>, \u0161krob <strong data-start=\"2005\" data-end=\"2012\">7 %<\/strong>, kalcij <strong data-start=\"2021\" data-end=\"2030\">1,0 %<\/strong>, fosfor <strong data-start=\"2039\" data-end=\"2048\">0,8 %<\/strong>, magnezij <strong data-start=\"2059\" data-end=\"2069\">0,85 %<\/strong>, natrij <strong data-start=\"2078\" data-end=\"2088\">0,05 %<\/strong>, kalij <strong data-start=\"2096\" data-end=\"2105\">1,8 %<\/strong>.<br data-start=\"2106\" data-end=\"2109\" \/><strong>Aminokiseline:<\/strong> lizin <strong data-start=\"2129\" data-end=\"2138\">2,1 %<\/strong>, metionin <strong data-start=\"2149\" data-end=\"2159\" data-is-only-node=\"\">0,55 %<\/strong>, cistin <strong data-start=\"2168\" data-end=\"2177\">0,5 %<\/strong>, treonin <strong data-start=\"2187\" data-end=\"2196\">1,5 %<\/strong>, triptofan <strong data-start=\"2208\" data-end=\"2218\">0,47 %<\/strong>, izoleucin <strong data-start=\"2230\" data-end=\"2240\">1,65 %<\/strong>, arginin <strong data-start=\"2250\" data-end=\"2259\">2,2 %<\/strong>, valin <strong data-start=\"2267\" data-end=\"2277\">1,86 %<\/strong>, histidin <strong data-start=\"2288\" data-end=\"2298\">0,85 %<\/strong>, fenilalanin <strong data-start=\"2312\" data-end=\"2322\">1,85 %<\/strong>.<\/p>\n<p data-start=\"1879\" data-end=\"2363\"><strong data-start=\"2384\" data-end=\"2408\">Elementi u tragovima:<\/strong> \u017eeljezo <strong data-start=\"2416\" data-end=\"2426\">120 mg<\/strong>, cink <strong data-start=\"2433\" data-end=\"2443\">450 mg<\/strong>, mangan <strong data-start=\"2452\" data-end=\"2462\">300 mg<\/strong>, bakar <strong data-start=\"2470\" data-end=\"2480\">160 mg<\/strong>, jod <strong data-start=\"2486\" data-end=\"2496\">2,6 mg<\/strong>, kobalt <strong data-start=\"2505\" data-end=\"2515\">0,3 mg<\/strong>, selen <strong data-start=\"2523\" data-end=\"2533\">1,2 mg<\/strong>. <br data-start=\"2572\" data-end=\"2575\" \/><strong data-start=\"2575\" data-end=\"2588\">Vitamini:<\/strong> vitamin A <strong data-start=\"2599\" data-end=\"2612\">45.000 IU<\/strong>, vitamin D3 <strong data-start=\"2625\" data-end=\"2637\">4.500 IU<\/strong>, vitamin E <strong data-start=\"2649\" data-end=\"2659\">500 mg<\/strong>, biotin <strong data-start=\"2668\" data-end=\"2678\">0,3 mg<\/strong>, kolin klorid <strong data-start=\"2693\" data-end=\"2703\">280 mg<\/strong>.<\/p>\n","protected":false},"excerpt":{"rendered":"<p><strong>Za ovaj proizvod se zbog dimenzija ili te\u017eine obra\u010dunavaju dodatni tro\u0161kovi po\u0161tarine u vrijednosti 15\u20ac \/ kom.<\/strong><\/p>\n<ul>\n<li>podr\u0161ka za linjanje<\/li>\n<li>pove\u0107ava mi\u0161i\u0107nu masu<\/li>\n<\/ul>\n","protected":false},"featured_media":130970,"template":"","meta":{"footnotes":""},"product_brand":[],"product_cat":[5711,5657,5710],"product_tag":[],"class_list":{"0":"post-131813","1":"product","2":"type-product","3":"status-publish","4":"has-post-thumbnail","6":"product_cat-hrana-i-prehrambeni-dodaci-cavalor","7":"product_cat-kategorije-hr","8":"product_cat-hrana-za-konje-hr","10":"first","11":"instock","12":"shipping-taxable","13":"purchasable","14":"product-type-simple"},"yoast_head":"<!-- This site is optimized with the Yoast SEO plugin v27.3 - https:\/\/yoast.com\/product\/yoast-seo-wordpress\/ -->\n<title>Cavalor VitAmino Balancer - Clair<\/title>\n<meta name=\"description\" content=\"Za ovaj proizvod se zbog dimenzija ili te\u017eine obra\u010dunavaju dodatni tro\u0161kovi po\u0161tarine u vrijednosti 15\u20ac \/ kom.   podr\u0161ka za linjanje  pove\u0107ava mi\u0161i\u0107nu masu\" \/>\n<meta name=\"robots\" content=\"index, follow, max-snippet:-1, max-image-preview:large, max-video-preview:-1\" \/>\n<link rel=\"canonical\" href=\"https:\/\/clair.si\/izdelek\/cavalor-vitamino-balancer\/\" \/>\n<meta property=\"og:locale\" content=\"hr_HR\" \/>\n<meta property=\"og:type\" content=\"article\" \/>\n<meta property=\"og:title\" content=\"Cavalor VitAmino Balancer - Clair\" \/>\n<meta property=\"og:description\" content=\"Za ovaj proizvod se zbog dimenzija ili te\u017eine obra\u010dunavaju dodatni tro\u0161kovi po\u0161tarine u vrijednosti 15\u20ac \/ kom.   podr\u0161ka za linjanje  pove\u0107ava mi\u0161i\u0107nu masu\" \/>\n<meta property=\"og:url\" content=\"https:\/\/clair.si\/izdelek\/cavalor-vitamino-balancer\/\" \/>\n<meta property=\"og:site_name\" content=\"Clair\" \/>\n<meta property=\"article:publisher\" content=\"https:\/\/www.facebook.com\/TrgovinaClair\/\" \/>\n<meta property=\"article:modified_time\" content=\"2026-02-25T18:58:20+00:00\" \/>\n<meta property=\"og:image\" content=\"https:\/\/clair.si\/wp-content\/uploads\/2026\/02\/vitamino-slovenija-clair-trgovina-cavalor.webp\" \/>\n\t<meta property=\"og:image:width\" content=\"2560\" \/>\n\t<meta property=\"og:image:height\" content=\"1975\" \/>\n\t<meta property=\"og:image:type\" content=\"image\/webp\" \/>\n<meta name=\"twitter:card\" content=\"summary_large_image\" \/>\n<meta name=\"twitter:label1\" content=\"Procijenjeno vrijeme \u010ditanja\" \/>\n\t<meta name=\"twitter:data1\" content=\"2 minute\" \/>\n<script type=\"application\/ld+json\" class=\"yoast-schema-graph\">{\"@context\":\"https:\\\/\\\/schema.org\",\"@graph\":[{\"@type\":\"WebPage\",\"@id\":\"https:\\\/\\\/clair.si\\\/izdelek\\\/cavalor-vitamino-balancer\\\/\",\"url\":\"https:\\\/\\\/clair.si\\\/izdelek\\\/cavalor-vitamino-balancer\\\/\",\"name\":\"Cavalor VitAmino Balancer - Clair\",\"isPartOf\":{\"@id\":\"https:\\\/\\\/clair.si\\\/#website\"},\"primaryImageOfPage\":{\"@id\":\"https:\\\/\\\/clair.si\\\/izdelek\\\/cavalor-vitamino-balancer\\\/#primaryimage\"},\"image\":{\"@id\":\"https:\\\/\\\/clair.si\\\/izdelek\\\/cavalor-vitamino-balancer\\\/#primaryimage\"},\"thumbnailUrl\":\"https:\\\/\\\/clair.si\\\/wp-content\\\/uploads\\\/2026\\\/02\\\/vitamino-slovenija-clair-trgovina-cavalor.webp\",\"datePublished\":\"2026-02-19T10:21:04+00:00\",\"dateModified\":\"2026-02-25T18:58:20+00:00\",\"description\":\"Za ovaj proizvod se zbog dimenzija ili te\u017eine obra\u010dunavaju dodatni tro\u0161kovi po\u0161tarine u vrijednosti 15\u20ac \\\/ kom. podr\u0161ka za linjanje pove\u0107ava mi\u0161i\u0107nu masu\",\"breadcrumb\":{\"@id\":\"https:\\\/\\\/clair.si\\\/izdelek\\\/cavalor-vitamino-balancer\\\/#breadcrumb\"},\"inLanguage\":\"hr\",\"potentialAction\":[{\"@type\":\"ReadAction\",\"target\":[\"https:\\\/\\\/clair.si\\\/izdelek\\\/cavalor-vitamino-balancer\\\/\"]}]},{\"@type\":\"ImageObject\",\"inLanguage\":\"hr\",\"@id\":\"https:\\\/\\\/clair.si\\\/izdelek\\\/cavalor-vitamino-balancer\\\/#primaryimage\",\"url\":\"https:\\\/\\\/clair.si\\\/wp-content\\\/uploads\\\/2026\\\/02\\\/vitamino-slovenija-clair-trgovina-cavalor.webp\",\"contentUrl\":\"https:\\\/\\\/clair.si\\\/wp-content\\\/uploads\\\/2026\\\/02\\\/vitamino-slovenija-clair-trgovina-cavalor.webp\",\"width\":2560,\"height\":1975},{\"@type\":\"BreadcrumbList\",\"@id\":\"https:\\\/\\\/clair.si\\\/izdelek\\\/cavalor-vitamino-balancer\\\/#breadcrumb\",\"itemListElement\":[{\"@type\":\"ListItem\",\"position\":1,\"name\":\"Home\",\"item\":\"https:\\\/\\\/clair.si\\\/hr\\\/\"},{\"@type\":\"ListItem\",\"position\":2,\"name\":\"Trgovina\",\"item\":\"https:\\\/\\\/clair.si\\\/trgovina\\\/\"},{\"@type\":\"ListItem\",\"position\":3,\"name\":\"Cavalor VitAmino Balancer\"}]},{\"@type\":\"WebSite\",\"@id\":\"https:\\\/\\\/clair.si\\\/#website\",\"url\":\"https:\\\/\\\/clair.si\\\/\",\"name\":\"Clair\",\"description\":\"Trgovina s konjeni\u0161ko opremo\",\"publisher\":{\"@id\":\"https:\\\/\\\/clair.si\\\/#organization\"},\"potentialAction\":[{\"@type\":\"SearchAction\",\"target\":{\"@type\":\"EntryPoint\",\"urlTemplate\":\"https:\\\/\\\/clair.si\\\/?s={search_term_string}\"},\"query-input\":{\"@type\":\"PropertyValueSpecification\",\"valueRequired\":true,\"valueName\":\"search_term_string\"}}],\"inLanguage\":\"hr\"},{\"@type\":\"Organization\",\"@id\":\"https:\\\/\\\/clair.si\\\/#organization\",\"name\":\"Clair\",\"url\":\"https:\\\/\\\/clair.si\\\/\",\"logo\":{\"@type\":\"ImageObject\",\"inLanguage\":\"hr\",\"@id\":\"https:\\\/\\\/clair.si\\\/#\\\/schema\\\/logo\\\/image\\\/\",\"url\":\"https:\\\/\\\/clair.si\\\/wp-content\\\/uploads\\\/2022\\\/11\\\/clair_logo_2022.jpg\",\"contentUrl\":\"https:\\\/\\\/clair.si\\\/wp-content\\\/uploads\\\/2022\\\/11\\\/clair_logo_2022.jpg\",\"width\":1920,\"height\":1920,\"caption\":\"Clair\"},\"image\":{\"@id\":\"https:\\\/\\\/clair.si\\\/#\\\/schema\\\/logo\\\/image\\\/\"},\"sameAs\":[\"https:\\\/\\\/www.facebook.com\\\/TrgovinaClair\\\/\"]}]}<\/script>\n<!-- \/ Yoast SEO plugin. -->","yoast_head_json":{"title":"Cavalor VitAmino Balancer - Clair","description":"Za ovaj proizvod se zbog dimenzija ili te\u017eine obra\u010dunavaju dodatni tro\u0161kovi po\u0161tarine u vrijednosti 15\u20ac \/ kom.   podr\u0161ka za linjanje  pove\u0107ava mi\u0161i\u0107nu masu","robots":{"index":"index","follow":"follow","max-snippet":"max-snippet:-1","max-image-preview":"max-image-preview:large","max-video-preview":"max-video-preview:-1"},"canonical":"https:\/\/clair.si\/izdelek\/cavalor-vitamino-balancer\/","og_locale":"hr_HR","og_type":"article","og_title":"Cavalor VitAmino Balancer - Clair","og_description":"Za ovaj proizvod se zbog dimenzija ili te\u017eine obra\u010dunavaju dodatni tro\u0161kovi po\u0161tarine u vrijednosti 15\u20ac \/ kom.   podr\u0161ka za linjanje  pove\u0107ava mi\u0161i\u0107nu masu","og_url":"https:\/\/clair.si\/izdelek\/cavalor-vitamino-balancer\/","og_site_name":"Clair","article_publisher":"https:\/\/www.facebook.com\/TrgovinaClair\/","article_modified_time":"2026-02-25T18:58:20+00:00","og_image":[{"width":2560,"height":1975,"url":"https:\/\/clair.si\/wp-content\/uploads\/2026\/02\/vitamino-slovenija-clair-trgovina-cavalor.webp","type":"image\/webp"}],"twitter_card":"summary_large_image","twitter_misc":{"Procijenjeno vrijeme \u010ditanja":"2 minute"},"schema":{"@context":"https:\/\/schema.org","@graph":[{"@type":"WebPage","@id":"https:\/\/clair.si\/izdelek\/cavalor-vitamino-balancer\/","url":"https:\/\/clair.si\/izdelek\/cavalor-vitamino-balancer\/","name":"Cavalor VitAmino Balancer - Clair","isPartOf":{"@id":"https:\/\/clair.si\/#website"},"primaryImageOfPage":{"@id":"https:\/\/clair.si\/izdelek\/cavalor-vitamino-balancer\/#primaryimage"},"image":{"@id":"https:\/\/clair.si\/izdelek\/cavalor-vitamino-balancer\/#primaryimage"},"thumbnailUrl":"https:\/\/clair.si\/wp-content\/uploads\/2026\/02\/vitamino-slovenija-clair-trgovina-cavalor.webp","datePublished":"2026-02-19T10:21:04+00:00","dateModified":"2026-02-25T18:58:20+00:00","description":"Za ovaj proizvod se zbog dimenzija ili te\u017eine obra\u010dunavaju dodatni tro\u0161kovi po\u0161tarine u vrijednosti 15\u20ac \/ kom. podr\u0161ka za linjanje pove\u0107ava mi\u0161i\u0107nu masu","breadcrumb":{"@id":"https:\/\/clair.si\/izdelek\/cavalor-vitamino-balancer\/#breadcrumb"},"inLanguage":"hr","potentialAction":[{"@type":"ReadAction","target":["https:\/\/clair.si\/izdelek\/cavalor-vitamino-balancer\/"]}]},{"@type":"ImageObject","inLanguage":"hr","@id":"https:\/\/clair.si\/izdelek\/cavalor-vitamino-balancer\/#primaryimage","url":"https:\/\/clair.si\/wp-content\/uploads\/2026\/02\/vitamino-slovenija-clair-trgovina-cavalor.webp","contentUrl":"https:\/\/clair.si\/wp-content\/uploads\/2026\/02\/vitamino-slovenija-clair-trgovina-cavalor.webp","width":2560,"height":1975},{"@type":"BreadcrumbList","@id":"https:\/\/clair.si\/izdelek\/cavalor-vitamino-balancer\/#breadcrumb","itemListElement":[{"@type":"ListItem","position":1,"name":"Home","item":"https:\/\/clair.si\/hr\/"},{"@type":"ListItem","position":2,"name":"Trgovina","item":"https:\/\/clair.si\/trgovina\/"},{"@type":"ListItem","position":3,"name":"Cavalor VitAmino Balancer"}]},{"@type":"WebSite","@id":"https:\/\/clair.si\/#website","url":"https:\/\/clair.si\/","name":"Clair","description":"Trgovina s konjeni\u0161ko opremo","publisher":{"@id":"https:\/\/clair.si\/#organization"},"potentialAction":[{"@type":"SearchAction","target":{"@type":"EntryPoint","urlTemplate":"https:\/\/clair.si\/?s={search_term_string}"},"query-input":{"@type":"PropertyValueSpecification","valueRequired":true,"valueName":"search_term_string"}}],"inLanguage":"hr"},{"@type":"Organization","@id":"https:\/\/clair.si\/#organization","name":"Clair","url":"https:\/\/clair.si\/","logo":{"@type":"ImageObject","inLanguage":"hr","@id":"https:\/\/clair.si\/#\/schema\/logo\/image\/","url":"https:\/\/clair.si\/wp-content\/uploads\/2022\/11\/clair_logo_2022.jpg","contentUrl":"https:\/\/clair.si\/wp-content\/uploads\/2022\/11\/clair_logo_2022.jpg","width":1920,"height":1920,"caption":"Clair"},"image":{"@id":"https:\/\/clair.si\/#\/schema\/logo\/image\/"},"sameAs":["https:\/\/www.facebook.com\/TrgovinaClair\/"]}]}},"_links":{"self":[{"href":"https:\/\/clair.si\/hr\/wp-json\/wp\/v2\/product\/131813","targetHints":{"allow":["GET"]}}],"collection":[{"href":"https:\/\/clair.si\/hr\/wp-json\/wp\/v2\/product"}],"about":[{"href":"https:\/\/clair.si\/hr\/wp-json\/wp\/v2\/types\/product"}],"version-history":[{"count":2,"href":"https:\/\/clair.si\/hr\/wp-json\/wp\/v2\/product\/131813\/revisions"}],"predecessor-version":[{"id":131843,"href":"https:\/\/clair.si\/hr\/wp-json\/wp\/v2\/product\/131813\/revisions\/131843"}],"wp:featuredmedia":[{"embeddable":true,"href":"https:\/\/clair.si\/hr\/wp-json\/wp\/v2\/media\/130970"}],"wp:attachment":[{"href":"https:\/\/clair.si\/hr\/wp-json\/wp\/v2\/media?parent=131813"}],"wp:term":[{"taxonomy":"product_brand","embeddable":true,"href":"https:\/\/clair.si\/hr\/wp-json\/wp\/v2\/product_brand?post=131813"},{"taxonomy":"product_cat","embeddable":true,"href":"https:\/\/clair.si\/hr\/wp-json\/wp\/v2\/product_cat?post=131813"},{"taxonomy":"product_tag","embeddable":true,"href":"https:\/\/clair.si\/hr\/wp-json\/wp\/v2\/product_tag?post=131813"}],"curies":[{"name":"wp","href":"https:\/\/api.w.org\/{rel}","templated":true}]}}