{"id":131814,"date":"2026-02-19T11:08:06","date_gmt":"2026-02-19T10:08:06","guid":{"rendered":"https:\/\/clair.si\/izdelek\/cavalor-action-mix\/"},"modified":"2026-02-25T19:58:07","modified_gmt":"2026-02-25T18:58:07","slug":"cavalor-action-mix","status":"publish","type":"product","link":"https:\/\/clair.si\/hr\/izdelek\/cavalor-action-mix\/","title":{"rendered":"Cavalor Action Mix"},"content":{"rendered":"<h2 data-start=\"0\" data-end=\"62\">Cavalor Action Mix \u2013 sportski m\u00fcsli za aktivne konje<\/h2>\n<h3 data-start=\"64\" data-end=\"86\">Za\u0161to se koristi?<\/h3>\n<p data-start=\"87\" data-end=\"445\"><strong>Cavalor<\/strong> <strong data-start=\"95\" data-end=\"109\">Action Mix<\/strong> je sportski m\u00fcsli za konje u <strong data-start=\"138\" data-end=\"169\">redovnom i aktivnom treningu<\/strong> (Cavalor <em data-start=\"179\" data-end=\"188\">level 2<\/em>). Namijenjen je osiguravanju <strong data-start=\"217\" data-end=\"249\">brzo raspolo\u017eive energije<\/strong> za rad, a istovremeno sadr\u017ei obra\u0111ene <strong data-start=\"277\" data-end=\"295\">pahuljaste \u017eitarice<\/strong>, koje su u pravilu lak\u0161e probavljive od neobra\u0111enih \u017eitarica, te <strong data-start=\"356\" data-end=\"386\">FOS (frukto-oligosaharide)<\/strong> kao potporu probavi.<\/p>\n<p data-start=\"917\" data-end=\"949\"><strong>Sastav:<\/strong> nusproizvodi p\u0161enice (wheat middlings), je\u010dmene pahuljice, kukuruzne pahuljice, lucerna, zob, p\u0161eni\u010dne mekinje, melasa repe, lanene ljuske, pire pljeve, mljeveno uljno sjeme, pir, sojine ljuske, repi\u010dina poga\u010da\/rep. ekstrakcijska poga\u010da, laneno sjeme, sojino ulje, suncokretov krmni proizvod, p\u0161enica, kalcijev karbonat, natrijev klorid, frukto-oligosaharidi, hidratizirani magnezijev silikat.<\/p>\n<p data-start=\"1782\" data-end=\"2149\"><strong>Analiti\u010dki sastav:<\/strong> sirove bjelan\u010devine <strong data-start=\"1801\" data-end=\"1811\">11,0 %<\/strong>, sirove masti <strong data-start=\"1828\" data-end=\"1837\">4,5 %<\/strong>, sirovi pepeo <strong data-start=\"1852\" data-end=\"1861\">7,0 %<\/strong>, sirova vlaknina <strong data-start=\"1879\" data-end=\"1889\">10,5 %<\/strong>, \u0161e\u0107eri <strong data-start=\"1901\" data-end=\"1910\">5,0 %<\/strong>, \u0161krob <strong data-start=\"1918\" data-end=\"1928\">29,5 %<\/strong>, kalcij <strong data-start=\"1937\" data-end=\"1946\">1,0 %<\/strong>, magnezij <strong data-start=\"1957\" data-end=\"1966\">0,3 %<\/strong>, fosfor <strong data-start=\"1975\" data-end=\"1984\">0,6 %<\/strong>, natrij <strong data-start=\"1993\" data-end=\"2002\">0,3 %<\/strong>.<br data-start=\"2003\" data-end=\"2006\" \/>Energijska vrijednost: <strong data-start=\"2027\" data-end=\"2051\">DE (NRC) 10,54 MJ\/kg<\/strong>; <strong data-start=\"2053\" data-end=\"2083\">NE EWpa (CVB) 0,84 EWpa\/kg<\/strong>; <strong data-start=\"2085\" data-end=\"2108\" data-is-only-node=\"\">VREpa (CVB) 84 g\/kg<\/strong>.<\/p>\n<p data-start=\"2151\" data-end=\"2169\"><strong>Dodaci (na kg): v<\/strong><strong data-start=\"2170\" data-end=\"2206\">itamini i elementi u tragovima:<\/strong> vitamin A <strong data-start=\"2217\" data-end=\"2230\">12.500 IU<\/strong>, vitamin D3 <strong data-start=\"2243\" data-end=\"2255\">1.250 IU<\/strong>, vitamin E <strong data-start=\"2267\" data-end=\"2277\">300 mg<\/strong>, biotin <strong data-start=\"2286\" data-end=\"2296\">0,2 mg<\/strong>, kolin klorid <strong data-start=\"2311\" data-end=\"2321\">160 mg<\/strong>, \u017eeljezo <strong data-start=\"2330\" data-end=\"2339\">75 mg<\/strong>, bakar <strong data-start=\"2347\" data-end=\"2356\">40 mg<\/strong>, cink <strong data-start=\"2363\" data-end=\"2373\">115 mg<\/strong>, mangan <strong data-start=\"2382\" data-end=\"2392\">115 mg<\/strong>, jod <strong data-start=\"2398\" data-end=\"2409\">1,25 mg<\/strong>, kobalt <strong data-start=\"2418\" data-end=\"2428\">0,3 mg<\/strong>, selen <strong data-start=\"2436\" data-end=\"2446\">0,4 mg<\/strong>. <br data-start=\"2485\" data-end=\"2488\" \/><strong data-start=\"2488\" data-end=\"2511\">Tehnolo\u0161ki dodaci:<\/strong> amonijev propionat <strong data-start=\"2531\" data-end=\"2544\">384 mg\/kg<\/strong>.<\/p>\n","protected":false},"excerpt":{"rendered":"<p><strong>Za ovaj proizvod se zbog dimenzija ili te\u017eine obra\u010dunavaju dodatni tro\u0161kovi po\u0161tarine u vrijednosti 15\u20ac \/ kom.<\/strong><\/p>\n<ul>\n<li>za sportske konje &#8211; Cavalor level 2<\/li>\n<li>s lak\u0161e probavljivim \u017eitaricama<\/li>\n<\/ul>\n","protected":false},"featured_media":130962,"template":"","meta":{"footnotes":""},"product_brand":[],"product_cat":[5711,5657,5710],"product_tag":[],"class_list":{"0":"post-131814","1":"product","2":"type-product","3":"status-publish","4":"has-post-thumbnail","6":"product_cat-hrana-i-prehrambeni-dodaci-cavalor","7":"product_cat-kategorije-hr","8":"product_cat-hrana-za-konje-hr","10":"first","11":"instock","12":"shipping-taxable","13":"purchasable","14":"product-type-simple"},"yoast_head":"<!-- This site is optimized with the Yoast SEO plugin v27.3 - https:\/\/yoast.com\/product\/yoast-seo-wordpress\/ -->\n<title>Cavalor Action Mix - Clair<\/title>\n<meta name=\"description\" content=\"Za ovaj proizvod se zbog dimenzija ili te\u017eine obra\u010dunavaju dodatni tro\u0161kovi po\u0161tarine u vrijednosti 15\u20ac \/ kom.   za sportske konje - Cavalor level 2  s lak\u0161e probavljivim \u017eitaricama\" \/>\n<meta name=\"robots\" content=\"index, follow, max-snippet:-1, max-image-preview:large, max-video-preview:-1\" \/>\n<link rel=\"canonical\" href=\"https:\/\/clair.si\/izdelek\/cavalor-action-mix\/\" \/>\n<meta property=\"og:locale\" content=\"hr_HR\" \/>\n<meta property=\"og:type\" content=\"article\" \/>\n<meta property=\"og:title\" content=\"Cavalor Action Mix - Clair\" \/>\n<meta property=\"og:description\" content=\"Za ovaj proizvod se zbog dimenzija ili te\u017eine obra\u010dunavaju dodatni tro\u0161kovi po\u0161tarine u vrijednosti 15\u20ac \/ kom.   za sportske konje - Cavalor level 2  s lak\u0161e probavljivim \u017eitaricama\" \/>\n<meta property=\"og:url\" content=\"https:\/\/clair.si\/izdelek\/cavalor-action-mix\/\" \/>\n<meta property=\"og:site_name\" content=\"Clair\" \/>\n<meta property=\"article:publisher\" content=\"https:\/\/www.facebook.com\/TrgovinaClair\/\" \/>\n<meta property=\"article:modified_time\" content=\"2026-02-25T18:58:07+00:00\" \/>\n<meta property=\"og:image\" content=\"https:\/\/clair.si\/wp-content\/uploads\/2026\/02\/cavalor-action-mix-slovenija-clair.webp\" \/>\n\t<meta property=\"og:image:width\" content=\"2560\" \/>\n\t<meta property=\"og:image:height\" content=\"1975\" \/>\n\t<meta property=\"og:image:type\" content=\"image\/webp\" \/>\n<meta name=\"twitter:card\" content=\"summary_large_image\" \/>\n<meta name=\"twitter:label1\" content=\"Procijenjeno vrijeme \u010ditanja\" \/>\n\t<meta name=\"twitter:data1\" content=\"2 minute\" \/>\n<script type=\"application\/ld+json\" class=\"yoast-schema-graph\">{\"@context\":\"https:\\\/\\\/schema.org\",\"@graph\":[{\"@type\":\"WebPage\",\"@id\":\"https:\\\/\\\/clair.si\\\/izdelek\\\/cavalor-action-mix\\\/\",\"url\":\"https:\\\/\\\/clair.si\\\/izdelek\\\/cavalor-action-mix\\\/\",\"name\":\"Cavalor Action Mix - Clair\",\"isPartOf\":{\"@id\":\"https:\\\/\\\/clair.si\\\/#website\"},\"primaryImageOfPage\":{\"@id\":\"https:\\\/\\\/clair.si\\\/izdelek\\\/cavalor-action-mix\\\/#primaryimage\"},\"image\":{\"@id\":\"https:\\\/\\\/clair.si\\\/izdelek\\\/cavalor-action-mix\\\/#primaryimage\"},\"thumbnailUrl\":\"https:\\\/\\\/clair.si\\\/wp-content\\\/uploads\\\/2026\\\/02\\\/cavalor-action-mix-slovenija-clair.webp\",\"datePublished\":\"2026-02-19T10:08:06+00:00\",\"dateModified\":\"2026-02-25T18:58:07+00:00\",\"description\":\"Za ovaj proizvod se zbog dimenzija ili te\u017eine obra\u010dunavaju dodatni tro\u0161kovi po\u0161tarine u vrijednosti 15\u20ac \\\/ kom. za sportske konje - Cavalor level 2 s lak\u0161e probavljivim \u017eitaricama\",\"breadcrumb\":{\"@id\":\"https:\\\/\\\/clair.si\\\/izdelek\\\/cavalor-action-mix\\\/#breadcrumb\"},\"inLanguage\":\"hr\",\"potentialAction\":[{\"@type\":\"ReadAction\",\"target\":[\"https:\\\/\\\/clair.si\\\/izdelek\\\/cavalor-action-mix\\\/\"]}]},{\"@type\":\"ImageObject\",\"inLanguage\":\"hr\",\"@id\":\"https:\\\/\\\/clair.si\\\/izdelek\\\/cavalor-action-mix\\\/#primaryimage\",\"url\":\"https:\\\/\\\/clair.si\\\/wp-content\\\/uploads\\\/2026\\\/02\\\/cavalor-action-mix-slovenija-clair.webp\",\"contentUrl\":\"https:\\\/\\\/clair.si\\\/wp-content\\\/uploads\\\/2026\\\/02\\\/cavalor-action-mix-slovenija-clair.webp\",\"width\":2560,\"height\":1975},{\"@type\":\"BreadcrumbList\",\"@id\":\"https:\\\/\\\/clair.si\\\/izdelek\\\/cavalor-action-mix\\\/#breadcrumb\",\"itemListElement\":[{\"@type\":\"ListItem\",\"position\":1,\"name\":\"Home\",\"item\":\"https:\\\/\\\/clair.si\\\/hr\\\/\"},{\"@type\":\"ListItem\",\"position\":2,\"name\":\"Trgovina\",\"item\":\"https:\\\/\\\/clair.si\\\/trgovina\\\/\"},{\"@type\":\"ListItem\",\"position\":3,\"name\":\"Cavalor Action Mix\"}]},{\"@type\":\"WebSite\",\"@id\":\"https:\\\/\\\/clair.si\\\/#website\",\"url\":\"https:\\\/\\\/clair.si\\\/\",\"name\":\"Clair\",\"description\":\"Trgovina s konjeni\u0161ko opremo\",\"publisher\":{\"@id\":\"https:\\\/\\\/clair.si\\\/#organization\"},\"potentialAction\":[{\"@type\":\"SearchAction\",\"target\":{\"@type\":\"EntryPoint\",\"urlTemplate\":\"https:\\\/\\\/clair.si\\\/?s={search_term_string}\"},\"query-input\":{\"@type\":\"PropertyValueSpecification\",\"valueRequired\":true,\"valueName\":\"search_term_string\"}}],\"inLanguage\":\"hr\"},{\"@type\":\"Organization\",\"@id\":\"https:\\\/\\\/clair.si\\\/#organization\",\"name\":\"Clair\",\"url\":\"https:\\\/\\\/clair.si\\\/\",\"logo\":{\"@type\":\"ImageObject\",\"inLanguage\":\"hr\",\"@id\":\"https:\\\/\\\/clair.si\\\/#\\\/schema\\\/logo\\\/image\\\/\",\"url\":\"https:\\\/\\\/clair.si\\\/wp-content\\\/uploads\\\/2022\\\/11\\\/clair_logo_2022.jpg\",\"contentUrl\":\"https:\\\/\\\/clair.si\\\/wp-content\\\/uploads\\\/2022\\\/11\\\/clair_logo_2022.jpg\",\"width\":1920,\"height\":1920,\"caption\":\"Clair\"},\"image\":{\"@id\":\"https:\\\/\\\/clair.si\\\/#\\\/schema\\\/logo\\\/image\\\/\"},\"sameAs\":[\"https:\\\/\\\/www.facebook.com\\\/TrgovinaClair\\\/\"]}]}<\/script>\n<!-- \/ Yoast SEO plugin. -->","yoast_head_json":{"title":"Cavalor Action Mix - Clair","description":"Za ovaj proizvod se zbog dimenzija ili te\u017eine obra\u010dunavaju dodatni tro\u0161kovi po\u0161tarine u vrijednosti 15\u20ac \/ kom.   za sportske konje - Cavalor level 2  s lak\u0161e probavljivim \u017eitaricama","robots":{"index":"index","follow":"follow","max-snippet":"max-snippet:-1","max-image-preview":"max-image-preview:large","max-video-preview":"max-video-preview:-1"},"canonical":"https:\/\/clair.si\/izdelek\/cavalor-action-mix\/","og_locale":"hr_HR","og_type":"article","og_title":"Cavalor Action Mix - Clair","og_description":"Za ovaj proizvod se zbog dimenzija ili te\u017eine obra\u010dunavaju dodatni tro\u0161kovi po\u0161tarine u vrijednosti 15\u20ac \/ kom.   za sportske konje - Cavalor level 2  s lak\u0161e probavljivim \u017eitaricama","og_url":"https:\/\/clair.si\/izdelek\/cavalor-action-mix\/","og_site_name":"Clair","article_publisher":"https:\/\/www.facebook.com\/TrgovinaClair\/","article_modified_time":"2026-02-25T18:58:07+00:00","og_image":[{"width":2560,"height":1975,"url":"https:\/\/clair.si\/wp-content\/uploads\/2026\/02\/cavalor-action-mix-slovenija-clair.webp","type":"image\/webp"}],"twitter_card":"summary_large_image","twitter_misc":{"Procijenjeno vrijeme \u010ditanja":"2 minute"},"schema":{"@context":"https:\/\/schema.org","@graph":[{"@type":"WebPage","@id":"https:\/\/clair.si\/izdelek\/cavalor-action-mix\/","url":"https:\/\/clair.si\/izdelek\/cavalor-action-mix\/","name":"Cavalor Action Mix - Clair","isPartOf":{"@id":"https:\/\/clair.si\/#website"},"primaryImageOfPage":{"@id":"https:\/\/clair.si\/izdelek\/cavalor-action-mix\/#primaryimage"},"image":{"@id":"https:\/\/clair.si\/izdelek\/cavalor-action-mix\/#primaryimage"},"thumbnailUrl":"https:\/\/clair.si\/wp-content\/uploads\/2026\/02\/cavalor-action-mix-slovenija-clair.webp","datePublished":"2026-02-19T10:08:06+00:00","dateModified":"2026-02-25T18:58:07+00:00","description":"Za ovaj proizvod se zbog dimenzija ili te\u017eine obra\u010dunavaju dodatni tro\u0161kovi po\u0161tarine u vrijednosti 15\u20ac \/ kom. za sportske konje - Cavalor level 2 s lak\u0161e probavljivim \u017eitaricama","breadcrumb":{"@id":"https:\/\/clair.si\/izdelek\/cavalor-action-mix\/#breadcrumb"},"inLanguage":"hr","potentialAction":[{"@type":"ReadAction","target":["https:\/\/clair.si\/izdelek\/cavalor-action-mix\/"]}]},{"@type":"ImageObject","inLanguage":"hr","@id":"https:\/\/clair.si\/izdelek\/cavalor-action-mix\/#primaryimage","url":"https:\/\/clair.si\/wp-content\/uploads\/2026\/02\/cavalor-action-mix-slovenija-clair.webp","contentUrl":"https:\/\/clair.si\/wp-content\/uploads\/2026\/02\/cavalor-action-mix-slovenija-clair.webp","width":2560,"height":1975},{"@type":"BreadcrumbList","@id":"https:\/\/clair.si\/izdelek\/cavalor-action-mix\/#breadcrumb","itemListElement":[{"@type":"ListItem","position":1,"name":"Home","item":"https:\/\/clair.si\/hr\/"},{"@type":"ListItem","position":2,"name":"Trgovina","item":"https:\/\/clair.si\/trgovina\/"},{"@type":"ListItem","position":3,"name":"Cavalor Action Mix"}]},{"@type":"WebSite","@id":"https:\/\/clair.si\/#website","url":"https:\/\/clair.si\/","name":"Clair","description":"Trgovina s konjeni\u0161ko opremo","publisher":{"@id":"https:\/\/clair.si\/#organization"},"potentialAction":[{"@type":"SearchAction","target":{"@type":"EntryPoint","urlTemplate":"https:\/\/clair.si\/?s={search_term_string}"},"query-input":{"@type":"PropertyValueSpecification","valueRequired":true,"valueName":"search_term_string"}}],"inLanguage":"hr"},{"@type":"Organization","@id":"https:\/\/clair.si\/#organization","name":"Clair","url":"https:\/\/clair.si\/","logo":{"@type":"ImageObject","inLanguage":"hr","@id":"https:\/\/clair.si\/#\/schema\/logo\/image\/","url":"https:\/\/clair.si\/wp-content\/uploads\/2022\/11\/clair_logo_2022.jpg","contentUrl":"https:\/\/clair.si\/wp-content\/uploads\/2022\/11\/clair_logo_2022.jpg","width":1920,"height":1920,"caption":"Clair"},"image":{"@id":"https:\/\/clair.si\/#\/schema\/logo\/image\/"},"sameAs":["https:\/\/www.facebook.com\/TrgovinaClair\/"]}]}},"_links":{"self":[{"href":"https:\/\/clair.si\/hr\/wp-json\/wp\/v2\/product\/131814","targetHints":{"allow":["GET"]}}],"collection":[{"href":"https:\/\/clair.si\/hr\/wp-json\/wp\/v2\/product"}],"about":[{"href":"https:\/\/clair.si\/hr\/wp-json\/wp\/v2\/types\/product"}],"version-history":[{"count":1,"href":"https:\/\/clair.si\/hr\/wp-json\/wp\/v2\/product\/131814\/revisions"}],"predecessor-version":[{"id":131836,"href":"https:\/\/clair.si\/hr\/wp-json\/wp\/v2\/product\/131814\/revisions\/131836"}],"wp:featuredmedia":[{"embeddable":true,"href":"https:\/\/clair.si\/hr\/wp-json\/wp\/v2\/media\/130962"}],"wp:attachment":[{"href":"https:\/\/clair.si\/hr\/wp-json\/wp\/v2\/media?parent=131814"}],"wp:term":[{"taxonomy":"product_brand","embeddable":true,"href":"https:\/\/clair.si\/hr\/wp-json\/wp\/v2\/product_brand?post=131814"},{"taxonomy":"product_cat","embeddable":true,"href":"https:\/\/clair.si\/hr\/wp-json\/wp\/v2\/product_cat?post=131814"},{"taxonomy":"product_tag","embeddable":true,"href":"https:\/\/clair.si\/hr\/wp-json\/wp\/v2\/product_tag?post=131814"}],"curies":[{"name":"wp","href":"https:\/\/api.w.org\/{rel}","templated":true}]}}