{"id":131823,"date":"2026-02-20T10:23:25","date_gmt":"2026-02-20T09:23:25","guid":{"rendered":"https:\/\/clair.si\/izdelek\/visenamjenska-podsedalnica-eskadron-glossy-heritage-s-s26-black-truffle\/"},"modified":"2026-02-20T10:23:25","modified_gmt":"2026-02-20T09:23:25","slug":"visenamjenska-podsedalnica-eskadron-glossy-heritage-s-s26-black-truffle","status":"publish","type":"product","link":"https:\/\/clair.si\/hr\/izdelek\/visenamjenska-podsedalnica-eskadron-glossy-heritage-s-s26-black-truffle\/","title":{"rendered":"Vi\u0161enamjenska podsedalnica Eskadron Glossy Heritage S\/S26 Black Truffle"},"content":{"rendered":"<p data-start=\"62\" data-end=\"410\">Elegantna podsedalnica s <strong data-start=\"87\" data-end=\"137\">izdr\u017eljivom glossy vanjskom tkaninom<\/strong> i funkcionalnom <strong data-start=\"154\" data-end=\"179\">Cool-Dry unutra\u0161njo\u0161\u0107u<\/strong>, koja poma\u017ee pri odvo\u0111enju vlage i udobnosti ispod sedla. Izvedba s <strong data-start=\"243\" data-end=\"271\">voluminoznim pro\u0161ivanjem<\/strong> dobro zadr\u017eava oblik, a <strong data-start=\"294\" data-end=\"321\">silikonski antiklizni<\/strong> elementi u sedelnom dijelu pobolj\u0161avaju stabilnost. <\/p>\n<ul data-start=\"426\" data-end=\"986\">\n<li data-start=\"426\" data-end=\"513\">\n<p data-start=\"428\" data-end=\"513\">otporna glossy vanj\u0161tina, Cool-Dry unutra\u0161njost<\/p>\n<\/li>\n<li data-start=\"514\" data-end=\"603\">\n<p data-start=\"516\" data-end=\"603\">voluminozno pro\u0161ivanje (quilt) za stabilan polo\u017eaj<\/p>\n<\/li>\n<li data-start=\"604\" data-end=\"694\">\n<p data-start=\"606\" data-end=\"694\">silikonske antiklizne povr\u0161ine u sedelnom dijelu<\/p>\n<\/li>\n<li data-start=\"695\" data-end=\"785\">\n<p data-start=\"697\" data-end=\"785\">stra\u017enji kanal od mre\u017eice za bolju cirkulaciju zraka<\/p>\n<\/li>\n<li data-start=\"896\" data-end=\"986\">\n<p data-start=\"898\" data-end=\"986\">trake za fiksaciju<\/p>\n<\/li>\n<\/ul>\n<p data-start=\"1011\" data-end=\"1067\"><strong data-start=\"1011\" data-end=\"1029\">Sastav: <\/strong>100% poliester<\/p>\n<p data-start=\"1078\" data-end=\"1259\"><strong>Preporuka:<\/strong> pridr\u017eavajte se uputa na u\u0161ivenoj etiketi; pravilom pranje na nje\u017enom programu, bez agresivnih izbjeljiva\u010da i s umjerenim centrifugiranjem (radi o\u010duvanja punjenja i &#8220;glossy&#8221; povr\u0161ine)<\/p>\n","protected":false},"excerpt":{"rendered":"<ul>\n<li>glossy materijal<\/li>\n<li>sa zlatnim detaljima<\/li>\n<li>lijepo pristaje ispod sedla<\/li>\n<\/ul>\n","protected":false},"featured_media":131046,"template":"","meta":{"footnotes":""},"product_brand":[],"product_cat":[5744,5624,5729,5726,5728],"product_tag":[],"class_list":{"0":"post-131823","1":"product","2":"type-product","3":"status-publish","4":"has-post-thumbnail","6":"product_cat-kolekcije-hr","7":"product_cat-konj-hr","8":"product_cat-pikeur-eskadron-hr","9":"product_cat-podsedlice-i-kapice-za-usi","10":"product_cat-visenamjenske-i-skakacke-podsedlice","12":"first","13":"instock","14":"shipping-taxable","15":"purchasable","16":"product-type-simple"},"yoast_head":"<!-- This site is optimized with the Yoast SEO plugin v27.3 - https:\/\/yoast.com\/product\/yoast-seo-wordpress\/ -->\n<title>Vi\u0161enamjenska podsedalnica Eskadron Glossy Heritage S\/S26 Black Truffle - Clair<\/title>\n<meta name=\"description\" content=\"glossy materijal  sa zlatnim detaljima  lijepo pristaje ispod sedla\" \/>\n<meta name=\"robots\" content=\"index, follow, max-snippet:-1, max-image-preview:large, max-video-preview:-1\" \/>\n<link rel=\"canonical\" href=\"https:\/\/clair.si\/hr\/izdelek\/visenamjenska-podsedalnica-eskadron-glossy-heritage-s-s26-black-truffle\/\" \/>\n<meta property=\"og:locale\" content=\"hr_HR\" \/>\n<meta property=\"og:type\" content=\"article\" \/>\n<meta property=\"og:title\" content=\"Vi\u0161enamjenska podsedalnica Eskadron Glossy Heritage S\/S26 Black Truffle - Clair\" \/>\n<meta property=\"og:description\" content=\"glossy materijal  sa zlatnim detaljima  lijepo pristaje ispod sedla\" \/>\n<meta property=\"og:url\" content=\"https:\/\/clair.si\/hr\/izdelek\/visenamjenska-podsedalnica-eskadron-glossy-heritage-s-s26-black-truffle\/\" \/>\n<meta property=\"og:site_name\" content=\"Clair\" \/>\n<meta property=\"article:publisher\" content=\"https:\/\/www.facebook.com\/TrgovinaClair\/\" \/>\n<meta property=\"og:image\" content=\"https:\/\/clair.si\/wp-content\/uploads\/2026\/02\/truffle-glossy-vs.webp\" \/>\n\t<meta property=\"og:image:width\" content=\"1000\" \/>\n\t<meta property=\"og:image:height\" content=\"1000\" \/>\n\t<meta property=\"og:image:type\" content=\"image\/jpeg\" \/>\n<meta name=\"twitter:card\" content=\"summary_large_image\" \/>\n<meta name=\"twitter:label1\" content=\"Procijenjeno vrijeme \u010ditanja\" \/>\n\t<meta name=\"twitter:data1\" content=\"1 minuta\" \/>\n<script type=\"application\/ld+json\" class=\"yoast-schema-graph\">{\"@context\":\"https:\\\/\\\/schema.org\",\"@graph\":[{\"@type\":\"WebPage\",\"@id\":\"https:\\\/\\\/clair.si\\\/hr\\\/izdelek\\\/visenamjenska-podsedalnica-eskadron-glossy-heritage-s-s26-black-truffle\\\/\",\"url\":\"https:\\\/\\\/clair.si\\\/hr\\\/izdelek\\\/visenamjenska-podsedalnica-eskadron-glossy-heritage-s-s26-black-truffle\\\/\",\"name\":\"Vi\u0161enamjenska podsedalnica Eskadron Glossy Heritage S\\\/S26 Black Truffle - Clair\",\"isPartOf\":{\"@id\":\"https:\\\/\\\/clair.si\\\/#website\"},\"primaryImageOfPage\":{\"@id\":\"https:\\\/\\\/clair.si\\\/hr\\\/izdelek\\\/visenamjenska-podsedalnica-eskadron-glossy-heritage-s-s26-black-truffle\\\/#primaryimage\"},\"image\":{\"@id\":\"https:\\\/\\\/clair.si\\\/hr\\\/izdelek\\\/visenamjenska-podsedalnica-eskadron-glossy-heritage-s-s26-black-truffle\\\/#primaryimage\"},\"thumbnailUrl\":\"https:\\\/\\\/clair.si\\\/wp-content\\\/uploads\\\/2026\\\/02\\\/truffle-glossy-vs.webp\",\"datePublished\":\"2026-02-20T09:23:25+00:00\",\"description\":\"glossy materijal sa zlatnim detaljima lijepo pristaje ispod sedla\",\"breadcrumb\":{\"@id\":\"https:\\\/\\\/clair.si\\\/hr\\\/izdelek\\\/visenamjenska-podsedalnica-eskadron-glossy-heritage-s-s26-black-truffle\\\/#breadcrumb\"},\"inLanguage\":\"hr\",\"potentialAction\":[{\"@type\":\"ReadAction\",\"target\":[\"https:\\\/\\\/clair.si\\\/hr\\\/izdelek\\\/visenamjenska-podsedalnica-eskadron-glossy-heritage-s-s26-black-truffle\\\/\"]}]},{\"@type\":\"ImageObject\",\"inLanguage\":\"hr\",\"@id\":\"https:\\\/\\\/clair.si\\\/hr\\\/izdelek\\\/visenamjenska-podsedalnica-eskadron-glossy-heritage-s-s26-black-truffle\\\/#primaryimage\",\"url\":\"https:\\\/\\\/clair.si\\\/wp-content\\\/uploads\\\/2026\\\/02\\\/truffle-glossy-vs.webp\",\"contentUrl\":\"https:\\\/\\\/clair.si\\\/wp-content\\\/uploads\\\/2026\\\/02\\\/truffle-glossy-vs.webp\",\"width\":1000,\"height\":1000},{\"@type\":\"BreadcrumbList\",\"@id\":\"https:\\\/\\\/clair.si\\\/hr\\\/izdelek\\\/visenamjenska-podsedalnica-eskadron-glossy-heritage-s-s26-black-truffle\\\/#breadcrumb\",\"itemListElement\":[{\"@type\":\"ListItem\",\"position\":1,\"name\":\"Home\",\"item\":\"https:\\\/\\\/clair.si\\\/hr\\\/\"},{\"@type\":\"ListItem\",\"position\":2,\"name\":\"Trgovina\",\"item\":\"https:\\\/\\\/clair.si\\\/trgovina\\\/\"},{\"@type\":\"ListItem\",\"position\":3,\"name\":\"Vi\u0161enamjenska podsedalnica Eskadron Glossy Heritage S\\\/S26 Black Truffle\"}]},{\"@type\":\"WebSite\",\"@id\":\"https:\\\/\\\/clair.si\\\/#website\",\"url\":\"https:\\\/\\\/clair.si\\\/\",\"name\":\"Clair\",\"description\":\"Trgovina s konjeni\u0161ko opremo\",\"publisher\":{\"@id\":\"https:\\\/\\\/clair.si\\\/#organization\"},\"potentialAction\":[{\"@type\":\"SearchAction\",\"target\":{\"@type\":\"EntryPoint\",\"urlTemplate\":\"https:\\\/\\\/clair.si\\\/?s={search_term_string}\"},\"query-input\":{\"@type\":\"PropertyValueSpecification\",\"valueRequired\":true,\"valueName\":\"search_term_string\"}}],\"inLanguage\":\"hr\"},{\"@type\":\"Organization\",\"@id\":\"https:\\\/\\\/clair.si\\\/#organization\",\"name\":\"Clair\",\"url\":\"https:\\\/\\\/clair.si\\\/\",\"logo\":{\"@type\":\"ImageObject\",\"inLanguage\":\"hr\",\"@id\":\"https:\\\/\\\/clair.si\\\/#\\\/schema\\\/logo\\\/image\\\/\",\"url\":\"https:\\\/\\\/clair.si\\\/wp-content\\\/uploads\\\/2022\\\/11\\\/clair_logo_2022.jpg\",\"contentUrl\":\"https:\\\/\\\/clair.si\\\/wp-content\\\/uploads\\\/2022\\\/11\\\/clair_logo_2022.jpg\",\"width\":1920,\"height\":1920,\"caption\":\"Clair\"},\"image\":{\"@id\":\"https:\\\/\\\/clair.si\\\/#\\\/schema\\\/logo\\\/image\\\/\"},\"sameAs\":[\"https:\\\/\\\/www.facebook.com\\\/TrgovinaClair\\\/\"]}]}<\/script>\n<!-- \/ Yoast SEO plugin. -->","yoast_head_json":{"title":"Vi\u0161enamjenska podsedalnica Eskadron Glossy Heritage S\/S26 Black Truffle - Clair","description":"glossy materijal  sa zlatnim detaljima  lijepo pristaje ispod sedla","robots":{"index":"index","follow":"follow","max-snippet":"max-snippet:-1","max-image-preview":"max-image-preview:large","max-video-preview":"max-video-preview:-1"},"canonical":"https:\/\/clair.si\/hr\/izdelek\/visenamjenska-podsedalnica-eskadron-glossy-heritage-s-s26-black-truffle\/","og_locale":"hr_HR","og_type":"article","og_title":"Vi\u0161enamjenska podsedalnica Eskadron Glossy Heritage S\/S26 Black Truffle - Clair","og_description":"glossy materijal  sa zlatnim detaljima  lijepo pristaje ispod sedla","og_url":"https:\/\/clair.si\/hr\/izdelek\/visenamjenska-podsedalnica-eskadron-glossy-heritage-s-s26-black-truffle\/","og_site_name":"Clair","article_publisher":"https:\/\/www.facebook.com\/TrgovinaClair\/","og_image":[{"width":1000,"height":1000,"url":"https:\/\/clair.si\/wp-content\/uploads\/2026\/02\/truffle-glossy-vs.webp","type":"image\/jpeg"}],"twitter_card":"summary_large_image","twitter_misc":{"Procijenjeno vrijeme \u010ditanja":"1 minuta"},"schema":{"@context":"https:\/\/schema.org","@graph":[{"@type":"WebPage","@id":"https:\/\/clair.si\/hr\/izdelek\/visenamjenska-podsedalnica-eskadron-glossy-heritage-s-s26-black-truffle\/","url":"https:\/\/clair.si\/hr\/izdelek\/visenamjenska-podsedalnica-eskadron-glossy-heritage-s-s26-black-truffle\/","name":"Vi\u0161enamjenska podsedalnica Eskadron Glossy Heritage S\/S26 Black Truffle - Clair","isPartOf":{"@id":"https:\/\/clair.si\/#website"},"primaryImageOfPage":{"@id":"https:\/\/clair.si\/hr\/izdelek\/visenamjenska-podsedalnica-eskadron-glossy-heritage-s-s26-black-truffle\/#primaryimage"},"image":{"@id":"https:\/\/clair.si\/hr\/izdelek\/visenamjenska-podsedalnica-eskadron-glossy-heritage-s-s26-black-truffle\/#primaryimage"},"thumbnailUrl":"https:\/\/clair.si\/wp-content\/uploads\/2026\/02\/truffle-glossy-vs.webp","datePublished":"2026-02-20T09:23:25+00:00","description":"glossy materijal sa zlatnim detaljima lijepo pristaje ispod sedla","breadcrumb":{"@id":"https:\/\/clair.si\/hr\/izdelek\/visenamjenska-podsedalnica-eskadron-glossy-heritage-s-s26-black-truffle\/#breadcrumb"},"inLanguage":"hr","potentialAction":[{"@type":"ReadAction","target":["https:\/\/clair.si\/hr\/izdelek\/visenamjenska-podsedalnica-eskadron-glossy-heritage-s-s26-black-truffle\/"]}]},{"@type":"ImageObject","inLanguage":"hr","@id":"https:\/\/clair.si\/hr\/izdelek\/visenamjenska-podsedalnica-eskadron-glossy-heritage-s-s26-black-truffle\/#primaryimage","url":"https:\/\/clair.si\/wp-content\/uploads\/2026\/02\/truffle-glossy-vs.webp","contentUrl":"https:\/\/clair.si\/wp-content\/uploads\/2026\/02\/truffle-glossy-vs.webp","width":1000,"height":1000},{"@type":"BreadcrumbList","@id":"https:\/\/clair.si\/hr\/izdelek\/visenamjenska-podsedalnica-eskadron-glossy-heritage-s-s26-black-truffle\/#breadcrumb","itemListElement":[{"@type":"ListItem","position":1,"name":"Home","item":"https:\/\/clair.si\/hr\/"},{"@type":"ListItem","position":2,"name":"Trgovina","item":"https:\/\/clair.si\/trgovina\/"},{"@type":"ListItem","position":3,"name":"Vi\u0161enamjenska podsedalnica Eskadron Glossy Heritage S\/S26 Black Truffle"}]},{"@type":"WebSite","@id":"https:\/\/clair.si\/#website","url":"https:\/\/clair.si\/","name":"Clair","description":"Trgovina s konjeni\u0161ko opremo","publisher":{"@id":"https:\/\/clair.si\/#organization"},"potentialAction":[{"@type":"SearchAction","target":{"@type":"EntryPoint","urlTemplate":"https:\/\/clair.si\/?s={search_term_string}"},"query-input":{"@type":"PropertyValueSpecification","valueRequired":true,"valueName":"search_term_string"}}],"inLanguage":"hr"},{"@type":"Organization","@id":"https:\/\/clair.si\/#organization","name":"Clair","url":"https:\/\/clair.si\/","logo":{"@type":"ImageObject","inLanguage":"hr","@id":"https:\/\/clair.si\/#\/schema\/logo\/image\/","url":"https:\/\/clair.si\/wp-content\/uploads\/2022\/11\/clair_logo_2022.jpg","contentUrl":"https:\/\/clair.si\/wp-content\/uploads\/2022\/11\/clair_logo_2022.jpg","width":1920,"height":1920,"caption":"Clair"},"image":{"@id":"https:\/\/clair.si\/#\/schema\/logo\/image\/"},"sameAs":["https:\/\/www.facebook.com\/TrgovinaClair\/"]}]}},"_links":{"self":[{"href":"https:\/\/clair.si\/hr\/wp-json\/wp\/v2\/product\/131823","targetHints":{"allow":["GET"]}}],"collection":[{"href":"https:\/\/clair.si\/hr\/wp-json\/wp\/v2\/product"}],"about":[{"href":"https:\/\/clair.si\/hr\/wp-json\/wp\/v2\/types\/product"}],"version-history":[{"count":0,"href":"https:\/\/clair.si\/hr\/wp-json\/wp\/v2\/product\/131823\/revisions"}],"wp:featuredmedia":[{"embeddable":true,"href":"https:\/\/clair.si\/hr\/wp-json\/wp\/v2\/media\/131046"}],"wp:attachment":[{"href":"https:\/\/clair.si\/hr\/wp-json\/wp\/v2\/media?parent=131823"}],"wp:term":[{"taxonomy":"product_brand","embeddable":true,"href":"https:\/\/clair.si\/hr\/wp-json\/wp\/v2\/product_brand?post=131823"},{"taxonomy":"product_cat","embeddable":true,"href":"https:\/\/clair.si\/hr\/wp-json\/wp\/v2\/product_cat?post=131823"},{"taxonomy":"product_tag","embeddable":true,"href":"https:\/\/clair.si\/hr\/wp-json\/wp\/v2\/product_tag?post=131823"}],"curies":[{"name":"wp","href":"https:\/\/api.w.org\/{rel}","templated":true}]}}