{"id":133453,"date":"2026-03-12T13:21:51","date_gmt":"2026-03-12T12:21:51","guid":{"rendered":"https:\/\/clair.si\/izdelek\/tekucina-za-kozu-effol-boot-miracle\/"},"modified":"2026-04-09T09:23:29","modified_gmt":"2026-04-09T07:23:29","slug":"tekucina-za-kozu-effol-boot-miracle","status":"publish","type":"product","link":"https:\/\/clair.si\/hr\/izdelek\/tekucina-za-kozu-effol-boot-miracle\/","title":{"rendered":"Teku\u0107ina za ko\u017eu Effol Boot Miracle"},"content":{"rendered":"<p class=\"font-claude-response-body break-words whitespace-normal leading-[1.7]\">Effax Boot Miracle je vi\u0161enamjensko sredstvo za \u010di\u0161\u0107enje i odr\u017eavanje jaha\u010dke opreme od sinteti\u010dkih materijala, lakiranih ko\u017enih povr\u0161ina i gume. Jednostavnim raspr\u0161iva\u010dem uklanja tvrdokornu prljav\u0161tinu, blato i mrlje te povr\u0161ini pru\u017ea dugotrajan vodoodbojan u\u010dinak koji je \u0161titi od prljav\u0161tine, vlage i habanja.<\/p>\n<p class=\"font-claude-response-body break-words whitespace-normal leading-[1.7]\">Redovitim \u010di\u0161\u0107enjem s Boot Miracleom postupno se vra\u0107a dubina boje, a materijalu svje\u017e, njegovan izgled. Gama\u0161e, \u0161titnici i lakirani proizvodi za uzde izgledaju kao novi. Posebno preporu\u010dujemo da novi jaha\u010dki materijal poprskate ve\u0107 prije prve uporabe \u2014 tako \u0107e vodoodbojni u\u010dinak biti prisutan od samog po\u010detka, a svako \u010di\u0161\u0107enje bit \u0107e znatno lak\u0161e.<\/p>\n<p class=\"font-claude-response-body break-words whitespace-normal leading-[1.7]\">Upute za uporabu: najprije s povr\u0161ine uklonite op\u0107u prljav\u0161tinu. Raspr\u0161iva\u010d nanesite na materijal i osu\u0161ite mekom krpom. Koristite u dobro prozra\u010denom prostoru. 250 ml.<\/p>\n","protected":false},"excerpt":{"rendered":"<ul>\n<li>prikladno za sinteti\u010dke \u010dizme<\/li>\n<\/ul>\n","protected":false},"featured_media":133169,"template":"","meta":{"footnotes":""},"product_brand":[],"product_cat":[5867,5627],"product_tag":[],"class_list":{"0":"post-133453","1":"product","2":"type-product","3":"status-publish","4":"has-post-thumbnail","6":"product_cat-njega-koze","7":"product_cat-stala-i-pasnjak","9":"first","10":"instock","11":"shipping-taxable","12":"purchasable","13":"product-type-simple"},"yoast_head":"<!-- This site is optimized with the Yoast SEO plugin v27.3 - https:\/\/yoast.com\/product\/yoast-seo-wordpress\/ -->\n<title>Teku\u0107ina za ko\u017eu Effol Boot Miracle - Clair<\/title>\n<meta name=\"description\" content=\"prikladno za sinteti\u010dke \u010dizme\" \/>\n<meta name=\"robots\" content=\"index, follow, max-snippet:-1, max-image-preview:large, max-video-preview:-1\" \/>\n<link rel=\"canonical\" href=\"https:\/\/clair.si\/hr\/izdelek\/tekucina-za-kozu-effol-boot-miracle\/\" \/>\n<meta property=\"og:locale\" content=\"hr_HR\" \/>\n<meta property=\"og:type\" content=\"article\" \/>\n<meta property=\"og:title\" content=\"Teku\u0107ina za ko\u017eu Effol Boot Miracle - Clair\" \/>\n<meta property=\"og:description\" content=\"prikladno za sinteti\u010dke \u010dizme\" \/>\n<meta property=\"og:url\" content=\"https:\/\/clair.si\/hr\/izdelek\/tekucina-za-kozu-effol-boot-miracle\/\" \/>\n<meta property=\"og:site_name\" content=\"Clair\" \/>\n<meta property=\"article:publisher\" content=\"https:\/\/www.facebook.com\/TrgovinaClair\/\" \/>\n<meta property=\"article:modified_time\" content=\"2026-04-09T07:23:29+00:00\" \/>\n<meta property=\"og:image\" content=\"https:\/\/clair.si\/wp-content\/uploads\/2026\/03\/Untitled-design-18.webp\" \/>\n\t<meta property=\"og:image:width\" content=\"700\" \/>\n\t<meta property=\"og:image:height\" content=\"700\" \/>\n\t<meta property=\"og:image:type\" content=\"image\/jpeg\" \/>\n<meta name=\"twitter:card\" content=\"summary_large_image\" \/>\n<meta name=\"twitter:label1\" content=\"Procijenjeno vrijeme \u010ditanja\" \/>\n\t<meta name=\"twitter:data1\" content=\"1 minuta\" \/>\n<script type=\"application\/ld+json\" class=\"yoast-schema-graph\">{\"@context\":\"https:\\\/\\\/schema.org\",\"@graph\":[{\"@type\":\"WebPage\",\"@id\":\"https:\\\/\\\/clair.si\\\/hr\\\/izdelek\\\/tekucina-za-kozu-effol-boot-miracle\\\/\",\"url\":\"https:\\\/\\\/clair.si\\\/hr\\\/izdelek\\\/tekucina-za-kozu-effol-boot-miracle\\\/\",\"name\":\"Teku\u0107ina za ko\u017eu Effol Boot Miracle - Clair\",\"isPartOf\":{\"@id\":\"https:\\\/\\\/clair.si\\\/#website\"},\"primaryImageOfPage\":{\"@id\":\"https:\\\/\\\/clair.si\\\/hr\\\/izdelek\\\/tekucina-za-kozu-effol-boot-miracle\\\/#primaryimage\"},\"image\":{\"@id\":\"https:\\\/\\\/clair.si\\\/hr\\\/izdelek\\\/tekucina-za-kozu-effol-boot-miracle\\\/#primaryimage\"},\"thumbnailUrl\":\"https:\\\/\\\/clair.si\\\/wp-content\\\/uploads\\\/2026\\\/03\\\/Untitled-design-18.webp\",\"datePublished\":\"2026-03-12T12:21:51+00:00\",\"dateModified\":\"2026-04-09T07:23:29+00:00\",\"description\":\"prikladno za sinteti\u010dke \u010dizme\",\"breadcrumb\":{\"@id\":\"https:\\\/\\\/clair.si\\\/hr\\\/izdelek\\\/tekucina-za-kozu-effol-boot-miracle\\\/#breadcrumb\"},\"inLanguage\":\"hr\",\"potentialAction\":[{\"@type\":\"ReadAction\",\"target\":[\"https:\\\/\\\/clair.si\\\/hr\\\/izdelek\\\/tekucina-za-kozu-effol-boot-miracle\\\/\"]}]},{\"@type\":\"ImageObject\",\"inLanguage\":\"hr\",\"@id\":\"https:\\\/\\\/clair.si\\\/hr\\\/izdelek\\\/tekucina-za-kozu-effol-boot-miracle\\\/#primaryimage\",\"url\":\"https:\\\/\\\/clair.si\\\/wp-content\\\/uploads\\\/2026\\\/03\\\/Untitled-design-18.webp\",\"contentUrl\":\"https:\\\/\\\/clair.si\\\/wp-content\\\/uploads\\\/2026\\\/03\\\/Untitled-design-18.webp\",\"width\":700,\"height\":700},{\"@type\":\"BreadcrumbList\",\"@id\":\"https:\\\/\\\/clair.si\\\/hr\\\/izdelek\\\/tekucina-za-kozu-effol-boot-miracle\\\/#breadcrumb\",\"itemListElement\":[{\"@type\":\"ListItem\",\"position\":1,\"name\":\"Home\",\"item\":\"https:\\\/\\\/clair.si\\\/hr\\\/\"},{\"@type\":\"ListItem\",\"position\":2,\"name\":\"Trgovina\",\"item\":\"https:\\\/\\\/clair.si\\\/trgovina\\\/\"},{\"@type\":\"ListItem\",\"position\":3,\"name\":\"Teku\u0107ina za ko\u017eu Effol Boot Miracle\"}]},{\"@type\":\"WebSite\",\"@id\":\"https:\\\/\\\/clair.si\\\/#website\",\"url\":\"https:\\\/\\\/clair.si\\\/\",\"name\":\"Clair\",\"description\":\"Trgovina s konjeni\u0161ko opremo\",\"publisher\":{\"@id\":\"https:\\\/\\\/clair.si\\\/#organization\"},\"potentialAction\":[{\"@type\":\"SearchAction\",\"target\":{\"@type\":\"EntryPoint\",\"urlTemplate\":\"https:\\\/\\\/clair.si\\\/?s={search_term_string}\"},\"query-input\":{\"@type\":\"PropertyValueSpecification\",\"valueRequired\":true,\"valueName\":\"search_term_string\"}}],\"inLanguage\":\"hr\"},{\"@type\":\"Organization\",\"@id\":\"https:\\\/\\\/clair.si\\\/#organization\",\"name\":\"Clair\",\"url\":\"https:\\\/\\\/clair.si\\\/\",\"logo\":{\"@type\":\"ImageObject\",\"inLanguage\":\"hr\",\"@id\":\"https:\\\/\\\/clair.si\\\/#\\\/schema\\\/logo\\\/image\\\/\",\"url\":\"https:\\\/\\\/clair.si\\\/wp-content\\\/uploads\\\/2022\\\/11\\\/clair_logo_2022.jpg\",\"contentUrl\":\"https:\\\/\\\/clair.si\\\/wp-content\\\/uploads\\\/2022\\\/11\\\/clair_logo_2022.jpg\",\"width\":1920,\"height\":1920,\"caption\":\"Clair\"},\"image\":{\"@id\":\"https:\\\/\\\/clair.si\\\/#\\\/schema\\\/logo\\\/image\\\/\"},\"sameAs\":[\"https:\\\/\\\/www.facebook.com\\\/TrgovinaClair\\\/\"]}]}<\/script>\n<!-- \/ Yoast SEO plugin. -->","yoast_head_json":{"title":"Teku\u0107ina za ko\u017eu Effol Boot Miracle - Clair","description":"prikladno za sinteti\u010dke \u010dizme","robots":{"index":"index","follow":"follow","max-snippet":"max-snippet:-1","max-image-preview":"max-image-preview:large","max-video-preview":"max-video-preview:-1"},"canonical":"https:\/\/clair.si\/hr\/izdelek\/tekucina-za-kozu-effol-boot-miracle\/","og_locale":"hr_HR","og_type":"article","og_title":"Teku\u0107ina za ko\u017eu Effol Boot Miracle - Clair","og_description":"prikladno za sinteti\u010dke \u010dizme","og_url":"https:\/\/clair.si\/hr\/izdelek\/tekucina-za-kozu-effol-boot-miracle\/","og_site_name":"Clair","article_publisher":"https:\/\/www.facebook.com\/TrgovinaClair\/","article_modified_time":"2026-04-09T07:23:29+00:00","og_image":[{"width":700,"height":700,"url":"https:\/\/clair.si\/wp-content\/uploads\/2026\/03\/Untitled-design-18.webp","type":"image\/jpeg"}],"twitter_card":"summary_large_image","twitter_misc":{"Procijenjeno vrijeme \u010ditanja":"1 minuta"},"schema":{"@context":"https:\/\/schema.org","@graph":[{"@type":"WebPage","@id":"https:\/\/clair.si\/hr\/izdelek\/tekucina-za-kozu-effol-boot-miracle\/","url":"https:\/\/clair.si\/hr\/izdelek\/tekucina-za-kozu-effol-boot-miracle\/","name":"Teku\u0107ina za ko\u017eu Effol Boot Miracle - Clair","isPartOf":{"@id":"https:\/\/clair.si\/#website"},"primaryImageOfPage":{"@id":"https:\/\/clair.si\/hr\/izdelek\/tekucina-za-kozu-effol-boot-miracle\/#primaryimage"},"image":{"@id":"https:\/\/clair.si\/hr\/izdelek\/tekucina-za-kozu-effol-boot-miracle\/#primaryimage"},"thumbnailUrl":"https:\/\/clair.si\/wp-content\/uploads\/2026\/03\/Untitled-design-18.webp","datePublished":"2026-03-12T12:21:51+00:00","dateModified":"2026-04-09T07:23:29+00:00","description":"prikladno za sinteti\u010dke \u010dizme","breadcrumb":{"@id":"https:\/\/clair.si\/hr\/izdelek\/tekucina-za-kozu-effol-boot-miracle\/#breadcrumb"},"inLanguage":"hr","potentialAction":[{"@type":"ReadAction","target":["https:\/\/clair.si\/hr\/izdelek\/tekucina-za-kozu-effol-boot-miracle\/"]}]},{"@type":"ImageObject","inLanguage":"hr","@id":"https:\/\/clair.si\/hr\/izdelek\/tekucina-za-kozu-effol-boot-miracle\/#primaryimage","url":"https:\/\/clair.si\/wp-content\/uploads\/2026\/03\/Untitled-design-18.webp","contentUrl":"https:\/\/clair.si\/wp-content\/uploads\/2026\/03\/Untitled-design-18.webp","width":700,"height":700},{"@type":"BreadcrumbList","@id":"https:\/\/clair.si\/hr\/izdelek\/tekucina-za-kozu-effol-boot-miracle\/#breadcrumb","itemListElement":[{"@type":"ListItem","position":1,"name":"Home","item":"https:\/\/clair.si\/hr\/"},{"@type":"ListItem","position":2,"name":"Trgovina","item":"https:\/\/clair.si\/trgovina\/"},{"@type":"ListItem","position":3,"name":"Teku\u0107ina za ko\u017eu Effol Boot Miracle"}]},{"@type":"WebSite","@id":"https:\/\/clair.si\/#website","url":"https:\/\/clair.si\/","name":"Clair","description":"Trgovina s konjeni\u0161ko opremo","publisher":{"@id":"https:\/\/clair.si\/#organization"},"potentialAction":[{"@type":"SearchAction","target":{"@type":"EntryPoint","urlTemplate":"https:\/\/clair.si\/?s={search_term_string}"},"query-input":{"@type":"PropertyValueSpecification","valueRequired":true,"valueName":"search_term_string"}}],"inLanguage":"hr"},{"@type":"Organization","@id":"https:\/\/clair.si\/#organization","name":"Clair","url":"https:\/\/clair.si\/","logo":{"@type":"ImageObject","inLanguage":"hr","@id":"https:\/\/clair.si\/#\/schema\/logo\/image\/","url":"https:\/\/clair.si\/wp-content\/uploads\/2022\/11\/clair_logo_2022.jpg","contentUrl":"https:\/\/clair.si\/wp-content\/uploads\/2022\/11\/clair_logo_2022.jpg","width":1920,"height":1920,"caption":"Clair"},"image":{"@id":"https:\/\/clair.si\/#\/schema\/logo\/image\/"},"sameAs":["https:\/\/www.facebook.com\/TrgovinaClair\/"]}]}},"_links":{"self":[{"href":"https:\/\/clair.si\/hr\/wp-json\/wp\/v2\/product\/133453","targetHints":{"allow":["GET"]}}],"collection":[{"href":"https:\/\/clair.si\/hr\/wp-json\/wp\/v2\/product"}],"about":[{"href":"https:\/\/clair.si\/hr\/wp-json\/wp\/v2\/types\/product"}],"version-history":[{"count":2,"href":"https:\/\/clair.si\/hr\/wp-json\/wp\/v2\/product\/133453\/revisions"}],"predecessor-version":[{"id":133862,"href":"https:\/\/clair.si\/hr\/wp-json\/wp\/v2\/product\/133453\/revisions\/133862"}],"wp:featuredmedia":[{"embeddable":true,"href":"https:\/\/clair.si\/hr\/wp-json\/wp\/v2\/media\/133169"}],"wp:attachment":[{"href":"https:\/\/clair.si\/hr\/wp-json\/wp\/v2\/media?parent=133453"}],"wp:term":[{"taxonomy":"product_brand","embeddable":true,"href":"https:\/\/clair.si\/hr\/wp-json\/wp\/v2\/product_brand?post=133453"},{"taxonomy":"product_cat","embeddable":true,"href":"https:\/\/clair.si\/hr\/wp-json\/wp\/v2\/product_cat?post=133453"},{"taxonomy":"product_tag","embeddable":true,"href":"https:\/\/clair.si\/hr\/wp-json\/wp\/v2\/product_tag?post=133453"}],"curies":[{"name":"wp","href":"https:\/\/api.w.org\/{rel}","templated":true}]}}