{"id":135980,"date":"2026-03-18T10:13:03","date_gmt":"2026-03-18T09:13:03","guid":{"rendered":"https:\/\/clair.si\/izdelek\/mreza-za-sijeno-h-t-mrkva\/"},"modified":"2026-03-18T10:13:03","modified_gmt":"2026-03-18T09:13:03","slug":"mreza-za-sijeno-h-t-mrkva","status":"publish","type":"product","link":"https:\/\/clair.si\/hr\/izdelek\/mreza-za-sijeno-h-t-mrkva\/","title":{"rendered":"Mre\u017ea za sijeno H-T mrkva"},"content":{"rendered":"<p class=\"font-claude-response-body break-words whitespace-normal leading-[1.7]\">Mre\u017ea za sijeno H-T u obliku mrkve zabavan je i domi\u0161ljat dodatak za konjski boks ili pa\u0161njak, koji konja zabavlja i istovremeno poti\u010de sporo hranjenje. Sporo hranjenje va\u017eno je za zdravlje probavnog sustava \u2014 smanjuje rizik od kolika i dosade u boksu. <\/p>\n<p class=\"font-claude-response-body break-words whitespace-normal leading-[1.7]\">Mre\u017ea ima otvor na vrhu, koji omogu\u0107uje jednostavno i brzo punjenje sijenom. Dvije vezice omogu\u0107uju pri\u010dvr\u0161\u0107ivanje karabinima ili izravno vje\u0161anje na kuku ili ogradu, \u0161to pru\u017ea fleksibilnost pri postavljanju. Veli\u010dina mre\u017enih otvora iznosi 6 cm u promjeru. Nakon upotrebe lako se \u010disti.   <\/p>\n","protected":false},"excerpt":{"rendered":"<ul>\n<li>duljine 120 cm<\/li>\n<li>rupe 6 cm<\/li>\n<li>dodana vezica za zatvaranje<\/li>\n<\/ul>\n","protected":false},"featured_media":133794,"template":"","meta":{"footnotes":""},"product_brand":[],"product_cat":[5756,5824,5627],"product_tag":[],"class_list":{"0":"post-135980","1":"product","2":"type-product","3":"status-publish","4":"has-post-thumbnail","6":"product_cat-dodaci-za-stalu","7":"product_cat-hranilice","8":"product_cat-stala-i-pasnjak","10":"first","11":"instock","12":"sale","13":"shipping-taxable","14":"purchasable","15":"product-type-simple"},"yoast_head":"<!-- This site is optimized with the Yoast SEO plugin v27.4 - https:\/\/yoast.com\/product\/yoast-seo-wordpress\/ -->\n<title>Mre\u017ea za sijeno H-T mrkva - Clair<\/title>\n<meta name=\"description\" content=\"duljine 120 cm  rupe 6 cm  dodana vezica za zatvaranje\" \/>\n<meta name=\"robots\" content=\"index, follow, max-snippet:-1, max-image-preview:large, max-video-preview:-1\" \/>\n<link rel=\"canonical\" href=\"https:\/\/clair.si\/hr\/izdelek\/mreza-za-sijeno-h-t-mrkva\/\" \/>\n<meta property=\"og:locale\" content=\"hr_HR\" \/>\n<meta property=\"og:type\" content=\"article\" \/>\n<meta property=\"og:title\" content=\"Mre\u017ea za sijeno H-T mrkva - Clair\" \/>\n<meta property=\"og:description\" content=\"duljine 120 cm  rupe 6 cm  dodana vezica za zatvaranje\" \/>\n<meta property=\"og:url\" content=\"https:\/\/clair.si\/hr\/izdelek\/mreza-za-sijeno-h-t-mrkva\/\" \/>\n<meta property=\"og:site_name\" content=\"Clair\" \/>\n<meta property=\"article:publisher\" content=\"https:\/\/www.facebook.com\/TrgovinaClair\/\" \/>\n<meta property=\"og:image\" content=\"https:\/\/clair.si\/wp-content\/uploads\/2026\/03\/mreza-za-seno-korencek.webp\" \/>\n\t<meta property=\"og:image:width\" content=\"800\" \/>\n\t<meta property=\"og:image:height\" content=\"800\" \/>\n\t<meta property=\"og:image:type\" content=\"image\/jpeg\" \/>\n<meta name=\"twitter:card\" content=\"summary_large_image\" \/>\n<script type=\"application\/ld+json\" class=\"yoast-schema-graph\">{\"@context\":\"https:\\\/\\\/schema.org\",\"@graph\":[{\"@type\":\"WebPage\",\"@id\":\"https:\\\/\\\/clair.si\\\/hr\\\/izdelek\\\/mreza-za-sijeno-h-t-mrkva\\\/\",\"url\":\"https:\\\/\\\/clair.si\\\/hr\\\/izdelek\\\/mreza-za-sijeno-h-t-mrkva\\\/\",\"name\":\"Mre\u017ea za sijeno H-T mrkva - Clair\",\"isPartOf\":{\"@id\":\"https:\\\/\\\/clair.si\\\/#website\"},\"primaryImageOfPage\":{\"@id\":\"https:\\\/\\\/clair.si\\\/hr\\\/izdelek\\\/mreza-za-sijeno-h-t-mrkva\\\/#primaryimage\"},\"image\":{\"@id\":\"https:\\\/\\\/clair.si\\\/hr\\\/izdelek\\\/mreza-za-sijeno-h-t-mrkva\\\/#primaryimage\"},\"thumbnailUrl\":\"https:\\\/\\\/clair.si\\\/wp-content\\\/uploads\\\/2026\\\/03\\\/mreza-za-seno-korencek.webp\",\"datePublished\":\"2026-03-18T09:13:03+00:00\",\"description\":\"duljine 120 cm rupe 6 cm dodana vezica za zatvaranje\",\"breadcrumb\":{\"@id\":\"https:\\\/\\\/clair.si\\\/hr\\\/izdelek\\\/mreza-za-sijeno-h-t-mrkva\\\/#breadcrumb\"},\"inLanguage\":\"hr\",\"potentialAction\":[{\"@type\":\"ReadAction\",\"target\":[\"https:\\\/\\\/clair.si\\\/hr\\\/izdelek\\\/mreza-za-sijeno-h-t-mrkva\\\/\"]}]},{\"@type\":\"ImageObject\",\"inLanguage\":\"hr\",\"@id\":\"https:\\\/\\\/clair.si\\\/hr\\\/izdelek\\\/mreza-za-sijeno-h-t-mrkva\\\/#primaryimage\",\"url\":\"https:\\\/\\\/clair.si\\\/wp-content\\\/uploads\\\/2026\\\/03\\\/mreza-za-seno-korencek.webp\",\"contentUrl\":\"https:\\\/\\\/clair.si\\\/wp-content\\\/uploads\\\/2026\\\/03\\\/mreza-za-seno-korencek.webp\",\"width\":800,\"height\":800},{\"@type\":\"BreadcrumbList\",\"@id\":\"https:\\\/\\\/clair.si\\\/hr\\\/izdelek\\\/mreza-za-sijeno-h-t-mrkva\\\/#breadcrumb\",\"itemListElement\":[{\"@type\":\"ListItem\",\"position\":1,\"name\":\"Home\",\"item\":\"https:\\\/\\\/clair.si\\\/hr\\\/\"},{\"@type\":\"ListItem\",\"position\":2,\"name\":\"Trgovina\",\"item\":\"https:\\\/\\\/clair.si\\\/trgovina\\\/\"},{\"@type\":\"ListItem\",\"position\":3,\"name\":\"Mre\u017ea za sijeno H-T mrkva\"}]},{\"@type\":\"WebSite\",\"@id\":\"https:\\\/\\\/clair.si\\\/#website\",\"url\":\"https:\\\/\\\/clair.si\\\/\",\"name\":\"Clair\",\"description\":\"Trgovina s konjeni\u0161ko opremo\",\"publisher\":{\"@id\":\"https:\\\/\\\/clair.si\\\/#organization\"},\"potentialAction\":[{\"@type\":\"SearchAction\",\"target\":{\"@type\":\"EntryPoint\",\"urlTemplate\":\"https:\\\/\\\/clair.si\\\/?s={search_term_string}\"},\"query-input\":{\"@type\":\"PropertyValueSpecification\",\"valueRequired\":true,\"valueName\":\"search_term_string\"}}],\"inLanguage\":\"hr\"},{\"@type\":\"Organization\",\"@id\":\"https:\\\/\\\/clair.si\\\/#organization\",\"name\":\"Clair\",\"url\":\"https:\\\/\\\/clair.si\\\/\",\"logo\":{\"@type\":\"ImageObject\",\"inLanguage\":\"hr\",\"@id\":\"https:\\\/\\\/clair.si\\\/#\\\/schema\\\/logo\\\/image\\\/\",\"url\":\"https:\\\/\\\/clair.si\\\/wp-content\\\/uploads\\\/2022\\\/11\\\/clair_logo_2022.jpg\",\"contentUrl\":\"https:\\\/\\\/clair.si\\\/wp-content\\\/uploads\\\/2022\\\/11\\\/clair_logo_2022.jpg\",\"width\":1920,\"height\":1920,\"caption\":\"Clair\"},\"image\":{\"@id\":\"https:\\\/\\\/clair.si\\\/#\\\/schema\\\/logo\\\/image\\\/\"},\"sameAs\":[\"https:\\\/\\\/www.facebook.com\\\/TrgovinaClair\\\/\"]}]}<\/script>\n<!-- \/ Yoast SEO plugin. -->","yoast_head_json":{"title":"Mre\u017ea za sijeno H-T mrkva - Clair","description":"duljine 120 cm  rupe 6 cm  dodana vezica za zatvaranje","robots":{"index":"index","follow":"follow","max-snippet":"max-snippet:-1","max-image-preview":"max-image-preview:large","max-video-preview":"max-video-preview:-1"},"canonical":"https:\/\/clair.si\/hr\/izdelek\/mreza-za-sijeno-h-t-mrkva\/","og_locale":"hr_HR","og_type":"article","og_title":"Mre\u017ea za sijeno H-T mrkva - Clair","og_description":"duljine 120 cm  rupe 6 cm  dodana vezica za zatvaranje","og_url":"https:\/\/clair.si\/hr\/izdelek\/mreza-za-sijeno-h-t-mrkva\/","og_site_name":"Clair","article_publisher":"https:\/\/www.facebook.com\/TrgovinaClair\/","og_image":[{"width":800,"height":800,"url":"https:\/\/clair.si\/wp-content\/uploads\/2026\/03\/mreza-za-seno-korencek.webp","type":"image\/jpeg"}],"twitter_card":"summary_large_image","schema":{"@context":"https:\/\/schema.org","@graph":[{"@type":"WebPage","@id":"https:\/\/clair.si\/hr\/izdelek\/mreza-za-sijeno-h-t-mrkva\/","url":"https:\/\/clair.si\/hr\/izdelek\/mreza-za-sijeno-h-t-mrkva\/","name":"Mre\u017ea za sijeno H-T mrkva - Clair","isPartOf":{"@id":"https:\/\/clair.si\/#website"},"primaryImageOfPage":{"@id":"https:\/\/clair.si\/hr\/izdelek\/mreza-za-sijeno-h-t-mrkva\/#primaryimage"},"image":{"@id":"https:\/\/clair.si\/hr\/izdelek\/mreza-za-sijeno-h-t-mrkva\/#primaryimage"},"thumbnailUrl":"https:\/\/clair.si\/wp-content\/uploads\/2026\/03\/mreza-za-seno-korencek.webp","datePublished":"2026-03-18T09:13:03+00:00","description":"duljine 120 cm rupe 6 cm dodana vezica za zatvaranje","breadcrumb":{"@id":"https:\/\/clair.si\/hr\/izdelek\/mreza-za-sijeno-h-t-mrkva\/#breadcrumb"},"inLanguage":"hr","potentialAction":[{"@type":"ReadAction","target":["https:\/\/clair.si\/hr\/izdelek\/mreza-za-sijeno-h-t-mrkva\/"]}]},{"@type":"ImageObject","inLanguage":"hr","@id":"https:\/\/clair.si\/hr\/izdelek\/mreza-za-sijeno-h-t-mrkva\/#primaryimage","url":"https:\/\/clair.si\/wp-content\/uploads\/2026\/03\/mreza-za-seno-korencek.webp","contentUrl":"https:\/\/clair.si\/wp-content\/uploads\/2026\/03\/mreza-za-seno-korencek.webp","width":800,"height":800},{"@type":"BreadcrumbList","@id":"https:\/\/clair.si\/hr\/izdelek\/mreza-za-sijeno-h-t-mrkva\/#breadcrumb","itemListElement":[{"@type":"ListItem","position":1,"name":"Home","item":"https:\/\/clair.si\/hr\/"},{"@type":"ListItem","position":2,"name":"Trgovina","item":"https:\/\/clair.si\/trgovina\/"},{"@type":"ListItem","position":3,"name":"Mre\u017ea za sijeno H-T mrkva"}]},{"@type":"WebSite","@id":"https:\/\/clair.si\/#website","url":"https:\/\/clair.si\/","name":"Clair","description":"Trgovina s konjeni\u0161ko opremo","publisher":{"@id":"https:\/\/clair.si\/#organization"},"potentialAction":[{"@type":"SearchAction","target":{"@type":"EntryPoint","urlTemplate":"https:\/\/clair.si\/?s={search_term_string}"},"query-input":{"@type":"PropertyValueSpecification","valueRequired":true,"valueName":"search_term_string"}}],"inLanguage":"hr"},{"@type":"Organization","@id":"https:\/\/clair.si\/#organization","name":"Clair","url":"https:\/\/clair.si\/","logo":{"@type":"ImageObject","inLanguage":"hr","@id":"https:\/\/clair.si\/#\/schema\/logo\/image\/","url":"https:\/\/clair.si\/wp-content\/uploads\/2022\/11\/clair_logo_2022.jpg","contentUrl":"https:\/\/clair.si\/wp-content\/uploads\/2022\/11\/clair_logo_2022.jpg","width":1920,"height":1920,"caption":"Clair"},"image":{"@id":"https:\/\/clair.si\/#\/schema\/logo\/image\/"},"sameAs":["https:\/\/www.facebook.com\/TrgovinaClair\/"]}]}},"_links":{"self":[{"href":"https:\/\/clair.si\/hr\/wp-json\/wp\/v2\/product\/135980","targetHints":{"allow":["GET"]}}],"collection":[{"href":"https:\/\/clair.si\/hr\/wp-json\/wp\/v2\/product"}],"about":[{"href":"https:\/\/clair.si\/hr\/wp-json\/wp\/v2\/types\/product"}],"version-history":[{"count":0,"href":"https:\/\/clair.si\/hr\/wp-json\/wp\/v2\/product\/135980\/revisions"}],"wp:featuredmedia":[{"embeddable":true,"href":"https:\/\/clair.si\/hr\/wp-json\/wp\/v2\/media\/133794"}],"wp:attachment":[{"href":"https:\/\/clair.si\/hr\/wp-json\/wp\/v2\/media?parent=135980"}],"wp:term":[{"taxonomy":"product_brand","embeddable":true,"href":"https:\/\/clair.si\/hr\/wp-json\/wp\/v2\/product_brand?post=135980"},{"taxonomy":"product_cat","embeddable":true,"href":"https:\/\/clair.si\/hr\/wp-json\/wp\/v2\/product_cat?post=135980"},{"taxonomy":"product_tag","embeddable":true,"href":"https:\/\/clair.si\/hr\/wp-json\/wp\/v2\/product_tag?post=135980"}],"curies":[{"name":"wp","href":"https:\/\/api.w.org\/{rel}","templated":true}]}}