{"id":135986,"date":"2026-03-17T15:37:03","date_gmt":"2026-03-17T14:37:03","guid":{"rendered":"https:\/\/clair.si\/izdelek\/kisni-ogrtac-e-t-saigon-pink\/"},"modified":"2026-04-19T09:15:25","modified_gmt":"2026-04-19T07:15:25","slug":"kisni-ogrtac-e-t-saigon-pink","status":"publish","type":"product","link":"https:\/\/clair.si\/hr\/izdelek\/kisni-ogrtac-e-t-saigon-pink\/","title":{"rendered":"Ki\u0161ni ogrta\u010d E-T Saigon pink"},"content":{"rendered":"<p class=\"font-claude-response-body break-words whitespace-normal leading-[1.7]\"><strong>Jaha\u0107i ki\u0161ni ogrta\u010d Saigon<\/strong> u ru\u017ei\u010dastoj boji kompaktan je i funkcionalan vodootporan ogrta\u010d koji pru\u017ea potpunu za\u0161titu od ki\u0161e tijekom jahanja. Izra\u0111en je od mekog, prozirnog poliestera presvu\u010denog PVC-om (100% PVC-coated polyester), koji je istovremeno lagan i izdr\u017eljiv. Zabrtvljena tkanina i \u0161avovi sprje\u010davaju prodor vlage, dok ventilacijske rupice ispod pazuha i otvor na stra\u017enjem preklopu osiguravaju optimalan protok zraka i sprje\u010davaju pregrijavanje.  <\/p>\n<p class=\"font-claude-response-body break-words whitespace-normal leading-[1.7]\">Ogrta\u010d je opremljen velikom kapulja\u010dom koja \u0161titi glavu i vrat, vodootpornim kop\u010danjem sprijeda te jednim d\u017eepom s patentnim zatvara\u010dem za ruke. Tiskani logotip zaokru\u017euje \u010dist i prepoznatljiv izgled. Prilo\u017eena torbica za pohranu omogu\u0107uje jednostavno spremanje i transport \u2014 idealno za jaha\u0107e izlete i natjecanja, gdje se vrijeme brzo mijenja.  <\/p>\n<p class=\"font-claude-response-body break-words whitespace-normal leading-[1.7]\"><strong>Materijal:<\/strong> 100% poliester presvu\u010den PVC-om<\/p>\n<p class=\"font-claude-response-body break-words whitespace-normal leading-[1.7]\"><strong>Njega:<\/strong> Isperite \u010distom vodom i uklonite mrlje vla\u017enom spu\u017evicom. Su\u0161ite na zraku, dalje od izvora topline. Ne perite u perilici rublja.   Ne su\u0161ite u su\u0161ilici rublja.<\/p>\n","protected":false},"excerpt":{"rendered":"<ul>\n<li>idealno za stylish izgled na natjecanjima \u2013 i po ki\u0161i<\/li>\n<li>prilo\u017eena torbica za pohranu<\/li>\n<\/ul>\n","protected":false},"featured_media":133736,"template":"","meta":{"footnotes":""},"product_brand":[],"product_cat":[5845,7053,5654,5657,5670,6025,5667,5945],"product_tag":[],"class_list":{"0":"post-135986","1":"product","2":"type-product","3":"status-publish","4":"has-post-thumbnail","6":"product_cat-djeca","7":"product_cat-djecje-jakne-i-prsluci","8":"product_cat-jahac-hr","9":"product_cat-kategorije-hr","10":"product_cat-natjecanja","11":"product_cat-natjecateljski-sakoi","12":"product_cat-zene","13":"product_cat-zenske-jakne-i-prsluci","15":"first","16":"instock","17":"sale","18":"featured","19":"shipping-taxable","20":"purchasable","21":"product-type-variable"},"yoast_head":"<!-- This site is optimized with the Yoast SEO plugin v27.4 - https:\/\/yoast.com\/product\/yoast-seo-wordpress\/ -->\n<title>Ki\u0161ni ogrta\u010d E-T Saigon pink - Clair<\/title>\n<meta name=\"description\" content=\"idealno za stylish izgled na natjecanjima \u2013 i po ki\u0161i  prilo\u017eena torbica za pohranu\" \/>\n<meta name=\"robots\" content=\"index, follow, max-snippet:-1, max-image-preview:large, max-video-preview:-1\" \/>\n<link rel=\"canonical\" href=\"https:\/\/clair.si\/hr\/izdelek\/kisni-ogrtac-e-t-saigon-pink\/\" \/>\n<meta property=\"og:locale\" content=\"hr_HR\" \/>\n<meta property=\"og:type\" content=\"article\" \/>\n<meta property=\"og:title\" content=\"Ki\u0161ni ogrta\u010d E-T Saigon pink - Clair\" \/>\n<meta property=\"og:description\" content=\"idealno za stylish izgled na natjecanjima \u2013 i po ki\u0161i  prilo\u017eena torbica za pohranu\" \/>\n<meta property=\"og:url\" content=\"https:\/\/clair.si\/hr\/izdelek\/kisni-ogrtac-e-t-saigon-pink\/\" \/>\n<meta property=\"og:site_name\" content=\"Clair\" \/>\n<meta property=\"article:publisher\" content=\"https:\/\/www.facebook.com\/TrgovinaClair\/\" \/>\n<meta property=\"article:modified_time\" content=\"2026-04-19T07:15:25+00:00\" \/>\n<meta property=\"og:image\" content=\"https:\/\/clair.si\/wp-content\/uploads\/2026\/03\/jahalni-dezni-plasc.webp\" \/>\n\t<meta property=\"og:image:width\" content=\"800\" \/>\n\t<meta property=\"og:image:height\" content=\"800\" \/>\n\t<meta property=\"og:image:type\" content=\"image\/jpeg\" \/>\n<meta name=\"twitter:card\" content=\"summary_large_image\" \/>\n<meta name=\"twitter:label1\" content=\"Procijenjeno vrijeme \u010ditanja\" \/>\n\t<meta name=\"twitter:data1\" content=\"1 minuta\" \/>\n<script type=\"application\/ld+json\" class=\"yoast-schema-graph\">{\"@context\":\"https:\\\/\\\/schema.org\",\"@graph\":[{\"@type\":\"WebPage\",\"@id\":\"https:\\\/\\\/clair.si\\\/hr\\\/izdelek\\\/kisni-ogrtac-e-t-saigon-pink\\\/\",\"url\":\"https:\\\/\\\/clair.si\\\/hr\\\/izdelek\\\/kisni-ogrtac-e-t-saigon-pink\\\/\",\"name\":\"Ki\u0161ni ogrta\u010d E-T Saigon pink - Clair\",\"isPartOf\":{\"@id\":\"https:\\\/\\\/clair.si\\\/#website\"},\"primaryImageOfPage\":{\"@id\":\"https:\\\/\\\/clair.si\\\/hr\\\/izdelek\\\/kisni-ogrtac-e-t-saigon-pink\\\/#primaryimage\"},\"image\":{\"@id\":\"https:\\\/\\\/clair.si\\\/hr\\\/izdelek\\\/kisni-ogrtac-e-t-saigon-pink\\\/#primaryimage\"},\"thumbnailUrl\":\"https:\\\/\\\/clair.si\\\/wp-content\\\/uploads\\\/2026\\\/03\\\/jahalni-dezni-plasc.webp\",\"datePublished\":\"2026-03-17T14:37:03+00:00\",\"dateModified\":\"2026-04-19T07:15:25+00:00\",\"description\":\"idealno za stylish izgled na natjecanjima \u2013 i po ki\u0161i prilo\u017eena torbica za pohranu\",\"breadcrumb\":{\"@id\":\"https:\\\/\\\/clair.si\\\/hr\\\/izdelek\\\/kisni-ogrtac-e-t-saigon-pink\\\/#breadcrumb\"},\"inLanguage\":\"hr\",\"potentialAction\":[{\"@type\":\"ReadAction\",\"target\":[\"https:\\\/\\\/clair.si\\\/hr\\\/izdelek\\\/kisni-ogrtac-e-t-saigon-pink\\\/\"]}]},{\"@type\":\"ImageObject\",\"inLanguage\":\"hr\",\"@id\":\"https:\\\/\\\/clair.si\\\/hr\\\/izdelek\\\/kisni-ogrtac-e-t-saigon-pink\\\/#primaryimage\",\"url\":\"https:\\\/\\\/clair.si\\\/wp-content\\\/uploads\\\/2026\\\/03\\\/jahalni-dezni-plasc.webp\",\"contentUrl\":\"https:\\\/\\\/clair.si\\\/wp-content\\\/uploads\\\/2026\\\/03\\\/jahalni-dezni-plasc.webp\",\"width\":800,\"height\":800},{\"@type\":\"BreadcrumbList\",\"@id\":\"https:\\\/\\\/clair.si\\\/hr\\\/izdelek\\\/kisni-ogrtac-e-t-saigon-pink\\\/#breadcrumb\",\"itemListElement\":[{\"@type\":\"ListItem\",\"position\":1,\"name\":\"Home\",\"item\":\"https:\\\/\\\/clair.si\\\/hr\\\/\"},{\"@type\":\"ListItem\",\"position\":2,\"name\":\"Trgovina\",\"item\":\"https:\\\/\\\/clair.si\\\/trgovina\\\/\"},{\"@type\":\"ListItem\",\"position\":3,\"name\":\"Ki\u0161ni ogrta\u010d E-T Saigon pink\"}]},{\"@type\":\"WebSite\",\"@id\":\"https:\\\/\\\/clair.si\\\/#website\",\"url\":\"https:\\\/\\\/clair.si\\\/\",\"name\":\"Clair\",\"description\":\"Trgovina s konjeni\u0161ko opremo\",\"publisher\":{\"@id\":\"https:\\\/\\\/clair.si\\\/#organization\"},\"potentialAction\":[{\"@type\":\"SearchAction\",\"target\":{\"@type\":\"EntryPoint\",\"urlTemplate\":\"https:\\\/\\\/clair.si\\\/?s={search_term_string}\"},\"query-input\":{\"@type\":\"PropertyValueSpecification\",\"valueRequired\":true,\"valueName\":\"search_term_string\"}}],\"inLanguage\":\"hr\"},{\"@type\":\"Organization\",\"@id\":\"https:\\\/\\\/clair.si\\\/#organization\",\"name\":\"Clair\",\"url\":\"https:\\\/\\\/clair.si\\\/\",\"logo\":{\"@type\":\"ImageObject\",\"inLanguage\":\"hr\",\"@id\":\"https:\\\/\\\/clair.si\\\/#\\\/schema\\\/logo\\\/image\\\/\",\"url\":\"https:\\\/\\\/clair.si\\\/wp-content\\\/uploads\\\/2022\\\/11\\\/clair_logo_2022.jpg\",\"contentUrl\":\"https:\\\/\\\/clair.si\\\/wp-content\\\/uploads\\\/2022\\\/11\\\/clair_logo_2022.jpg\",\"width\":1920,\"height\":1920,\"caption\":\"Clair\"},\"image\":{\"@id\":\"https:\\\/\\\/clair.si\\\/#\\\/schema\\\/logo\\\/image\\\/\"},\"sameAs\":[\"https:\\\/\\\/www.facebook.com\\\/TrgovinaClair\\\/\"]}]}<\/script>\n<!-- \/ Yoast SEO plugin. -->","yoast_head_json":{"title":"Ki\u0161ni ogrta\u010d E-T Saigon pink - Clair","description":"idealno za stylish izgled na natjecanjima \u2013 i po ki\u0161i  prilo\u017eena torbica za pohranu","robots":{"index":"index","follow":"follow","max-snippet":"max-snippet:-1","max-image-preview":"max-image-preview:large","max-video-preview":"max-video-preview:-1"},"canonical":"https:\/\/clair.si\/hr\/izdelek\/kisni-ogrtac-e-t-saigon-pink\/","og_locale":"hr_HR","og_type":"article","og_title":"Ki\u0161ni ogrta\u010d E-T Saigon pink - Clair","og_description":"idealno za stylish izgled na natjecanjima \u2013 i po ki\u0161i  prilo\u017eena torbica za pohranu","og_url":"https:\/\/clair.si\/hr\/izdelek\/kisni-ogrtac-e-t-saigon-pink\/","og_site_name":"Clair","article_publisher":"https:\/\/www.facebook.com\/TrgovinaClair\/","article_modified_time":"2026-04-19T07:15:25+00:00","og_image":[{"width":800,"height":800,"url":"https:\/\/clair.si\/wp-content\/uploads\/2026\/03\/jahalni-dezni-plasc.webp","type":"image\/jpeg"}],"twitter_card":"summary_large_image","twitter_misc":{"Procijenjeno vrijeme \u010ditanja":"1 minuta"},"schema":{"@context":"https:\/\/schema.org","@graph":[{"@type":"WebPage","@id":"https:\/\/clair.si\/hr\/izdelek\/kisni-ogrtac-e-t-saigon-pink\/","url":"https:\/\/clair.si\/hr\/izdelek\/kisni-ogrtac-e-t-saigon-pink\/","name":"Ki\u0161ni ogrta\u010d E-T Saigon pink - Clair","isPartOf":{"@id":"https:\/\/clair.si\/#website"},"primaryImageOfPage":{"@id":"https:\/\/clair.si\/hr\/izdelek\/kisni-ogrtac-e-t-saigon-pink\/#primaryimage"},"image":{"@id":"https:\/\/clair.si\/hr\/izdelek\/kisni-ogrtac-e-t-saigon-pink\/#primaryimage"},"thumbnailUrl":"https:\/\/clair.si\/wp-content\/uploads\/2026\/03\/jahalni-dezni-plasc.webp","datePublished":"2026-03-17T14:37:03+00:00","dateModified":"2026-04-19T07:15:25+00:00","description":"idealno za stylish izgled na natjecanjima \u2013 i po ki\u0161i prilo\u017eena torbica za pohranu","breadcrumb":{"@id":"https:\/\/clair.si\/hr\/izdelek\/kisni-ogrtac-e-t-saigon-pink\/#breadcrumb"},"inLanguage":"hr","potentialAction":[{"@type":"ReadAction","target":["https:\/\/clair.si\/hr\/izdelek\/kisni-ogrtac-e-t-saigon-pink\/"]}]},{"@type":"ImageObject","inLanguage":"hr","@id":"https:\/\/clair.si\/hr\/izdelek\/kisni-ogrtac-e-t-saigon-pink\/#primaryimage","url":"https:\/\/clair.si\/wp-content\/uploads\/2026\/03\/jahalni-dezni-plasc.webp","contentUrl":"https:\/\/clair.si\/wp-content\/uploads\/2026\/03\/jahalni-dezni-plasc.webp","width":800,"height":800},{"@type":"BreadcrumbList","@id":"https:\/\/clair.si\/hr\/izdelek\/kisni-ogrtac-e-t-saigon-pink\/#breadcrumb","itemListElement":[{"@type":"ListItem","position":1,"name":"Home","item":"https:\/\/clair.si\/hr\/"},{"@type":"ListItem","position":2,"name":"Trgovina","item":"https:\/\/clair.si\/trgovina\/"},{"@type":"ListItem","position":3,"name":"Ki\u0161ni ogrta\u010d E-T Saigon pink"}]},{"@type":"WebSite","@id":"https:\/\/clair.si\/#website","url":"https:\/\/clair.si\/","name":"Clair","description":"Trgovina s konjeni\u0161ko opremo","publisher":{"@id":"https:\/\/clair.si\/#organization"},"potentialAction":[{"@type":"SearchAction","target":{"@type":"EntryPoint","urlTemplate":"https:\/\/clair.si\/?s={search_term_string}"},"query-input":{"@type":"PropertyValueSpecification","valueRequired":true,"valueName":"search_term_string"}}],"inLanguage":"hr"},{"@type":"Organization","@id":"https:\/\/clair.si\/#organization","name":"Clair","url":"https:\/\/clair.si\/","logo":{"@type":"ImageObject","inLanguage":"hr","@id":"https:\/\/clair.si\/#\/schema\/logo\/image\/","url":"https:\/\/clair.si\/wp-content\/uploads\/2022\/11\/clair_logo_2022.jpg","contentUrl":"https:\/\/clair.si\/wp-content\/uploads\/2022\/11\/clair_logo_2022.jpg","width":1920,"height":1920,"caption":"Clair"},"image":{"@id":"https:\/\/clair.si\/#\/schema\/logo\/image\/"},"sameAs":["https:\/\/www.facebook.com\/TrgovinaClair\/"]}]}},"_links":{"self":[{"href":"https:\/\/clair.si\/hr\/wp-json\/wp\/v2\/product\/135986","targetHints":{"allow":["GET"]}}],"collection":[{"href":"https:\/\/clair.si\/hr\/wp-json\/wp\/v2\/product"}],"about":[{"href":"https:\/\/clair.si\/hr\/wp-json\/wp\/v2\/types\/product"}],"version-history":[{"count":1,"href":"https:\/\/clair.si\/hr\/wp-json\/wp\/v2\/product\/135986\/revisions"}],"predecessor-version":[{"id":135997,"href":"https:\/\/clair.si\/hr\/wp-json\/wp\/v2\/product\/135986\/revisions\/135997"}],"wp:featuredmedia":[{"embeddable":true,"href":"https:\/\/clair.si\/hr\/wp-json\/wp\/v2\/media\/133736"}],"wp:attachment":[{"href":"https:\/\/clair.si\/hr\/wp-json\/wp\/v2\/media?parent=135986"}],"wp:term":[{"taxonomy":"product_brand","embeddable":true,"href":"https:\/\/clair.si\/hr\/wp-json\/wp\/v2\/product_brand?post=135986"},{"taxonomy":"product_cat","embeddable":true,"href":"https:\/\/clair.si\/hr\/wp-json\/wp\/v2\/product_cat?post=135986"},{"taxonomy":"product_tag","embeddable":true,"href":"https:\/\/clair.si\/hr\/wp-json\/wp\/v2\/product_tag?post=135986"}],"curies":[{"name":"wp","href":"https:\/\/api.w.org\/{rel}","templated":true}]}}