{"id":135998,"date":"2026-03-25T09:48:06","date_gmt":"2026-03-25T08:48:06","guid":{"rendered":"https:\/\/clair.si\/izdelek\/djecje-jahace-hlace-e-t-carly-black\/"},"modified":"2026-04-19T09:20:05","modified_gmt":"2026-04-19T07:20:05","slug":"djecje-jahace-hlace-e-t-carly-black","status":"publish","type":"product","link":"https:\/\/clair.si\/hr\/izdelek\/djecje-jahace-hlace-e-t-carly-black\/","title":{"rendered":"Dje\u010dje jaha\u0107e hla\u010de E-T Carly Black"},"content":{"rendered":"<p class=\"font-claude-response-body break-words whitespace-normal leading-[1.7]\"><strong>Jaha\u0107e hla\u010de Equith\u00e8me Carly<\/strong> stvorene su za mlade jaha\u010dice koje ne \u017eele birati izme\u0111u udobnosti i stila. Mekana, rastezljiva tkanina prilago\u0111ava se svakom pokretu u sedlu, a silikonski grip po cijelom sjedi\u0161tu osigurava stabilnost i prianjanje tijekom jahanja. Srednje visoki struk nudi dobru potporu i udobno pristajanje \u010dak i pri du\u017eem jahanju.  <\/p>\n<p class=\"font-claude-response-body break-words whitespace-normal leading-[1.7]\">Na desnoj strani nalazi se elasti\u010dni d\u017eep za telefon koji osigurava da stvari ostanu sigurne tijekom jahanja. Diskretni logotip na bedru i elegantni ukrasni detalj s imitacijom kristali\u0107a na d\u017eepu daju tajicama onaj posebni pe\u010dat koji ih odvaja od prosje\u010dnih jaha\u0107ih hla\u010da. <\/p>\n<p class=\"font-claude-response-body break-words whitespace-normal leading-[1.7]\">Sastav: 90 % poliester, 10 % elastan.<\/p>\n","protected":false},"excerpt":{"rendered":"<ul>\n<li>elasti\u010dan i mekan materijal<\/li>\n<li>s gumbom i om\u010dama za remen<\/li>\n<\/ul>\n","protected":false},"featured_media":134257,"template":"","meta":{"footnotes":""},"product_brand":[],"product_cat":[5845,5955,5654],"product_tag":[],"class_list":{"0":"post-135998","1":"product","2":"type-product","3":"status-publish","4":"has-post-thumbnail","6":"product_cat-djeca","7":"product_cat-djecje-hlace-za-jahanje","8":"product_cat-jahac-hr","10":"first","11":"instock","12":"sale","13":"shipping-taxable","14":"purchasable","15":"product-type-variable"},"yoast_head":"<!-- This site is optimized with the Yoast SEO plugin v27.4 - https:\/\/yoast.com\/product\/yoast-seo-wordpress\/ -->\n<title>Dje\u010dje jaha\u0107e hla\u010de E-T Carly Black - Clair<\/title>\n<meta name=\"description\" content=\"elasti\u010dan i mekan materijal  s gumbom i om\u010dama za remen\" \/>\n<meta name=\"robots\" content=\"index, follow, max-snippet:-1, max-image-preview:large, max-video-preview:-1\" \/>\n<link rel=\"canonical\" href=\"https:\/\/clair.si\/hr\/izdelek\/djecje-jahace-hlace-e-t-carly-black\/\" \/>\n<meta property=\"og:locale\" content=\"hr_HR\" \/>\n<meta property=\"og:type\" content=\"article\" \/>\n<meta property=\"og:title\" content=\"Dje\u010dje jaha\u0107e hla\u010de E-T Carly Black - Clair\" \/>\n<meta property=\"og:description\" content=\"elasti\u010dan i mekan materijal  s gumbom i om\u010dama za remen\" \/>\n<meta property=\"og:url\" content=\"https:\/\/clair.si\/hr\/izdelek\/djecje-jahace-hlace-e-t-carly-black\/\" \/>\n<meta property=\"og:site_name\" content=\"Clair\" \/>\n<meta property=\"article:publisher\" content=\"https:\/\/www.facebook.com\/TrgovinaClair\/\" \/>\n<meta property=\"article:modified_time\" content=\"2026-04-19T07:20:05+00:00\" \/>\n<meta property=\"og:image\" content=\"https:\/\/clair.si\/wp-content\/uploads\/2026\/03\/equitheme-riding-leggings-ek-carly-junior-2.webp\" \/>\n\t<meta property=\"og:image:width\" content=\"800\" \/>\n\t<meta property=\"og:image:height\" content=\"800\" \/>\n\t<meta property=\"og:image:type\" content=\"image\/jpeg\" \/>\n<meta name=\"twitter:card\" content=\"summary_large_image\" \/>\n<meta name=\"twitter:label1\" content=\"Procijenjeno vrijeme \u010ditanja\" \/>\n\t<meta name=\"twitter:data1\" content=\"1 minuta\" \/>\n<script type=\"application\/ld+json\" class=\"yoast-schema-graph\">{\"@context\":\"https:\\\/\\\/schema.org\",\"@graph\":[{\"@type\":\"WebPage\",\"@id\":\"https:\\\/\\\/clair.si\\\/hr\\\/izdelek\\\/djecje-jahace-hlace-e-t-carly-black\\\/\",\"url\":\"https:\\\/\\\/clair.si\\\/hr\\\/izdelek\\\/djecje-jahace-hlace-e-t-carly-black\\\/\",\"name\":\"Dje\u010dje jaha\u0107e hla\u010de E-T Carly Black - Clair\",\"isPartOf\":{\"@id\":\"https:\\\/\\\/clair.si\\\/#website\"},\"primaryImageOfPage\":{\"@id\":\"https:\\\/\\\/clair.si\\\/hr\\\/izdelek\\\/djecje-jahace-hlace-e-t-carly-black\\\/#primaryimage\"},\"image\":{\"@id\":\"https:\\\/\\\/clair.si\\\/hr\\\/izdelek\\\/djecje-jahace-hlace-e-t-carly-black\\\/#primaryimage\"},\"thumbnailUrl\":\"https:\\\/\\\/clair.si\\\/wp-content\\\/uploads\\\/2026\\\/03\\\/equitheme-riding-leggings-ek-carly-junior-2.webp\",\"datePublished\":\"2026-03-25T08:48:06+00:00\",\"dateModified\":\"2026-04-19T07:20:05+00:00\",\"description\":\"elasti\u010dan i mekan materijal s gumbom i om\u010dama za remen\",\"breadcrumb\":{\"@id\":\"https:\\\/\\\/clair.si\\\/hr\\\/izdelek\\\/djecje-jahace-hlace-e-t-carly-black\\\/#breadcrumb\"},\"inLanguage\":\"hr\",\"potentialAction\":[{\"@type\":\"ReadAction\",\"target\":[\"https:\\\/\\\/clair.si\\\/hr\\\/izdelek\\\/djecje-jahace-hlace-e-t-carly-black\\\/\"]}]},{\"@type\":\"ImageObject\",\"inLanguage\":\"hr\",\"@id\":\"https:\\\/\\\/clair.si\\\/hr\\\/izdelek\\\/djecje-jahace-hlace-e-t-carly-black\\\/#primaryimage\",\"url\":\"https:\\\/\\\/clair.si\\\/wp-content\\\/uploads\\\/2026\\\/03\\\/equitheme-riding-leggings-ek-carly-junior-2.webp\",\"contentUrl\":\"https:\\\/\\\/clair.si\\\/wp-content\\\/uploads\\\/2026\\\/03\\\/equitheme-riding-leggings-ek-carly-junior-2.webp\",\"width\":800,\"height\":800},{\"@type\":\"BreadcrumbList\",\"@id\":\"https:\\\/\\\/clair.si\\\/hr\\\/izdelek\\\/djecje-jahace-hlace-e-t-carly-black\\\/#breadcrumb\",\"itemListElement\":[{\"@type\":\"ListItem\",\"position\":1,\"name\":\"Home\",\"item\":\"https:\\\/\\\/clair.si\\\/hr\\\/\"},{\"@type\":\"ListItem\",\"position\":2,\"name\":\"Trgovina\",\"item\":\"https:\\\/\\\/clair.si\\\/trgovina\\\/\"},{\"@type\":\"ListItem\",\"position\":3,\"name\":\"Dje\u010dje jaha\u0107e hla\u010de E-T Carly Black\"}]},{\"@type\":\"WebSite\",\"@id\":\"https:\\\/\\\/clair.si\\\/#website\",\"url\":\"https:\\\/\\\/clair.si\\\/\",\"name\":\"Clair\",\"description\":\"Trgovina s konjeni\u0161ko opremo\",\"publisher\":{\"@id\":\"https:\\\/\\\/clair.si\\\/#organization\"},\"potentialAction\":[{\"@type\":\"SearchAction\",\"target\":{\"@type\":\"EntryPoint\",\"urlTemplate\":\"https:\\\/\\\/clair.si\\\/?s={search_term_string}\"},\"query-input\":{\"@type\":\"PropertyValueSpecification\",\"valueRequired\":true,\"valueName\":\"search_term_string\"}}],\"inLanguage\":\"hr\"},{\"@type\":\"Organization\",\"@id\":\"https:\\\/\\\/clair.si\\\/#organization\",\"name\":\"Clair\",\"url\":\"https:\\\/\\\/clair.si\\\/\",\"logo\":{\"@type\":\"ImageObject\",\"inLanguage\":\"hr\",\"@id\":\"https:\\\/\\\/clair.si\\\/#\\\/schema\\\/logo\\\/image\\\/\",\"url\":\"https:\\\/\\\/clair.si\\\/wp-content\\\/uploads\\\/2022\\\/11\\\/clair_logo_2022.jpg\",\"contentUrl\":\"https:\\\/\\\/clair.si\\\/wp-content\\\/uploads\\\/2022\\\/11\\\/clair_logo_2022.jpg\",\"width\":1920,\"height\":1920,\"caption\":\"Clair\"},\"image\":{\"@id\":\"https:\\\/\\\/clair.si\\\/#\\\/schema\\\/logo\\\/image\\\/\"},\"sameAs\":[\"https:\\\/\\\/www.facebook.com\\\/TrgovinaClair\\\/\"]}]}<\/script>\n<!-- \/ Yoast SEO plugin. -->","yoast_head_json":{"title":"Dje\u010dje jaha\u0107e hla\u010de E-T Carly Black - Clair","description":"elasti\u010dan i mekan materijal  s gumbom i om\u010dama za remen","robots":{"index":"index","follow":"follow","max-snippet":"max-snippet:-1","max-image-preview":"max-image-preview:large","max-video-preview":"max-video-preview:-1"},"canonical":"https:\/\/clair.si\/hr\/izdelek\/djecje-jahace-hlace-e-t-carly-black\/","og_locale":"hr_HR","og_type":"article","og_title":"Dje\u010dje jaha\u0107e hla\u010de E-T Carly Black - Clair","og_description":"elasti\u010dan i mekan materijal  s gumbom i om\u010dama za remen","og_url":"https:\/\/clair.si\/hr\/izdelek\/djecje-jahace-hlace-e-t-carly-black\/","og_site_name":"Clair","article_publisher":"https:\/\/www.facebook.com\/TrgovinaClair\/","article_modified_time":"2026-04-19T07:20:05+00:00","og_image":[{"width":800,"height":800,"url":"https:\/\/clair.si\/wp-content\/uploads\/2026\/03\/equitheme-riding-leggings-ek-carly-junior-2.webp","type":"image\/jpeg"}],"twitter_card":"summary_large_image","twitter_misc":{"Procijenjeno vrijeme \u010ditanja":"1 minuta"},"schema":{"@context":"https:\/\/schema.org","@graph":[{"@type":"WebPage","@id":"https:\/\/clair.si\/hr\/izdelek\/djecje-jahace-hlace-e-t-carly-black\/","url":"https:\/\/clair.si\/hr\/izdelek\/djecje-jahace-hlace-e-t-carly-black\/","name":"Dje\u010dje jaha\u0107e hla\u010de E-T Carly Black - Clair","isPartOf":{"@id":"https:\/\/clair.si\/#website"},"primaryImageOfPage":{"@id":"https:\/\/clair.si\/hr\/izdelek\/djecje-jahace-hlace-e-t-carly-black\/#primaryimage"},"image":{"@id":"https:\/\/clair.si\/hr\/izdelek\/djecje-jahace-hlace-e-t-carly-black\/#primaryimage"},"thumbnailUrl":"https:\/\/clair.si\/wp-content\/uploads\/2026\/03\/equitheme-riding-leggings-ek-carly-junior-2.webp","datePublished":"2026-03-25T08:48:06+00:00","dateModified":"2026-04-19T07:20:05+00:00","description":"elasti\u010dan i mekan materijal s gumbom i om\u010dama za remen","breadcrumb":{"@id":"https:\/\/clair.si\/hr\/izdelek\/djecje-jahace-hlace-e-t-carly-black\/#breadcrumb"},"inLanguage":"hr","potentialAction":[{"@type":"ReadAction","target":["https:\/\/clair.si\/hr\/izdelek\/djecje-jahace-hlace-e-t-carly-black\/"]}]},{"@type":"ImageObject","inLanguage":"hr","@id":"https:\/\/clair.si\/hr\/izdelek\/djecje-jahace-hlace-e-t-carly-black\/#primaryimage","url":"https:\/\/clair.si\/wp-content\/uploads\/2026\/03\/equitheme-riding-leggings-ek-carly-junior-2.webp","contentUrl":"https:\/\/clair.si\/wp-content\/uploads\/2026\/03\/equitheme-riding-leggings-ek-carly-junior-2.webp","width":800,"height":800},{"@type":"BreadcrumbList","@id":"https:\/\/clair.si\/hr\/izdelek\/djecje-jahace-hlace-e-t-carly-black\/#breadcrumb","itemListElement":[{"@type":"ListItem","position":1,"name":"Home","item":"https:\/\/clair.si\/hr\/"},{"@type":"ListItem","position":2,"name":"Trgovina","item":"https:\/\/clair.si\/trgovina\/"},{"@type":"ListItem","position":3,"name":"Dje\u010dje jaha\u0107e hla\u010de E-T Carly Black"}]},{"@type":"WebSite","@id":"https:\/\/clair.si\/#website","url":"https:\/\/clair.si\/","name":"Clair","description":"Trgovina s konjeni\u0161ko opremo","publisher":{"@id":"https:\/\/clair.si\/#organization"},"potentialAction":[{"@type":"SearchAction","target":{"@type":"EntryPoint","urlTemplate":"https:\/\/clair.si\/?s={search_term_string}"},"query-input":{"@type":"PropertyValueSpecification","valueRequired":true,"valueName":"search_term_string"}}],"inLanguage":"hr"},{"@type":"Organization","@id":"https:\/\/clair.si\/#organization","name":"Clair","url":"https:\/\/clair.si\/","logo":{"@type":"ImageObject","inLanguage":"hr","@id":"https:\/\/clair.si\/#\/schema\/logo\/image\/","url":"https:\/\/clair.si\/wp-content\/uploads\/2022\/11\/clair_logo_2022.jpg","contentUrl":"https:\/\/clair.si\/wp-content\/uploads\/2022\/11\/clair_logo_2022.jpg","width":1920,"height":1920,"caption":"Clair"},"image":{"@id":"https:\/\/clair.si\/#\/schema\/logo\/image\/"},"sameAs":["https:\/\/www.facebook.com\/TrgovinaClair\/"]}]}},"_links":{"self":[{"href":"https:\/\/clair.si\/hr\/wp-json\/wp\/v2\/product\/135998","targetHints":{"allow":["GET"]}}],"collection":[{"href":"https:\/\/clair.si\/hr\/wp-json\/wp\/v2\/product"}],"about":[{"href":"https:\/\/clair.si\/hr\/wp-json\/wp\/v2\/types\/product"}],"version-history":[{"count":1,"href":"https:\/\/clair.si\/hr\/wp-json\/wp\/v2\/product\/135998\/revisions"}],"predecessor-version":[{"id":136126,"href":"https:\/\/clair.si\/hr\/wp-json\/wp\/v2\/product\/135998\/revisions\/136126"}],"wp:featuredmedia":[{"embeddable":true,"href":"https:\/\/clair.si\/hr\/wp-json\/wp\/v2\/media\/134257"}],"wp:attachment":[{"href":"https:\/\/clair.si\/hr\/wp-json\/wp\/v2\/media?parent=135998"}],"wp:term":[{"taxonomy":"product_brand","embeddable":true,"href":"https:\/\/clair.si\/hr\/wp-json\/wp\/v2\/product_brand?post=135998"},{"taxonomy":"product_cat","embeddable":true,"href":"https:\/\/clair.si\/hr\/wp-json\/wp\/v2\/product_cat?post=135998"},{"taxonomy":"product_tag","embeddable":true,"href":"https:\/\/clair.si\/hr\/wp-json\/wp\/v2\/product_tag?post=135998"}],"curies":[{"name":"wp","href":"https:\/\/api.w.org\/{rel}","templated":true}]}}