{"id":135999,"date":"2026-03-18T12:54:06","date_gmt":"2026-03-18T11:54:06","guid":{"rendered":"https:\/\/clair.si\/izdelek\/tajice-za-jahanje-e-t-ek-birdy-lila\/"},"modified":"2026-04-19T09:18:42","modified_gmt":"2026-04-19T07:18:42","slug":"tajice-za-jahanje-e-t-ek-birdy-lila","status":"publish","type":"product","link":"https:\/\/clair.si\/hr\/izdelek\/tajice-za-jahanje-e-t-ek-birdy-lila\/","title":{"rendered":"Tajice za jahanje E-T EK Birdy lila"},"content":{"rendered":"<p class=\"font-claude-response-body break-words whitespace-normal leading-[1.7]\"><strong>Tajice za jahanje Equith\u00e8me Birdy<\/strong> u lila boji namijenjene su jaha\u010dicama koje tra\u017ee kvalitetne tehni\u010dke tajice po pristupa\u010dnoj cijeni. \u017denstveni kroj i mekana, rastezljiva tkanina od 90% poliestera i 10% elastana osiguravaju udobnost pri svakodnevnom jahanju i slobodu kretanja bez nepotrebnog ograni\u010davanja. <\/p>\n<p class=\"font-claude-response-body break-words whitespace-normal leading-[1.7]\">Silikonsko prianjanje po cijelom sjedi\u0161tu osigurava stabilnost u sedlu i bolji kontakt s konjem \u2014 idealno za po\u010detnice i iskusne jaha\u010dice koje cijene pouzdano prianjanje pri svakodnevnom treningu.<\/p>\n","protected":false},"excerpt":{"rendered":"<ul>\n<li>boja ovogodi\u0161nje sezone \ud83d\ude09<\/li>\n<li>s d\u017eepom za telefon<\/li>\n<li>full grip od silikona<\/li>\n<\/ul>\n","protected":false},"featured_media":133893,"template":"","meta":{"footnotes":""},"product_brand":[],"product_cat":[5654,5667,5708],"product_tag":[],"class_list":{"0":"post-135999","1":"product","2":"type-product","3":"status-publish","4":"has-post-thumbnail","6":"product_cat-jahac-hr","7":"product_cat-zene","8":"product_cat-zenske-jahace-hlace","10":"first","11":"instock","12":"sale","13":"shipping-taxable","14":"purchasable","15":"product-type-variable"},"yoast_head":"<!-- This site is optimized with the Yoast SEO plugin v27.4 - https:\/\/yoast.com\/product\/yoast-seo-wordpress\/ -->\n<title>Tajice za jahanje E-T EK Birdy lila - Clair<\/title>\n<meta name=\"description\" content=\"boja ovogodi\u0161nje sezone ;)  s d\u017eepom za telefon  full grip od silikona\" \/>\n<meta name=\"robots\" content=\"index, follow, max-snippet:-1, max-image-preview:large, max-video-preview:-1\" \/>\n<link rel=\"canonical\" href=\"https:\/\/clair.si\/hr\/izdelek\/tajice-za-jahanje-e-t-ek-birdy-lila\/\" \/>\n<meta property=\"og:locale\" content=\"hr_HR\" \/>\n<meta property=\"og:type\" content=\"article\" \/>\n<meta property=\"og:title\" content=\"Tajice za jahanje E-T EK Birdy lila - Clair\" \/>\n<meta property=\"og:description\" content=\"boja ovogodi\u0161nje sezone ;)  s d\u017eepom za telefon  full grip od silikona\" \/>\n<meta property=\"og:url\" content=\"https:\/\/clair.si\/hr\/izdelek\/tajice-za-jahanje-e-t-ek-birdy-lila\/\" \/>\n<meta property=\"og:site_name\" content=\"Clair\" \/>\n<meta property=\"article:publisher\" content=\"https:\/\/www.facebook.com\/TrgovinaClair\/\" \/>\n<meta property=\"article:modified_time\" content=\"2026-04-19T07:18:42+00:00\" \/>\n<meta property=\"og:image\" content=\"https:\/\/clair.si\/wp-content\/uploads\/2026\/03\/equitheme-riding-leggings-ek-birdy-3.webp\" \/>\n\t<meta property=\"og:image:width\" content=\"800\" \/>\n\t<meta property=\"og:image:height\" content=\"800\" \/>\n\t<meta property=\"og:image:type\" content=\"image\/jpeg\" \/>\n<meta name=\"twitter:card\" content=\"summary_large_image\" \/>\n<script type=\"application\/ld+json\" class=\"yoast-schema-graph\">{\"@context\":\"https:\\\/\\\/schema.org\",\"@graph\":[{\"@type\":\"WebPage\",\"@id\":\"https:\\\/\\\/clair.si\\\/hr\\\/izdelek\\\/tajice-za-jahanje-e-t-ek-birdy-lila\\\/\",\"url\":\"https:\\\/\\\/clair.si\\\/hr\\\/izdelek\\\/tajice-za-jahanje-e-t-ek-birdy-lila\\\/\",\"name\":\"Tajice za jahanje E-T EK Birdy lila - Clair\",\"isPartOf\":{\"@id\":\"https:\\\/\\\/clair.si\\\/#website\"},\"primaryImageOfPage\":{\"@id\":\"https:\\\/\\\/clair.si\\\/hr\\\/izdelek\\\/tajice-za-jahanje-e-t-ek-birdy-lila\\\/#primaryimage\"},\"image\":{\"@id\":\"https:\\\/\\\/clair.si\\\/hr\\\/izdelek\\\/tajice-za-jahanje-e-t-ek-birdy-lila\\\/#primaryimage\"},\"thumbnailUrl\":\"https:\\\/\\\/clair.si\\\/wp-content\\\/uploads\\\/2026\\\/03\\\/equitheme-riding-leggings-ek-birdy-3.webp\",\"datePublished\":\"2026-03-18T11:54:06+00:00\",\"dateModified\":\"2026-04-19T07:18:42+00:00\",\"description\":\"boja ovogodi\u0161nje sezone ;) s d\u017eepom za telefon full grip od silikona\",\"breadcrumb\":{\"@id\":\"https:\\\/\\\/clair.si\\\/hr\\\/izdelek\\\/tajice-za-jahanje-e-t-ek-birdy-lila\\\/#breadcrumb\"},\"inLanguage\":\"hr\",\"potentialAction\":[{\"@type\":\"ReadAction\",\"target\":[\"https:\\\/\\\/clair.si\\\/hr\\\/izdelek\\\/tajice-za-jahanje-e-t-ek-birdy-lila\\\/\"]}]},{\"@type\":\"ImageObject\",\"inLanguage\":\"hr\",\"@id\":\"https:\\\/\\\/clair.si\\\/hr\\\/izdelek\\\/tajice-za-jahanje-e-t-ek-birdy-lila\\\/#primaryimage\",\"url\":\"https:\\\/\\\/clair.si\\\/wp-content\\\/uploads\\\/2026\\\/03\\\/equitheme-riding-leggings-ek-birdy-3.webp\",\"contentUrl\":\"https:\\\/\\\/clair.si\\\/wp-content\\\/uploads\\\/2026\\\/03\\\/equitheme-riding-leggings-ek-birdy-3.webp\",\"width\":800,\"height\":800},{\"@type\":\"BreadcrumbList\",\"@id\":\"https:\\\/\\\/clair.si\\\/hr\\\/izdelek\\\/tajice-za-jahanje-e-t-ek-birdy-lila\\\/#breadcrumb\",\"itemListElement\":[{\"@type\":\"ListItem\",\"position\":1,\"name\":\"Home\",\"item\":\"https:\\\/\\\/clair.si\\\/hr\\\/\"},{\"@type\":\"ListItem\",\"position\":2,\"name\":\"Trgovina\",\"item\":\"https:\\\/\\\/clair.si\\\/trgovina\\\/\"},{\"@type\":\"ListItem\",\"position\":3,\"name\":\"Tajice za jahanje E-T EK Birdy lila\"}]},{\"@type\":\"WebSite\",\"@id\":\"https:\\\/\\\/clair.si\\\/#website\",\"url\":\"https:\\\/\\\/clair.si\\\/\",\"name\":\"Clair\",\"description\":\"Trgovina s konjeni\u0161ko opremo\",\"publisher\":{\"@id\":\"https:\\\/\\\/clair.si\\\/#organization\"},\"potentialAction\":[{\"@type\":\"SearchAction\",\"target\":{\"@type\":\"EntryPoint\",\"urlTemplate\":\"https:\\\/\\\/clair.si\\\/?s={search_term_string}\"},\"query-input\":{\"@type\":\"PropertyValueSpecification\",\"valueRequired\":true,\"valueName\":\"search_term_string\"}}],\"inLanguage\":\"hr\"},{\"@type\":\"Organization\",\"@id\":\"https:\\\/\\\/clair.si\\\/#organization\",\"name\":\"Clair\",\"url\":\"https:\\\/\\\/clair.si\\\/\",\"logo\":{\"@type\":\"ImageObject\",\"inLanguage\":\"hr\",\"@id\":\"https:\\\/\\\/clair.si\\\/#\\\/schema\\\/logo\\\/image\\\/\",\"url\":\"https:\\\/\\\/clair.si\\\/wp-content\\\/uploads\\\/2022\\\/11\\\/clair_logo_2022.jpg\",\"contentUrl\":\"https:\\\/\\\/clair.si\\\/wp-content\\\/uploads\\\/2022\\\/11\\\/clair_logo_2022.jpg\",\"width\":1920,\"height\":1920,\"caption\":\"Clair\"},\"image\":{\"@id\":\"https:\\\/\\\/clair.si\\\/#\\\/schema\\\/logo\\\/image\\\/\"},\"sameAs\":[\"https:\\\/\\\/www.facebook.com\\\/TrgovinaClair\\\/\"]}]}<\/script>\n<!-- \/ Yoast SEO plugin. -->","yoast_head_json":{"title":"Tajice za jahanje E-T EK Birdy lila - Clair","description":"boja ovogodi\u0161nje sezone ;)  s d\u017eepom za telefon  full grip od silikona","robots":{"index":"index","follow":"follow","max-snippet":"max-snippet:-1","max-image-preview":"max-image-preview:large","max-video-preview":"max-video-preview:-1"},"canonical":"https:\/\/clair.si\/hr\/izdelek\/tajice-za-jahanje-e-t-ek-birdy-lila\/","og_locale":"hr_HR","og_type":"article","og_title":"Tajice za jahanje E-T EK Birdy lila - Clair","og_description":"boja ovogodi\u0161nje sezone ;)  s d\u017eepom za telefon  full grip od silikona","og_url":"https:\/\/clair.si\/hr\/izdelek\/tajice-za-jahanje-e-t-ek-birdy-lila\/","og_site_name":"Clair","article_publisher":"https:\/\/www.facebook.com\/TrgovinaClair\/","article_modified_time":"2026-04-19T07:18:42+00:00","og_image":[{"width":800,"height":800,"url":"https:\/\/clair.si\/wp-content\/uploads\/2026\/03\/equitheme-riding-leggings-ek-birdy-3.webp","type":"image\/jpeg"}],"twitter_card":"summary_large_image","schema":{"@context":"https:\/\/schema.org","@graph":[{"@type":"WebPage","@id":"https:\/\/clair.si\/hr\/izdelek\/tajice-za-jahanje-e-t-ek-birdy-lila\/","url":"https:\/\/clair.si\/hr\/izdelek\/tajice-za-jahanje-e-t-ek-birdy-lila\/","name":"Tajice za jahanje E-T EK Birdy lila - Clair","isPartOf":{"@id":"https:\/\/clair.si\/#website"},"primaryImageOfPage":{"@id":"https:\/\/clair.si\/hr\/izdelek\/tajice-za-jahanje-e-t-ek-birdy-lila\/#primaryimage"},"image":{"@id":"https:\/\/clair.si\/hr\/izdelek\/tajice-za-jahanje-e-t-ek-birdy-lila\/#primaryimage"},"thumbnailUrl":"https:\/\/clair.si\/wp-content\/uploads\/2026\/03\/equitheme-riding-leggings-ek-birdy-3.webp","datePublished":"2026-03-18T11:54:06+00:00","dateModified":"2026-04-19T07:18:42+00:00","description":"boja ovogodi\u0161nje sezone ;) s d\u017eepom za telefon full grip od silikona","breadcrumb":{"@id":"https:\/\/clair.si\/hr\/izdelek\/tajice-za-jahanje-e-t-ek-birdy-lila\/#breadcrumb"},"inLanguage":"hr","potentialAction":[{"@type":"ReadAction","target":["https:\/\/clair.si\/hr\/izdelek\/tajice-za-jahanje-e-t-ek-birdy-lila\/"]}]},{"@type":"ImageObject","inLanguage":"hr","@id":"https:\/\/clair.si\/hr\/izdelek\/tajice-za-jahanje-e-t-ek-birdy-lila\/#primaryimage","url":"https:\/\/clair.si\/wp-content\/uploads\/2026\/03\/equitheme-riding-leggings-ek-birdy-3.webp","contentUrl":"https:\/\/clair.si\/wp-content\/uploads\/2026\/03\/equitheme-riding-leggings-ek-birdy-3.webp","width":800,"height":800},{"@type":"BreadcrumbList","@id":"https:\/\/clair.si\/hr\/izdelek\/tajice-za-jahanje-e-t-ek-birdy-lila\/#breadcrumb","itemListElement":[{"@type":"ListItem","position":1,"name":"Home","item":"https:\/\/clair.si\/hr\/"},{"@type":"ListItem","position":2,"name":"Trgovina","item":"https:\/\/clair.si\/trgovina\/"},{"@type":"ListItem","position":3,"name":"Tajice za jahanje E-T EK Birdy lila"}]},{"@type":"WebSite","@id":"https:\/\/clair.si\/#website","url":"https:\/\/clair.si\/","name":"Clair","description":"Trgovina s konjeni\u0161ko opremo","publisher":{"@id":"https:\/\/clair.si\/#organization"},"potentialAction":[{"@type":"SearchAction","target":{"@type":"EntryPoint","urlTemplate":"https:\/\/clair.si\/?s={search_term_string}"},"query-input":{"@type":"PropertyValueSpecification","valueRequired":true,"valueName":"search_term_string"}}],"inLanguage":"hr"},{"@type":"Organization","@id":"https:\/\/clair.si\/#organization","name":"Clair","url":"https:\/\/clair.si\/","logo":{"@type":"ImageObject","inLanguage":"hr","@id":"https:\/\/clair.si\/#\/schema\/logo\/image\/","url":"https:\/\/clair.si\/wp-content\/uploads\/2022\/11\/clair_logo_2022.jpg","contentUrl":"https:\/\/clair.si\/wp-content\/uploads\/2022\/11\/clair_logo_2022.jpg","width":1920,"height":1920,"caption":"Clair"},"image":{"@id":"https:\/\/clair.si\/#\/schema\/logo\/image\/"},"sameAs":["https:\/\/www.facebook.com\/TrgovinaClair\/"]}]}},"_links":{"self":[{"href":"https:\/\/clair.si\/hr\/wp-json\/wp\/v2\/product\/135999","targetHints":{"allow":["GET"]}}],"collection":[{"href":"https:\/\/clair.si\/hr\/wp-json\/wp\/v2\/product"}],"about":[{"href":"https:\/\/clair.si\/hr\/wp-json\/wp\/v2\/types\/product"}],"version-history":[{"count":1,"href":"https:\/\/clair.si\/hr\/wp-json\/wp\/v2\/product\/135999\/revisions"}],"predecessor-version":[{"id":136123,"href":"https:\/\/clair.si\/hr\/wp-json\/wp\/v2\/product\/135999\/revisions\/136123"}],"wp:featuredmedia":[{"embeddable":true,"href":"https:\/\/clair.si\/hr\/wp-json\/wp\/v2\/media\/133893"}],"wp:attachment":[{"href":"https:\/\/clair.si\/hr\/wp-json\/wp\/v2\/media?parent=135999"}],"wp:term":[{"taxonomy":"product_brand","embeddable":true,"href":"https:\/\/clair.si\/hr\/wp-json\/wp\/v2\/product_brand?post=135999"},{"taxonomy":"product_cat","embeddable":true,"href":"https:\/\/clair.si\/hr\/wp-json\/wp\/v2\/product_cat?post=135999"},{"taxonomy":"product_tag","embeddable":true,"href":"https:\/\/clair.si\/hr\/wp-json\/wp\/v2\/product_tag?post=135999"}],"curies":[{"name":"wp","href":"https:\/\/api.w.org\/{rel}","templated":true}]}}