{"id":136021,"date":"2026-03-19T12:34:16","date_gmt":"2026-03-19T11:34:16","guid":{"rendered":"https:\/\/clair.si\/izdelek\/marstall-sport-energy\/"},"modified":"2026-03-19T12:34:16","modified_gmt":"2026-03-19T11:34:16","slug":"marstall-sport-energy","status":"publish","type":"product","link":"https:\/\/clair.si\/hr\/izdelek\/marstall-sport-energy\/","title":{"rendered":"Marstall Sport Energy"},"content":{"rendered":"<p class=\"font-claude-response-body break-words whitespace-normal leading-[1.7]\"><strong>Marstall Sport-Energy<\/strong> je m\u00fcsli bez zobi, razvijen posebno za potrebe sportskih konja kojima je tijekom treninga i natjecanja potrebna pouzdana i dugotrajna energija. Formula se temelji na hidrotoplinski obra\u0111enim kukuruznim i je\u010dmenim pahuljicama koje osiguravaju brzo dostupnu energiju te na visokom udjelu ulja uljane repice koje konja tijekom duljeg napora opskrbljuje postojanom, za \u017eeludac blagom energijom. Ovaj dvostruki izvor energije posebno je vrijedan kod konja s intenzivnim rasporedom rada.  <\/p>\n<p class=\"font-claude-response-body break-words whitespace-normal leading-[1.7]\"><strong>Vitamin E i selen<\/strong> djeluju kao antioksidansi i \u0161tite optere\u0107ene mi\u0161i\u0107ne stanice od o\u0161te\u0107enja koja nastaju tijekom napora. Istodobno podupiru op\u0107e funkcioniranje organizma i doprinose opu\u0161tenoj, elasti\u010dnoj muskulaturi. Su\u0161ene tropine gro\u017e\u0111a u recepturi donose prirodne polifenole i osiguravaju privla\u010dan okus koji konji vrlo rado jedu.  <\/p>\n<p class=\"font-claude-response-body break-words whitespace-normal leading-[1.7]\">Sport-Energy je <strong>u potpunosti mineraliziran<\/strong>, stoga konju osigurava potpunu opskrbu svim potrebnim vitaminima i mineralima. Posebno je prikladan za konje koji grade mi\u0161i\u0107nu masu i tjelesnu te\u017einu te za one osjetljive na bjelan\u010devine, jer sadr\u017ei relativno nizak udio istih. M\u00fcsli je bez zobi, ali se po potrebi mo\u017ee bez problema kombinirati sa zobi.  <\/p>\n<p class=\"font-claude-response-body break-words whitespace-normal leading-[1.7]\"><strong>Sastav:<\/strong> Kukuruzne pahuljice (40,00 %), je\u010dmene pahuljice (20,00 %), p\u0161eni\u010dne mekinje, su\u0161eni rezanci \u0161e\u0107erne repe, biljno ulje uljane repice, rafinirano (5,00 %), p\u0161eni\u010dna krupica-mekinje, su\u0161ene tropine gro\u017e\u0111a, kalcijev karbonat, melasa \u0161e\u0107erne repe, natrijev klorid, monokalcijev fosfat, magnezijev oksid.<\/p>\n<p class=\"font-claude-response-body break-words whitespace-normal leading-[1.7]\"><strong>Analiti\u010dki sastojci (na kg):<\/strong> Sirove bjelan\u010devine 9,50 %, pcv* sirove bjelan\u010devine 46,00 g, sirova mast 6,80 %, sirova vlaknina 6,00 %, sirovi pepeo 6,60 %, energija (ME) 12,20 MJ, kalcij 1,00 %, fosfor 0,50 %, natrij 0,35 %, magnezij 0,40 %. Aminokiseline: pcv* lizin 1.600,00 mg, pcv* SAS (metionin + cistein) 1.700,00 mg, pcv* treonin 1.600,00 mg. (*pcv = precekumski probavljivo = probavljivo u tankom crijevu = dostupno konju)  <\/p>\n<p class=\"font-claude-response-body break-words whitespace-normal leading-[1.7]\"><strong>Prehranski dodaci na kg:<\/strong> Vitamini topljivi u mastima: vitamin A 20.000,00 I.E., vitamin D3 950,00 I.E., vitamin E 850,00 mg, vitamin K3 7,00 mg. Vitamini topljivi u vodi: vitamin C 45,00 mg, vitamin B1 20,00 mg, vitamin B2 5,00 mg, vitamin B5 25,00 mg, vitamin B6\/piridoksin hidroklorid 15,00 mg, vitamin B12 45,00 mcg, biotin 270,00 mcg, folna kiselina 8,00 mg, kolin klorid 220,00 mg, niacin 0,80 mg. Elementi u tragovima: \u017eeljezo kao \u017eeljezov (II) sulfat monohidrat 135,00 mg, bakar kao bakrov (II) sulfat pentahidrat 35,00 mg, cink kao cinkov oksid 250,00 mg, mangan kao manganov (II) oksid 140,00 mg, jod kao bezvodni kalcijev jodat 0,75 mg, selen kao natrijev selenit 0,80 mg.  <\/p>\n<p><strong>Koli\u010dina:<\/strong> 15 kg<\/p>\n","protected":false},"excerpt":{"rendered":"<ul>\n<li>idealni potpuni obrok za sportskog konja<\/li>\n<li>s dodanim vitaminom E i selenom za optimalno odr\u017eavanje mi\u0161i\u0107a<\/li>\n<li>za snagu i energiju pri intenzivnim treninzima<\/li>\n<\/ul>\n","protected":false},"featured_media":133945,"template":"","meta":{"footnotes":""},"product_brand":[],"product_cat":[5710,6089,6941],"product_tag":[],"class_list":{"0":"post-136021","1":"product","2":"type-product","3":"status-publish","4":"has-post-thumbnail","6":"product_cat-hrana-za-konje-hr","7":"product_cat-marstall-hr","8":"product_cat-sportska-linija","10":"first","11":"outofstock","12":"sale","13":"featured","14":"shipping-taxable","15":"purchasable","16":"product-type-simple"},"yoast_head":"<!-- This site is optimized with the Yoast SEO plugin v27.4 - https:\/\/yoast.com\/product\/yoast-seo-wordpress\/ -->\n<title>Marstall Sport Energy - Clair<\/title>\n<meta name=\"description\" content=\"idealni potpuni obrok za sportskog konja  s dodanim vitaminom E i selenom za optimalno odr\u017eavanje mi\u0161i\u0107a  za snagu i energiju pri intenzivnim treninzima\" \/>\n<meta name=\"robots\" content=\"index, follow, max-snippet:-1, max-image-preview:large, max-video-preview:-1\" \/>\n<link rel=\"canonical\" href=\"https:\/\/clair.si\/hr\/izdelek\/marstall-sport-energy\/\" \/>\n<meta property=\"og:locale\" content=\"hr_HR\" \/>\n<meta property=\"og:type\" content=\"article\" \/>\n<meta property=\"og:title\" content=\"Marstall Sport Energy - Clair\" \/>\n<meta property=\"og:description\" content=\"idealni potpuni obrok za sportskog konja  s dodanim vitaminom E i selenom za optimalno odr\u017eavanje mi\u0161i\u0107a  za snagu i energiju pri intenzivnim treninzima\" \/>\n<meta property=\"og:url\" content=\"https:\/\/clair.si\/hr\/izdelek\/marstall-sport-energy\/\" \/>\n<meta property=\"og:site_name\" content=\"Clair\" \/>\n<meta property=\"article:publisher\" content=\"https:\/\/www.facebook.com\/TrgovinaClair\/\" \/>\n<meta property=\"og:image\" content=\"https:\/\/clair.si\/wp-content\/uploads\/2026\/03\/marstall-sport-energy.webp\" \/>\n\t<meta property=\"og:image:width\" content=\"1920\" \/>\n\t<meta property=\"og:image:height\" content=\"1920\" \/>\n\t<meta property=\"og:image:type\" content=\"image\/webp\" \/>\n<meta name=\"twitter:card\" content=\"summary_large_image\" \/>\n<meta name=\"twitter:label1\" content=\"Procijenjeno vrijeme \u010ditanja\" \/>\n\t<meta name=\"twitter:data1\" content=\"2 minute\" \/>\n<script type=\"application\/ld+json\" class=\"yoast-schema-graph\">{\"@context\":\"https:\\\/\\\/schema.org\",\"@graph\":[{\"@type\":\"WebPage\",\"@id\":\"https:\\\/\\\/clair.si\\\/hr\\\/izdelek\\\/marstall-sport-energy\\\/\",\"url\":\"https:\\\/\\\/clair.si\\\/hr\\\/izdelek\\\/marstall-sport-energy\\\/\",\"name\":\"Marstall Sport Energy - Clair\",\"isPartOf\":{\"@id\":\"https:\\\/\\\/clair.si\\\/#website\"},\"primaryImageOfPage\":{\"@id\":\"https:\\\/\\\/clair.si\\\/hr\\\/izdelek\\\/marstall-sport-energy\\\/#primaryimage\"},\"image\":{\"@id\":\"https:\\\/\\\/clair.si\\\/hr\\\/izdelek\\\/marstall-sport-energy\\\/#primaryimage\"},\"thumbnailUrl\":\"https:\\\/\\\/clair.si\\\/wp-content\\\/uploads\\\/2026\\\/03\\\/marstall-sport-energy.webp\",\"datePublished\":\"2026-03-19T11:34:16+00:00\",\"description\":\"idealni potpuni obrok za sportskog konja s dodanim vitaminom E i selenom za optimalno odr\u017eavanje mi\u0161i\u0107a za snagu i energiju pri intenzivnim treninzima\",\"breadcrumb\":{\"@id\":\"https:\\\/\\\/clair.si\\\/hr\\\/izdelek\\\/marstall-sport-energy\\\/#breadcrumb\"},\"inLanguage\":\"hr\",\"potentialAction\":[{\"@type\":\"ReadAction\",\"target\":[\"https:\\\/\\\/clair.si\\\/hr\\\/izdelek\\\/marstall-sport-energy\\\/\"]}]},{\"@type\":\"ImageObject\",\"inLanguage\":\"hr\",\"@id\":\"https:\\\/\\\/clair.si\\\/hr\\\/izdelek\\\/marstall-sport-energy\\\/#primaryimage\",\"url\":\"https:\\\/\\\/clair.si\\\/wp-content\\\/uploads\\\/2026\\\/03\\\/marstall-sport-energy.webp\",\"contentUrl\":\"https:\\\/\\\/clair.si\\\/wp-content\\\/uploads\\\/2026\\\/03\\\/marstall-sport-energy.webp\",\"width\":1920,\"height\":1920},{\"@type\":\"BreadcrumbList\",\"@id\":\"https:\\\/\\\/clair.si\\\/hr\\\/izdelek\\\/marstall-sport-energy\\\/#breadcrumb\",\"itemListElement\":[{\"@type\":\"ListItem\",\"position\":1,\"name\":\"Home\",\"item\":\"https:\\\/\\\/clair.si\\\/hr\\\/\"},{\"@type\":\"ListItem\",\"position\":2,\"name\":\"Trgovina\",\"item\":\"https:\\\/\\\/clair.si\\\/trgovina\\\/\"},{\"@type\":\"ListItem\",\"position\":3,\"name\":\"Marstall Sport Energy\"}]},{\"@type\":\"WebSite\",\"@id\":\"https:\\\/\\\/clair.si\\\/#website\",\"url\":\"https:\\\/\\\/clair.si\\\/\",\"name\":\"Clair\",\"description\":\"Trgovina s konjeni\u0161ko opremo\",\"publisher\":{\"@id\":\"https:\\\/\\\/clair.si\\\/#organization\"},\"potentialAction\":[{\"@type\":\"SearchAction\",\"target\":{\"@type\":\"EntryPoint\",\"urlTemplate\":\"https:\\\/\\\/clair.si\\\/?s={search_term_string}\"},\"query-input\":{\"@type\":\"PropertyValueSpecification\",\"valueRequired\":true,\"valueName\":\"search_term_string\"}}],\"inLanguage\":\"hr\"},{\"@type\":\"Organization\",\"@id\":\"https:\\\/\\\/clair.si\\\/#organization\",\"name\":\"Clair\",\"url\":\"https:\\\/\\\/clair.si\\\/\",\"logo\":{\"@type\":\"ImageObject\",\"inLanguage\":\"hr\",\"@id\":\"https:\\\/\\\/clair.si\\\/#\\\/schema\\\/logo\\\/image\\\/\",\"url\":\"https:\\\/\\\/clair.si\\\/wp-content\\\/uploads\\\/2022\\\/11\\\/clair_logo_2022.jpg\",\"contentUrl\":\"https:\\\/\\\/clair.si\\\/wp-content\\\/uploads\\\/2022\\\/11\\\/clair_logo_2022.jpg\",\"width\":1920,\"height\":1920,\"caption\":\"Clair\"},\"image\":{\"@id\":\"https:\\\/\\\/clair.si\\\/#\\\/schema\\\/logo\\\/image\\\/\"},\"sameAs\":[\"https:\\\/\\\/www.facebook.com\\\/TrgovinaClair\\\/\"]}]}<\/script>\n<!-- \/ Yoast SEO plugin. -->","yoast_head_json":{"title":"Marstall Sport Energy - Clair","description":"idealni potpuni obrok za sportskog konja  s dodanim vitaminom E i selenom za optimalno odr\u017eavanje mi\u0161i\u0107a  za snagu i energiju pri intenzivnim treninzima","robots":{"index":"index","follow":"follow","max-snippet":"max-snippet:-1","max-image-preview":"max-image-preview:large","max-video-preview":"max-video-preview:-1"},"canonical":"https:\/\/clair.si\/hr\/izdelek\/marstall-sport-energy\/","og_locale":"hr_HR","og_type":"article","og_title":"Marstall Sport Energy - Clair","og_description":"idealni potpuni obrok za sportskog konja  s dodanim vitaminom E i selenom za optimalno odr\u017eavanje mi\u0161i\u0107a  za snagu i energiju pri intenzivnim treninzima","og_url":"https:\/\/clair.si\/hr\/izdelek\/marstall-sport-energy\/","og_site_name":"Clair","article_publisher":"https:\/\/www.facebook.com\/TrgovinaClair\/","og_image":[{"width":1920,"height":1920,"url":"https:\/\/clair.si\/wp-content\/uploads\/2026\/03\/marstall-sport-energy.webp","type":"image\/webp"}],"twitter_card":"summary_large_image","twitter_misc":{"Procijenjeno vrijeme \u010ditanja":"2 minute"},"schema":{"@context":"https:\/\/schema.org","@graph":[{"@type":"WebPage","@id":"https:\/\/clair.si\/hr\/izdelek\/marstall-sport-energy\/","url":"https:\/\/clair.si\/hr\/izdelek\/marstall-sport-energy\/","name":"Marstall Sport Energy - Clair","isPartOf":{"@id":"https:\/\/clair.si\/#website"},"primaryImageOfPage":{"@id":"https:\/\/clair.si\/hr\/izdelek\/marstall-sport-energy\/#primaryimage"},"image":{"@id":"https:\/\/clair.si\/hr\/izdelek\/marstall-sport-energy\/#primaryimage"},"thumbnailUrl":"https:\/\/clair.si\/wp-content\/uploads\/2026\/03\/marstall-sport-energy.webp","datePublished":"2026-03-19T11:34:16+00:00","description":"idealni potpuni obrok za sportskog konja s dodanim vitaminom E i selenom za optimalno odr\u017eavanje mi\u0161i\u0107a za snagu i energiju pri intenzivnim treninzima","breadcrumb":{"@id":"https:\/\/clair.si\/hr\/izdelek\/marstall-sport-energy\/#breadcrumb"},"inLanguage":"hr","potentialAction":[{"@type":"ReadAction","target":["https:\/\/clair.si\/hr\/izdelek\/marstall-sport-energy\/"]}]},{"@type":"ImageObject","inLanguage":"hr","@id":"https:\/\/clair.si\/hr\/izdelek\/marstall-sport-energy\/#primaryimage","url":"https:\/\/clair.si\/wp-content\/uploads\/2026\/03\/marstall-sport-energy.webp","contentUrl":"https:\/\/clair.si\/wp-content\/uploads\/2026\/03\/marstall-sport-energy.webp","width":1920,"height":1920},{"@type":"BreadcrumbList","@id":"https:\/\/clair.si\/hr\/izdelek\/marstall-sport-energy\/#breadcrumb","itemListElement":[{"@type":"ListItem","position":1,"name":"Home","item":"https:\/\/clair.si\/hr\/"},{"@type":"ListItem","position":2,"name":"Trgovina","item":"https:\/\/clair.si\/trgovina\/"},{"@type":"ListItem","position":3,"name":"Marstall Sport Energy"}]},{"@type":"WebSite","@id":"https:\/\/clair.si\/#website","url":"https:\/\/clair.si\/","name":"Clair","description":"Trgovina s konjeni\u0161ko opremo","publisher":{"@id":"https:\/\/clair.si\/#organization"},"potentialAction":[{"@type":"SearchAction","target":{"@type":"EntryPoint","urlTemplate":"https:\/\/clair.si\/?s={search_term_string}"},"query-input":{"@type":"PropertyValueSpecification","valueRequired":true,"valueName":"search_term_string"}}],"inLanguage":"hr"},{"@type":"Organization","@id":"https:\/\/clair.si\/#organization","name":"Clair","url":"https:\/\/clair.si\/","logo":{"@type":"ImageObject","inLanguage":"hr","@id":"https:\/\/clair.si\/#\/schema\/logo\/image\/","url":"https:\/\/clair.si\/wp-content\/uploads\/2022\/11\/clair_logo_2022.jpg","contentUrl":"https:\/\/clair.si\/wp-content\/uploads\/2022\/11\/clair_logo_2022.jpg","width":1920,"height":1920,"caption":"Clair"},"image":{"@id":"https:\/\/clair.si\/#\/schema\/logo\/image\/"},"sameAs":["https:\/\/www.facebook.com\/TrgovinaClair\/"]}]}},"_links":{"self":[{"href":"https:\/\/clair.si\/hr\/wp-json\/wp\/v2\/product\/136021","targetHints":{"allow":["GET"]}}],"collection":[{"href":"https:\/\/clair.si\/hr\/wp-json\/wp\/v2\/product"}],"about":[{"href":"https:\/\/clair.si\/hr\/wp-json\/wp\/v2\/types\/product"}],"version-history":[{"count":0,"href":"https:\/\/clair.si\/hr\/wp-json\/wp\/v2\/product\/136021\/revisions"}],"wp:featuredmedia":[{"embeddable":true,"href":"https:\/\/clair.si\/hr\/wp-json\/wp\/v2\/media\/133945"}],"wp:attachment":[{"href":"https:\/\/clair.si\/hr\/wp-json\/wp\/v2\/media?parent=136021"}],"wp:term":[{"taxonomy":"product_brand","embeddable":true,"href":"https:\/\/clair.si\/hr\/wp-json\/wp\/v2\/product_brand?post=136021"},{"taxonomy":"product_cat","embeddable":true,"href":"https:\/\/clair.si\/hr\/wp-json\/wp\/v2\/product_cat?post=136021"},{"taxonomy":"product_tag","embeddable":true,"href":"https:\/\/clair.si\/hr\/wp-json\/wp\/v2\/product_tag?post=136021"}],"curies":[{"name":"wp","href":"https:\/\/api.w.org\/{rel}","templated":true}]}}