{"id":136052,"date":"2026-03-25T18:54:48","date_gmt":"2026-03-25T17:54:48","guid":{"rendered":"https:\/\/clair.si\/izdelek\/kanta-s-ruckom-hh-tirkizna\/"},"modified":"2026-03-25T18:54:48","modified_gmt":"2026-03-25T17:54:48","slug":"kanta-s-ruckom-hh-tirkizna","status":"publish","type":"product","link":"https:\/\/clair.si\/hr\/izdelek\/kanta-s-ruckom-hh-tirkizna\/","title":{"rendered":"Kanta s ru\u010dkom HH tirkizna"},"content":{"rendered":"<p class=\"font-claude-response-body break-words whitespace-normal leading-[1.7]\">Kanta koja rje\u0161ava tri situacije odjednom: preno\u0161enje hrane ili vode od \u0161tale do pa\u0161njaka, hranjenje na natjecanju te trajno vje\u0161anje na vrata boksa ili ogradu.<\/p>\n<p class=\"font-claude-response-body break-words whitespace-normal leading-[1.7]\">Kanta je izra\u0111ena od izdr\u017eljive plastike koja podnosi udarce, hladno\u0107u i svakodnevnu upotrebu bez pukotina ili deformacija. Metalni ru\u010dak omogu\u0107uje sigurno no\u0161enje i jednom rukom, a dvije metalne kuke na stra\u017enjoj strani osiguravaju da kanta \u010dvrsto stoji na letvi ograde, vratima boksa ili ogradi pa\u0161njaka \u2014 bez ljuljanja, bez padanja. Zaobljeni rubovi sigurni su za konja pri hranjenju.  <\/p>\n<p class=\"font-claude-response-body break-words whitespace-normal leading-[1.7]\">Lako za ispiranje i odr\u017eavanje.<\/p>\n<p class=\"font-claude-response-body break-words whitespace-normal leading-[1.7]\"><strong>Materijal:<\/strong> izdr\u017eljiva plastika, metalni ru\u010dak i kuke<\/p>\n<p class=\"font-claude-response-body break-words whitespace-normal leading-[1.7]\"><strong>Zapremina:<\/strong> ~14 litara<\/p>\n","protected":false},"excerpt":{"rendered":"<ul>\n<li>s ru\u010dkom za no\u0161enje<\/li>\n<li>s dvije kuke<\/li>\n<\/ul>\n","protected":false},"featured_media":134351,"template":"","meta":{"footnotes":""},"product_brand":[],"product_cat":[5756,5824,5627],"product_tag":[],"class_list":{"0":"post-136052","1":"product","2":"type-product","3":"status-publish","4":"has-post-thumbnail","6":"product_cat-dodaci-za-stalu","7":"product_cat-hranilice","8":"product_cat-stala-i-pasnjak","10":"first","11":"instock","12":"sale","13":"shipping-taxable","14":"purchasable","15":"product-type-simple"},"yoast_head":"<!-- This site is optimized with the Yoast SEO plugin v27.4 - https:\/\/yoast.com\/product\/yoast-seo-wordpress\/ -->\n<title>Kanta s ru\u010dkom HH tirkizna - Clair<\/title>\n<meta name=\"description\" content=\"s ru\u010dkom za no\u0161enje  s dvije kuke\" \/>\n<meta name=\"robots\" content=\"index, follow, max-snippet:-1, max-image-preview:large, max-video-preview:-1\" \/>\n<link rel=\"canonical\" href=\"https:\/\/clair.si\/hr\/izdelek\/kanta-s-ruckom-hh-tirkizna\/\" \/>\n<meta property=\"og:locale\" content=\"hr_HR\" \/>\n<meta property=\"og:type\" content=\"article\" \/>\n<meta property=\"og:title\" content=\"Kanta s ru\u010dkom HH tirkizna - Clair\" \/>\n<meta property=\"og:description\" content=\"s ru\u010dkom za no\u0161enje  s dvije kuke\" \/>\n<meta property=\"og:url\" content=\"https:\/\/clair.si\/hr\/izdelek\/kanta-s-ruckom-hh-tirkizna\/\" \/>\n<meta property=\"og:site_name\" content=\"Clair\" \/>\n<meta property=\"article:publisher\" content=\"https:\/\/www.facebook.com\/TrgovinaClair\/\" \/>\n<meta property=\"og:image\" content=\"https:\/\/clair.si\/wp-content\/uploads\/2026\/03\/34323tu__01.webp\" \/>\n\t<meta property=\"og:image:width\" content=\"600\" \/>\n\t<meta property=\"og:image:height\" content=\"518\" \/>\n\t<meta property=\"og:image:type\" content=\"image\/png\" \/>\n<meta name=\"twitter:card\" content=\"summary_large_image\" \/>\n<meta name=\"twitter:label1\" content=\"Procijenjeno vrijeme \u010ditanja\" \/>\n\t<meta name=\"twitter:data1\" content=\"1 minuta\" \/>\n<script type=\"application\/ld+json\" class=\"yoast-schema-graph\">{\"@context\":\"https:\\\/\\\/schema.org\",\"@graph\":[{\"@type\":\"WebPage\",\"@id\":\"https:\\\/\\\/clair.si\\\/hr\\\/izdelek\\\/kanta-s-ruckom-hh-tirkizna\\\/\",\"url\":\"https:\\\/\\\/clair.si\\\/hr\\\/izdelek\\\/kanta-s-ruckom-hh-tirkizna\\\/\",\"name\":\"Kanta s ru\u010dkom HH tirkizna - Clair\",\"isPartOf\":{\"@id\":\"https:\\\/\\\/clair.si\\\/#website\"},\"primaryImageOfPage\":{\"@id\":\"https:\\\/\\\/clair.si\\\/hr\\\/izdelek\\\/kanta-s-ruckom-hh-tirkizna\\\/#primaryimage\"},\"image\":{\"@id\":\"https:\\\/\\\/clair.si\\\/hr\\\/izdelek\\\/kanta-s-ruckom-hh-tirkizna\\\/#primaryimage\"},\"thumbnailUrl\":\"https:\\\/\\\/clair.si\\\/wp-content\\\/uploads\\\/2026\\\/03\\\/34323tu__01.webp\",\"datePublished\":\"2026-03-25T17:54:48+00:00\",\"description\":\"s ru\u010dkom za no\u0161enje s dvije kuke\",\"breadcrumb\":{\"@id\":\"https:\\\/\\\/clair.si\\\/hr\\\/izdelek\\\/kanta-s-ruckom-hh-tirkizna\\\/#breadcrumb\"},\"inLanguage\":\"hr\",\"potentialAction\":[{\"@type\":\"ReadAction\",\"target\":[\"https:\\\/\\\/clair.si\\\/hr\\\/izdelek\\\/kanta-s-ruckom-hh-tirkizna\\\/\"]}]},{\"@type\":\"ImageObject\",\"inLanguage\":\"hr\",\"@id\":\"https:\\\/\\\/clair.si\\\/hr\\\/izdelek\\\/kanta-s-ruckom-hh-tirkizna\\\/#primaryimage\",\"url\":\"https:\\\/\\\/clair.si\\\/wp-content\\\/uploads\\\/2026\\\/03\\\/34323tu__01.webp\",\"contentUrl\":\"https:\\\/\\\/clair.si\\\/wp-content\\\/uploads\\\/2026\\\/03\\\/34323tu__01.webp\",\"width\":600,\"height\":518},{\"@type\":\"BreadcrumbList\",\"@id\":\"https:\\\/\\\/clair.si\\\/hr\\\/izdelek\\\/kanta-s-ruckom-hh-tirkizna\\\/#breadcrumb\",\"itemListElement\":[{\"@type\":\"ListItem\",\"position\":1,\"name\":\"Home\",\"item\":\"https:\\\/\\\/clair.si\\\/hr\\\/\"},{\"@type\":\"ListItem\",\"position\":2,\"name\":\"Trgovina\",\"item\":\"https:\\\/\\\/clair.si\\\/trgovina\\\/\"},{\"@type\":\"ListItem\",\"position\":3,\"name\":\"Kanta s ru\u010dkom HH tirkizna\"}]},{\"@type\":\"WebSite\",\"@id\":\"https:\\\/\\\/clair.si\\\/#website\",\"url\":\"https:\\\/\\\/clair.si\\\/\",\"name\":\"Clair\",\"description\":\"Trgovina s konjeni\u0161ko opremo\",\"publisher\":{\"@id\":\"https:\\\/\\\/clair.si\\\/#organization\"},\"potentialAction\":[{\"@type\":\"SearchAction\",\"target\":{\"@type\":\"EntryPoint\",\"urlTemplate\":\"https:\\\/\\\/clair.si\\\/?s={search_term_string}\"},\"query-input\":{\"@type\":\"PropertyValueSpecification\",\"valueRequired\":true,\"valueName\":\"search_term_string\"}}],\"inLanguage\":\"hr\"},{\"@type\":\"Organization\",\"@id\":\"https:\\\/\\\/clair.si\\\/#organization\",\"name\":\"Clair\",\"url\":\"https:\\\/\\\/clair.si\\\/\",\"logo\":{\"@type\":\"ImageObject\",\"inLanguage\":\"hr\",\"@id\":\"https:\\\/\\\/clair.si\\\/#\\\/schema\\\/logo\\\/image\\\/\",\"url\":\"https:\\\/\\\/clair.si\\\/wp-content\\\/uploads\\\/2022\\\/11\\\/clair_logo_2022.jpg\",\"contentUrl\":\"https:\\\/\\\/clair.si\\\/wp-content\\\/uploads\\\/2022\\\/11\\\/clair_logo_2022.jpg\",\"width\":1920,\"height\":1920,\"caption\":\"Clair\"},\"image\":{\"@id\":\"https:\\\/\\\/clair.si\\\/#\\\/schema\\\/logo\\\/image\\\/\"},\"sameAs\":[\"https:\\\/\\\/www.facebook.com\\\/TrgovinaClair\\\/\"]}]}<\/script>\n<!-- \/ Yoast SEO plugin. -->","yoast_head_json":{"title":"Kanta s ru\u010dkom HH tirkizna - Clair","description":"s ru\u010dkom za no\u0161enje  s dvije kuke","robots":{"index":"index","follow":"follow","max-snippet":"max-snippet:-1","max-image-preview":"max-image-preview:large","max-video-preview":"max-video-preview:-1"},"canonical":"https:\/\/clair.si\/hr\/izdelek\/kanta-s-ruckom-hh-tirkizna\/","og_locale":"hr_HR","og_type":"article","og_title":"Kanta s ru\u010dkom HH tirkizna - Clair","og_description":"s ru\u010dkom za no\u0161enje  s dvije kuke","og_url":"https:\/\/clair.si\/hr\/izdelek\/kanta-s-ruckom-hh-tirkizna\/","og_site_name":"Clair","article_publisher":"https:\/\/www.facebook.com\/TrgovinaClair\/","og_image":[{"width":600,"height":518,"url":"https:\/\/clair.si\/wp-content\/uploads\/2026\/03\/34323tu__01.webp","type":"image\/png"}],"twitter_card":"summary_large_image","twitter_misc":{"Procijenjeno vrijeme \u010ditanja":"1 minuta"},"schema":{"@context":"https:\/\/schema.org","@graph":[{"@type":"WebPage","@id":"https:\/\/clair.si\/hr\/izdelek\/kanta-s-ruckom-hh-tirkizna\/","url":"https:\/\/clair.si\/hr\/izdelek\/kanta-s-ruckom-hh-tirkizna\/","name":"Kanta s ru\u010dkom HH tirkizna - Clair","isPartOf":{"@id":"https:\/\/clair.si\/#website"},"primaryImageOfPage":{"@id":"https:\/\/clair.si\/hr\/izdelek\/kanta-s-ruckom-hh-tirkizna\/#primaryimage"},"image":{"@id":"https:\/\/clair.si\/hr\/izdelek\/kanta-s-ruckom-hh-tirkizna\/#primaryimage"},"thumbnailUrl":"https:\/\/clair.si\/wp-content\/uploads\/2026\/03\/34323tu__01.webp","datePublished":"2026-03-25T17:54:48+00:00","description":"s ru\u010dkom za no\u0161enje s dvije kuke","breadcrumb":{"@id":"https:\/\/clair.si\/hr\/izdelek\/kanta-s-ruckom-hh-tirkizna\/#breadcrumb"},"inLanguage":"hr","potentialAction":[{"@type":"ReadAction","target":["https:\/\/clair.si\/hr\/izdelek\/kanta-s-ruckom-hh-tirkizna\/"]}]},{"@type":"ImageObject","inLanguage":"hr","@id":"https:\/\/clair.si\/hr\/izdelek\/kanta-s-ruckom-hh-tirkizna\/#primaryimage","url":"https:\/\/clair.si\/wp-content\/uploads\/2026\/03\/34323tu__01.webp","contentUrl":"https:\/\/clair.si\/wp-content\/uploads\/2026\/03\/34323tu__01.webp","width":600,"height":518},{"@type":"BreadcrumbList","@id":"https:\/\/clair.si\/hr\/izdelek\/kanta-s-ruckom-hh-tirkizna\/#breadcrumb","itemListElement":[{"@type":"ListItem","position":1,"name":"Home","item":"https:\/\/clair.si\/hr\/"},{"@type":"ListItem","position":2,"name":"Trgovina","item":"https:\/\/clair.si\/trgovina\/"},{"@type":"ListItem","position":3,"name":"Kanta s ru\u010dkom HH tirkizna"}]},{"@type":"WebSite","@id":"https:\/\/clair.si\/#website","url":"https:\/\/clair.si\/","name":"Clair","description":"Trgovina s konjeni\u0161ko opremo","publisher":{"@id":"https:\/\/clair.si\/#organization"},"potentialAction":[{"@type":"SearchAction","target":{"@type":"EntryPoint","urlTemplate":"https:\/\/clair.si\/?s={search_term_string}"},"query-input":{"@type":"PropertyValueSpecification","valueRequired":true,"valueName":"search_term_string"}}],"inLanguage":"hr"},{"@type":"Organization","@id":"https:\/\/clair.si\/#organization","name":"Clair","url":"https:\/\/clair.si\/","logo":{"@type":"ImageObject","inLanguage":"hr","@id":"https:\/\/clair.si\/#\/schema\/logo\/image\/","url":"https:\/\/clair.si\/wp-content\/uploads\/2022\/11\/clair_logo_2022.jpg","contentUrl":"https:\/\/clair.si\/wp-content\/uploads\/2022\/11\/clair_logo_2022.jpg","width":1920,"height":1920,"caption":"Clair"},"image":{"@id":"https:\/\/clair.si\/#\/schema\/logo\/image\/"},"sameAs":["https:\/\/www.facebook.com\/TrgovinaClair\/"]}]}},"_links":{"self":[{"href":"https:\/\/clair.si\/hr\/wp-json\/wp\/v2\/product\/136052","targetHints":{"allow":["GET"]}}],"collection":[{"href":"https:\/\/clair.si\/hr\/wp-json\/wp\/v2\/product"}],"about":[{"href":"https:\/\/clair.si\/hr\/wp-json\/wp\/v2\/types\/product"}],"version-history":[{"count":0,"href":"https:\/\/clair.si\/hr\/wp-json\/wp\/v2\/product\/136052\/revisions"}],"wp:featuredmedia":[{"embeddable":true,"href":"https:\/\/clair.si\/hr\/wp-json\/wp\/v2\/media\/134351"}],"wp:attachment":[{"href":"https:\/\/clair.si\/hr\/wp-json\/wp\/v2\/media?parent=136052"}],"wp:term":[{"taxonomy":"product_brand","embeddable":true,"href":"https:\/\/clair.si\/hr\/wp-json\/wp\/v2\/product_brand?post=136052"},{"taxonomy":"product_cat","embeddable":true,"href":"https:\/\/clair.si\/hr\/wp-json\/wp\/v2\/product_cat?post=136052"},{"taxonomy":"product_tag","embeddable":true,"href":"https:\/\/clair.si\/hr\/wp-json\/wp\/v2\/product_tag?post=136052"}],"curies":[{"name":"wp","href":"https:\/\/api.w.org\/{rel}","templated":true}]}}