{"id":136053,"date":"2026-03-25T18:19:24","date_gmt":"2026-03-25T17:19:24","guid":{"rendered":"https:\/\/clair.si\/izdelek\/solni-kamen-anti-insect\/"},"modified":"2026-04-19T09:54:18","modified_gmt":"2026-04-19T07:54:18","slug":"solni-kamen-anti-insect","status":"publish","type":"product","link":"https:\/\/clair.si\/hr\/izdelek\/solni-kamen-anti-insect\/","title":{"rendered":"Solni kamen Anti Insect"},"content":{"rendered":"<p class=\"font-claude-response-body break-words whitespace-normal leading-[1.7]\">Solni kamen Anti-Insect djeluje po jednostavnom, ali u\u010dinkovitom principu: aktivne prirodne tvari (mje\u0161avina eteri\u010dnih ulja na bazi \u010de\u0161njaka) nakon konzumacije se izlu\u010duju kroz ko\u017eu konja i stvaraju okru\u017eenje koje odbija kukce. Rezultat: manje muha, manje komaraca, manje stresa ljeti.<\/p>\n<p class=\"font-claude-response-body break-words whitespace-normal leading-[1.7]\">Osim odbijanja kukaca, kamen djeluje kao mineralni dodatak: sadr\u017ei \u017eeljezo, selen, cink, mangan i vitamin E s antioksidativnim u\u010dinkom, podr\u017eava imunolo\u0161ki sustav te poma\u017ee u odr\u017eavanju neutralnog pH \u017eeluca. Sve to u jednoj kocki od 3 kg koju konj uzima sam prema svojim potrebama.<\/p>\n<p class=\"font-claude-response-body break-words whitespace-normal leading-[1.7]\"><strong>Vrsta hrane:<\/strong> Dopunska mineralna hrana za konje, goveda, ovce i koze.<\/p>\n<p class=\"font-claude-response-body break-words whitespace-normal leading-[1.7]\"><strong>Sastav:<\/strong> natrijev klorid, kalcijev karbonat, dikalcijev fosfat, magnezijev oksid, mje\u0161avina eteri\u010dnih ulja (na bazi \u010de\u0161njaka), melasa (0,3 %)<\/p>\n<p class=\"font-claude-response-body break-words whitespace-normal leading-[1.7]\"><strong>Analiti\u010dki sastav:<\/strong> 37,5 % natrij, 0,79 % kalcij, 0,35 % magnezij, 0,25 % fosfor<\/p>\n<p class=\"font-claude-response-body break-words whitespace-normal leading-[1.7]\"><strong>Dodaci po kg:<\/strong> \u017eeljezo 930 mg (\u017eeljezov(II) sulfat monohidrat, 3b103), mangan 273 mg (manganov(II) oksid, 3b502), cink 145 mg (cinkov oksid, 3b603), jod 60 mg (granulirani kalcijev jodat, 3b203), kobalt 25 mg (granulirani kobaltov(II) karbonat, 3b304), selen 7,5 mg (granulirani natrijev selenit, 3b802), vitamin A 15.000 IU (3a672a), vitamin D3 2.500 IU (3a671), vitamin E 21,3 IU (3a700)<\/p>\n<p class=\"font-claude-response-body break-words whitespace-normal leading-[1.7]\"><strong>Senzorni dodaci:<\/strong> prirodne arome.<\/p>\n<p class=\"font-claude-response-body break-words whitespace-normal leading-[1.7]\"><strong>Upute za hranjenje:<\/strong> Zbog ve\u0107eg sadr\u017eaja elemenata u tragovima i vitamina u usporedbi s potpunom hranom, ova dopunska hrana smije se dodavati konjima, govedima, ovcama i kozama u koli\u010dini do najvi\u0161e 1 % dnevnog obroka.<\/p>\n<p class=\"font-claude-response-body break-words whitespace-normal leading-[1.7]\"><strong>Neto masa:<\/strong> 3 kg<\/p>\n","protected":false},"excerpt":{"rendered":"<ul>\n<li>za prirodno odbijanje muha i ostalih kukaca<\/li>\n<li>3 kg kamenje<\/li>\n<\/ul>\n","protected":false},"featured_media":134340,"template":"","meta":{"footnotes":""},"product_brand":[],"product_cat":[5657,5782,5710],"product_tag":[],"class_list":{"0":"post-136053","1":"product","2":"type-product","3":"status-publish","4":"has-post-thumbnail","6":"product_cat-kategorije-hr","7":"product_cat-kolacici-i-kamenje-soli","8":"product_cat-hrana-za-konje-hr","10":"first","11":"instock","12":"sale","13":"shipping-taxable","14":"purchasable","15":"product-type-simple"},"yoast_head":"<!-- This site is optimized with the Yoast SEO plugin v27.4 - https:\/\/yoast.com\/product\/yoast-seo-wordpress\/ -->\n<title>Solni kamen Anti Insect - Clair<\/title>\n<meta name=\"description\" content=\"za prirodno odbijanje muha i ostalih kukaca  3 kg kamenje\" \/>\n<meta name=\"robots\" content=\"index, follow, max-snippet:-1, max-image-preview:large, max-video-preview:-1\" \/>\n<link rel=\"canonical\" href=\"https:\/\/clair.si\/hr\/izdelek\/solni-kamen-anti-insect\/\" \/>\n<meta property=\"og:locale\" content=\"hr_HR\" \/>\n<meta property=\"og:type\" content=\"article\" \/>\n<meta property=\"og:title\" content=\"Solni kamen Anti Insect - Clair\" \/>\n<meta property=\"og:description\" content=\"za prirodno odbijanje muha i ostalih kukaca  3 kg kamenje\" \/>\n<meta property=\"og:url\" content=\"https:\/\/clair.si\/hr\/izdelek\/solni-kamen-anti-insect\/\" \/>\n<meta property=\"og:site_name\" content=\"Clair\" \/>\n<meta property=\"article:publisher\" content=\"https:\/\/www.facebook.com\/TrgovinaClair\/\" \/>\n<meta property=\"article:modified_time\" content=\"2026-04-19T07:54:18+00:00\" \/>\n<meta property=\"og:image\" content=\"https:\/\/clair.si\/wp-content\/uploads\/2026\/03\/kamen-proti-mrcesu.webp\" \/>\n\t<meta property=\"og:image:width\" content=\"1000\" \/>\n\t<meta property=\"og:image:height\" content=\"1000\" \/>\n\t<meta property=\"og:image:type\" content=\"image\/webp\" \/>\n<meta name=\"twitter:card\" content=\"summary_large_image\" \/>\n<meta name=\"twitter:label1\" content=\"Procijenjeno vrijeme \u010ditanja\" \/>\n\t<meta name=\"twitter:data1\" content=\"2 minute\" \/>\n<script type=\"application\/ld+json\" class=\"yoast-schema-graph\">{\"@context\":\"https:\\\/\\\/schema.org\",\"@graph\":[{\"@type\":\"WebPage\",\"@id\":\"https:\\\/\\\/clair.si\\\/hr\\\/izdelek\\\/solni-kamen-anti-insect\\\/\",\"url\":\"https:\\\/\\\/clair.si\\\/hr\\\/izdelek\\\/solni-kamen-anti-insect\\\/\",\"name\":\"Solni kamen Anti Insect - Clair\",\"isPartOf\":{\"@id\":\"https:\\\/\\\/clair.si\\\/#website\"},\"primaryImageOfPage\":{\"@id\":\"https:\\\/\\\/clair.si\\\/hr\\\/izdelek\\\/solni-kamen-anti-insect\\\/#primaryimage\"},\"image\":{\"@id\":\"https:\\\/\\\/clair.si\\\/hr\\\/izdelek\\\/solni-kamen-anti-insect\\\/#primaryimage\"},\"thumbnailUrl\":\"https:\\\/\\\/clair.si\\\/wp-content\\\/uploads\\\/2026\\\/03\\\/kamen-proti-mrcesu.webp\",\"datePublished\":\"2026-03-25T17:19:24+00:00\",\"dateModified\":\"2026-04-19T07:54:18+00:00\",\"description\":\"za prirodno odbijanje muha i ostalih kukaca 3 kg kamenje\",\"breadcrumb\":{\"@id\":\"https:\\\/\\\/clair.si\\\/hr\\\/izdelek\\\/solni-kamen-anti-insect\\\/#breadcrumb\"},\"inLanguage\":\"hr\",\"potentialAction\":[{\"@type\":\"ReadAction\",\"target\":[\"https:\\\/\\\/clair.si\\\/hr\\\/izdelek\\\/solni-kamen-anti-insect\\\/\"]}]},{\"@type\":\"ImageObject\",\"inLanguage\":\"hr\",\"@id\":\"https:\\\/\\\/clair.si\\\/hr\\\/izdelek\\\/solni-kamen-anti-insect\\\/#primaryimage\",\"url\":\"https:\\\/\\\/clair.si\\\/wp-content\\\/uploads\\\/2026\\\/03\\\/kamen-proti-mrcesu.webp\",\"contentUrl\":\"https:\\\/\\\/clair.si\\\/wp-content\\\/uploads\\\/2026\\\/03\\\/kamen-proti-mrcesu.webp\",\"width\":1000,\"height\":1000},{\"@type\":\"BreadcrumbList\",\"@id\":\"https:\\\/\\\/clair.si\\\/hr\\\/izdelek\\\/solni-kamen-anti-insect\\\/#breadcrumb\",\"itemListElement\":[{\"@type\":\"ListItem\",\"position\":1,\"name\":\"Home\",\"item\":\"https:\\\/\\\/clair.si\\\/hr\\\/\"},{\"@type\":\"ListItem\",\"position\":2,\"name\":\"Trgovina\",\"item\":\"https:\\\/\\\/clair.si\\\/trgovina\\\/\"},{\"@type\":\"ListItem\",\"position\":3,\"name\":\"Solni kamen Anti Insect\"}]},{\"@type\":\"WebSite\",\"@id\":\"https:\\\/\\\/clair.si\\\/#website\",\"url\":\"https:\\\/\\\/clair.si\\\/\",\"name\":\"Clair\",\"description\":\"Trgovina s konjeni\u0161ko opremo\",\"publisher\":{\"@id\":\"https:\\\/\\\/clair.si\\\/#organization\"},\"potentialAction\":[{\"@type\":\"SearchAction\",\"target\":{\"@type\":\"EntryPoint\",\"urlTemplate\":\"https:\\\/\\\/clair.si\\\/?s={search_term_string}\"},\"query-input\":{\"@type\":\"PropertyValueSpecification\",\"valueRequired\":true,\"valueName\":\"search_term_string\"}}],\"inLanguage\":\"hr\"},{\"@type\":\"Organization\",\"@id\":\"https:\\\/\\\/clair.si\\\/#organization\",\"name\":\"Clair\",\"url\":\"https:\\\/\\\/clair.si\\\/\",\"logo\":{\"@type\":\"ImageObject\",\"inLanguage\":\"hr\",\"@id\":\"https:\\\/\\\/clair.si\\\/#\\\/schema\\\/logo\\\/image\\\/\",\"url\":\"https:\\\/\\\/clair.si\\\/wp-content\\\/uploads\\\/2022\\\/11\\\/clair_logo_2022.jpg\",\"contentUrl\":\"https:\\\/\\\/clair.si\\\/wp-content\\\/uploads\\\/2022\\\/11\\\/clair_logo_2022.jpg\",\"width\":1920,\"height\":1920,\"caption\":\"Clair\"},\"image\":{\"@id\":\"https:\\\/\\\/clair.si\\\/#\\\/schema\\\/logo\\\/image\\\/\"},\"sameAs\":[\"https:\\\/\\\/www.facebook.com\\\/TrgovinaClair\\\/\"]}]}<\/script>\n<!-- \/ Yoast SEO plugin. -->","yoast_head_json":{"title":"Solni kamen Anti Insect - Clair","description":"za prirodno odbijanje muha i ostalih kukaca  3 kg kamenje","robots":{"index":"index","follow":"follow","max-snippet":"max-snippet:-1","max-image-preview":"max-image-preview:large","max-video-preview":"max-video-preview:-1"},"canonical":"https:\/\/clair.si\/hr\/izdelek\/solni-kamen-anti-insect\/","og_locale":"hr_HR","og_type":"article","og_title":"Solni kamen Anti Insect - Clair","og_description":"za prirodno odbijanje muha i ostalih kukaca  3 kg kamenje","og_url":"https:\/\/clair.si\/hr\/izdelek\/solni-kamen-anti-insect\/","og_site_name":"Clair","article_publisher":"https:\/\/www.facebook.com\/TrgovinaClair\/","article_modified_time":"2026-04-19T07:54:18+00:00","og_image":[{"width":1000,"height":1000,"url":"https:\/\/clair.si\/wp-content\/uploads\/2026\/03\/kamen-proti-mrcesu.webp","type":"image\/webp"}],"twitter_card":"summary_large_image","twitter_misc":{"Procijenjeno vrijeme \u010ditanja":"2 minute"},"schema":{"@context":"https:\/\/schema.org","@graph":[{"@type":"WebPage","@id":"https:\/\/clair.si\/hr\/izdelek\/solni-kamen-anti-insect\/","url":"https:\/\/clair.si\/hr\/izdelek\/solni-kamen-anti-insect\/","name":"Solni kamen Anti Insect - Clair","isPartOf":{"@id":"https:\/\/clair.si\/#website"},"primaryImageOfPage":{"@id":"https:\/\/clair.si\/hr\/izdelek\/solni-kamen-anti-insect\/#primaryimage"},"image":{"@id":"https:\/\/clair.si\/hr\/izdelek\/solni-kamen-anti-insect\/#primaryimage"},"thumbnailUrl":"https:\/\/clair.si\/wp-content\/uploads\/2026\/03\/kamen-proti-mrcesu.webp","datePublished":"2026-03-25T17:19:24+00:00","dateModified":"2026-04-19T07:54:18+00:00","description":"za prirodno odbijanje muha i ostalih kukaca 3 kg kamenje","breadcrumb":{"@id":"https:\/\/clair.si\/hr\/izdelek\/solni-kamen-anti-insect\/#breadcrumb"},"inLanguage":"hr","potentialAction":[{"@type":"ReadAction","target":["https:\/\/clair.si\/hr\/izdelek\/solni-kamen-anti-insect\/"]}]},{"@type":"ImageObject","inLanguage":"hr","@id":"https:\/\/clair.si\/hr\/izdelek\/solni-kamen-anti-insect\/#primaryimage","url":"https:\/\/clair.si\/wp-content\/uploads\/2026\/03\/kamen-proti-mrcesu.webp","contentUrl":"https:\/\/clair.si\/wp-content\/uploads\/2026\/03\/kamen-proti-mrcesu.webp","width":1000,"height":1000},{"@type":"BreadcrumbList","@id":"https:\/\/clair.si\/hr\/izdelek\/solni-kamen-anti-insect\/#breadcrumb","itemListElement":[{"@type":"ListItem","position":1,"name":"Home","item":"https:\/\/clair.si\/hr\/"},{"@type":"ListItem","position":2,"name":"Trgovina","item":"https:\/\/clair.si\/trgovina\/"},{"@type":"ListItem","position":3,"name":"Solni kamen Anti Insect"}]},{"@type":"WebSite","@id":"https:\/\/clair.si\/#website","url":"https:\/\/clair.si\/","name":"Clair","description":"Trgovina s konjeni\u0161ko opremo","publisher":{"@id":"https:\/\/clair.si\/#organization"},"potentialAction":[{"@type":"SearchAction","target":{"@type":"EntryPoint","urlTemplate":"https:\/\/clair.si\/?s={search_term_string}"},"query-input":{"@type":"PropertyValueSpecification","valueRequired":true,"valueName":"search_term_string"}}],"inLanguage":"hr"},{"@type":"Organization","@id":"https:\/\/clair.si\/#organization","name":"Clair","url":"https:\/\/clair.si\/","logo":{"@type":"ImageObject","inLanguage":"hr","@id":"https:\/\/clair.si\/#\/schema\/logo\/image\/","url":"https:\/\/clair.si\/wp-content\/uploads\/2022\/11\/clair_logo_2022.jpg","contentUrl":"https:\/\/clair.si\/wp-content\/uploads\/2022\/11\/clair_logo_2022.jpg","width":1920,"height":1920,"caption":"Clair"},"image":{"@id":"https:\/\/clair.si\/#\/schema\/logo\/image\/"},"sameAs":["https:\/\/www.facebook.com\/TrgovinaClair\/"]}]}},"_links":{"self":[{"href":"https:\/\/clair.si\/hr\/wp-json\/wp\/v2\/product\/136053","targetHints":{"allow":["GET"]}}],"collection":[{"href":"https:\/\/clair.si\/hr\/wp-json\/wp\/v2\/product"}],"about":[{"href":"https:\/\/clair.si\/hr\/wp-json\/wp\/v2\/types\/product"}],"version-history":[{"count":1,"href":"https:\/\/clair.si\/hr\/wp-json\/wp\/v2\/product\/136053\/revisions"}],"predecessor-version":[{"id":136134,"href":"https:\/\/clair.si\/hr\/wp-json\/wp\/v2\/product\/136053\/revisions\/136134"}],"wp:featuredmedia":[{"embeddable":true,"href":"https:\/\/clair.si\/hr\/wp-json\/wp\/v2\/media\/134340"}],"wp:attachment":[{"href":"https:\/\/clair.si\/hr\/wp-json\/wp\/v2\/media?parent=136053"}],"wp:term":[{"taxonomy":"product_brand","embeddable":true,"href":"https:\/\/clair.si\/hr\/wp-json\/wp\/v2\/product_brand?post=136053"},{"taxonomy":"product_cat","embeddable":true,"href":"https:\/\/clair.si\/hr\/wp-json\/wp\/v2\/product_cat?post=136053"},{"taxonomy":"product_tag","embeddable":true,"href":"https:\/\/clair.si\/hr\/wp-json\/wp\/v2\/product_tag?post=136053"}],"curies":[{"name":"wp","href":"https:\/\/api.w.org\/{rel}","templated":true}]}}