{"id":136141,"date":"2026-04-09T11:52:14","date_gmt":"2026-04-09T09:52:14","guid":{"rendered":"https:\/\/clair.si\/izdelek\/oglavka-povodnik-norton-eco\/"},"modified":"2026-04-19T12:01:42","modified_gmt":"2026-04-19T10:01:42","slug":"oglavka-povodnik-norton-eco","status":"publish","type":"product","link":"https:\/\/clair.si\/hr\/izdelek\/oglavka-povodnik-norton-eco\/","title":{"rendered":"Oglavka + povodnik Norton Eco"},"content":{"rendered":"<p class=\"font-claude-response-body break-words whitespace-normal leading-[1.7]\">Komplet Norton Eco kombinira u\u017eetnu oglavku i odgovaraju\u0107i povodnik u trobojnom uzorku \u2013 dizajniran za jaha\u010de koji u radu s konjem slijede na\u010dela prirodne komunikacije. Unaprijed vezani \u010dvorovi na oglavki djeluju po principu pritiska i otpu\u0161tanja, \u0161to konju daje jasne i razumljive signale bez pretjeranog fizi\u010dkog pritiska. Rije\u010d je o jednostavnom, ali u\u010dinkovitom alatu kako za po\u010detnike u etolo\u0161kom radu, tako i za iskusne jaha\u010de u svakodnevnom rukovanju s konjem.  <\/p>\n<p class=\"font-claude-response-body break-words whitespace-normal leading-[1.7]\">Povodnik duljine 2,50 m nudi dovoljno slobode za rad na tlu, a istovremeno ostaje dovoljno kratak za preciznu kontrolu. Komplet je izra\u0111en od polipropilena i mo\u017ee se prati u perilici rublja. <\/p>\n<p class=\"font-claude-response-body break-words whitespace-normal leading-[1.7]\"><strong>Materijal:<\/strong> polipropilen.<\/p>\n<p class=\"font-claude-response-body break-words whitespace-normal leading-[1.7]\"><strong>Odr\u017eavanje:<\/strong> Pranje u perilici rublja na 30 \u00b0C. Ne su\u0161iti u su\u0161ilici. <\/p>\n","protected":false},"excerpt":{"rendered":"<ul>\n<li>komplet povodnika i u\u017eetne oglavke<\/li>\n<li>bez karabinera<\/li>\n<\/ul>\n","protected":false},"featured_media":135423,"template":"","meta":{"footnotes":""},"product_brand":[],"product_cat":[5624,6118,5742],"product_tag":[],"class_list":{"0":"post-136141","1":"product","2":"type-product","3":"status-publish","4":"has-post-thumbnail","6":"product_cat-konj-hr","7":"product_cat-pleteni-ulari","8":"product_cat-uzde-i-ulari","10":"first","11":"instock","12":"sale","13":"shipping-taxable","14":"purchasable","15":"product-type-variable"},"yoast_head":"<!-- This site is optimized with the Yoast SEO plugin v27.4 - https:\/\/yoast.com\/product\/yoast-seo-wordpress\/ -->\n<title>Oglavka + povodnik Norton Eco - Clair<\/title>\n<meta name=\"description\" content=\"komplet povodnika i u\u017eetne oglavke  bez karabinera\" \/>\n<meta name=\"robots\" content=\"index, follow, max-snippet:-1, max-image-preview:large, max-video-preview:-1\" \/>\n<link rel=\"canonical\" href=\"https:\/\/clair.si\/hr\/izdelek\/oglavka-povodnik-norton-eco\/\" \/>\n<meta property=\"og:locale\" content=\"hr_HR\" \/>\n<meta property=\"og:type\" content=\"article\" \/>\n<meta property=\"og:title\" content=\"Oglavka + povodnik Norton Eco - Clair\" \/>\n<meta property=\"og:description\" content=\"komplet povodnika i u\u017eetne oglavke  bez karabinera\" \/>\n<meta property=\"og:url\" content=\"https:\/\/clair.si\/hr\/izdelek\/oglavka-povodnik-norton-eco\/\" \/>\n<meta property=\"og:site_name\" content=\"Clair\" \/>\n<meta property=\"article:publisher\" content=\"https:\/\/www.facebook.com\/TrgovinaClair\/\" \/>\n<meta property=\"article:modified_time\" content=\"2026-04-19T10:01:42+00:00\" \/>\n<meta property=\"og:image\" content=\"https:\/\/clair.si\/wp-content\/uploads\/2026\/04\/norton-eco-ethological-headcollar-lead-rope-1.webp\" \/>\n\t<meta property=\"og:image:width\" content=\"800\" \/>\n\t<meta property=\"og:image:height\" content=\"800\" \/>\n\t<meta property=\"og:image:type\" content=\"image\/jpeg\" \/>\n<meta name=\"twitter:card\" content=\"summary_large_image\" \/>\n<meta name=\"twitter:label1\" content=\"Procijenjeno vrijeme \u010ditanja\" \/>\n\t<meta name=\"twitter:data1\" content=\"1 minuta\" \/>\n<script type=\"application\/ld+json\" class=\"yoast-schema-graph\">{\"@context\":\"https:\\\/\\\/schema.org\",\"@graph\":[{\"@type\":\"WebPage\",\"@id\":\"https:\\\/\\\/clair.si\\\/hr\\\/izdelek\\\/oglavka-povodnik-norton-eco\\\/\",\"url\":\"https:\\\/\\\/clair.si\\\/hr\\\/izdelek\\\/oglavka-povodnik-norton-eco\\\/\",\"name\":\"Oglavka + povodnik Norton Eco - Clair\",\"isPartOf\":{\"@id\":\"https:\\\/\\\/clair.si\\\/#website\"},\"primaryImageOfPage\":{\"@id\":\"https:\\\/\\\/clair.si\\\/hr\\\/izdelek\\\/oglavka-povodnik-norton-eco\\\/#primaryimage\"},\"image\":{\"@id\":\"https:\\\/\\\/clair.si\\\/hr\\\/izdelek\\\/oglavka-povodnik-norton-eco\\\/#primaryimage\"},\"thumbnailUrl\":\"https:\\\/\\\/clair.si\\\/wp-content\\\/uploads\\\/2026\\\/04\\\/norton-eco-ethological-headcollar-lead-rope-1.webp\",\"datePublished\":\"2026-04-09T09:52:14+00:00\",\"dateModified\":\"2026-04-19T10:01:42+00:00\",\"description\":\"komplet povodnika i u\u017eetne oglavke bez karabinera\",\"breadcrumb\":{\"@id\":\"https:\\\/\\\/clair.si\\\/hr\\\/izdelek\\\/oglavka-povodnik-norton-eco\\\/#breadcrumb\"},\"inLanguage\":\"hr\",\"potentialAction\":[{\"@type\":\"ReadAction\",\"target\":[\"https:\\\/\\\/clair.si\\\/hr\\\/izdelek\\\/oglavka-povodnik-norton-eco\\\/\"]}]},{\"@type\":\"ImageObject\",\"inLanguage\":\"hr\",\"@id\":\"https:\\\/\\\/clair.si\\\/hr\\\/izdelek\\\/oglavka-povodnik-norton-eco\\\/#primaryimage\",\"url\":\"https:\\\/\\\/clair.si\\\/wp-content\\\/uploads\\\/2026\\\/04\\\/norton-eco-ethological-headcollar-lead-rope-1.webp\",\"contentUrl\":\"https:\\\/\\\/clair.si\\\/wp-content\\\/uploads\\\/2026\\\/04\\\/norton-eco-ethological-headcollar-lead-rope-1.webp\",\"width\":800,\"height\":800},{\"@type\":\"BreadcrumbList\",\"@id\":\"https:\\\/\\\/clair.si\\\/hr\\\/izdelek\\\/oglavka-povodnik-norton-eco\\\/#breadcrumb\",\"itemListElement\":[{\"@type\":\"ListItem\",\"position\":1,\"name\":\"Home\",\"item\":\"https:\\\/\\\/clair.si\\\/hr\\\/\"},{\"@type\":\"ListItem\",\"position\":2,\"name\":\"Trgovina\",\"item\":\"https:\\\/\\\/clair.si\\\/trgovina\\\/\"},{\"@type\":\"ListItem\",\"position\":3,\"name\":\"Oglavka + povodnik Norton Eco\"}]},{\"@type\":\"WebSite\",\"@id\":\"https:\\\/\\\/clair.si\\\/#website\",\"url\":\"https:\\\/\\\/clair.si\\\/\",\"name\":\"Clair\",\"description\":\"Trgovina s konjeni\u0161ko opremo\",\"publisher\":{\"@id\":\"https:\\\/\\\/clair.si\\\/#organization\"},\"potentialAction\":[{\"@type\":\"SearchAction\",\"target\":{\"@type\":\"EntryPoint\",\"urlTemplate\":\"https:\\\/\\\/clair.si\\\/?s={search_term_string}\"},\"query-input\":{\"@type\":\"PropertyValueSpecification\",\"valueRequired\":true,\"valueName\":\"search_term_string\"}}],\"inLanguage\":\"hr\"},{\"@type\":\"Organization\",\"@id\":\"https:\\\/\\\/clair.si\\\/#organization\",\"name\":\"Clair\",\"url\":\"https:\\\/\\\/clair.si\\\/\",\"logo\":{\"@type\":\"ImageObject\",\"inLanguage\":\"hr\",\"@id\":\"https:\\\/\\\/clair.si\\\/#\\\/schema\\\/logo\\\/image\\\/\",\"url\":\"https:\\\/\\\/clair.si\\\/wp-content\\\/uploads\\\/2022\\\/11\\\/clair_logo_2022.jpg\",\"contentUrl\":\"https:\\\/\\\/clair.si\\\/wp-content\\\/uploads\\\/2022\\\/11\\\/clair_logo_2022.jpg\",\"width\":1920,\"height\":1920,\"caption\":\"Clair\"},\"image\":{\"@id\":\"https:\\\/\\\/clair.si\\\/#\\\/schema\\\/logo\\\/image\\\/\"},\"sameAs\":[\"https:\\\/\\\/www.facebook.com\\\/TrgovinaClair\\\/\"]}]}<\/script>\n<!-- \/ Yoast SEO plugin. -->","yoast_head_json":{"title":"Oglavka + povodnik Norton Eco - Clair","description":"komplet povodnika i u\u017eetne oglavke  bez karabinera","robots":{"index":"index","follow":"follow","max-snippet":"max-snippet:-1","max-image-preview":"max-image-preview:large","max-video-preview":"max-video-preview:-1"},"canonical":"https:\/\/clair.si\/hr\/izdelek\/oglavka-povodnik-norton-eco\/","og_locale":"hr_HR","og_type":"article","og_title":"Oglavka + povodnik Norton Eco - Clair","og_description":"komplet povodnika i u\u017eetne oglavke  bez karabinera","og_url":"https:\/\/clair.si\/hr\/izdelek\/oglavka-povodnik-norton-eco\/","og_site_name":"Clair","article_publisher":"https:\/\/www.facebook.com\/TrgovinaClair\/","article_modified_time":"2026-04-19T10:01:42+00:00","og_image":[{"width":800,"height":800,"url":"https:\/\/clair.si\/wp-content\/uploads\/2026\/04\/norton-eco-ethological-headcollar-lead-rope-1.webp","type":"image\/jpeg"}],"twitter_card":"summary_large_image","twitter_misc":{"Procijenjeno vrijeme \u010ditanja":"1 minuta"},"schema":{"@context":"https:\/\/schema.org","@graph":[{"@type":"WebPage","@id":"https:\/\/clair.si\/hr\/izdelek\/oglavka-povodnik-norton-eco\/","url":"https:\/\/clair.si\/hr\/izdelek\/oglavka-povodnik-norton-eco\/","name":"Oglavka + povodnik Norton Eco - Clair","isPartOf":{"@id":"https:\/\/clair.si\/#website"},"primaryImageOfPage":{"@id":"https:\/\/clair.si\/hr\/izdelek\/oglavka-povodnik-norton-eco\/#primaryimage"},"image":{"@id":"https:\/\/clair.si\/hr\/izdelek\/oglavka-povodnik-norton-eco\/#primaryimage"},"thumbnailUrl":"https:\/\/clair.si\/wp-content\/uploads\/2026\/04\/norton-eco-ethological-headcollar-lead-rope-1.webp","datePublished":"2026-04-09T09:52:14+00:00","dateModified":"2026-04-19T10:01:42+00:00","description":"komplet povodnika i u\u017eetne oglavke bez karabinera","breadcrumb":{"@id":"https:\/\/clair.si\/hr\/izdelek\/oglavka-povodnik-norton-eco\/#breadcrumb"},"inLanguage":"hr","potentialAction":[{"@type":"ReadAction","target":["https:\/\/clair.si\/hr\/izdelek\/oglavka-povodnik-norton-eco\/"]}]},{"@type":"ImageObject","inLanguage":"hr","@id":"https:\/\/clair.si\/hr\/izdelek\/oglavka-povodnik-norton-eco\/#primaryimage","url":"https:\/\/clair.si\/wp-content\/uploads\/2026\/04\/norton-eco-ethological-headcollar-lead-rope-1.webp","contentUrl":"https:\/\/clair.si\/wp-content\/uploads\/2026\/04\/norton-eco-ethological-headcollar-lead-rope-1.webp","width":800,"height":800},{"@type":"BreadcrumbList","@id":"https:\/\/clair.si\/hr\/izdelek\/oglavka-povodnik-norton-eco\/#breadcrumb","itemListElement":[{"@type":"ListItem","position":1,"name":"Home","item":"https:\/\/clair.si\/hr\/"},{"@type":"ListItem","position":2,"name":"Trgovina","item":"https:\/\/clair.si\/trgovina\/"},{"@type":"ListItem","position":3,"name":"Oglavka + povodnik Norton Eco"}]},{"@type":"WebSite","@id":"https:\/\/clair.si\/#website","url":"https:\/\/clair.si\/","name":"Clair","description":"Trgovina s konjeni\u0161ko opremo","publisher":{"@id":"https:\/\/clair.si\/#organization"},"potentialAction":[{"@type":"SearchAction","target":{"@type":"EntryPoint","urlTemplate":"https:\/\/clair.si\/?s={search_term_string}"},"query-input":{"@type":"PropertyValueSpecification","valueRequired":true,"valueName":"search_term_string"}}],"inLanguage":"hr"},{"@type":"Organization","@id":"https:\/\/clair.si\/#organization","name":"Clair","url":"https:\/\/clair.si\/","logo":{"@type":"ImageObject","inLanguage":"hr","@id":"https:\/\/clair.si\/#\/schema\/logo\/image\/","url":"https:\/\/clair.si\/wp-content\/uploads\/2022\/11\/clair_logo_2022.jpg","contentUrl":"https:\/\/clair.si\/wp-content\/uploads\/2022\/11\/clair_logo_2022.jpg","width":1920,"height":1920,"caption":"Clair"},"image":{"@id":"https:\/\/clair.si\/#\/schema\/logo\/image\/"},"sameAs":["https:\/\/www.facebook.com\/TrgovinaClair\/"]}]}},"_links":{"self":[{"href":"https:\/\/clair.si\/hr\/wp-json\/wp\/v2\/product\/136141","targetHints":{"allow":["GET"]}}],"collection":[{"href":"https:\/\/clair.si\/hr\/wp-json\/wp\/v2\/product"}],"about":[{"href":"https:\/\/clair.si\/hr\/wp-json\/wp\/v2\/types\/product"}],"version-history":[{"count":0,"href":"https:\/\/clair.si\/hr\/wp-json\/wp\/v2\/product\/136141\/revisions"}],"wp:featuredmedia":[{"embeddable":true,"href":"https:\/\/clair.si\/hr\/wp-json\/wp\/v2\/media\/135423"}],"wp:attachment":[{"href":"https:\/\/clair.si\/hr\/wp-json\/wp\/v2\/media?parent=136141"}],"wp:term":[{"taxonomy":"product_brand","embeddable":true,"href":"https:\/\/clair.si\/hr\/wp-json\/wp\/v2\/product_brand?post=136141"},{"taxonomy":"product_cat","embeddable":true,"href":"https:\/\/clair.si\/hr\/wp-json\/wp\/v2\/product_cat?post=136141"},{"taxonomy":"product_tag","embeddable":true,"href":"https:\/\/clair.si\/hr\/wp-json\/wp\/v2\/product_tag?post=136141"}],"curies":[{"name":"wp","href":"https:\/\/api.w.org\/{rel}","templated":true}]}}