{"id":136144,"date":"2026-04-15T15:37:59","date_gmt":"2026-04-15T13:37:59","guid":{"rendered":"https:\/\/clair.si\/izdelek\/cetka-h-t-revital\/"},"modified":"2026-04-15T15:37:59","modified_gmt":"2026-04-15T13:37:59","slug":"cetka-h-t-revital","status":"publish","type":"product","link":"https:\/\/clair.si\/hr\/izdelek\/cetka-h-t-revital\/","title":{"rendered":"\u010cetka H-T Revital"},"content":{"rendered":"<p class=\"font-claude-response-body break-words whitespace-normal leading-[1.7]\">H-T Revital je \u010detka 5 u 1, dizajnirana za njegu i ja\u010danje konjske grive i dlake \u2014 u jednom ergonomskom ure\u0111aju objedinjuje svjetlosnu terapiju, masa\u017eu i difuzor eteri\u010dnih ulja.<\/p>\n<p class=\"font-claude-response-body break-words whitespace-normal leading-[1.7]\">Terapija crvenim svjetlom poti\u010de cirkulaciju i proizvodnju kolagena u korijenu dlake, \u0161to dugoro\u010dno pridonosi gu\u0161\u0107oj i ja\u010doj grivi. Terapija plavim svjetlom djeluje umiruju\u0107e na ko\u017eu, smanjuje lu\u010denje loja i \u010disti vlasi\u0161te. Osim svjetlosne terapije, \u010detka ima tri na\u010dina vibracijske masa\u017ee \u2014 46 silikonskih vrhova pri svakom potezu opu\u0161ta mi\u0161i\u0107e, stimulira rast dlake i poti\u010de op\u0107u dobrobit konja. Ugra\u0111eni difuzor omogu\u0107uje raspr\u0161ivanje eteri\u010dnih ulja izravno tijekom \u010de\u0161ljanja, \u0161to dodatno podupire rast i ja\u010da strukturu grive.   <\/p>\n<p class=\"font-claude-response-body break-words whitespace-normal leading-[1.7]\">Na\u010dine rada mo\u017eete koristiti pojedina\u010dno ili ih me\u0111usobno kombinirati prema potrebama. \u010cetka je prikladna za konje, pse, ma\u010dke i ljude, a idealna je i za opu\u0161tanje mi\u0161i\u0107a nakon treninga. Puni se putem USB-C priklju\u010dka, dimenzije su 5 \u00d7 1,5 \u00d7 8 cm.  <\/p>\n","protected":false},"excerpt":{"rendered":"<ul>\n<li>\u010detka s tehnologijom &#8220;red light therapy&#8221; i &#8220;blue light therapy&#8221;<\/li>\n<li>s raspr\u0161iva\u010dem (mogu se dodati eteri\u010dna ulja)<\/li>\n<li>s opcijama masa\u017ee<\/li>\n<\/ul>\n","protected":false},"featured_media":135834,"template":"","meta":{"footnotes":""},"product_brand":[],"product_cat":[5626,5630,5624,5625,5628,5627],"product_tag":[],"class_list":{"0":"post-136144","1":"product","2":"type-product","3":"status-publish","4":"has-post-thumbnail","6":"product_cat-cetke","7":"product_cat-cetke-hr","8":"product_cat-konj-hr","9":"product_cat-njega-konja","10":"product_cat-njega-konja-hr","11":"product_cat-stala-i-pasnjak","13":"first","14":"instock","15":"sale","16":"shipping-taxable","17":"purchasable","18":"product-type-simple"},"yoast_head":"<!-- This site is optimized with the Yoast SEO plugin v27.4 - https:\/\/yoast.com\/product\/yoast-seo-wordpress\/ -->\n<title>\u010cetka H-T Revital - Clair<\/title>\n<meta name=\"description\" content=\"\u010detka s tehnologijom &quot;red light therapy&quot; i &quot;blue light therapy&quot;  s raspr\u0161iva\u010dem (mogu se dodati eteri\u010dna ulja)  s opcijama masa\u017ee\" \/>\n<meta name=\"robots\" content=\"index, follow, max-snippet:-1, max-image-preview:large, max-video-preview:-1\" \/>\n<link rel=\"canonical\" href=\"https:\/\/clair.si\/hr\/izdelek\/cetka-h-t-revital\/\" \/>\n<meta property=\"og:locale\" content=\"hr_HR\" \/>\n<meta property=\"og:type\" content=\"article\" \/>\n<meta property=\"og:title\" content=\"\u010cetka H-T Revital - Clair\" \/>\n<meta property=\"og:description\" content=\"\u010detka s tehnologijom &quot;red light therapy&quot; i &quot;blue light therapy&quot;  s raspr\u0161iva\u010dem (mogu se dodati eteri\u010dna ulja)  s opcijama masa\u017ee\" \/>\n<meta property=\"og:url\" content=\"https:\/\/clair.si\/hr\/izdelek\/cetka-h-t-revital\/\" \/>\n<meta property=\"og:site_name\" content=\"Clair\" \/>\n<meta property=\"article:publisher\" content=\"https:\/\/www.facebook.com\/TrgovinaClair\/\" \/>\n<meta property=\"og:image\" content=\"https:\/\/clair.si\/wp-content\/uploads\/2026\/04\/hippotonic-mane-and-coat-revitalizing-brush.webp\" \/>\n\t<meta property=\"og:image:width\" content=\"800\" \/>\n\t<meta property=\"og:image:height\" content=\"800\" \/>\n\t<meta property=\"og:image:type\" content=\"image\/jpeg\" \/>\n<meta name=\"twitter:card\" content=\"summary_large_image\" \/>\n<meta name=\"twitter:label1\" content=\"Procijenjeno vrijeme \u010ditanja\" \/>\n\t<meta name=\"twitter:data1\" content=\"1 minuta\" \/>\n<script type=\"application\/ld+json\" class=\"yoast-schema-graph\">{\"@context\":\"https:\\\/\\\/schema.org\",\"@graph\":[{\"@type\":\"WebPage\",\"@id\":\"https:\\\/\\\/clair.si\\\/hr\\\/izdelek\\\/cetka-h-t-revital\\\/\",\"url\":\"https:\\\/\\\/clair.si\\\/hr\\\/izdelek\\\/cetka-h-t-revital\\\/\",\"name\":\"\u010cetka H-T Revital - Clair\",\"isPartOf\":{\"@id\":\"https:\\\/\\\/clair.si\\\/#website\"},\"primaryImageOfPage\":{\"@id\":\"https:\\\/\\\/clair.si\\\/hr\\\/izdelek\\\/cetka-h-t-revital\\\/#primaryimage\"},\"image\":{\"@id\":\"https:\\\/\\\/clair.si\\\/hr\\\/izdelek\\\/cetka-h-t-revital\\\/#primaryimage\"},\"thumbnailUrl\":\"https:\\\/\\\/clair.si\\\/wp-content\\\/uploads\\\/2026\\\/04\\\/hippotonic-mane-and-coat-revitalizing-brush.webp\",\"datePublished\":\"2026-04-15T13:37:59+00:00\",\"description\":\"\u010detka s tehnologijom \\\"red light therapy\\\" i \\\"blue light therapy\\\" s raspr\u0161iva\u010dem (mogu se dodati eteri\u010dna ulja) s opcijama masa\u017ee\",\"breadcrumb\":{\"@id\":\"https:\\\/\\\/clair.si\\\/hr\\\/izdelek\\\/cetka-h-t-revital\\\/#breadcrumb\"},\"inLanguage\":\"hr\",\"potentialAction\":[{\"@type\":\"ReadAction\",\"target\":[\"https:\\\/\\\/clair.si\\\/hr\\\/izdelek\\\/cetka-h-t-revital\\\/\"]}]},{\"@type\":\"ImageObject\",\"inLanguage\":\"hr\",\"@id\":\"https:\\\/\\\/clair.si\\\/hr\\\/izdelek\\\/cetka-h-t-revital\\\/#primaryimage\",\"url\":\"https:\\\/\\\/clair.si\\\/wp-content\\\/uploads\\\/2026\\\/04\\\/hippotonic-mane-and-coat-revitalizing-brush.webp\",\"contentUrl\":\"https:\\\/\\\/clair.si\\\/wp-content\\\/uploads\\\/2026\\\/04\\\/hippotonic-mane-and-coat-revitalizing-brush.webp\",\"width\":800,\"height\":800},{\"@type\":\"BreadcrumbList\",\"@id\":\"https:\\\/\\\/clair.si\\\/hr\\\/izdelek\\\/cetka-h-t-revital\\\/#breadcrumb\",\"itemListElement\":[{\"@type\":\"ListItem\",\"position\":1,\"name\":\"Home\",\"item\":\"https:\\\/\\\/clair.si\\\/hr\\\/\"},{\"@type\":\"ListItem\",\"position\":2,\"name\":\"Trgovina\",\"item\":\"https:\\\/\\\/clair.si\\\/trgovina\\\/\"},{\"@type\":\"ListItem\",\"position\":3,\"name\":\"\u010cetka H-T Revital\"}]},{\"@type\":\"WebSite\",\"@id\":\"https:\\\/\\\/clair.si\\\/#website\",\"url\":\"https:\\\/\\\/clair.si\\\/\",\"name\":\"Clair\",\"description\":\"Trgovina s konjeni\u0161ko opremo\",\"publisher\":{\"@id\":\"https:\\\/\\\/clair.si\\\/#organization\"},\"potentialAction\":[{\"@type\":\"SearchAction\",\"target\":{\"@type\":\"EntryPoint\",\"urlTemplate\":\"https:\\\/\\\/clair.si\\\/?s={search_term_string}\"},\"query-input\":{\"@type\":\"PropertyValueSpecification\",\"valueRequired\":true,\"valueName\":\"search_term_string\"}}],\"inLanguage\":\"hr\"},{\"@type\":\"Organization\",\"@id\":\"https:\\\/\\\/clair.si\\\/#organization\",\"name\":\"Clair\",\"url\":\"https:\\\/\\\/clair.si\\\/\",\"logo\":{\"@type\":\"ImageObject\",\"inLanguage\":\"hr\",\"@id\":\"https:\\\/\\\/clair.si\\\/#\\\/schema\\\/logo\\\/image\\\/\",\"url\":\"https:\\\/\\\/clair.si\\\/wp-content\\\/uploads\\\/2022\\\/11\\\/clair_logo_2022.jpg\",\"contentUrl\":\"https:\\\/\\\/clair.si\\\/wp-content\\\/uploads\\\/2022\\\/11\\\/clair_logo_2022.jpg\",\"width\":1920,\"height\":1920,\"caption\":\"Clair\"},\"image\":{\"@id\":\"https:\\\/\\\/clair.si\\\/#\\\/schema\\\/logo\\\/image\\\/\"},\"sameAs\":[\"https:\\\/\\\/www.facebook.com\\\/TrgovinaClair\\\/\"]}]}<\/script>\n<!-- \/ Yoast SEO plugin. -->","yoast_head_json":{"title":"\u010cetka H-T Revital - Clair","description":"\u010detka s tehnologijom \"red light therapy\" i \"blue light therapy\"  s raspr\u0161iva\u010dem (mogu se dodati eteri\u010dna ulja)  s opcijama masa\u017ee","robots":{"index":"index","follow":"follow","max-snippet":"max-snippet:-1","max-image-preview":"max-image-preview:large","max-video-preview":"max-video-preview:-1"},"canonical":"https:\/\/clair.si\/hr\/izdelek\/cetka-h-t-revital\/","og_locale":"hr_HR","og_type":"article","og_title":"\u010cetka H-T Revital - Clair","og_description":"\u010detka s tehnologijom \"red light therapy\" i \"blue light therapy\"  s raspr\u0161iva\u010dem (mogu se dodati eteri\u010dna ulja)  s opcijama masa\u017ee","og_url":"https:\/\/clair.si\/hr\/izdelek\/cetka-h-t-revital\/","og_site_name":"Clair","article_publisher":"https:\/\/www.facebook.com\/TrgovinaClair\/","og_image":[{"width":800,"height":800,"url":"https:\/\/clair.si\/wp-content\/uploads\/2026\/04\/hippotonic-mane-and-coat-revitalizing-brush.webp","type":"image\/jpeg"}],"twitter_card":"summary_large_image","twitter_misc":{"Procijenjeno vrijeme \u010ditanja":"1 minuta"},"schema":{"@context":"https:\/\/schema.org","@graph":[{"@type":"WebPage","@id":"https:\/\/clair.si\/hr\/izdelek\/cetka-h-t-revital\/","url":"https:\/\/clair.si\/hr\/izdelek\/cetka-h-t-revital\/","name":"\u010cetka H-T Revital - Clair","isPartOf":{"@id":"https:\/\/clair.si\/#website"},"primaryImageOfPage":{"@id":"https:\/\/clair.si\/hr\/izdelek\/cetka-h-t-revital\/#primaryimage"},"image":{"@id":"https:\/\/clair.si\/hr\/izdelek\/cetka-h-t-revital\/#primaryimage"},"thumbnailUrl":"https:\/\/clair.si\/wp-content\/uploads\/2026\/04\/hippotonic-mane-and-coat-revitalizing-brush.webp","datePublished":"2026-04-15T13:37:59+00:00","description":"\u010detka s tehnologijom \"red light therapy\" i \"blue light therapy\" s raspr\u0161iva\u010dem (mogu se dodati eteri\u010dna ulja) s opcijama masa\u017ee","breadcrumb":{"@id":"https:\/\/clair.si\/hr\/izdelek\/cetka-h-t-revital\/#breadcrumb"},"inLanguage":"hr","potentialAction":[{"@type":"ReadAction","target":["https:\/\/clair.si\/hr\/izdelek\/cetka-h-t-revital\/"]}]},{"@type":"ImageObject","inLanguage":"hr","@id":"https:\/\/clair.si\/hr\/izdelek\/cetka-h-t-revital\/#primaryimage","url":"https:\/\/clair.si\/wp-content\/uploads\/2026\/04\/hippotonic-mane-and-coat-revitalizing-brush.webp","contentUrl":"https:\/\/clair.si\/wp-content\/uploads\/2026\/04\/hippotonic-mane-and-coat-revitalizing-brush.webp","width":800,"height":800},{"@type":"BreadcrumbList","@id":"https:\/\/clair.si\/hr\/izdelek\/cetka-h-t-revital\/#breadcrumb","itemListElement":[{"@type":"ListItem","position":1,"name":"Home","item":"https:\/\/clair.si\/hr\/"},{"@type":"ListItem","position":2,"name":"Trgovina","item":"https:\/\/clair.si\/trgovina\/"},{"@type":"ListItem","position":3,"name":"\u010cetka H-T Revital"}]},{"@type":"WebSite","@id":"https:\/\/clair.si\/#website","url":"https:\/\/clair.si\/","name":"Clair","description":"Trgovina s konjeni\u0161ko opremo","publisher":{"@id":"https:\/\/clair.si\/#organization"},"potentialAction":[{"@type":"SearchAction","target":{"@type":"EntryPoint","urlTemplate":"https:\/\/clair.si\/?s={search_term_string}"},"query-input":{"@type":"PropertyValueSpecification","valueRequired":true,"valueName":"search_term_string"}}],"inLanguage":"hr"},{"@type":"Organization","@id":"https:\/\/clair.si\/#organization","name":"Clair","url":"https:\/\/clair.si\/","logo":{"@type":"ImageObject","inLanguage":"hr","@id":"https:\/\/clair.si\/#\/schema\/logo\/image\/","url":"https:\/\/clair.si\/wp-content\/uploads\/2022\/11\/clair_logo_2022.jpg","contentUrl":"https:\/\/clair.si\/wp-content\/uploads\/2022\/11\/clair_logo_2022.jpg","width":1920,"height":1920,"caption":"Clair"},"image":{"@id":"https:\/\/clair.si\/#\/schema\/logo\/image\/"},"sameAs":["https:\/\/www.facebook.com\/TrgovinaClair\/"]}]}},"_links":{"self":[{"href":"https:\/\/clair.si\/hr\/wp-json\/wp\/v2\/product\/136144","targetHints":{"allow":["GET"]}}],"collection":[{"href":"https:\/\/clair.si\/hr\/wp-json\/wp\/v2\/product"}],"about":[{"href":"https:\/\/clair.si\/hr\/wp-json\/wp\/v2\/types\/product"}],"version-history":[{"count":0,"href":"https:\/\/clair.si\/hr\/wp-json\/wp\/v2\/product\/136144\/revisions"}],"wp:featuredmedia":[{"embeddable":true,"href":"https:\/\/clair.si\/hr\/wp-json\/wp\/v2\/media\/135834"}],"wp:attachment":[{"href":"https:\/\/clair.si\/hr\/wp-json\/wp\/v2\/media?parent=136144"}],"wp:term":[{"taxonomy":"product_brand","embeddable":true,"href":"https:\/\/clair.si\/hr\/wp-json\/wp\/v2\/product_brand?post=136144"},{"taxonomy":"product_cat","embeddable":true,"href":"https:\/\/clair.si\/hr\/wp-json\/wp\/v2\/product_cat?post=136144"},{"taxonomy":"product_tag","embeddable":true,"href":"https:\/\/clair.si\/hr\/wp-json\/wp\/v2\/product_tag?post=136144"}],"curies":[{"name":"wp","href":"https:\/\/api.w.org\/{rel}","templated":true}]}}