{"id":136147,"date":"2026-04-04T10:18:25","date_gmt":"2026-04-04T08:18:25","guid":{"rendered":"https:\/\/clair.si\/izdelek\/raspa-za-kopita-heller-pro-finish\/"},"modified":"2026-04-04T10:18:25","modified_gmt":"2026-04-04T08:18:25","slug":"raspa-za-kopita-heller-pro-finish","status":"publish","type":"product","link":"https:\/\/clair.si\/hr\/izdelek\/raspa-za-kopita-heller-pro-finish\/","title":{"rendered":"Ra\u0161pa za kopita Heller Pro-Finish"},"content":{"rendered":"<p class=\"font-claude-response-body break-words whitespace-normal leading-[1.7]\">Heller Pro Finish je ra\u0161pa za kopita koju su odabrali svjetski prvaci za postizanje idealne zavr\u0161ne obrade kopita. Rije\u010d je o specijaliziranom alatu namijenjenom isklju\u010divo fini\u0161u \u2014 ne grubom oblikovanju. Treba je shvatiti kao posljednji korak u procesu, a ne kao vi\u0161enamjenski alat.  <\/p>\n<p class=\"font-claude-response-body break-words whitespace-normal leading-[1.7]\">Strana Multiglide osigurava pravu koli\u010dinu skidanja ro\u017eine i kvalitetnu zavr\u0161nu obradu, dok strana Smoothglide radi uz minimalno uklanjanje materijala i ostavlja visoko poliran izgled povr\u0161ine. U praksi to zna\u010di da s jednom ra\u0161pom u dva poteza \u2014 najprije Multiglide, zatim Smoothglide \u2014 posti\u017eete rezultat za koji bi vam ina\u010de trebala dva odvojena alata. <\/p>\n<p class=\"font-claude-response-body break-words whitespace-normal leading-[1.7]\">Dimenzije ra\u0161pe: duljina 355,6 mm (14 in\u010da), \u0161irina 44 mm, debljina 5 mm.<\/p>\n<p class=\"font-claude-response-body break-words whitespace-normal leading-[1.7]\">Heller Pro Finish nije svakodnevna radna ra\u0161pa \u2014 to je zavr\u0161ni alat za one kojima je va\u017eno kako kopito izgleda nakon rada.<\/p>\n","protected":false},"excerpt":{"rendered":"<ul>\n<li>finish ra\u0161pa<\/li>\n<\/ul>\n","protected":false},"featured_media":134930,"template":"","meta":{"footnotes":""},"product_brand":[],"product_cat":[5657,5960,6174],"product_tag":[],"class_list":{"0":"post-136147","1":"product","2":"type-product","3":"status-publish","4":"has-post-thumbnail","6":"product_cat-kategorije-hr","7":"product_cat-kovacka-oprema","8":"product_cat-kovacke-raspe","10":"first","11":"instock","12":"sale","13":"shipping-taxable","14":"purchasable","15":"product-type-simple"},"yoast_head":"<!-- This site is optimized with the Yoast SEO plugin v27.4 - https:\/\/yoast.com\/product\/yoast-seo-wordpress\/ -->\n<title>Ra\u0161pa za kopita Heller Pro-Finish - Clair<\/title>\n<meta name=\"description\" content=\"finish ra\u0161pa\" \/>\n<meta name=\"robots\" content=\"index, follow, max-snippet:-1, max-image-preview:large, max-video-preview:-1\" \/>\n<link rel=\"canonical\" href=\"https:\/\/clair.si\/hr\/izdelek\/raspa-za-kopita-heller-pro-finish\/\" \/>\n<meta property=\"og:locale\" content=\"hr_HR\" \/>\n<meta property=\"og:type\" content=\"article\" \/>\n<meta property=\"og:title\" content=\"Ra\u0161pa za kopita Heller Pro-Finish - Clair\" \/>\n<meta property=\"og:description\" content=\"finish ra\u0161pa\" \/>\n<meta property=\"og:url\" content=\"https:\/\/clair.si\/hr\/izdelek\/raspa-za-kopita-heller-pro-finish\/\" \/>\n<meta property=\"og:site_name\" content=\"Clair\" \/>\n<meta property=\"article:publisher\" content=\"https:\/\/www.facebook.com\/TrgovinaClair\/\" \/>\n<meta property=\"og:image\" content=\"https:\/\/clair.si\/wp-content\/uploads\/2026\/04\/pila-za-kopita.webp\" \/>\n\t<meta property=\"og:image:width\" content=\"1000\" \/>\n\t<meta property=\"og:image:height\" content=\"1000\" \/>\n\t<meta property=\"og:image:type\" content=\"image\/jpeg\" \/>\n<meta name=\"twitter:card\" content=\"summary_large_image\" \/>\n<meta name=\"twitter:label1\" content=\"Procijenjeno vrijeme \u010ditanja\" \/>\n\t<meta name=\"twitter:data1\" content=\"1 minuta\" \/>\n<script type=\"application\/ld+json\" class=\"yoast-schema-graph\">{\"@context\":\"https:\\\/\\\/schema.org\",\"@graph\":[{\"@type\":\"WebPage\",\"@id\":\"https:\\\/\\\/clair.si\\\/hr\\\/izdelek\\\/raspa-za-kopita-heller-pro-finish\\\/\",\"url\":\"https:\\\/\\\/clair.si\\\/hr\\\/izdelek\\\/raspa-za-kopita-heller-pro-finish\\\/\",\"name\":\"Ra\u0161pa za kopita Heller Pro-Finish - Clair\",\"isPartOf\":{\"@id\":\"https:\\\/\\\/clair.si\\\/#website\"},\"primaryImageOfPage\":{\"@id\":\"https:\\\/\\\/clair.si\\\/hr\\\/izdelek\\\/raspa-za-kopita-heller-pro-finish\\\/#primaryimage\"},\"image\":{\"@id\":\"https:\\\/\\\/clair.si\\\/hr\\\/izdelek\\\/raspa-za-kopita-heller-pro-finish\\\/#primaryimage\"},\"thumbnailUrl\":\"https:\\\/\\\/clair.si\\\/wp-content\\\/uploads\\\/2026\\\/04\\\/pila-za-kopita.webp\",\"datePublished\":\"2026-04-04T08:18:25+00:00\",\"description\":\"finish ra\u0161pa\",\"breadcrumb\":{\"@id\":\"https:\\\/\\\/clair.si\\\/hr\\\/izdelek\\\/raspa-za-kopita-heller-pro-finish\\\/#breadcrumb\"},\"inLanguage\":\"hr\",\"potentialAction\":[{\"@type\":\"ReadAction\",\"target\":[\"https:\\\/\\\/clair.si\\\/hr\\\/izdelek\\\/raspa-za-kopita-heller-pro-finish\\\/\"]}]},{\"@type\":\"ImageObject\",\"inLanguage\":\"hr\",\"@id\":\"https:\\\/\\\/clair.si\\\/hr\\\/izdelek\\\/raspa-za-kopita-heller-pro-finish\\\/#primaryimage\",\"url\":\"https:\\\/\\\/clair.si\\\/wp-content\\\/uploads\\\/2026\\\/04\\\/pila-za-kopita.webp\",\"contentUrl\":\"https:\\\/\\\/clair.si\\\/wp-content\\\/uploads\\\/2026\\\/04\\\/pila-za-kopita.webp\",\"width\":1000,\"height\":1000},{\"@type\":\"BreadcrumbList\",\"@id\":\"https:\\\/\\\/clair.si\\\/hr\\\/izdelek\\\/raspa-za-kopita-heller-pro-finish\\\/#breadcrumb\",\"itemListElement\":[{\"@type\":\"ListItem\",\"position\":1,\"name\":\"Home\",\"item\":\"https:\\\/\\\/clair.si\\\/hr\\\/\"},{\"@type\":\"ListItem\",\"position\":2,\"name\":\"Trgovina\",\"item\":\"https:\\\/\\\/clair.si\\\/trgovina\\\/\"},{\"@type\":\"ListItem\",\"position\":3,\"name\":\"Ra\u0161pa za kopita Heller Pro-Finish\"}]},{\"@type\":\"WebSite\",\"@id\":\"https:\\\/\\\/clair.si\\\/#website\",\"url\":\"https:\\\/\\\/clair.si\\\/\",\"name\":\"Clair\",\"description\":\"Trgovina s konjeni\u0161ko opremo\",\"publisher\":{\"@id\":\"https:\\\/\\\/clair.si\\\/#organization\"},\"potentialAction\":[{\"@type\":\"SearchAction\",\"target\":{\"@type\":\"EntryPoint\",\"urlTemplate\":\"https:\\\/\\\/clair.si\\\/?s={search_term_string}\"},\"query-input\":{\"@type\":\"PropertyValueSpecification\",\"valueRequired\":true,\"valueName\":\"search_term_string\"}}],\"inLanguage\":\"hr\"},{\"@type\":\"Organization\",\"@id\":\"https:\\\/\\\/clair.si\\\/#organization\",\"name\":\"Clair\",\"url\":\"https:\\\/\\\/clair.si\\\/\",\"logo\":{\"@type\":\"ImageObject\",\"inLanguage\":\"hr\",\"@id\":\"https:\\\/\\\/clair.si\\\/#\\\/schema\\\/logo\\\/image\\\/\",\"url\":\"https:\\\/\\\/clair.si\\\/wp-content\\\/uploads\\\/2022\\\/11\\\/clair_logo_2022.jpg\",\"contentUrl\":\"https:\\\/\\\/clair.si\\\/wp-content\\\/uploads\\\/2022\\\/11\\\/clair_logo_2022.jpg\",\"width\":1920,\"height\":1920,\"caption\":\"Clair\"},\"image\":{\"@id\":\"https:\\\/\\\/clair.si\\\/#\\\/schema\\\/logo\\\/image\\\/\"},\"sameAs\":[\"https:\\\/\\\/www.facebook.com\\\/TrgovinaClair\\\/\"]}]}<\/script>\n<!-- \/ Yoast SEO plugin. -->","yoast_head_json":{"title":"Ra\u0161pa za kopita Heller Pro-Finish - Clair","description":"finish ra\u0161pa","robots":{"index":"index","follow":"follow","max-snippet":"max-snippet:-1","max-image-preview":"max-image-preview:large","max-video-preview":"max-video-preview:-1"},"canonical":"https:\/\/clair.si\/hr\/izdelek\/raspa-za-kopita-heller-pro-finish\/","og_locale":"hr_HR","og_type":"article","og_title":"Ra\u0161pa za kopita Heller Pro-Finish - Clair","og_description":"finish ra\u0161pa","og_url":"https:\/\/clair.si\/hr\/izdelek\/raspa-za-kopita-heller-pro-finish\/","og_site_name":"Clair","article_publisher":"https:\/\/www.facebook.com\/TrgovinaClair\/","og_image":[{"width":1000,"height":1000,"url":"https:\/\/clair.si\/wp-content\/uploads\/2026\/04\/pila-za-kopita.webp","type":"image\/jpeg"}],"twitter_card":"summary_large_image","twitter_misc":{"Procijenjeno vrijeme \u010ditanja":"1 minuta"},"schema":{"@context":"https:\/\/schema.org","@graph":[{"@type":"WebPage","@id":"https:\/\/clair.si\/hr\/izdelek\/raspa-za-kopita-heller-pro-finish\/","url":"https:\/\/clair.si\/hr\/izdelek\/raspa-za-kopita-heller-pro-finish\/","name":"Ra\u0161pa za kopita Heller Pro-Finish - Clair","isPartOf":{"@id":"https:\/\/clair.si\/#website"},"primaryImageOfPage":{"@id":"https:\/\/clair.si\/hr\/izdelek\/raspa-za-kopita-heller-pro-finish\/#primaryimage"},"image":{"@id":"https:\/\/clair.si\/hr\/izdelek\/raspa-za-kopita-heller-pro-finish\/#primaryimage"},"thumbnailUrl":"https:\/\/clair.si\/wp-content\/uploads\/2026\/04\/pila-za-kopita.webp","datePublished":"2026-04-04T08:18:25+00:00","description":"finish ra\u0161pa","breadcrumb":{"@id":"https:\/\/clair.si\/hr\/izdelek\/raspa-za-kopita-heller-pro-finish\/#breadcrumb"},"inLanguage":"hr","potentialAction":[{"@type":"ReadAction","target":["https:\/\/clair.si\/hr\/izdelek\/raspa-za-kopita-heller-pro-finish\/"]}]},{"@type":"ImageObject","inLanguage":"hr","@id":"https:\/\/clair.si\/hr\/izdelek\/raspa-za-kopita-heller-pro-finish\/#primaryimage","url":"https:\/\/clair.si\/wp-content\/uploads\/2026\/04\/pila-za-kopita.webp","contentUrl":"https:\/\/clair.si\/wp-content\/uploads\/2026\/04\/pila-za-kopita.webp","width":1000,"height":1000},{"@type":"BreadcrumbList","@id":"https:\/\/clair.si\/hr\/izdelek\/raspa-za-kopita-heller-pro-finish\/#breadcrumb","itemListElement":[{"@type":"ListItem","position":1,"name":"Home","item":"https:\/\/clair.si\/hr\/"},{"@type":"ListItem","position":2,"name":"Trgovina","item":"https:\/\/clair.si\/trgovina\/"},{"@type":"ListItem","position":3,"name":"Ra\u0161pa za kopita Heller Pro-Finish"}]},{"@type":"WebSite","@id":"https:\/\/clair.si\/#website","url":"https:\/\/clair.si\/","name":"Clair","description":"Trgovina s konjeni\u0161ko opremo","publisher":{"@id":"https:\/\/clair.si\/#organization"},"potentialAction":[{"@type":"SearchAction","target":{"@type":"EntryPoint","urlTemplate":"https:\/\/clair.si\/?s={search_term_string}"},"query-input":{"@type":"PropertyValueSpecification","valueRequired":true,"valueName":"search_term_string"}}],"inLanguage":"hr"},{"@type":"Organization","@id":"https:\/\/clair.si\/#organization","name":"Clair","url":"https:\/\/clair.si\/","logo":{"@type":"ImageObject","inLanguage":"hr","@id":"https:\/\/clair.si\/#\/schema\/logo\/image\/","url":"https:\/\/clair.si\/wp-content\/uploads\/2022\/11\/clair_logo_2022.jpg","contentUrl":"https:\/\/clair.si\/wp-content\/uploads\/2022\/11\/clair_logo_2022.jpg","width":1920,"height":1920,"caption":"Clair"},"image":{"@id":"https:\/\/clair.si\/#\/schema\/logo\/image\/"},"sameAs":["https:\/\/www.facebook.com\/TrgovinaClair\/"]}]}},"_links":{"self":[{"href":"https:\/\/clair.si\/hr\/wp-json\/wp\/v2\/product\/136147","targetHints":{"allow":["GET"]}}],"collection":[{"href":"https:\/\/clair.si\/hr\/wp-json\/wp\/v2\/product"}],"about":[{"href":"https:\/\/clair.si\/hr\/wp-json\/wp\/v2\/types\/product"}],"version-history":[{"count":0,"href":"https:\/\/clair.si\/hr\/wp-json\/wp\/v2\/product\/136147\/revisions"}],"wp:featuredmedia":[{"embeddable":true,"href":"https:\/\/clair.si\/hr\/wp-json\/wp\/v2\/media\/134930"}],"wp:attachment":[{"href":"https:\/\/clair.si\/hr\/wp-json\/wp\/v2\/media?parent=136147"}],"wp:term":[{"taxonomy":"product_brand","embeddable":true,"href":"https:\/\/clair.si\/hr\/wp-json\/wp\/v2\/product_brand?post=136147"},{"taxonomy":"product_cat","embeddable":true,"href":"https:\/\/clair.si\/hr\/wp-json\/wp\/v2\/product_cat?post=136147"},{"taxonomy":"product_tag","embeddable":true,"href":"https:\/\/clair.si\/hr\/wp-json\/wp\/v2\/product_tag?post=136147"}],"curies":[{"name":"wp","href":"https:\/\/api.w.org\/{rel}","templated":true}]}}