{"id":136153,"date":"2026-04-15T09:32:36","date_gmt":"2026-04-15T07:32:36","guid":{"rendered":"https:\/\/clair.si\/izdelek\/zica-ukal-elite-tld6-400m\/"},"modified":"2026-04-15T09:32:36","modified_gmt":"2026-04-15T07:32:36","slug":"zica-ukal-elite-tld6-400m","status":"publish","type":"product","link":"https:\/\/clair.si\/hr\/izdelek\/zica-ukal-elite-tld6-400m\/","title":{"rendered":"\u017dica Ukal Elite TLD6 \u2013 400m"},"content":{"rendered":"<h3 data-start=\"619\" data-end=\"695\"><strong data-start=\"623\" data-end=\"695\">Pa\u0161na \u017eica UKAL ELITE \u2013 visoka vodljivost i maksimalna pouzdanost<\/strong><\/h3>\n<p data-start=\"696\" data-end=\"935\"><strong>\u017dica za pa\u0161njak UKAL ELITE<\/strong> dizajnirana je za korisnike kojima je potrebna ve\u0107a vodljivost i pouzdano funkcioniranje elektri\u010dne ograde. Opremljena je s <strong data-start=\"841\" data-end=\"874\">TLD vodi\u010dima promjera 0,3 mm<\/strong>, koji omogu\u0107uju znatno bolji prijenos struje od klasi\u010dnih \u017eica. <\/p>\n<p data-start=\"937\" data-end=\"1040\">Prikladna je za duge ograde i jam\u010di stabilno funkcioniranje \u010dak i u zahtjevnijim uvjetima.<\/p>\n<h3 data-start=\"1047\" data-end=\"1082\">\ud83d\udd39 <strong data-start=\"1054\" data-end=\"1082\">Napredna TLD tehnologija<\/strong><\/h3>\n<p data-start=\"1083\" data-end=\"1123\">Vodi\u010di TLD promjera 0,3 mm omogu\u0107uju:<\/p>\n<ul data-start=\"1124\" data-end=\"1224\">\n<li data-start=\"1124\" data-end=\"1145\">\n<p data-start=\"1126\" data-end=\"1145\">visoku vodljivost<\/p>\n<\/li>\n<li data-start=\"1146\" data-end=\"1193\">\n<p data-start=\"1148\" data-end=\"1193\">stabilan napon du\u017e cijele ograde<\/p>\n<\/li>\n<li data-start=\"1194\" data-end=\"1224\">\n<p data-start=\"1196\" data-end=\"1224\">ve\u0107u u\u010dinkovitost za\u0161tite<\/p>\n<\/li>\n<\/ul>\n<p data-start=\"1226\" data-end=\"1302\">ELITE serija nudi znatno bolju vodljivost u usporedbi sa serijom CLASSIC.<\/p>\n<h3 data-start=\"1528\" data-end=\"1572\">\ud83d\udd39 <strong data-start=\"1535\" data-end=\"1572\">Prikladna za razli\u010dite vrste \u017eivotinja<\/strong><\/h3>\n<ul data-start=\"1740\" data-end=\"1989\">\n<li data-start=\"1919\" data-end=\"1941\">\n<p data-start=\"1921\" data-end=\"1941\">UV za\u0161tita: <strong data-start=\"1933\" data-end=\"1939\">da<\/strong><\/p>\n<\/li>\n<li data-start=\"1942\" data-end=\"1989\">\n<p data-start=\"1944\" data-end=\"1989\">Uporaba: <strong data-start=\"1953\" data-end=\"1989\">konji, goveda, svinje, ovce, divlja\u010d<\/strong><\/p>\n<\/li>\n<\/ul>\n","protected":false},"excerpt":{"rendered":"<p>Pa\u0161na \u017eica UKAL ELITE \u2013 visoka vodljivost i maksimalna pouzdanost \u017dica za pa\u0161njak UKAL ELITE dizajnirana je za korisnike kojima<\/p>\n","protected":false},"featured_media":135794,"template":"","meta":{"footnotes":""},"product_brand":[],"product_cat":[5820,5627,6633],"product_tag":[],"class_list":{"0":"post-136153","1":"product","2":"type-product","3":"status-publish","4":"has-post-thumbnail","6":"product_cat-oprema-za-pasnjake","7":"product_cat-stala-i-pasnjak","8":"product_cat-trake-i-zice","10":"first","11":"instock","12":"sale","13":"shipping-taxable","14":"purchasable","15":"product-type-simple"},"yoast_head":"<!-- This site is optimized with the Yoast SEO plugin v27.4 - https:\/\/yoast.com\/product\/yoast-seo-wordpress\/ -->\n<title>\u017dica Ukal Elite TLD6 \u2013 400m - Clair<\/title>\n<meta name=\"description\" content=\"Pa\u0161na \u017eica UKAL ELITE \u2013 visoka vodljivost i maksimalna pouzdanost \u017dica za pa\u0161njak UKAL ELITE dizajnirana je za korisnike kojima je potrebna ve\u0107a\" \/>\n<meta name=\"robots\" content=\"index, follow, max-snippet:-1, max-image-preview:large, max-video-preview:-1\" \/>\n<link rel=\"canonical\" href=\"https:\/\/clair.si\/hr\/izdelek\/zica-ukal-elite-tld6-400m\/\" \/>\n<meta property=\"og:locale\" content=\"hr_HR\" \/>\n<meta property=\"og:type\" content=\"article\" \/>\n<meta property=\"og:title\" content=\"\u017dica Ukal Elite TLD6 \u2013 400m - Clair\" \/>\n<meta property=\"og:description\" content=\"Pa\u0161na \u017eica UKAL ELITE \u2013 visoka vodljivost i maksimalna pouzdanost \u017dica za pa\u0161njak UKAL ELITE dizajnirana je za korisnike kojima je potrebna ve\u0107a\" \/>\n<meta property=\"og:url\" content=\"https:\/\/clair.si\/hr\/izdelek\/zica-ukal-elite-tld6-400m\/\" \/>\n<meta property=\"og:site_name\" content=\"Clair\" \/>\n<meta property=\"article:publisher\" content=\"https:\/\/www.facebook.com\/TrgovinaClair\/\" \/>\n<meta property=\"og:image\" content=\"https:\/\/clair.si\/wp-content\/uploads\/2026\/04\/125uka300_1_1_.webp\" \/>\n\t<meta property=\"og:image:width\" content=\"700\" \/>\n\t<meta property=\"og:image:height\" content=\"700\" \/>\n\t<meta property=\"og:image:type\" content=\"image\/webp\" \/>\n<meta name=\"twitter:card\" content=\"summary_large_image\" \/>\n<meta name=\"twitter:label1\" content=\"Procijenjeno vrijeme \u010ditanja\" \/>\n\t<meta name=\"twitter:data1\" content=\"1 minuta\" \/>\n<script type=\"application\/ld+json\" class=\"yoast-schema-graph\">{\"@context\":\"https:\\\/\\\/schema.org\",\"@graph\":[{\"@type\":\"WebPage\",\"@id\":\"https:\\\/\\\/clair.si\\\/hr\\\/izdelek\\\/zica-ukal-elite-tld6-400m\\\/\",\"url\":\"https:\\\/\\\/clair.si\\\/hr\\\/izdelek\\\/zica-ukal-elite-tld6-400m\\\/\",\"name\":\"\u017dica Ukal Elite TLD6 \u2013 400m - Clair\",\"isPartOf\":{\"@id\":\"https:\\\/\\\/clair.si\\\/#website\"},\"primaryImageOfPage\":{\"@id\":\"https:\\\/\\\/clair.si\\\/hr\\\/izdelek\\\/zica-ukal-elite-tld6-400m\\\/#primaryimage\"},\"image\":{\"@id\":\"https:\\\/\\\/clair.si\\\/hr\\\/izdelek\\\/zica-ukal-elite-tld6-400m\\\/#primaryimage\"},\"thumbnailUrl\":\"https:\\\/\\\/clair.si\\\/wp-content\\\/uploads\\\/2026\\\/04\\\/125uka300_1_1_.webp\",\"datePublished\":\"2026-04-15T07:32:36+00:00\",\"description\":\"Pa\u0161na \u017eica UKAL ELITE \u2013 visoka vodljivost i maksimalna pouzdanost \u017dica za pa\u0161njak UKAL ELITE dizajnirana je za korisnike kojima je potrebna ve\u0107a\",\"breadcrumb\":{\"@id\":\"https:\\\/\\\/clair.si\\\/hr\\\/izdelek\\\/zica-ukal-elite-tld6-400m\\\/#breadcrumb\"},\"inLanguage\":\"hr\",\"potentialAction\":[{\"@type\":\"ReadAction\",\"target\":[\"https:\\\/\\\/clair.si\\\/hr\\\/izdelek\\\/zica-ukal-elite-tld6-400m\\\/\"]}]},{\"@type\":\"ImageObject\",\"inLanguage\":\"hr\",\"@id\":\"https:\\\/\\\/clair.si\\\/hr\\\/izdelek\\\/zica-ukal-elite-tld6-400m\\\/#primaryimage\",\"url\":\"https:\\\/\\\/clair.si\\\/wp-content\\\/uploads\\\/2026\\\/04\\\/125uka300_1_1_.webp\",\"contentUrl\":\"https:\\\/\\\/clair.si\\\/wp-content\\\/uploads\\\/2026\\\/04\\\/125uka300_1_1_.webp\",\"width\":700,\"height\":700},{\"@type\":\"BreadcrumbList\",\"@id\":\"https:\\\/\\\/clair.si\\\/hr\\\/izdelek\\\/zica-ukal-elite-tld6-400m\\\/#breadcrumb\",\"itemListElement\":[{\"@type\":\"ListItem\",\"position\":1,\"name\":\"Home\",\"item\":\"https:\\\/\\\/clair.si\\\/hr\\\/\"},{\"@type\":\"ListItem\",\"position\":2,\"name\":\"Trgovina\",\"item\":\"https:\\\/\\\/clair.si\\\/trgovina\\\/\"},{\"@type\":\"ListItem\",\"position\":3,\"name\":\"\u017dica Ukal Elite TLD6 \u2013 400m\"}]},{\"@type\":\"WebSite\",\"@id\":\"https:\\\/\\\/clair.si\\\/#website\",\"url\":\"https:\\\/\\\/clair.si\\\/\",\"name\":\"Clair\",\"description\":\"Trgovina s konjeni\u0161ko opremo\",\"publisher\":{\"@id\":\"https:\\\/\\\/clair.si\\\/#organization\"},\"potentialAction\":[{\"@type\":\"SearchAction\",\"target\":{\"@type\":\"EntryPoint\",\"urlTemplate\":\"https:\\\/\\\/clair.si\\\/?s={search_term_string}\"},\"query-input\":{\"@type\":\"PropertyValueSpecification\",\"valueRequired\":true,\"valueName\":\"search_term_string\"}}],\"inLanguage\":\"hr\"},{\"@type\":\"Organization\",\"@id\":\"https:\\\/\\\/clair.si\\\/#organization\",\"name\":\"Clair\",\"url\":\"https:\\\/\\\/clair.si\\\/\",\"logo\":{\"@type\":\"ImageObject\",\"inLanguage\":\"hr\",\"@id\":\"https:\\\/\\\/clair.si\\\/#\\\/schema\\\/logo\\\/image\\\/\",\"url\":\"https:\\\/\\\/clair.si\\\/wp-content\\\/uploads\\\/2022\\\/11\\\/clair_logo_2022.jpg\",\"contentUrl\":\"https:\\\/\\\/clair.si\\\/wp-content\\\/uploads\\\/2022\\\/11\\\/clair_logo_2022.jpg\",\"width\":1920,\"height\":1920,\"caption\":\"Clair\"},\"image\":{\"@id\":\"https:\\\/\\\/clair.si\\\/#\\\/schema\\\/logo\\\/image\\\/\"},\"sameAs\":[\"https:\\\/\\\/www.facebook.com\\\/TrgovinaClair\\\/\"]}]}<\/script>\n<!-- \/ Yoast SEO plugin. -->","yoast_head_json":{"title":"\u017dica Ukal Elite TLD6 \u2013 400m - Clair","description":"Pa\u0161na \u017eica UKAL ELITE \u2013 visoka vodljivost i maksimalna pouzdanost \u017dica za pa\u0161njak UKAL ELITE dizajnirana je za korisnike kojima je potrebna ve\u0107a","robots":{"index":"index","follow":"follow","max-snippet":"max-snippet:-1","max-image-preview":"max-image-preview:large","max-video-preview":"max-video-preview:-1"},"canonical":"https:\/\/clair.si\/hr\/izdelek\/zica-ukal-elite-tld6-400m\/","og_locale":"hr_HR","og_type":"article","og_title":"\u017dica Ukal Elite TLD6 \u2013 400m - Clair","og_description":"Pa\u0161na \u017eica UKAL ELITE \u2013 visoka vodljivost i maksimalna pouzdanost \u017dica za pa\u0161njak UKAL ELITE dizajnirana je za korisnike kojima je potrebna ve\u0107a","og_url":"https:\/\/clair.si\/hr\/izdelek\/zica-ukal-elite-tld6-400m\/","og_site_name":"Clair","article_publisher":"https:\/\/www.facebook.com\/TrgovinaClair\/","og_image":[{"width":700,"height":700,"url":"https:\/\/clair.si\/wp-content\/uploads\/2026\/04\/125uka300_1_1_.webp","type":"image\/webp"}],"twitter_card":"summary_large_image","twitter_misc":{"Procijenjeno vrijeme \u010ditanja":"1 minuta"},"schema":{"@context":"https:\/\/schema.org","@graph":[{"@type":"WebPage","@id":"https:\/\/clair.si\/hr\/izdelek\/zica-ukal-elite-tld6-400m\/","url":"https:\/\/clair.si\/hr\/izdelek\/zica-ukal-elite-tld6-400m\/","name":"\u017dica Ukal Elite TLD6 \u2013 400m - Clair","isPartOf":{"@id":"https:\/\/clair.si\/#website"},"primaryImageOfPage":{"@id":"https:\/\/clair.si\/hr\/izdelek\/zica-ukal-elite-tld6-400m\/#primaryimage"},"image":{"@id":"https:\/\/clair.si\/hr\/izdelek\/zica-ukal-elite-tld6-400m\/#primaryimage"},"thumbnailUrl":"https:\/\/clair.si\/wp-content\/uploads\/2026\/04\/125uka300_1_1_.webp","datePublished":"2026-04-15T07:32:36+00:00","description":"Pa\u0161na \u017eica UKAL ELITE \u2013 visoka vodljivost i maksimalna pouzdanost \u017dica za pa\u0161njak UKAL ELITE dizajnirana je za korisnike kojima je potrebna ve\u0107a","breadcrumb":{"@id":"https:\/\/clair.si\/hr\/izdelek\/zica-ukal-elite-tld6-400m\/#breadcrumb"},"inLanguage":"hr","potentialAction":[{"@type":"ReadAction","target":["https:\/\/clair.si\/hr\/izdelek\/zica-ukal-elite-tld6-400m\/"]}]},{"@type":"ImageObject","inLanguage":"hr","@id":"https:\/\/clair.si\/hr\/izdelek\/zica-ukal-elite-tld6-400m\/#primaryimage","url":"https:\/\/clair.si\/wp-content\/uploads\/2026\/04\/125uka300_1_1_.webp","contentUrl":"https:\/\/clair.si\/wp-content\/uploads\/2026\/04\/125uka300_1_1_.webp","width":700,"height":700},{"@type":"BreadcrumbList","@id":"https:\/\/clair.si\/hr\/izdelek\/zica-ukal-elite-tld6-400m\/#breadcrumb","itemListElement":[{"@type":"ListItem","position":1,"name":"Home","item":"https:\/\/clair.si\/hr\/"},{"@type":"ListItem","position":2,"name":"Trgovina","item":"https:\/\/clair.si\/trgovina\/"},{"@type":"ListItem","position":3,"name":"\u017dica Ukal Elite TLD6 \u2013 400m"}]},{"@type":"WebSite","@id":"https:\/\/clair.si\/#website","url":"https:\/\/clair.si\/","name":"Clair","description":"Trgovina s konjeni\u0161ko opremo","publisher":{"@id":"https:\/\/clair.si\/#organization"},"potentialAction":[{"@type":"SearchAction","target":{"@type":"EntryPoint","urlTemplate":"https:\/\/clair.si\/?s={search_term_string}"},"query-input":{"@type":"PropertyValueSpecification","valueRequired":true,"valueName":"search_term_string"}}],"inLanguage":"hr"},{"@type":"Organization","@id":"https:\/\/clair.si\/#organization","name":"Clair","url":"https:\/\/clair.si\/","logo":{"@type":"ImageObject","inLanguage":"hr","@id":"https:\/\/clair.si\/#\/schema\/logo\/image\/","url":"https:\/\/clair.si\/wp-content\/uploads\/2022\/11\/clair_logo_2022.jpg","contentUrl":"https:\/\/clair.si\/wp-content\/uploads\/2022\/11\/clair_logo_2022.jpg","width":1920,"height":1920,"caption":"Clair"},"image":{"@id":"https:\/\/clair.si\/#\/schema\/logo\/image\/"},"sameAs":["https:\/\/www.facebook.com\/TrgovinaClair\/"]}]}},"_links":{"self":[{"href":"https:\/\/clair.si\/hr\/wp-json\/wp\/v2\/product\/136153","targetHints":{"allow":["GET"]}}],"collection":[{"href":"https:\/\/clair.si\/hr\/wp-json\/wp\/v2\/product"}],"about":[{"href":"https:\/\/clair.si\/hr\/wp-json\/wp\/v2\/types\/product"}],"version-history":[{"count":0,"href":"https:\/\/clair.si\/hr\/wp-json\/wp\/v2\/product\/136153\/revisions"}],"wp:featuredmedia":[{"embeddable":true,"href":"https:\/\/clair.si\/hr\/wp-json\/wp\/v2\/media\/135794"}],"wp:attachment":[{"href":"https:\/\/clair.si\/hr\/wp-json\/wp\/v2\/media?parent=136153"}],"wp:term":[{"taxonomy":"product_brand","embeddable":true,"href":"https:\/\/clair.si\/hr\/wp-json\/wp\/v2\/product_brand?post=136153"},{"taxonomy":"product_cat","embeddable":true,"href":"https:\/\/clair.si\/hr\/wp-json\/wp\/v2\/product_cat?post=136153"},{"taxonomy":"product_tag","embeddable":true,"href":"https:\/\/clair.si\/hr\/wp-json\/wp\/v2\/product_tag?post=136153"}],"curies":[{"name":"wp","href":"https:\/\/api.w.org\/{rel}","templated":true}]}}