{"id":136169,"date":"2026-04-07T13:31:13","date_gmt":"2026-04-07T11:31:13","guid":{"rendered":"https:\/\/clair.si\/izdelek\/oglavka-lami-cell-vibes\/"},"modified":"2026-04-19T11:56:46","modified_gmt":"2026-04-19T09:56:46","slug":"oglavka-lami-cell-vibes","status":"publish","type":"product","link":"https:\/\/clair.si\/hr\/izdelek\/oglavka-lami-cell-vibes\/","title":{"rendered":"Oglavka Lami-Cell Vibes"},"content":{"rendered":"<p class=\"font-claude-response-body break-words whitespace-normal leading-[1.7]\">Oglavka je u konji\u010dkoj opremi ono \u0161to je za nas pojas \u2014 konjska glava je nosi cijeli dan, tijekom njege, transporta, odmora.<\/p>\n<p class=\"font-claude-response-body break-words whitespace-normal leading-[1.7]\">Lami-Cell LC Vibes izgra\u0111ena je na polipropilenskoj traci \u2014 materijalu koji je lak\u0161i od ko\u017ee, ne upija vlagu i ne raspada se pod utjecajem blatne \u0161tale ili ki\u0161e. Oglavka ne trlja i ne ostavlja tragove. <\/p>\n<p class=\"font-claude-response-body break-words whitespace-normal leading-[1.7]\">Kop\u010de su u mat crnoj izvedbi \u2014 diskretne i bez sjaja, \u0161to je plus i kod konja koji su preosjetljivi na odsjaje. Oglavnica je podesiva na tjemenu i nosnom dijelu. <\/p>\n<p class=\"font-claude-response-body break-words whitespace-normal leading-[1.7]\">Kolekcija LC Vibes dostupna je u mekim, trend bojama (mint zelena, roza, svijetlo plava, mornarsko plava). Nosi oznaku <strong>Green Impact \u2013 Natural<\/strong>, \u0161to je Lami-Cellov certifikat za ekolo\u0161ki odgovornije materijale i procese. <\/p>\n<p class=\"font-claude-response-body break-words whitespace-normal leading-[1.7]\"><strong>Materijal:<\/strong> polipropilenska trakasta osnova, sinteti\u010dka ko\u017ea, zam\u0161ena podstava<\/p>\n<p class=\"font-claude-response-body break-words whitespace-normal leading-[1.7]\"><strong>Odr\u017eavanje:<\/strong> obri\u0161ite vla\u017enom krpom, po potrebi operite vodom i osu\u0161ite na zraku<\/p>\n","protected":false},"excerpt":{"rendered":"<ul>\n<li>posebno izdr\u017eljiv materijal<\/li>\n<li>prekrasne boje ove sezone<\/li>\n<\/ul>\n","protected":false},"featured_media":135162,"template":"","meta":{"footnotes":""},"product_brand":[],"product_cat":[5624,5743,5742],"product_tag":[],"class_list":{"0":"post-136169","1":"product","2":"type-product","3":"status-publish","4":"has-post-thumbnail","6":"product_cat-konj-hr","7":"product_cat-uzde-hr","8":"product_cat-uzde-i-ulari","10":"first","11":"instock","12":"sale","13":"shipping-taxable","14":"purchasable","15":"product-type-variable"},"yoast_head":"<!-- This site is optimized with the Yoast SEO plugin v27.4 - https:\/\/yoast.com\/product\/yoast-seo-wordpress\/ -->\n<title>Oglavka Lami-Cell Vibes - Clair<\/title>\n<meta name=\"description\" content=\"posebno izdr\u017eljiv materijal  prekrasne boje ove sezone\" \/>\n<meta name=\"robots\" content=\"index, follow, max-snippet:-1, max-image-preview:large, max-video-preview:-1\" \/>\n<link rel=\"canonical\" href=\"https:\/\/clair.si\/hr\/izdelek\/oglavka-lami-cell-vibes\/\" \/>\n<meta property=\"og:locale\" content=\"hr_HR\" \/>\n<meta property=\"og:type\" content=\"article\" \/>\n<meta property=\"og:title\" content=\"Oglavka Lami-Cell Vibes - Clair\" \/>\n<meta property=\"og:description\" content=\"posebno izdr\u017eljiv materijal  prekrasne boje ove sezone\" \/>\n<meta property=\"og:url\" content=\"https:\/\/clair.si\/hr\/izdelek\/oglavka-lami-cell-vibes\/\" \/>\n<meta property=\"og:site_name\" content=\"Clair\" \/>\n<meta property=\"article:publisher\" content=\"https:\/\/www.facebook.com\/TrgovinaClair\/\" \/>\n<meta property=\"article:modified_time\" content=\"2026-04-19T09:56:46+00:00\" \/>\n<meta property=\"og:image\" content=\"https:\/\/clair.si\/wp-content\/uploads\/2026\/04\/vibes-sv-modra.webp\" \/>\n\t<meta property=\"og:image:width\" content=\"800\" \/>\n\t<meta property=\"og:image:height\" content=\"800\" \/>\n\t<meta property=\"og:image:type\" content=\"image\/jpeg\" \/>\n<meta name=\"twitter:card\" content=\"summary_large_image\" \/>\n<meta name=\"twitter:label1\" content=\"Procijenjeno vrijeme \u010ditanja\" \/>\n\t<meta name=\"twitter:data1\" content=\"1 minuta\" \/>\n<script type=\"application\/ld+json\" class=\"yoast-schema-graph\">{\"@context\":\"https:\\\/\\\/schema.org\",\"@graph\":[{\"@type\":\"WebPage\",\"@id\":\"https:\\\/\\\/clair.si\\\/hr\\\/izdelek\\\/oglavka-lami-cell-vibes\\\/\",\"url\":\"https:\\\/\\\/clair.si\\\/hr\\\/izdelek\\\/oglavka-lami-cell-vibes\\\/\",\"name\":\"Oglavka Lami-Cell Vibes - Clair\",\"isPartOf\":{\"@id\":\"https:\\\/\\\/clair.si\\\/#website\"},\"primaryImageOfPage\":{\"@id\":\"https:\\\/\\\/clair.si\\\/hr\\\/izdelek\\\/oglavka-lami-cell-vibes\\\/#primaryimage\"},\"image\":{\"@id\":\"https:\\\/\\\/clair.si\\\/hr\\\/izdelek\\\/oglavka-lami-cell-vibes\\\/#primaryimage\"},\"thumbnailUrl\":\"https:\\\/\\\/clair.si\\\/wp-content\\\/uploads\\\/2026\\\/04\\\/vibes-sv-modra.webp\",\"datePublished\":\"2026-04-07T11:31:13+00:00\",\"dateModified\":\"2026-04-19T09:56:46+00:00\",\"description\":\"posebno izdr\u017eljiv materijal prekrasne boje ove sezone\",\"breadcrumb\":{\"@id\":\"https:\\\/\\\/clair.si\\\/hr\\\/izdelek\\\/oglavka-lami-cell-vibes\\\/#breadcrumb\"},\"inLanguage\":\"hr\",\"potentialAction\":[{\"@type\":\"ReadAction\",\"target\":[\"https:\\\/\\\/clair.si\\\/hr\\\/izdelek\\\/oglavka-lami-cell-vibes\\\/\"]}]},{\"@type\":\"ImageObject\",\"inLanguage\":\"hr\",\"@id\":\"https:\\\/\\\/clair.si\\\/hr\\\/izdelek\\\/oglavka-lami-cell-vibes\\\/#primaryimage\",\"url\":\"https:\\\/\\\/clair.si\\\/wp-content\\\/uploads\\\/2026\\\/04\\\/vibes-sv-modra.webp\",\"contentUrl\":\"https:\\\/\\\/clair.si\\\/wp-content\\\/uploads\\\/2026\\\/04\\\/vibes-sv-modra.webp\",\"width\":800,\"height\":800},{\"@type\":\"BreadcrumbList\",\"@id\":\"https:\\\/\\\/clair.si\\\/hr\\\/izdelek\\\/oglavka-lami-cell-vibes\\\/#breadcrumb\",\"itemListElement\":[{\"@type\":\"ListItem\",\"position\":1,\"name\":\"Home\",\"item\":\"https:\\\/\\\/clair.si\\\/hr\\\/\"},{\"@type\":\"ListItem\",\"position\":2,\"name\":\"Trgovina\",\"item\":\"https:\\\/\\\/clair.si\\\/trgovina\\\/\"},{\"@type\":\"ListItem\",\"position\":3,\"name\":\"Oglavka Lami-Cell Vibes\"}]},{\"@type\":\"WebSite\",\"@id\":\"https:\\\/\\\/clair.si\\\/#website\",\"url\":\"https:\\\/\\\/clair.si\\\/\",\"name\":\"Clair\",\"description\":\"Trgovina s konjeni\u0161ko opremo\",\"publisher\":{\"@id\":\"https:\\\/\\\/clair.si\\\/#organization\"},\"potentialAction\":[{\"@type\":\"SearchAction\",\"target\":{\"@type\":\"EntryPoint\",\"urlTemplate\":\"https:\\\/\\\/clair.si\\\/?s={search_term_string}\"},\"query-input\":{\"@type\":\"PropertyValueSpecification\",\"valueRequired\":true,\"valueName\":\"search_term_string\"}}],\"inLanguage\":\"hr\"},{\"@type\":\"Organization\",\"@id\":\"https:\\\/\\\/clair.si\\\/#organization\",\"name\":\"Clair\",\"url\":\"https:\\\/\\\/clair.si\\\/\",\"logo\":{\"@type\":\"ImageObject\",\"inLanguage\":\"hr\",\"@id\":\"https:\\\/\\\/clair.si\\\/#\\\/schema\\\/logo\\\/image\\\/\",\"url\":\"https:\\\/\\\/clair.si\\\/wp-content\\\/uploads\\\/2022\\\/11\\\/clair_logo_2022.jpg\",\"contentUrl\":\"https:\\\/\\\/clair.si\\\/wp-content\\\/uploads\\\/2022\\\/11\\\/clair_logo_2022.jpg\",\"width\":1920,\"height\":1920,\"caption\":\"Clair\"},\"image\":{\"@id\":\"https:\\\/\\\/clair.si\\\/#\\\/schema\\\/logo\\\/image\\\/\"},\"sameAs\":[\"https:\\\/\\\/www.facebook.com\\\/TrgovinaClair\\\/\"]}]}<\/script>\n<!-- \/ Yoast SEO plugin. -->","yoast_head_json":{"title":"Oglavka Lami-Cell Vibes - Clair","description":"posebno izdr\u017eljiv materijal  prekrasne boje ove sezone","robots":{"index":"index","follow":"follow","max-snippet":"max-snippet:-1","max-image-preview":"max-image-preview:large","max-video-preview":"max-video-preview:-1"},"canonical":"https:\/\/clair.si\/hr\/izdelek\/oglavka-lami-cell-vibes\/","og_locale":"hr_HR","og_type":"article","og_title":"Oglavka Lami-Cell Vibes - Clair","og_description":"posebno izdr\u017eljiv materijal  prekrasne boje ove sezone","og_url":"https:\/\/clair.si\/hr\/izdelek\/oglavka-lami-cell-vibes\/","og_site_name":"Clair","article_publisher":"https:\/\/www.facebook.com\/TrgovinaClair\/","article_modified_time":"2026-04-19T09:56:46+00:00","og_image":[{"width":800,"height":800,"url":"https:\/\/clair.si\/wp-content\/uploads\/2026\/04\/vibes-sv-modra.webp","type":"image\/jpeg"}],"twitter_card":"summary_large_image","twitter_misc":{"Procijenjeno vrijeme \u010ditanja":"1 minuta"},"schema":{"@context":"https:\/\/schema.org","@graph":[{"@type":"WebPage","@id":"https:\/\/clair.si\/hr\/izdelek\/oglavka-lami-cell-vibes\/","url":"https:\/\/clair.si\/hr\/izdelek\/oglavka-lami-cell-vibes\/","name":"Oglavka Lami-Cell Vibes - Clair","isPartOf":{"@id":"https:\/\/clair.si\/#website"},"primaryImageOfPage":{"@id":"https:\/\/clair.si\/hr\/izdelek\/oglavka-lami-cell-vibes\/#primaryimage"},"image":{"@id":"https:\/\/clair.si\/hr\/izdelek\/oglavka-lami-cell-vibes\/#primaryimage"},"thumbnailUrl":"https:\/\/clair.si\/wp-content\/uploads\/2026\/04\/vibes-sv-modra.webp","datePublished":"2026-04-07T11:31:13+00:00","dateModified":"2026-04-19T09:56:46+00:00","description":"posebno izdr\u017eljiv materijal prekrasne boje ove sezone","breadcrumb":{"@id":"https:\/\/clair.si\/hr\/izdelek\/oglavka-lami-cell-vibes\/#breadcrumb"},"inLanguage":"hr","potentialAction":[{"@type":"ReadAction","target":["https:\/\/clair.si\/hr\/izdelek\/oglavka-lami-cell-vibes\/"]}]},{"@type":"ImageObject","inLanguage":"hr","@id":"https:\/\/clair.si\/hr\/izdelek\/oglavka-lami-cell-vibes\/#primaryimage","url":"https:\/\/clair.si\/wp-content\/uploads\/2026\/04\/vibes-sv-modra.webp","contentUrl":"https:\/\/clair.si\/wp-content\/uploads\/2026\/04\/vibes-sv-modra.webp","width":800,"height":800},{"@type":"BreadcrumbList","@id":"https:\/\/clair.si\/hr\/izdelek\/oglavka-lami-cell-vibes\/#breadcrumb","itemListElement":[{"@type":"ListItem","position":1,"name":"Home","item":"https:\/\/clair.si\/hr\/"},{"@type":"ListItem","position":2,"name":"Trgovina","item":"https:\/\/clair.si\/trgovina\/"},{"@type":"ListItem","position":3,"name":"Oglavka Lami-Cell Vibes"}]},{"@type":"WebSite","@id":"https:\/\/clair.si\/#website","url":"https:\/\/clair.si\/","name":"Clair","description":"Trgovina s konjeni\u0161ko opremo","publisher":{"@id":"https:\/\/clair.si\/#organization"},"potentialAction":[{"@type":"SearchAction","target":{"@type":"EntryPoint","urlTemplate":"https:\/\/clair.si\/?s={search_term_string}"},"query-input":{"@type":"PropertyValueSpecification","valueRequired":true,"valueName":"search_term_string"}}],"inLanguage":"hr"},{"@type":"Organization","@id":"https:\/\/clair.si\/#organization","name":"Clair","url":"https:\/\/clair.si\/","logo":{"@type":"ImageObject","inLanguage":"hr","@id":"https:\/\/clair.si\/#\/schema\/logo\/image\/","url":"https:\/\/clair.si\/wp-content\/uploads\/2022\/11\/clair_logo_2022.jpg","contentUrl":"https:\/\/clair.si\/wp-content\/uploads\/2022\/11\/clair_logo_2022.jpg","width":1920,"height":1920,"caption":"Clair"},"image":{"@id":"https:\/\/clair.si\/#\/schema\/logo\/image\/"},"sameAs":["https:\/\/www.facebook.com\/TrgovinaClair\/"]}]}},"_links":{"self":[{"href":"https:\/\/clair.si\/hr\/wp-json\/wp\/v2\/product\/136169","targetHints":{"allow":["GET"]}}],"collection":[{"href":"https:\/\/clair.si\/hr\/wp-json\/wp\/v2\/product"}],"about":[{"href":"https:\/\/clair.si\/hr\/wp-json\/wp\/v2\/types\/product"}],"version-history":[{"count":0,"href":"https:\/\/clair.si\/hr\/wp-json\/wp\/v2\/product\/136169\/revisions"}],"wp:featuredmedia":[{"embeddable":true,"href":"https:\/\/clair.si\/hr\/wp-json\/wp\/v2\/media\/135162"}],"wp:attachment":[{"href":"https:\/\/clair.si\/hr\/wp-json\/wp\/v2\/media?parent=136169"}],"wp:term":[{"taxonomy":"product_brand","embeddable":true,"href":"https:\/\/clair.si\/hr\/wp-json\/wp\/v2\/product_brand?post=136169"},{"taxonomy":"product_cat","embeddable":true,"href":"https:\/\/clair.si\/hr\/wp-json\/wp\/v2\/product_cat?post=136169"},{"taxonomy":"product_tag","embeddable":true,"href":"https:\/\/clair.si\/hr\/wp-json\/wp\/v2\/product_tag?post=136169"}],"curies":[{"name":"wp","href":"https:\/\/api.w.org\/{rel}","templated":true}]}}