{"id":92287,"date":"2025-07-18T13:54:25","date_gmt":"2025-07-18T11:54:25","guid":{"rendered":"https:\/\/clair.si\/izdelek\/natjecateljska-jahaca-majica-e-t-funza-white\/"},"modified":"2026-03-26T10:28:25","modified_gmt":"2026-03-26T09:28:25","slug":"natjecateljska-jahaca-majica-e-t-funza","status":"publish","type":"product","link":"https:\/\/clair.si\/hr\/izdelek\/natjecateljska-jahaca-majica-e-t-funza\/","title":{"rendered":"Natjecateljska jaha\u0107a majica E-T Funza"},"content":{"rendered":"<p><strong>Natjecateljska jaha\u0107a majica E-T Funza\u00a0<\/strong><\/p>\n<p data-start=\"107\" data-end=\"247\"><strong data-start=\"107\" data-end=\"159\">Savr\u0161ena kombinacija elegancije i funkcionalnosti.<\/strong><br data-start=\"159\" data-end=\"162\" \/>Ovaj komad spaja stil i udobnost, dizajniran za besprijekorno prianjanje i lagano kretanje.<\/p>\n<ul data-start=\"249\" data-end=\"457\">\n<li data-start=\"249\" data-end=\"315\">\n<p data-start=\"251\" data-end=\"315\"><strong data-start=\"251\" data-end=\"288\">4-smjerna rastezljivost (STRETCH):<\/strong> potpuna sloboda kretanja.<\/p>\n<\/li>\n<li data-start=\"316\" data-end=\"376\">\n<p data-start=\"318\" data-end=\"376\"><strong data-start=\"318\" data-end=\"349\">Lagan i prozra\u010dan materijal:<\/strong> za udobnost tijekom cijelog dana.<\/p>\n<\/li>\n<li data-start=\"377\" data-end=\"457\">\n<p data-start=\"379\" data-end=\"457\"><strong data-start=\"379\" data-end=\"410\">U\u010dinkovita termoregulacija:<\/strong> brzo su\u0161enje za svje\u017e osje\u0107aj u svim uvjetima.<\/p>\n<\/li>\n<\/ul>\n<p data-start=\"459\" data-end=\"496\"><strong data-start=\"459\" data-end=\"494\">Dotjerani detalji koji se isti\u010du:<\/strong><\/p>\n<ul data-start=\"497\" data-end=\"654\">\n<li data-start=\"497\" data-end=\"554\">\n<p data-start=\"499\" data-end=\"554\">Elegantan patentni zatvara\u010d na stra\u017enjoj strani za profinjen izgled.<\/p>\n<\/li>\n<li data-start=\"555\" data-end=\"654\">\n<p data-start=\"557\" data-end=\"654\">O\u010daravaju\u0107i V-izrez s ukrasnim svjetlucavim panelom i nje\u017enim linijama kristali\u0107a za da\u0161ak glamura.<\/p>\n<\/li>\n<\/ul>\n<p data-start=\"656\" data-end=\"740\"><strong data-start=\"656\" data-end=\"669\">Materijal:<\/strong><br data-start=\"669\" data-end=\"672\" \/>93 % poliester, 7 % elastan \u2013 za meko\u0107u, elasti\u010dnost i postojanost.<\/p>\n","protected":false},"excerpt":{"rendered":"<p>Natjecateljska jaha\u0107a majica E-T Funza\u00a0 Savr\u0161ena kombinacija elegancije i funkcionalnosti.Ovaj komad spaja stil i udobnost, dizajniran za besprijekorno prianjanje i<\/p>\n","protected":false},"featured_media":92272,"template":"","meta":{"footnotes":""},"product_brand":[],"product_cat":[5654,5657,5670,5671,5667,5669,5668],"product_tag":[],"class_list":{"0":"post-92287","1":"product","2":"type-product","3":"status-publish","4":"has-post-thumbnail","6":"product_cat-jahac-hr","7":"product_cat-kategorije-hr","8":"product_cat-natjecanja","9":"product_cat-natjecateljske-majice","10":"product_cat-zene","11":"product_cat-zenska-natjecateljska-odjeca","12":"product_cat-zenske-majice","14":"first","15":"instock","16":"sale","17":"shipping-taxable","18":"purchasable","19":"product-type-variable"},"yoast_head":"<!-- This site is optimized with the Yoast SEO plugin v27.5 - https:\/\/yoast.com\/product\/yoast-seo-wordpress\/ -->\n<title>Natjecateljska jaha\u0107a majica E-T Funza - Clair<\/title>\n<meta name=\"description\" content=\"Elegantan i rastezljiv komad s V-izrezom i kristali\u0107ima. Lagan, prozra\u010dan i brzo se su\u0161i \u2013 savr\u0161en za udobnost i stil u svakom trenutku.\" \/>\n<meta name=\"robots\" content=\"index, follow, max-snippet:-1, max-image-preview:large, max-video-preview:-1\" \/>\n<link rel=\"canonical\" href=\"https:\/\/clair.si\/izdelek\/tekmovalna-jahalna-majica-e-t-funza\/\" \/>\n<meta property=\"og:locale\" content=\"hr_HR\" \/>\n<meta property=\"og:type\" content=\"article\" \/>\n<meta property=\"og:title\" content=\"Natjecateljska jaha\u0107a majica E-T Funza - Clair\" \/>\n<meta property=\"og:description\" content=\"Elegantan i rastezljiv komad s V-izrezom i kristali\u0107ima. Lagan, prozra\u010dan i brzo se su\u0161i \u2013 savr\u0161en za udobnost i stil u svakom trenutku.\" \/>\n<meta property=\"og:url\" content=\"https:\/\/clair.si\/izdelek\/tekmovalna-jahalna-majica-e-t-funza\/\" \/>\n<meta property=\"og:site_name\" content=\"Clair\" \/>\n<meta property=\"article:publisher\" content=\"https:\/\/www.facebook.com\/TrgovinaClair\/\" \/>\n<meta property=\"article:modified_time\" content=\"2026-03-26T09:28:25+00:00\" \/>\n<meta property=\"og:image\" content=\"https:\/\/clair.si\/wp-content\/uploads\/2025\/07\/polo-equitheme-funza-short-sleeves-tekmovalna-jahalna-majica-bela-1.webp\" \/>\n\t<meta property=\"og:image:width\" content=\"800\" \/>\n\t<meta property=\"og:image:height\" content=\"800\" \/>\n\t<meta property=\"og:image:type\" content=\"image\/jpeg\" \/>\n<meta name=\"twitter:card\" content=\"summary_large_image\" \/>\n<meta name=\"twitter:label1\" content=\"Procijenjeno vrijeme \u010ditanja\" \/>\n\t<meta name=\"twitter:data1\" content=\"1 minuta\" \/>\n<script type=\"application\/ld+json\" class=\"yoast-schema-graph\">{\"@context\":\"https:\\\/\\\/schema.org\",\"@graph\":[{\"@type\":\"WebPage\",\"@id\":\"https:\\\/\\\/clair.si\\\/izdelek\\\/tekmovalna-jahalna-majica-e-t-funza\\\/\",\"url\":\"https:\\\/\\\/clair.si\\\/izdelek\\\/tekmovalna-jahalna-majica-e-t-funza\\\/\",\"name\":\"Natjecateljska jaha\u0107a majica E-T Funza - Clair\",\"isPartOf\":{\"@id\":\"https:\\\/\\\/clair.si\\\/#website\"},\"primaryImageOfPage\":{\"@id\":\"https:\\\/\\\/clair.si\\\/izdelek\\\/tekmovalna-jahalna-majica-e-t-funza\\\/#primaryimage\"},\"image\":{\"@id\":\"https:\\\/\\\/clair.si\\\/izdelek\\\/tekmovalna-jahalna-majica-e-t-funza\\\/#primaryimage\"},\"thumbnailUrl\":\"https:\\\/\\\/clair.si\\\/wp-content\\\/uploads\\\/2025\\\/07\\\/polo-equitheme-funza-short-sleeves-tekmovalna-jahalna-majica-bela-1.webp\",\"datePublished\":\"2025-07-18T11:54:25+00:00\",\"dateModified\":\"2026-03-26T09:28:25+00:00\",\"description\":\"Elegantan i rastezljiv komad s V-izrezom i kristali\u0107ima. Lagan, prozra\u010dan i brzo se su\u0161i \u2013 savr\u0161en za udobnost i stil u svakom trenutku.\",\"breadcrumb\":{\"@id\":\"https:\\\/\\\/clair.si\\\/izdelek\\\/tekmovalna-jahalna-majica-e-t-funza\\\/#breadcrumb\"},\"inLanguage\":\"hr\",\"potentialAction\":[{\"@type\":\"ReadAction\",\"target\":[\"https:\\\/\\\/clair.si\\\/izdelek\\\/tekmovalna-jahalna-majica-e-t-funza\\\/\"]}]},{\"@type\":\"ImageObject\",\"inLanguage\":\"hr\",\"@id\":\"https:\\\/\\\/clair.si\\\/izdelek\\\/tekmovalna-jahalna-majica-e-t-funza\\\/#primaryimage\",\"url\":\"https:\\\/\\\/clair.si\\\/wp-content\\\/uploads\\\/2025\\\/07\\\/polo-equitheme-funza-short-sleeves-tekmovalna-jahalna-majica-bela-1.webp\",\"contentUrl\":\"https:\\\/\\\/clair.si\\\/wp-content\\\/uploads\\\/2025\\\/07\\\/polo-equitheme-funza-short-sleeves-tekmovalna-jahalna-majica-bela-1.webp\",\"width\":800,\"height\":800},{\"@type\":\"BreadcrumbList\",\"@id\":\"https:\\\/\\\/clair.si\\\/izdelek\\\/tekmovalna-jahalna-majica-e-t-funza\\\/#breadcrumb\",\"itemListElement\":[{\"@type\":\"ListItem\",\"position\":1,\"name\":\"Home\",\"item\":\"https:\\\/\\\/clair.si\\\/hr\\\/\"},{\"@type\":\"ListItem\",\"position\":2,\"name\":\"Trgovina\",\"item\":\"https:\\\/\\\/clair.si\\\/trgovina\\\/\"},{\"@type\":\"ListItem\",\"position\":3,\"name\":\"Natjecateljska jaha\u0107a majica E-T Funza\"}]},{\"@type\":\"WebSite\",\"@id\":\"https:\\\/\\\/clair.si\\\/#website\",\"url\":\"https:\\\/\\\/clair.si\\\/\",\"name\":\"Clair\",\"description\":\"Trgovina s konjeni\u0161ko opremo\",\"publisher\":{\"@id\":\"https:\\\/\\\/clair.si\\\/#organization\"},\"potentialAction\":[{\"@type\":\"SearchAction\",\"target\":{\"@type\":\"EntryPoint\",\"urlTemplate\":\"https:\\\/\\\/clair.si\\\/?s={search_term_string}\"},\"query-input\":{\"@type\":\"PropertyValueSpecification\",\"valueRequired\":true,\"valueName\":\"search_term_string\"}}],\"inLanguage\":\"hr\"},{\"@type\":\"Organization\",\"@id\":\"https:\\\/\\\/clair.si\\\/#organization\",\"name\":\"Clair\",\"url\":\"https:\\\/\\\/clair.si\\\/\",\"logo\":{\"@type\":\"ImageObject\",\"inLanguage\":\"hr\",\"@id\":\"https:\\\/\\\/clair.si\\\/#\\\/schema\\\/logo\\\/image\\\/\",\"url\":\"https:\\\/\\\/clair.si\\\/wp-content\\\/uploads\\\/2022\\\/11\\\/clair_logo_2022.jpg\",\"contentUrl\":\"https:\\\/\\\/clair.si\\\/wp-content\\\/uploads\\\/2022\\\/11\\\/clair_logo_2022.jpg\",\"width\":1920,\"height\":1920,\"caption\":\"Clair\"},\"image\":{\"@id\":\"https:\\\/\\\/clair.si\\\/#\\\/schema\\\/logo\\\/image\\\/\"},\"sameAs\":[\"https:\\\/\\\/www.facebook.com\\\/TrgovinaClair\\\/\"]}]}<\/script>\n<!-- \/ Yoast SEO plugin. -->","yoast_head_json":{"title":"Natjecateljska jaha\u0107a majica E-T Funza - Clair","description":"Elegantan i rastezljiv komad s V-izrezom i kristali\u0107ima. Lagan, prozra\u010dan i brzo se su\u0161i \u2013 savr\u0161en za udobnost i stil u svakom trenutku.","robots":{"index":"index","follow":"follow","max-snippet":"max-snippet:-1","max-image-preview":"max-image-preview:large","max-video-preview":"max-video-preview:-1"},"canonical":"https:\/\/clair.si\/izdelek\/tekmovalna-jahalna-majica-e-t-funza\/","og_locale":"hr_HR","og_type":"article","og_title":"Natjecateljska jaha\u0107a majica E-T Funza - Clair","og_description":"Elegantan i rastezljiv komad s V-izrezom i kristali\u0107ima. Lagan, prozra\u010dan i brzo se su\u0161i \u2013 savr\u0161en za udobnost i stil u svakom trenutku.","og_url":"https:\/\/clair.si\/izdelek\/tekmovalna-jahalna-majica-e-t-funza\/","og_site_name":"Clair","article_publisher":"https:\/\/www.facebook.com\/TrgovinaClair\/","article_modified_time":"2026-03-26T09:28:25+00:00","og_image":[{"width":800,"height":800,"url":"https:\/\/clair.si\/wp-content\/uploads\/2025\/07\/polo-equitheme-funza-short-sleeves-tekmovalna-jahalna-majica-bela-1.webp","type":"image\/jpeg"}],"twitter_card":"summary_large_image","twitter_misc":{"Procijenjeno vrijeme \u010ditanja":"1 minuta"},"schema":{"@context":"https:\/\/schema.org","@graph":[{"@type":"WebPage","@id":"https:\/\/clair.si\/izdelek\/tekmovalna-jahalna-majica-e-t-funza\/","url":"https:\/\/clair.si\/izdelek\/tekmovalna-jahalna-majica-e-t-funza\/","name":"Natjecateljska jaha\u0107a majica E-T Funza - Clair","isPartOf":{"@id":"https:\/\/clair.si\/#website"},"primaryImageOfPage":{"@id":"https:\/\/clair.si\/izdelek\/tekmovalna-jahalna-majica-e-t-funza\/#primaryimage"},"image":{"@id":"https:\/\/clair.si\/izdelek\/tekmovalna-jahalna-majica-e-t-funza\/#primaryimage"},"thumbnailUrl":"https:\/\/clair.si\/wp-content\/uploads\/2025\/07\/polo-equitheme-funza-short-sleeves-tekmovalna-jahalna-majica-bela-1.webp","datePublished":"2025-07-18T11:54:25+00:00","dateModified":"2026-03-26T09:28:25+00:00","description":"Elegantan i rastezljiv komad s V-izrezom i kristali\u0107ima. Lagan, prozra\u010dan i brzo se su\u0161i \u2013 savr\u0161en za udobnost i stil u svakom trenutku.","breadcrumb":{"@id":"https:\/\/clair.si\/izdelek\/tekmovalna-jahalna-majica-e-t-funza\/#breadcrumb"},"inLanguage":"hr","potentialAction":[{"@type":"ReadAction","target":["https:\/\/clair.si\/izdelek\/tekmovalna-jahalna-majica-e-t-funza\/"]}]},{"@type":"ImageObject","inLanguage":"hr","@id":"https:\/\/clair.si\/izdelek\/tekmovalna-jahalna-majica-e-t-funza\/#primaryimage","url":"https:\/\/clair.si\/wp-content\/uploads\/2025\/07\/polo-equitheme-funza-short-sleeves-tekmovalna-jahalna-majica-bela-1.webp","contentUrl":"https:\/\/clair.si\/wp-content\/uploads\/2025\/07\/polo-equitheme-funza-short-sleeves-tekmovalna-jahalna-majica-bela-1.webp","width":800,"height":800},{"@type":"BreadcrumbList","@id":"https:\/\/clair.si\/izdelek\/tekmovalna-jahalna-majica-e-t-funza\/#breadcrumb","itemListElement":[{"@type":"ListItem","position":1,"name":"Home","item":"https:\/\/clair.si\/hr\/"},{"@type":"ListItem","position":2,"name":"Trgovina","item":"https:\/\/clair.si\/trgovina\/"},{"@type":"ListItem","position":3,"name":"Natjecateljska jaha\u0107a majica E-T Funza"}]},{"@type":"WebSite","@id":"https:\/\/clair.si\/#website","url":"https:\/\/clair.si\/","name":"Clair","description":"Trgovina s konjeni\u0161ko opremo","publisher":{"@id":"https:\/\/clair.si\/#organization"},"potentialAction":[{"@type":"SearchAction","target":{"@type":"EntryPoint","urlTemplate":"https:\/\/clair.si\/?s={search_term_string}"},"query-input":{"@type":"PropertyValueSpecification","valueRequired":true,"valueName":"search_term_string"}}],"inLanguage":"hr"},{"@type":"Organization","@id":"https:\/\/clair.si\/#organization","name":"Clair","url":"https:\/\/clair.si\/","logo":{"@type":"ImageObject","inLanguage":"hr","@id":"https:\/\/clair.si\/#\/schema\/logo\/image\/","url":"https:\/\/clair.si\/wp-content\/uploads\/2022\/11\/clair_logo_2022.jpg","contentUrl":"https:\/\/clair.si\/wp-content\/uploads\/2022\/11\/clair_logo_2022.jpg","width":1920,"height":1920,"caption":"Clair"},"image":{"@id":"https:\/\/clair.si\/#\/schema\/logo\/image\/"},"sameAs":["https:\/\/www.facebook.com\/TrgovinaClair\/"]}]}},"_links":{"self":[{"href":"https:\/\/clair.si\/hr\/wp-json\/wp\/v2\/product\/92287","targetHints":{"allow":["GET"]}}],"collection":[{"href":"https:\/\/clair.si\/hr\/wp-json\/wp\/v2\/product"}],"about":[{"href":"https:\/\/clair.si\/hr\/wp-json\/wp\/v2\/types\/product"}],"version-history":[{"count":2,"href":"https:\/\/clair.si\/hr\/wp-json\/wp\/v2\/product\/92287\/revisions"}],"predecessor-version":[{"id":134397,"href":"https:\/\/clair.si\/hr\/wp-json\/wp\/v2\/product\/92287\/revisions\/134397"}],"wp:featuredmedia":[{"embeddable":true,"href":"https:\/\/clair.si\/hr\/wp-json\/wp\/v2\/media\/92272"}],"wp:attachment":[{"href":"https:\/\/clair.si\/hr\/wp-json\/wp\/v2\/media?parent=92287"}],"wp:term":[{"taxonomy":"product_brand","embeddable":true,"href":"https:\/\/clair.si\/hr\/wp-json\/wp\/v2\/product_brand?post=92287"},{"taxonomy":"product_cat","embeddable":true,"href":"https:\/\/clair.si\/hr\/wp-json\/wp\/v2\/product_cat?post=92287"},{"taxonomy":"product_tag","embeddable":true,"href":"https:\/\/clair.si\/hr\/wp-json\/wp\/v2\/product_tag?post=92287"}],"curies":[{"name":"wp","href":"https:\/\/api.w.org\/{rel}","templated":true}]}}