{"id":92293,"date":"2025-07-18T09:33:02","date_gmt":"2025-07-18T07:33:02","guid":{"rendered":"https:\/\/clair.si\/izdelek\/losion-carrdaymartin-killitch\/"},"modified":"2025-08-28T07:36:31","modified_gmt":"2025-08-28T05:36:31","slug":"losion-carrdaymartin-killitch","status":"publish","type":"product","link":"https:\/\/clair.si\/hr\/izdelek\/losion-carrdaymartin-killitch\/","title":{"rendered":"Losion Carr&amp;Day&amp;Martin KILLITCH"},"content":{"rendered":"<p><strong>Losion Carr&amp;Day&amp;Martin KILLITCH<\/strong><\/p>\n<p data-start=\"79\" data-end=\"137\"><strong data-start=\"79\" data-end=\"137\">Killitch \u2013 u\u010dinkovito rje\u0161enje protiv svrbe\u017ea kod konja<\/strong><\/p>\n<p data-start=\"139\" data-end=\"302\">Killitch je mo\u0107na formula protiv svrbe\u017ea koja umiruje nadra\u017eenu ko\u017eu, prekida krug svrbe\u017ea i grebanja te poma\u017ee sprije\u010diti pristup grizu\u0107ih insekata do ko\u017ee.<\/p>\n<p data-start=\"304\" data-end=\"527\">Proizvod se koristi u vrijeme najve\u0107e aktivnosti muha \u2013 svakodnevno ga nanesite na zahva\u0107ena mjesta. Kod pojave simptoma preporu\u010damo nano\u0161enje dva puta dnevno, zatim jednom dnevno, a kasnije 2\u20134\u00d7 tjedno, kada se stanje pobolj\u0161a. <\/p>\n<p data-start=\"529\" data-end=\"679\">Prije nano\u0161enja ko\u017eu jednom tjedno operite i osu\u0161ite. Nakon vje\u017ebanja ili jakog znojenja preporu\u010dljivo je podru\u010dje ponovno o\u010distiti i proizvod nanijeti ponovno. <\/p>\n<p data-start=\"681\" data-end=\"893\"><strong>Killitch<\/strong> je posebno razvijen za konje. Preporu\u010damo test na manjem dijelu ko\u017ee, osobito kod osjetljivih \u017eivotinja. U slu\u010daju posebnih zdravstvenih stanja, trudno\u0107e ili dojenja posavjetujte se s veterinarom.  <\/p>\n<p data-start=\"895\" data-end=\"937\"><strong data-start=\"895\" data-end=\"917\">Aktivni sastojak:<\/strong> 25 % benzil benzoat<\/p>\n","protected":false},"excerpt":{"rendered":"<p><img loading=\"lazy\" decoding=\"async\" class=\"alignnone size-full wp-image-28462\" src=\"https:\/\/clair.si\/wp-content\/uploads\/2022\/07\/lowimpact.webp\" alt=\"\" width=\"150\" height=\"150\"><\/p>\n<p><strong data-start=\"76\" data-end=\"115\">Brzo olak\u0161anje<\/strong><br data-start=\"115\" data-end=\"118\">Killitch umiruje nadra\u017eenu ko\u017eu, sprje\u010dava grebanje i odbija ubode insekata. Koristite ga svakodnevno u sezoni muha. <\/p>\n","protected":false},"featured_media":92226,"template":"","meta":{"footnotes":""},"product_brand":[],"product_cat":[5624,5675,5677,5625,5678,5676,5627,5674,5679,5680],"product_tag":[],"class_list":{"0":"post-92293","1":"product","2":"type-product","3":"status-publish","4":"has-post-thumbnail","6":"product_cat-konj-hr","7":"product_cat-kozmetika-za-konje-hr","8":"product_cat-kozmetika-za-konje-hr-2","9":"product_cat-njega-konja","10":"product_cat-problemi-s-kozom","11":"product_cat-sprejevi-i-kreme","12":"product_cat-stala-i-pasnjak","13":"product_cat-zastita-od-insekata","14":"product_cat-zastita-od-insekata-hr","15":"product_cat-zdravlje-i-dobrobit","17":"first","18":"outofstock","19":"shipping-taxable","20":"purchasable","21":"product-type-simple"},"yoast_head":"<!-- This site is optimized with the Yoast SEO plugin v27.3 - https:\/\/yoast.com\/product\/yoast-seo-wordpress\/ -->\n<title>Losion Carr&amp;Day&amp;Martin KILLITCH - Clair<\/title>\n<meta name=\"description\" content=\"U\u010dinkovito rje\u0161enje protiv svrbe\u017ea kod konja \u2013 Killitch umiruje ko\u017eu, smanjuje grebanje i \u0161titi od insekata. Sadr\u017ei 25 % benzil benzoata.\" \/>\n<meta name=\"robots\" content=\"index, follow, max-snippet:-1, max-image-preview:large, max-video-preview:-1\" \/>\n<link rel=\"canonical\" href=\"https:\/\/clair.si\/hr\/izdelek\/losion-carrdaymartin-killitch\/\" \/>\n<meta property=\"og:locale\" content=\"hr_HR\" \/>\n<meta property=\"og:type\" content=\"article\" \/>\n<meta property=\"og:title\" content=\"Losion Carr&amp;Day&amp;Martin KILLITCH - Clair\" \/>\n<meta property=\"og:description\" content=\"U\u010dinkovito rje\u0161enje protiv svrbe\u017ea kod konja \u2013 Killitch umiruje ko\u017eu, smanjuje grebanje i \u0161titi od insekata. Sadr\u017ei 25 % benzil benzoata.\" \/>\n<meta property=\"og:url\" content=\"https:\/\/clair.si\/hr\/izdelek\/losion-carrdaymartin-killitch\/\" \/>\n<meta property=\"og:site_name\" content=\"Clair\" \/>\n<meta property=\"article:publisher\" content=\"https:\/\/www.facebook.com\/TrgovinaClair\/\" \/>\n<meta property=\"article:modified_time\" content=\"2025-08-28T05:36:31+00:00\" \/>\n<meta property=\"og:image\" content=\"https:\/\/clair.si\/wp-content\/uploads\/2025\/07\/carr-day-martin-killitch.webp\" \/>\n\t<meta property=\"og:image:width\" content=\"800\" \/>\n\t<meta property=\"og:image:height\" content=\"800\" \/>\n\t<meta property=\"og:image:type\" content=\"image\/jpeg\" \/>\n<meta name=\"twitter:card\" content=\"summary_large_image\" \/>\n<meta name=\"twitter:label1\" content=\"Procijenjeno vrijeme \u010ditanja\" \/>\n\t<meta name=\"twitter:data1\" content=\"1 minuta\" \/>\n<script type=\"application\/ld+json\" class=\"yoast-schema-graph\">{\"@context\":\"https:\\\/\\\/schema.org\",\"@graph\":[{\"@type\":\"WebPage\",\"@id\":\"https:\\\/\\\/clair.si\\\/hr\\\/izdelek\\\/losion-carrdaymartin-killitch\\\/\",\"url\":\"https:\\\/\\\/clair.si\\\/hr\\\/izdelek\\\/losion-carrdaymartin-killitch\\\/\",\"name\":\"Losion Carr&amp;Day&amp;Martin KILLITCH - Clair\",\"isPartOf\":{\"@id\":\"https:\\\/\\\/clair.si\\\/#website\"},\"primaryImageOfPage\":{\"@id\":\"https:\\\/\\\/clair.si\\\/hr\\\/izdelek\\\/losion-carrdaymartin-killitch\\\/#primaryimage\"},\"image\":{\"@id\":\"https:\\\/\\\/clair.si\\\/hr\\\/izdelek\\\/losion-carrdaymartin-killitch\\\/#primaryimage\"},\"thumbnailUrl\":\"https:\\\/\\\/clair.si\\\/wp-content\\\/uploads\\\/2025\\\/07\\\/carr-day-martin-killitch.webp\",\"datePublished\":\"2025-07-18T07:33:02+00:00\",\"dateModified\":\"2025-08-28T05:36:31+00:00\",\"description\":\"U\u010dinkovito rje\u0161enje protiv svrbe\u017ea kod konja \u2013 Killitch umiruje ko\u017eu, smanjuje grebanje i \u0161titi od insekata. Sadr\u017ei 25 % benzil benzoata.\",\"breadcrumb\":{\"@id\":\"https:\\\/\\\/clair.si\\\/hr\\\/izdelek\\\/losion-carrdaymartin-killitch\\\/#breadcrumb\"},\"inLanguage\":\"hr\",\"potentialAction\":[{\"@type\":\"ReadAction\",\"target\":[\"https:\\\/\\\/clair.si\\\/hr\\\/izdelek\\\/losion-carrdaymartin-killitch\\\/\"]}]},{\"@type\":\"ImageObject\",\"inLanguage\":\"hr\",\"@id\":\"https:\\\/\\\/clair.si\\\/hr\\\/izdelek\\\/losion-carrdaymartin-killitch\\\/#primaryimage\",\"url\":\"https:\\\/\\\/clair.si\\\/wp-content\\\/uploads\\\/2025\\\/07\\\/carr-day-martin-killitch.webp\",\"contentUrl\":\"https:\\\/\\\/clair.si\\\/wp-content\\\/uploads\\\/2025\\\/07\\\/carr-day-martin-killitch.webp\",\"width\":800,\"height\":800},{\"@type\":\"BreadcrumbList\",\"@id\":\"https:\\\/\\\/clair.si\\\/hr\\\/izdelek\\\/losion-carrdaymartin-killitch\\\/#breadcrumb\",\"itemListElement\":[{\"@type\":\"ListItem\",\"position\":1,\"name\":\"Home\",\"item\":\"https:\\\/\\\/clair.si\\\/hr\\\/\"},{\"@type\":\"ListItem\",\"position\":2,\"name\":\"Trgovina\",\"item\":\"https:\\\/\\\/clair.si\\\/trgovina\\\/\"},{\"@type\":\"ListItem\",\"position\":3,\"name\":\"Losion Carr&amp;Day&amp;Martin KILLITCH\"}]},{\"@type\":\"WebSite\",\"@id\":\"https:\\\/\\\/clair.si\\\/#website\",\"url\":\"https:\\\/\\\/clair.si\\\/\",\"name\":\"Clair\",\"description\":\"Trgovina s konjeni\u0161ko opremo\",\"publisher\":{\"@id\":\"https:\\\/\\\/clair.si\\\/#organization\"},\"potentialAction\":[{\"@type\":\"SearchAction\",\"target\":{\"@type\":\"EntryPoint\",\"urlTemplate\":\"https:\\\/\\\/clair.si\\\/?s={search_term_string}\"},\"query-input\":{\"@type\":\"PropertyValueSpecification\",\"valueRequired\":true,\"valueName\":\"search_term_string\"}}],\"inLanguage\":\"hr\"},{\"@type\":\"Organization\",\"@id\":\"https:\\\/\\\/clair.si\\\/#organization\",\"name\":\"Clair\",\"url\":\"https:\\\/\\\/clair.si\\\/\",\"logo\":{\"@type\":\"ImageObject\",\"inLanguage\":\"hr\",\"@id\":\"https:\\\/\\\/clair.si\\\/#\\\/schema\\\/logo\\\/image\\\/\",\"url\":\"https:\\\/\\\/clair.si\\\/wp-content\\\/uploads\\\/2022\\\/11\\\/clair_logo_2022.jpg\",\"contentUrl\":\"https:\\\/\\\/clair.si\\\/wp-content\\\/uploads\\\/2022\\\/11\\\/clair_logo_2022.jpg\",\"width\":1920,\"height\":1920,\"caption\":\"Clair\"},\"image\":{\"@id\":\"https:\\\/\\\/clair.si\\\/#\\\/schema\\\/logo\\\/image\\\/\"},\"sameAs\":[\"https:\\\/\\\/www.facebook.com\\\/TrgovinaClair\\\/\"]}]}<\/script>\n<!-- \/ Yoast SEO plugin. -->","yoast_head_json":{"title":"Losion Carr&amp;Day&amp;Martin KILLITCH - Clair","description":"U\u010dinkovito rje\u0161enje protiv svrbe\u017ea kod konja \u2013 Killitch umiruje ko\u017eu, smanjuje grebanje i \u0161titi od insekata. Sadr\u017ei 25 % benzil benzoata.","robots":{"index":"index","follow":"follow","max-snippet":"max-snippet:-1","max-image-preview":"max-image-preview:large","max-video-preview":"max-video-preview:-1"},"canonical":"https:\/\/clair.si\/hr\/izdelek\/losion-carrdaymartin-killitch\/","og_locale":"hr_HR","og_type":"article","og_title":"Losion Carr&amp;Day&amp;Martin KILLITCH - Clair","og_description":"U\u010dinkovito rje\u0161enje protiv svrbe\u017ea kod konja \u2013 Killitch umiruje ko\u017eu, smanjuje grebanje i \u0161titi od insekata. Sadr\u017ei 25 % benzil benzoata.","og_url":"https:\/\/clair.si\/hr\/izdelek\/losion-carrdaymartin-killitch\/","og_site_name":"Clair","article_publisher":"https:\/\/www.facebook.com\/TrgovinaClair\/","article_modified_time":"2025-08-28T05:36:31+00:00","og_image":[{"width":800,"height":800,"url":"https:\/\/clair.si\/wp-content\/uploads\/2025\/07\/carr-day-martin-killitch.webp","type":"image\/jpeg"}],"twitter_card":"summary_large_image","twitter_misc":{"Procijenjeno vrijeme \u010ditanja":"1 minuta"},"schema":{"@context":"https:\/\/schema.org","@graph":[{"@type":"WebPage","@id":"https:\/\/clair.si\/hr\/izdelek\/losion-carrdaymartin-killitch\/","url":"https:\/\/clair.si\/hr\/izdelek\/losion-carrdaymartin-killitch\/","name":"Losion Carr&amp;Day&amp;Martin KILLITCH - Clair","isPartOf":{"@id":"https:\/\/clair.si\/#website"},"primaryImageOfPage":{"@id":"https:\/\/clair.si\/hr\/izdelek\/losion-carrdaymartin-killitch\/#primaryimage"},"image":{"@id":"https:\/\/clair.si\/hr\/izdelek\/losion-carrdaymartin-killitch\/#primaryimage"},"thumbnailUrl":"https:\/\/clair.si\/wp-content\/uploads\/2025\/07\/carr-day-martin-killitch.webp","datePublished":"2025-07-18T07:33:02+00:00","dateModified":"2025-08-28T05:36:31+00:00","description":"U\u010dinkovito rje\u0161enje protiv svrbe\u017ea kod konja \u2013 Killitch umiruje ko\u017eu, smanjuje grebanje i \u0161titi od insekata. Sadr\u017ei 25 % benzil benzoata.","breadcrumb":{"@id":"https:\/\/clair.si\/hr\/izdelek\/losion-carrdaymartin-killitch\/#breadcrumb"},"inLanguage":"hr","potentialAction":[{"@type":"ReadAction","target":["https:\/\/clair.si\/hr\/izdelek\/losion-carrdaymartin-killitch\/"]}]},{"@type":"ImageObject","inLanguage":"hr","@id":"https:\/\/clair.si\/hr\/izdelek\/losion-carrdaymartin-killitch\/#primaryimage","url":"https:\/\/clair.si\/wp-content\/uploads\/2025\/07\/carr-day-martin-killitch.webp","contentUrl":"https:\/\/clair.si\/wp-content\/uploads\/2025\/07\/carr-day-martin-killitch.webp","width":800,"height":800},{"@type":"BreadcrumbList","@id":"https:\/\/clair.si\/hr\/izdelek\/losion-carrdaymartin-killitch\/#breadcrumb","itemListElement":[{"@type":"ListItem","position":1,"name":"Home","item":"https:\/\/clair.si\/hr\/"},{"@type":"ListItem","position":2,"name":"Trgovina","item":"https:\/\/clair.si\/trgovina\/"},{"@type":"ListItem","position":3,"name":"Losion Carr&amp;Day&amp;Martin KILLITCH"}]},{"@type":"WebSite","@id":"https:\/\/clair.si\/#website","url":"https:\/\/clair.si\/","name":"Clair","description":"Trgovina s konjeni\u0161ko opremo","publisher":{"@id":"https:\/\/clair.si\/#organization"},"potentialAction":[{"@type":"SearchAction","target":{"@type":"EntryPoint","urlTemplate":"https:\/\/clair.si\/?s={search_term_string}"},"query-input":{"@type":"PropertyValueSpecification","valueRequired":true,"valueName":"search_term_string"}}],"inLanguage":"hr"},{"@type":"Organization","@id":"https:\/\/clair.si\/#organization","name":"Clair","url":"https:\/\/clair.si\/","logo":{"@type":"ImageObject","inLanguage":"hr","@id":"https:\/\/clair.si\/#\/schema\/logo\/image\/","url":"https:\/\/clair.si\/wp-content\/uploads\/2022\/11\/clair_logo_2022.jpg","contentUrl":"https:\/\/clair.si\/wp-content\/uploads\/2022\/11\/clair_logo_2022.jpg","width":1920,"height":1920,"caption":"Clair"},"image":{"@id":"https:\/\/clair.si\/#\/schema\/logo\/image\/"},"sameAs":["https:\/\/www.facebook.com\/TrgovinaClair\/"]}]}},"_links":{"self":[{"href":"https:\/\/clair.si\/hr\/wp-json\/wp\/v2\/product\/92293","targetHints":{"allow":["GET"]}}],"collection":[{"href":"https:\/\/clair.si\/hr\/wp-json\/wp\/v2\/product"}],"about":[{"href":"https:\/\/clair.si\/hr\/wp-json\/wp\/v2\/types\/product"}],"version-history":[{"count":0,"href":"https:\/\/clair.si\/hr\/wp-json\/wp\/v2\/product\/92293\/revisions"}],"wp:featuredmedia":[{"embeddable":true,"href":"https:\/\/clair.si\/hr\/wp-json\/wp\/v2\/media\/92226"}],"wp:attachment":[{"href":"https:\/\/clair.si\/hr\/wp-json\/wp\/v2\/media?parent=92293"}],"wp:term":[{"taxonomy":"product_brand","embeddable":true,"href":"https:\/\/clair.si\/hr\/wp-json\/wp\/v2\/product_brand?post=92293"},{"taxonomy":"product_cat","embeddable":true,"href":"https:\/\/clair.si\/hr\/wp-json\/wp\/v2\/product_cat?post=92293"},{"taxonomy":"product_tag","embeddable":true,"href":"https:\/\/clair.si\/hr\/wp-json\/wp\/v2\/product_tag?post=92293"}],"curies":[{"name":"wp","href":"https:\/\/api.w.org\/{rel}","templated":true}]}}