{"id":92294,"date":"2025-07-18T12:54:14","date_gmt":"2025-07-18T10:54:14","guid":{"rendered":"https:\/\/clair.si\/izdelek\/pokrivac-protiv-insekata-hkm-avocado\/"},"modified":"2025-09-14T10:37:48","modified_gmt":"2025-09-14T08:37:48","slug":"pokrivac-protiv-insekata-hkm-avocado","status":"publish","type":"product","link":"https:\/\/clair.si\/hr\/izdelek\/pokrivac-protiv-insekata-hkm-avocado\/","title":{"rendered":"Deka protiv insekata HKM Avocado"},"content":{"rendered":"<p><strong data-start=\"46\" data-end=\"75\">Deka protiv insekata Avocado<\/strong> nudi optimalnu za\u0161titu od muha i insekata, a istovremeno osigurava stilski izgled. Podesivi i uklonjivi kri\u017eni trbu\u0161ni remeni osiguravaju sigurno dr\u017eanje i maksimalnu udobnost za konja. Zabavan print \u2013 s avokadom \u2013 unosi svje\u017einu u \u0161talu i na pa\u0161njak. Za savr\u0161en uskla\u0111en izgled, u na\u0161oj web trgovini dostupna je i za\u0161titna maska protiv insekata Avocado.<\/p>\n","protected":false},"excerpt":{"rendered":"<p>Deka protiv insekata Avocado nudi optimalnu za\u0161titu od muha i insekata, a istovremeno osigurava stilski izgled. Podesivi i uklonjivi kri\u017eni<\/p>\n","protected":false},"featured_media":92246,"template":"","meta":{"footnotes":""},"product_brand":[],"product_cat":[5692,5693,5694,5624,5674],"product_tag":[],"class_list":{"0":"post-92294","1":"product","2":"type-product","3":"status-publish","4":"has-post-thumbnail","6":"product_cat-pokrivaci","7":"product_cat-pokrivaci-protiv-insekata","8":"product_cat-deke-protiv-muha","9":"product_cat-konj-hr","10":"product_cat-zastita-od-insekata","12":"first","13":"instock","14":"shipping-taxable","15":"purchasable","16":"product-type-variable"},"yoast_head":"<!-- This site is optimized with the Yoast SEO plugin v27.3 - https:\/\/yoast.com\/product\/yoast-seo-wordpress\/ -->\n<title>Deka protiv insekata HKM Avocado - Clair<\/title>\n<meta name=\"description\" content=\"Deka protiv insekata Avocado nudi optimalnu za\u0161titu od muha i insekata, a istovremeno osigurava stilski izgled. Podesivi i uklonjivi kri\u017eni trbu\u0161ni remeni\" \/>\n<meta name=\"robots\" content=\"index, follow, max-snippet:-1, max-image-preview:large, max-video-preview:-1\" \/>\n<link rel=\"canonical\" href=\"https:\/\/clair.si\/izdelek\/pregrinjalo-proti-mrcesu-hkm-avocado\/\" \/>\n<meta property=\"og:locale\" content=\"hr_HR\" \/>\n<meta property=\"og:type\" content=\"article\" \/>\n<meta property=\"og:title\" content=\"Deka protiv insekata HKM Avocado - Clair\" \/>\n<meta property=\"og:description\" content=\"Deka protiv insekata Avocado nudi optimalnu za\u0161titu od muha i insekata, a istovremeno osigurava stilski izgled. Podesivi i uklonjivi kri\u017eni trbu\u0161ni remeni\" \/>\n<meta property=\"og:url\" content=\"https:\/\/clair.si\/izdelek\/pregrinjalo-proti-mrcesu-hkm-avocado\/\" \/>\n<meta property=\"og:site_name\" content=\"Clair\" \/>\n<meta property=\"article:publisher\" content=\"https:\/\/www.facebook.com\/TrgovinaClair\/\" \/>\n<meta property=\"article:modified_time\" content=\"2025-09-14T08:37:48+00:00\" \/>\n<meta property=\"og:image\" content=\"https:\/\/clair.si\/wp-content\/uploads\/2025\/07\/avocado-pregrinjalo-za-konja-muham-mrces1.webp\" \/>\n\t<meta property=\"og:image:width\" content=\"1680\" \/>\n\t<meta property=\"og:image:height\" content=\"1680\" \/>\n\t<meta property=\"og:image:type\" content=\"image\/jpeg\" \/>\n<meta name=\"twitter:card\" content=\"summary_large_image\" \/>\n<meta name=\"twitter:label1\" content=\"Procijenjeno vrijeme \u010ditanja\" \/>\n\t<meta name=\"twitter:data1\" content=\"1 minuta\" \/>\n<script type=\"application\/ld+json\" class=\"yoast-schema-graph\">{\"@context\":\"https:\\\/\\\/schema.org\",\"@graph\":[{\"@type\":\"WebPage\",\"@id\":\"https:\\\/\\\/clair.si\\\/izdelek\\\/pregrinjalo-proti-mrcesu-hkm-avocado\\\/\",\"url\":\"https:\\\/\\\/clair.si\\\/izdelek\\\/pregrinjalo-proti-mrcesu-hkm-avocado\\\/\",\"name\":\"Deka protiv insekata HKM Avocado - Clair\",\"isPartOf\":{\"@id\":\"https:\\\/\\\/clair.si\\\/#website\"},\"primaryImageOfPage\":{\"@id\":\"https:\\\/\\\/clair.si\\\/izdelek\\\/pregrinjalo-proti-mrcesu-hkm-avocado\\\/#primaryimage\"},\"image\":{\"@id\":\"https:\\\/\\\/clair.si\\\/izdelek\\\/pregrinjalo-proti-mrcesu-hkm-avocado\\\/#primaryimage\"},\"thumbnailUrl\":\"https:\\\/\\\/clair.si\\\/wp-content\\\/uploads\\\/2025\\\/07\\\/avocado-pregrinjalo-za-konja-muham-mrces1.webp\",\"datePublished\":\"2025-07-18T10:54:14+00:00\",\"dateModified\":\"2025-09-14T08:37:48+00:00\",\"description\":\"Deka protiv insekata Avocado nudi optimalnu za\u0161titu od muha i insekata, a istovremeno osigurava stilski izgled. Podesivi i uklonjivi kri\u017eni trbu\u0161ni remeni\",\"breadcrumb\":{\"@id\":\"https:\\\/\\\/clair.si\\\/izdelek\\\/pregrinjalo-proti-mrcesu-hkm-avocado\\\/#breadcrumb\"},\"inLanguage\":\"hr\",\"potentialAction\":[{\"@type\":\"ReadAction\",\"target\":[\"https:\\\/\\\/clair.si\\\/izdelek\\\/pregrinjalo-proti-mrcesu-hkm-avocado\\\/\"]}]},{\"@type\":\"ImageObject\",\"inLanguage\":\"hr\",\"@id\":\"https:\\\/\\\/clair.si\\\/izdelek\\\/pregrinjalo-proti-mrcesu-hkm-avocado\\\/#primaryimage\",\"url\":\"https:\\\/\\\/clair.si\\\/wp-content\\\/uploads\\\/2025\\\/07\\\/avocado-pregrinjalo-za-konja-muham-mrces1.webp\",\"contentUrl\":\"https:\\\/\\\/clair.si\\\/wp-content\\\/uploads\\\/2025\\\/07\\\/avocado-pregrinjalo-za-konja-muham-mrces1.webp\",\"width\":1680,\"height\":1680},{\"@type\":\"BreadcrumbList\",\"@id\":\"https:\\\/\\\/clair.si\\\/izdelek\\\/pregrinjalo-proti-mrcesu-hkm-avocado\\\/#breadcrumb\",\"itemListElement\":[{\"@type\":\"ListItem\",\"position\":1,\"name\":\"Home\",\"item\":\"https:\\\/\\\/clair.si\\\/hr\\\/\"},{\"@type\":\"ListItem\",\"position\":2,\"name\":\"Trgovina\",\"item\":\"https:\\\/\\\/clair.si\\\/trgovina\\\/\"},{\"@type\":\"ListItem\",\"position\":3,\"name\":\"Deka protiv insekata HKM Avocado\"}]},{\"@type\":\"WebSite\",\"@id\":\"https:\\\/\\\/clair.si\\\/#website\",\"url\":\"https:\\\/\\\/clair.si\\\/\",\"name\":\"Clair\",\"description\":\"Trgovina s konjeni\u0161ko opremo\",\"publisher\":{\"@id\":\"https:\\\/\\\/clair.si\\\/#organization\"},\"potentialAction\":[{\"@type\":\"SearchAction\",\"target\":{\"@type\":\"EntryPoint\",\"urlTemplate\":\"https:\\\/\\\/clair.si\\\/?s={search_term_string}\"},\"query-input\":{\"@type\":\"PropertyValueSpecification\",\"valueRequired\":true,\"valueName\":\"search_term_string\"}}],\"inLanguage\":\"hr\"},{\"@type\":\"Organization\",\"@id\":\"https:\\\/\\\/clair.si\\\/#organization\",\"name\":\"Clair\",\"url\":\"https:\\\/\\\/clair.si\\\/\",\"logo\":{\"@type\":\"ImageObject\",\"inLanguage\":\"hr\",\"@id\":\"https:\\\/\\\/clair.si\\\/#\\\/schema\\\/logo\\\/image\\\/\",\"url\":\"https:\\\/\\\/clair.si\\\/wp-content\\\/uploads\\\/2022\\\/11\\\/clair_logo_2022.jpg\",\"contentUrl\":\"https:\\\/\\\/clair.si\\\/wp-content\\\/uploads\\\/2022\\\/11\\\/clair_logo_2022.jpg\",\"width\":1920,\"height\":1920,\"caption\":\"Clair\"},\"image\":{\"@id\":\"https:\\\/\\\/clair.si\\\/#\\\/schema\\\/logo\\\/image\\\/\"},\"sameAs\":[\"https:\\\/\\\/www.facebook.com\\\/TrgovinaClair\\\/\"]}]}<\/script>\n<!-- \/ Yoast SEO plugin. -->","yoast_head_json":{"title":"Deka protiv insekata HKM Avocado - Clair","description":"Deka protiv insekata Avocado nudi optimalnu za\u0161titu od muha i insekata, a istovremeno osigurava stilski izgled. Podesivi i uklonjivi kri\u017eni trbu\u0161ni remeni","robots":{"index":"index","follow":"follow","max-snippet":"max-snippet:-1","max-image-preview":"max-image-preview:large","max-video-preview":"max-video-preview:-1"},"canonical":"https:\/\/clair.si\/izdelek\/pregrinjalo-proti-mrcesu-hkm-avocado\/","og_locale":"hr_HR","og_type":"article","og_title":"Deka protiv insekata HKM Avocado - Clair","og_description":"Deka protiv insekata Avocado nudi optimalnu za\u0161titu od muha i insekata, a istovremeno osigurava stilski izgled. Podesivi i uklonjivi kri\u017eni trbu\u0161ni remeni","og_url":"https:\/\/clair.si\/izdelek\/pregrinjalo-proti-mrcesu-hkm-avocado\/","og_site_name":"Clair","article_publisher":"https:\/\/www.facebook.com\/TrgovinaClair\/","article_modified_time":"2025-09-14T08:37:48+00:00","og_image":[{"width":1680,"height":1680,"url":"https:\/\/clair.si\/wp-content\/uploads\/2025\/07\/avocado-pregrinjalo-za-konja-muham-mrces1.webp","type":"image\/jpeg"}],"twitter_card":"summary_large_image","twitter_misc":{"Procijenjeno vrijeme \u010ditanja":"1 minuta"},"schema":{"@context":"https:\/\/schema.org","@graph":[{"@type":"WebPage","@id":"https:\/\/clair.si\/izdelek\/pregrinjalo-proti-mrcesu-hkm-avocado\/","url":"https:\/\/clair.si\/izdelek\/pregrinjalo-proti-mrcesu-hkm-avocado\/","name":"Deka protiv insekata HKM Avocado - Clair","isPartOf":{"@id":"https:\/\/clair.si\/#website"},"primaryImageOfPage":{"@id":"https:\/\/clair.si\/izdelek\/pregrinjalo-proti-mrcesu-hkm-avocado\/#primaryimage"},"image":{"@id":"https:\/\/clair.si\/izdelek\/pregrinjalo-proti-mrcesu-hkm-avocado\/#primaryimage"},"thumbnailUrl":"https:\/\/clair.si\/wp-content\/uploads\/2025\/07\/avocado-pregrinjalo-za-konja-muham-mrces1.webp","datePublished":"2025-07-18T10:54:14+00:00","dateModified":"2025-09-14T08:37:48+00:00","description":"Deka protiv insekata Avocado nudi optimalnu za\u0161titu od muha i insekata, a istovremeno osigurava stilski izgled. Podesivi i uklonjivi kri\u017eni trbu\u0161ni remeni","breadcrumb":{"@id":"https:\/\/clair.si\/izdelek\/pregrinjalo-proti-mrcesu-hkm-avocado\/#breadcrumb"},"inLanguage":"hr","potentialAction":[{"@type":"ReadAction","target":["https:\/\/clair.si\/izdelek\/pregrinjalo-proti-mrcesu-hkm-avocado\/"]}]},{"@type":"ImageObject","inLanguage":"hr","@id":"https:\/\/clair.si\/izdelek\/pregrinjalo-proti-mrcesu-hkm-avocado\/#primaryimage","url":"https:\/\/clair.si\/wp-content\/uploads\/2025\/07\/avocado-pregrinjalo-za-konja-muham-mrces1.webp","contentUrl":"https:\/\/clair.si\/wp-content\/uploads\/2025\/07\/avocado-pregrinjalo-za-konja-muham-mrces1.webp","width":1680,"height":1680},{"@type":"BreadcrumbList","@id":"https:\/\/clair.si\/izdelek\/pregrinjalo-proti-mrcesu-hkm-avocado\/#breadcrumb","itemListElement":[{"@type":"ListItem","position":1,"name":"Home","item":"https:\/\/clair.si\/hr\/"},{"@type":"ListItem","position":2,"name":"Trgovina","item":"https:\/\/clair.si\/trgovina\/"},{"@type":"ListItem","position":3,"name":"Deka protiv insekata HKM Avocado"}]},{"@type":"WebSite","@id":"https:\/\/clair.si\/#website","url":"https:\/\/clair.si\/","name":"Clair","description":"Trgovina s konjeni\u0161ko opremo","publisher":{"@id":"https:\/\/clair.si\/#organization"},"potentialAction":[{"@type":"SearchAction","target":{"@type":"EntryPoint","urlTemplate":"https:\/\/clair.si\/?s={search_term_string}"},"query-input":{"@type":"PropertyValueSpecification","valueRequired":true,"valueName":"search_term_string"}}],"inLanguage":"hr"},{"@type":"Organization","@id":"https:\/\/clair.si\/#organization","name":"Clair","url":"https:\/\/clair.si\/","logo":{"@type":"ImageObject","inLanguage":"hr","@id":"https:\/\/clair.si\/#\/schema\/logo\/image\/","url":"https:\/\/clair.si\/wp-content\/uploads\/2022\/11\/clair_logo_2022.jpg","contentUrl":"https:\/\/clair.si\/wp-content\/uploads\/2022\/11\/clair_logo_2022.jpg","width":1920,"height":1920,"caption":"Clair"},"image":{"@id":"https:\/\/clair.si\/#\/schema\/logo\/image\/"},"sameAs":["https:\/\/www.facebook.com\/TrgovinaClair\/"]}]}},"_links":{"self":[{"href":"https:\/\/clair.si\/hr\/wp-json\/wp\/v2\/product\/92294","targetHints":{"allow":["GET"]}}],"collection":[{"href":"https:\/\/clair.si\/hr\/wp-json\/wp\/v2\/product"}],"about":[{"href":"https:\/\/clair.si\/hr\/wp-json\/wp\/v2\/types\/product"}],"version-history":[{"count":0,"href":"https:\/\/clair.si\/hr\/wp-json\/wp\/v2\/product\/92294\/revisions"}],"wp:featuredmedia":[{"embeddable":true,"href":"https:\/\/clair.si\/hr\/wp-json\/wp\/v2\/media\/92246"}],"wp:attachment":[{"href":"https:\/\/clair.si\/hr\/wp-json\/wp\/v2\/media?parent=92294"}],"wp:term":[{"taxonomy":"product_brand","embeddable":true,"href":"https:\/\/clair.si\/hr\/wp-json\/wp\/v2\/product_brand?post=92294"},{"taxonomy":"product_cat","embeddable":true,"href":"https:\/\/clair.si\/hr\/wp-json\/wp\/v2\/product_cat?post=92294"},{"taxonomy":"product_tag","embeddable":true,"href":"https:\/\/clair.si\/hr\/wp-json\/wp\/v2\/product_tag?post=92294"}],"curies":[{"name":"wp","href":"https:\/\/api.w.org\/{rel}","templated":true}]}}