{"id":92372,"date":"2025-07-21T13:24:18","date_gmt":"2025-07-21T11:24:18","guid":{"rendered":"https:\/\/clair.si\/izdelek\/cavalor-pasta-freebute\/"},"modified":"2025-10-20T08:17:38","modified_gmt":"2025-10-20T06:17:38","slug":"cavalor-pasta-freebute","status":"publish","type":"product","link":"https:\/\/clair.si\/hr\/izdelek\/cavalor-pasta-freebute\/","title":{"rendered":"Cavalor pasta Freebute"},"content":{"rendered":"<h2 data-start=\"44\" data-end=\"124\">Cavalor FreeBute Pasta \u2013 za njegu mi\u0161i\u0107a i zglobova bez nuspojava<\/h2>\n<p data-start=\"126\" data-end=\"511\"><strong data-start=\"126\" data-end=\"152\">Cavalor FreeBute Pasta<\/strong> je prirodna pasta brzog djelovanja, dizajnirana za potporu mi\u0161i\u0107no-ko\u0161tanom sustavu tijekom intenzivnog optere\u0107enja ili natjecanja, bez zabranjenih supstanci. Tvrtka Cavalor isti\u010de sinergiju vi\u0161e biljnih ekstrakata i esencijalnih aminokiselina za optimalno djelovanje bez rizika za zdravlje ili zabranjenih supstanci.<\/p>\n<h3 data-start=\"513\" data-end=\"537\">\ud83d\udd2c Aktivni sastojci<\/h3>\n<ul data-start=\"538\" data-end=\"939\">\n<li data-start=\"538\" data-end=\"617\">\n<p data-start=\"540\" data-end=\"617\"><span class=\"relative -mx-px my-[-0.2rem] rounded px-px py-[0.2rem] transition-colors duration-100 ease-in-out\"><strong data-start=\"0\" data-end=\"23\" data-is-only-node=\"\">Biljni ekstrakti<\/strong>: povrati\u0107 (feverfew), crni ribiz, poljska ljubi\u010dica (heartsease), kukuruzna svila \u2013 djeluju protuupalno i ubla\u017eavaju napetost<\/span><\/p>\n<\/li>\n<li data-start=\"538\" data-end=\"617\">\n<p data-start=\"540\" data-end=\"617\"><span class=\"relative -mx-px my-[-0.2rem] rounded px-px py-[0.2rem] transition-colors duration-100 ease-in-out\"><strong data-start=\"0\" data-end=\"22\" data-is-only-node=\"\">Bijela vrba (willow)<\/strong> \u2013 prirodno smanjuje osje\u0107aj nelagode<\/span><\/p>\n<\/li>\n<li data-start=\"698\" data-end=\"777\">\n<p data-start=\"700\" data-end=\"777\"><span class=\"relative -mx-px my-[-0.2rem] rounded px-px py-[0.2rem] transition-colors duration-100 ease-in-out\"><strong data-start=\"0\" data-end=\"25\" data-is-only-node=\"\">Zelenousna \u0161koljka<\/strong> \u2013 blagotvorna za osjetljive zglobove kod dugotrajne uporabe<\/span><\/p>\n<\/li>\n<li data-start=\"778\" data-end=\"857\">\n<p data-start=\"780\" data-end=\"857\"><span class=\"relative -mx-px my-[-0.2rem] rounded px-px py-[0.2rem] transition-colors duration-100 ease-in-out\"><strong data-start=\"0\" data-end=\"27\" data-is-only-node=\"\">Esencijalne aminokiseline<\/strong>: L-lizin, L-fenilalanin \u2013 podr\u017eavaju obnovu mi\u0161i\u0107a nakon napora<\/span><\/p>\n<\/li>\n<li data-start=\"858\" data-end=\"939\">\n<p data-start=\"860\" data-end=\"939\"><span class=\"relative -mx-px my-[-0.2rem] rounded px-px py-[0.2rem] transition-colors duration-100 ease-in-out\"><strong data-start=\"0\" data-end=\"23\" data-is-only-node=\"\">Vitamini &amp; minerali<\/strong>: Vitamin E (21 120 mg\/kg), B-miselni kompleks, cink, mangan i selen za dodatnu potporu tkivima<\/span><\/p>\n<\/li>\n<\/ul>\n<h3 data-start=\"946\" data-end=\"972\">\ud83d\udccb Upute za upotrebu<\/h3>\n<ul data-start=\"973\" data-end=\"1306\">\n<li data-start=\"973\" data-end=\"1056\">\n<p data-start=\"975\" data-end=\"1056\"><span class=\"relative -mx-px my-[-0.2rem] rounded px-px py-[0.2rem] transition-colors duration-100 ease-in-out\"><strong data-start=\"0\" data-end=\"23\" data-is-only-node=\"\">Preporu\u010dena doza<\/strong>: 30\u201360 g (\u00bd\u20131 \u0161price, jedna \u0161prica = 60 g) nave\u010der prije natjecanja i ujutro na dan pobjede<\/span><\/p>\n<\/li>\n<li data-start=\"1057\" data-end=\"1140\">\n<p data-start=\"1059\" data-end=\"1140\"><span class=\"relative -mx-px my-[-0.2rem] rounded px-px py-[0.2rem] transition-colors duration-100 ease-in-out\"><strong data-start=\"0\" data-end=\"19\" data-is-only-node=\"\">Maks. doziranje <\/strong>: do 240 g\/dan (4 \u0161price)<\/span><\/p>\n<\/li>\n<li data-start=\"1057\" data-end=\"1140\">\n<p data-start=\"1059\" data-end=\"1140\"><span class=\"relative -mx-px my-[-0.2rem] rounded px-px py-[0.2rem] transition-colors duration-100 ease-in-out\"><strong data-start=\"0\" data-end=\"11\" data-is-only-node=\"\">Uporaba<\/strong>: po\u010dnite 1\u20132 dana prije ve\u0107eg optere\u0107enja; kompatibilno s drugim Cavalor dodacima (npr. Muscle Fit)<\/span><\/p>\n<\/li>\n<li data-start=\"1141\" data-end=\"1224\">\n<p data-start=\"1143\" data-end=\"1224\"><span class=\"relative -mx-px my-[-0.2rem] rounded px-px py-[0.2rem] transition-colors duration-100 ease-in-out\"><strong data-start=\"0\" data-end=\"10\" data-is-only-node=\"\">Oblik<\/strong>: prakti\u010dna pasta za povremenu uporabu (brzo djeluje, idealna za natjecanja)<\/span><\/p>\n<\/li>\n<\/ul>\n<h3 data-start=\"1639\" data-end=\"1661\">\ud83d\udecd Preporu\u010damo za:<\/h3>\n<ul data-start=\"1662\" data-end=\"1868\">\n<li data-start=\"1662\" data-end=\"1744\">\n<p data-start=\"1664\" data-end=\"1744\">Sportske i natjecateljske konje koji trebaju brzo olak\u0161anje prije optere\u0107enja<\/p>\n<\/li>\n<li data-start=\"1745\" data-end=\"1792\">\n<p data-start=\"1747\" data-end=\"1792\">Povremeno ubla\u017eavanje napetosti mi\u0161i\u0107a i zglobova<\/p>\n<\/li>\n<li data-start=\"1793\" data-end=\"1868\">\n<p data-start=\"1795\" data-end=\"1868\">Vlasnike koji tra\u017ee prirodnu alternativu bez lijekova i dopin\u0161kih rizika<\/p>\n<\/li>\n<\/ul>\n","protected":false},"excerpt":{"rendered":"<ul data-start=\"1355\" data-end=\"1632\">\n<li data-start=\"1355\" data-end=\"1469\">\n<p data-start=\"1357\" data-end=\"1469\">\ud83c\udf3f <strong data-start=\"1360\" data-end=\"1397\">Prirodna protubolna sinergija<\/strong> \u2013 biljni ekstrakti, bijela vrba, zelenousna \u0161koljka i aminokiseline<\/p>\n<\/li>\n<li data-start=\"1470\" data-end=\"1555\">\n<p data-start=\"1472\" data-end=\"1555\">\ud83c\udfc7 <strong data-start=\"1475\" data-end=\"1502\">Usmjereno za natjecanja<\/strong> \u2013 brzo djeluju\u0107a pasta, bez zabranjenih supstanci<\/p>\n<\/li>\n<li data-start=\"1556\" data-end=\"1632\">\n<p data-start=\"1558\" data-end=\"1632\">\u2705 <strong data-start=\"1560\" data-end=\"1586\">Bez nuspojava<\/strong> \u2013 sigurna za osjetljive konje, nje\u017ena za \u017eeludac<\/p>\n<\/li>\n<\/ul>\n","protected":false},"featured_media":92374,"template":"","meta":{"footnotes":""},"product_brand":[],"product_cat":[5711,5657,5710,5712],"product_tag":[],"class_list":{"0":"post-92372","1":"product","2":"type-product","3":"status-publish","4":"has-post-thumbnail","6":"product_cat-hrana-i-prehrambeni-dodaci-cavalor","7":"product_cat-kategorije-hr","8":"product_cat-hrana-za-konje-hr","9":"product_cat-prehrambeni-dodaci","11":"first","12":"instock","13":"shipping-taxable","14":"purchasable","15":"product-type-simple"},"yoast_head":"<!-- This site is optimized with the Yoast SEO plugin v27.3 - https:\/\/yoast.com\/product\/yoast-seo-wordpress\/ -->\n<title>Cavalor pasta Freebute - Clair<\/title>\n<meta name=\"description\" content=\"\ud83c\udf3f Prirodna protubolna sinergija \u2013 biljni ekstrakti, bijela vrba, zelenousna \u0161koljka i aminokiseline    \ud83c\udfc7 Usmjereno za natjecanja \u2013 brzo djeluju\u0107a pasta, bez zabranjenih supstanci    \u2705 Bez nuspojava \u2013 sigurna za osjetljive konje, nje\u017ena za \u017eeludac\" \/>\n<meta name=\"robots\" content=\"index, follow, max-snippet:-1, max-image-preview:large, max-video-preview:-1\" \/>\n<link rel=\"canonical\" href=\"https:\/\/clair.si\/hr\/izdelek\/cavalor-pasta-freebute\/\" \/>\n<meta property=\"og:locale\" content=\"hr_HR\" \/>\n<meta property=\"og:type\" content=\"article\" \/>\n<meta property=\"og:title\" content=\"Cavalor pasta Freebute - Clair\" \/>\n<meta property=\"og:description\" content=\"\ud83c\udf3f Prirodna protubolna sinergija \u2013 biljni ekstrakti, bijela vrba, zelenousna \u0161koljka i aminokiseline    \ud83c\udfc7 Usmjereno za natjecanja \u2013 brzo djeluju\u0107a pasta, bez zabranjenih supstanci    \u2705 Bez nuspojava \u2013 sigurna za osjetljive konje, nje\u017ena za \u017eeludac\" \/>\n<meta property=\"og:url\" content=\"https:\/\/clair.si\/hr\/izdelek\/cavalor-pasta-freebute\/\" \/>\n<meta property=\"og:site_name\" content=\"Clair\" \/>\n<meta property=\"article:publisher\" content=\"https:\/\/www.facebook.com\/TrgovinaClair\/\" \/>\n<meta property=\"article:modified_time\" content=\"2025-10-20T06:17:38+00:00\" \/>\n<meta property=\"og:image\" content=\"https:\/\/clair.si\/wp-content\/uploads\/2025\/07\/NUTPERFORMANCE-FreebutePasteSpuitPackshotCMYK.webp\" \/>\n\t<meta property=\"og:image:width\" content=\"800\" \/>\n\t<meta property=\"og:image:height\" content=\"800\" \/>\n\t<meta property=\"og:image:type\" content=\"image\/webp\" \/>\n<meta name=\"twitter:card\" content=\"summary_large_image\" \/>\n<meta name=\"twitter:label1\" content=\"Procijenjeno vrijeme \u010ditanja\" \/>\n\t<meta name=\"twitter:data1\" content=\"1 minuta\" \/>\n<script type=\"application\/ld+json\" class=\"yoast-schema-graph\">{\"@context\":\"https:\\\/\\\/schema.org\",\"@graph\":[{\"@type\":\"WebPage\",\"@id\":\"https:\\\/\\\/clair.si\\\/hr\\\/izdelek\\\/cavalor-pasta-freebute\\\/\",\"url\":\"https:\\\/\\\/clair.si\\\/hr\\\/izdelek\\\/cavalor-pasta-freebute\\\/\",\"name\":\"Cavalor pasta Freebute - Clair\",\"isPartOf\":{\"@id\":\"https:\\\/\\\/clair.si\\\/#website\"},\"primaryImageOfPage\":{\"@id\":\"https:\\\/\\\/clair.si\\\/hr\\\/izdelek\\\/cavalor-pasta-freebute\\\/#primaryimage\"},\"image\":{\"@id\":\"https:\\\/\\\/clair.si\\\/hr\\\/izdelek\\\/cavalor-pasta-freebute\\\/#primaryimage\"},\"thumbnailUrl\":\"https:\\\/\\\/clair.si\\\/wp-content\\\/uploads\\\/2025\\\/07\\\/NUTPERFORMANCE-FreebutePasteSpuitPackshotCMYK.webp\",\"datePublished\":\"2025-07-21T11:24:18+00:00\",\"dateModified\":\"2025-10-20T06:17:38+00:00\",\"description\":\"\ud83c\udf3f Prirodna protubolna sinergija \u2013 biljni ekstrakti, bijela vrba, zelenousna \u0161koljka i aminokiseline \ud83c\udfc7 Usmjereno za natjecanja \u2013 brzo djeluju\u0107a pasta, bez zabranjenih supstanci \u2705 Bez nuspojava \u2013 sigurna za osjetljive konje, nje\u017ena za \u017eeludac\",\"breadcrumb\":{\"@id\":\"https:\\\/\\\/clair.si\\\/hr\\\/izdelek\\\/cavalor-pasta-freebute\\\/#breadcrumb\"},\"inLanguage\":\"hr\",\"potentialAction\":[{\"@type\":\"ReadAction\",\"target\":[\"https:\\\/\\\/clair.si\\\/hr\\\/izdelek\\\/cavalor-pasta-freebute\\\/\"]}]},{\"@type\":\"ImageObject\",\"inLanguage\":\"hr\",\"@id\":\"https:\\\/\\\/clair.si\\\/hr\\\/izdelek\\\/cavalor-pasta-freebute\\\/#primaryimage\",\"url\":\"https:\\\/\\\/clair.si\\\/wp-content\\\/uploads\\\/2025\\\/07\\\/NUTPERFORMANCE-FreebutePasteSpuitPackshotCMYK.webp\",\"contentUrl\":\"https:\\\/\\\/clair.si\\\/wp-content\\\/uploads\\\/2025\\\/07\\\/NUTPERFORMANCE-FreebutePasteSpuitPackshotCMYK.webp\",\"width\":800,\"height\":800},{\"@type\":\"BreadcrumbList\",\"@id\":\"https:\\\/\\\/clair.si\\\/hr\\\/izdelek\\\/cavalor-pasta-freebute\\\/#breadcrumb\",\"itemListElement\":[{\"@type\":\"ListItem\",\"position\":1,\"name\":\"Home\",\"item\":\"https:\\\/\\\/clair.si\\\/hr\\\/\"},{\"@type\":\"ListItem\",\"position\":2,\"name\":\"Trgovina\",\"item\":\"https:\\\/\\\/clair.si\\\/trgovina\\\/\"},{\"@type\":\"ListItem\",\"position\":3,\"name\":\"Cavalor pasta Freebute\"}]},{\"@type\":\"WebSite\",\"@id\":\"https:\\\/\\\/clair.si\\\/#website\",\"url\":\"https:\\\/\\\/clair.si\\\/\",\"name\":\"Clair\",\"description\":\"Trgovina s konjeni\u0161ko opremo\",\"publisher\":{\"@id\":\"https:\\\/\\\/clair.si\\\/#organization\"},\"potentialAction\":[{\"@type\":\"SearchAction\",\"target\":{\"@type\":\"EntryPoint\",\"urlTemplate\":\"https:\\\/\\\/clair.si\\\/?s={search_term_string}\"},\"query-input\":{\"@type\":\"PropertyValueSpecification\",\"valueRequired\":true,\"valueName\":\"search_term_string\"}}],\"inLanguage\":\"hr\"},{\"@type\":\"Organization\",\"@id\":\"https:\\\/\\\/clair.si\\\/#organization\",\"name\":\"Clair\",\"url\":\"https:\\\/\\\/clair.si\\\/\",\"logo\":{\"@type\":\"ImageObject\",\"inLanguage\":\"hr\",\"@id\":\"https:\\\/\\\/clair.si\\\/#\\\/schema\\\/logo\\\/image\\\/\",\"url\":\"https:\\\/\\\/clair.si\\\/wp-content\\\/uploads\\\/2022\\\/11\\\/clair_logo_2022.jpg\",\"contentUrl\":\"https:\\\/\\\/clair.si\\\/wp-content\\\/uploads\\\/2022\\\/11\\\/clair_logo_2022.jpg\",\"width\":1920,\"height\":1920,\"caption\":\"Clair\"},\"image\":{\"@id\":\"https:\\\/\\\/clair.si\\\/#\\\/schema\\\/logo\\\/image\\\/\"},\"sameAs\":[\"https:\\\/\\\/www.facebook.com\\\/TrgovinaClair\\\/\"]}]}<\/script>\n<!-- \/ Yoast SEO plugin. -->","yoast_head_json":{"title":"Cavalor pasta Freebute - Clair","description":"\ud83c\udf3f Prirodna protubolna sinergija \u2013 biljni ekstrakti, bijela vrba, zelenousna \u0161koljka i aminokiseline    \ud83c\udfc7 Usmjereno za natjecanja \u2013 brzo djeluju\u0107a pasta, bez zabranjenih supstanci    \u2705 Bez nuspojava \u2013 sigurna za osjetljive konje, nje\u017ena za \u017eeludac","robots":{"index":"index","follow":"follow","max-snippet":"max-snippet:-1","max-image-preview":"max-image-preview:large","max-video-preview":"max-video-preview:-1"},"canonical":"https:\/\/clair.si\/hr\/izdelek\/cavalor-pasta-freebute\/","og_locale":"hr_HR","og_type":"article","og_title":"Cavalor pasta Freebute - Clair","og_description":"\ud83c\udf3f Prirodna protubolna sinergija \u2013 biljni ekstrakti, bijela vrba, zelenousna \u0161koljka i aminokiseline    \ud83c\udfc7 Usmjereno za natjecanja \u2013 brzo djeluju\u0107a pasta, bez zabranjenih supstanci    \u2705 Bez nuspojava \u2013 sigurna za osjetljive konje, nje\u017ena za \u017eeludac","og_url":"https:\/\/clair.si\/hr\/izdelek\/cavalor-pasta-freebute\/","og_site_name":"Clair","article_publisher":"https:\/\/www.facebook.com\/TrgovinaClair\/","article_modified_time":"2025-10-20T06:17:38+00:00","og_image":[{"width":800,"height":800,"url":"https:\/\/clair.si\/wp-content\/uploads\/2025\/07\/NUTPERFORMANCE-FreebutePasteSpuitPackshotCMYK.webp","type":"image\/webp"}],"twitter_card":"summary_large_image","twitter_misc":{"Procijenjeno vrijeme \u010ditanja":"1 minuta"},"schema":{"@context":"https:\/\/schema.org","@graph":[{"@type":"WebPage","@id":"https:\/\/clair.si\/hr\/izdelek\/cavalor-pasta-freebute\/","url":"https:\/\/clair.si\/hr\/izdelek\/cavalor-pasta-freebute\/","name":"Cavalor pasta Freebute - Clair","isPartOf":{"@id":"https:\/\/clair.si\/#website"},"primaryImageOfPage":{"@id":"https:\/\/clair.si\/hr\/izdelek\/cavalor-pasta-freebute\/#primaryimage"},"image":{"@id":"https:\/\/clair.si\/hr\/izdelek\/cavalor-pasta-freebute\/#primaryimage"},"thumbnailUrl":"https:\/\/clair.si\/wp-content\/uploads\/2025\/07\/NUTPERFORMANCE-FreebutePasteSpuitPackshotCMYK.webp","datePublished":"2025-07-21T11:24:18+00:00","dateModified":"2025-10-20T06:17:38+00:00","description":"\ud83c\udf3f Prirodna protubolna sinergija \u2013 biljni ekstrakti, bijela vrba, zelenousna \u0161koljka i aminokiseline \ud83c\udfc7 Usmjereno za natjecanja \u2013 brzo djeluju\u0107a pasta, bez zabranjenih supstanci \u2705 Bez nuspojava \u2013 sigurna za osjetljive konje, nje\u017ena za \u017eeludac","breadcrumb":{"@id":"https:\/\/clair.si\/hr\/izdelek\/cavalor-pasta-freebute\/#breadcrumb"},"inLanguage":"hr","potentialAction":[{"@type":"ReadAction","target":["https:\/\/clair.si\/hr\/izdelek\/cavalor-pasta-freebute\/"]}]},{"@type":"ImageObject","inLanguage":"hr","@id":"https:\/\/clair.si\/hr\/izdelek\/cavalor-pasta-freebute\/#primaryimage","url":"https:\/\/clair.si\/wp-content\/uploads\/2025\/07\/NUTPERFORMANCE-FreebutePasteSpuitPackshotCMYK.webp","contentUrl":"https:\/\/clair.si\/wp-content\/uploads\/2025\/07\/NUTPERFORMANCE-FreebutePasteSpuitPackshotCMYK.webp","width":800,"height":800},{"@type":"BreadcrumbList","@id":"https:\/\/clair.si\/hr\/izdelek\/cavalor-pasta-freebute\/#breadcrumb","itemListElement":[{"@type":"ListItem","position":1,"name":"Home","item":"https:\/\/clair.si\/hr\/"},{"@type":"ListItem","position":2,"name":"Trgovina","item":"https:\/\/clair.si\/trgovina\/"},{"@type":"ListItem","position":3,"name":"Cavalor pasta Freebute"}]},{"@type":"WebSite","@id":"https:\/\/clair.si\/#website","url":"https:\/\/clair.si\/","name":"Clair","description":"Trgovina s konjeni\u0161ko opremo","publisher":{"@id":"https:\/\/clair.si\/#organization"},"potentialAction":[{"@type":"SearchAction","target":{"@type":"EntryPoint","urlTemplate":"https:\/\/clair.si\/?s={search_term_string}"},"query-input":{"@type":"PropertyValueSpecification","valueRequired":true,"valueName":"search_term_string"}}],"inLanguage":"hr"},{"@type":"Organization","@id":"https:\/\/clair.si\/#organization","name":"Clair","url":"https:\/\/clair.si\/","logo":{"@type":"ImageObject","inLanguage":"hr","@id":"https:\/\/clair.si\/#\/schema\/logo\/image\/","url":"https:\/\/clair.si\/wp-content\/uploads\/2022\/11\/clair_logo_2022.jpg","contentUrl":"https:\/\/clair.si\/wp-content\/uploads\/2022\/11\/clair_logo_2022.jpg","width":1920,"height":1920,"caption":"Clair"},"image":{"@id":"https:\/\/clair.si\/#\/schema\/logo\/image\/"},"sameAs":["https:\/\/www.facebook.com\/TrgovinaClair\/"]}]}},"_links":{"self":[{"href":"https:\/\/clair.si\/hr\/wp-json\/wp\/v2\/product\/92372","targetHints":{"allow":["GET"]}}],"collection":[{"href":"https:\/\/clair.si\/hr\/wp-json\/wp\/v2\/product"}],"about":[{"href":"https:\/\/clair.si\/hr\/wp-json\/wp\/v2\/types\/product"}],"version-history":[{"count":0,"href":"https:\/\/clair.si\/hr\/wp-json\/wp\/v2\/product\/92372\/revisions"}],"wp:featuredmedia":[{"embeddable":true,"href":"https:\/\/clair.si\/hr\/wp-json\/wp\/v2\/media\/92374"}],"wp:attachment":[{"href":"https:\/\/clair.si\/hr\/wp-json\/wp\/v2\/media?parent=92372"}],"wp:term":[{"taxonomy":"product_brand","embeddable":true,"href":"https:\/\/clair.si\/hr\/wp-json\/wp\/v2\/product_brand?post=92372"},{"taxonomy":"product_cat","embeddable":true,"href":"https:\/\/clair.si\/hr\/wp-json\/wp\/v2\/product_cat?post=92372"},{"taxonomy":"product_tag","embeddable":true,"href":"https:\/\/clair.si\/hr\/wp-json\/wp\/v2\/product_tag?post=92372"}],"curies":[{"name":"wp","href":"https:\/\/api.w.org\/{rel}","templated":true}]}}