{"id":92415,"date":"2025-07-22T11:58:35","date_gmt":"2025-07-22T09:58:35","guid":{"rendered":"https:\/\/clair.si\/izdelek\/cavalor-freebute\/"},"modified":"2025-09-24T07:17:04","modified_gmt":"2025-09-24T05:17:04","slug":"cavalor-freebute","status":"publish","type":"product","link":"https:\/\/clair.si\/hr\/izdelek\/cavalor-freebute\/","title":{"rendered":"Cavalor FreeBute"},"content":{"rendered":"<h2 data-start=\"44\" data-end=\"112\">Cavalor FreeBute \u2013 prirodno olak\u0161anje boli i za\u0161tita zglobova \ud83d\udc0e<\/h2>\n<p data-start=\"114\" data-end=\"450\"><strong data-start=\"114\" data-end=\"134\">Cavalor FreeBute<\/strong> je visokokvalitetni dodatak prehrani, dizajniran za ubla\u017eavanje napetosti u mi\u0161i\u0107ima i zglobovima tijekom napornih treninga ili natjecanja. Pogodan je za dugotrajnu upotrebu bez nuspojava i sadr\u017ei samo sigurne, prirodne sastojke koji su nje\u017eni za \u017eeludac i bez zabranjenih supstanci. <\/p>\n<h3 data-start=\"452\" data-end=\"478\">\ud83d\udd2c Aktivni sastojci<\/h3>\n<ul data-start=\"479\" data-end=\"885\">\n<li data-start=\"479\" data-end=\"559\">\n<p data-start=\"481\" data-end=\"559\"><span class=\"relative -mx-px my-[-0.2rem] rounded px-px py-[0.2rem] transition-colors duration-100 ease-in-out\"><strong data-start=\"0\" data-end=\"21\" data-is-only-node=\"\">Mje\u0161avina bilja<\/strong>: ekstrakti crnog ribiza, bijele vrbe, ma\u0107uhice (Viola tricolor) i kukuruzne svile \u2013 svaki s razli\u010ditim u\u010dinkom, a svi zajedno djeluju za ubla\u017eavanje boli i upala<\/span><\/p>\n<\/li>\n<li data-start=\"641\" data-end=\"721\">\n<p data-start=\"643\" data-end=\"721\"><span class=\"relative -mx-px my-[-0.2rem] rounded px-px py-[0.2rem] transition-colors duration-100 ease-in-out\"><strong data-start=\"0\" data-end=\"27\" data-is-only-node=\"\">Esencijalne aminokiseline<\/strong>: L\u2011lizin i L\u2011fenilalanin \u2013 podr\u017eavaju obnovu mi\u0161i\u0107a nakon napora<\/span><\/p>\n<\/li>\n<li data-start=\"722\" data-end=\"802\">\n<p data-start=\"724\" data-end=\"802\"><span class=\"relative -mx-px my-[-0.2rem] rounded px-px py-[0.2rem] transition-colors duration-100 ease-in-out\"><strong data-start=\"0\" data-end=\"23\" data-is-only-node=\"\">Vitamini &amp; minerali<\/strong>: kompleks vitamina B (B1, B2, B3, B5, B12), vitamin E, selen, cink i mangan \u2013 za za\u0161titu stanica te potporu metabolizma i zglobova<\/span><\/p>\n<\/li>\n<li data-start=\"803\" data-end=\"885\">\n<p data-start=\"805\" data-end=\"885\"><span class=\"relative -mx-px my-[-0.2rem] rounded px-px py-[0.2rem] transition-colors duration-100 ease-in-out\"><strong data-start=\"0\" data-end=\"23\" data-is-only-node=\"\">Green-lipped mussel:<\/strong> \u2013 u prahu djeluje kao antioksidans i \u0161titi potporna tkiva<\/span><\/p>\n<\/li>\n<\/ul>\n<h3 data-start=\"892\" data-end=\"920\">\ud83d\udccb Upute za upotrebu<\/h3>\n<ul data-start=\"921\" data-end=\"1343\">\n<li data-start=\"921\" data-end=\"1005\">\n<p data-start=\"923\" data-end=\"1005\"><span class=\"relative -mx-px my-[-0.2rem] rounded px-px py-[0.2rem] transition-colors duration-100 ease-in-out\"><strong data-start=\"0\" data-end=\"22\" data-is-only-node=\"\">Preporu\u010dena doza<\/strong>: 20 g dnevno (otprilike 2 \u010dajne \u017eli\u010dice)<\/span><\/p>\n<\/li>\n<li data-start=\"1006\" data-end=\"1090\">\n<p data-start=\"1008\" data-end=\"1090\"><span class=\"relative -mx-px my-[-0.2rem] rounded px-px py-[0.2rem] transition-colors duration-100 ease-in-out\"><strong data-start=\"0\" data-end=\"29\" data-is-only-node=\"\">Maksimalna dnevna doza<\/strong>: 30 g<\/span><\/p>\n<\/li>\n<li data-start=\"1091\" data-end=\"1175\">\n<p data-start=\"1093\" data-end=\"1175\"><span class=\"relative -mx-px my-[-0.2rem] rounded px-px py-[0.2rem] transition-colors duration-100 ease-in-out\"><strong data-start=\"0\" data-end=\"10\" data-is-only-node=\"\">Oblik<\/strong>: pogodan kako za dugotrajnu upotrebu (prah) tako i za trenutnu upotrebu (pasta); prah za svakodnevnu njegu, pasta za prije natjecanja<\/span><\/p>\n<\/li>\n<li data-start=\"1176\" data-end=\"1260\">\n<p data-start=\"1178\" data-end=\"1260\"><span class=\"relative -mx-px my-[-0.2rem] rounded px-px py-[0.2rem] transition-colors duration-100 ease-in-out\"><strong data-start=\"0\" data-end=\"36\" data-is-only-node=\"\">Zapo\u010dnite 2 dana prije optere\u0107enja<\/strong> \u2013 ne preporu\u010duje se po\u010detna upotreba neposredno prije natjecanja za najbolji rezultat<\/span><\/p>\n<\/li>\n<li data-start=\"1261\" data-end=\"1343\">\n<p data-start=\"1263\" data-end=\"1343\"><span class=\"relative -mx-px my-[-0.2rem] rounded px-px py-[0.2rem] transition-colors duration-100 ease-in-out\">\u010cuvajte na hladnom i suhom mjestu; stabilnost proizvoda je do 3 godine<\/span><\/p>\n<\/li>\n<\/ul>\n<h3 data-start=\"1700\" data-end=\"1724\">\ud83d\udecd Preporu\u010damo za:<\/h3>\n<ul data-start=\"1725\" data-end=\"1910\">\n<li data-start=\"1725\" data-end=\"1794\">\n<p data-start=\"1727\" data-end=\"1794\">Sportske, natjecateljske i radne konje nakon napornih vje\u017ebi ili utakmica<\/p>\n<\/li>\n<li data-start=\"1795\" data-end=\"1845\">\n<p data-start=\"1797\" data-end=\"1845\">Konje s osjetljivim mi\u0161i\u0107no-ko\u0161tanim sustavom<\/p>\n<\/li>\n<li data-start=\"1846\" data-end=\"1910\">\n<p data-start=\"1848\" data-end=\"1910\">Vlasnike koji tra\u017ee kvalitetnu prirodnu alternativu bez kemije<\/p>\n<\/li>\n<\/ul>\n","protected":false},"excerpt":{"rendered":"<ul data-start=\"1393\" data-end=\"1693\">\n<li data-start=\"1393\" data-end=\"1510\">\n<p data-start=\"1395\" data-end=\"1510\">\u2705 <strong data-start=\"1397\" data-end=\"1462\">Prirodni ekstrakti + green\u2011lipped mussel<\/strong> \u2013 podr\u0161ka pokretljivosti bez zabranjenih tvari<\/p>\n<\/li>\n<li data-start=\"1511\" data-end=\"1609\">\n<p data-start=\"1513\" data-end=\"1609\">\u26a1 <strong data-start=\"1515\" data-end=\"1550\">Brzo i nje\u017eno ubla\u017eavanje boli<\/strong> \u2013 pogodno za sportske konje, osjetljive zglobove i mi\u0161i\u0107e<\/p>\n<\/li>\n<li data-start=\"1610\" data-end=\"1693\">\n<p data-start=\"1612\" data-end=\"1693\">\ud83c\udf31 <strong data-start=\"1615\" data-end=\"1635\">Nje\u017eno za \u017eeludac<\/strong> \u2013 bez nuspojava, pogodno za dugotrajnu upotrebu<\/p>\n<\/li>\n<\/ul>\n","protected":false},"featured_media":104059,"template":"","meta":{"footnotes":""},"product_brand":[],"product_cat":[5711,5624,5710,5712],"product_tag":[],"class_list":{"0":"post-92415","1":"product","2":"type-product","3":"status-publish","4":"has-post-thumbnail","6":"product_cat-hrana-i-prehrambeni-dodaci-cavalor","7":"product_cat-konj-hr","8":"product_cat-hrana-za-konje-hr","9":"product_cat-prehrambeni-dodaci","11":"first","12":"instock","13":"shipping-taxable","14":"purchasable","15":"product-type-simple"},"yoast_head":"<!-- This site is optimized with the Yoast SEO plugin v27.3 - https:\/\/yoast.com\/product\/yoast-seo-wordpress\/ -->\n<title>Cavalor FreeBute - Clair<\/title>\n<meta name=\"description\" content=\"\u2705 Prirodni ekstrakti + green\u2011lipped mussel \u2013 podr\u0161ka pokretljivosti bez zabranjenih tvari   \u26a1 Brzo i nje\u017eno ubla\u017eavanje boli \u2013 pogodno za sportske konje, osjetljive zglobove i mi\u0161i\u0107e   \ud83c\udf31 Nje\u017eno za \u017eeludac \u2013 bez nuspojava, pogodno za dugotrajnu upotrebu\" \/>\n<meta name=\"robots\" content=\"index, follow, max-snippet:-1, max-image-preview:large, max-video-preview:-1\" \/>\n<link rel=\"canonical\" href=\"https:\/\/clair.si\/hr\/izdelek\/cavalor-freebute\/\" \/>\n<meta property=\"og:locale\" content=\"hr_HR\" \/>\n<meta property=\"og:type\" content=\"article\" \/>\n<meta property=\"og:title\" content=\"Cavalor FreeBute - Clair\" \/>\n<meta property=\"og:description\" content=\"\u2705 Prirodni ekstrakti + green\u2011lipped mussel \u2013 podr\u0161ka pokretljivosti bez zabranjenih tvari   \u26a1 Brzo i nje\u017eno ubla\u017eavanje boli \u2013 pogodno za sportske konje, osjetljive zglobove i mi\u0161i\u0107e   \ud83c\udf31 Nje\u017eno za \u017eeludac \u2013 bez nuspojava, pogodno za dugotrajnu upotrebu\" \/>\n<meta property=\"og:url\" content=\"https:\/\/clair.si\/hr\/izdelek\/cavalor-freebute\/\" \/>\n<meta property=\"og:site_name\" content=\"Clair\" \/>\n<meta property=\"article:publisher\" content=\"https:\/\/www.facebook.com\/TrgovinaClair\/\" \/>\n<meta property=\"article:modified_time\" content=\"2025-09-24T05:17:04+00:00\" \/>\n<meta property=\"og:image\" content=\"https:\/\/clair.si\/wp-content\/uploads\/2025\/07\/Freebute-cavalor-clair-trgovina.webp\" \/>\n\t<meta property=\"og:image:width\" content=\"550\" \/>\n\t<meta property=\"og:image:height\" content=\"550\" \/>\n\t<meta property=\"og:image:type\" content=\"image\/jpeg\" \/>\n<meta name=\"twitter:card\" content=\"summary_large_image\" \/>\n<meta name=\"twitter:label1\" content=\"Procijenjeno vrijeme \u010ditanja\" \/>\n\t<meta name=\"twitter:data1\" content=\"2 minute\" \/>\n<script type=\"application\/ld+json\" class=\"yoast-schema-graph\">{\"@context\":\"https:\\\/\\\/schema.org\",\"@graph\":[{\"@type\":\"WebPage\",\"@id\":\"https:\\\/\\\/clair.si\\\/hr\\\/izdelek\\\/cavalor-freebute\\\/\",\"url\":\"https:\\\/\\\/clair.si\\\/hr\\\/izdelek\\\/cavalor-freebute\\\/\",\"name\":\"Cavalor FreeBute - Clair\",\"isPartOf\":{\"@id\":\"https:\\\/\\\/clair.si\\\/#website\"},\"primaryImageOfPage\":{\"@id\":\"https:\\\/\\\/clair.si\\\/hr\\\/izdelek\\\/cavalor-freebute\\\/#primaryimage\"},\"image\":{\"@id\":\"https:\\\/\\\/clair.si\\\/hr\\\/izdelek\\\/cavalor-freebute\\\/#primaryimage\"},\"thumbnailUrl\":\"https:\\\/\\\/clair.si\\\/wp-content\\\/uploads\\\/2025\\\/07\\\/Freebute-cavalor-clair-trgovina.webp\",\"datePublished\":\"2025-07-22T09:58:35+00:00\",\"dateModified\":\"2025-09-24T05:17:04+00:00\",\"description\":\"\u2705 Prirodni ekstrakti + green\u2011lipped mussel \u2013 podr\u0161ka pokretljivosti bez zabranjenih tvari \u26a1 Brzo i nje\u017eno ubla\u017eavanje boli \u2013 pogodno za sportske konje, osjetljive zglobove i mi\u0161i\u0107e \ud83c\udf31 Nje\u017eno za \u017eeludac \u2013 bez nuspojava, pogodno za dugotrajnu upotrebu\",\"breadcrumb\":{\"@id\":\"https:\\\/\\\/clair.si\\\/hr\\\/izdelek\\\/cavalor-freebute\\\/#breadcrumb\"},\"inLanguage\":\"hr\",\"potentialAction\":[{\"@type\":\"ReadAction\",\"target\":[\"https:\\\/\\\/clair.si\\\/hr\\\/izdelek\\\/cavalor-freebute\\\/\"]}]},{\"@type\":\"ImageObject\",\"inLanguage\":\"hr\",\"@id\":\"https:\\\/\\\/clair.si\\\/hr\\\/izdelek\\\/cavalor-freebute\\\/#primaryimage\",\"url\":\"https:\\\/\\\/clair.si\\\/wp-content\\\/uploads\\\/2025\\\/07\\\/Freebute-cavalor-clair-trgovina.webp\",\"contentUrl\":\"https:\\\/\\\/clair.si\\\/wp-content\\\/uploads\\\/2025\\\/07\\\/Freebute-cavalor-clair-trgovina.webp\",\"width\":550,\"height\":550},{\"@type\":\"BreadcrumbList\",\"@id\":\"https:\\\/\\\/clair.si\\\/hr\\\/izdelek\\\/cavalor-freebute\\\/#breadcrumb\",\"itemListElement\":[{\"@type\":\"ListItem\",\"position\":1,\"name\":\"Home\",\"item\":\"https:\\\/\\\/clair.si\\\/hr\\\/\"},{\"@type\":\"ListItem\",\"position\":2,\"name\":\"Trgovina\",\"item\":\"https:\\\/\\\/clair.si\\\/trgovina\\\/\"},{\"@type\":\"ListItem\",\"position\":3,\"name\":\"Cavalor FreeBute\"}]},{\"@type\":\"WebSite\",\"@id\":\"https:\\\/\\\/clair.si\\\/#website\",\"url\":\"https:\\\/\\\/clair.si\\\/\",\"name\":\"Clair\",\"description\":\"Trgovina s konjeni\u0161ko opremo\",\"publisher\":{\"@id\":\"https:\\\/\\\/clair.si\\\/#organization\"},\"potentialAction\":[{\"@type\":\"SearchAction\",\"target\":{\"@type\":\"EntryPoint\",\"urlTemplate\":\"https:\\\/\\\/clair.si\\\/?s={search_term_string}\"},\"query-input\":{\"@type\":\"PropertyValueSpecification\",\"valueRequired\":true,\"valueName\":\"search_term_string\"}}],\"inLanguage\":\"hr\"},{\"@type\":\"Organization\",\"@id\":\"https:\\\/\\\/clair.si\\\/#organization\",\"name\":\"Clair\",\"url\":\"https:\\\/\\\/clair.si\\\/\",\"logo\":{\"@type\":\"ImageObject\",\"inLanguage\":\"hr\",\"@id\":\"https:\\\/\\\/clair.si\\\/#\\\/schema\\\/logo\\\/image\\\/\",\"url\":\"https:\\\/\\\/clair.si\\\/wp-content\\\/uploads\\\/2022\\\/11\\\/clair_logo_2022.jpg\",\"contentUrl\":\"https:\\\/\\\/clair.si\\\/wp-content\\\/uploads\\\/2022\\\/11\\\/clair_logo_2022.jpg\",\"width\":1920,\"height\":1920,\"caption\":\"Clair\"},\"image\":{\"@id\":\"https:\\\/\\\/clair.si\\\/#\\\/schema\\\/logo\\\/image\\\/\"},\"sameAs\":[\"https:\\\/\\\/www.facebook.com\\\/TrgovinaClair\\\/\"]}]}<\/script>\n<!-- \/ Yoast SEO plugin. -->","yoast_head_json":{"title":"Cavalor FreeBute - Clair","description":"\u2705 Prirodni ekstrakti + green\u2011lipped mussel \u2013 podr\u0161ka pokretljivosti bez zabranjenih tvari   \u26a1 Brzo i nje\u017eno ubla\u017eavanje boli \u2013 pogodno za sportske konje, osjetljive zglobove i mi\u0161i\u0107e   \ud83c\udf31 Nje\u017eno za \u017eeludac \u2013 bez nuspojava, pogodno za dugotrajnu upotrebu","robots":{"index":"index","follow":"follow","max-snippet":"max-snippet:-1","max-image-preview":"max-image-preview:large","max-video-preview":"max-video-preview:-1"},"canonical":"https:\/\/clair.si\/hr\/izdelek\/cavalor-freebute\/","og_locale":"hr_HR","og_type":"article","og_title":"Cavalor FreeBute - Clair","og_description":"\u2705 Prirodni ekstrakti + green\u2011lipped mussel \u2013 podr\u0161ka pokretljivosti bez zabranjenih tvari   \u26a1 Brzo i nje\u017eno ubla\u017eavanje boli \u2013 pogodno za sportske konje, osjetljive zglobove i mi\u0161i\u0107e   \ud83c\udf31 Nje\u017eno za \u017eeludac \u2013 bez nuspojava, pogodno za dugotrajnu upotrebu","og_url":"https:\/\/clair.si\/hr\/izdelek\/cavalor-freebute\/","og_site_name":"Clair","article_publisher":"https:\/\/www.facebook.com\/TrgovinaClair\/","article_modified_time":"2025-09-24T05:17:04+00:00","og_image":[{"width":550,"height":550,"url":"https:\/\/clair.si\/wp-content\/uploads\/2025\/07\/Freebute-cavalor-clair-trgovina.webp","type":"image\/jpeg"}],"twitter_card":"summary_large_image","twitter_misc":{"Procijenjeno vrijeme \u010ditanja":"2 minute"},"schema":{"@context":"https:\/\/schema.org","@graph":[{"@type":"WebPage","@id":"https:\/\/clair.si\/hr\/izdelek\/cavalor-freebute\/","url":"https:\/\/clair.si\/hr\/izdelek\/cavalor-freebute\/","name":"Cavalor FreeBute - Clair","isPartOf":{"@id":"https:\/\/clair.si\/#website"},"primaryImageOfPage":{"@id":"https:\/\/clair.si\/hr\/izdelek\/cavalor-freebute\/#primaryimage"},"image":{"@id":"https:\/\/clair.si\/hr\/izdelek\/cavalor-freebute\/#primaryimage"},"thumbnailUrl":"https:\/\/clair.si\/wp-content\/uploads\/2025\/07\/Freebute-cavalor-clair-trgovina.webp","datePublished":"2025-07-22T09:58:35+00:00","dateModified":"2025-09-24T05:17:04+00:00","description":"\u2705 Prirodni ekstrakti + green\u2011lipped mussel \u2013 podr\u0161ka pokretljivosti bez zabranjenih tvari \u26a1 Brzo i nje\u017eno ubla\u017eavanje boli \u2013 pogodno za sportske konje, osjetljive zglobove i mi\u0161i\u0107e \ud83c\udf31 Nje\u017eno za \u017eeludac \u2013 bez nuspojava, pogodno za dugotrajnu upotrebu","breadcrumb":{"@id":"https:\/\/clair.si\/hr\/izdelek\/cavalor-freebute\/#breadcrumb"},"inLanguage":"hr","potentialAction":[{"@type":"ReadAction","target":["https:\/\/clair.si\/hr\/izdelek\/cavalor-freebute\/"]}]},{"@type":"ImageObject","inLanguage":"hr","@id":"https:\/\/clair.si\/hr\/izdelek\/cavalor-freebute\/#primaryimage","url":"https:\/\/clair.si\/wp-content\/uploads\/2025\/07\/Freebute-cavalor-clair-trgovina.webp","contentUrl":"https:\/\/clair.si\/wp-content\/uploads\/2025\/07\/Freebute-cavalor-clair-trgovina.webp","width":550,"height":550},{"@type":"BreadcrumbList","@id":"https:\/\/clair.si\/hr\/izdelek\/cavalor-freebute\/#breadcrumb","itemListElement":[{"@type":"ListItem","position":1,"name":"Home","item":"https:\/\/clair.si\/hr\/"},{"@type":"ListItem","position":2,"name":"Trgovina","item":"https:\/\/clair.si\/trgovina\/"},{"@type":"ListItem","position":3,"name":"Cavalor FreeBute"}]},{"@type":"WebSite","@id":"https:\/\/clair.si\/#website","url":"https:\/\/clair.si\/","name":"Clair","description":"Trgovina s konjeni\u0161ko opremo","publisher":{"@id":"https:\/\/clair.si\/#organization"},"potentialAction":[{"@type":"SearchAction","target":{"@type":"EntryPoint","urlTemplate":"https:\/\/clair.si\/?s={search_term_string}"},"query-input":{"@type":"PropertyValueSpecification","valueRequired":true,"valueName":"search_term_string"}}],"inLanguage":"hr"},{"@type":"Organization","@id":"https:\/\/clair.si\/#organization","name":"Clair","url":"https:\/\/clair.si\/","logo":{"@type":"ImageObject","inLanguage":"hr","@id":"https:\/\/clair.si\/#\/schema\/logo\/image\/","url":"https:\/\/clair.si\/wp-content\/uploads\/2022\/11\/clair_logo_2022.jpg","contentUrl":"https:\/\/clair.si\/wp-content\/uploads\/2022\/11\/clair_logo_2022.jpg","width":1920,"height":1920,"caption":"Clair"},"image":{"@id":"https:\/\/clair.si\/#\/schema\/logo\/image\/"},"sameAs":["https:\/\/www.facebook.com\/TrgovinaClair\/"]}]}},"_links":{"self":[{"href":"https:\/\/clair.si\/hr\/wp-json\/wp\/v2\/product\/92415","targetHints":{"allow":["GET"]}}],"collection":[{"href":"https:\/\/clair.si\/hr\/wp-json\/wp\/v2\/product"}],"about":[{"href":"https:\/\/clair.si\/hr\/wp-json\/wp\/v2\/types\/product"}],"version-history":[{"count":1,"href":"https:\/\/clair.si\/hr\/wp-json\/wp\/v2\/product\/92415\/revisions"}],"predecessor-version":[{"id":114213,"href":"https:\/\/clair.si\/hr\/wp-json\/wp\/v2\/product\/92415\/revisions\/114213"}],"wp:featuredmedia":[{"embeddable":true,"href":"https:\/\/clair.si\/hr\/wp-json\/wp\/v2\/media\/104059"}],"wp:attachment":[{"href":"https:\/\/clair.si\/hr\/wp-json\/wp\/v2\/media?parent=92415"}],"wp:term":[{"taxonomy":"product_brand","embeddable":true,"href":"https:\/\/clair.si\/hr\/wp-json\/wp\/v2\/product_brand?post=92415"},{"taxonomy":"product_cat","embeddable":true,"href":"https:\/\/clair.si\/hr\/wp-json\/wp\/v2\/product_cat?post=92415"},{"taxonomy":"product_tag","embeddable":true,"href":"https:\/\/clair.si\/hr\/wp-json\/wp\/v2\/product_tag?post=92415"}],"curies":[{"name":"wp","href":"https:\/\/api.w.org\/{rel}","templated":true}]}}