{"id":92417,"date":"2025-07-22T11:20:29","date_gmt":"2025-07-22T09:20:29","guid":{"rendered":"https:\/\/clair.si\/izdelek\/cavalor-refresh-wash\/"},"modified":"2025-08-26T09:53:10","modified_gmt":"2025-08-26T07:53:10","slug":"cavalor-refresh-wash","status":"publish","type":"product","link":"https:\/\/clair.si\/hr\/izdelek\/cavalor-refresh-wash\/","title":{"rendered":"Cavalor Refresh Wash"},"content":{"rendered":"<h2 data-start=\"44\" data-end=\"106\">Cavalor Refresh Wash \u2013 osvje\u017eavaju\u0107i gel-\u0161ampon za vru\u0107e dane \ud83c\udf3f<\/h2>\n<p data-start=\"108\" data-end=\"452\"><strong data-start=\"108\" data-end=\"132\">Cavalor Refresh Wash<\/strong> je pH neutralan, osvje\u017eavaju\u0107i gel-\u0161ampon, idealan za umivanje konja nakon napornog treninga ili u vru\u0107im danima. Miris eukaliptusa ugodno razbistruje misli i osigurava svilenkasti sjaj i volumen dlake. Formula sadr\u017ei provitamin B5 i glicerin, koji vla\u017ee ko\u017eu i vra\u0107aju joj prirodni sjaj.<\/p>\n<h3 data-start=\"454\" data-end=\"480\">\ud83d\udd2c Aktivni sastojci<\/h3>\n<ul data-start=\"481\" data-end=\"723\">\n<li data-start=\"481\" data-end=\"561\">\n<p data-start=\"483\" data-end=\"561\"><span class=\"relative -mx-px my-[-0.2rem] rounded px-px py-[0.2rem] transition-colors duration-100 ease-in-out\"><strong data-start=\"0\" data-end=\"29\" data-is-only-node=\"\">Provitamin B5 (panthenol)<\/strong> \u2013 vla\u017ei ko\u017eu, pove\u0107ava elasti\u010dnost dlake i daje joj volumen<\/span><\/p>\n<\/li>\n<li data-start=\"562\" data-end=\"642\">\n<p data-start=\"564\" data-end=\"642\"><span class=\"relative -mx-px my-[-0.2rem] rounded px-px py-[0.2rem] transition-colors duration-100 ease-in-out\"><strong data-start=\"0\" data-end=\"12\" data-is-only-node=\"\">Glicerin<\/strong> \u2013 djeluje kao regenerator i daje dlaki prirodan sjaj<\/span><\/p>\n<\/li>\n<li data-start=\"643\" data-end=\"723\">\n<p data-start=\"645\" data-end=\"723\"><span class=\"relative -mx-px my-[-0.2rem] rounded px-px py-[0.2rem] transition-colors duration-100 ease-in-out\"><strong data-start=\"0\" data-end=\"22\" data-is-only-node=\"\">Ulje eukaliptusa<\/strong> \u2013 osvje\u017eava, poti\u010de bu\u0111enje osjetila i ugodno hladi<\/span><\/p>\n<\/li>\n<\/ul>\n<h3 data-start=\"725\" data-end=\"753\">\ud83d\udccb Upute za upotrebu<\/h3>\n<ol data-start=\"754\" data-end=\"987\">\n<li data-start=\"754\" data-end=\"796\">\n<p data-start=\"757\" data-end=\"796\"><span class=\"relative -mx-px my-[-0.2rem] rounded px-px py-[0.2rem] transition-colors duration-100 ease-in-out\">Mokro isperite dlaku kako biste uklonili pra\u0161inu i suvi\u0161nu blato.<\/span><\/p>\n<\/li>\n<li data-start=\"797\" data-end=\"880\">\n<p data-start=\"800\" data-end=\"880\"><span class=\"relative -mx-px my-[-0.2rem] rounded px-px py-[0.2rem] transition-colors duration-100 ease-in-out\">Nanesite gel-\u0161ampon izravno na dlaku ili razrijedite u vodi, zatim nanesite \u010detkom\/spu\u017evom<\/span><\/p>\n<\/li>\n<li data-start=\"881\" data-end=\"903\">\n<p data-start=\"884\" data-end=\"903\">Temeljito isperite.<\/p>\n<\/li>\n<li data-start=\"904\" data-end=\"987\">\n<p data-start=\"907\" data-end=\"987\"><span class=\"relative -mx-px my-[-0.2rem] rounded px-px py-[0.2rem] transition-colors duration-100 ease-in-out\">Samo za vanjsku uporabu \u2013 izbjegavajte kontakt s o\u010dima<\/span><\/p>\n<\/li>\n<\/ol>\n<h3 data-start=\"989\" data-end=\"1025\">\ud83e\udde0 Za\u0161to odabrati Refresh Wash?<\/h3>\n<ul data-start=\"1026\" data-end=\"1290\">\n<li data-start=\"1026\" data-end=\"1110\">\n<p data-start=\"1028\" data-end=\"1110\"><span class=\"relative -mx-px my-[-0.2rem] rounded px-px py-[0.2rem] transition-colors duration-100 ease-in-out\"><strong data-start=\"0\" data-end=\"24\" data-is-only-node=\"\">pH neutralna formula<\/strong> \u2013 prijateljska prema konjskoj ko\u017ei (pH 7,0\u20137,4), sprje\u010dava isu\u0161ivanje.<\/span><\/p>\n<\/li>\n<li data-start=\"1111\" data-end=\"1195\">\n<p data-start=\"1113\" data-end=\"1195\"><strong data-start=\"1113\" data-end=\"1146\">Vidljivo osvje\u017eenje i podizanje dlake<\/strong> \u2013 idealno nakon treninga ili vru\u0107ih razdoblja.<\/p>\n<\/li>\n<li data-start=\"1196\" data-end=\"1290\">\n<p data-start=\"1198\" data-end=\"1290\"><strong data-start=\"1198\" data-end=\"1234\">U\u010dinak eukaliptusa<\/strong> \u2013 za koncentriranog i zadovoljnog konja nakon kupanja.<\/p>\n<\/li>\n<\/ul>\n<h3 data-start=\"1605\" data-end=\"1629\">\ud83d\udecd Preporu\u010damo za:<\/h3>\n<ul data-start=\"1630\" data-end=\"1816\">\n<li data-start=\"1630\" data-end=\"1688\">\n<p data-start=\"1632\" data-end=\"1688\">Konje koji su se znojili tijekom natjecanja ili treninga<\/p>\n<\/li>\n<li data-start=\"1689\" data-end=\"1744\">\n<p data-start=\"1691\" data-end=\"1744\">Vlasnike koji tra\u017ee osvje\u017eenje i njegu u jednom koraku<\/p>\n<\/li>\n<li data-start=\"1745\" data-end=\"1816\">\n<p data-start=\"1747\" data-end=\"1816\">Sve koji \u017eele visokokvalitetan, prirodan \u0161ampon bez isu\u0161ivanja ko\u017ee<\/p>\n<\/li>\n<\/ul>\n","protected":false},"excerpt":{"rendered":"<ul data-start=\"1338\" data-end=\"1598\">\n<li data-start=\"1338\" data-end=\"1415\">\n<p data-start=\"1340\" data-end=\"1415\">\ud83c\udf2c\ufe0f <strong data-start=\"1344\" data-end=\"1376\">Osvje\u017eavaju\u0107a aroma eukaliptusa<\/strong> \u2013 miris koji razbistruje glavu i umiruje.<\/p>\n<\/li>\n<li data-start=\"1416\" data-end=\"1510\">\n<p data-start=\"1418\" data-end=\"1510\">\ud83d\udca7 <strong data-start=\"1421\" data-end=\"1465\">pH neutralan + provitamin B5 i glicerin<\/strong> \u2013 njeguje ko\u017eu i osigurava sjajnu dlaku.<\/p>\n<\/li>\n<li data-start=\"1511\" data-end=\"1598\">\n<p data-start=\"1513\" data-end=\"1598\">\ud83c\udf1f <strong data-start=\"1516\" data-end=\"1536\">Sjaj i volumen<\/strong> \u2013 formula koja dlaki vra\u0107a meko\u0107u i prirodan, zavodljiv izgled.<\/p>\n<\/li>\n<\/ul>\n","protected":false},"featured_media":92418,"template":"","meta":{"footnotes":""},"product_brand":[],"product_cat":[5711,5624,5677,5628,5625,5714,5627],"product_tag":[],"class_list":{"0":"post-92417","1":"product","2":"type-product","3":"status-publish","4":"has-post-thumbnail","6":"product_cat-hrana-i-prehrambeni-dodaci-cavalor","7":"product_cat-konj-hr","8":"product_cat-kozmetika-za-konje-hr-2","9":"product_cat-njega-konja-hr","10":"product_cat-njega-konja","11":"product_cat-samponi-i-sapuni","12":"product_cat-stala-i-pasnjak","14":"first","15":"instock","16":"shipping-taxable","17":"purchasable","18":"product-type-simple"},"yoast_head":"<!-- This site is optimized with the Yoast SEO plugin v27.3 - https:\/\/yoast.com\/product\/yoast-seo-wordpress\/ -->\n<title>Cavalor Refresh Wash - Clair<\/title>\n<meta name=\"description\" content=\"\ud83c\udf2c\ufe0f Osvje\u017eavaju\u0107a aroma eukaliptusa \u2013 miris koji razbistruje glavu i umiruje.    \ud83d\udca7 pH neutralan + provitamin B5 i glicerin \u2013 njeguje ko\u017eu i osigurava sjajnu dlaku.    \ud83c\udf1f Sjaj i volumen \u2013 formula koja dlaki vra\u0107a meko\u0107u i prirodan, zavodljiv izgled.\" \/>\n<meta name=\"robots\" content=\"index, follow, max-snippet:-1, max-image-preview:large, max-video-preview:-1\" \/>\n<link rel=\"canonical\" href=\"https:\/\/clair.si\/hr\/izdelek\/cavalor-refresh-wash\/\" \/>\n<meta property=\"og:locale\" content=\"hr_HR\" \/>\n<meta property=\"og:type\" content=\"article\" \/>\n<meta property=\"og:title\" content=\"Cavalor Refresh Wash - Clair\" \/>\n<meta property=\"og:description\" content=\"\ud83c\udf2c\ufe0f Osvje\u017eavaju\u0107a aroma eukaliptusa \u2013 miris koji razbistruje glavu i umiruje.    \ud83d\udca7 pH neutralan + provitamin B5 i glicerin \u2013 njeguje ko\u017eu i osigurava sjajnu dlaku.    \ud83c\udf1f Sjaj i volumen \u2013 formula koja dlaki vra\u0107a meko\u0107u i prirodan, zavodljiv izgled.\" \/>\n<meta property=\"og:url\" content=\"https:\/\/clair.si\/hr\/izdelek\/cavalor-refresh-wash\/\" \/>\n<meta property=\"og:site_name\" content=\"Clair\" \/>\n<meta property=\"article:publisher\" content=\"https:\/\/www.facebook.com\/TrgovinaClair\/\" \/>\n<meta property=\"article:modified_time\" content=\"2025-08-26T07:53:10+00:00\" \/>\n<meta property=\"og:image\" content=\"https:\/\/clair.si\/wp-content\/uploads\/2025\/07\/refresh-wash-clair.webp\" \/>\n\t<meta property=\"og:image:width\" content=\"2048\" \/>\n\t<meta property=\"og:image:height\" content=\"1565\" \/>\n\t<meta property=\"og:image:type\" content=\"image\/webp\" \/>\n<meta name=\"twitter:card\" content=\"summary_large_image\" \/>\n<meta name=\"twitter:label1\" content=\"Procijenjeno vrijeme \u010ditanja\" \/>\n\t<meta name=\"twitter:data1\" content=\"1 minuta\" \/>\n<script type=\"application\/ld+json\" class=\"yoast-schema-graph\">{\"@context\":\"https:\\\/\\\/schema.org\",\"@graph\":[{\"@type\":\"WebPage\",\"@id\":\"https:\\\/\\\/clair.si\\\/hr\\\/izdelek\\\/cavalor-refresh-wash\\\/\",\"url\":\"https:\\\/\\\/clair.si\\\/hr\\\/izdelek\\\/cavalor-refresh-wash\\\/\",\"name\":\"Cavalor Refresh Wash - Clair\",\"isPartOf\":{\"@id\":\"https:\\\/\\\/clair.si\\\/#website\"},\"primaryImageOfPage\":{\"@id\":\"https:\\\/\\\/clair.si\\\/hr\\\/izdelek\\\/cavalor-refresh-wash\\\/#primaryimage\"},\"image\":{\"@id\":\"https:\\\/\\\/clair.si\\\/hr\\\/izdelek\\\/cavalor-refresh-wash\\\/#primaryimage\"},\"thumbnailUrl\":\"https:\\\/\\\/clair.si\\\/wp-content\\\/uploads\\\/2025\\\/07\\\/refresh-wash-clair.webp\",\"datePublished\":\"2025-07-22T09:20:29+00:00\",\"dateModified\":\"2025-08-26T07:53:10+00:00\",\"description\":\"\ud83c\udf2c\ufe0f Osvje\u017eavaju\u0107a aroma eukaliptusa \u2013 miris koji razbistruje glavu i umiruje. \ud83d\udca7 pH neutralan + provitamin B5 i glicerin \u2013 njeguje ko\u017eu i osigurava sjajnu dlaku. \ud83c\udf1f Sjaj i volumen \u2013 formula koja dlaki vra\u0107a meko\u0107u i prirodan, zavodljiv izgled.\",\"breadcrumb\":{\"@id\":\"https:\\\/\\\/clair.si\\\/hr\\\/izdelek\\\/cavalor-refresh-wash\\\/#breadcrumb\"},\"inLanguage\":\"hr\",\"potentialAction\":[{\"@type\":\"ReadAction\",\"target\":[\"https:\\\/\\\/clair.si\\\/hr\\\/izdelek\\\/cavalor-refresh-wash\\\/\"]}]},{\"@type\":\"ImageObject\",\"inLanguage\":\"hr\",\"@id\":\"https:\\\/\\\/clair.si\\\/hr\\\/izdelek\\\/cavalor-refresh-wash\\\/#primaryimage\",\"url\":\"https:\\\/\\\/clair.si\\\/wp-content\\\/uploads\\\/2025\\\/07\\\/refresh-wash-clair.webp\",\"contentUrl\":\"https:\\\/\\\/clair.si\\\/wp-content\\\/uploads\\\/2025\\\/07\\\/refresh-wash-clair.webp\",\"width\":2048,\"height\":1565},{\"@type\":\"BreadcrumbList\",\"@id\":\"https:\\\/\\\/clair.si\\\/hr\\\/izdelek\\\/cavalor-refresh-wash\\\/#breadcrumb\",\"itemListElement\":[{\"@type\":\"ListItem\",\"position\":1,\"name\":\"Home\",\"item\":\"https:\\\/\\\/clair.si\\\/hr\\\/\"},{\"@type\":\"ListItem\",\"position\":2,\"name\":\"Trgovina\",\"item\":\"https:\\\/\\\/clair.si\\\/trgovina\\\/\"},{\"@type\":\"ListItem\",\"position\":3,\"name\":\"Cavalor Refresh Wash\"}]},{\"@type\":\"WebSite\",\"@id\":\"https:\\\/\\\/clair.si\\\/#website\",\"url\":\"https:\\\/\\\/clair.si\\\/\",\"name\":\"Clair\",\"description\":\"Trgovina s konjeni\u0161ko opremo\",\"publisher\":{\"@id\":\"https:\\\/\\\/clair.si\\\/#organization\"},\"potentialAction\":[{\"@type\":\"SearchAction\",\"target\":{\"@type\":\"EntryPoint\",\"urlTemplate\":\"https:\\\/\\\/clair.si\\\/?s={search_term_string}\"},\"query-input\":{\"@type\":\"PropertyValueSpecification\",\"valueRequired\":true,\"valueName\":\"search_term_string\"}}],\"inLanguage\":\"hr\"},{\"@type\":\"Organization\",\"@id\":\"https:\\\/\\\/clair.si\\\/#organization\",\"name\":\"Clair\",\"url\":\"https:\\\/\\\/clair.si\\\/\",\"logo\":{\"@type\":\"ImageObject\",\"inLanguage\":\"hr\",\"@id\":\"https:\\\/\\\/clair.si\\\/#\\\/schema\\\/logo\\\/image\\\/\",\"url\":\"https:\\\/\\\/clair.si\\\/wp-content\\\/uploads\\\/2022\\\/11\\\/clair_logo_2022.jpg\",\"contentUrl\":\"https:\\\/\\\/clair.si\\\/wp-content\\\/uploads\\\/2022\\\/11\\\/clair_logo_2022.jpg\",\"width\":1920,\"height\":1920,\"caption\":\"Clair\"},\"image\":{\"@id\":\"https:\\\/\\\/clair.si\\\/#\\\/schema\\\/logo\\\/image\\\/\"},\"sameAs\":[\"https:\\\/\\\/www.facebook.com\\\/TrgovinaClair\\\/\"]}]}<\/script>\n<!-- \/ Yoast SEO plugin. -->","yoast_head_json":{"title":"Cavalor Refresh Wash - Clair","description":"\ud83c\udf2c\ufe0f Osvje\u017eavaju\u0107a aroma eukaliptusa \u2013 miris koji razbistruje glavu i umiruje.    \ud83d\udca7 pH neutralan + provitamin B5 i glicerin \u2013 njeguje ko\u017eu i osigurava sjajnu dlaku.    \ud83c\udf1f Sjaj i volumen \u2013 formula koja dlaki vra\u0107a meko\u0107u i prirodan, zavodljiv izgled.","robots":{"index":"index","follow":"follow","max-snippet":"max-snippet:-1","max-image-preview":"max-image-preview:large","max-video-preview":"max-video-preview:-1"},"canonical":"https:\/\/clair.si\/hr\/izdelek\/cavalor-refresh-wash\/","og_locale":"hr_HR","og_type":"article","og_title":"Cavalor Refresh Wash - Clair","og_description":"\ud83c\udf2c\ufe0f Osvje\u017eavaju\u0107a aroma eukaliptusa \u2013 miris koji razbistruje glavu i umiruje.    \ud83d\udca7 pH neutralan + provitamin B5 i glicerin \u2013 njeguje ko\u017eu i osigurava sjajnu dlaku.    \ud83c\udf1f Sjaj i volumen \u2013 formula koja dlaki vra\u0107a meko\u0107u i prirodan, zavodljiv izgled.","og_url":"https:\/\/clair.si\/hr\/izdelek\/cavalor-refresh-wash\/","og_site_name":"Clair","article_publisher":"https:\/\/www.facebook.com\/TrgovinaClair\/","article_modified_time":"2025-08-26T07:53:10+00:00","og_image":[{"width":2048,"height":1565,"url":"https:\/\/clair.si\/wp-content\/uploads\/2025\/07\/refresh-wash-clair.webp","type":"image\/webp"}],"twitter_card":"summary_large_image","twitter_misc":{"Procijenjeno vrijeme \u010ditanja":"1 minuta"},"schema":{"@context":"https:\/\/schema.org","@graph":[{"@type":"WebPage","@id":"https:\/\/clair.si\/hr\/izdelek\/cavalor-refresh-wash\/","url":"https:\/\/clair.si\/hr\/izdelek\/cavalor-refresh-wash\/","name":"Cavalor Refresh Wash - Clair","isPartOf":{"@id":"https:\/\/clair.si\/#website"},"primaryImageOfPage":{"@id":"https:\/\/clair.si\/hr\/izdelek\/cavalor-refresh-wash\/#primaryimage"},"image":{"@id":"https:\/\/clair.si\/hr\/izdelek\/cavalor-refresh-wash\/#primaryimage"},"thumbnailUrl":"https:\/\/clair.si\/wp-content\/uploads\/2025\/07\/refresh-wash-clair.webp","datePublished":"2025-07-22T09:20:29+00:00","dateModified":"2025-08-26T07:53:10+00:00","description":"\ud83c\udf2c\ufe0f Osvje\u017eavaju\u0107a aroma eukaliptusa \u2013 miris koji razbistruje glavu i umiruje. \ud83d\udca7 pH neutralan + provitamin B5 i glicerin \u2013 njeguje ko\u017eu i osigurava sjajnu dlaku. \ud83c\udf1f Sjaj i volumen \u2013 formula koja dlaki vra\u0107a meko\u0107u i prirodan, zavodljiv izgled.","breadcrumb":{"@id":"https:\/\/clair.si\/hr\/izdelek\/cavalor-refresh-wash\/#breadcrumb"},"inLanguage":"hr","potentialAction":[{"@type":"ReadAction","target":["https:\/\/clair.si\/hr\/izdelek\/cavalor-refresh-wash\/"]}]},{"@type":"ImageObject","inLanguage":"hr","@id":"https:\/\/clair.si\/hr\/izdelek\/cavalor-refresh-wash\/#primaryimage","url":"https:\/\/clair.si\/wp-content\/uploads\/2025\/07\/refresh-wash-clair.webp","contentUrl":"https:\/\/clair.si\/wp-content\/uploads\/2025\/07\/refresh-wash-clair.webp","width":2048,"height":1565},{"@type":"BreadcrumbList","@id":"https:\/\/clair.si\/hr\/izdelek\/cavalor-refresh-wash\/#breadcrumb","itemListElement":[{"@type":"ListItem","position":1,"name":"Home","item":"https:\/\/clair.si\/hr\/"},{"@type":"ListItem","position":2,"name":"Trgovina","item":"https:\/\/clair.si\/trgovina\/"},{"@type":"ListItem","position":3,"name":"Cavalor Refresh Wash"}]},{"@type":"WebSite","@id":"https:\/\/clair.si\/#website","url":"https:\/\/clair.si\/","name":"Clair","description":"Trgovina s konjeni\u0161ko opremo","publisher":{"@id":"https:\/\/clair.si\/#organization"},"potentialAction":[{"@type":"SearchAction","target":{"@type":"EntryPoint","urlTemplate":"https:\/\/clair.si\/?s={search_term_string}"},"query-input":{"@type":"PropertyValueSpecification","valueRequired":true,"valueName":"search_term_string"}}],"inLanguage":"hr"},{"@type":"Organization","@id":"https:\/\/clair.si\/#organization","name":"Clair","url":"https:\/\/clair.si\/","logo":{"@type":"ImageObject","inLanguage":"hr","@id":"https:\/\/clair.si\/#\/schema\/logo\/image\/","url":"https:\/\/clair.si\/wp-content\/uploads\/2022\/11\/clair_logo_2022.jpg","contentUrl":"https:\/\/clair.si\/wp-content\/uploads\/2022\/11\/clair_logo_2022.jpg","width":1920,"height":1920,"caption":"Clair"},"image":{"@id":"https:\/\/clair.si\/#\/schema\/logo\/image\/"},"sameAs":["https:\/\/www.facebook.com\/TrgovinaClair\/"]}]}},"_links":{"self":[{"href":"https:\/\/clair.si\/hr\/wp-json\/wp\/v2\/product\/92417","targetHints":{"allow":["GET"]}}],"collection":[{"href":"https:\/\/clair.si\/hr\/wp-json\/wp\/v2\/product"}],"about":[{"href":"https:\/\/clair.si\/hr\/wp-json\/wp\/v2\/types\/product"}],"version-history":[{"count":0,"href":"https:\/\/clair.si\/hr\/wp-json\/wp\/v2\/product\/92417\/revisions"}],"wp:featuredmedia":[{"embeddable":true,"href":"https:\/\/clair.si\/hr\/wp-json\/wp\/v2\/media\/92418"}],"wp:attachment":[{"href":"https:\/\/clair.si\/hr\/wp-json\/wp\/v2\/media?parent=92417"}],"wp:term":[{"taxonomy":"product_brand","embeddable":true,"href":"https:\/\/clair.si\/hr\/wp-json\/wp\/v2\/product_brand?post=92417"},{"taxonomy":"product_cat","embeddable":true,"href":"https:\/\/clair.si\/hr\/wp-json\/wp\/v2\/product_cat?post=92417"},{"taxonomy":"product_tag","embeddable":true,"href":"https:\/\/clair.si\/hr\/wp-json\/wp\/v2\/product_tag?post=92417"}],"curies":[{"name":"wp","href":"https:\/\/api.w.org\/{rel}","templated":true}]}}