{"id":92419,"date":"2025-07-22T11:10:17","date_gmt":"2025-07-22T09:10:17","guid":{"rendered":"https:\/\/clair.si\/izdelek\/cavalor-freebute-gel\/"},"modified":"2025-09-11T13:41:00","modified_gmt":"2025-09-11T11:41:00","slug":"cavalor-freebute-gel","status":"publish","type":"product","link":"https:\/\/clair.si\/hr\/izdelek\/cavalor-freebute-gel\/","title":{"rendered":"Cavalor Freebute Gel"},"content":{"rendered":"<h2 data-start=\"44\" data-end=\"104\">Cavalor FreeBute Gel \u2013 hla\u0111enje mi\u0161i\u0107a i zglobova<\/h2>\n<p data-start=\"106\" data-end=\"423\"><strong data-start=\"106\" data-end=\"130\">Cavalor FreeBute Gel<\/strong> je prirodni, brzo upijaju\u0107i rashladni gel za potporu mi\u0161i\u0107ima, tetivama i zglobovima nakon intenzivnog treninga ili ozljeda. Formula s osam eteri\u010dnih ulja osigurava brzo osvje\u017eenje, dubinsko prodiranje i osje\u0107aj topline koji poti\u010de prokrvljenost i regeneraciju.<\/p>\n<h3 data-start=\"425\" data-end=\"451\">\ud83d\udd2c Aktivni sastojci<\/h3>\n<ul data-start=\"452\" data-end=\"611\">\n<li data-start=\"452\" data-end=\"532\">\n<p data-start=\"454\" data-end=\"532\"><span class=\"relative -mx-px my-[-0.2rem] rounded px-px py-[0.2rem] transition-colors duration-100 ease-in-out\"><strong data-start=\"0\" data-end=\"19\" data-is-only-node=\"\">8 eteri\u010dnih ulja<\/strong>: me\u0111u njima eukaliptus, lavanda i \u010dajevac \u2013 hla\u0111enje, olak\u0161anje napetosti i antisepti\u010dko djelovanje<\/span><\/p>\n<\/li>\n<li data-start=\"533\" data-end=\"611\">\n<p data-start=\"535\" data-end=\"611\"><span class=\"relative -mx-px my-[-0.2rem] rounded px-px py-[0.2rem] transition-colors duration-100 ease-in-out\"><strong data-start=\"0\" data-end=\"19\" data-is-only-node=\"\">Hidrogel osnova<\/strong>: omogu\u0107uje brzo upijanje, hla\u0111enje prelazi u ugodnu toplinu koja se\u017ee duboko u tkiva<\/span><\/p>\n<\/li>\n<\/ul>\n<h3 data-start=\"613\" data-end=\"641\">\ud83d\udccb Upute za upotrebu<\/h3>\n<ul data-start=\"642\" data-end=\"971\">\n<li data-start=\"642\" data-end=\"722\">\n<p data-start=\"644\" data-end=\"722\"><span class=\"relative -mx-px my-[-0.2rem] rounded px-px py-[0.2rem] transition-colors duration-100 ease-in-out\"><strong data-start=\"0\" data-end=\"14\" data-is-only-node=\"\">Prije treninga<\/strong>: nanesite najmanje 1,5 h prije jahanja \u2013 opu\u0161ta osjetljive mi\u0161i\u0107e i tetive<\/span><\/p>\n<\/li>\n<li data-start=\"723\" data-end=\"803\">\n<p data-start=\"725\" data-end=\"803\"><span class=\"relative -mx-px my-[-0.2rem] rounded px-px py-[0.2rem] transition-colors duration-100 ease-in-out\"><strong data-start=\"0\" data-end=\"12\" data-is-only-node=\"\">Nakon treninga<\/strong>: koristite 1\u20132\u00d7 dnevno \u2013 poti\u010de prokrvljenost, ubrzava odplavljivanje metaboli\u010dkih otpadaka<\/span><\/p>\n<\/li>\n<li data-start=\"804\" data-end=\"888\">\n<p data-start=\"806\" data-end=\"888\"><span class=\"relative -mx-px my-[-0.2rem] rounded px-px py-[0.2rem] transition-colors duration-100 ease-in-out\"><strong data-start=\"0\" data-end=\"25\" data-is-only-node=\"\">Uporaba pri po\u0161kodbah<\/strong>: pogodno i za modrice i otekline, jer poma\u017ee smanjiti bol<\/span><\/p>\n<\/li>\n<li data-start=\"889\" data-end=\"971\">\n<p data-start=\"891\" data-end=\"971\"><span class=\"relative -mx-px my-[-0.2rem] rounded px-px py-[0.2rem] transition-colors duration-100 ease-in-out\"><strong data-start=\"0\" data-end=\"13\" data-is-only-node=\"\">Upozorenja<\/strong>: samo za vanjsku uporabu; zbog koncentracije eteri\u010dnih ulja izbjegavajte sunce i pokrivanje s povojima\/odje\u0107om, da ne do\u0111e do pregrijavanja<\/span><\/p>\n<\/li>\n<\/ul>\n<h3 data-start=\"973\" data-end=\"999\">\ud83e\udde0 Za\u0161to ga izabrati?<\/h3>\n<ul data-start=\"1000\" data-end=\"1276\">\n<li data-start=\"1000\" data-end=\"1080\">\n<p data-start=\"1002\" data-end=\"1080\">\u2705 <strong data-start=\"1004\" data-end=\"1038\">Prikladno hla\u0111enje i osvje\u017eenje<\/strong> \u2013 gel se brzo upija, bez ljepljivosti.<\/p>\n<\/li>\n<li data-start=\"1081\" data-end=\"1175\">\n<p data-start=\"1083\" data-end=\"1175\">\u2705 <strong data-start=\"1085\" data-end=\"1126\">Opu\u0161tanje umornih mi\u0161i\u0107a i zglobova<\/strong> \u2013 idealno nakon napornog treninga ili natjecanja.<\/p>\n<\/li>\n<li data-start=\"1176\" data-end=\"1276\">\n<p data-start=\"1178\" data-end=\"1276\">\u2705 <strong data-start=\"1180\" data-end=\"1225\">Sprje\u010dava uko\u010denost i ubrzava oporavak<\/strong> \u2013 djeluje opu\u0161taju\u0107e kao i prokrvljuju\u0107e.<\/p>\n<\/li>\n<\/ul>\n<h3 data-start=\"1603\" data-end=\"1627\">\ud83d\udecd Preporu\u010damo za:<\/h3>\n<ul data-start=\"1628\" data-end=\"1790\">\n<li data-start=\"1628\" data-end=\"1665\">\n<p data-start=\"1630\" data-end=\"1665\">Sportske konje nakon intenzivnog treninga<\/p>\n<\/li>\n<li data-start=\"1666\" data-end=\"1715\">\n<p data-start=\"1668\" data-end=\"1715\">Konje s problemima u mi\u0161i\u0107ima, tetivama ili zglobovima<\/p>\n<\/li>\n<li data-start=\"1716\" data-end=\"1790\">\n<p data-start=\"1718\" data-end=\"1790\">Vlasnike koji \u017eele prirodnu i u\u010dinkovitu njegu bez sinteti\u010dkih dodataka<\/p>\n<\/li>\n<\/ul>\n","protected":false},"excerpt":{"rendered":"<ul data-start=\"1324\" data-end=\"1596\">\n<li data-start=\"1324\" data-end=\"1408\">\n<p data-start=\"1326\" data-end=\"1408\">\ud83c\udf2c\ufe0f <strong data-start=\"1330\" data-end=\"1359\">Osam mo\u0107nih eteri\u010dnih ulja<\/strong> \u2013 hladi, ubla\u017eava bol i djeluje antisepti\u010dki<\/p>\n<\/li>\n<li data-start=\"1409\" data-end=\"1502\">\n<p data-start=\"1411\" data-end=\"1502\">\ud83e\uddca <strong data-start=\"1414\" data-end=\"1462\">Dvostruki u\u010dinak \u2013 hladi odmah, zagrijava kasnije<\/strong> \u2013 dubinsko djelovanje preko hidrogela<\/p>\n<\/li>\n<li data-start=\"1503\" data-end=\"1596\">\n<p data-start=\"1505\" data-end=\"1596\">\ud83d\udc86\u200d\u2640\ufe0f <strong data-start=\"1511\" data-end=\"1542\">Uporabu pred i po treningu<\/strong> \u2013 sprje\u010dava uko\u010denost, poma\u017ee kod modrica i oteklina<\/p>\n<\/li>\n<\/ul>\n","protected":false},"featured_media":92420,"template":"","meta":{"footnotes":""},"product_brand":[],"product_cat":[5711,5624,5677,5628,5625,5627,5680],"product_tag":[],"class_list":{"0":"post-92419","1":"product","2":"type-product","3":"status-publish","4":"has-post-thumbnail","6":"product_cat-hrana-i-prehrambeni-dodaci-cavalor","7":"product_cat-konj-hr","8":"product_cat-kozmetika-za-konje-hr-2","9":"product_cat-njega-konja-hr","10":"product_cat-njega-konja","11":"product_cat-stala-i-pasnjak","12":"product_cat-zdravlje-i-dobrobit","14":"first","15":"instock","16":"shipping-taxable","17":"purchasable","18":"product-type-simple"},"yoast_head":"<!-- This site is optimized with the Yoast SEO plugin v27.3 - https:\/\/yoast.com\/product\/yoast-seo-wordpress\/ -->\n<title>Cavalor Freebute Gel - Clair<\/title>\n<meta name=\"description\" content=\"\ud83c\udf2c\ufe0f Osam mo\u0107nih eteri\u010dnih ulja \u2013 hladi, ubla\u017eava bol i djeluje antisepti\u010dki    \ud83e\uddca Dvostruki u\u010dinak \u2013 hladi odmah, zagrijava kasnije \u2013 dubinsko djelovanje preko hidrogela    \ud83d\udc86\u200d\u2640\ufe0f Uporabu pred i po treningu \u2013 sprje\u010dava uko\u010denost, poma\u017ee kod modrica i oteklina\" \/>\n<meta name=\"robots\" content=\"index, follow, max-snippet:-1, max-image-preview:large, max-video-preview:-1\" \/>\n<link rel=\"canonical\" href=\"https:\/\/clair.si\/hr\/izdelek\/cavalor-freebute-gel\/\" \/>\n<meta property=\"og:locale\" content=\"hr_HR\" \/>\n<meta property=\"og:type\" content=\"article\" \/>\n<meta property=\"og:title\" content=\"Cavalor Freebute Gel - Clair\" \/>\n<meta property=\"og:description\" content=\"\ud83c\udf2c\ufe0f Osam mo\u0107nih eteri\u010dnih ulja \u2013 hladi, ubla\u017eava bol i djeluje antisepti\u010dki    \ud83e\uddca Dvostruki u\u010dinak \u2013 hladi odmah, zagrijava kasnije \u2013 dubinsko djelovanje preko hidrogela    \ud83d\udc86\u200d\u2640\ufe0f Uporabu pred i po treningu \u2013 sprje\u010dava uko\u010denost, poma\u017ee kod modrica i oteklina\" \/>\n<meta property=\"og:url\" content=\"https:\/\/clair.si\/hr\/izdelek\/cavalor-freebute-gel\/\" \/>\n<meta property=\"og:site_name\" content=\"Clair\" \/>\n<meta property=\"article:publisher\" content=\"https:\/\/www.facebook.com\/TrgovinaClair\/\" \/>\n<meta property=\"article:modified_time\" content=\"2025-09-11T11:41:00+00:00\" \/>\n<meta property=\"og:image\" content=\"https:\/\/clair.si\/wp-content\/uploads\/2025\/07\/freebute-gel-clair.webp\" \/>\n\t<meta property=\"og:image:width\" content=\"2048\" \/>\n\t<meta property=\"og:image:height\" content=\"1565\" \/>\n\t<meta property=\"og:image:type\" content=\"image\/webp\" \/>\n<meta name=\"twitter:card\" content=\"summary_large_image\" \/>\n<meta name=\"twitter:label1\" content=\"Procijenjeno vrijeme \u010ditanja\" \/>\n\t<meta name=\"twitter:data1\" content=\"2 minute\" \/>\n<script type=\"application\/ld+json\" class=\"yoast-schema-graph\">{\"@context\":\"https:\\\/\\\/schema.org\",\"@graph\":[{\"@type\":\"WebPage\",\"@id\":\"https:\\\/\\\/clair.si\\\/hr\\\/izdelek\\\/cavalor-freebute-gel\\\/\",\"url\":\"https:\\\/\\\/clair.si\\\/hr\\\/izdelek\\\/cavalor-freebute-gel\\\/\",\"name\":\"Cavalor Freebute Gel - Clair\",\"isPartOf\":{\"@id\":\"https:\\\/\\\/clair.si\\\/#website\"},\"primaryImageOfPage\":{\"@id\":\"https:\\\/\\\/clair.si\\\/hr\\\/izdelek\\\/cavalor-freebute-gel\\\/#primaryimage\"},\"image\":{\"@id\":\"https:\\\/\\\/clair.si\\\/hr\\\/izdelek\\\/cavalor-freebute-gel\\\/#primaryimage\"},\"thumbnailUrl\":\"https:\\\/\\\/clair.si\\\/wp-content\\\/uploads\\\/2025\\\/07\\\/freebute-gel-clair.webp\",\"datePublished\":\"2025-07-22T09:10:17+00:00\",\"dateModified\":\"2025-09-11T11:41:00+00:00\",\"description\":\"\ud83c\udf2c\ufe0f Osam mo\u0107nih eteri\u010dnih ulja \u2013 hladi, ubla\u017eava bol i djeluje antisepti\u010dki \ud83e\uddca Dvostruki u\u010dinak \u2013 hladi odmah, zagrijava kasnije \u2013 dubinsko djelovanje preko hidrogela \ud83d\udc86\u200d\u2640\ufe0f Uporabu pred i po treningu \u2013 sprje\u010dava uko\u010denost, poma\u017ee kod modrica i oteklina\",\"breadcrumb\":{\"@id\":\"https:\\\/\\\/clair.si\\\/hr\\\/izdelek\\\/cavalor-freebute-gel\\\/#breadcrumb\"},\"inLanguage\":\"hr\",\"potentialAction\":[{\"@type\":\"ReadAction\",\"target\":[\"https:\\\/\\\/clair.si\\\/hr\\\/izdelek\\\/cavalor-freebute-gel\\\/\"]}]},{\"@type\":\"ImageObject\",\"inLanguage\":\"hr\",\"@id\":\"https:\\\/\\\/clair.si\\\/hr\\\/izdelek\\\/cavalor-freebute-gel\\\/#primaryimage\",\"url\":\"https:\\\/\\\/clair.si\\\/wp-content\\\/uploads\\\/2025\\\/07\\\/freebute-gel-clair.webp\",\"contentUrl\":\"https:\\\/\\\/clair.si\\\/wp-content\\\/uploads\\\/2025\\\/07\\\/freebute-gel-clair.webp\",\"width\":2048,\"height\":1565},{\"@type\":\"BreadcrumbList\",\"@id\":\"https:\\\/\\\/clair.si\\\/hr\\\/izdelek\\\/cavalor-freebute-gel\\\/#breadcrumb\",\"itemListElement\":[{\"@type\":\"ListItem\",\"position\":1,\"name\":\"Home\",\"item\":\"https:\\\/\\\/clair.si\\\/hr\\\/\"},{\"@type\":\"ListItem\",\"position\":2,\"name\":\"Trgovina\",\"item\":\"https:\\\/\\\/clair.si\\\/trgovina\\\/\"},{\"@type\":\"ListItem\",\"position\":3,\"name\":\"Cavalor Freebute Gel\"}]},{\"@type\":\"WebSite\",\"@id\":\"https:\\\/\\\/clair.si\\\/#website\",\"url\":\"https:\\\/\\\/clair.si\\\/\",\"name\":\"Clair\",\"description\":\"Trgovina s konjeni\u0161ko opremo\",\"publisher\":{\"@id\":\"https:\\\/\\\/clair.si\\\/#organization\"},\"potentialAction\":[{\"@type\":\"SearchAction\",\"target\":{\"@type\":\"EntryPoint\",\"urlTemplate\":\"https:\\\/\\\/clair.si\\\/?s={search_term_string}\"},\"query-input\":{\"@type\":\"PropertyValueSpecification\",\"valueRequired\":true,\"valueName\":\"search_term_string\"}}],\"inLanguage\":\"hr\"},{\"@type\":\"Organization\",\"@id\":\"https:\\\/\\\/clair.si\\\/#organization\",\"name\":\"Clair\",\"url\":\"https:\\\/\\\/clair.si\\\/\",\"logo\":{\"@type\":\"ImageObject\",\"inLanguage\":\"hr\",\"@id\":\"https:\\\/\\\/clair.si\\\/#\\\/schema\\\/logo\\\/image\\\/\",\"url\":\"https:\\\/\\\/clair.si\\\/wp-content\\\/uploads\\\/2022\\\/11\\\/clair_logo_2022.jpg\",\"contentUrl\":\"https:\\\/\\\/clair.si\\\/wp-content\\\/uploads\\\/2022\\\/11\\\/clair_logo_2022.jpg\",\"width\":1920,\"height\":1920,\"caption\":\"Clair\"},\"image\":{\"@id\":\"https:\\\/\\\/clair.si\\\/#\\\/schema\\\/logo\\\/image\\\/\"},\"sameAs\":[\"https:\\\/\\\/www.facebook.com\\\/TrgovinaClair\\\/\"]}]}<\/script>\n<!-- \/ Yoast SEO plugin. -->","yoast_head_json":{"title":"Cavalor Freebute Gel - Clair","description":"\ud83c\udf2c\ufe0f Osam mo\u0107nih eteri\u010dnih ulja \u2013 hladi, ubla\u017eava bol i djeluje antisepti\u010dki    \ud83e\uddca Dvostruki u\u010dinak \u2013 hladi odmah, zagrijava kasnije \u2013 dubinsko djelovanje preko hidrogela    \ud83d\udc86\u200d\u2640\ufe0f Uporabu pred i po treningu \u2013 sprje\u010dava uko\u010denost, poma\u017ee kod modrica i oteklina","robots":{"index":"index","follow":"follow","max-snippet":"max-snippet:-1","max-image-preview":"max-image-preview:large","max-video-preview":"max-video-preview:-1"},"canonical":"https:\/\/clair.si\/hr\/izdelek\/cavalor-freebute-gel\/","og_locale":"hr_HR","og_type":"article","og_title":"Cavalor Freebute Gel - Clair","og_description":"\ud83c\udf2c\ufe0f Osam mo\u0107nih eteri\u010dnih ulja \u2013 hladi, ubla\u017eava bol i djeluje antisepti\u010dki    \ud83e\uddca Dvostruki u\u010dinak \u2013 hladi odmah, zagrijava kasnije \u2013 dubinsko djelovanje preko hidrogela    \ud83d\udc86\u200d\u2640\ufe0f Uporabu pred i po treningu \u2013 sprje\u010dava uko\u010denost, poma\u017ee kod modrica i oteklina","og_url":"https:\/\/clair.si\/hr\/izdelek\/cavalor-freebute-gel\/","og_site_name":"Clair","article_publisher":"https:\/\/www.facebook.com\/TrgovinaClair\/","article_modified_time":"2025-09-11T11:41:00+00:00","og_image":[{"width":2048,"height":1565,"url":"https:\/\/clair.si\/wp-content\/uploads\/2025\/07\/freebute-gel-clair.webp","type":"image\/webp"}],"twitter_card":"summary_large_image","twitter_misc":{"Procijenjeno vrijeme \u010ditanja":"2 minute"},"schema":{"@context":"https:\/\/schema.org","@graph":[{"@type":"WebPage","@id":"https:\/\/clair.si\/hr\/izdelek\/cavalor-freebute-gel\/","url":"https:\/\/clair.si\/hr\/izdelek\/cavalor-freebute-gel\/","name":"Cavalor Freebute Gel - Clair","isPartOf":{"@id":"https:\/\/clair.si\/#website"},"primaryImageOfPage":{"@id":"https:\/\/clair.si\/hr\/izdelek\/cavalor-freebute-gel\/#primaryimage"},"image":{"@id":"https:\/\/clair.si\/hr\/izdelek\/cavalor-freebute-gel\/#primaryimage"},"thumbnailUrl":"https:\/\/clair.si\/wp-content\/uploads\/2025\/07\/freebute-gel-clair.webp","datePublished":"2025-07-22T09:10:17+00:00","dateModified":"2025-09-11T11:41:00+00:00","description":"\ud83c\udf2c\ufe0f Osam mo\u0107nih eteri\u010dnih ulja \u2013 hladi, ubla\u017eava bol i djeluje antisepti\u010dki \ud83e\uddca Dvostruki u\u010dinak \u2013 hladi odmah, zagrijava kasnije \u2013 dubinsko djelovanje preko hidrogela \ud83d\udc86\u200d\u2640\ufe0f Uporabu pred i po treningu \u2013 sprje\u010dava uko\u010denost, poma\u017ee kod modrica i oteklina","breadcrumb":{"@id":"https:\/\/clair.si\/hr\/izdelek\/cavalor-freebute-gel\/#breadcrumb"},"inLanguage":"hr","potentialAction":[{"@type":"ReadAction","target":["https:\/\/clair.si\/hr\/izdelek\/cavalor-freebute-gel\/"]}]},{"@type":"ImageObject","inLanguage":"hr","@id":"https:\/\/clair.si\/hr\/izdelek\/cavalor-freebute-gel\/#primaryimage","url":"https:\/\/clair.si\/wp-content\/uploads\/2025\/07\/freebute-gel-clair.webp","contentUrl":"https:\/\/clair.si\/wp-content\/uploads\/2025\/07\/freebute-gel-clair.webp","width":2048,"height":1565},{"@type":"BreadcrumbList","@id":"https:\/\/clair.si\/hr\/izdelek\/cavalor-freebute-gel\/#breadcrumb","itemListElement":[{"@type":"ListItem","position":1,"name":"Home","item":"https:\/\/clair.si\/hr\/"},{"@type":"ListItem","position":2,"name":"Trgovina","item":"https:\/\/clair.si\/trgovina\/"},{"@type":"ListItem","position":3,"name":"Cavalor Freebute Gel"}]},{"@type":"WebSite","@id":"https:\/\/clair.si\/#website","url":"https:\/\/clair.si\/","name":"Clair","description":"Trgovina s konjeni\u0161ko opremo","publisher":{"@id":"https:\/\/clair.si\/#organization"},"potentialAction":[{"@type":"SearchAction","target":{"@type":"EntryPoint","urlTemplate":"https:\/\/clair.si\/?s={search_term_string}"},"query-input":{"@type":"PropertyValueSpecification","valueRequired":true,"valueName":"search_term_string"}}],"inLanguage":"hr"},{"@type":"Organization","@id":"https:\/\/clair.si\/#organization","name":"Clair","url":"https:\/\/clair.si\/","logo":{"@type":"ImageObject","inLanguage":"hr","@id":"https:\/\/clair.si\/#\/schema\/logo\/image\/","url":"https:\/\/clair.si\/wp-content\/uploads\/2022\/11\/clair_logo_2022.jpg","contentUrl":"https:\/\/clair.si\/wp-content\/uploads\/2022\/11\/clair_logo_2022.jpg","width":1920,"height":1920,"caption":"Clair"},"image":{"@id":"https:\/\/clair.si\/#\/schema\/logo\/image\/"},"sameAs":["https:\/\/www.facebook.com\/TrgovinaClair\/"]}]}},"_links":{"self":[{"href":"https:\/\/clair.si\/hr\/wp-json\/wp\/v2\/product\/92419","targetHints":{"allow":["GET"]}}],"collection":[{"href":"https:\/\/clair.si\/hr\/wp-json\/wp\/v2\/product"}],"about":[{"href":"https:\/\/clair.si\/hr\/wp-json\/wp\/v2\/types\/product"}],"version-history":[{"count":0,"href":"https:\/\/clair.si\/hr\/wp-json\/wp\/v2\/product\/92419\/revisions"}],"wp:featuredmedia":[{"embeddable":true,"href":"https:\/\/clair.si\/hr\/wp-json\/wp\/v2\/media\/92420"}],"wp:attachment":[{"href":"https:\/\/clair.si\/hr\/wp-json\/wp\/v2\/media?parent=92419"}],"wp:term":[{"taxonomy":"product_brand","embeddable":true,"href":"https:\/\/clair.si\/hr\/wp-json\/wp\/v2\/product_brand?post=92419"},{"taxonomy":"product_cat","embeddable":true,"href":"https:\/\/clair.si\/hr\/wp-json\/wp\/v2\/product_cat?post=92419"},{"taxonomy":"product_tag","embeddable":true,"href":"https:\/\/clair.si\/hr\/wp-json\/wp\/v2\/product_tag?post=92419"}],"curies":[{"name":"wp","href":"https:\/\/api.w.org\/{rel}","templated":true}]}}