{"id":92421,"date":"2025-07-22T10:52:08","date_gmt":"2025-07-22T08:52:08","guid":{"rendered":"https:\/\/clair.si\/izdelek\/cavalor-muscle-cooler\/"},"modified":"2025-08-26T10:00:57","modified_gmt":"2025-08-26T08:00:57","slug":"cavalor-muscle-cooler","status":"publish","type":"product","link":"https:\/\/clair.si\/hr\/izdelek\/cavalor-muscle-cooler\/","title":{"rendered":"Cavalor Muscle Cooler"},"content":{"rendered":"<h2 data-start=\"44\" data-end=\"129\">Cavalor Muscle Cooler \u2013 Premium gel za brzu regeneraciju mi\u0161i\u0107a, tetiva i zglobova \ud83e\udd0d<\/h2>\n<p data-start=\"131\" data-end=\"416\"><strong data-start=\"131\" data-end=\"156\">Cavalor Muscle Cooler<\/strong> je vrhunski rashladni gel, dizajniran za u\u010dinkovit i nje\u017ean oporavak nakon treninga ili natjecanja. Jedinstvena mje\u0161avina eteri\u010dnih ulja omogu\u0107uje sinergijsko hla\u0111enje, opu\u0161tanje i ubla\u017eavanje bolova \u2013 kako za konja, tako i za jaha\u010da. <\/p>\n<h3 data-start=\"418\" data-end=\"442\">\ud83d\udd2c Aktivni sastojci<\/h3>\n<ul data-start=\"443\" data-end=\"760\">\n<li data-start=\"443\" data-end=\"522\">\n<p data-start=\"445\" data-end=\"522\"><span class=\"relative -mx-px my-[-0.2rem] rounded px-px py-[0.2rem] transition-colors duration-100 ease-in-out\"><strong data-start=\"0\" data-end=\"10\" data-is-only-node=\"\">Mentol<\/strong> \u2013 djeluje rashla\u0111uju\u0107e i ubla\u017eava osje\u0107aj boli<\/span><\/p>\n<\/li>\n<li data-start=\"523\" data-end=\"602\">\n<p data-start=\"525\" data-end=\"602\"><span class=\"relative -mx-px my-[-0.2rem] rounded px-px py-[0.2rem] transition-colors duration-100 ease-in-out\"><strong data-start=\"0\" data-end=\"12\" data-is-only-node=\"\">Majarona<\/strong> \u2013 opu\u0161ta napete mi\u0161i\u0107e i tetive<\/span><\/p>\n<\/li>\n<li data-start=\"603\" data-end=\"682\">\n<p data-start=\"605\" data-end=\"682\"><span class=\"relative -mx-px my-[-0.2rem] rounded px-px py-[0.2rem] transition-colors duration-100 ease-in-out\"><strong data-start=\"0\" data-end=\"14\" data-is-only-node=\"\">Eukaliptus<\/strong> \u2013 pospje\u0161uje cirkulaciju i djeluje protuupalno<\/span><\/p>\n<\/li>\n<li data-start=\"683\" data-end=\"760\">\n<p data-start=\"685\" data-end=\"760\"><span class=\"relative -mx-px my-[-0.2rem] rounded px-px py-[0.2rem] transition-colors duration-100 ease-in-out\"><strong data-start=\"0\" data-end=\"37\" data-is-only-node=\"\">Posebna kombinacija eteri\u010dnih ulja<\/strong> \u2013 stvara sinergijsko hla\u0111enje i ubla\u017eavanje bolova<\/span><\/p>\n<\/li>\n<\/ul>\n<ol data-start=\"792\" data-end=\"1133\">\n<li data-start=\"792\" data-end=\"877\">\n<p data-start=\"795\" data-end=\"877\"><span class=\"relative -mx-px my-[-0.2rem] rounded px-px py-[0.2rem] transition-colors duration-100 ease-in-out\">Koristite nakon napornog treninga: nje\u017eno umasirajte tanak sloj gela na mi\u0161i\u0107e i tetive na nogama ili le\u0111ima<\/span><\/p>\n<\/li>\n<li data-start=\"878\" data-end=\"963\">\n<p data-start=\"881\" data-end=\"963\"><span class=\"relative -mx-px my-[-0.2rem] rounded px-px py-[0.2rem] transition-colors duration-100 ease-in-out\">Gel je kompatibilan s zavojima \u2013 za intenzivan u\u010dinak hla\u0111enja koristite i zavoje<\/span><\/p>\n<\/li>\n<li data-start=\"964\" data-end=\"1049\">\n<p data-start=\"967\" data-end=\"1049\"><span class=\"relative -mx-px my-[-0.2rem] rounded px-px py-[0.2rem] transition-colors duration-100 ease-in-out\">Pogodno i za jaha\u010da: nakon treninga nanesite na umorne mi\u0161i\u0107e kako biste sprije\u010dili jutarnju uko\u010denost ili bol<\/span><\/p>\n<\/li>\n<li data-start=\"964\" data-end=\"1049\">\n<p data-start=\"967\" data-end=\"1049\"><span class=\"relative -mx-px my-[-0.2rem] rounded px-px py-[0.2rem] transition-colors duration-100 ease-in-out\">Upozorenja: ne nanositi na upaljenu, ozlije\u0111enu ko\u017eu ili ko\u017eu s modricama; za vanjsku uporabu<\/span><\/p>\n<\/li>\n<\/ol>\n<h3 data-start=\"1135\" data-end=\"1170\">\ud83e\uddca Za\u0161to odabrati Muscle Cooler?<\/h3>\n<ul data-start=\"1171\" data-end=\"1411\">\n<li data-start=\"1171\" data-end=\"1214\">\n<p data-start=\"1173\" data-end=\"1214\"><span class=\"relative -mx-px my-[-0.2rem] rounded px-px py-[0.2rem] transition-colors duration-100 ease-in-out\">\ud83d\ude0c <strong data-start=\"3\" data-end=\"30\">Trenutni u\u010dinak hla\u0111enja<\/strong> \u2013 mentol i eteri\u010dna ulja hlade i opu\u0161taju mi\u0161i\u0107e i tetive<\/span><\/p>\n<\/li>\n<li data-start=\"1215\" data-end=\"1298\">\n<p data-start=\"1217\" data-end=\"1298\"><span class=\"relative -mx-px my-[-0.2rem] rounded px-px py-[0.2rem] transition-colors duration-100 ease-in-out\">\ud83e\uddea <strong data-start=\"3\" data-end=\"25\">Znanstveno potkrijepljeno<\/strong> \u2013 sinergijsko hla\u0111enje ubrzava razgradnju laktata i sprje\u010dava ozljede<\/span><\/p>\n<\/li>\n<li data-start=\"1215\" data-end=\"1298\">\n<p data-start=\"1217\" data-end=\"1298\">\ud83d\udc4c <strong data-start=\"1304\" data-end=\"1322\">Dvostruka upotreba<\/strong> \u2013 pogodan t<strong>ako za konja, kao i za jaha\u010da<\/strong>; ekonomi\u010dna i prakti\u010dna opcija za cijeli tim<\/p>\n<\/li>\n<\/ul>\n<h3 data-start=\"1694\" data-end=\"1716\">  Preporu\u010dujemo za:<\/h3>\n<ul data-start=\"1717\" data-end=\"1895\">\n<li data-start=\"1717\" data-end=\"1776\">\n<p data-start=\"1719\" data-end=\"1776\">Profesionalne i sportske konje nakon intenzivnih treninga<\/p>\n<\/li>\n<li data-start=\"1777\" data-end=\"1825\">\n<p data-start=\"1779\" data-end=\"1825\">Jaha\u010de koji tra\u017ee prirodno osvje\u017eenje nakon vje\u017ebanja<\/p>\n<\/li>\n<li data-start=\"1826\" data-end=\"1895\">\n<p data-start=\"1828\" data-end=\"1895\">Sve koji \u017eele kombiniranu njegu \u2013 u\u010dinkovito i bez kemikalija<\/p>\n<\/li>\n<\/ul>\n","protected":false},"excerpt":{"rendered":"<ul>\n<li data-start=\"1465\" data-end=\"1537\">\n<p data-start=\"1467\" data-end=\"1537\">\ud83c\udf00 <strong data-start=\"1470\" data-end=\"1535\">Osvje\u017eavaju\u0107i rashladni gel s mentolom, ma\u017euranom i eukaliptusom<\/strong><\/p>\n<\/li>\n<li data-start=\"1538\" data-end=\"1607\">\n<p data-start=\"1540\" data-end=\"1607\">\u26a1 <strong data-start=\"1542\" data-end=\"1605\">Podr\u017eava br\u017eu regeneraciju i sprje\u010dava jutarnju zategnutost mi\u0161i\u0107a<\/strong><\/p>\n<\/li>\n<li data-start=\"1538\" data-end=\"1607\">\n<p data-start=\"1540\" data-end=\"1607\">\ud83d\udc34 <strong data-start=\"1613\" data-end=\"1687\">Pogodan za konje i jaha\u010de \u2013 idealno za kupaonice i natjecateljske torbe<\/strong><\/p>\n<\/li>\n<\/ul>\n","protected":false},"featured_media":92422,"template":"","meta":{"footnotes":""},"product_brand":[],"product_cat":[5711,5657,5677,5625,5628,5627,5680],"product_tag":[],"class_list":{"0":"post-92421","1":"product","2":"type-product","3":"status-publish","4":"has-post-thumbnail","6":"product_cat-hrana-i-prehrambeni-dodaci-cavalor","7":"product_cat-kategorije-hr","8":"product_cat-kozmetika-za-konje-hr-2","9":"product_cat-njega-konja","10":"product_cat-njega-konja-hr","11":"product_cat-stala-i-pasnjak","12":"product_cat-zdravlje-i-dobrobit","14":"first","15":"instock","16":"shipping-taxable","17":"purchasable","18":"product-type-simple"},"yoast_head":"<!-- This site is optimized with the Yoast SEO plugin v27.3 - https:\/\/yoast.com\/product\/yoast-seo-wordpress\/ -->\n<title>Cavalor Muscle Cooler - Clair<\/title>\n<meta name=\"description\" content=\"\ud83c\udf00 Osvje\u017eavaju\u0107i rashladni gel s mentolom, ma\u017euranom i eukaliptusom    \u26a1 Podr\u017eava br\u017eu regeneraciju i sprje\u010dava jutarnju zategnutost mi\u0161i\u0107a    \ud83d\udc34 Pogodan za konje i jaha\u010de \u2013 idealno za kupaonice i natjecateljske torbe\" \/>\n<meta name=\"robots\" content=\"index, follow, max-snippet:-1, max-image-preview:large, max-video-preview:-1\" \/>\n<link rel=\"canonical\" href=\"https:\/\/clair.si\/hr\/izdelek\/cavalor-muscle-cooler\/\" \/>\n<meta property=\"og:locale\" content=\"hr_HR\" \/>\n<meta property=\"og:type\" content=\"article\" \/>\n<meta property=\"og:title\" content=\"Cavalor Muscle Cooler - Clair\" \/>\n<meta property=\"og:description\" content=\"\ud83c\udf00 Osvje\u017eavaju\u0107i rashladni gel s mentolom, ma\u017euranom i eukaliptusom    \u26a1 Podr\u017eava br\u017eu regeneraciju i sprje\u010dava jutarnju zategnutost mi\u0161i\u0107a    \ud83d\udc34 Pogodan za konje i jaha\u010de \u2013 idealno za kupaonice i natjecateljske torbe\" \/>\n<meta property=\"og:url\" content=\"https:\/\/clair.si\/hr\/izdelek\/cavalor-muscle-cooler\/\" \/>\n<meta property=\"og:site_name\" content=\"Clair\" \/>\n<meta property=\"article:publisher\" content=\"https:\/\/www.facebook.com\/TrgovinaClair\/\" \/>\n<meta property=\"article:modified_time\" content=\"2025-08-26T08:00:57+00:00\" \/>\n<meta property=\"og:image\" content=\"https:\/\/clair.si\/wp-content\/uploads\/2025\/07\/muscecooler-cavalor.webp\" \/>\n\t<meta property=\"og:image:width\" content=\"2048\" \/>\n\t<meta property=\"og:image:height\" content=\"1565\" \/>\n\t<meta property=\"og:image:type\" content=\"image\/webp\" \/>\n<meta name=\"twitter:card\" content=\"summary_large_image\" \/>\n<meta name=\"twitter:label1\" content=\"Procijenjeno vrijeme \u010ditanja\" \/>\n\t<meta name=\"twitter:data1\" content=\"1 minuta\" \/>\n<script type=\"application\/ld+json\" class=\"yoast-schema-graph\">{\"@context\":\"https:\\\/\\\/schema.org\",\"@graph\":[{\"@type\":\"WebPage\",\"@id\":\"https:\\\/\\\/clair.si\\\/hr\\\/izdelek\\\/cavalor-muscle-cooler\\\/\",\"url\":\"https:\\\/\\\/clair.si\\\/hr\\\/izdelek\\\/cavalor-muscle-cooler\\\/\",\"name\":\"Cavalor Muscle Cooler - Clair\",\"isPartOf\":{\"@id\":\"https:\\\/\\\/clair.si\\\/#website\"},\"primaryImageOfPage\":{\"@id\":\"https:\\\/\\\/clair.si\\\/hr\\\/izdelek\\\/cavalor-muscle-cooler\\\/#primaryimage\"},\"image\":{\"@id\":\"https:\\\/\\\/clair.si\\\/hr\\\/izdelek\\\/cavalor-muscle-cooler\\\/#primaryimage\"},\"thumbnailUrl\":\"https:\\\/\\\/clair.si\\\/wp-content\\\/uploads\\\/2025\\\/07\\\/muscecooler-cavalor.webp\",\"datePublished\":\"2025-07-22T08:52:08+00:00\",\"dateModified\":\"2025-08-26T08:00:57+00:00\",\"description\":\"\ud83c\udf00 Osvje\u017eavaju\u0107i rashladni gel s mentolom, ma\u017euranom i eukaliptusom \u26a1 Podr\u017eava br\u017eu regeneraciju i sprje\u010dava jutarnju zategnutost mi\u0161i\u0107a \ud83d\udc34 Pogodan za konje i jaha\u010de \u2013 idealno za kupaonice i natjecateljske torbe\",\"breadcrumb\":{\"@id\":\"https:\\\/\\\/clair.si\\\/hr\\\/izdelek\\\/cavalor-muscle-cooler\\\/#breadcrumb\"},\"inLanguage\":\"hr\",\"potentialAction\":[{\"@type\":\"ReadAction\",\"target\":[\"https:\\\/\\\/clair.si\\\/hr\\\/izdelek\\\/cavalor-muscle-cooler\\\/\"]}]},{\"@type\":\"ImageObject\",\"inLanguage\":\"hr\",\"@id\":\"https:\\\/\\\/clair.si\\\/hr\\\/izdelek\\\/cavalor-muscle-cooler\\\/#primaryimage\",\"url\":\"https:\\\/\\\/clair.si\\\/wp-content\\\/uploads\\\/2025\\\/07\\\/muscecooler-cavalor.webp\",\"contentUrl\":\"https:\\\/\\\/clair.si\\\/wp-content\\\/uploads\\\/2025\\\/07\\\/muscecooler-cavalor.webp\",\"width\":2048,\"height\":1565},{\"@type\":\"BreadcrumbList\",\"@id\":\"https:\\\/\\\/clair.si\\\/hr\\\/izdelek\\\/cavalor-muscle-cooler\\\/#breadcrumb\",\"itemListElement\":[{\"@type\":\"ListItem\",\"position\":1,\"name\":\"Home\",\"item\":\"https:\\\/\\\/clair.si\\\/hr\\\/\"},{\"@type\":\"ListItem\",\"position\":2,\"name\":\"Trgovina\",\"item\":\"https:\\\/\\\/clair.si\\\/trgovina\\\/\"},{\"@type\":\"ListItem\",\"position\":3,\"name\":\"Cavalor Muscle Cooler\"}]},{\"@type\":\"WebSite\",\"@id\":\"https:\\\/\\\/clair.si\\\/#website\",\"url\":\"https:\\\/\\\/clair.si\\\/\",\"name\":\"Clair\",\"description\":\"Trgovina s konjeni\u0161ko opremo\",\"publisher\":{\"@id\":\"https:\\\/\\\/clair.si\\\/#organization\"},\"potentialAction\":[{\"@type\":\"SearchAction\",\"target\":{\"@type\":\"EntryPoint\",\"urlTemplate\":\"https:\\\/\\\/clair.si\\\/?s={search_term_string}\"},\"query-input\":{\"@type\":\"PropertyValueSpecification\",\"valueRequired\":true,\"valueName\":\"search_term_string\"}}],\"inLanguage\":\"hr\"},{\"@type\":\"Organization\",\"@id\":\"https:\\\/\\\/clair.si\\\/#organization\",\"name\":\"Clair\",\"url\":\"https:\\\/\\\/clair.si\\\/\",\"logo\":{\"@type\":\"ImageObject\",\"inLanguage\":\"hr\",\"@id\":\"https:\\\/\\\/clair.si\\\/#\\\/schema\\\/logo\\\/image\\\/\",\"url\":\"https:\\\/\\\/clair.si\\\/wp-content\\\/uploads\\\/2022\\\/11\\\/clair_logo_2022.jpg\",\"contentUrl\":\"https:\\\/\\\/clair.si\\\/wp-content\\\/uploads\\\/2022\\\/11\\\/clair_logo_2022.jpg\",\"width\":1920,\"height\":1920,\"caption\":\"Clair\"},\"image\":{\"@id\":\"https:\\\/\\\/clair.si\\\/#\\\/schema\\\/logo\\\/image\\\/\"},\"sameAs\":[\"https:\\\/\\\/www.facebook.com\\\/TrgovinaClair\\\/\"]}]}<\/script>\n<!-- \/ Yoast SEO plugin. -->","yoast_head_json":{"title":"Cavalor Muscle Cooler - Clair","description":"\ud83c\udf00 Osvje\u017eavaju\u0107i rashladni gel s mentolom, ma\u017euranom i eukaliptusom    \u26a1 Podr\u017eava br\u017eu regeneraciju i sprje\u010dava jutarnju zategnutost mi\u0161i\u0107a    \ud83d\udc34 Pogodan za konje i jaha\u010de \u2013 idealno za kupaonice i natjecateljske torbe","robots":{"index":"index","follow":"follow","max-snippet":"max-snippet:-1","max-image-preview":"max-image-preview:large","max-video-preview":"max-video-preview:-1"},"canonical":"https:\/\/clair.si\/hr\/izdelek\/cavalor-muscle-cooler\/","og_locale":"hr_HR","og_type":"article","og_title":"Cavalor Muscle Cooler - Clair","og_description":"\ud83c\udf00 Osvje\u017eavaju\u0107i rashladni gel s mentolom, ma\u017euranom i eukaliptusom    \u26a1 Podr\u017eava br\u017eu regeneraciju i sprje\u010dava jutarnju zategnutost mi\u0161i\u0107a    \ud83d\udc34 Pogodan za konje i jaha\u010de \u2013 idealno za kupaonice i natjecateljske torbe","og_url":"https:\/\/clair.si\/hr\/izdelek\/cavalor-muscle-cooler\/","og_site_name":"Clair","article_publisher":"https:\/\/www.facebook.com\/TrgovinaClair\/","article_modified_time":"2025-08-26T08:00:57+00:00","og_image":[{"width":2048,"height":1565,"url":"https:\/\/clair.si\/wp-content\/uploads\/2025\/07\/muscecooler-cavalor.webp","type":"image\/webp"}],"twitter_card":"summary_large_image","twitter_misc":{"Procijenjeno vrijeme \u010ditanja":"1 minuta"},"schema":{"@context":"https:\/\/schema.org","@graph":[{"@type":"WebPage","@id":"https:\/\/clair.si\/hr\/izdelek\/cavalor-muscle-cooler\/","url":"https:\/\/clair.si\/hr\/izdelek\/cavalor-muscle-cooler\/","name":"Cavalor Muscle Cooler - Clair","isPartOf":{"@id":"https:\/\/clair.si\/#website"},"primaryImageOfPage":{"@id":"https:\/\/clair.si\/hr\/izdelek\/cavalor-muscle-cooler\/#primaryimage"},"image":{"@id":"https:\/\/clair.si\/hr\/izdelek\/cavalor-muscle-cooler\/#primaryimage"},"thumbnailUrl":"https:\/\/clair.si\/wp-content\/uploads\/2025\/07\/muscecooler-cavalor.webp","datePublished":"2025-07-22T08:52:08+00:00","dateModified":"2025-08-26T08:00:57+00:00","description":"\ud83c\udf00 Osvje\u017eavaju\u0107i rashladni gel s mentolom, ma\u017euranom i eukaliptusom \u26a1 Podr\u017eava br\u017eu regeneraciju i sprje\u010dava jutarnju zategnutost mi\u0161i\u0107a \ud83d\udc34 Pogodan za konje i jaha\u010de \u2013 idealno za kupaonice i natjecateljske torbe","breadcrumb":{"@id":"https:\/\/clair.si\/hr\/izdelek\/cavalor-muscle-cooler\/#breadcrumb"},"inLanguage":"hr","potentialAction":[{"@type":"ReadAction","target":["https:\/\/clair.si\/hr\/izdelek\/cavalor-muscle-cooler\/"]}]},{"@type":"ImageObject","inLanguage":"hr","@id":"https:\/\/clair.si\/hr\/izdelek\/cavalor-muscle-cooler\/#primaryimage","url":"https:\/\/clair.si\/wp-content\/uploads\/2025\/07\/muscecooler-cavalor.webp","contentUrl":"https:\/\/clair.si\/wp-content\/uploads\/2025\/07\/muscecooler-cavalor.webp","width":2048,"height":1565},{"@type":"BreadcrumbList","@id":"https:\/\/clair.si\/hr\/izdelek\/cavalor-muscle-cooler\/#breadcrumb","itemListElement":[{"@type":"ListItem","position":1,"name":"Home","item":"https:\/\/clair.si\/hr\/"},{"@type":"ListItem","position":2,"name":"Trgovina","item":"https:\/\/clair.si\/trgovina\/"},{"@type":"ListItem","position":3,"name":"Cavalor Muscle Cooler"}]},{"@type":"WebSite","@id":"https:\/\/clair.si\/#website","url":"https:\/\/clair.si\/","name":"Clair","description":"Trgovina s konjeni\u0161ko opremo","publisher":{"@id":"https:\/\/clair.si\/#organization"},"potentialAction":[{"@type":"SearchAction","target":{"@type":"EntryPoint","urlTemplate":"https:\/\/clair.si\/?s={search_term_string}"},"query-input":{"@type":"PropertyValueSpecification","valueRequired":true,"valueName":"search_term_string"}}],"inLanguage":"hr"},{"@type":"Organization","@id":"https:\/\/clair.si\/#organization","name":"Clair","url":"https:\/\/clair.si\/","logo":{"@type":"ImageObject","inLanguage":"hr","@id":"https:\/\/clair.si\/#\/schema\/logo\/image\/","url":"https:\/\/clair.si\/wp-content\/uploads\/2022\/11\/clair_logo_2022.jpg","contentUrl":"https:\/\/clair.si\/wp-content\/uploads\/2022\/11\/clair_logo_2022.jpg","width":1920,"height":1920,"caption":"Clair"},"image":{"@id":"https:\/\/clair.si\/#\/schema\/logo\/image\/"},"sameAs":["https:\/\/www.facebook.com\/TrgovinaClair\/"]}]}},"_links":{"self":[{"href":"https:\/\/clair.si\/hr\/wp-json\/wp\/v2\/product\/92421","targetHints":{"allow":["GET"]}}],"collection":[{"href":"https:\/\/clair.si\/hr\/wp-json\/wp\/v2\/product"}],"about":[{"href":"https:\/\/clair.si\/hr\/wp-json\/wp\/v2\/types\/product"}],"version-history":[{"count":0,"href":"https:\/\/clair.si\/hr\/wp-json\/wp\/v2\/product\/92421\/revisions"}],"wp:featuredmedia":[{"embeddable":true,"href":"https:\/\/clair.si\/hr\/wp-json\/wp\/v2\/media\/92422"}],"wp:attachment":[{"href":"https:\/\/clair.si\/hr\/wp-json\/wp\/v2\/media?parent=92421"}],"wp:term":[{"taxonomy":"product_brand","embeddable":true,"href":"https:\/\/clair.si\/hr\/wp-json\/wp\/v2\/product_brand?post=92421"},{"taxonomy":"product_cat","embeddable":true,"href":"https:\/\/clair.si\/hr\/wp-json\/wp\/v2\/product_cat?post=92421"},{"taxonomy":"product_tag","embeddable":true,"href":"https:\/\/clair.si\/hr\/wp-json\/wp\/v2\/product_tag?post=92421"}],"curies":[{"name":"wp","href":"https:\/\/api.w.org\/{rel}","templated":true}]}}