{"id":92423,"date":"2025-07-21T13:09:41","date_gmt":"2025-07-21T11:09:41","guid":{"rendered":"https:\/\/clair.si\/izdelek\/cavalor-artitec\/"},"modified":"2025-09-01T00:47:26","modified_gmt":"2025-08-31T22:47:26","slug":"cavalor-artitec","status":"publish","type":"product","link":"https:\/\/clair.si\/hr\/izdelek\/cavalor-artitec\/","title":{"rendered":"Cavalor ArtiTec"},"content":{"rendered":"<h2 data-start=\"44\" data-end=\"129\">Cavalor Artitec \u2013 teku\u0107i premium dodatak za intenzivan rad zglobova, tetiva i ligamenata<\/h2>\n<p data-start=\"131\" data-end=\"452\"><strong data-start=\"131\" data-end=\"150\">Cavalor Artitec<\/strong> je vrhunski teku\u0107i dodatak, dizajniran posebno za sportske konje koji su izlo\u017eeni najve\u0107im optere\u0107enjima. Razvio ga je Cavalor u suradnji sa Sveu\u010dili\u0161tem Gent, na temelju 7-godi\u0161njih istra\u017eivanja, kako bi ponudio maksimalnu za\u0161titu mi\u0161i\u0107no-ko\u0161tanog sustava tijekom treninga.<\/p>\n<h3 data-start=\"454\" data-end=\"488\">\ud83d\udd2c Aktivni sastojci (na 2 L):<\/h3>\n<ul data-start=\"489\" data-end=\"976\">\n<li data-start=\"489\" data-end=\"568\">\n<p data-start=\"491\" data-end=\"568\"><span class=\"relative -mx-px my-[-0.2rem] rounded px-px py-[0.2rem] transition-colors duration-100 ease-in-out\"><strong data-start=\"0\" data-end=\"22\" data-is-only-node=\"\">MSM (38.100 mg\/kg)<\/strong> \u2013 organski spoj sumpora, klju\u010dni gradivni blok ligamenata, tetiva, hrskavice i teku\u0107ina<\/span><\/p>\n<\/li>\n<li data-start=\"569\" data-end=\"648\">\n<p data-start=\"571\" data-end=\"648\"><span class=\"relative -mx-px my-[-0.2rem] rounded px-px py-[0.2rem] transition-colors duration-100 ease-in-out\"><strong data-start=\"0\" data-end=\"30\" data-is-only-node=\"\">Glukozamin (139.300 mg\/kg)<\/strong> \u2013 gradivni blok glikozaminoglikana za regeneraciju tkiva<\/span><\/p>\n<\/li>\n<li data-start=\"649\" data-end=\"728\">\n<p data-start=\"651\" data-end=\"728\"><span class=\"relative -mx-px my-[-0.2rem] rounded px-px py-[0.2rem] transition-colors duration-100 ease-in-out\"><strong data-start=\"0\" data-end=\"36\" data-is-only-node=\"\">Kondroitin sulfat (24.800 mg\/kg)<\/strong> \u2013 nizak molekularni tip za lak\u0161u apsorpciju<\/span><\/p>\n<\/li>\n<li data-start=\"729\" data-end=\"808\">\n<p data-start=\"731\" data-end=\"808\"><span class=\"relative -mx-px my-[-0.2rem] rounded px-px py-[0.2rem] transition-colors duration-100 ease-in-out\"><strong data-start=\"0\" data-end=\"37\" data-is-only-node=\"\">Hijaluronska kiselina (1.000 mg\/kg)<\/strong> \u2013 za vla\u017eenje i za\u0161titu zglobne teku\u0107ine<\/span><\/p>\n<\/li>\n<li data-start=\"809\" data-end=\"892\">\n<p data-start=\"811\" data-end=\"892\"><span class=\"relative -mx-px my-[-0.2rem] rounded px-px py-[0.2rem] transition-colors duration-100 ease-in-out\"><strong data-start=\"0\" data-end=\"29\" data-is-only-node=\"\">L-Glutamin (12.700 mg\/kg)<\/strong> \u2013 prethodnik glutationa za podr\u0161ku imunolo\u0161kom sustavu i zacjeljivanju ozljeda<\/span><\/p>\n<\/li>\n<li data-start=\"893\" data-end=\"976\">\n<p data-start=\"895\" data-end=\"976\"><span class=\"relative -mx-px my-[-0.2rem] rounded px-px py-[0.2rem] transition-colors duration-100 ease-in-out\"><strong data-start=\"0\" data-end=\"22\" data-is-only-node=\"\">Botani\u010dki kompleks<\/strong> \u2013 ananas, kurkuma (95 % kurkuminoida), tamjan (Boswellia serrata), crveni ribiz, preslica i limeta \u2013 protuupalno djelovanje<\/span><\/p>\n<\/li>\n<\/ul>\n<h3 data-start=\"978\" data-end=\"1007\">\ud83d\udca1 Za\u0161to Cavalor Artitec:<\/h3>\n<ul data-start=\"1008\" data-end=\"1177\">\n<li data-start=\"1008\" data-end=\"1091\">\n<p data-start=\"1010\" data-end=\"1091\"><span class=\"relative -mx-px my-[-0.2rem] rounded px-px py-[0.2rem] transition-colors duration-100 ease-in-out\">Klini\u010dki dokazano \u2013 97 % konja prihva\u0107a proizvod, a 74 % pokazuje pobolj\u0161anje kretanja <\/span><\/p>\n<\/li>\n<li data-start=\"1092\" data-end=\"1135\">\n<p data-start=\"1094\" data-end=\"1135\"><span class=\"relative -mx-px my-[-0.2rem] rounded px-px py-[0.2rem] transition-colors duration-100 ease-in-out\">MSM, GAGs (glukozamin, kondroitin, hijaluronska kiselina) i prirodno bilje omogu\u0107uju br\u017eu regeneraciju<\/span><\/p>\n<\/li>\n<li data-start=\"1136\" data-end=\"1177\">\n<p data-start=\"1138\" data-end=\"1177\"><span class=\"relative -mx-px my-[-0.2rem] rounded px-px py-[0.2rem] transition-colors duration-100 ease-in-out\">Posebno razvijena receptura za intenzivne vje\u017ebe, natjecanja i stresna razdoblja<\/span><\/p>\n<\/li>\n<\/ul>\n<h3 data-start=\"1179\" data-end=\"1212\">\ud83d\udccb Upute za uporabu (2 L):<\/h3>\n<ul data-start=\"1213\" data-end=\"1565\">\n<li data-start=\"1213\" data-end=\"1296\">\n<p data-start=\"1215\" data-end=\"1296\"><span class=\"relative -mx-px my-[-0.2rem] rounded px-px py-[0.2rem] transition-colors duration-100 ease-in-out\"><strong data-start=\"0\" data-end=\"37\" data-is-only-node=\"\">Doziranje za vrhunsko optere\u0107enje<\/strong>: 30 ml (1 potisak raspr\u0161iva\u010da) 2\u20133\u00d7 dnevno, na hranu<\/span><\/p>\n<\/li>\n<li data-start=\"1297\" data-end=\"1340\">\n<p data-start=\"1299\" data-end=\"1340\"><span class=\"relative -mx-px my-[-0.2rem] rounded px-px py-[0.2rem] transition-colors duration-100 ease-in-out\">Maksimalna dnevna doza: <strong data-start=\"27\" data-end=\"37\" data-is-last-node=\"\">200 ml<\/strong><\/span><\/p>\n<\/li>\n<li data-start=\"1341\" data-end=\"1424\">\n<p data-start=\"1343\" data-end=\"1424\"><span class=\"relative -mx-px my-[-0.2rem] rounded px-px py-[0.2rem] transition-colors duration-100 ease-in-out\"><strong data-start=\"0\" data-end=\"29\" data-is-only-node=\"\">Preporu\u010deni po\u010detni ciklus<\/strong>: najmanje 28 dana, zatim nastavite po potrebi<\/span><\/p>\n<\/li>\n<li data-start=\"1425\" data-end=\"1508\">\n<p data-start=\"1427\" data-end=\"1508\"><span class=\"relative -mx-px my-[-0.2rem] rounded px-px py-[0.2rem] transition-colors duration-100 ease-in-out\">Prije uporabe dobro protresite \u2013 osigurajte homogenu smjesu aktivnih tvari<\/span><\/p>\n<\/li>\n<li data-start=\"1509\" data-end=\"1565\">\n<p data-start=\"1511\" data-end=\"1565\">\u010cuvajte na hladnom i suhom mjestu; rok trajanja 2 godine<\/p>\n<\/li>\n<\/ul>\n<h3 data-start=\"1914\" data-end=\"1936\">\ud83d\udecd Preporu\u010damo za:<\/h3>\n<ul data-start=\"1937\" data-end=\"2108\">\n<li data-start=\"1937\" data-end=\"1974\">\n<p data-start=\"1939\" data-end=\"1974\">Sportske konje u natjecateljskoj sezoni<\/p>\n<\/li>\n<li data-start=\"1975\" data-end=\"2019\">\n<p data-start=\"1977\" data-end=\"2019\">Konje s povije\u0161\u0107u ozljeda uzrokovanih optere\u0107enjem<\/p>\n<\/li>\n<li data-start=\"2020\" data-end=\"2108\">\n<p data-start=\"2022\" data-end=\"2108\">Sve konje koji su izlo\u017eeni fizi\u010dkom stresu i trebaju visoku razinu za\u0161tite<\/p>\n<\/li>\n<\/ul>\n","protected":false},"excerpt":{"rendered":"<ul>\n<li data-start=\"1625\" data-end=\"1724\">\n<p data-start=\"1627\" data-end=\"1724\">\u2705 <strong data-start=\"1629\" data-end=\"1678\">Cjelovita botani\u010dka snaga plus MSM i GAGs<\/strong> \u2013 mo\u0107na kombinacija za regeneraciju zglobova<\/p>\n<\/li>\n<li data-start=\"1725\" data-end=\"1820\">\n<p data-start=\"1727\" data-end=\"1820\">\ud83c\udfc7 <strong data-start=\"1730\" data-end=\"1796\">Znanstveno provjereno \u2013 97 % prihvatljivost, 74 % pobolj\u0161anje<\/strong> \u2013 visoka u\u010dinkovitost<\/p>\n<\/li>\n<li data-start=\"1821\" data-end=\"1907\">\n<p data-start=\"1823\" data-end=\"1907\">\ud83d\udd1d <strong data-start=\"1826\" data-end=\"1870\">Dizajniran za intenzivna optere\u0107enja<\/strong> \u2013 posebno prilago\u0111en sportskim konjima<\/p>\n<\/li>\n<\/ul>\n","protected":false},"featured_media":92424,"template":"","meta":{"footnotes":""},"product_brand":[],"product_cat":[5711,5657,5710,5712],"product_tag":[],"class_list":{"0":"post-92423","1":"product","2":"type-product","3":"status-publish","4":"has-post-thumbnail","6":"product_cat-hrana-i-prehrambeni-dodaci-cavalor","7":"product_cat-kategorije-hr","8":"product_cat-hrana-za-konje-hr","9":"product_cat-prehrambeni-dodaci","11":"first","12":"instock","13":"shipping-taxable","14":"purchasable","15":"product-type-simple"},"yoast_head":"<!-- This site is optimized with the Yoast SEO plugin v27.3 - https:\/\/yoast.com\/product\/yoast-seo-wordpress\/ -->\n<title>Cavalor ArtiTec - Clair<\/title>\n<meta name=\"description\" content=\"\u2705 Cjelovita botani\u010dka snaga plus MSM i GAGs \u2013 mo\u0107na kombinacija za regeneraciju zglobova    \ud83c\udfc7 Znanstveno provjereno \u2013 97 % prihvatljivost, 74 % pobolj\u0161anje \u2013 visoka u\u010dinkovitost    \ud83d\udd1d Dizajniran za intenzivna optere\u0107enja \u2013 posebno prilago\u0111en sportskim konjima\" \/>\n<meta name=\"robots\" content=\"index, follow, max-snippet:-1, max-image-preview:large, max-video-preview:-1\" \/>\n<link rel=\"canonical\" href=\"https:\/\/clair.si\/hr\/izdelek\/cavalor-artitec\/\" \/>\n<meta property=\"og:locale\" content=\"hr_HR\" \/>\n<meta property=\"og:type\" content=\"article\" \/>\n<meta property=\"og:title\" content=\"Cavalor ArtiTec - Clair\" \/>\n<meta property=\"og:description\" content=\"\u2705 Cjelovita botani\u010dka snaga plus MSM i GAGs \u2013 mo\u0107na kombinacija za regeneraciju zglobova    \ud83c\udfc7 Znanstveno provjereno \u2013 97 % prihvatljivost, 74 % pobolj\u0161anje \u2013 visoka u\u010dinkovitost    \ud83d\udd1d Dizajniran za intenzivna optere\u0107enja \u2013 posebno prilago\u0111en sportskim konjima\" \/>\n<meta property=\"og:url\" content=\"https:\/\/clair.si\/hr\/izdelek\/cavalor-artitec\/\" \/>\n<meta property=\"og:site_name\" content=\"Clair\" \/>\n<meta property=\"article:publisher\" content=\"https:\/\/www.facebook.com\/TrgovinaClair\/\" \/>\n<meta property=\"article:modified_time\" content=\"2025-08-31T22:47:26+00:00\" \/>\n<meta property=\"og:image\" content=\"https:\/\/clair.si\/wp-content\/uploads\/2025\/07\/ArtitecN-Packshot-1.webp\" \/>\n\t<meta property=\"og:image:width\" content=\"550\" \/>\n\t<meta property=\"og:image:height\" content=\"550\" \/>\n\t<meta property=\"og:image:type\" content=\"image\/jpeg\" \/>\n<meta name=\"twitter:card\" content=\"summary_large_image\" \/>\n<meta name=\"twitter:label1\" content=\"Procijenjeno vrijeme \u010ditanja\" \/>\n\t<meta name=\"twitter:data1\" content=\"2 minute\" \/>\n<script type=\"application\/ld+json\" class=\"yoast-schema-graph\">{\"@context\":\"https:\\\/\\\/schema.org\",\"@graph\":[{\"@type\":\"WebPage\",\"@id\":\"https:\\\/\\\/clair.si\\\/hr\\\/izdelek\\\/cavalor-artitec\\\/\",\"url\":\"https:\\\/\\\/clair.si\\\/hr\\\/izdelek\\\/cavalor-artitec\\\/\",\"name\":\"Cavalor ArtiTec - Clair\",\"isPartOf\":{\"@id\":\"https:\\\/\\\/clair.si\\\/#website\"},\"primaryImageOfPage\":{\"@id\":\"https:\\\/\\\/clair.si\\\/hr\\\/izdelek\\\/cavalor-artitec\\\/#primaryimage\"},\"image\":{\"@id\":\"https:\\\/\\\/clair.si\\\/hr\\\/izdelek\\\/cavalor-artitec\\\/#primaryimage\"},\"thumbnailUrl\":\"https:\\\/\\\/clair.si\\\/wp-content\\\/uploads\\\/2025\\\/07\\\/ArtitecN-Packshot-1.webp\",\"datePublished\":\"2025-07-21T11:09:41+00:00\",\"dateModified\":\"2025-08-31T22:47:26+00:00\",\"description\":\"\u2705 Cjelovita botani\u010dka snaga plus MSM i GAGs \u2013 mo\u0107na kombinacija za regeneraciju zglobova \ud83c\udfc7 Znanstveno provjereno \u2013 97 % prihvatljivost, 74 % pobolj\u0161anje \u2013 visoka u\u010dinkovitost \ud83d\udd1d Dizajniran za intenzivna optere\u0107enja \u2013 posebno prilago\u0111en sportskim konjima\",\"breadcrumb\":{\"@id\":\"https:\\\/\\\/clair.si\\\/hr\\\/izdelek\\\/cavalor-artitec\\\/#breadcrumb\"},\"inLanguage\":\"hr\",\"potentialAction\":[{\"@type\":\"ReadAction\",\"target\":[\"https:\\\/\\\/clair.si\\\/hr\\\/izdelek\\\/cavalor-artitec\\\/\"]}]},{\"@type\":\"ImageObject\",\"inLanguage\":\"hr\",\"@id\":\"https:\\\/\\\/clair.si\\\/hr\\\/izdelek\\\/cavalor-artitec\\\/#primaryimage\",\"url\":\"https:\\\/\\\/clair.si\\\/wp-content\\\/uploads\\\/2025\\\/07\\\/ArtitecN-Packshot-1.webp\",\"contentUrl\":\"https:\\\/\\\/clair.si\\\/wp-content\\\/uploads\\\/2025\\\/07\\\/ArtitecN-Packshot-1.webp\",\"width\":550,\"height\":550},{\"@type\":\"BreadcrumbList\",\"@id\":\"https:\\\/\\\/clair.si\\\/hr\\\/izdelek\\\/cavalor-artitec\\\/#breadcrumb\",\"itemListElement\":[{\"@type\":\"ListItem\",\"position\":1,\"name\":\"Home\",\"item\":\"https:\\\/\\\/clair.si\\\/hr\\\/\"},{\"@type\":\"ListItem\",\"position\":2,\"name\":\"Trgovina\",\"item\":\"https:\\\/\\\/clair.si\\\/trgovina\\\/\"},{\"@type\":\"ListItem\",\"position\":3,\"name\":\"Cavalor ArtiTec\"}]},{\"@type\":\"WebSite\",\"@id\":\"https:\\\/\\\/clair.si\\\/#website\",\"url\":\"https:\\\/\\\/clair.si\\\/\",\"name\":\"Clair\",\"description\":\"Trgovina s konjeni\u0161ko opremo\",\"publisher\":{\"@id\":\"https:\\\/\\\/clair.si\\\/#organization\"},\"potentialAction\":[{\"@type\":\"SearchAction\",\"target\":{\"@type\":\"EntryPoint\",\"urlTemplate\":\"https:\\\/\\\/clair.si\\\/?s={search_term_string}\"},\"query-input\":{\"@type\":\"PropertyValueSpecification\",\"valueRequired\":true,\"valueName\":\"search_term_string\"}}],\"inLanguage\":\"hr\"},{\"@type\":\"Organization\",\"@id\":\"https:\\\/\\\/clair.si\\\/#organization\",\"name\":\"Clair\",\"url\":\"https:\\\/\\\/clair.si\\\/\",\"logo\":{\"@type\":\"ImageObject\",\"inLanguage\":\"hr\",\"@id\":\"https:\\\/\\\/clair.si\\\/#\\\/schema\\\/logo\\\/image\\\/\",\"url\":\"https:\\\/\\\/clair.si\\\/wp-content\\\/uploads\\\/2022\\\/11\\\/clair_logo_2022.jpg\",\"contentUrl\":\"https:\\\/\\\/clair.si\\\/wp-content\\\/uploads\\\/2022\\\/11\\\/clair_logo_2022.jpg\",\"width\":1920,\"height\":1920,\"caption\":\"Clair\"},\"image\":{\"@id\":\"https:\\\/\\\/clair.si\\\/#\\\/schema\\\/logo\\\/image\\\/\"},\"sameAs\":[\"https:\\\/\\\/www.facebook.com\\\/TrgovinaClair\\\/\"]}]}<\/script>\n<!-- \/ Yoast SEO plugin. -->","yoast_head_json":{"title":"Cavalor ArtiTec - Clair","description":"\u2705 Cjelovita botani\u010dka snaga plus MSM i GAGs \u2013 mo\u0107na kombinacija za regeneraciju zglobova    \ud83c\udfc7 Znanstveno provjereno \u2013 97 % prihvatljivost, 74 % pobolj\u0161anje \u2013 visoka u\u010dinkovitost    \ud83d\udd1d Dizajniran za intenzivna optere\u0107enja \u2013 posebno prilago\u0111en sportskim konjima","robots":{"index":"index","follow":"follow","max-snippet":"max-snippet:-1","max-image-preview":"max-image-preview:large","max-video-preview":"max-video-preview:-1"},"canonical":"https:\/\/clair.si\/hr\/izdelek\/cavalor-artitec\/","og_locale":"hr_HR","og_type":"article","og_title":"Cavalor ArtiTec - Clair","og_description":"\u2705 Cjelovita botani\u010dka snaga plus MSM i GAGs \u2013 mo\u0107na kombinacija za regeneraciju zglobova    \ud83c\udfc7 Znanstveno provjereno \u2013 97 % prihvatljivost, 74 % pobolj\u0161anje \u2013 visoka u\u010dinkovitost    \ud83d\udd1d Dizajniran za intenzivna optere\u0107enja \u2013 posebno prilago\u0111en sportskim konjima","og_url":"https:\/\/clair.si\/hr\/izdelek\/cavalor-artitec\/","og_site_name":"Clair","article_publisher":"https:\/\/www.facebook.com\/TrgovinaClair\/","article_modified_time":"2025-08-31T22:47:26+00:00","og_image":[{"width":550,"height":550,"url":"https:\/\/clair.si\/wp-content\/uploads\/2025\/07\/ArtitecN-Packshot-1.webp","type":"image\/jpeg"}],"twitter_card":"summary_large_image","twitter_misc":{"Procijenjeno vrijeme \u010ditanja":"2 minute"},"schema":{"@context":"https:\/\/schema.org","@graph":[{"@type":"WebPage","@id":"https:\/\/clair.si\/hr\/izdelek\/cavalor-artitec\/","url":"https:\/\/clair.si\/hr\/izdelek\/cavalor-artitec\/","name":"Cavalor ArtiTec - Clair","isPartOf":{"@id":"https:\/\/clair.si\/#website"},"primaryImageOfPage":{"@id":"https:\/\/clair.si\/hr\/izdelek\/cavalor-artitec\/#primaryimage"},"image":{"@id":"https:\/\/clair.si\/hr\/izdelek\/cavalor-artitec\/#primaryimage"},"thumbnailUrl":"https:\/\/clair.si\/wp-content\/uploads\/2025\/07\/ArtitecN-Packshot-1.webp","datePublished":"2025-07-21T11:09:41+00:00","dateModified":"2025-08-31T22:47:26+00:00","description":"\u2705 Cjelovita botani\u010dka snaga plus MSM i GAGs \u2013 mo\u0107na kombinacija za regeneraciju zglobova \ud83c\udfc7 Znanstveno provjereno \u2013 97 % prihvatljivost, 74 % pobolj\u0161anje \u2013 visoka u\u010dinkovitost \ud83d\udd1d Dizajniran za intenzivna optere\u0107enja \u2013 posebno prilago\u0111en sportskim konjima","breadcrumb":{"@id":"https:\/\/clair.si\/hr\/izdelek\/cavalor-artitec\/#breadcrumb"},"inLanguage":"hr","potentialAction":[{"@type":"ReadAction","target":["https:\/\/clair.si\/hr\/izdelek\/cavalor-artitec\/"]}]},{"@type":"ImageObject","inLanguage":"hr","@id":"https:\/\/clair.si\/hr\/izdelek\/cavalor-artitec\/#primaryimage","url":"https:\/\/clair.si\/wp-content\/uploads\/2025\/07\/ArtitecN-Packshot-1.webp","contentUrl":"https:\/\/clair.si\/wp-content\/uploads\/2025\/07\/ArtitecN-Packshot-1.webp","width":550,"height":550},{"@type":"BreadcrumbList","@id":"https:\/\/clair.si\/hr\/izdelek\/cavalor-artitec\/#breadcrumb","itemListElement":[{"@type":"ListItem","position":1,"name":"Home","item":"https:\/\/clair.si\/hr\/"},{"@type":"ListItem","position":2,"name":"Trgovina","item":"https:\/\/clair.si\/trgovina\/"},{"@type":"ListItem","position":3,"name":"Cavalor ArtiTec"}]},{"@type":"WebSite","@id":"https:\/\/clair.si\/#website","url":"https:\/\/clair.si\/","name":"Clair","description":"Trgovina s konjeni\u0161ko opremo","publisher":{"@id":"https:\/\/clair.si\/#organization"},"potentialAction":[{"@type":"SearchAction","target":{"@type":"EntryPoint","urlTemplate":"https:\/\/clair.si\/?s={search_term_string}"},"query-input":{"@type":"PropertyValueSpecification","valueRequired":true,"valueName":"search_term_string"}}],"inLanguage":"hr"},{"@type":"Organization","@id":"https:\/\/clair.si\/#organization","name":"Clair","url":"https:\/\/clair.si\/","logo":{"@type":"ImageObject","inLanguage":"hr","@id":"https:\/\/clair.si\/#\/schema\/logo\/image\/","url":"https:\/\/clair.si\/wp-content\/uploads\/2022\/11\/clair_logo_2022.jpg","contentUrl":"https:\/\/clair.si\/wp-content\/uploads\/2022\/11\/clair_logo_2022.jpg","width":1920,"height":1920,"caption":"Clair"},"image":{"@id":"https:\/\/clair.si\/#\/schema\/logo\/image\/"},"sameAs":["https:\/\/www.facebook.com\/TrgovinaClair\/"]}]}},"_links":{"self":[{"href":"https:\/\/clair.si\/hr\/wp-json\/wp\/v2\/product\/92423","targetHints":{"allow":["GET"]}}],"collection":[{"href":"https:\/\/clair.si\/hr\/wp-json\/wp\/v2\/product"}],"about":[{"href":"https:\/\/clair.si\/hr\/wp-json\/wp\/v2\/types\/product"}],"version-history":[{"count":0,"href":"https:\/\/clair.si\/hr\/wp-json\/wp\/v2\/product\/92423\/revisions"}],"wp:featuredmedia":[{"embeddable":true,"href":"https:\/\/clair.si\/hr\/wp-json\/wp\/v2\/media\/92424"}],"wp:attachment":[{"href":"https:\/\/clair.si\/hr\/wp-json\/wp\/v2\/media?parent=92423"}],"wp:term":[{"taxonomy":"product_brand","embeddable":true,"href":"https:\/\/clair.si\/hr\/wp-json\/wp\/v2\/product_brand?post=92423"},{"taxonomy":"product_cat","embeddable":true,"href":"https:\/\/clair.si\/hr\/wp-json\/wp\/v2\/product_cat?post=92423"},{"taxonomy":"product_tag","embeddable":true,"href":"https:\/\/clair.si\/hr\/wp-json\/wp\/v2\/product_tag?post=92423"}],"curies":[{"name":"wp","href":"https:\/\/api.w.org\/{rel}","templated":true}]}}