{"id":92433,"date":"2025-07-21T12:23:25","date_gmt":"2025-07-21T10:23:25","guid":{"rendered":"https:\/\/clair.si\/izdelek\/cavalor-arti-repair\/"},"modified":"2025-09-01T00:47:26","modified_gmt":"2025-08-31T22:47:26","slug":"cavalor-arti-repair","status":"publish","type":"product","link":"https:\/\/clair.si\/hr\/izdelek\/cavalor-arti-repair\/","title":{"rendered":"Cavalor Arti Repair"},"content":{"rendered":"<h2 data-start=\"44\" data-end=\"123\">Cavalor Arti Repair \u2013 visoko u\u010dinkovit oporavak mi\u0161i\u0107no-ko\u0161tanog sustava<\/h2>\n<p data-start=\"125\" data-end=\"325\"><strong data-start=\"125\" data-end=\"148\">Cavalor Arti Repair<\/strong> je vrhunski dodatak prehrani, dizajniran za potporu regeneraciji zglobova, ligamenata, tetiva i kostiju kod konja koji su pod ve\u0107im optere\u0107enjem ili u periodu oporavka nakon napornog treninga.<\/p>\n<h3 data-start=\"327\" data-end=\"353\">\ud83d\udd2c Aktivni sastojci<\/h3>\n<ul data-start=\"354\" data-end=\"954\">\n<li data-start=\"354\" data-end=\"395\">\n<p data-start=\"356\" data-end=\"395\"><span class=\"relative -mx-px my-[-0.2rem] rounded px-px py-[0.2rem] transition-colors duration-100 ease-in-out\"><strong data-start=\"0\" data-end=\"19\" data-is-only-node=\"\">Kolagen tipa II<\/strong> (hidroliziran) \u2013 gradivni blok hrskavice<\/span><\/p>\n<\/li>\n<li data-start=\"396\" data-end=\"546\">\n<p data-start=\"398\" data-end=\"420\"><strong data-start=\"398\" data-end=\"417\">Izvorni kolagen<\/strong>:<\/p>\n<ul data-start=\"423\" data-end=\"546\">\n<li data-start=\"423\" data-end=\"464\">\n<p data-start=\"425\" data-end=\"464\"><span class=\"relative -mx-px my-[-0.2rem] rounded px-px py-[0.2rem] transition-colors duration-100 ease-in-out\"><em data-start=\"0\" data-end=\"7\" data-is-only-node=\"\">Tip I<\/em> iz ljuske jajeta (ESM): bogat hijaluronskom kiselinom, glukozaminom i hondroitinom \u2013 poti\u010de regeneraciju mekih tkiva<\/span><\/p>\n<\/li>\n<li data-start=\"467\" data-end=\"546\">\n<p data-start=\"469\" data-end=\"546\"><span class=\"relative -mx-px my-[-0.2rem] rounded px-px py-[0.2rem] transition-colors duration-100 ease-in-out\"><em data-start=\"0\" data-end=\"8\" data-is-only-node=\"\">Tip II<\/em> (UC-II\u00ae): neprekinut, u crijevima pokre\u0107e imunolo\u0161ki odgovor koji podr\u017eava prirodnu obnovu hrskavice<\/span><\/p>\n<\/li>\n<\/ul>\n<\/li>\n<li data-start=\"547\" data-end=\"626\">\n<p data-start=\"549\" data-end=\"626\"><span class=\"relative -mx-px my-[-0.2rem] rounded px-px py-[0.2rem] transition-colors duration-100 ease-in-out\"><strong data-start=\"0\" data-end=\"21\" data-is-only-node=\"\">Glukozamin sulfat<\/strong> &amp; <strong data-start=\"24\" data-end=\"31\">MSM<\/strong> \u2013 podr\u017eavaju hrskavicu, zglobove i vezivna tkiva<\/span><\/p>\n<\/li>\n<li data-start=\"627\" data-end=\"706\">\n<p data-start=\"629\" data-end=\"706\"><span class=\"relative -mx-px my-[-0.2rem] rounded px-px py-[0.2rem] transition-colors duration-100 ease-in-out\"><strong data-start=\"0\" data-end=\"13\" data-is-only-node=\"\">Vitamin C<\/strong> \u2013 antioksidans, poti\u010de stvaranje kolagena<\/span><\/p>\n<\/li>\n<li data-start=\"707\" data-end=\"788\">\n<p data-start=\"709\" data-end=\"788\"><span class=\"relative -mx-px my-[-0.2rem] rounded px-px py-[0.2rem] transition-colors duration-100 ease-in-out\"><strong data-start=\"0\" data-end=\"14\" data-is-only-node=\"\">Vitamin K3<\/strong> \u2013 igra klju\u010dnu ulogu u metabolizmu kostiju<\/span><\/p>\n<\/li>\n<li data-start=\"789\" data-end=\"872\">\n<p data-start=\"791\" data-end=\"872\"><span class=\"relative -mx-px my-[-0.2rem] rounded px-px py-[0.2rem] transition-colors duration-100 ease-in-out\"><strong data-start=\"0\" data-end=\"21\" data-is-only-node=\"\">Kelirani minerali<\/strong> (cink, bakar, mangan) \u2013 visoka bioraspolo\u017eivost, podr\u017eavaju vezivna tkiva<\/span><\/p>\n<\/li>\n<li data-start=\"873\" data-end=\"954\">\n<p data-start=\"875\" data-end=\"954\"><span class=\"relative -mx-px my-[-0.2rem] rounded px-px py-[0.2rem] transition-colors duration-100 ease-in-out\"><strong data-start=\"0\" data-end=\"49\" data-is-only-node=\"\">Prirodna ulja (masla\u010dak, klin\u010di\u0107i, cimet, limeta)<\/strong> \u2013 djeluju protuupalno, pobolj\u0161avaju prokrvljenost i podr\u017eavaju uklanjanje otpadnih tvari<\/span><\/p>\n<\/li>\n<\/ul>\n<h3 data-start=\"956\" data-end=\"991\">\ud83d\udca1 Za\u0161to odabrati Arti Repair?<\/h3>\n<ul data-start=\"992\" data-end=\"1161\">\n<li data-start=\"992\" data-end=\"1075\">\n<p data-start=\"994\" data-end=\"1075\"><span class=\"relative -mx-px my-[-0.2rem] rounded px-px py-[0.2rem] transition-colors duration-100 ease-in-out\"><em data-start=\"0\" data-end=\"21\" data-is-only-node=\"\">Sinergija kolagena<\/em> razli\u010ditih tipova omogu\u0107uje cjelovitu regeneraciju: <strong data-start=\"69\" data-end=\"78\">tip I<\/strong> ja\u010da tetive i ligamente, <strong data-start=\"99\" data-end=\"109\">tip II<\/strong> \u0161titi hrskavicu<\/span><\/p>\n<\/li>\n<li data-start=\"1076\" data-end=\"1119\">\n<p data-start=\"1078\" data-end=\"1119\"><span class=\"relative -mx-px my-[-0.2rem] rounded px-px py-[0.2rem] transition-colors duration-100 ease-in-out\"><strong data-start=\"0\" data-end=\"31\" data-is-only-node=\"\">Podr\u0161ka u periodu oporavka<\/strong> \u2013 idealno za konje nakon ozljeda ili kod ve\u0107eg tjelesnog optere\u0107enja<\/span><\/p>\n<\/li>\n<li data-start=\"1120\" data-end=\"1161\">\n<p data-start=\"1122\" data-end=\"1161\"><span class=\"relative -mx-px my-[-0.2rem] rounded px-px py-[0.2rem] transition-colors duration-100 ease-in-out\"><strong data-start=\"0\" data-end=\"19\" data-is-only-node=\"\">Prirodno rje\u0161enje<\/strong> bez steroida i sinteti\u010dkih dodataka<\/span><\/p>\n<\/li>\n<\/ul>\n<h3 data-start=\"1163\" data-end=\"1191\">\ud83d\udccb Upute za upotrebu<\/h3>\n<ul data-start=\"1192\" data-end=\"1463\">\n<li data-start=\"1192\" data-end=\"1352\">\n<p data-start=\"1194\" data-end=\"1214\">Preporu\u010dena doza:<\/p>\n<ul data-start=\"1217\" data-end=\"1352\">\n<li data-start=\"1217\" data-end=\"1260\">\n<p data-start=\"1219\" data-end=\"1260\"><span class=\"relative -mx-px my-[-0.2rem] rounded px-px py-[0.2rem] transition-colors duration-100 ease-in-out\"><strong data-start=\"0\" data-end=\"17\" data-is-only-node=\"\">Podupiru\u0107a faza<\/strong>: 45 g\/dan<\/span><\/p>\n<\/li>\n<li data-start=\"1263\" data-end=\"1306\">\n<p data-start=\"1265\" data-end=\"1306\"><span class=\"relative -mx-px my-[-0.2rem] rounded px-px py-[0.2rem] transition-colors duration-100 ease-in-out\"><strong data-start=\"0\" data-end=\"20\" data-is-only-node=\"\">Faza odr\u017eavanja<\/strong>: 30 g\/dan<\/span><\/p>\n<\/li>\n<li data-start=\"1309\" data-end=\"1352\">\n<p data-start=\"1311\" data-end=\"1352\"><span class=\"relative -mx-px my-[-0.2rem] rounded px-px py-[0.2rem] transition-colors duration-100 ease-in-out\">Tehnolo\u0161ki maksimum: 90 g\/dan<\/span><\/p>\n<\/li>\n<\/ul>\n<\/li>\n<li data-start=\"1353\" data-end=\"1436\">\n<p data-start=\"1355\" data-end=\"1436\"><span class=\"relative -mx-px my-[-0.2rem] rounded px-px py-[0.2rem] transition-colors duration-100 ease-in-out\">Trajanje upotrebe: <strong data-start=\"18\" data-end=\"35\">najmanje 6 tjedana<\/strong> za optimalne rezultate<\/span><\/p>\n<\/li>\n<li data-start=\"1437\" data-end=\"1463\">\n<p data-start=\"1439\" data-end=\"1463\">Jedna mjerica = cca. 15 g<\/p>\n<\/li>\n<\/ul>\n<h3 data-start=\"1465\" data-end=\"1489\">\u2705 Koristi i ciljevi<\/h3>\n<ul data-start=\"1490\" data-end=\"1648\">\n<li data-start=\"1490\" data-end=\"1537\">\n<p data-start=\"1492\" data-end=\"1537\">Ubrzava regeneraciju hrskavice, tetiva i ligamenata<\/p>\n<\/li>\n<li data-start=\"1538\" data-end=\"1588\">\n<p data-start=\"1540\" data-end=\"1588\">Ja\u010da kosti i poti\u010de prilagodljivost pokreta<\/p>\n<\/li>\n<li data-start=\"1589\" data-end=\"1648\">\n<p data-start=\"1591\" data-end=\"1648\">Smanjuje nelagodu i podr\u017eava cjeloviti oporavak nakon napora<\/p>\n<\/li>\n<\/ul>\n<h3 data-start=\"1650\" data-end=\"1673\">\ud83d\udecd Preporu\u010dujemo za<\/h3>\n<ul data-start=\"1674\" data-end=\"1826\">\n<li data-start=\"1674\" data-end=\"1735\">\n<p data-start=\"1676\" data-end=\"1735\">Sportske konje u periodu pove\u0107anog ili najte\u017eeg optere\u0107enja<\/p>\n<\/li>\n<li data-start=\"1736\" data-end=\"1783\">\n<p data-start=\"1738\" data-end=\"1783\">Konje nakon ozljeda zglobova, ligamenata ili kostiju<\/p>\n<\/li>\n<li data-start=\"1784\" data-end=\"1826\">\n<p data-start=\"1786\" data-end=\"1826\">Preventivnu podr\u0161ku tijekom sezone natjecanja<\/p>\n<\/li>\n<\/ul>\n<h3 data-start=\"2022\" data-end=\"2047\">\ud83d\udd0e Sa\u017eetak prednosti<\/h3>\n<ul data-start=\"2048\" data-end=\"2253\">\n<li data-start=\"2048\" data-end=\"2160\">\n<p data-start=\"2050\" data-end=\"2160\">Jedinstven kombinirani izvor kolagena (tip I + II), MSM, glukozamin i puni vitamina\/minerala za regeneraciju<\/p>\n<\/li>\n<li data-start=\"2161\" data-end=\"2200\">\n<p data-start=\"2163\" data-end=\"2200\">Prirodna sinergija s eteri\u010dnim uljima<\/p>\n<\/li>\n<li data-start=\"2201\" data-end=\"2253\">\n<p data-start=\"2203\" data-end=\"2253\">Dokazano u\u010dinkovit i siguran za dugotrajnu upotrebu<\/p>\n<\/li>\n<\/ul>\n","protected":false},"excerpt":{"rendered":"<ul>\n<li data-start=\"173\" data-end=\"275\">\ud83d\udcaa <strong data-start=\"176\" data-end=\"228\">Podr\u017eava regeneraciju zglobova, tetiva, ligamenata i kostiju<\/strong> \u2013 potpuna podr\u0161ka mi\u0161i\u0107no-ko\u0161tanom sustavu<\/li>\n<li data-start=\"276\" data-end=\"387\">\n<p data-start=\"278\" data-end=\"387\">\ud83c\udf3f <strong data-start=\"281\" data-end=\"353\">S jedinstvenom kombinacijom kolagena, MSM, glukozamina i prirodnih ulja<\/strong> \u2013 za brz i prirodan oporavak<\/p>\n<\/li>\n<li data-start=\"388\" data-end=\"498\">\n<p data-start=\"390\" data-end=\"498\">\ud83d\udc0e <strong data-start=\"393\" data-end=\"447\">Idealno za sportske konje i oporavak nakon ozljeda<\/strong> \u2013 visoko u\u010dinkovit i siguran za dugotrajnu upotrebu<\/p>\n<\/li>\n<\/ul>\n","protected":false},"featured_media":92434,"template":"","meta":{"footnotes":""},"product_brand":[],"product_cat":[5711,5657,5710,5712],"product_tag":[],"class_list":{"0":"post-92433","1":"product","2":"type-product","3":"status-publish","4":"has-post-thumbnail","6":"product_cat-hrana-i-prehrambeni-dodaci-cavalor","7":"product_cat-kategorije-hr","8":"product_cat-hrana-za-konje-hr","9":"product_cat-prehrambeni-dodaci","11":"first","12":"instock","13":"shipping-taxable","14":"purchasable","15":"product-type-simple"},"yoast_head":"<!-- This site is optimized with the Yoast SEO plugin v27.3 - https:\/\/yoast.com\/product\/yoast-seo-wordpress\/ -->\n<title>Cavalor Arti Repair - Clair<\/title>\n<meta name=\"description\" content=\"\ud83d\udcaa Podr\u017eava regeneraciju zglobova, tetiva, ligamenata i kostiju \u2013 potpuna podr\u0161ka mi\u0161i\u0107no-ko\u0161tanom sustavu   \ud83c\udf3f S jedinstvenom kombinacijom kolagena, MSM, glukozamina i prirodnih ulja \u2013 za brz i prirodan oporavak    \ud83d\udc0e Idealno za sportske konje i oporavak nakon ozljeda \u2013 visoko u\u010dinkovit i siguran za dugotrajnu upotrebu\" \/>\n<meta name=\"robots\" content=\"index, follow, max-snippet:-1, max-image-preview:large, max-video-preview:-1\" \/>\n<link rel=\"canonical\" href=\"https:\/\/clair.si\/hr\/izdelek\/cavalor-arti-repair\/\" \/>\n<meta property=\"og:locale\" content=\"hr_HR\" \/>\n<meta property=\"og:type\" content=\"article\" \/>\n<meta property=\"og:title\" content=\"Cavalor Arti Repair - Clair\" \/>\n<meta property=\"og:description\" content=\"\ud83d\udcaa Podr\u017eava regeneraciju zglobova, tetiva, ligamenata i kostiju \u2013 potpuna podr\u0161ka mi\u0161i\u0107no-ko\u0161tanom sustavu   \ud83c\udf3f S jedinstvenom kombinacijom kolagena, MSM, glukozamina i prirodnih ulja \u2013 za brz i prirodan oporavak    \ud83d\udc0e Idealno za sportske konje i oporavak nakon ozljeda \u2013 visoko u\u010dinkovit i siguran za dugotrajnu upotrebu\" \/>\n<meta property=\"og:url\" content=\"https:\/\/clair.si\/hr\/izdelek\/cavalor-arti-repair\/\" \/>\n<meta property=\"og:site_name\" content=\"Clair\" \/>\n<meta property=\"article:publisher\" content=\"https:\/\/www.facebook.com\/TrgovinaClair\/\" \/>\n<meta property=\"article:modified_time\" content=\"2025-08-31T22:47:26+00:00\" \/>\n<meta property=\"og:image\" content=\"https:\/\/clair.si\/wp-content\/uploads\/2025\/07\/arti-repair-clair.webp\" \/>\n\t<meta property=\"og:image:width\" content=\"2048\" \/>\n\t<meta property=\"og:image:height\" content=\"1580\" \/>\n\t<meta property=\"og:image:type\" content=\"image\/webp\" \/>\n<meta name=\"twitter:card\" content=\"summary_large_image\" \/>\n<meta name=\"twitter:label1\" content=\"Procijenjeno vrijeme \u010ditanja\" \/>\n\t<meta name=\"twitter:data1\" content=\"2 minute\" \/>\n<script type=\"application\/ld+json\" class=\"yoast-schema-graph\">{\"@context\":\"https:\\\/\\\/schema.org\",\"@graph\":[{\"@type\":\"WebPage\",\"@id\":\"https:\\\/\\\/clair.si\\\/hr\\\/izdelek\\\/cavalor-arti-repair\\\/\",\"url\":\"https:\\\/\\\/clair.si\\\/hr\\\/izdelek\\\/cavalor-arti-repair\\\/\",\"name\":\"Cavalor Arti Repair - Clair\",\"isPartOf\":{\"@id\":\"https:\\\/\\\/clair.si\\\/#website\"},\"primaryImageOfPage\":{\"@id\":\"https:\\\/\\\/clair.si\\\/hr\\\/izdelek\\\/cavalor-arti-repair\\\/#primaryimage\"},\"image\":{\"@id\":\"https:\\\/\\\/clair.si\\\/hr\\\/izdelek\\\/cavalor-arti-repair\\\/#primaryimage\"},\"thumbnailUrl\":\"https:\\\/\\\/clair.si\\\/wp-content\\\/uploads\\\/2025\\\/07\\\/arti-repair-clair.webp\",\"datePublished\":\"2025-07-21T10:23:25+00:00\",\"dateModified\":\"2025-08-31T22:47:26+00:00\",\"description\":\"\ud83d\udcaa Podr\u017eava regeneraciju zglobova, tetiva, ligamenata i kostiju \u2013 potpuna podr\u0161ka mi\u0161i\u0107no-ko\u0161tanom sustavu \ud83c\udf3f S jedinstvenom kombinacijom kolagena, MSM, glukozamina i prirodnih ulja \u2013 za brz i prirodan oporavak \ud83d\udc0e Idealno za sportske konje i oporavak nakon ozljeda \u2013 visoko u\u010dinkovit i siguran za dugotrajnu upotrebu\",\"breadcrumb\":{\"@id\":\"https:\\\/\\\/clair.si\\\/hr\\\/izdelek\\\/cavalor-arti-repair\\\/#breadcrumb\"},\"inLanguage\":\"hr\",\"potentialAction\":[{\"@type\":\"ReadAction\",\"target\":[\"https:\\\/\\\/clair.si\\\/hr\\\/izdelek\\\/cavalor-arti-repair\\\/\"]}]},{\"@type\":\"ImageObject\",\"inLanguage\":\"hr\",\"@id\":\"https:\\\/\\\/clair.si\\\/hr\\\/izdelek\\\/cavalor-arti-repair\\\/#primaryimage\",\"url\":\"https:\\\/\\\/clair.si\\\/wp-content\\\/uploads\\\/2025\\\/07\\\/arti-repair-clair.webp\",\"contentUrl\":\"https:\\\/\\\/clair.si\\\/wp-content\\\/uploads\\\/2025\\\/07\\\/arti-repair-clair.webp\",\"width\":2048,\"height\":1580},{\"@type\":\"BreadcrumbList\",\"@id\":\"https:\\\/\\\/clair.si\\\/hr\\\/izdelek\\\/cavalor-arti-repair\\\/#breadcrumb\",\"itemListElement\":[{\"@type\":\"ListItem\",\"position\":1,\"name\":\"Home\",\"item\":\"https:\\\/\\\/clair.si\\\/hr\\\/\"},{\"@type\":\"ListItem\",\"position\":2,\"name\":\"Trgovina\",\"item\":\"https:\\\/\\\/clair.si\\\/trgovina\\\/\"},{\"@type\":\"ListItem\",\"position\":3,\"name\":\"Cavalor Arti Repair\"}]},{\"@type\":\"WebSite\",\"@id\":\"https:\\\/\\\/clair.si\\\/#website\",\"url\":\"https:\\\/\\\/clair.si\\\/\",\"name\":\"Clair\",\"description\":\"Trgovina s konjeni\u0161ko opremo\",\"publisher\":{\"@id\":\"https:\\\/\\\/clair.si\\\/#organization\"},\"potentialAction\":[{\"@type\":\"SearchAction\",\"target\":{\"@type\":\"EntryPoint\",\"urlTemplate\":\"https:\\\/\\\/clair.si\\\/?s={search_term_string}\"},\"query-input\":{\"@type\":\"PropertyValueSpecification\",\"valueRequired\":true,\"valueName\":\"search_term_string\"}}],\"inLanguage\":\"hr\"},{\"@type\":\"Organization\",\"@id\":\"https:\\\/\\\/clair.si\\\/#organization\",\"name\":\"Clair\",\"url\":\"https:\\\/\\\/clair.si\\\/\",\"logo\":{\"@type\":\"ImageObject\",\"inLanguage\":\"hr\",\"@id\":\"https:\\\/\\\/clair.si\\\/#\\\/schema\\\/logo\\\/image\\\/\",\"url\":\"https:\\\/\\\/clair.si\\\/wp-content\\\/uploads\\\/2022\\\/11\\\/clair_logo_2022.jpg\",\"contentUrl\":\"https:\\\/\\\/clair.si\\\/wp-content\\\/uploads\\\/2022\\\/11\\\/clair_logo_2022.jpg\",\"width\":1920,\"height\":1920,\"caption\":\"Clair\"},\"image\":{\"@id\":\"https:\\\/\\\/clair.si\\\/#\\\/schema\\\/logo\\\/image\\\/\"},\"sameAs\":[\"https:\\\/\\\/www.facebook.com\\\/TrgovinaClair\\\/\"]}]}<\/script>\n<!-- \/ Yoast SEO plugin. -->","yoast_head_json":{"title":"Cavalor Arti Repair - Clair","description":"\ud83d\udcaa Podr\u017eava regeneraciju zglobova, tetiva, ligamenata i kostiju \u2013 potpuna podr\u0161ka mi\u0161i\u0107no-ko\u0161tanom sustavu   \ud83c\udf3f S jedinstvenom kombinacijom kolagena, MSM, glukozamina i prirodnih ulja \u2013 za brz i prirodan oporavak    \ud83d\udc0e Idealno za sportske konje i oporavak nakon ozljeda \u2013 visoko u\u010dinkovit i siguran za dugotrajnu upotrebu","robots":{"index":"index","follow":"follow","max-snippet":"max-snippet:-1","max-image-preview":"max-image-preview:large","max-video-preview":"max-video-preview:-1"},"canonical":"https:\/\/clair.si\/hr\/izdelek\/cavalor-arti-repair\/","og_locale":"hr_HR","og_type":"article","og_title":"Cavalor Arti Repair - Clair","og_description":"\ud83d\udcaa Podr\u017eava regeneraciju zglobova, tetiva, ligamenata i kostiju \u2013 potpuna podr\u0161ka mi\u0161i\u0107no-ko\u0161tanom sustavu   \ud83c\udf3f S jedinstvenom kombinacijom kolagena, MSM, glukozamina i prirodnih ulja \u2013 za brz i prirodan oporavak    \ud83d\udc0e Idealno za sportske konje i oporavak nakon ozljeda \u2013 visoko u\u010dinkovit i siguran za dugotrajnu upotrebu","og_url":"https:\/\/clair.si\/hr\/izdelek\/cavalor-arti-repair\/","og_site_name":"Clair","article_publisher":"https:\/\/www.facebook.com\/TrgovinaClair\/","article_modified_time":"2025-08-31T22:47:26+00:00","og_image":[{"width":2048,"height":1580,"url":"https:\/\/clair.si\/wp-content\/uploads\/2025\/07\/arti-repair-clair.webp","type":"image\/webp"}],"twitter_card":"summary_large_image","twitter_misc":{"Procijenjeno vrijeme \u010ditanja":"2 minute"},"schema":{"@context":"https:\/\/schema.org","@graph":[{"@type":"WebPage","@id":"https:\/\/clair.si\/hr\/izdelek\/cavalor-arti-repair\/","url":"https:\/\/clair.si\/hr\/izdelek\/cavalor-arti-repair\/","name":"Cavalor Arti Repair - Clair","isPartOf":{"@id":"https:\/\/clair.si\/#website"},"primaryImageOfPage":{"@id":"https:\/\/clair.si\/hr\/izdelek\/cavalor-arti-repair\/#primaryimage"},"image":{"@id":"https:\/\/clair.si\/hr\/izdelek\/cavalor-arti-repair\/#primaryimage"},"thumbnailUrl":"https:\/\/clair.si\/wp-content\/uploads\/2025\/07\/arti-repair-clair.webp","datePublished":"2025-07-21T10:23:25+00:00","dateModified":"2025-08-31T22:47:26+00:00","description":"\ud83d\udcaa Podr\u017eava regeneraciju zglobova, tetiva, ligamenata i kostiju \u2013 potpuna podr\u0161ka mi\u0161i\u0107no-ko\u0161tanom sustavu \ud83c\udf3f S jedinstvenom kombinacijom kolagena, MSM, glukozamina i prirodnih ulja \u2013 za brz i prirodan oporavak \ud83d\udc0e Idealno za sportske konje i oporavak nakon ozljeda \u2013 visoko u\u010dinkovit i siguran za dugotrajnu upotrebu","breadcrumb":{"@id":"https:\/\/clair.si\/hr\/izdelek\/cavalor-arti-repair\/#breadcrumb"},"inLanguage":"hr","potentialAction":[{"@type":"ReadAction","target":["https:\/\/clair.si\/hr\/izdelek\/cavalor-arti-repair\/"]}]},{"@type":"ImageObject","inLanguage":"hr","@id":"https:\/\/clair.si\/hr\/izdelek\/cavalor-arti-repair\/#primaryimage","url":"https:\/\/clair.si\/wp-content\/uploads\/2025\/07\/arti-repair-clair.webp","contentUrl":"https:\/\/clair.si\/wp-content\/uploads\/2025\/07\/arti-repair-clair.webp","width":2048,"height":1580},{"@type":"BreadcrumbList","@id":"https:\/\/clair.si\/hr\/izdelek\/cavalor-arti-repair\/#breadcrumb","itemListElement":[{"@type":"ListItem","position":1,"name":"Home","item":"https:\/\/clair.si\/hr\/"},{"@type":"ListItem","position":2,"name":"Trgovina","item":"https:\/\/clair.si\/trgovina\/"},{"@type":"ListItem","position":3,"name":"Cavalor Arti Repair"}]},{"@type":"WebSite","@id":"https:\/\/clair.si\/#website","url":"https:\/\/clair.si\/","name":"Clair","description":"Trgovina s konjeni\u0161ko opremo","publisher":{"@id":"https:\/\/clair.si\/#organization"},"potentialAction":[{"@type":"SearchAction","target":{"@type":"EntryPoint","urlTemplate":"https:\/\/clair.si\/?s={search_term_string}"},"query-input":{"@type":"PropertyValueSpecification","valueRequired":true,"valueName":"search_term_string"}}],"inLanguage":"hr"},{"@type":"Organization","@id":"https:\/\/clair.si\/#organization","name":"Clair","url":"https:\/\/clair.si\/","logo":{"@type":"ImageObject","inLanguage":"hr","@id":"https:\/\/clair.si\/#\/schema\/logo\/image\/","url":"https:\/\/clair.si\/wp-content\/uploads\/2022\/11\/clair_logo_2022.jpg","contentUrl":"https:\/\/clair.si\/wp-content\/uploads\/2022\/11\/clair_logo_2022.jpg","width":1920,"height":1920,"caption":"Clair"},"image":{"@id":"https:\/\/clair.si\/#\/schema\/logo\/image\/"},"sameAs":["https:\/\/www.facebook.com\/TrgovinaClair\/"]}]}},"_links":{"self":[{"href":"https:\/\/clair.si\/hr\/wp-json\/wp\/v2\/product\/92433","targetHints":{"allow":["GET"]}}],"collection":[{"href":"https:\/\/clair.si\/hr\/wp-json\/wp\/v2\/product"}],"about":[{"href":"https:\/\/clair.si\/hr\/wp-json\/wp\/v2\/types\/product"}],"version-history":[{"count":0,"href":"https:\/\/clair.si\/hr\/wp-json\/wp\/v2\/product\/92433\/revisions"}],"wp:featuredmedia":[{"embeddable":true,"href":"https:\/\/clair.si\/hr\/wp-json\/wp\/v2\/media\/92434"}],"wp:attachment":[{"href":"https:\/\/clair.si\/hr\/wp-json\/wp\/v2\/media?parent=92433"}],"wp:term":[{"taxonomy":"product_brand","embeddable":true,"href":"https:\/\/clair.si\/hr\/wp-json\/wp\/v2\/product_brand?post=92433"},{"taxonomy":"product_cat","embeddable":true,"href":"https:\/\/clair.si\/hr\/wp-json\/wp\/v2\/product_cat?post=92433"},{"taxonomy":"product_tag","embeddable":true,"href":"https:\/\/clair.si\/hr\/wp-json\/wp\/v2\/product_tag?post=92433"}],"curies":[{"name":"wp","href":"https:\/\/api.w.org\/{rel}","templated":true}]}}