{"id":92460,"date":"2025-07-16T11:38:02","date_gmt":"2025-07-16T09:38:02","guid":{"rendered":"https:\/\/clair.si\/izdelek\/natjecateljske-jahace-tajice-penelope-delphe-white\/"},"modified":"2025-08-27T17:49:25","modified_gmt":"2025-08-27T15:49:25","slug":"natjecateljske-jahace-tajice-penelope-delphe-white","status":"publish","type":"product","link":"https:\/\/clair.si\/hr\/izdelek\/natjecateljske-jahace-tajice-penelope-delphe-white\/","title":{"rendered":"Natjecateljske jaha\u0107e tajice Penelope Delphe White"},"content":{"rendered":"<p>&nbsp;<\/p>\n<hr data-start=\"171\" data-end=\"174\">\n<p><strong data-start=\"176\" data-end=\"249\">Hla\u010de Pull-On Delphe by P\u00e9n\u00e9lope \u2013 udobnost, stil i performanse u jednom<\/strong><\/p>\n<p data-start=\"251\" data-end=\"557\">Tajice <em data-start=\"258\" data-end=\"266\">Delphe<\/em> poznatog brenda <strong data-start=\"292\" data-end=\"304\">P\u00e9n\u00e9lope<\/strong> dizajnirane su za potpunu slobodu kretanja, vrhunsku udobnost i bezvremenski izgled \u2013 idealne za jahanje i druge sportske aktivnosti. S iznimno rastezljivom tkaninom, pristaju kao druga ko\u017ea, a istovremeno nude pouzdanu potporu tamo gdje je najpotrebnije. <\/p>\n<p data-start=\"559\" data-end=\"924\">Model <em data-start=\"565\" data-end=\"574\">Delphe<\/em> ima \u0161iroki elasti\u010dni pojas bez zatvara\u010da i gumba, \u0161to osigurava iznimnu udobnost i jednostavno obla\u010denje. Cijelo sjedalo je protuklizno, sa silikonskim otiskom logotipa <strong data-start=\"740\" data-end=\"752\">P\u00e9n\u00e9lope<\/strong>, koji je diskretno elegantan, ali funkcionalan. Na lijevoj nogavici nalazi se zalijepljen d\u017eep za mobilni telefon, ukra\u0161en logotipom od sjajnih kamen\u010di\u0107a \u2013 prakti\u010dno i stilski dovr\u0161eno.  <\/p>\n<p data-start=\"926\" data-end=\"1080\">Donji dio nogavica izra\u0111en je od ultra lagane, perforirane tkanine, koja omogu\u0107uje odli\u010dnu prozra\u010dnost. Bijela verzija tajica tako\u0111er je prikladna za konji\u010dka natjecanja. <\/p>\n<p data-start=\"926\" data-end=\"1080\"><strong data-start=\"1143\" data-end=\"1157\">Veli\u010dine:<\/strong> 34\u201344<br data-start=\"1163\" data-end=\"1166\"><strong data-start=\"1166\" data-end=\"1178\">Sastav:<\/strong><\/p>\n<ul data-start=\"1181\" data-end=\"1328\">\n<li data-start=\"1181\" data-end=\"1228\">\n<p data-start=\"1183\" data-end=\"1228\">Glavna tkanina: 75 % poliamid, 25 % elastan<\/p>\n<\/li>\n<li data-start=\"1229\" data-end=\"1280\">\n<p data-start=\"1231\" data-end=\"1280\">Sekundarna tkanina: 87 % poliamid, 13 % elastan<\/p>\n<\/li>\n<li data-start=\"1281\" data-end=\"1328\">\n<p data-start=\"1283\" data-end=\"1328\">Tre\u0107a tkanina: 75 % poliamid, 25 % elastan<\/p>\n<\/li>\n<\/ul>\n<p data-start=\"1330\" data-end=\"1541\"><strong data-start=\"1330\" data-end=\"1357\">Savjet glede veli\u010dine:<\/strong> odaberite svoj uobi\u010dajeni konfekcijski broj \u2013 model odgovara standardnim mjerama.<br data-start=\"1438\" data-end=\"1441\"><strong data-start=\"1441\" data-end=\"1457\">Odr\u017eavanje:<\/strong> pranje u perilici rublja na 30 \u00b0C, su\u0161enje na zraku. Su\u0161ilica nije preporu\u010dljiva. <\/p>\n","protected":false},"excerpt":{"rendered":"<p>&nbsp; Hla\u010de Pull-On Delphe by P\u00e9n\u00e9lope \u2013 udobnost, stil i performanse u jednom Tajice Delphe poznatog brenda P\u00e9n\u00e9lope dizajnirane su<\/p>\n","protected":false},"featured_media":91720,"template":"","meta":{"footnotes":""},"product_brand":[],"product_cat":[5654,5657,5670,5736,5667,5669,5708],"product_tag":[],"class_list":{"0":"post-92460","1":"product","2":"type-product","3":"status-publish","4":"has-post-thumbnail","6":"product_cat-jahac-hr","7":"product_cat-kategorije-hr","8":"product_cat-natjecanja","9":"product_cat-natjecateljske-hlace","10":"product_cat-zene","11":"product_cat-zenska-natjecateljska-odjeca","12":"product_cat-zenske-jahace-hlace","14":"first","15":"instock","16":"shipping-taxable","17":"purchasable","18":"product-type-variable"},"yoast_head":"<!-- This site is optimized with the Yoast SEO plugin v27.3 - https:\/\/yoast.com\/product\/yoast-seo-wordpress\/ -->\n<title>Natjecateljske jaha\u0107e tajice Penelope Delphe White - Clair<\/title>\n<meta name=\"description\" content=\"&nbsp; Hla\u010de Pull-On Delphe by P\u00e9n\u00e9lope \u2013 udobnost, stil i performanse u jednom Tajice Delphe poznatog brenda P\u00e9n\u00e9lope dizajnirane su za potpunu slobodu\" \/>\n<meta name=\"robots\" content=\"index, follow, max-snippet:-1, max-image-preview:large, max-video-preview:-1\" \/>\n<link rel=\"canonical\" href=\"https:\/\/clair.si\/hr\/izdelek\/natjecateljske-jahace-tajice-penelope-delphe-white\/\" \/>\n<meta property=\"og:locale\" content=\"hr_HR\" \/>\n<meta property=\"og:type\" content=\"article\" \/>\n<meta property=\"og:title\" content=\"Natjecateljske jaha\u0107e tajice Penelope Delphe White - Clair\" \/>\n<meta property=\"og:description\" content=\"&nbsp; Hla\u010de Pull-On Delphe by P\u00e9n\u00e9lope \u2013 udobnost, stil i performanse u jednom Tajice Delphe poznatog brenda P\u00e9n\u00e9lope dizajnirane su za potpunu slobodu\" \/>\n<meta property=\"og:url\" content=\"https:\/\/clair.si\/hr\/izdelek\/natjecateljske-jahace-tajice-penelope-delphe-white\/\" \/>\n<meta property=\"og:site_name\" content=\"Clair\" \/>\n<meta property=\"article:publisher\" content=\"https:\/\/www.facebook.com\/TrgovinaClair\/\" \/>\n<meta property=\"article:modified_time\" content=\"2025-08-27T15:49:25+00:00\" \/>\n<meta property=\"og:image\" content=\"https:\/\/clair.si\/wp-content\/uploads\/2025\/07\/penelope-delphe-jahalne-hlace-bela.webp\" \/>\n\t<meta property=\"og:image:width\" content=\"800\" \/>\n\t<meta property=\"og:image:height\" content=\"800\" \/>\n\t<meta property=\"og:image:type\" content=\"image\/jpeg\" \/>\n<meta name=\"twitter:card\" content=\"summary_large_image\" \/>\n<meta name=\"twitter:label1\" content=\"Procijenjeno vrijeme \u010ditanja\" \/>\n\t<meta name=\"twitter:data1\" content=\"1 minuta\" \/>\n<script type=\"application\/ld+json\" class=\"yoast-schema-graph\">{\"@context\":\"https:\\\/\\\/schema.org\",\"@graph\":[{\"@type\":\"WebPage\",\"@id\":\"https:\\\/\\\/clair.si\\\/hr\\\/izdelek\\\/natjecateljske-jahace-tajice-penelope-delphe-white\\\/\",\"url\":\"https:\\\/\\\/clair.si\\\/hr\\\/izdelek\\\/natjecateljske-jahace-tajice-penelope-delphe-white\\\/\",\"name\":\"Natjecateljske jaha\u0107e tajice Penelope Delphe White - Clair\",\"isPartOf\":{\"@id\":\"https:\\\/\\\/clair.si\\\/#website\"},\"primaryImageOfPage\":{\"@id\":\"https:\\\/\\\/clair.si\\\/hr\\\/izdelek\\\/natjecateljske-jahace-tajice-penelope-delphe-white\\\/#primaryimage\"},\"image\":{\"@id\":\"https:\\\/\\\/clair.si\\\/hr\\\/izdelek\\\/natjecateljske-jahace-tajice-penelope-delphe-white\\\/#primaryimage\"},\"thumbnailUrl\":\"https:\\\/\\\/clair.si\\\/wp-content\\\/uploads\\\/2025\\\/07\\\/penelope-delphe-jahalne-hlace-bela.webp\",\"datePublished\":\"2025-07-16T09:38:02+00:00\",\"dateModified\":\"2025-08-27T15:49:25+00:00\",\"description\":\"&nbsp; Hla\u010de Pull-On Delphe by P\u00e9n\u00e9lope \u2013 udobnost, stil i performanse u jednom Tajice Delphe poznatog brenda P\u00e9n\u00e9lope dizajnirane su za potpunu slobodu\",\"breadcrumb\":{\"@id\":\"https:\\\/\\\/clair.si\\\/hr\\\/izdelek\\\/natjecateljske-jahace-tajice-penelope-delphe-white\\\/#breadcrumb\"},\"inLanguage\":\"hr\",\"potentialAction\":[{\"@type\":\"ReadAction\",\"target\":[\"https:\\\/\\\/clair.si\\\/hr\\\/izdelek\\\/natjecateljske-jahace-tajice-penelope-delphe-white\\\/\"]}]},{\"@type\":\"ImageObject\",\"inLanguage\":\"hr\",\"@id\":\"https:\\\/\\\/clair.si\\\/hr\\\/izdelek\\\/natjecateljske-jahace-tajice-penelope-delphe-white\\\/#primaryimage\",\"url\":\"https:\\\/\\\/clair.si\\\/wp-content\\\/uploads\\\/2025\\\/07\\\/penelope-delphe-jahalne-hlace-bela.webp\",\"contentUrl\":\"https:\\\/\\\/clair.si\\\/wp-content\\\/uploads\\\/2025\\\/07\\\/penelope-delphe-jahalne-hlace-bela.webp\",\"width\":800,\"height\":800},{\"@type\":\"BreadcrumbList\",\"@id\":\"https:\\\/\\\/clair.si\\\/hr\\\/izdelek\\\/natjecateljske-jahace-tajice-penelope-delphe-white\\\/#breadcrumb\",\"itemListElement\":[{\"@type\":\"ListItem\",\"position\":1,\"name\":\"Home\",\"item\":\"https:\\\/\\\/clair.si\\\/hr\\\/\"},{\"@type\":\"ListItem\",\"position\":2,\"name\":\"Trgovina\",\"item\":\"https:\\\/\\\/clair.si\\\/trgovina\\\/\"},{\"@type\":\"ListItem\",\"position\":3,\"name\":\"Natjecateljske jaha\u0107e tajice Penelope Delphe White\"}]},{\"@type\":\"WebSite\",\"@id\":\"https:\\\/\\\/clair.si\\\/#website\",\"url\":\"https:\\\/\\\/clair.si\\\/\",\"name\":\"Clair\",\"description\":\"Trgovina s konjeni\u0161ko opremo\",\"publisher\":{\"@id\":\"https:\\\/\\\/clair.si\\\/#organization\"},\"potentialAction\":[{\"@type\":\"SearchAction\",\"target\":{\"@type\":\"EntryPoint\",\"urlTemplate\":\"https:\\\/\\\/clair.si\\\/?s={search_term_string}\"},\"query-input\":{\"@type\":\"PropertyValueSpecification\",\"valueRequired\":true,\"valueName\":\"search_term_string\"}}],\"inLanguage\":\"hr\"},{\"@type\":\"Organization\",\"@id\":\"https:\\\/\\\/clair.si\\\/#organization\",\"name\":\"Clair\",\"url\":\"https:\\\/\\\/clair.si\\\/\",\"logo\":{\"@type\":\"ImageObject\",\"inLanguage\":\"hr\",\"@id\":\"https:\\\/\\\/clair.si\\\/#\\\/schema\\\/logo\\\/image\\\/\",\"url\":\"https:\\\/\\\/clair.si\\\/wp-content\\\/uploads\\\/2022\\\/11\\\/clair_logo_2022.jpg\",\"contentUrl\":\"https:\\\/\\\/clair.si\\\/wp-content\\\/uploads\\\/2022\\\/11\\\/clair_logo_2022.jpg\",\"width\":1920,\"height\":1920,\"caption\":\"Clair\"},\"image\":{\"@id\":\"https:\\\/\\\/clair.si\\\/#\\\/schema\\\/logo\\\/image\\\/\"},\"sameAs\":[\"https:\\\/\\\/www.facebook.com\\\/TrgovinaClair\\\/\"]}]}<\/script>\n<!-- \/ Yoast SEO plugin. -->","yoast_head_json":{"title":"Natjecateljske jaha\u0107e tajice Penelope Delphe White - Clair","description":"&nbsp; Hla\u010de Pull-On Delphe by P\u00e9n\u00e9lope \u2013 udobnost, stil i performanse u jednom Tajice Delphe poznatog brenda P\u00e9n\u00e9lope dizajnirane su za potpunu slobodu","robots":{"index":"index","follow":"follow","max-snippet":"max-snippet:-1","max-image-preview":"max-image-preview:large","max-video-preview":"max-video-preview:-1"},"canonical":"https:\/\/clair.si\/hr\/izdelek\/natjecateljske-jahace-tajice-penelope-delphe-white\/","og_locale":"hr_HR","og_type":"article","og_title":"Natjecateljske jaha\u0107e tajice Penelope Delphe White - Clair","og_description":"&nbsp; Hla\u010de Pull-On Delphe by P\u00e9n\u00e9lope \u2013 udobnost, stil i performanse u jednom Tajice Delphe poznatog brenda P\u00e9n\u00e9lope dizajnirane su za potpunu slobodu","og_url":"https:\/\/clair.si\/hr\/izdelek\/natjecateljske-jahace-tajice-penelope-delphe-white\/","og_site_name":"Clair","article_publisher":"https:\/\/www.facebook.com\/TrgovinaClair\/","article_modified_time":"2025-08-27T15:49:25+00:00","og_image":[{"width":800,"height":800,"url":"https:\/\/clair.si\/wp-content\/uploads\/2025\/07\/penelope-delphe-jahalne-hlace-bela.webp","type":"image\/jpeg"}],"twitter_card":"summary_large_image","twitter_misc":{"Procijenjeno vrijeme \u010ditanja":"1 minuta"},"schema":{"@context":"https:\/\/schema.org","@graph":[{"@type":"WebPage","@id":"https:\/\/clair.si\/hr\/izdelek\/natjecateljske-jahace-tajice-penelope-delphe-white\/","url":"https:\/\/clair.si\/hr\/izdelek\/natjecateljske-jahace-tajice-penelope-delphe-white\/","name":"Natjecateljske jaha\u0107e tajice Penelope Delphe White - Clair","isPartOf":{"@id":"https:\/\/clair.si\/#website"},"primaryImageOfPage":{"@id":"https:\/\/clair.si\/hr\/izdelek\/natjecateljske-jahace-tajice-penelope-delphe-white\/#primaryimage"},"image":{"@id":"https:\/\/clair.si\/hr\/izdelek\/natjecateljske-jahace-tajice-penelope-delphe-white\/#primaryimage"},"thumbnailUrl":"https:\/\/clair.si\/wp-content\/uploads\/2025\/07\/penelope-delphe-jahalne-hlace-bela.webp","datePublished":"2025-07-16T09:38:02+00:00","dateModified":"2025-08-27T15:49:25+00:00","description":"&nbsp; Hla\u010de Pull-On Delphe by P\u00e9n\u00e9lope \u2013 udobnost, stil i performanse u jednom Tajice Delphe poznatog brenda P\u00e9n\u00e9lope dizajnirane su za potpunu slobodu","breadcrumb":{"@id":"https:\/\/clair.si\/hr\/izdelek\/natjecateljske-jahace-tajice-penelope-delphe-white\/#breadcrumb"},"inLanguage":"hr","potentialAction":[{"@type":"ReadAction","target":["https:\/\/clair.si\/hr\/izdelek\/natjecateljske-jahace-tajice-penelope-delphe-white\/"]}]},{"@type":"ImageObject","inLanguage":"hr","@id":"https:\/\/clair.si\/hr\/izdelek\/natjecateljske-jahace-tajice-penelope-delphe-white\/#primaryimage","url":"https:\/\/clair.si\/wp-content\/uploads\/2025\/07\/penelope-delphe-jahalne-hlace-bela.webp","contentUrl":"https:\/\/clair.si\/wp-content\/uploads\/2025\/07\/penelope-delphe-jahalne-hlace-bela.webp","width":800,"height":800},{"@type":"BreadcrumbList","@id":"https:\/\/clair.si\/hr\/izdelek\/natjecateljske-jahace-tajice-penelope-delphe-white\/#breadcrumb","itemListElement":[{"@type":"ListItem","position":1,"name":"Home","item":"https:\/\/clair.si\/hr\/"},{"@type":"ListItem","position":2,"name":"Trgovina","item":"https:\/\/clair.si\/trgovina\/"},{"@type":"ListItem","position":3,"name":"Natjecateljske jaha\u0107e tajice Penelope Delphe White"}]},{"@type":"WebSite","@id":"https:\/\/clair.si\/#website","url":"https:\/\/clair.si\/","name":"Clair","description":"Trgovina s konjeni\u0161ko opremo","publisher":{"@id":"https:\/\/clair.si\/#organization"},"potentialAction":[{"@type":"SearchAction","target":{"@type":"EntryPoint","urlTemplate":"https:\/\/clair.si\/?s={search_term_string}"},"query-input":{"@type":"PropertyValueSpecification","valueRequired":true,"valueName":"search_term_string"}}],"inLanguage":"hr"},{"@type":"Organization","@id":"https:\/\/clair.si\/#organization","name":"Clair","url":"https:\/\/clair.si\/","logo":{"@type":"ImageObject","inLanguage":"hr","@id":"https:\/\/clair.si\/#\/schema\/logo\/image\/","url":"https:\/\/clair.si\/wp-content\/uploads\/2022\/11\/clair_logo_2022.jpg","contentUrl":"https:\/\/clair.si\/wp-content\/uploads\/2022\/11\/clair_logo_2022.jpg","width":1920,"height":1920,"caption":"Clair"},"image":{"@id":"https:\/\/clair.si\/#\/schema\/logo\/image\/"},"sameAs":["https:\/\/www.facebook.com\/TrgovinaClair\/"]}]}},"_links":{"self":[{"href":"https:\/\/clair.si\/hr\/wp-json\/wp\/v2\/product\/92460","targetHints":{"allow":["GET"]}}],"collection":[{"href":"https:\/\/clair.si\/hr\/wp-json\/wp\/v2\/product"}],"about":[{"href":"https:\/\/clair.si\/hr\/wp-json\/wp\/v2\/types\/product"}],"version-history":[{"count":0,"href":"https:\/\/clair.si\/hr\/wp-json\/wp\/v2\/product\/92460\/revisions"}],"wp:featuredmedia":[{"embeddable":true,"href":"https:\/\/clair.si\/hr\/wp-json\/wp\/v2\/media\/91720"}],"wp:attachment":[{"href":"https:\/\/clair.si\/hr\/wp-json\/wp\/v2\/media?parent=92460"}],"wp:term":[{"taxonomy":"product_brand","embeddable":true,"href":"https:\/\/clair.si\/hr\/wp-json\/wp\/v2\/product_brand?post=92460"},{"taxonomy":"product_cat","embeddable":true,"href":"https:\/\/clair.si\/hr\/wp-json\/wp\/v2\/product_cat?post=92460"},{"taxonomy":"product_tag","embeddable":true,"href":"https:\/\/clair.si\/hr\/wp-json\/wp\/v2\/product_tag?post=92460"}],"curies":[{"name":"wp","href":"https:\/\/api.w.org\/{rel}","templated":true}]}}