{"id":92525,"date":"2025-07-08T12:57:24","date_gmt":"2025-07-08T10:57:24","guid":{"rendered":"https:\/\/clair.si\/izdelek\/kaciga-e-t-agris-wide-wisor-glossy\/"},"modified":"2025-08-27T21:41:26","modified_gmt":"2025-08-27T19:41:26","slug":"kaciga-e-t-agris-wide-wisor-glossy","status":"publish","type":"product","link":"https:\/\/clair.si\/hr\/izdelek\/kaciga-e-t-agris-wide-wisor-glossy\/","title":{"rendered":"Kaciga E-T Agris Wide Wisor Glossy"},"content":{"rendered":"<p><strong>Kaciga E-T Agris Wide Wisor Glossy<\/strong> crne boje sa \u0161irokim umetkom \u0161ljokica.<\/p>\n<div class=\"group\/conversation-turn relative flex w-full min-w-0 flex-col agent-turn\">\n<div class=\"flex-col gap-1 md:gap-3\">\n<div class=\"flex max-w-full flex-col flex-grow\">\n<div class=\"min-h-8 text-message flex w-full flex-col items-end gap-2 whitespace-normal break-words text-start [.text-message+&amp;]:mt-5\" dir=\"auto\" data-message-author-role=\"assistant\" data-message-id=\"2f262df8-ad45-47bc-8fb3-48de24023ede\" data-message-model-slug=\"gpt-4o\">\n<div class=\"flex w-full flex-col gap-1 empty:hidden first:pt-[3px]\">\n<div class=\"markdown prose w-full break-words dark:prose-invert light\">\n<p><strong>DETALJI:<\/strong><\/p>\n<ul>\n<li>Ventilacijske mre\u017ee u crnoj boji<\/li>\n<li>Metalni umetak<\/li>\n<\/ul>\n<p>Kaciga s oznakom CE, sukladna sa standardom EN1384:2023. T\u00dcV certifikat. <\/p>\n<\/div>\n<\/div>\n<\/div>\n<\/div>\n<\/div>\n<\/div>\n","protected":false},"excerpt":{"rendered":"<p>Kaciga E-T Agris Wide Wisor Glossy crne boje sa \u0161irokim umetkom \u0161ljokica. DETALJI: Ventilacijske mre\u017ee u crnoj boji Metalni umetak<\/p>\n","protected":false},"featured_media":92528,"template":"","meta":{"footnotes":""},"product_brand":[],"product_cat":[5654,5767,5768,5657,5769,5658,5766],"product_tag":[],"class_list":{"0":"post-92525","1":"product","2":"type-product","3":"status-publish","4":"has-post-thumbnail","6":"product_cat-jahac-hr","7":"product_cat-kacige","8":"product_cat-kacige-hr","9":"product_cat-kategorije-hr","10":"product_cat-must-have","11":"product_cat-pocetci-jahanja","12":"product_cat-zastitna-oprema","14":"first","15":"instock","16":"sale","17":"shipping-taxable","18":"purchasable","19":"product-type-variable"},"yoast_head":"<!-- This site is optimized with the Yoast SEO plugin v27.3 - https:\/\/yoast.com\/product\/yoast-seo-wordpress\/ -->\n<title>Kaciga E-T Agris Wide Wisor Glossy - Clair<\/title>\n<meta name=\"description\" content=\"Kaciga E-T Agris Wide Wisor Glossy crne boje sa \u0161irokim umetkom \u0161ljokica. DETALJI: Ventilacijske mre\u017ee u crnoj boji Metalni umetak Kaciga s oznakom CE,\" \/>\n<meta name=\"robots\" content=\"index, follow, max-snippet:-1, max-image-preview:large, max-video-preview:-1\" \/>\n<link rel=\"canonical\" href=\"https:\/\/clair.si\/hr\/izdelek\/kaciga-e-t-agris-wide-wisor-glossy\/\" \/>\n<meta property=\"og:locale\" content=\"hr_HR\" \/>\n<meta property=\"og:type\" content=\"article\" \/>\n<meta property=\"og:title\" content=\"Kaciga E-T Agris Wide Wisor Glossy - Clair\" \/>\n<meta property=\"og:description\" content=\"Kaciga E-T Agris Wide Wisor Glossy crne boje sa \u0161irokim umetkom \u0161ljokica. DETALJI: Ventilacijske mre\u017ee u crnoj boji Metalni umetak Kaciga s oznakom CE,\" \/>\n<meta property=\"og:url\" content=\"https:\/\/clair.si\/hr\/izdelek\/kaciga-e-t-agris-wide-wisor-glossy\/\" \/>\n<meta property=\"og:site_name\" content=\"Clair\" \/>\n<meta property=\"article:publisher\" content=\"https:\/\/www.facebook.com\/TrgovinaClair\/\" \/>\n<meta property=\"article:modified_time\" content=\"2025-08-27T19:41:26+00:00\" \/>\n<meta property=\"og:image\" content=\"https:\/\/clair.si\/wp-content\/uploads\/2025\/07\/equitheme-agris-helmet-wide-visor-glossy.webp\" \/>\n\t<meta property=\"og:image:width\" content=\"800\" \/>\n\t<meta property=\"og:image:height\" content=\"800\" \/>\n\t<meta property=\"og:image:type\" content=\"image\/jpeg\" \/>\n<meta name=\"twitter:card\" content=\"summary_large_image\" \/>\n<meta name=\"twitter:label1\" content=\"Procijenjeno vrijeme \u010ditanja\" \/>\n\t<meta name=\"twitter:data1\" content=\"1 minuta\" \/>\n<script type=\"application\/ld+json\" class=\"yoast-schema-graph\">{\"@context\":\"https:\\\/\\\/schema.org\",\"@graph\":[{\"@type\":\"WebPage\",\"@id\":\"https:\\\/\\\/clair.si\\\/hr\\\/izdelek\\\/kaciga-e-t-agris-wide-wisor-glossy\\\/\",\"url\":\"https:\\\/\\\/clair.si\\\/hr\\\/izdelek\\\/kaciga-e-t-agris-wide-wisor-glossy\\\/\",\"name\":\"Kaciga E-T Agris Wide Wisor Glossy - Clair\",\"isPartOf\":{\"@id\":\"https:\\\/\\\/clair.si\\\/#website\"},\"primaryImageOfPage\":{\"@id\":\"https:\\\/\\\/clair.si\\\/hr\\\/izdelek\\\/kaciga-e-t-agris-wide-wisor-glossy\\\/#primaryimage\"},\"image\":{\"@id\":\"https:\\\/\\\/clair.si\\\/hr\\\/izdelek\\\/kaciga-e-t-agris-wide-wisor-glossy\\\/#primaryimage\"},\"thumbnailUrl\":\"https:\\\/\\\/clair.si\\\/wp-content\\\/uploads\\\/2025\\\/07\\\/equitheme-agris-helmet-wide-visor-glossy.webp\",\"datePublished\":\"2025-07-08T10:57:24+00:00\",\"dateModified\":\"2025-08-27T19:41:26+00:00\",\"description\":\"Kaciga E-T Agris Wide Wisor Glossy crne boje sa \u0161irokim umetkom \u0161ljokica. DETALJI: Ventilacijske mre\u017ee u crnoj boji Metalni umetak Kaciga s oznakom CE,\",\"breadcrumb\":{\"@id\":\"https:\\\/\\\/clair.si\\\/hr\\\/izdelek\\\/kaciga-e-t-agris-wide-wisor-glossy\\\/#breadcrumb\"},\"inLanguage\":\"hr\",\"potentialAction\":[{\"@type\":\"ReadAction\",\"target\":[\"https:\\\/\\\/clair.si\\\/hr\\\/izdelek\\\/kaciga-e-t-agris-wide-wisor-glossy\\\/\"]}]},{\"@type\":\"ImageObject\",\"inLanguage\":\"hr\",\"@id\":\"https:\\\/\\\/clair.si\\\/hr\\\/izdelek\\\/kaciga-e-t-agris-wide-wisor-glossy\\\/#primaryimage\",\"url\":\"https:\\\/\\\/clair.si\\\/wp-content\\\/uploads\\\/2025\\\/07\\\/equitheme-agris-helmet-wide-visor-glossy.webp\",\"contentUrl\":\"https:\\\/\\\/clair.si\\\/wp-content\\\/uploads\\\/2025\\\/07\\\/equitheme-agris-helmet-wide-visor-glossy.webp\",\"width\":800,\"height\":800},{\"@type\":\"BreadcrumbList\",\"@id\":\"https:\\\/\\\/clair.si\\\/hr\\\/izdelek\\\/kaciga-e-t-agris-wide-wisor-glossy\\\/#breadcrumb\",\"itemListElement\":[{\"@type\":\"ListItem\",\"position\":1,\"name\":\"Home\",\"item\":\"https:\\\/\\\/clair.si\\\/hr\\\/\"},{\"@type\":\"ListItem\",\"position\":2,\"name\":\"Trgovina\",\"item\":\"https:\\\/\\\/clair.si\\\/trgovina\\\/\"},{\"@type\":\"ListItem\",\"position\":3,\"name\":\"Kaciga E-T Agris Wide Wisor Glossy\"}]},{\"@type\":\"WebSite\",\"@id\":\"https:\\\/\\\/clair.si\\\/#website\",\"url\":\"https:\\\/\\\/clair.si\\\/\",\"name\":\"Clair\",\"description\":\"Trgovina s konjeni\u0161ko opremo\",\"publisher\":{\"@id\":\"https:\\\/\\\/clair.si\\\/#organization\"},\"potentialAction\":[{\"@type\":\"SearchAction\",\"target\":{\"@type\":\"EntryPoint\",\"urlTemplate\":\"https:\\\/\\\/clair.si\\\/?s={search_term_string}\"},\"query-input\":{\"@type\":\"PropertyValueSpecification\",\"valueRequired\":true,\"valueName\":\"search_term_string\"}}],\"inLanguage\":\"hr\"},{\"@type\":\"Organization\",\"@id\":\"https:\\\/\\\/clair.si\\\/#organization\",\"name\":\"Clair\",\"url\":\"https:\\\/\\\/clair.si\\\/\",\"logo\":{\"@type\":\"ImageObject\",\"inLanguage\":\"hr\",\"@id\":\"https:\\\/\\\/clair.si\\\/#\\\/schema\\\/logo\\\/image\\\/\",\"url\":\"https:\\\/\\\/clair.si\\\/wp-content\\\/uploads\\\/2022\\\/11\\\/clair_logo_2022.jpg\",\"contentUrl\":\"https:\\\/\\\/clair.si\\\/wp-content\\\/uploads\\\/2022\\\/11\\\/clair_logo_2022.jpg\",\"width\":1920,\"height\":1920,\"caption\":\"Clair\"},\"image\":{\"@id\":\"https:\\\/\\\/clair.si\\\/#\\\/schema\\\/logo\\\/image\\\/\"},\"sameAs\":[\"https:\\\/\\\/www.facebook.com\\\/TrgovinaClair\\\/\"]}]}<\/script>\n<!-- \/ Yoast SEO plugin. -->","yoast_head_json":{"title":"Kaciga E-T Agris Wide Wisor Glossy - Clair","description":"Kaciga E-T Agris Wide Wisor Glossy crne boje sa \u0161irokim umetkom \u0161ljokica. DETALJI: Ventilacijske mre\u017ee u crnoj boji Metalni umetak Kaciga s oznakom CE,","robots":{"index":"index","follow":"follow","max-snippet":"max-snippet:-1","max-image-preview":"max-image-preview:large","max-video-preview":"max-video-preview:-1"},"canonical":"https:\/\/clair.si\/hr\/izdelek\/kaciga-e-t-agris-wide-wisor-glossy\/","og_locale":"hr_HR","og_type":"article","og_title":"Kaciga E-T Agris Wide Wisor Glossy - Clair","og_description":"Kaciga E-T Agris Wide Wisor Glossy crne boje sa \u0161irokim umetkom \u0161ljokica. DETALJI: Ventilacijske mre\u017ee u crnoj boji Metalni umetak Kaciga s oznakom CE,","og_url":"https:\/\/clair.si\/hr\/izdelek\/kaciga-e-t-agris-wide-wisor-glossy\/","og_site_name":"Clair","article_publisher":"https:\/\/www.facebook.com\/TrgovinaClair\/","article_modified_time":"2025-08-27T19:41:26+00:00","og_image":[{"width":800,"height":800,"url":"https:\/\/clair.si\/wp-content\/uploads\/2025\/07\/equitheme-agris-helmet-wide-visor-glossy.webp","type":"image\/jpeg"}],"twitter_card":"summary_large_image","twitter_misc":{"Procijenjeno vrijeme \u010ditanja":"1 minuta"},"schema":{"@context":"https:\/\/schema.org","@graph":[{"@type":"WebPage","@id":"https:\/\/clair.si\/hr\/izdelek\/kaciga-e-t-agris-wide-wisor-glossy\/","url":"https:\/\/clair.si\/hr\/izdelek\/kaciga-e-t-agris-wide-wisor-glossy\/","name":"Kaciga E-T Agris Wide Wisor Glossy - Clair","isPartOf":{"@id":"https:\/\/clair.si\/#website"},"primaryImageOfPage":{"@id":"https:\/\/clair.si\/hr\/izdelek\/kaciga-e-t-agris-wide-wisor-glossy\/#primaryimage"},"image":{"@id":"https:\/\/clair.si\/hr\/izdelek\/kaciga-e-t-agris-wide-wisor-glossy\/#primaryimage"},"thumbnailUrl":"https:\/\/clair.si\/wp-content\/uploads\/2025\/07\/equitheme-agris-helmet-wide-visor-glossy.webp","datePublished":"2025-07-08T10:57:24+00:00","dateModified":"2025-08-27T19:41:26+00:00","description":"Kaciga E-T Agris Wide Wisor Glossy crne boje sa \u0161irokim umetkom \u0161ljokica. DETALJI: Ventilacijske mre\u017ee u crnoj boji Metalni umetak Kaciga s oznakom CE,","breadcrumb":{"@id":"https:\/\/clair.si\/hr\/izdelek\/kaciga-e-t-agris-wide-wisor-glossy\/#breadcrumb"},"inLanguage":"hr","potentialAction":[{"@type":"ReadAction","target":["https:\/\/clair.si\/hr\/izdelek\/kaciga-e-t-agris-wide-wisor-glossy\/"]}]},{"@type":"ImageObject","inLanguage":"hr","@id":"https:\/\/clair.si\/hr\/izdelek\/kaciga-e-t-agris-wide-wisor-glossy\/#primaryimage","url":"https:\/\/clair.si\/wp-content\/uploads\/2025\/07\/equitheme-agris-helmet-wide-visor-glossy.webp","contentUrl":"https:\/\/clair.si\/wp-content\/uploads\/2025\/07\/equitheme-agris-helmet-wide-visor-glossy.webp","width":800,"height":800},{"@type":"BreadcrumbList","@id":"https:\/\/clair.si\/hr\/izdelek\/kaciga-e-t-agris-wide-wisor-glossy\/#breadcrumb","itemListElement":[{"@type":"ListItem","position":1,"name":"Home","item":"https:\/\/clair.si\/hr\/"},{"@type":"ListItem","position":2,"name":"Trgovina","item":"https:\/\/clair.si\/trgovina\/"},{"@type":"ListItem","position":3,"name":"Kaciga E-T Agris Wide Wisor Glossy"}]},{"@type":"WebSite","@id":"https:\/\/clair.si\/#website","url":"https:\/\/clair.si\/","name":"Clair","description":"Trgovina s konjeni\u0161ko opremo","publisher":{"@id":"https:\/\/clair.si\/#organization"},"potentialAction":[{"@type":"SearchAction","target":{"@type":"EntryPoint","urlTemplate":"https:\/\/clair.si\/?s={search_term_string}"},"query-input":{"@type":"PropertyValueSpecification","valueRequired":true,"valueName":"search_term_string"}}],"inLanguage":"hr"},{"@type":"Organization","@id":"https:\/\/clair.si\/#organization","name":"Clair","url":"https:\/\/clair.si\/","logo":{"@type":"ImageObject","inLanguage":"hr","@id":"https:\/\/clair.si\/#\/schema\/logo\/image\/","url":"https:\/\/clair.si\/wp-content\/uploads\/2022\/11\/clair_logo_2022.jpg","contentUrl":"https:\/\/clair.si\/wp-content\/uploads\/2022\/11\/clair_logo_2022.jpg","width":1920,"height":1920,"caption":"Clair"},"image":{"@id":"https:\/\/clair.si\/#\/schema\/logo\/image\/"},"sameAs":["https:\/\/www.facebook.com\/TrgovinaClair\/"]}]}},"_links":{"self":[{"href":"https:\/\/clair.si\/hr\/wp-json\/wp\/v2\/product\/92525","targetHints":{"allow":["GET"]}}],"collection":[{"href":"https:\/\/clair.si\/hr\/wp-json\/wp\/v2\/product"}],"about":[{"href":"https:\/\/clair.si\/hr\/wp-json\/wp\/v2\/types\/product"}],"version-history":[{"count":0,"href":"https:\/\/clair.si\/hr\/wp-json\/wp\/v2\/product\/92525\/revisions"}],"wp:featuredmedia":[{"embeddable":true,"href":"https:\/\/clair.si\/hr\/wp-json\/wp\/v2\/media\/92528"}],"wp:attachment":[{"href":"https:\/\/clair.si\/hr\/wp-json\/wp\/v2\/media?parent=92525"}],"wp:term":[{"taxonomy":"product_brand","embeddable":true,"href":"https:\/\/clair.si\/hr\/wp-json\/wp\/v2\/product_brand?post=92525"},{"taxonomy":"product_cat","embeddable":true,"href":"https:\/\/clair.si\/hr\/wp-json\/wp\/v2\/product_cat?post=92525"},{"taxonomy":"product_tag","embeddable":true,"href":"https:\/\/clair.si\/hr\/wp-json\/wp\/v2\/product_tag?post=92525"}],"curies":[{"name":"wp","href":"https:\/\/api.w.org\/{rel}","templated":true}]}}