{"id":92532,"date":"2025-07-08T13:26:31","date_gmt":"2025-07-08T11:26:31","guid":{"rendered":"https:\/\/clair.si\/izdelek\/norton-neoprene-zvonci-za-kopita\/"},"modified":"2025-09-14T11:07:49","modified_gmt":"2025-09-14T09:07:49","slug":"norton-neoprene-zvonci-za-kopita","status":"publish","type":"product","link":"https:\/\/clair.si\/hr\/izdelek\/norton-neoprene-zvonci-za-kopita\/","title":{"rendered":"Norton Neoprene zvona za kopita"},"content":{"rendered":"<p><strong>Norton Neoprene zvona za konjska kopita<\/strong> <span class=\"HwtZe\" lang=\"sl\"><span class=\"jCAhz ChMk0b\"><span class=\"ryNqvb\"> izra\u0111eni su u potpunosti od neoprena za maksimalnu za\u0161titu.<\/span><\/span> <\/span><\/p>\n<p><span class=\"HwtZe\" lang=\"sl\"><span class=\"jCAhz ChMk0b\"><span class=\"ryNqvb\">U\u010dinkovita za\u0161tita: Dobro ubla\u017eava udarce i u\u010dinkovito \u0161titi stijenku kopita.<\/span><\/span> <\/span><\/p>\n<p><span class=\"HwtZe\" lang=\"sl\"><span class=\"jCAhz ChMk0b\"><span class=\"ryNqvb\"> Odli\u010dna potpora: \u0160iroko zatvaranje s dvostrukim preklopom na \u010di\u010dak.<\/span><\/span> <\/span><\/p>\n<p><span class=\"HwtZe\" lang=\"sl\"><span class=\"jCAhz ChMk0b\"><span class=\"ryNqvb\">Izuzetno fleksibilni, lagani i izdr\u017eljivi.<\/span><\/span> <\/span><\/p>\n<p><span class=\"HwtZe\" lang=\"sl\"><span class=\"jCAhz\"><span class=\"ryNqvb\">SASTAV: Neopren.<\/span><\/span> <\/span><\/p>\n<p><span class=\"HwtZe\" lang=\"sl\"><span class=\"jCAhz ChMk0b\"><span class=\"ryNqvb\">Upute za njegu: Nakon svake uporabe zatvorite \u010di\u010dak.<\/span><\/span> <span class=\"jCAhz ChMk0b\"><span class=\"ryNqvb\">Po potrebi isperite \u010distom vodom.<\/span><\/span><\/span><\/p>\n","protected":false},"excerpt":{"rendered":"<p>Norton Neoprene zvona za konjska kopita izra\u0111eni su u potpunosti od neoprena za maksimalnu za\u0161titu. U\u010dinkovita za\u0161tita: Dobro ubla\u017eava udarce<\/p>\n","protected":false},"featured_media":92534,"template":"","meta":{"footnotes":""},"product_brand":[],"product_cat":[5624,5773,5774],"product_tag":[],"class_list":{"0":"post-92532","1":"product","2":"type-product","3":"status-publish","4":"has-post-thumbnail","6":"product_cat-konj-hr","7":"product_cat-zastitnici-i-bandaze","8":"product_cat-zvonci-za-kopita-hr","10":"first","11":"instock","12":"shipping-taxable","13":"purchasable","14":"product-type-variable"},"yoast_head":"<!-- This site is optimized with the Yoast SEO plugin v27.3 - https:\/\/yoast.com\/product\/yoast-seo-wordpress\/ -->\n<title>Norton Neoprene zvona za kopita - Clair<\/title>\n<meta name=\"description\" content=\"Norton Neoprene zvona za konjska kopita izra\u0111eni su u potpunosti od neoprena za maksimalnu za\u0161titu. U\u010dinkovita za\u0161tita: Dobro ubla\u017eava udarce i u\u010dinkovito\" \/>\n<meta name=\"robots\" content=\"index, follow, max-snippet:-1, max-image-preview:large, max-video-preview:-1\" \/>\n<link rel=\"canonical\" href=\"https:\/\/clair.si\/izdelek\/zvonci-za-kopita-norton-neoprene\/\" \/>\n<meta property=\"og:locale\" content=\"hr_HR\" \/>\n<meta property=\"og:type\" content=\"article\" \/>\n<meta property=\"og:title\" content=\"Norton Neoprene zvona za kopita - Clair\" \/>\n<meta property=\"og:description\" content=\"Norton Neoprene zvona za konjska kopita izra\u0111eni su u potpunosti od neoprena za maksimalnu za\u0161titu. U\u010dinkovita za\u0161tita: Dobro ubla\u017eava udarce i u\u010dinkovito\" \/>\n<meta property=\"og:url\" content=\"https:\/\/clair.si\/izdelek\/zvonci-za-kopita-norton-neoprene\/\" \/>\n<meta property=\"og:site_name\" content=\"Clair\" \/>\n<meta property=\"article:publisher\" content=\"https:\/\/www.facebook.com\/TrgovinaClair\/\" \/>\n<meta property=\"article:modified_time\" content=\"2025-09-14T09:07:49+00:00\" \/>\n<meta property=\"og:image\" content=\"https:\/\/clair.si\/wp-content\/uploads\/2025\/07\/norton-neoprene-overreach-boots.webp\" \/>\n\t<meta property=\"og:image:width\" content=\"800\" \/>\n\t<meta property=\"og:image:height\" content=\"800\" \/>\n\t<meta property=\"og:image:type\" content=\"image\/jpeg\" \/>\n<meta name=\"twitter:card\" content=\"summary_large_image\" \/>\n<meta name=\"twitter:label1\" content=\"Procijenjeno vrijeme \u010ditanja\" \/>\n\t<meta name=\"twitter:data1\" content=\"1 minuta\" \/>\n<script type=\"application\/ld+json\" class=\"yoast-schema-graph\">{\"@context\":\"https:\\\/\\\/schema.org\",\"@graph\":[{\"@type\":\"WebPage\",\"@id\":\"https:\\\/\\\/clair.si\\\/izdelek\\\/zvonci-za-kopita-norton-neoprene\\\/\",\"url\":\"https:\\\/\\\/clair.si\\\/izdelek\\\/zvonci-za-kopita-norton-neoprene\\\/\",\"name\":\"Norton Neoprene zvona za kopita - Clair\",\"isPartOf\":{\"@id\":\"https:\\\/\\\/clair.si\\\/#website\"},\"primaryImageOfPage\":{\"@id\":\"https:\\\/\\\/clair.si\\\/izdelek\\\/zvonci-za-kopita-norton-neoprene\\\/#primaryimage\"},\"image\":{\"@id\":\"https:\\\/\\\/clair.si\\\/izdelek\\\/zvonci-za-kopita-norton-neoprene\\\/#primaryimage\"},\"thumbnailUrl\":\"https:\\\/\\\/clair.si\\\/wp-content\\\/uploads\\\/2025\\\/07\\\/norton-neoprene-overreach-boots.webp\",\"datePublished\":\"2025-07-08T11:26:31+00:00\",\"dateModified\":\"2025-09-14T09:07:49+00:00\",\"description\":\"Norton Neoprene zvona za konjska kopita izra\u0111eni su u potpunosti od neoprena za maksimalnu za\u0161titu. U\u010dinkovita za\u0161tita: Dobro ubla\u017eava udarce i u\u010dinkovito\",\"breadcrumb\":{\"@id\":\"https:\\\/\\\/clair.si\\\/izdelek\\\/zvonci-za-kopita-norton-neoprene\\\/#breadcrumb\"},\"inLanguage\":\"hr\",\"potentialAction\":[{\"@type\":\"ReadAction\",\"target\":[\"https:\\\/\\\/clair.si\\\/izdelek\\\/zvonci-za-kopita-norton-neoprene\\\/\"]}]},{\"@type\":\"ImageObject\",\"inLanguage\":\"hr\",\"@id\":\"https:\\\/\\\/clair.si\\\/izdelek\\\/zvonci-za-kopita-norton-neoprene\\\/#primaryimage\",\"url\":\"https:\\\/\\\/clair.si\\\/wp-content\\\/uploads\\\/2025\\\/07\\\/norton-neoprene-overreach-boots.webp\",\"contentUrl\":\"https:\\\/\\\/clair.si\\\/wp-content\\\/uploads\\\/2025\\\/07\\\/norton-neoprene-overreach-boots.webp\",\"width\":800,\"height\":800},{\"@type\":\"BreadcrumbList\",\"@id\":\"https:\\\/\\\/clair.si\\\/izdelek\\\/zvonci-za-kopita-norton-neoprene\\\/#breadcrumb\",\"itemListElement\":[{\"@type\":\"ListItem\",\"position\":1,\"name\":\"Home\",\"item\":\"https:\\\/\\\/clair.si\\\/hr\\\/\"},{\"@type\":\"ListItem\",\"position\":2,\"name\":\"Trgovina\",\"item\":\"https:\\\/\\\/clair.si\\\/trgovina\\\/\"},{\"@type\":\"ListItem\",\"position\":3,\"name\":\"Norton Neoprene zvona za kopita\"}]},{\"@type\":\"WebSite\",\"@id\":\"https:\\\/\\\/clair.si\\\/#website\",\"url\":\"https:\\\/\\\/clair.si\\\/\",\"name\":\"Clair\",\"description\":\"Trgovina s konjeni\u0161ko opremo\",\"publisher\":{\"@id\":\"https:\\\/\\\/clair.si\\\/#organization\"},\"potentialAction\":[{\"@type\":\"SearchAction\",\"target\":{\"@type\":\"EntryPoint\",\"urlTemplate\":\"https:\\\/\\\/clair.si\\\/?s={search_term_string}\"},\"query-input\":{\"@type\":\"PropertyValueSpecification\",\"valueRequired\":true,\"valueName\":\"search_term_string\"}}],\"inLanguage\":\"hr\"},{\"@type\":\"Organization\",\"@id\":\"https:\\\/\\\/clair.si\\\/#organization\",\"name\":\"Clair\",\"url\":\"https:\\\/\\\/clair.si\\\/\",\"logo\":{\"@type\":\"ImageObject\",\"inLanguage\":\"hr\",\"@id\":\"https:\\\/\\\/clair.si\\\/#\\\/schema\\\/logo\\\/image\\\/\",\"url\":\"https:\\\/\\\/clair.si\\\/wp-content\\\/uploads\\\/2022\\\/11\\\/clair_logo_2022.jpg\",\"contentUrl\":\"https:\\\/\\\/clair.si\\\/wp-content\\\/uploads\\\/2022\\\/11\\\/clair_logo_2022.jpg\",\"width\":1920,\"height\":1920,\"caption\":\"Clair\"},\"image\":{\"@id\":\"https:\\\/\\\/clair.si\\\/#\\\/schema\\\/logo\\\/image\\\/\"},\"sameAs\":[\"https:\\\/\\\/www.facebook.com\\\/TrgovinaClair\\\/\"]}]}<\/script>\n<!-- \/ Yoast SEO plugin. -->","yoast_head_json":{"title":"Norton Neoprene zvona za kopita - Clair","description":"Norton Neoprene zvona za konjska kopita izra\u0111eni su u potpunosti od neoprena za maksimalnu za\u0161titu. U\u010dinkovita za\u0161tita: Dobro ubla\u017eava udarce i u\u010dinkovito","robots":{"index":"index","follow":"follow","max-snippet":"max-snippet:-1","max-image-preview":"max-image-preview:large","max-video-preview":"max-video-preview:-1"},"canonical":"https:\/\/clair.si\/izdelek\/zvonci-za-kopita-norton-neoprene\/","og_locale":"hr_HR","og_type":"article","og_title":"Norton Neoprene zvona za kopita - Clair","og_description":"Norton Neoprene zvona za konjska kopita izra\u0111eni su u potpunosti od neoprena za maksimalnu za\u0161titu. U\u010dinkovita za\u0161tita: Dobro ubla\u017eava udarce i u\u010dinkovito","og_url":"https:\/\/clair.si\/izdelek\/zvonci-za-kopita-norton-neoprene\/","og_site_name":"Clair","article_publisher":"https:\/\/www.facebook.com\/TrgovinaClair\/","article_modified_time":"2025-09-14T09:07:49+00:00","og_image":[{"width":800,"height":800,"url":"https:\/\/clair.si\/wp-content\/uploads\/2025\/07\/norton-neoprene-overreach-boots.webp","type":"image\/jpeg"}],"twitter_card":"summary_large_image","twitter_misc":{"Procijenjeno vrijeme \u010ditanja":"1 minuta"},"schema":{"@context":"https:\/\/schema.org","@graph":[{"@type":"WebPage","@id":"https:\/\/clair.si\/izdelek\/zvonci-za-kopita-norton-neoprene\/","url":"https:\/\/clair.si\/izdelek\/zvonci-za-kopita-norton-neoprene\/","name":"Norton Neoprene zvona za kopita - Clair","isPartOf":{"@id":"https:\/\/clair.si\/#website"},"primaryImageOfPage":{"@id":"https:\/\/clair.si\/izdelek\/zvonci-za-kopita-norton-neoprene\/#primaryimage"},"image":{"@id":"https:\/\/clair.si\/izdelek\/zvonci-za-kopita-norton-neoprene\/#primaryimage"},"thumbnailUrl":"https:\/\/clair.si\/wp-content\/uploads\/2025\/07\/norton-neoprene-overreach-boots.webp","datePublished":"2025-07-08T11:26:31+00:00","dateModified":"2025-09-14T09:07:49+00:00","description":"Norton Neoprene zvona za konjska kopita izra\u0111eni su u potpunosti od neoprena za maksimalnu za\u0161titu. U\u010dinkovita za\u0161tita: Dobro ubla\u017eava udarce i u\u010dinkovito","breadcrumb":{"@id":"https:\/\/clair.si\/izdelek\/zvonci-za-kopita-norton-neoprene\/#breadcrumb"},"inLanguage":"hr","potentialAction":[{"@type":"ReadAction","target":["https:\/\/clair.si\/izdelek\/zvonci-za-kopita-norton-neoprene\/"]}]},{"@type":"ImageObject","inLanguage":"hr","@id":"https:\/\/clair.si\/izdelek\/zvonci-za-kopita-norton-neoprene\/#primaryimage","url":"https:\/\/clair.si\/wp-content\/uploads\/2025\/07\/norton-neoprene-overreach-boots.webp","contentUrl":"https:\/\/clair.si\/wp-content\/uploads\/2025\/07\/norton-neoprene-overreach-boots.webp","width":800,"height":800},{"@type":"BreadcrumbList","@id":"https:\/\/clair.si\/izdelek\/zvonci-za-kopita-norton-neoprene\/#breadcrumb","itemListElement":[{"@type":"ListItem","position":1,"name":"Home","item":"https:\/\/clair.si\/hr\/"},{"@type":"ListItem","position":2,"name":"Trgovina","item":"https:\/\/clair.si\/trgovina\/"},{"@type":"ListItem","position":3,"name":"Norton Neoprene zvona za kopita"}]},{"@type":"WebSite","@id":"https:\/\/clair.si\/#website","url":"https:\/\/clair.si\/","name":"Clair","description":"Trgovina s konjeni\u0161ko opremo","publisher":{"@id":"https:\/\/clair.si\/#organization"},"potentialAction":[{"@type":"SearchAction","target":{"@type":"EntryPoint","urlTemplate":"https:\/\/clair.si\/?s={search_term_string}"},"query-input":{"@type":"PropertyValueSpecification","valueRequired":true,"valueName":"search_term_string"}}],"inLanguage":"hr"},{"@type":"Organization","@id":"https:\/\/clair.si\/#organization","name":"Clair","url":"https:\/\/clair.si\/","logo":{"@type":"ImageObject","inLanguage":"hr","@id":"https:\/\/clair.si\/#\/schema\/logo\/image\/","url":"https:\/\/clair.si\/wp-content\/uploads\/2022\/11\/clair_logo_2022.jpg","contentUrl":"https:\/\/clair.si\/wp-content\/uploads\/2022\/11\/clair_logo_2022.jpg","width":1920,"height":1920,"caption":"Clair"},"image":{"@id":"https:\/\/clair.si\/#\/schema\/logo\/image\/"},"sameAs":["https:\/\/www.facebook.com\/TrgovinaClair\/"]}]}},"_links":{"self":[{"href":"https:\/\/clair.si\/hr\/wp-json\/wp\/v2\/product\/92532","targetHints":{"allow":["GET"]}}],"collection":[{"href":"https:\/\/clair.si\/hr\/wp-json\/wp\/v2\/product"}],"about":[{"href":"https:\/\/clair.si\/hr\/wp-json\/wp\/v2\/types\/product"}],"version-history":[{"count":0,"href":"https:\/\/clair.si\/hr\/wp-json\/wp\/v2\/product\/92532\/revisions"}],"wp:featuredmedia":[{"embeddable":true,"href":"https:\/\/clair.si\/hr\/wp-json\/wp\/v2\/media\/92534"}],"wp:attachment":[{"href":"https:\/\/clair.si\/hr\/wp-json\/wp\/v2\/media?parent=92532"}],"wp:term":[{"taxonomy":"product_brand","embeddable":true,"href":"https:\/\/clair.si\/hr\/wp-json\/wp\/v2\/product_brand?post=92532"},{"taxonomy":"product_cat","embeddable":true,"href":"https:\/\/clair.si\/hr\/wp-json\/wp\/v2\/product_cat?post=92532"},{"taxonomy":"product_tag","embeddable":true,"href":"https:\/\/clair.si\/hr\/wp-json\/wp\/v2\/product_tag?post=92532"}],"curies":[{"name":"wp","href":"https:\/\/api.w.org\/{rel}","templated":true}]}}