{"id":92562,"date":"2025-07-08T12:39:43","date_gmt":"2025-07-08T10:39:43","guid":{"rendered":"https:\/\/clair.si\/izdelek\/sampon-carrdaymartin-gallop-chestnut\/"},"modified":"2025-08-27T20:48:46","modified_gmt":"2025-08-27T18:48:46","slug":"sampon-carrdaymartin-gallop-chestnut","status":"publish","type":"product","link":"https:\/\/clair.si\/hr\/izdelek\/sampon-carrdaymartin-gallop-chestnut\/","title":{"rendered":"\u0160ampon Carr&amp;Day&amp;Martin Gallop Chestnut"},"content":{"rendered":"<p><strong>\u0160ampon Carr&amp;Day&amp;Martin Gallop Chestnut &#8211; <\/strong><span class=\"HwtZe\" lang=\"sl\"><span class=\"jCAhz ChMk0b\"><span class=\"ryNqvb\">Posebno dizajniran za konje s ri\u0111om i palomino dlakom.<\/span><\/span><span class=\"jCAhz ChMk0b\"><span class=\"ryNqvb\"> Za \u010distu i sjajnu dlaku, istovremeno nagla\u0161avaju\u0107i prirodnu boju.<\/span><\/span><\/span><\/p>\n<p><span class=\"HwtZe\" lang=\"sl\"><span class=\"jCAhz ChMk0b\"><span class=\"ryNqvb\">Trenutni rezultati: Dodaje sjaj i \u010disto\u0107u, pogodno i za grivu i rep.<\/span><\/span><\/span><\/p>\n<p><span class=\"HwtZe\" lang=\"sl\"><span class=\"jCAhz ChMk0b\"><span class=\"ryNqvb\">Raznolikost i specifi\u010dnost: Dostupno i za druge boje dlake.<\/span><\/span> <\/span><\/p>\n<p><span class=\"HwtZe\" lang=\"sl\"><span class=\"jCAhz\"><span class=\"ryNqvb\">Jednostavna upotreba za optimalnu njegu.<\/span><\/span> <\/span><\/p>\n<p><span class=\"HwtZe\" lang=\"sl\"><span class=\"jCAhz ChMk0b\"><span class=\"ryNqvb\">Idealno za odr\u017eavanje besprijekorne \u010disto\u0107e konja.<\/span><\/span><\/span><\/p>\n","protected":false},"excerpt":{"rendered":"<ul>\n<li>\u0161ampon posebno dizajniran za konje ri\u0111e i palomino boje<\/li>\n<li>nagla\u0161ava prirodnu boju<\/li>\n<\/ul>\n","protected":false},"featured_media":92565,"template":"","meta":{"footnotes":""},"product_brand":[],"product_cat":[5624,5675,5677,5625,5714,5777,5627],"product_tag":[],"class_list":{"0":"post-92562","1":"product","2":"type-product","3":"status-publish","4":"has-post-thumbnail","6":"product_cat-konj-hr","7":"product_cat-kozmetika-za-konje-hr","8":"product_cat-kozmetika-za-konje-hr-2","9":"product_cat-njega-konja","10":"product_cat-samponi-i-sapuni","11":"product_cat-sjaj-dlake-i-grive","12":"product_cat-stala-i-pasnjak","14":"first","15":"instock","16":"shipping-taxable","17":"purchasable","18":"product-type-simple"},"yoast_head":"<!-- This site is optimized with the Yoast SEO plugin v27.3 - https:\/\/yoast.com\/product\/yoast-seo-wordpress\/ -->\n<title>\u0160ampon Carr&amp;Day&amp;Martin Gallop Chestnut - Clair<\/title>\n<meta name=\"description\" content=\"\u0161ampon posebno dizajniran za konje ri\u0111e i palomino boje  nagla\u0161ava prirodnu boju\" \/>\n<meta name=\"robots\" content=\"index, follow, max-snippet:-1, max-image-preview:large, max-video-preview:-1\" \/>\n<link rel=\"canonical\" href=\"https:\/\/clair.si\/hr\/izdelek\/sampon-carrdaymartin-gallop-chestnut\/\" \/>\n<meta property=\"og:locale\" content=\"hr_HR\" \/>\n<meta property=\"og:type\" content=\"article\" \/>\n<meta property=\"og:title\" content=\"\u0160ampon Carr&amp;Day&amp;Martin Gallop Chestnut - Clair\" \/>\n<meta property=\"og:description\" content=\"\u0161ampon posebno dizajniran za konje ri\u0111e i palomino boje  nagla\u0161ava prirodnu boju\" \/>\n<meta property=\"og:url\" content=\"https:\/\/clair.si\/hr\/izdelek\/sampon-carrdaymartin-gallop-chestnut\/\" \/>\n<meta property=\"og:site_name\" content=\"Clair\" \/>\n<meta property=\"article:publisher\" content=\"https:\/\/www.facebook.com\/TrgovinaClair\/\" \/>\n<meta property=\"article:modified_time\" content=\"2025-08-27T18:48:46+00:00\" \/>\n<meta property=\"og:image\" content=\"https:\/\/clair.si\/wp-content\/uploads\/2025\/07\/carr-day-martin-shampoo-gallop-hazelnut-and-palomino-horses.webp\" \/>\n\t<meta property=\"og:image:width\" content=\"800\" \/>\n\t<meta property=\"og:image:height\" content=\"800\" \/>\n\t<meta property=\"og:image:type\" content=\"image\/jpeg\" \/>\n<meta name=\"twitter:card\" content=\"summary_large_image\" \/>\n<script type=\"application\/ld+json\" class=\"yoast-schema-graph\">{\"@context\":\"https:\\\/\\\/schema.org\",\"@graph\":[{\"@type\":\"WebPage\",\"@id\":\"https:\\\/\\\/clair.si\\\/hr\\\/izdelek\\\/sampon-carrdaymartin-gallop-chestnut\\\/\",\"url\":\"https:\\\/\\\/clair.si\\\/hr\\\/izdelek\\\/sampon-carrdaymartin-gallop-chestnut\\\/\",\"name\":\"\u0160ampon Carr&amp;Day&amp;Martin Gallop Chestnut - Clair\",\"isPartOf\":{\"@id\":\"https:\\\/\\\/clair.si\\\/#website\"},\"primaryImageOfPage\":{\"@id\":\"https:\\\/\\\/clair.si\\\/hr\\\/izdelek\\\/sampon-carrdaymartin-gallop-chestnut\\\/#primaryimage\"},\"image\":{\"@id\":\"https:\\\/\\\/clair.si\\\/hr\\\/izdelek\\\/sampon-carrdaymartin-gallop-chestnut\\\/#primaryimage\"},\"thumbnailUrl\":\"https:\\\/\\\/clair.si\\\/wp-content\\\/uploads\\\/2025\\\/07\\\/carr-day-martin-shampoo-gallop-hazelnut-and-palomino-horses.webp\",\"datePublished\":\"2025-07-08T10:39:43+00:00\",\"dateModified\":\"2025-08-27T18:48:46+00:00\",\"description\":\"\u0161ampon posebno dizajniran za konje ri\u0111e i palomino boje nagla\u0161ava prirodnu boju\",\"breadcrumb\":{\"@id\":\"https:\\\/\\\/clair.si\\\/hr\\\/izdelek\\\/sampon-carrdaymartin-gallop-chestnut\\\/#breadcrumb\"},\"inLanguage\":\"hr\",\"potentialAction\":[{\"@type\":\"ReadAction\",\"target\":[\"https:\\\/\\\/clair.si\\\/hr\\\/izdelek\\\/sampon-carrdaymartin-gallop-chestnut\\\/\"]}]},{\"@type\":\"ImageObject\",\"inLanguage\":\"hr\",\"@id\":\"https:\\\/\\\/clair.si\\\/hr\\\/izdelek\\\/sampon-carrdaymartin-gallop-chestnut\\\/#primaryimage\",\"url\":\"https:\\\/\\\/clair.si\\\/wp-content\\\/uploads\\\/2025\\\/07\\\/carr-day-martin-shampoo-gallop-hazelnut-and-palomino-horses.webp\",\"contentUrl\":\"https:\\\/\\\/clair.si\\\/wp-content\\\/uploads\\\/2025\\\/07\\\/carr-day-martin-shampoo-gallop-hazelnut-and-palomino-horses.webp\",\"width\":800,\"height\":800},{\"@type\":\"BreadcrumbList\",\"@id\":\"https:\\\/\\\/clair.si\\\/hr\\\/izdelek\\\/sampon-carrdaymartin-gallop-chestnut\\\/#breadcrumb\",\"itemListElement\":[{\"@type\":\"ListItem\",\"position\":1,\"name\":\"Home\",\"item\":\"https:\\\/\\\/clair.si\\\/hr\\\/\"},{\"@type\":\"ListItem\",\"position\":2,\"name\":\"Trgovina\",\"item\":\"https:\\\/\\\/clair.si\\\/trgovina\\\/\"},{\"@type\":\"ListItem\",\"position\":3,\"name\":\"\u0160ampon Carr&amp;Day&amp;Martin Gallop Chestnut\"}]},{\"@type\":\"WebSite\",\"@id\":\"https:\\\/\\\/clair.si\\\/#website\",\"url\":\"https:\\\/\\\/clair.si\\\/\",\"name\":\"Clair\",\"description\":\"Trgovina s konjeni\u0161ko opremo\",\"publisher\":{\"@id\":\"https:\\\/\\\/clair.si\\\/#organization\"},\"potentialAction\":[{\"@type\":\"SearchAction\",\"target\":{\"@type\":\"EntryPoint\",\"urlTemplate\":\"https:\\\/\\\/clair.si\\\/?s={search_term_string}\"},\"query-input\":{\"@type\":\"PropertyValueSpecification\",\"valueRequired\":true,\"valueName\":\"search_term_string\"}}],\"inLanguage\":\"hr\"},{\"@type\":\"Organization\",\"@id\":\"https:\\\/\\\/clair.si\\\/#organization\",\"name\":\"Clair\",\"url\":\"https:\\\/\\\/clair.si\\\/\",\"logo\":{\"@type\":\"ImageObject\",\"inLanguage\":\"hr\",\"@id\":\"https:\\\/\\\/clair.si\\\/#\\\/schema\\\/logo\\\/image\\\/\",\"url\":\"https:\\\/\\\/clair.si\\\/wp-content\\\/uploads\\\/2022\\\/11\\\/clair_logo_2022.jpg\",\"contentUrl\":\"https:\\\/\\\/clair.si\\\/wp-content\\\/uploads\\\/2022\\\/11\\\/clair_logo_2022.jpg\",\"width\":1920,\"height\":1920,\"caption\":\"Clair\"},\"image\":{\"@id\":\"https:\\\/\\\/clair.si\\\/#\\\/schema\\\/logo\\\/image\\\/\"},\"sameAs\":[\"https:\\\/\\\/www.facebook.com\\\/TrgovinaClair\\\/\"]}]}<\/script>\n<!-- \/ Yoast SEO plugin. -->","yoast_head_json":{"title":"\u0160ampon Carr&amp;Day&amp;Martin Gallop Chestnut - Clair","description":"\u0161ampon posebno dizajniran za konje ri\u0111e i palomino boje  nagla\u0161ava prirodnu boju","robots":{"index":"index","follow":"follow","max-snippet":"max-snippet:-1","max-image-preview":"max-image-preview:large","max-video-preview":"max-video-preview:-1"},"canonical":"https:\/\/clair.si\/hr\/izdelek\/sampon-carrdaymartin-gallop-chestnut\/","og_locale":"hr_HR","og_type":"article","og_title":"\u0160ampon Carr&amp;Day&amp;Martin Gallop Chestnut - Clair","og_description":"\u0161ampon posebno dizajniran za konje ri\u0111e i palomino boje  nagla\u0161ava prirodnu boju","og_url":"https:\/\/clair.si\/hr\/izdelek\/sampon-carrdaymartin-gallop-chestnut\/","og_site_name":"Clair","article_publisher":"https:\/\/www.facebook.com\/TrgovinaClair\/","article_modified_time":"2025-08-27T18:48:46+00:00","og_image":[{"width":800,"height":800,"url":"https:\/\/clair.si\/wp-content\/uploads\/2025\/07\/carr-day-martin-shampoo-gallop-hazelnut-and-palomino-horses.webp","type":"image\/jpeg"}],"twitter_card":"summary_large_image","schema":{"@context":"https:\/\/schema.org","@graph":[{"@type":"WebPage","@id":"https:\/\/clair.si\/hr\/izdelek\/sampon-carrdaymartin-gallop-chestnut\/","url":"https:\/\/clair.si\/hr\/izdelek\/sampon-carrdaymartin-gallop-chestnut\/","name":"\u0160ampon Carr&amp;Day&amp;Martin Gallop Chestnut - Clair","isPartOf":{"@id":"https:\/\/clair.si\/#website"},"primaryImageOfPage":{"@id":"https:\/\/clair.si\/hr\/izdelek\/sampon-carrdaymartin-gallop-chestnut\/#primaryimage"},"image":{"@id":"https:\/\/clair.si\/hr\/izdelek\/sampon-carrdaymartin-gallop-chestnut\/#primaryimage"},"thumbnailUrl":"https:\/\/clair.si\/wp-content\/uploads\/2025\/07\/carr-day-martin-shampoo-gallop-hazelnut-and-palomino-horses.webp","datePublished":"2025-07-08T10:39:43+00:00","dateModified":"2025-08-27T18:48:46+00:00","description":"\u0161ampon posebno dizajniran za konje ri\u0111e i palomino boje nagla\u0161ava prirodnu boju","breadcrumb":{"@id":"https:\/\/clair.si\/hr\/izdelek\/sampon-carrdaymartin-gallop-chestnut\/#breadcrumb"},"inLanguage":"hr","potentialAction":[{"@type":"ReadAction","target":["https:\/\/clair.si\/hr\/izdelek\/sampon-carrdaymartin-gallop-chestnut\/"]}]},{"@type":"ImageObject","inLanguage":"hr","@id":"https:\/\/clair.si\/hr\/izdelek\/sampon-carrdaymartin-gallop-chestnut\/#primaryimage","url":"https:\/\/clair.si\/wp-content\/uploads\/2025\/07\/carr-day-martin-shampoo-gallop-hazelnut-and-palomino-horses.webp","contentUrl":"https:\/\/clair.si\/wp-content\/uploads\/2025\/07\/carr-day-martin-shampoo-gallop-hazelnut-and-palomino-horses.webp","width":800,"height":800},{"@type":"BreadcrumbList","@id":"https:\/\/clair.si\/hr\/izdelek\/sampon-carrdaymartin-gallop-chestnut\/#breadcrumb","itemListElement":[{"@type":"ListItem","position":1,"name":"Home","item":"https:\/\/clair.si\/hr\/"},{"@type":"ListItem","position":2,"name":"Trgovina","item":"https:\/\/clair.si\/trgovina\/"},{"@type":"ListItem","position":3,"name":"\u0160ampon Carr&amp;Day&amp;Martin Gallop Chestnut"}]},{"@type":"WebSite","@id":"https:\/\/clair.si\/#website","url":"https:\/\/clair.si\/","name":"Clair","description":"Trgovina s konjeni\u0161ko opremo","publisher":{"@id":"https:\/\/clair.si\/#organization"},"potentialAction":[{"@type":"SearchAction","target":{"@type":"EntryPoint","urlTemplate":"https:\/\/clair.si\/?s={search_term_string}"},"query-input":{"@type":"PropertyValueSpecification","valueRequired":true,"valueName":"search_term_string"}}],"inLanguage":"hr"},{"@type":"Organization","@id":"https:\/\/clair.si\/#organization","name":"Clair","url":"https:\/\/clair.si\/","logo":{"@type":"ImageObject","inLanguage":"hr","@id":"https:\/\/clair.si\/#\/schema\/logo\/image\/","url":"https:\/\/clair.si\/wp-content\/uploads\/2022\/11\/clair_logo_2022.jpg","contentUrl":"https:\/\/clair.si\/wp-content\/uploads\/2022\/11\/clair_logo_2022.jpg","width":1920,"height":1920,"caption":"Clair"},"image":{"@id":"https:\/\/clair.si\/#\/schema\/logo\/image\/"},"sameAs":["https:\/\/www.facebook.com\/TrgovinaClair\/"]}]}},"_links":{"self":[{"href":"https:\/\/clair.si\/hr\/wp-json\/wp\/v2\/product\/92562","targetHints":{"allow":["GET"]}}],"collection":[{"href":"https:\/\/clair.si\/hr\/wp-json\/wp\/v2\/product"}],"about":[{"href":"https:\/\/clair.si\/hr\/wp-json\/wp\/v2\/types\/product"}],"version-history":[{"count":0,"href":"https:\/\/clair.si\/hr\/wp-json\/wp\/v2\/product\/92562\/revisions"}],"wp:featuredmedia":[{"embeddable":true,"href":"https:\/\/clair.si\/hr\/wp-json\/wp\/v2\/media\/92565"}],"wp:attachment":[{"href":"https:\/\/clair.si\/hr\/wp-json\/wp\/v2\/media?parent=92562"}],"wp:term":[{"taxonomy":"product_brand","embeddable":true,"href":"https:\/\/clair.si\/hr\/wp-json\/wp\/v2\/product_brand?post=92562"},{"taxonomy":"product_cat","embeddable":true,"href":"https:\/\/clair.si\/hr\/wp-json\/wp\/v2\/product_cat?post=92562"},{"taxonomy":"product_tag","embeddable":true,"href":"https:\/\/clair.si\/hr\/wp-json\/wp\/v2\/product_tag?post=92562"}],"curies":[{"name":"wp","href":"https:\/\/api.w.org\/{rel}","templated":true}]}}