{"id":92579,"date":"2025-06-20T11:48:37","date_gmt":"2025-06-20T09:48:37","guid":{"rendered":"https:\/\/clair.si\/izdelek\/cavalor-strucies\/"},"modified":"2025-06-20T11:48:37","modified_gmt":"2025-06-20T09:48:37","slug":"cavalor-strucies","status":"publish","type":"product","link":"https:\/\/clair.si\/hr\/izdelek\/cavalor-strucies\/","title":{"rendered":"Cavalor Strucies"},"content":{"rendered":"<h3 data-start=\"136\" data-end=\"208\">Cavalor Strucies \u2013 zdravi su poslastice za konje koje \u0107e obo\u017eavati<\/h3>\n<p data-start=\"210\" data-end=\"561\">Poslastice <strong data-start=\"221\" data-end=\"241\">Cavalor Strucies<\/strong> savr\u0161en su izbor za sve koji tra\u017ee prirodnu, ukusnu i, prije svega, zdravu nagradu za svog konja. Napravljene su od kvalitetnih vlakana i bez dodanih umjetnih aroma, bojila ili \u0161e\u0107era. Sastav se temelji na sastojcima koje konji lako probavljaju, a istovremeno osiguravaju potporu probavnom traktu i cjelokupnom zdravlju.  <\/p>\n<p data-start=\"563\" data-end=\"851\">Sadr\u017ee suhu lucernu, p\u0161eni\u010dne mekinje, laneno sjeme, jabu\u010dne tropove i prirodne vitamine. Lako su probavljive i ne sadr\u017ee \u0161tetne dodatke, \u0161to ih \u010dini prikladnim izborom i za konje osjetljive na \u0161e\u0107er ili s problemima s metabolizmom. <\/p>\n<h4 data-start=\"853\" data-end=\"889\">Za\u0161to odabrati Cavalor Strucies?<\/h4>\n<ul data-start=\"890\" data-end=\"1142\">\n<li data-start=\"890\" data-end=\"960\">\n<p data-start=\"892\" data-end=\"960\"><strong data-start=\"892\" data-end=\"914\">Vlaknasta osnova:<\/strong> Podr\u017eava zdravu probavu i rad crijeva.<\/p>\n<\/li>\n<li data-start=\"961\" data-end=\"1045\">\n<p data-start=\"963\" data-end=\"1045\"><strong data-start=\"963\" data-end=\"998\">Bez dodanog \u0161e\u0107era i \u017eitarica:<\/strong> Idealno za konje s metaboli\u010dkim osjetljivostima.<\/p>\n<\/li>\n<li data-start=\"1046\" data-end=\"1142\">\n<p data-start=\"1048\" data-end=\"1142\"><strong data-start=\"1048\" data-end=\"1067\">Prirodno ukusni:<\/strong> Konji ih obo\u017eavaju zbog pravog okusa sastojaka \u2013 bez umjetnih dodataka.<\/p>\n<\/li>\n<\/ul>\n<h4><strong>Koli\u010dina<\/strong>: 1,5 kg<\/h4>\n","protected":false},"excerpt":{"rendered":"<ul>\n<li data-start=\"1185\" data-end=\"1232\">\n<p data-start=\"1187\" data-end=\"1232\">\ud83c\udf4f Prirodne poslastice bez \u0161e\u0107era<\/p>\n<\/li>\n<li data-start=\"1233\" data-end=\"1290\">\n<p data-start=\"1235\" data-end=\"1290\">\ud83c\udf3f S lucernom, jabu\u010dnim tropom i lanenim sjemenom<\/p>\n<\/li>\n<li data-start=\"1291\" data-end=\"1337\">\n<p data-start=\"1293\" data-end=\"1337\">\ud83d\udc34 Prikladno za sve konje, \u010dak i za osjetljive<\/p>\n<\/li>\n<li data-start=\"1291\" data-end=\"1337\">pakiranje 1,5 kg<\/li>\n<\/ul>\n","protected":false},"featured_media":92582,"template":"","meta":{"footnotes":""},"product_brand":[],"product_cat":[5711,5782,5624,5710,5769,5627],"product_tag":[],"class_list":{"0":"post-92579","1":"product","2":"type-product","3":"status-publish","4":"has-post-thumbnail","6":"product_cat-hrana-i-prehrambeni-dodaci-cavalor","7":"product_cat-kolacici-i-kamenje-soli","8":"product_cat-konj-hr","9":"product_cat-hrana-za-konje-hr","10":"product_cat-must-have","11":"product_cat-stala-i-pasnjak","13":"first","14":"instock","15":"shipping-taxable","16":"purchasable","17":"product-type-simple"},"yoast_head":"<!-- This site is optimized with the Yoast SEO plugin v27.3 - https:\/\/yoast.com\/product\/yoast-seo-wordpress\/ -->\n<title>Cavalor Strucies - Clair<\/title>\n<meta name=\"description\" content=\"\ud83c\udf4f Prirodne poslastice bez \u0161e\u0107era   \ud83c\udf3f S lucernom, jabu\u010dnim tropom i lanenim sjemenom   \ud83d\udc34 Prikladno za sve konje, \u010dak i za osjetljive  pakiranje 1,5 kg\" \/>\n<meta name=\"robots\" content=\"index, follow, max-snippet:-1, max-image-preview:large, max-video-preview:-1\" \/>\n<link rel=\"canonical\" href=\"https:\/\/clair.si\/hr\/izdelek\/cavalor-strucies\/\" \/>\n<meta property=\"og:locale\" content=\"hr_HR\" \/>\n<meta property=\"og:type\" content=\"article\" \/>\n<meta property=\"og:title\" content=\"Cavalor Strucies - Clair\" \/>\n<meta property=\"og:description\" content=\"\ud83c\udf4f Prirodne poslastice bez \u0161e\u0107era   \ud83c\udf3f S lucernom, jabu\u010dnim tropom i lanenim sjemenom   \ud83d\udc34 Prikladno za sve konje, \u010dak i za osjetljive  pakiranje 1,5 kg\" \/>\n<meta property=\"og:url\" content=\"https:\/\/clair.si\/hr\/izdelek\/cavalor-strucies\/\" \/>\n<meta property=\"og:site_name\" content=\"Clair\" \/>\n<meta property=\"article:publisher\" content=\"https:\/\/www.facebook.com\/TrgovinaClair\/\" \/>\n<meta property=\"og:image\" content=\"https:\/\/clair.si\/wp-content\/uploads\/2025\/06\/cavalor-strucies-clair.webp\" \/>\n\t<meta property=\"og:image:width\" content=\"2048\" \/>\n\t<meta property=\"og:image:height\" content=\"1580\" \/>\n\t<meta property=\"og:image:type\" content=\"image\/webp\" \/>\n<meta name=\"twitter:card\" content=\"summary_large_image\" \/>\n<meta name=\"twitter:label1\" content=\"Procijenjeno vrijeme \u010ditanja\" \/>\n\t<meta name=\"twitter:data1\" content=\"1 minuta\" \/>\n<script type=\"application\/ld+json\" class=\"yoast-schema-graph\">{\"@context\":\"https:\\\/\\\/schema.org\",\"@graph\":[{\"@type\":\"WebPage\",\"@id\":\"https:\\\/\\\/clair.si\\\/hr\\\/izdelek\\\/cavalor-strucies\\\/\",\"url\":\"https:\\\/\\\/clair.si\\\/hr\\\/izdelek\\\/cavalor-strucies\\\/\",\"name\":\"Cavalor Strucies - Clair\",\"isPartOf\":{\"@id\":\"https:\\\/\\\/clair.si\\\/#website\"},\"primaryImageOfPage\":{\"@id\":\"https:\\\/\\\/clair.si\\\/hr\\\/izdelek\\\/cavalor-strucies\\\/#primaryimage\"},\"image\":{\"@id\":\"https:\\\/\\\/clair.si\\\/hr\\\/izdelek\\\/cavalor-strucies\\\/#primaryimage\"},\"thumbnailUrl\":\"https:\\\/\\\/clair.si\\\/wp-content\\\/uploads\\\/2025\\\/06\\\/cavalor-strucies-clair.webp\",\"datePublished\":\"2025-06-20T09:48:37+00:00\",\"description\":\"\ud83c\udf4f Prirodne poslastice bez \u0161e\u0107era \ud83c\udf3f S lucernom, jabu\u010dnim tropom i lanenim sjemenom \ud83d\udc34 Prikladno za sve konje, \u010dak i za osjetljive pakiranje 1,5 kg\",\"breadcrumb\":{\"@id\":\"https:\\\/\\\/clair.si\\\/hr\\\/izdelek\\\/cavalor-strucies\\\/#breadcrumb\"},\"inLanguage\":\"hr\",\"potentialAction\":[{\"@type\":\"ReadAction\",\"target\":[\"https:\\\/\\\/clair.si\\\/hr\\\/izdelek\\\/cavalor-strucies\\\/\"]}]},{\"@type\":\"ImageObject\",\"inLanguage\":\"hr\",\"@id\":\"https:\\\/\\\/clair.si\\\/hr\\\/izdelek\\\/cavalor-strucies\\\/#primaryimage\",\"url\":\"https:\\\/\\\/clair.si\\\/wp-content\\\/uploads\\\/2025\\\/06\\\/cavalor-strucies-clair.webp\",\"contentUrl\":\"https:\\\/\\\/clair.si\\\/wp-content\\\/uploads\\\/2025\\\/06\\\/cavalor-strucies-clair.webp\",\"width\":2048,\"height\":1580},{\"@type\":\"BreadcrumbList\",\"@id\":\"https:\\\/\\\/clair.si\\\/hr\\\/izdelek\\\/cavalor-strucies\\\/#breadcrumb\",\"itemListElement\":[{\"@type\":\"ListItem\",\"position\":1,\"name\":\"Home\",\"item\":\"https:\\\/\\\/clair.si\\\/hr\\\/\"},{\"@type\":\"ListItem\",\"position\":2,\"name\":\"Trgovina\",\"item\":\"https:\\\/\\\/clair.si\\\/trgovina\\\/\"},{\"@type\":\"ListItem\",\"position\":3,\"name\":\"Cavalor Strucies\"}]},{\"@type\":\"WebSite\",\"@id\":\"https:\\\/\\\/clair.si\\\/#website\",\"url\":\"https:\\\/\\\/clair.si\\\/\",\"name\":\"Clair\",\"description\":\"Trgovina s konjeni\u0161ko opremo\",\"publisher\":{\"@id\":\"https:\\\/\\\/clair.si\\\/#organization\"},\"potentialAction\":[{\"@type\":\"SearchAction\",\"target\":{\"@type\":\"EntryPoint\",\"urlTemplate\":\"https:\\\/\\\/clair.si\\\/?s={search_term_string}\"},\"query-input\":{\"@type\":\"PropertyValueSpecification\",\"valueRequired\":true,\"valueName\":\"search_term_string\"}}],\"inLanguage\":\"hr\"},{\"@type\":\"Organization\",\"@id\":\"https:\\\/\\\/clair.si\\\/#organization\",\"name\":\"Clair\",\"url\":\"https:\\\/\\\/clair.si\\\/\",\"logo\":{\"@type\":\"ImageObject\",\"inLanguage\":\"hr\",\"@id\":\"https:\\\/\\\/clair.si\\\/#\\\/schema\\\/logo\\\/image\\\/\",\"url\":\"https:\\\/\\\/clair.si\\\/wp-content\\\/uploads\\\/2022\\\/11\\\/clair_logo_2022.jpg\",\"contentUrl\":\"https:\\\/\\\/clair.si\\\/wp-content\\\/uploads\\\/2022\\\/11\\\/clair_logo_2022.jpg\",\"width\":1920,\"height\":1920,\"caption\":\"Clair\"},\"image\":{\"@id\":\"https:\\\/\\\/clair.si\\\/#\\\/schema\\\/logo\\\/image\\\/\"},\"sameAs\":[\"https:\\\/\\\/www.facebook.com\\\/TrgovinaClair\\\/\"]}]}<\/script>\n<!-- \/ Yoast SEO plugin. -->","yoast_head_json":{"title":"Cavalor Strucies - Clair","description":"\ud83c\udf4f Prirodne poslastice bez \u0161e\u0107era   \ud83c\udf3f S lucernom, jabu\u010dnim tropom i lanenim sjemenom   \ud83d\udc34 Prikladno za sve konje, \u010dak i za osjetljive  pakiranje 1,5 kg","robots":{"index":"index","follow":"follow","max-snippet":"max-snippet:-1","max-image-preview":"max-image-preview:large","max-video-preview":"max-video-preview:-1"},"canonical":"https:\/\/clair.si\/hr\/izdelek\/cavalor-strucies\/","og_locale":"hr_HR","og_type":"article","og_title":"Cavalor Strucies - Clair","og_description":"\ud83c\udf4f Prirodne poslastice bez \u0161e\u0107era   \ud83c\udf3f S lucernom, jabu\u010dnim tropom i lanenim sjemenom   \ud83d\udc34 Prikladno za sve konje, \u010dak i za osjetljive  pakiranje 1,5 kg","og_url":"https:\/\/clair.si\/hr\/izdelek\/cavalor-strucies\/","og_site_name":"Clair","article_publisher":"https:\/\/www.facebook.com\/TrgovinaClair\/","og_image":[{"width":2048,"height":1580,"url":"https:\/\/clair.si\/wp-content\/uploads\/2025\/06\/cavalor-strucies-clair.webp","type":"image\/webp"}],"twitter_card":"summary_large_image","twitter_misc":{"Procijenjeno vrijeme \u010ditanja":"1 minuta"},"schema":{"@context":"https:\/\/schema.org","@graph":[{"@type":"WebPage","@id":"https:\/\/clair.si\/hr\/izdelek\/cavalor-strucies\/","url":"https:\/\/clair.si\/hr\/izdelek\/cavalor-strucies\/","name":"Cavalor Strucies - Clair","isPartOf":{"@id":"https:\/\/clair.si\/#website"},"primaryImageOfPage":{"@id":"https:\/\/clair.si\/hr\/izdelek\/cavalor-strucies\/#primaryimage"},"image":{"@id":"https:\/\/clair.si\/hr\/izdelek\/cavalor-strucies\/#primaryimage"},"thumbnailUrl":"https:\/\/clair.si\/wp-content\/uploads\/2025\/06\/cavalor-strucies-clair.webp","datePublished":"2025-06-20T09:48:37+00:00","description":"\ud83c\udf4f Prirodne poslastice bez \u0161e\u0107era \ud83c\udf3f S lucernom, jabu\u010dnim tropom i lanenim sjemenom \ud83d\udc34 Prikladno za sve konje, \u010dak i za osjetljive pakiranje 1,5 kg","breadcrumb":{"@id":"https:\/\/clair.si\/hr\/izdelek\/cavalor-strucies\/#breadcrumb"},"inLanguage":"hr","potentialAction":[{"@type":"ReadAction","target":["https:\/\/clair.si\/hr\/izdelek\/cavalor-strucies\/"]}]},{"@type":"ImageObject","inLanguage":"hr","@id":"https:\/\/clair.si\/hr\/izdelek\/cavalor-strucies\/#primaryimage","url":"https:\/\/clair.si\/wp-content\/uploads\/2025\/06\/cavalor-strucies-clair.webp","contentUrl":"https:\/\/clair.si\/wp-content\/uploads\/2025\/06\/cavalor-strucies-clair.webp","width":2048,"height":1580},{"@type":"BreadcrumbList","@id":"https:\/\/clair.si\/hr\/izdelek\/cavalor-strucies\/#breadcrumb","itemListElement":[{"@type":"ListItem","position":1,"name":"Home","item":"https:\/\/clair.si\/hr\/"},{"@type":"ListItem","position":2,"name":"Trgovina","item":"https:\/\/clair.si\/trgovina\/"},{"@type":"ListItem","position":3,"name":"Cavalor Strucies"}]},{"@type":"WebSite","@id":"https:\/\/clair.si\/#website","url":"https:\/\/clair.si\/","name":"Clair","description":"Trgovina s konjeni\u0161ko opremo","publisher":{"@id":"https:\/\/clair.si\/#organization"},"potentialAction":[{"@type":"SearchAction","target":{"@type":"EntryPoint","urlTemplate":"https:\/\/clair.si\/?s={search_term_string}"},"query-input":{"@type":"PropertyValueSpecification","valueRequired":true,"valueName":"search_term_string"}}],"inLanguage":"hr"},{"@type":"Organization","@id":"https:\/\/clair.si\/#organization","name":"Clair","url":"https:\/\/clair.si\/","logo":{"@type":"ImageObject","inLanguage":"hr","@id":"https:\/\/clair.si\/#\/schema\/logo\/image\/","url":"https:\/\/clair.si\/wp-content\/uploads\/2022\/11\/clair_logo_2022.jpg","contentUrl":"https:\/\/clair.si\/wp-content\/uploads\/2022\/11\/clair_logo_2022.jpg","width":1920,"height":1920,"caption":"Clair"},"image":{"@id":"https:\/\/clair.si\/#\/schema\/logo\/image\/"},"sameAs":["https:\/\/www.facebook.com\/TrgovinaClair\/"]}]}},"_links":{"self":[{"href":"https:\/\/clair.si\/hr\/wp-json\/wp\/v2\/product\/92579","targetHints":{"allow":["GET"]}}],"collection":[{"href":"https:\/\/clair.si\/hr\/wp-json\/wp\/v2\/product"}],"about":[{"href":"https:\/\/clair.si\/hr\/wp-json\/wp\/v2\/types\/product"}],"version-history":[{"count":0,"href":"https:\/\/clair.si\/hr\/wp-json\/wp\/v2\/product\/92579\/revisions"}],"wp:featuredmedia":[{"embeddable":true,"href":"https:\/\/clair.si\/hr\/wp-json\/wp\/v2\/media\/92582"}],"wp:attachment":[{"href":"https:\/\/clair.si\/hr\/wp-json\/wp\/v2\/media?parent=92579"}],"wp:term":[{"taxonomy":"product_brand","embeddable":true,"href":"https:\/\/clair.si\/hr\/wp-json\/wp\/v2\/product_brand?post=92579"},{"taxonomy":"product_cat","embeddable":true,"href":"https:\/\/clair.si\/hr\/wp-json\/wp\/v2\/product_cat?post=92579"},{"taxonomy":"product_tag","embeddable":true,"href":"https:\/\/clair.si\/hr\/wp-json\/wp\/v2\/product_tag?post=92579"}],"curies":[{"name":"wp","href":"https:\/\/api.w.org\/{rel}","templated":true}]}}