{"id":92580,"date":"2025-06-20T12:17:56","date_gmt":"2025-06-20T10:17:56","guid":{"rendered":"https:\/\/clair.si\/izdelek\/naf-respirator-boost\/"},"modified":"2025-08-27T21:50:14","modified_gmt":"2025-08-27T19:50:14","slug":"naf-respirator-boost","status":"publish","type":"product","link":"https:\/\/clair.si\/hr\/izdelek\/naf-respirator-boost\/","title":{"rendered":"NAF Respirator Boost"},"content":{"rendered":"<h3 data-start=\"206\" data-end=\"291\">NAF Respirator Boost \u2013 intenzivna teku\u0107a podr\u0161ka za zdrava plu\u0107a i di\u0161ne puteve<\/h3>\n<p data-start=\"293\" data-end=\"720\"><strong data-start=\"293\" data-end=\"317\">NAF Respirator Boost<\/strong> je visoko koncentrirani teku\u0107i dodatak, dizajniran za konje koji se suo\u010davaju s optere\u0107enim disanjem zbog pra\u0161njavog okoli\u0161a, peludi, plijesni ili drugih nadra\u017euju\u0107ih tvari iz zraka. Posebno je u\u010dinkovit kao <strong data-start=\"517\" data-end=\"550\">prva pomo\u0107 u akutnim slu\u010dajevima<\/strong>, jer nudi brzo djeluju\u0107u podr\u0161ku di\u0161nom i imunolo\u0161kom sustavu \u2013 poma\u017ee u ubla\u017eavanju ka\u0161lja, otpornosti na alergijske reakcije i za\u0161titi di\u0161nih puteva od slobodnih radikala. <\/p>\n<p data-start=\"722\" data-end=\"1203\">Ova formula sadr\u017ei <strong data-start=\"741\" data-end=\"766\">sna\u017ene prirodne biljke<\/strong>, kao \u0161to su <strong data-start=\"775\" data-end=\"831\">origano, timijan, bazga, trputac, \u0111umbir i ru\u017emarin<\/strong>, koje djeluju protuupalno, antibakterijski i umiruju\u0107e na di\u0161ne \u200b\u200bputeve. Osim toga, oboga\u0107ena je visokim udjelom <strong data-start=\"950\" data-end=\"986\">antioksidansa (vitamina C i E)<\/strong> te <strong data-start=\"991\" data-end=\"1036\">keliranih minerala (bakar, cink, mangan)<\/strong>, koji \u0161tite stanice di\u0161nih puteva i podupiru njihovu regeneraciju. Respirator Boost tako\u0111er sadr\u017ei <strong data-start=\"1127\" data-end=\"1159\">Echinaceu (ameri\u010dki slamnik)<\/strong>, poznatu po svom imunostimulativnom u\u010dinku.  <\/p>\n<p data-start=\"1205\" data-end=\"1341\">Idealno za konje u aktivnoj sportskoj uporabi, za one koji borave u slabo prozra\u010denim stajama, ili u vrijeme kada je u zraku vi\u0161e peluda i plijesni.<\/p>\n<h4 data-start=\"1348\" data-end=\"1388\">Za\u0161to odabrati NAF Respirator Boost?<\/h4>\n<ul data-start=\"1389\" data-end=\"1660\">\n<li data-start=\"1389\" data-end=\"1481\">\n<p data-start=\"1391\" data-end=\"1481\"><strong data-start=\"1391\" data-end=\"1434\">Trenutna pomo\u0107 kod znakova iritacije di\u0161nih puteva<\/strong>: ka\u0161alj, iscjedak iz nosa, osjetljivost na pra\u0161inu<\/p>\n<\/li>\n<li data-start=\"1482\" data-end=\"1557\">\n<p data-start=\"1484\" data-end=\"1557\"><strong data-start=\"1484\" data-end=\"1513\">Podr\u0161ka imunolo\u0161kom sustavu<\/strong> u borbi protiv okoli\u0161nih alergena i infekcija<\/p>\n<\/li>\n<li data-start=\"1558\" data-end=\"1660\">\n<p data-start=\"1560\" data-end=\"1660\"><strong data-start=\"1560\" data-end=\"1588\">Vrhunski prirodni sastav<\/strong> s biljem, antioksidansima i keliranim mineralima za optimalnu apsorpciju<\/p>\n<\/li>\n<\/ul>\n<p data-start=\"1667\" data-end=\"1704\"><strong data-start=\"1667\" data-end=\"1704\">Upute za uporabu (doziranje):<\/strong><\/p>\n<ul data-start=\"1705\" data-end=\"1981\">\n<li data-start=\"1705\" data-end=\"1815\">\n<p data-start=\"1707\" data-end=\"1815\"><strong data-start=\"1707\" data-end=\"1756\">Kod po\u010detnih znakova ili kao intenzivna podr\u0161ka<\/strong>: 30 ml <strong data-start=\"1764\" data-end=\"1782\">dva puta dnevno<\/strong> (ukupno 60 ml dnevno) tijekom 5 dana<\/p>\n<\/li>\n<li data-start=\"1816\" data-end=\"1886\">\n<p data-start=\"1818\" data-end=\"1886\"><strong data-start=\"1818\" data-end=\"1841\">Doza odr\u017eavanja<\/strong>: 30 ml jednom dnevno, po potrebi i manje<\/p>\n<\/li>\n<li data-start=\"1887\" data-end=\"1981\">\n<p data-start=\"1889\" data-end=\"1981\">Mo\u017ee se dodavati u hranu ili direktno u usta. Sigurnosna bo\u010dica omogu\u0107uje jednostavno doziranje. <\/p>\n<\/li>\n<\/ul>\n<p data-start=\"1988\" data-end=\"2023\"><strong data-start=\"1988\" data-end=\"2023\">Sastojci (aktivne komponente):<\/strong><\/p>\n<ul data-start=\"2024\" data-end=\"2323\">\n<li data-start=\"2024\" data-end=\"2091\">\n<p data-start=\"2026\" data-end=\"2091\"><strong data-start=\"2026\" data-end=\"2037\">Bilje<\/strong>: origano, timijan, bazga, trputac, \u0111umbir, ru\u017emarin<\/p>\n<\/li>\n<li data-start=\"2092\" data-end=\"2138\">\n<p data-start=\"2094\" data-end=\"2138\"><strong data-start=\"2094\" data-end=\"2106\">Vitamini<\/strong>: C i E (sna\u017eni antioksidansi)<\/p>\n<\/li>\n<li data-start=\"2139\" data-end=\"2184\">\n<p data-start=\"2141\" data-end=\"2184\"><strong data-start=\"2141\" data-end=\"2153\">Minerali<\/strong>: kelirani bakar, cink, mangan<\/p>\n<\/li>\n<li data-start=\"2185\" data-end=\"2260\">\n<p data-start=\"2187\" data-end=\"2260\"><strong data-start=\"2187\" data-end=\"2219\">Echinacea (ameri\u010dki slamnik)<\/strong> \u2013 za prirodnu podr\u0161ku imunolo\u0161kom sustavu<\/p>\n<\/li>\n<li data-start=\"2261\" data-end=\"2323\">\n<p data-start=\"2263\" data-end=\"2323\">Ostalo: sorbitol, glicerin, natrijev klorid, dekstroza, voda<\/p>\n<\/li>\n<\/ul>\n<h4><strong>Koli\u010dina:<\/strong> 500 ml ili 1 L<\/h4>\n","protected":false},"excerpt":{"rendered":"<ul>\n<li data-start=\"2366\" data-end=\"2418\">\n<p data-start=\"2368\" data-end=\"2418\">\ud83c\udf3f Prirodna biljna formula s dodatkom Echinacee<\/p>\n<\/li>\n<li data-start=\"2419\" data-end=\"2483\">\n<p data-start=\"2421\" data-end=\"2483\">\ud83c\udf2c\ufe0f Brzo djeluju\u0107i dodatak kod problema s disanjem i alergija<\/p>\n<\/li>\n<li data-start=\"2484\" data-end=\"2543\">\n<p data-start=\"2486\" data-end=\"2543\">\ud83e\uddea S vitaminima, mineralima i antioksidansima za za\u0161titu di\u0161nih puteva<\/p>\n<\/li>\n<\/ul>\n","protected":false},"featured_media":92583,"template":"","meta":{"footnotes":""},"product_brand":[],"product_cat":[5710,5784,5712],"product_tag":[],"class_list":{"0":"post-92580","1":"product","2":"type-product","3":"status-publish","4":"has-post-thumbnail","6":"product_cat-hrana-za-konje-hr","7":"product_cat-naf-prehrambeni-dodaci","8":"product_cat-prehrambeni-dodaci","10":"first","11":"instock","12":"shipping-taxable","13":"purchasable","14":"product-type-variable"},"yoast_head":"<!-- This site is optimized with the Yoast SEO plugin v27.3 - https:\/\/yoast.com\/product\/yoast-seo-wordpress\/ -->\n<title>NAF Respirator Boost - Clair<\/title>\n<meta name=\"description\" content=\"\ud83c\udf3f Prirodna biljna formula s dodatkom Echinacee   \ud83c\udf2c\ufe0f Brzo djeluju\u0107i dodatak kod problema s disanjem i alergija   \ud83e\uddea S vitaminima, mineralima i antioksidansima za za\u0161titu di\u0161nih puteva\" \/>\n<meta name=\"robots\" content=\"index, follow, max-snippet:-1, max-image-preview:large, max-video-preview:-1\" \/>\n<link rel=\"canonical\" href=\"https:\/\/clair.si\/hr\/izdelek\/naf-respirator-boost\/\" \/>\n<meta property=\"og:locale\" content=\"hr_HR\" \/>\n<meta property=\"og:type\" content=\"article\" \/>\n<meta property=\"og:title\" content=\"NAF Respirator Boost - Clair\" \/>\n<meta property=\"og:description\" content=\"\ud83c\udf3f Prirodna biljna formula s dodatkom Echinacee   \ud83c\udf2c\ufe0f Brzo djeluju\u0107i dodatak kod problema s disanjem i alergija   \ud83e\uddea S vitaminima, mineralima i antioksidansima za za\u0161titu di\u0161nih puteva\" \/>\n<meta property=\"og:url\" content=\"https:\/\/clair.si\/hr\/izdelek\/naf-respirator-boost\/\" \/>\n<meta property=\"og:site_name\" content=\"Clair\" \/>\n<meta property=\"article:publisher\" content=\"https:\/\/www.facebook.com\/TrgovinaClair\/\" \/>\n<meta property=\"article:modified_time\" content=\"2025-08-27T19:50:14+00:00\" \/>\n<meta property=\"og:image\" content=\"https:\/\/clair.si\/wp-content\/uploads\/2022\/11\/clair_logo_2022.webp\" \/>\n\t<meta property=\"og:image:width\" content=\"1920\" \/>\n\t<meta property=\"og:image:height\" content=\"1920\" \/>\n\t<meta property=\"og:image:type\" content=\"image\/jpeg\" \/>\n<meta name=\"twitter:card\" content=\"summary_large_image\" \/>\n<meta name=\"twitter:label1\" content=\"Procijenjeno vrijeme \u010ditanja\" \/>\n\t<meta name=\"twitter:data1\" content=\"2 minute\" \/>\n<script type=\"application\/ld+json\" class=\"yoast-schema-graph\">{\"@context\":\"https:\\\/\\\/schema.org\",\"@graph\":[{\"@type\":\"WebPage\",\"@id\":\"https:\\\/\\\/clair.si\\\/hr\\\/izdelek\\\/naf-respirator-boost\\\/\",\"url\":\"https:\\\/\\\/clair.si\\\/hr\\\/izdelek\\\/naf-respirator-boost\\\/\",\"name\":\"NAF Respirator Boost - Clair\",\"isPartOf\":{\"@id\":\"https:\\\/\\\/clair.si\\\/#website\"},\"primaryImageOfPage\":{\"@id\":\"https:\\\/\\\/clair.si\\\/hr\\\/izdelek\\\/naf-respirator-boost\\\/#primaryimage\"},\"image\":{\"@id\":\"https:\\\/\\\/clair.si\\\/hr\\\/izdelek\\\/naf-respirator-boost\\\/#primaryimage\"},\"thumbnailUrl\":\"https:\\\/\\\/clair.si\\\/wp-content\\\/uploads\\\/2025\\\/06\\\/respirator-boost-clair.avif\",\"datePublished\":\"2025-06-20T10:17:56+00:00\",\"dateModified\":\"2025-08-27T19:50:14+00:00\",\"description\":\"\ud83c\udf3f Prirodna biljna formula s dodatkom Echinacee \ud83c\udf2c\ufe0f Brzo djeluju\u0107i dodatak kod problema s disanjem i alergija \ud83e\uddea S vitaminima, mineralima i antioksidansima za za\u0161titu di\u0161nih puteva\",\"breadcrumb\":{\"@id\":\"https:\\\/\\\/clair.si\\\/hr\\\/izdelek\\\/naf-respirator-boost\\\/#breadcrumb\"},\"inLanguage\":\"hr\",\"potentialAction\":[{\"@type\":\"ReadAction\",\"target\":[\"https:\\\/\\\/clair.si\\\/hr\\\/izdelek\\\/naf-respirator-boost\\\/\"]}]},{\"@type\":\"ImageObject\",\"inLanguage\":\"hr\",\"@id\":\"https:\\\/\\\/clair.si\\\/hr\\\/izdelek\\\/naf-respirator-boost\\\/#primaryimage\",\"url\":\"https:\\\/\\\/clair.si\\\/wp-content\\\/uploads\\\/2025\\\/06\\\/respirator-boost-clair.avif\",\"contentUrl\":\"https:\\\/\\\/clair.si\\\/wp-content\\\/uploads\\\/2025\\\/06\\\/respirator-boost-clair.avif\",\"width\":768,\"height\":768},{\"@type\":\"BreadcrumbList\",\"@id\":\"https:\\\/\\\/clair.si\\\/hr\\\/izdelek\\\/naf-respirator-boost\\\/#breadcrumb\",\"itemListElement\":[{\"@type\":\"ListItem\",\"position\":1,\"name\":\"Home\",\"item\":\"https:\\\/\\\/clair.si\\\/hr\\\/\"},{\"@type\":\"ListItem\",\"position\":2,\"name\":\"Trgovina\",\"item\":\"https:\\\/\\\/clair.si\\\/trgovina\\\/\"},{\"@type\":\"ListItem\",\"position\":3,\"name\":\"NAF Respirator Boost\"}]},{\"@type\":\"WebSite\",\"@id\":\"https:\\\/\\\/clair.si\\\/#website\",\"url\":\"https:\\\/\\\/clair.si\\\/\",\"name\":\"Clair\",\"description\":\"Trgovina s konjeni\u0161ko opremo\",\"publisher\":{\"@id\":\"https:\\\/\\\/clair.si\\\/#organization\"},\"potentialAction\":[{\"@type\":\"SearchAction\",\"target\":{\"@type\":\"EntryPoint\",\"urlTemplate\":\"https:\\\/\\\/clair.si\\\/?s={search_term_string}\"},\"query-input\":{\"@type\":\"PropertyValueSpecification\",\"valueRequired\":true,\"valueName\":\"search_term_string\"}}],\"inLanguage\":\"hr\"},{\"@type\":\"Organization\",\"@id\":\"https:\\\/\\\/clair.si\\\/#organization\",\"name\":\"Clair\",\"url\":\"https:\\\/\\\/clair.si\\\/\",\"logo\":{\"@type\":\"ImageObject\",\"inLanguage\":\"hr\",\"@id\":\"https:\\\/\\\/clair.si\\\/#\\\/schema\\\/logo\\\/image\\\/\",\"url\":\"https:\\\/\\\/clair.si\\\/wp-content\\\/uploads\\\/2022\\\/11\\\/clair_logo_2022.jpg\",\"contentUrl\":\"https:\\\/\\\/clair.si\\\/wp-content\\\/uploads\\\/2022\\\/11\\\/clair_logo_2022.jpg\",\"width\":1920,\"height\":1920,\"caption\":\"Clair\"},\"image\":{\"@id\":\"https:\\\/\\\/clair.si\\\/#\\\/schema\\\/logo\\\/image\\\/\"},\"sameAs\":[\"https:\\\/\\\/www.facebook.com\\\/TrgovinaClair\\\/\"]}]}<\/script>\n<!-- \/ Yoast SEO plugin. -->","yoast_head_json":{"title":"NAF Respirator Boost - Clair","description":"\ud83c\udf3f Prirodna biljna formula s dodatkom Echinacee   \ud83c\udf2c\ufe0f Brzo djeluju\u0107i dodatak kod problema s disanjem i alergija   \ud83e\uddea S vitaminima, mineralima i antioksidansima za za\u0161titu di\u0161nih puteva","robots":{"index":"index","follow":"follow","max-snippet":"max-snippet:-1","max-image-preview":"max-image-preview:large","max-video-preview":"max-video-preview:-1"},"canonical":"https:\/\/clair.si\/hr\/izdelek\/naf-respirator-boost\/","og_locale":"hr_HR","og_type":"article","og_title":"NAF Respirator Boost - Clair","og_description":"\ud83c\udf3f Prirodna biljna formula s dodatkom Echinacee   \ud83c\udf2c\ufe0f Brzo djeluju\u0107i dodatak kod problema s disanjem i alergija   \ud83e\uddea S vitaminima, mineralima i antioksidansima za za\u0161titu di\u0161nih puteva","og_url":"https:\/\/clair.si\/hr\/izdelek\/naf-respirator-boost\/","og_site_name":"Clair","article_publisher":"https:\/\/www.facebook.com\/TrgovinaClair\/","article_modified_time":"2025-08-27T19:50:14+00:00","og_image":[{"width":1920,"height":1920,"url":"https:\/\/clair.si\/wp-content\/uploads\/2022\/11\/clair_logo_2022.webp","type":"image\/jpeg"}],"twitter_card":"summary_large_image","twitter_misc":{"Procijenjeno vrijeme \u010ditanja":"2 minute"},"schema":{"@context":"https:\/\/schema.org","@graph":[{"@type":"WebPage","@id":"https:\/\/clair.si\/hr\/izdelek\/naf-respirator-boost\/","url":"https:\/\/clair.si\/hr\/izdelek\/naf-respirator-boost\/","name":"NAF Respirator Boost - Clair","isPartOf":{"@id":"https:\/\/clair.si\/#website"},"primaryImageOfPage":{"@id":"https:\/\/clair.si\/hr\/izdelek\/naf-respirator-boost\/#primaryimage"},"image":{"@id":"https:\/\/clair.si\/hr\/izdelek\/naf-respirator-boost\/#primaryimage"},"thumbnailUrl":"https:\/\/clair.si\/wp-content\/uploads\/2025\/06\/respirator-boost-clair.avif","datePublished":"2025-06-20T10:17:56+00:00","dateModified":"2025-08-27T19:50:14+00:00","description":"\ud83c\udf3f Prirodna biljna formula s dodatkom Echinacee \ud83c\udf2c\ufe0f Brzo djeluju\u0107i dodatak kod problema s disanjem i alergija \ud83e\uddea S vitaminima, mineralima i antioksidansima za za\u0161titu di\u0161nih puteva","breadcrumb":{"@id":"https:\/\/clair.si\/hr\/izdelek\/naf-respirator-boost\/#breadcrumb"},"inLanguage":"hr","potentialAction":[{"@type":"ReadAction","target":["https:\/\/clair.si\/hr\/izdelek\/naf-respirator-boost\/"]}]},{"@type":"ImageObject","inLanguage":"hr","@id":"https:\/\/clair.si\/hr\/izdelek\/naf-respirator-boost\/#primaryimage","url":"https:\/\/clair.si\/wp-content\/uploads\/2025\/06\/respirator-boost-clair.avif","contentUrl":"https:\/\/clair.si\/wp-content\/uploads\/2025\/06\/respirator-boost-clair.avif","width":768,"height":768},{"@type":"BreadcrumbList","@id":"https:\/\/clair.si\/hr\/izdelek\/naf-respirator-boost\/#breadcrumb","itemListElement":[{"@type":"ListItem","position":1,"name":"Home","item":"https:\/\/clair.si\/hr\/"},{"@type":"ListItem","position":2,"name":"Trgovina","item":"https:\/\/clair.si\/trgovina\/"},{"@type":"ListItem","position":3,"name":"NAF Respirator Boost"}]},{"@type":"WebSite","@id":"https:\/\/clair.si\/#website","url":"https:\/\/clair.si\/","name":"Clair","description":"Trgovina s konjeni\u0161ko opremo","publisher":{"@id":"https:\/\/clair.si\/#organization"},"potentialAction":[{"@type":"SearchAction","target":{"@type":"EntryPoint","urlTemplate":"https:\/\/clair.si\/?s={search_term_string}"},"query-input":{"@type":"PropertyValueSpecification","valueRequired":true,"valueName":"search_term_string"}}],"inLanguage":"hr"},{"@type":"Organization","@id":"https:\/\/clair.si\/#organization","name":"Clair","url":"https:\/\/clair.si\/","logo":{"@type":"ImageObject","inLanguage":"hr","@id":"https:\/\/clair.si\/#\/schema\/logo\/image\/","url":"https:\/\/clair.si\/wp-content\/uploads\/2022\/11\/clair_logo_2022.jpg","contentUrl":"https:\/\/clair.si\/wp-content\/uploads\/2022\/11\/clair_logo_2022.jpg","width":1920,"height":1920,"caption":"Clair"},"image":{"@id":"https:\/\/clair.si\/#\/schema\/logo\/image\/"},"sameAs":["https:\/\/www.facebook.com\/TrgovinaClair\/"]}]}},"_links":{"self":[{"href":"https:\/\/clair.si\/hr\/wp-json\/wp\/v2\/product\/92580","targetHints":{"allow":["GET"]}}],"collection":[{"href":"https:\/\/clair.si\/hr\/wp-json\/wp\/v2\/product"}],"about":[{"href":"https:\/\/clair.si\/hr\/wp-json\/wp\/v2\/types\/product"}],"version-history":[{"count":0,"href":"https:\/\/clair.si\/hr\/wp-json\/wp\/v2\/product\/92580\/revisions"}],"wp:featuredmedia":[{"embeddable":true,"href":"https:\/\/clair.si\/hr\/wp-json\/wp\/v2\/media\/92583"}],"wp:attachment":[{"href":"https:\/\/clair.si\/hr\/wp-json\/wp\/v2\/media?parent=92580"}],"wp:term":[{"taxonomy":"product_brand","embeddable":true,"href":"https:\/\/clair.si\/hr\/wp-json\/wp\/v2\/product_brand?post=92580"},{"taxonomy":"product_cat","embeddable":true,"href":"https:\/\/clair.si\/hr\/wp-json\/wp\/v2\/product_cat?post=92580"},{"taxonomy":"product_tag","embeddable":true,"href":"https:\/\/clair.si\/hr\/wp-json\/wp\/v2\/product_tag?post=92580"}],"curies":[{"name":"wp","href":"https:\/\/api.w.org\/{rel}","templated":true}]}}