{"id":92587,"date":"2025-05-20T14:49:35","date_gmt":"2025-05-20T12:49:35","guid":{"rendered":"https:\/\/clair.si\/izdelek\/maska-protiv-insekata-hkm-avokado\/"},"modified":"2025-09-11T09:13:26","modified_gmt":"2025-09-11T07:13:26","slug":"maska-protiv-insekata-hkm-avokado","status":"publish","type":"product","link":"https:\/\/clair.si\/hr\/izdelek\/maska-protiv-insekata-hkm-avokado\/","title":{"rendered":"Maska protiv insekata HKM Avokado"},"content":{"rendered":"<p>Maska protiv insekata HKM Avokado &lt;3 &#8211; elasti\u010dna za\u0161titna maska protiv insekata kombinira pouzdanu za\u0161titu i razigran dizajn. Elasti\u010dan, prozra\u010dan rastezljivi materijal u\u010dinkovito odbija dosadne insekte te se \u010dvrsto prilije\u017ee bez ograni\u010davanja konja. S trendovskim uzorkom dodaje \u017eivahan naglasak boje. Ugra\u0111ena UV-za\u0161tita sa za\u0161titnim faktorom od sunca 50+ \u0161titi konja od jakog sunca, stoga je maska idealan pratitelj u vru\u0107im danima.   <\/p>\n<p class=\"\" data-start=\"437\" data-end=\"451\"><strong data-start=\"437\" data-end=\"451\">Zna\u010dajke:<\/strong><\/p>\n<ul data-start=\"452\" data-end=\"566\">\n<li class=\"\" data-start=\"452\" data-end=\"463\">\n<p class=\"\" data-start=\"454\" data-end=\"463\">elasti\u010dno<\/p>\n<\/li>\n<li class=\"\" data-start=\"464\" data-end=\"496\">\n<p class=\"\" data-start=\"466\" data-end=\"496\">za\u0161tita od muha i insekata<\/p>\n<\/li>\n<li class=\"\" data-start=\"497\" data-end=\"509\">\n<p class=\"\" data-start=\"499\" data-end=\"509\">UV-za\u0161tita<\/p>\n<\/li>\n<li class=\"\" data-start=\"510\" data-end=\"531\">\n<p class=\"\" data-start=\"512\" data-end=\"531\">rastezljivi materijal<\/p>\n<\/li>\n<li class=\"\" data-start=\"532\" data-end=\"553\">\n<p class=\"\" data-start=\"534\" data-end=\"553\">za\u0161titni faktor 50+<\/p>\n<\/li>\n<li class=\"\" data-start=\"554\" data-end=\"566\">\n<p class=\"\" data-start=\"556\" data-end=\"566\">vrlo lagana<\/p>\n<\/li>\n<\/ul>\n<p><strong>Materijal: 100% poliester<\/strong><\/p>\n","protected":false},"excerpt":{"rendered":"<p>Maska protiv insekata HKM Avokado &lt;3 &#8211; elasti\u010dna za\u0161titna maska protiv insekata kombinira pouzdanu za\u0161titu i razigran dizajn. Elasti\u010dan, prozra\u010dan<\/p>\n","protected":false},"featured_media":92590,"template":"","meta":{"footnotes":""},"product_brand":[],"product_cat":[5624,5780,5674],"product_tag":[],"class_list":{"0":"post-92587","1":"product","2":"type-product","3":"status-publish","4":"has-post-thumbnail","6":"product_cat-konj-hr","7":"product_cat-maske-protiv-muha","8":"product_cat-zastita-od-insekata","10":"first","11":"instock","12":"shipping-taxable","13":"purchasable","14":"product-type-variable"},"yoast_head":"<!-- This site is optimized with the Yoast SEO plugin v27.3 - https:\/\/yoast.com\/product\/yoast-seo-wordpress\/ -->\n<title>Maska protiv insekata HKM Avokado - Clair<\/title>\n<meta name=\"description\" content=\"Maska protiv insekata HKM Avokado &lt;3 - elasti\u010dna za\u0161titna maska protiv insekata kombinira pouzdanu za\u0161titu i razigran dizajn. Elasti\u010dan, prozra\u010dan\" \/>\n<meta name=\"robots\" content=\"index, follow, max-snippet:-1, max-image-preview:large, max-video-preview:-1\" \/>\n<link rel=\"canonical\" href=\"https:\/\/clair.si\/hr\/izdelek\/maska-protiv-insekata-hkm-avokado\/\" \/>\n<meta property=\"og:locale\" content=\"hr_HR\" \/>\n<meta property=\"og:type\" content=\"article\" \/>\n<meta property=\"og:title\" content=\"Maska protiv insekata HKM Avokado - Clair\" \/>\n<meta property=\"og:description\" content=\"Maska protiv insekata HKM Avokado &lt;3 - elasti\u010dna za\u0161titna maska protiv insekata kombinira pouzdanu za\u0161titu i razigran dizajn. Elasti\u010dan, prozra\u010dan\" \/>\n<meta property=\"og:url\" content=\"https:\/\/clair.si\/hr\/izdelek\/maska-protiv-insekata-hkm-avokado\/\" \/>\n<meta property=\"og:site_name\" content=\"Clair\" \/>\n<meta property=\"article:publisher\" content=\"https:\/\/www.facebook.com\/TrgovinaClair\/\" \/>\n<meta property=\"article:modified_time\" content=\"2025-09-11T07:13:26+00:00\" \/>\n<meta property=\"og:image\" content=\"https:\/\/clair.si\/wp-content\/uploads\/2025\/05\/MASKA-PROTI-MUHAM-AVOCADO-21.webp\" \/>\n\t<meta property=\"og:image:width\" content=\"1500\" \/>\n\t<meta property=\"og:image:height\" content=\"1700\" \/>\n\t<meta property=\"og:image:type\" content=\"image\/jpeg\" \/>\n<meta name=\"twitter:card\" content=\"summary_large_image\" \/>\n<script type=\"application\/ld+json\" class=\"yoast-schema-graph\">{\"@context\":\"https:\\\/\\\/schema.org\",\"@graph\":[{\"@type\":\"WebPage\",\"@id\":\"https:\\\/\\\/clair.si\\\/hr\\\/izdelek\\\/maska-protiv-insekata-hkm-avokado\\\/\",\"url\":\"https:\\\/\\\/clair.si\\\/hr\\\/izdelek\\\/maska-protiv-insekata-hkm-avokado\\\/\",\"name\":\"Maska protiv insekata HKM Avokado - Clair\",\"isPartOf\":{\"@id\":\"https:\\\/\\\/clair.si\\\/#website\"},\"primaryImageOfPage\":{\"@id\":\"https:\\\/\\\/clair.si\\\/hr\\\/izdelek\\\/maska-protiv-insekata-hkm-avokado\\\/#primaryimage\"},\"image\":{\"@id\":\"https:\\\/\\\/clair.si\\\/hr\\\/izdelek\\\/maska-protiv-insekata-hkm-avokado\\\/#primaryimage\"},\"thumbnailUrl\":\"https:\\\/\\\/clair.si\\\/wp-content\\\/uploads\\\/2025\\\/05\\\/MASKA-PROTI-MUHAM-AVOCADO-21.webp\",\"datePublished\":\"2025-05-20T12:49:35+00:00\",\"dateModified\":\"2025-09-11T07:13:26+00:00\",\"description\":\"Maska protiv insekata HKM Avokado &lt;3 - elasti\u010dna za\u0161titna maska protiv insekata kombinira pouzdanu za\u0161titu i razigran dizajn. Elasti\u010dan, prozra\u010dan\",\"breadcrumb\":{\"@id\":\"https:\\\/\\\/clair.si\\\/hr\\\/izdelek\\\/maska-protiv-insekata-hkm-avokado\\\/#breadcrumb\"},\"inLanguage\":\"hr\",\"potentialAction\":[{\"@type\":\"ReadAction\",\"target\":[\"https:\\\/\\\/clair.si\\\/hr\\\/izdelek\\\/maska-protiv-insekata-hkm-avokado\\\/\"]}]},{\"@type\":\"ImageObject\",\"inLanguage\":\"hr\",\"@id\":\"https:\\\/\\\/clair.si\\\/hr\\\/izdelek\\\/maska-protiv-insekata-hkm-avokado\\\/#primaryimage\",\"url\":\"https:\\\/\\\/clair.si\\\/wp-content\\\/uploads\\\/2025\\\/05\\\/MASKA-PROTI-MUHAM-AVOCADO-21.webp\",\"contentUrl\":\"https:\\\/\\\/clair.si\\\/wp-content\\\/uploads\\\/2025\\\/05\\\/MASKA-PROTI-MUHAM-AVOCADO-21.webp\",\"width\":1500,\"height\":1700},{\"@type\":\"BreadcrumbList\",\"@id\":\"https:\\\/\\\/clair.si\\\/hr\\\/izdelek\\\/maska-protiv-insekata-hkm-avokado\\\/#breadcrumb\",\"itemListElement\":[{\"@type\":\"ListItem\",\"position\":1,\"name\":\"Home\",\"item\":\"https:\\\/\\\/clair.si\\\/hr\\\/\"},{\"@type\":\"ListItem\",\"position\":2,\"name\":\"Trgovina\",\"item\":\"https:\\\/\\\/clair.si\\\/trgovina\\\/\"},{\"@type\":\"ListItem\",\"position\":3,\"name\":\"Maska protiv insekata HKM Avokado\"}]},{\"@type\":\"WebSite\",\"@id\":\"https:\\\/\\\/clair.si\\\/#website\",\"url\":\"https:\\\/\\\/clair.si\\\/\",\"name\":\"Clair\",\"description\":\"Trgovina s konjeni\u0161ko opremo\",\"publisher\":{\"@id\":\"https:\\\/\\\/clair.si\\\/#organization\"},\"potentialAction\":[{\"@type\":\"SearchAction\",\"target\":{\"@type\":\"EntryPoint\",\"urlTemplate\":\"https:\\\/\\\/clair.si\\\/?s={search_term_string}\"},\"query-input\":{\"@type\":\"PropertyValueSpecification\",\"valueRequired\":true,\"valueName\":\"search_term_string\"}}],\"inLanguage\":\"hr\"},{\"@type\":\"Organization\",\"@id\":\"https:\\\/\\\/clair.si\\\/#organization\",\"name\":\"Clair\",\"url\":\"https:\\\/\\\/clair.si\\\/\",\"logo\":{\"@type\":\"ImageObject\",\"inLanguage\":\"hr\",\"@id\":\"https:\\\/\\\/clair.si\\\/#\\\/schema\\\/logo\\\/image\\\/\",\"url\":\"https:\\\/\\\/clair.si\\\/wp-content\\\/uploads\\\/2022\\\/11\\\/clair_logo_2022.jpg\",\"contentUrl\":\"https:\\\/\\\/clair.si\\\/wp-content\\\/uploads\\\/2022\\\/11\\\/clair_logo_2022.jpg\",\"width\":1920,\"height\":1920,\"caption\":\"Clair\"},\"image\":{\"@id\":\"https:\\\/\\\/clair.si\\\/#\\\/schema\\\/logo\\\/image\\\/\"},\"sameAs\":[\"https:\\\/\\\/www.facebook.com\\\/TrgovinaClair\\\/\"]}]}<\/script>\n<!-- \/ Yoast SEO plugin. -->","yoast_head_json":{"title":"Maska protiv insekata HKM Avokado - Clair","description":"Maska protiv insekata HKM Avokado &lt;3 - elasti\u010dna za\u0161titna maska protiv insekata kombinira pouzdanu za\u0161titu i razigran dizajn. Elasti\u010dan, prozra\u010dan","robots":{"index":"index","follow":"follow","max-snippet":"max-snippet:-1","max-image-preview":"max-image-preview:large","max-video-preview":"max-video-preview:-1"},"canonical":"https:\/\/clair.si\/hr\/izdelek\/maska-protiv-insekata-hkm-avokado\/","og_locale":"hr_HR","og_type":"article","og_title":"Maska protiv insekata HKM Avokado - Clair","og_description":"Maska protiv insekata HKM Avokado &lt;3 - elasti\u010dna za\u0161titna maska protiv insekata kombinira pouzdanu za\u0161titu i razigran dizajn. Elasti\u010dan, prozra\u010dan","og_url":"https:\/\/clair.si\/hr\/izdelek\/maska-protiv-insekata-hkm-avokado\/","og_site_name":"Clair","article_publisher":"https:\/\/www.facebook.com\/TrgovinaClair\/","article_modified_time":"2025-09-11T07:13:26+00:00","og_image":[{"width":1500,"height":1700,"url":"https:\/\/clair.si\/wp-content\/uploads\/2025\/05\/MASKA-PROTI-MUHAM-AVOCADO-21.webp","type":"image\/jpeg"}],"twitter_card":"summary_large_image","schema":{"@context":"https:\/\/schema.org","@graph":[{"@type":"WebPage","@id":"https:\/\/clair.si\/hr\/izdelek\/maska-protiv-insekata-hkm-avokado\/","url":"https:\/\/clair.si\/hr\/izdelek\/maska-protiv-insekata-hkm-avokado\/","name":"Maska protiv insekata HKM Avokado - Clair","isPartOf":{"@id":"https:\/\/clair.si\/#website"},"primaryImageOfPage":{"@id":"https:\/\/clair.si\/hr\/izdelek\/maska-protiv-insekata-hkm-avokado\/#primaryimage"},"image":{"@id":"https:\/\/clair.si\/hr\/izdelek\/maska-protiv-insekata-hkm-avokado\/#primaryimage"},"thumbnailUrl":"https:\/\/clair.si\/wp-content\/uploads\/2025\/05\/MASKA-PROTI-MUHAM-AVOCADO-21.webp","datePublished":"2025-05-20T12:49:35+00:00","dateModified":"2025-09-11T07:13:26+00:00","description":"Maska protiv insekata HKM Avokado &lt;3 - elasti\u010dna za\u0161titna maska protiv insekata kombinira pouzdanu za\u0161titu i razigran dizajn. Elasti\u010dan, prozra\u010dan","breadcrumb":{"@id":"https:\/\/clair.si\/hr\/izdelek\/maska-protiv-insekata-hkm-avokado\/#breadcrumb"},"inLanguage":"hr","potentialAction":[{"@type":"ReadAction","target":["https:\/\/clair.si\/hr\/izdelek\/maska-protiv-insekata-hkm-avokado\/"]}]},{"@type":"ImageObject","inLanguage":"hr","@id":"https:\/\/clair.si\/hr\/izdelek\/maska-protiv-insekata-hkm-avokado\/#primaryimage","url":"https:\/\/clair.si\/wp-content\/uploads\/2025\/05\/MASKA-PROTI-MUHAM-AVOCADO-21.webp","contentUrl":"https:\/\/clair.si\/wp-content\/uploads\/2025\/05\/MASKA-PROTI-MUHAM-AVOCADO-21.webp","width":1500,"height":1700},{"@type":"BreadcrumbList","@id":"https:\/\/clair.si\/hr\/izdelek\/maska-protiv-insekata-hkm-avokado\/#breadcrumb","itemListElement":[{"@type":"ListItem","position":1,"name":"Home","item":"https:\/\/clair.si\/hr\/"},{"@type":"ListItem","position":2,"name":"Trgovina","item":"https:\/\/clair.si\/trgovina\/"},{"@type":"ListItem","position":3,"name":"Maska protiv insekata HKM Avokado"}]},{"@type":"WebSite","@id":"https:\/\/clair.si\/#website","url":"https:\/\/clair.si\/","name":"Clair","description":"Trgovina s konjeni\u0161ko opremo","publisher":{"@id":"https:\/\/clair.si\/#organization"},"potentialAction":[{"@type":"SearchAction","target":{"@type":"EntryPoint","urlTemplate":"https:\/\/clair.si\/?s={search_term_string}"},"query-input":{"@type":"PropertyValueSpecification","valueRequired":true,"valueName":"search_term_string"}}],"inLanguage":"hr"},{"@type":"Organization","@id":"https:\/\/clair.si\/#organization","name":"Clair","url":"https:\/\/clair.si\/","logo":{"@type":"ImageObject","inLanguage":"hr","@id":"https:\/\/clair.si\/#\/schema\/logo\/image\/","url":"https:\/\/clair.si\/wp-content\/uploads\/2022\/11\/clair_logo_2022.jpg","contentUrl":"https:\/\/clair.si\/wp-content\/uploads\/2022\/11\/clair_logo_2022.jpg","width":1920,"height":1920,"caption":"Clair"},"image":{"@id":"https:\/\/clair.si\/#\/schema\/logo\/image\/"},"sameAs":["https:\/\/www.facebook.com\/TrgovinaClair\/"]}]}},"_links":{"self":[{"href":"https:\/\/clair.si\/hr\/wp-json\/wp\/v2\/product\/92587","targetHints":{"allow":["GET"]}}],"collection":[{"href":"https:\/\/clair.si\/hr\/wp-json\/wp\/v2\/product"}],"about":[{"href":"https:\/\/clair.si\/hr\/wp-json\/wp\/v2\/types\/product"}],"version-history":[{"count":0,"href":"https:\/\/clair.si\/hr\/wp-json\/wp\/v2\/product\/92587\/revisions"}],"wp:featuredmedia":[{"embeddable":true,"href":"https:\/\/clair.si\/hr\/wp-json\/wp\/v2\/media\/92590"}],"wp:attachment":[{"href":"https:\/\/clair.si\/hr\/wp-json\/wp\/v2\/media?parent=92587"}],"wp:term":[{"taxonomy":"product_brand","embeddable":true,"href":"https:\/\/clair.si\/hr\/wp-json\/wp\/v2\/product_brand?post=92587"},{"taxonomy":"product_cat","embeddable":true,"href":"https:\/\/clair.si\/hr\/wp-json\/wp\/v2\/product_cat?post=92587"},{"taxonomy":"product_tag","embeddable":true,"href":"https:\/\/clair.si\/hr\/wp-json\/wp\/v2\/product_tag?post=92587"}],"curies":[{"name":"wp","href":"https:\/\/api.w.org\/{rel}","templated":true}]}}