{"id":92596,"date":"2025-06-06T16:20:58","date_gmt":"2025-06-06T14:20:58","guid":{"rendered":"https:\/\/clair.si\/izdelek\/effol-elektrolitni-sirup\/"},"modified":"2025-06-06T16:20:58","modified_gmt":"2025-06-06T14:20:58","slug":"effol-elektrolitni-sirup","status":"publish","type":"product","link":"https:\/\/clair.si\/hr\/izdelek\/effol-elektrolitni-sirup\/","title":{"rendered":"Effol Elektrolitni sirup"},"content":{"rendered":"<h3 data-start=\"101\" data-end=\"178\"><strong data-start=\"105\" data-end=\"178\">Effol Electrolyte Syrup \u2013 brza nadoknada izgubljenih elektrolita<\/strong><\/h3>\n<p data-start=\"180\" data-end=\"558\"><strong data-start=\"180\" data-end=\"207\">Effol Electrolyte Syrup<\/strong> je ukusan i lako probavljiv sirup za brzu nadoknadu izgubljenih elektrolita nakon znojenja. Sadr\u017ei optimalnu kombinaciju najva\u017enijih minerala koji poma\u017eu u odr\u017eavanju ravnote\u017ee teku\u0107ina i podr\u017eavaju regeneraciju nakon fizi\u010dkog napora, vru\u0107ine ili stresa. Sirup s prirodnim okusom jabuke poti\u010de unos i pogodan je i za izbirljive konje.  <\/p>\n<h4 data-start=\"560\" data-end=\"603\"><strong data-start=\"565\" data-end=\"603\">Prednosti Effol Electrolyte Syrup:<\/strong><\/h4>\n<ul data-start=\"604\" data-end=\"908\">\n<li data-start=\"604\" data-end=\"670\">\n<p data-start=\"606\" data-end=\"670\">Brza <strong data-start=\"612\" data-end=\"627\">rehidracija<\/strong> nakon treninga, putovanja ili vru\u0107eg vremena.<\/p>\n<\/li>\n<li data-start=\"671\" data-end=\"738\">\n<p data-start=\"673\" data-end=\"738\">Sadr\u017ei klju\u010dne <strong data-start=\"689\" data-end=\"704\">elektrolite<\/strong>: natrij, kalij, kalcij, magnezij.<\/p>\n<\/li>\n<li data-start=\"739\" data-end=\"798\">\n<p data-start=\"741\" data-end=\"798\"><strong data-start=\"741\" data-end=\"760\">Okus jabuke<\/strong> uvjerava i izbirljive konje.<\/p>\n<\/li>\n<li data-start=\"799\" data-end=\"856\">\n<p data-start=\"801\" data-end=\"856\">Teku\u0107i oblik omogu\u0107uje jednostavno i precizno doziranje.<\/p>\n<\/li>\n<li data-start=\"857\" data-end=\"908\">\n<p data-start=\"859\" data-end=\"908\">Podr\u017eava <strong data-start=\"867\" data-end=\"895\">normalno funkcioniranje mi\u0161i\u0107a<\/strong> i \u017eiv\u010danog sustava.<\/p>\n<\/li>\n<\/ul>\n<h4 data-start=\"910\" data-end=\"939\"><strong data-start=\"915\" data-end=\"939\">Upute za upotrebu:<\/strong><\/h4>\n<ul data-start=\"940\" data-end=\"1126\">\n<li data-start=\"940\" data-end=\"1023\">\n<p data-start=\"942\" data-end=\"1023\"><strong data-start=\"942\" data-end=\"956\">Doziranje:<\/strong> 30\u201350 ml dnevno, po potrebi (npr. nakon napora, znojenja ili vru\u0107ine).<\/p>\n<\/li>\n<li data-start=\"1024\" data-end=\"1066\">\n<p data-start=\"1026\" data-end=\"1066\">Mo\u017ee se dodati u <strong data-start=\"1042\" data-end=\"1065\">hranu ili vodu za pi\u0107e<\/strong>.<\/p>\n<\/li>\n<li data-start=\"1067\" data-end=\"1126\">\n<p data-start=\"1069\" data-end=\"1126\">Uvijek osigurajte <strong data-start=\"1086\" data-end=\"1125\">neograni\u010den pristup svje\u017eoj vodi za pi\u0107e.<\/strong><\/p>\n<\/li>\n<\/ul>\n<h4><strong>Koli\u010dina:<\/strong> 500 ml<\/h4>\n","protected":false},"excerpt":{"rendered":"<ul>\n<li data-start=\"1166\" data-end=\"1215\">\n<p data-start=\"1168\" data-end=\"1215\">Brzo djeluju\u0107i sirup za ravnote\u017eu elektrolita.<\/p>\n<\/li>\n<li data-start=\"1216\" data-end=\"1281\">\n<p data-start=\"1218\" data-end=\"1281\">Odli\u010dan okus \u2013 i za izbirljive konje.<\/p>\n<\/li>\n<li data-start=\"1282\" data-end=\"1329\">\n<p data-start=\"1284\" data-end=\"1329\">Idealno za natjecanja ili putovanja.<\/p>\n<\/li>\n<\/ul>\n","protected":false},"featured_media":92601,"template":"","meta":{"footnotes":""},"product_brand":[],"product_cat":[5657,5710,5712,5627],"product_tag":[],"class_list":{"0":"post-92596","1":"product","2":"type-product","3":"status-publish","4":"has-post-thumbnail","6":"product_cat-kategorije-hr","7":"product_cat-hrana-za-konje-hr","8":"product_cat-prehrambeni-dodaci","9":"product_cat-stala-i-pasnjak","11":"first","12":"instock","13":"shipping-taxable","14":"purchasable","15":"product-type-simple"},"yoast_head":"<!-- This site is optimized with the Yoast SEO plugin v27.3 - https:\/\/yoast.com\/product\/yoast-seo-wordpress\/ -->\n<title>Effol Elektrolitni sirup - Clair<\/title>\n<meta name=\"description\" content=\"Brzo djeluju\u0107i sirup za ravnote\u017eu elektrolita.   Odli\u010dan okus \u2013 i za izbirljive konje.   Idealno za natjecanja ili putovanja.\" \/>\n<meta name=\"robots\" content=\"index, follow, max-snippet:-1, max-image-preview:large, max-video-preview:-1\" \/>\n<link rel=\"canonical\" href=\"https:\/\/clair.si\/izdelek\/effol-elektrolyt-sirup\/\" \/>\n<meta property=\"og:locale\" content=\"hr_HR\" \/>\n<meta property=\"og:type\" content=\"article\" \/>\n<meta property=\"og:title\" content=\"Effol Elektrolitni sirup - Clair\" \/>\n<meta property=\"og:description\" content=\"Brzo djeluju\u0107i sirup za ravnote\u017eu elektrolita.   Odli\u010dan okus \u2013 i za izbirljive konje.   Idealno za natjecanja ili putovanja.\" \/>\n<meta property=\"og:url\" content=\"https:\/\/clair.si\/izdelek\/effol-elektrolyt-sirup\/\" \/>\n<meta property=\"og:site_name\" content=\"Clair\" \/>\n<meta property=\"article:publisher\" content=\"https:\/\/www.facebook.com\/TrgovinaClair\/\" \/>\n<meta property=\"og:image\" content=\"https:\/\/clair.si\/wp-content\/uploads\/2025\/06\/effol-elektolyt-sirup.webp\" \/>\n\t<meta property=\"og:image:width\" content=\"581\" \/>\n\t<meta property=\"og:image:height\" content=\"581\" \/>\n\t<meta property=\"og:image:type\" content=\"image\/webp\" \/>\n<meta name=\"twitter:card\" content=\"summary_large_image\" \/>\n<meta name=\"twitter:label1\" content=\"Procijenjeno vrijeme \u010ditanja\" \/>\n\t<meta name=\"twitter:data1\" content=\"1 minuta\" \/>\n<script type=\"application\/ld+json\" class=\"yoast-schema-graph\">{\"@context\":\"https:\\\/\\\/schema.org\",\"@graph\":[{\"@type\":\"WebPage\",\"@id\":\"https:\\\/\\\/clair.si\\\/izdelek\\\/effol-elektrolyt-sirup\\\/\",\"url\":\"https:\\\/\\\/clair.si\\\/izdelek\\\/effol-elektrolyt-sirup\\\/\",\"name\":\"Effol Elektrolitni sirup - Clair\",\"isPartOf\":{\"@id\":\"https:\\\/\\\/clair.si\\\/#website\"},\"primaryImageOfPage\":{\"@id\":\"https:\\\/\\\/clair.si\\\/izdelek\\\/effol-elektrolyt-sirup\\\/#primaryimage\"},\"image\":{\"@id\":\"https:\\\/\\\/clair.si\\\/izdelek\\\/effol-elektrolyt-sirup\\\/#primaryimage\"},\"thumbnailUrl\":\"https:\\\/\\\/clair.si\\\/wp-content\\\/uploads\\\/2025\\\/06\\\/effol-elektolyt-sirup.webp\",\"datePublished\":\"2025-06-06T14:20:58+00:00\",\"description\":\"Brzo djeluju\u0107i sirup za ravnote\u017eu elektrolita. Odli\u010dan okus \u2013 i za izbirljive konje. Idealno za natjecanja ili putovanja.\",\"breadcrumb\":{\"@id\":\"https:\\\/\\\/clair.si\\\/izdelek\\\/effol-elektrolyt-sirup\\\/#breadcrumb\"},\"inLanguage\":\"hr\",\"potentialAction\":[{\"@type\":\"ReadAction\",\"target\":[\"https:\\\/\\\/clair.si\\\/izdelek\\\/effol-elektrolyt-sirup\\\/\"]}]},{\"@type\":\"ImageObject\",\"inLanguage\":\"hr\",\"@id\":\"https:\\\/\\\/clair.si\\\/izdelek\\\/effol-elektrolyt-sirup\\\/#primaryimage\",\"url\":\"https:\\\/\\\/clair.si\\\/wp-content\\\/uploads\\\/2025\\\/06\\\/effol-elektolyt-sirup.webp\",\"contentUrl\":\"https:\\\/\\\/clair.si\\\/wp-content\\\/uploads\\\/2025\\\/06\\\/effol-elektolyt-sirup.webp\",\"width\":581,\"height\":581},{\"@type\":\"BreadcrumbList\",\"@id\":\"https:\\\/\\\/clair.si\\\/izdelek\\\/effol-elektrolyt-sirup\\\/#breadcrumb\",\"itemListElement\":[{\"@type\":\"ListItem\",\"position\":1,\"name\":\"Home\",\"item\":\"https:\\\/\\\/clair.si\\\/hr\\\/\"},{\"@type\":\"ListItem\",\"position\":2,\"name\":\"Trgovina\",\"item\":\"https:\\\/\\\/clair.si\\\/trgovina\\\/\"},{\"@type\":\"ListItem\",\"position\":3,\"name\":\"Effol Elektrolitni sirup\"}]},{\"@type\":\"WebSite\",\"@id\":\"https:\\\/\\\/clair.si\\\/#website\",\"url\":\"https:\\\/\\\/clair.si\\\/\",\"name\":\"Clair\",\"description\":\"Trgovina s konjeni\u0161ko opremo\",\"publisher\":{\"@id\":\"https:\\\/\\\/clair.si\\\/#organization\"},\"potentialAction\":[{\"@type\":\"SearchAction\",\"target\":{\"@type\":\"EntryPoint\",\"urlTemplate\":\"https:\\\/\\\/clair.si\\\/?s={search_term_string}\"},\"query-input\":{\"@type\":\"PropertyValueSpecification\",\"valueRequired\":true,\"valueName\":\"search_term_string\"}}],\"inLanguage\":\"hr\"},{\"@type\":\"Organization\",\"@id\":\"https:\\\/\\\/clair.si\\\/#organization\",\"name\":\"Clair\",\"url\":\"https:\\\/\\\/clair.si\\\/\",\"logo\":{\"@type\":\"ImageObject\",\"inLanguage\":\"hr\",\"@id\":\"https:\\\/\\\/clair.si\\\/#\\\/schema\\\/logo\\\/image\\\/\",\"url\":\"https:\\\/\\\/clair.si\\\/wp-content\\\/uploads\\\/2022\\\/11\\\/clair_logo_2022.jpg\",\"contentUrl\":\"https:\\\/\\\/clair.si\\\/wp-content\\\/uploads\\\/2022\\\/11\\\/clair_logo_2022.jpg\",\"width\":1920,\"height\":1920,\"caption\":\"Clair\"},\"image\":{\"@id\":\"https:\\\/\\\/clair.si\\\/#\\\/schema\\\/logo\\\/image\\\/\"},\"sameAs\":[\"https:\\\/\\\/www.facebook.com\\\/TrgovinaClair\\\/\"]}]}<\/script>\n<!-- \/ Yoast SEO plugin. -->","yoast_head_json":{"title":"Effol Elektrolitni sirup - Clair","description":"Brzo djeluju\u0107i sirup za ravnote\u017eu elektrolita.   Odli\u010dan okus \u2013 i za izbirljive konje.   Idealno za natjecanja ili putovanja.","robots":{"index":"index","follow":"follow","max-snippet":"max-snippet:-1","max-image-preview":"max-image-preview:large","max-video-preview":"max-video-preview:-1"},"canonical":"https:\/\/clair.si\/izdelek\/effol-elektrolyt-sirup\/","og_locale":"hr_HR","og_type":"article","og_title":"Effol Elektrolitni sirup - Clair","og_description":"Brzo djeluju\u0107i sirup za ravnote\u017eu elektrolita.   Odli\u010dan okus \u2013 i za izbirljive konje.   Idealno za natjecanja ili putovanja.","og_url":"https:\/\/clair.si\/izdelek\/effol-elektrolyt-sirup\/","og_site_name":"Clair","article_publisher":"https:\/\/www.facebook.com\/TrgovinaClair\/","og_image":[{"width":581,"height":581,"url":"https:\/\/clair.si\/wp-content\/uploads\/2025\/06\/effol-elektolyt-sirup.webp","type":"image\/webp"}],"twitter_card":"summary_large_image","twitter_misc":{"Procijenjeno vrijeme \u010ditanja":"1 minuta"},"schema":{"@context":"https:\/\/schema.org","@graph":[{"@type":"WebPage","@id":"https:\/\/clair.si\/izdelek\/effol-elektrolyt-sirup\/","url":"https:\/\/clair.si\/izdelek\/effol-elektrolyt-sirup\/","name":"Effol Elektrolitni sirup - Clair","isPartOf":{"@id":"https:\/\/clair.si\/#website"},"primaryImageOfPage":{"@id":"https:\/\/clair.si\/izdelek\/effol-elektrolyt-sirup\/#primaryimage"},"image":{"@id":"https:\/\/clair.si\/izdelek\/effol-elektrolyt-sirup\/#primaryimage"},"thumbnailUrl":"https:\/\/clair.si\/wp-content\/uploads\/2025\/06\/effol-elektolyt-sirup.webp","datePublished":"2025-06-06T14:20:58+00:00","description":"Brzo djeluju\u0107i sirup za ravnote\u017eu elektrolita. Odli\u010dan okus \u2013 i za izbirljive konje. Idealno za natjecanja ili putovanja.","breadcrumb":{"@id":"https:\/\/clair.si\/izdelek\/effol-elektrolyt-sirup\/#breadcrumb"},"inLanguage":"hr","potentialAction":[{"@type":"ReadAction","target":["https:\/\/clair.si\/izdelek\/effol-elektrolyt-sirup\/"]}]},{"@type":"ImageObject","inLanguage":"hr","@id":"https:\/\/clair.si\/izdelek\/effol-elektrolyt-sirup\/#primaryimage","url":"https:\/\/clair.si\/wp-content\/uploads\/2025\/06\/effol-elektolyt-sirup.webp","contentUrl":"https:\/\/clair.si\/wp-content\/uploads\/2025\/06\/effol-elektolyt-sirup.webp","width":581,"height":581},{"@type":"BreadcrumbList","@id":"https:\/\/clair.si\/izdelek\/effol-elektrolyt-sirup\/#breadcrumb","itemListElement":[{"@type":"ListItem","position":1,"name":"Home","item":"https:\/\/clair.si\/hr\/"},{"@type":"ListItem","position":2,"name":"Trgovina","item":"https:\/\/clair.si\/trgovina\/"},{"@type":"ListItem","position":3,"name":"Effol Elektrolitni sirup"}]},{"@type":"WebSite","@id":"https:\/\/clair.si\/#website","url":"https:\/\/clair.si\/","name":"Clair","description":"Trgovina s konjeni\u0161ko opremo","publisher":{"@id":"https:\/\/clair.si\/#organization"},"potentialAction":[{"@type":"SearchAction","target":{"@type":"EntryPoint","urlTemplate":"https:\/\/clair.si\/?s={search_term_string}"},"query-input":{"@type":"PropertyValueSpecification","valueRequired":true,"valueName":"search_term_string"}}],"inLanguage":"hr"},{"@type":"Organization","@id":"https:\/\/clair.si\/#organization","name":"Clair","url":"https:\/\/clair.si\/","logo":{"@type":"ImageObject","inLanguage":"hr","@id":"https:\/\/clair.si\/#\/schema\/logo\/image\/","url":"https:\/\/clair.si\/wp-content\/uploads\/2022\/11\/clair_logo_2022.jpg","contentUrl":"https:\/\/clair.si\/wp-content\/uploads\/2022\/11\/clair_logo_2022.jpg","width":1920,"height":1920,"caption":"Clair"},"image":{"@id":"https:\/\/clair.si\/#\/schema\/logo\/image\/"},"sameAs":["https:\/\/www.facebook.com\/TrgovinaClair\/"]}]}},"_links":{"self":[{"href":"https:\/\/clair.si\/hr\/wp-json\/wp\/v2\/product\/92596","targetHints":{"allow":["GET"]}}],"collection":[{"href":"https:\/\/clair.si\/hr\/wp-json\/wp\/v2\/product"}],"about":[{"href":"https:\/\/clair.si\/hr\/wp-json\/wp\/v2\/types\/product"}],"version-history":[{"count":0,"href":"https:\/\/clair.si\/hr\/wp-json\/wp\/v2\/product\/92596\/revisions"}],"wp:featuredmedia":[{"embeddable":true,"href":"https:\/\/clair.si\/hr\/wp-json\/wp\/v2\/media\/92601"}],"wp:attachment":[{"href":"https:\/\/clair.si\/hr\/wp-json\/wp\/v2\/media?parent=92596"}],"wp:term":[{"taxonomy":"product_brand","embeddable":true,"href":"https:\/\/clair.si\/hr\/wp-json\/wp\/v2\/product_brand?post=92596"},{"taxonomy":"product_cat","embeddable":true,"href":"https:\/\/clair.si\/hr\/wp-json\/wp\/v2\/product_cat?post=92596"},{"taxonomy":"product_tag","embeddable":true,"href":"https:\/\/clair.si\/hr\/wp-json\/wp\/v2\/product_tag?post=92596"}],"curies":[{"name":"wp","href":"https:\/\/api.w.org\/{rel}","templated":true}]}}