{"id":92597,"date":"2025-06-05T13:35:10","date_gmt":"2025-06-05T11:35:10","guid":{"rendered":"https:\/\/clair.si\/izdelek\/naf-pimp-my-pony-shampoo\/"},"modified":"2025-08-27T20:48:52","modified_gmt":"2025-08-27T18:48:52","slug":"naf-pimp-my-pony-shampoo","status":"publish","type":"product","link":"https:\/\/clair.si\/hr\/izdelek\/naf-pimp-my-pony-shampoo\/","title":{"rendered":"NAF Pimp My Pony \u0161ampon"},"content":{"rendered":"<h3 data-start=\"182\" data-end=\"249\">\ud83e\udd84 NAF Pimp My Pony \u0161ampon \u2013 Za ponije koji \u017eele blistati!<\/h3>\n<p data-start=\"251\" data-end=\"363\"><span class=\"relative -mx-px my-[-0.2rem] rounded px-px py-[0.2rem] transition-colors duration-100 ease-in-out\"><strong data-start=\"0\" data-end=\"33\" data-is-only-node=\"\">NAF Pimp My Pony \u0161ampon<\/strong> je savr\u0161en ru\u017ei\u010dasti \u0161ampon.<\/span> <span class=\"relative -mx-px my-[-0.2rem] rounded px-px py-[0.2rem] transition-colors duration-100 ease-in-out\">Njegova formula ne samo da temeljito \u010disti, ve\u0107 i nagla\u0161ava prirodnu boju dlake. \u0160ampon usto iznimno miri\u0161e. <\/span><\/p>\n<h4 data-start=\"365\" data-end=\"390\">\u2728 Klju\u010dne prednosti:<\/h4>\n<ul data-start=\"391\" data-end=\"595\">\n<li data-start=\"391\" data-end=\"430\">\n<p data-start=\"393\" data-end=\"430\"><span class=\"relative -mx-px my-[-0.2rem] rounded px-px py-[0.2rem] transition-colors duration-100 ease-in-out\"><strong data-start=\"0\" data-end=\"23\" data-is-only-node=\"\">Intenzivno \u010di\u0161\u0107enje<\/strong>: Dubinski \u010disti dlaku i uklanja prljav\u0161tinu.<\/span><\/p>\n<\/li>\n<li data-start=\"431\" data-end=\"472\">\n<p data-start=\"433\" data-end=\"472\"><span class=\"relative -mx-px my-[-0.2rem] rounded px-px py-[0.2rem] transition-colors duration-100 ease-in-out\"><strong data-start=\"0\" data-end=\"25\" data-is-only-node=\"\">Nagla\u0161ava prirodnu boju<\/strong>: Pove\u0107ava sjaj i nagla\u0161ava prirodne nijanse dlake.<\/span><\/p>\n<\/li>\n<li data-start=\"473\" data-end=\"514\">\n<p data-start=\"475\" data-end=\"514\"><span class=\"relative -mx-px my-[-0.2rem] rounded px-px py-[0.2rem] transition-colors duration-100 ease-in-out\"><strong data-start=\"0\" data-end=\"20\" data-is-only-node=\"\">Dugotrajan miris<\/strong>: Ostavlja ugodan i svje\u017e miris koji traje.<\/span><\/p>\n<\/li>\n<li data-start=\"515\" data-end=\"595\">\n<p data-start=\"517\" data-end=\"595\"><span class=\"relative -mx-px my-[-0.2rem] rounded px-px py-[0.2rem] transition-colors duration-100 ease-in-out\"><strong data-start=\"0\" data-end=\"31\" data-is-only-node=\"\">Prikladan za \u010destu upotrebu<\/strong>: Nje\u017eno djeluje na ko\u017eu i dlaku, prikladan za redovitu upotrebu.<\/span><\/p>\n<\/li>\n<\/ul>\n<h4 data-start=\"597\" data-end=\"625\">\ud83e\uddf4 Upute za upotrebu:<\/h4>\n<p data-start=\"626\" data-end=\"784\"><span class=\"relative -mx-px my-[-0.2rem] rounded px-px py-[0.2rem] transition-colors duration-100 ease-in-out\">Dodajte 20 ml \u0161ampona na 1 litru vode ili nanesite izravno na mokru dlaku.<\/span> <span class=\"relative -mx-px my-[-0.2rem] rounded px-px py-[0.2rem] transition-colors duration-100 ease-in-out\">Utrljajte da se stvori pjena, izbjegavajte kontakt s o\u010dima, zatim temeljito isperite.<\/span> <span class=\"relative -mx-px my-[-0.2rem] rounded px-px py-[0.2rem] transition-colors duration-100 ease-in-out\">Prije prve uporabe preporu\u010damo 24-satni test na malom dijelu ko\u017ee.<\/span><\/p>\n<p data-start=\"887\" data-end=\"965\"><span class=\"relative -mx-px my-[-0.2rem] rounded px-px py-[0.2rem] transition-colors duration-100 ease-in-out\">Pobrinite se da je va\u0161 poni uvijek spreman za nastup \u2013 jer svaki poni zaslu\u017euje zvjezdani tretman!<\/span><\/p>\n","protected":false},"excerpt":{"rendered":"<ul>\n<li>\u0161ampon bo\u017eanskog mirisa<\/li>\n<li>idealan kao poklon za vlasnice ponija i konja<\/li>\n<li>pinky boje &lt;3<\/li>\n<\/ul>\n","protected":false},"featured_media":92602,"template":"","meta":{"footnotes":""},"product_brand":[],"product_cat":[5624,5675,5677,5628,5625,5714,5627],"product_tag":[],"class_list":{"0":"post-92597","1":"product","2":"type-product","3":"status-publish","4":"has-post-thumbnail","6":"product_cat-konj-hr","7":"product_cat-kozmetika-za-konje-hr","8":"product_cat-kozmetika-za-konje-hr-2","9":"product_cat-njega-konja-hr","10":"product_cat-njega-konja","11":"product_cat-samponi-i-sapuni","12":"product_cat-stala-i-pasnjak","14":"first","15":"instock","16":"shipping-taxable","17":"purchasable","18":"product-type-simple"},"yoast_head":"<!-- This site is optimized with the Yoast SEO plugin v27.3 - https:\/\/yoast.com\/product\/yoast-seo-wordpress\/ -->\n<title>NAF Pimp My Pony \u0161ampon - Clair<\/title>\n<meta name=\"description\" content=\"\u0161ampon bo\u017eanskog mirisa  idealan kao poklon za vlasnice ponija i konja  pinky boje &lt;3\" \/>\n<meta name=\"robots\" content=\"index, follow, max-snippet:-1, max-image-preview:large, max-video-preview:-1\" \/>\n<link rel=\"canonical\" href=\"https:\/\/clair.si\/hr\/izdelek\/naf-pimp-my-pony-shampoo\/\" \/>\n<meta property=\"og:locale\" content=\"hr_HR\" \/>\n<meta property=\"og:type\" content=\"article\" \/>\n<meta property=\"og:title\" content=\"NAF Pimp My Pony \u0161ampon - Clair\" \/>\n<meta property=\"og:description\" content=\"\u0161ampon bo\u017eanskog mirisa  idealan kao poklon za vlasnice ponija i konja  pinky boje &lt;3\" \/>\n<meta property=\"og:url\" content=\"https:\/\/clair.si\/hr\/izdelek\/naf-pimp-my-pony-shampoo\/\" \/>\n<meta property=\"og:site_name\" content=\"Clair\" \/>\n<meta property=\"article:publisher\" content=\"https:\/\/www.facebook.com\/TrgovinaClair\/\" \/>\n<meta property=\"article:modified_time\" content=\"2025-08-27T18:48:52+00:00\" \/>\n<meta property=\"og:image\" content=\"https:\/\/clair.si\/wp-content\/uploads\/2025\/06\/pimp-my-pony-2.webp\" \/>\n\t<meta property=\"og:image:width\" content=\"750\" \/>\n\t<meta property=\"og:image:height\" content=\"750\" \/>\n\t<meta property=\"og:image:type\" content=\"image\/jpeg\" \/>\n<meta name=\"twitter:card\" content=\"summary_large_image\" \/>\n<meta name=\"twitter:label1\" content=\"Procijenjeno vrijeme \u010ditanja\" \/>\n\t<meta name=\"twitter:data1\" content=\"1 minuta\" \/>\n<script type=\"application\/ld+json\" class=\"yoast-schema-graph\">{\"@context\":\"https:\\\/\\\/schema.org\",\"@graph\":[{\"@type\":\"WebPage\",\"@id\":\"https:\\\/\\\/clair.si\\\/hr\\\/izdelek\\\/naf-pimp-my-pony-shampoo\\\/\",\"url\":\"https:\\\/\\\/clair.si\\\/hr\\\/izdelek\\\/naf-pimp-my-pony-shampoo\\\/\",\"name\":\"NAF Pimp My Pony \u0161ampon - Clair\",\"isPartOf\":{\"@id\":\"https:\\\/\\\/clair.si\\\/#website\"},\"primaryImageOfPage\":{\"@id\":\"https:\\\/\\\/clair.si\\\/hr\\\/izdelek\\\/naf-pimp-my-pony-shampoo\\\/#primaryimage\"},\"image\":{\"@id\":\"https:\\\/\\\/clair.si\\\/hr\\\/izdelek\\\/naf-pimp-my-pony-shampoo\\\/#primaryimage\"},\"thumbnailUrl\":\"https:\\\/\\\/clair.si\\\/wp-content\\\/uploads\\\/2025\\\/06\\\/pimp-my-pony-2.webp\",\"datePublished\":\"2025-06-05T11:35:10+00:00\",\"dateModified\":\"2025-08-27T18:48:52+00:00\",\"description\":\"\u0161ampon bo\u017eanskog mirisa idealan kao poklon za vlasnice ponija i konja pinky boje &lt;3\",\"breadcrumb\":{\"@id\":\"https:\\\/\\\/clair.si\\\/hr\\\/izdelek\\\/naf-pimp-my-pony-shampoo\\\/#breadcrumb\"},\"inLanguage\":\"hr\",\"potentialAction\":[{\"@type\":\"ReadAction\",\"target\":[\"https:\\\/\\\/clair.si\\\/hr\\\/izdelek\\\/naf-pimp-my-pony-shampoo\\\/\"]}]},{\"@type\":\"ImageObject\",\"inLanguage\":\"hr\",\"@id\":\"https:\\\/\\\/clair.si\\\/hr\\\/izdelek\\\/naf-pimp-my-pony-shampoo\\\/#primaryimage\",\"url\":\"https:\\\/\\\/clair.si\\\/wp-content\\\/uploads\\\/2025\\\/06\\\/pimp-my-pony-2.webp\",\"contentUrl\":\"https:\\\/\\\/clair.si\\\/wp-content\\\/uploads\\\/2025\\\/06\\\/pimp-my-pony-2.webp\",\"width\":750,\"height\":750},{\"@type\":\"BreadcrumbList\",\"@id\":\"https:\\\/\\\/clair.si\\\/hr\\\/izdelek\\\/naf-pimp-my-pony-shampoo\\\/#breadcrumb\",\"itemListElement\":[{\"@type\":\"ListItem\",\"position\":1,\"name\":\"Home\",\"item\":\"https:\\\/\\\/clair.si\\\/hr\\\/\"},{\"@type\":\"ListItem\",\"position\":2,\"name\":\"Trgovina\",\"item\":\"https:\\\/\\\/clair.si\\\/trgovina\\\/\"},{\"@type\":\"ListItem\",\"position\":3,\"name\":\"NAF Pimp My Pony \u0161ampon\"}]},{\"@type\":\"WebSite\",\"@id\":\"https:\\\/\\\/clair.si\\\/#website\",\"url\":\"https:\\\/\\\/clair.si\\\/\",\"name\":\"Clair\",\"description\":\"Trgovina s konjeni\u0161ko opremo\",\"publisher\":{\"@id\":\"https:\\\/\\\/clair.si\\\/#organization\"},\"potentialAction\":[{\"@type\":\"SearchAction\",\"target\":{\"@type\":\"EntryPoint\",\"urlTemplate\":\"https:\\\/\\\/clair.si\\\/?s={search_term_string}\"},\"query-input\":{\"@type\":\"PropertyValueSpecification\",\"valueRequired\":true,\"valueName\":\"search_term_string\"}}],\"inLanguage\":\"hr\"},{\"@type\":\"Organization\",\"@id\":\"https:\\\/\\\/clair.si\\\/#organization\",\"name\":\"Clair\",\"url\":\"https:\\\/\\\/clair.si\\\/\",\"logo\":{\"@type\":\"ImageObject\",\"inLanguage\":\"hr\",\"@id\":\"https:\\\/\\\/clair.si\\\/#\\\/schema\\\/logo\\\/image\\\/\",\"url\":\"https:\\\/\\\/clair.si\\\/wp-content\\\/uploads\\\/2022\\\/11\\\/clair_logo_2022.jpg\",\"contentUrl\":\"https:\\\/\\\/clair.si\\\/wp-content\\\/uploads\\\/2022\\\/11\\\/clair_logo_2022.jpg\",\"width\":1920,\"height\":1920,\"caption\":\"Clair\"},\"image\":{\"@id\":\"https:\\\/\\\/clair.si\\\/#\\\/schema\\\/logo\\\/image\\\/\"},\"sameAs\":[\"https:\\\/\\\/www.facebook.com\\\/TrgovinaClair\\\/\"]}]}<\/script>\n<!-- \/ Yoast SEO plugin. -->","yoast_head_json":{"title":"NAF Pimp My Pony \u0161ampon - Clair","description":"\u0161ampon bo\u017eanskog mirisa  idealan kao poklon za vlasnice ponija i konja  pinky boje &lt;3","robots":{"index":"index","follow":"follow","max-snippet":"max-snippet:-1","max-image-preview":"max-image-preview:large","max-video-preview":"max-video-preview:-1"},"canonical":"https:\/\/clair.si\/hr\/izdelek\/naf-pimp-my-pony-shampoo\/","og_locale":"hr_HR","og_type":"article","og_title":"NAF Pimp My Pony \u0161ampon - Clair","og_description":"\u0161ampon bo\u017eanskog mirisa  idealan kao poklon za vlasnice ponija i konja  pinky boje &lt;3","og_url":"https:\/\/clair.si\/hr\/izdelek\/naf-pimp-my-pony-shampoo\/","og_site_name":"Clair","article_publisher":"https:\/\/www.facebook.com\/TrgovinaClair\/","article_modified_time":"2025-08-27T18:48:52+00:00","og_image":[{"width":750,"height":750,"url":"https:\/\/clair.si\/wp-content\/uploads\/2025\/06\/pimp-my-pony-2.webp","type":"image\/jpeg"}],"twitter_card":"summary_large_image","twitter_misc":{"Procijenjeno vrijeme \u010ditanja":"1 minuta"},"schema":{"@context":"https:\/\/schema.org","@graph":[{"@type":"WebPage","@id":"https:\/\/clair.si\/hr\/izdelek\/naf-pimp-my-pony-shampoo\/","url":"https:\/\/clair.si\/hr\/izdelek\/naf-pimp-my-pony-shampoo\/","name":"NAF Pimp My Pony \u0161ampon - Clair","isPartOf":{"@id":"https:\/\/clair.si\/#website"},"primaryImageOfPage":{"@id":"https:\/\/clair.si\/hr\/izdelek\/naf-pimp-my-pony-shampoo\/#primaryimage"},"image":{"@id":"https:\/\/clair.si\/hr\/izdelek\/naf-pimp-my-pony-shampoo\/#primaryimage"},"thumbnailUrl":"https:\/\/clair.si\/wp-content\/uploads\/2025\/06\/pimp-my-pony-2.webp","datePublished":"2025-06-05T11:35:10+00:00","dateModified":"2025-08-27T18:48:52+00:00","description":"\u0161ampon bo\u017eanskog mirisa idealan kao poklon za vlasnice ponija i konja pinky boje &lt;3","breadcrumb":{"@id":"https:\/\/clair.si\/hr\/izdelek\/naf-pimp-my-pony-shampoo\/#breadcrumb"},"inLanguage":"hr","potentialAction":[{"@type":"ReadAction","target":["https:\/\/clair.si\/hr\/izdelek\/naf-pimp-my-pony-shampoo\/"]}]},{"@type":"ImageObject","inLanguage":"hr","@id":"https:\/\/clair.si\/hr\/izdelek\/naf-pimp-my-pony-shampoo\/#primaryimage","url":"https:\/\/clair.si\/wp-content\/uploads\/2025\/06\/pimp-my-pony-2.webp","contentUrl":"https:\/\/clair.si\/wp-content\/uploads\/2025\/06\/pimp-my-pony-2.webp","width":750,"height":750},{"@type":"BreadcrumbList","@id":"https:\/\/clair.si\/hr\/izdelek\/naf-pimp-my-pony-shampoo\/#breadcrumb","itemListElement":[{"@type":"ListItem","position":1,"name":"Home","item":"https:\/\/clair.si\/hr\/"},{"@type":"ListItem","position":2,"name":"Trgovina","item":"https:\/\/clair.si\/trgovina\/"},{"@type":"ListItem","position":3,"name":"NAF Pimp My Pony \u0161ampon"}]},{"@type":"WebSite","@id":"https:\/\/clair.si\/#website","url":"https:\/\/clair.si\/","name":"Clair","description":"Trgovina s konjeni\u0161ko opremo","publisher":{"@id":"https:\/\/clair.si\/#organization"},"potentialAction":[{"@type":"SearchAction","target":{"@type":"EntryPoint","urlTemplate":"https:\/\/clair.si\/?s={search_term_string}"},"query-input":{"@type":"PropertyValueSpecification","valueRequired":true,"valueName":"search_term_string"}}],"inLanguage":"hr"},{"@type":"Organization","@id":"https:\/\/clair.si\/#organization","name":"Clair","url":"https:\/\/clair.si\/","logo":{"@type":"ImageObject","inLanguage":"hr","@id":"https:\/\/clair.si\/#\/schema\/logo\/image\/","url":"https:\/\/clair.si\/wp-content\/uploads\/2022\/11\/clair_logo_2022.jpg","contentUrl":"https:\/\/clair.si\/wp-content\/uploads\/2022\/11\/clair_logo_2022.jpg","width":1920,"height":1920,"caption":"Clair"},"image":{"@id":"https:\/\/clair.si\/#\/schema\/logo\/image\/"},"sameAs":["https:\/\/www.facebook.com\/TrgovinaClair\/"]}]}},"_links":{"self":[{"href":"https:\/\/clair.si\/hr\/wp-json\/wp\/v2\/product\/92597","targetHints":{"allow":["GET"]}}],"collection":[{"href":"https:\/\/clair.si\/hr\/wp-json\/wp\/v2\/product"}],"about":[{"href":"https:\/\/clair.si\/hr\/wp-json\/wp\/v2\/types\/product"}],"version-history":[{"count":0,"href":"https:\/\/clair.si\/hr\/wp-json\/wp\/v2\/product\/92597\/revisions"}],"wp:featuredmedia":[{"embeddable":true,"href":"https:\/\/clair.si\/hr\/wp-json\/wp\/v2\/media\/92602"}],"wp:attachment":[{"href":"https:\/\/clair.si\/hr\/wp-json\/wp\/v2\/media?parent=92597"}],"wp:term":[{"taxonomy":"product_brand","embeddable":true,"href":"https:\/\/clair.si\/hr\/wp-json\/wp\/v2\/product_brand?post=92597"},{"taxonomy":"product_cat","embeddable":true,"href":"https:\/\/clair.si\/hr\/wp-json\/wp\/v2\/product_cat?post=92597"},{"taxonomy":"product_tag","embeddable":true,"href":"https:\/\/clair.si\/hr\/wp-json\/wp\/v2\/product_tag?post=92597"}],"curies":[{"name":"wp","href":"https:\/\/api.w.org\/{rel}","templated":true}]}}